{"id":72442,"date":"2019-03-04T12:47:34","date_gmt":"2019-03-04T11:47:34","guid":{"rendered":"https:\/\/endormoonstore.com\/captain-marvel-one-12-collective\/"},"modified":"2021-04-07T22:41:06","modified_gmt":"2021-04-07T20:41:06","slug":"captain-marvel-one-12-collective","status":"publish","type":"product","link":"https:\/\/endormoonstore.com\/en\/captain-marvel-one-12-collective\/","title":{"rendered":"Captain Marvel One:12 Collective"},"content":{"rendered":"<p><strong>Captain Marvel One:12 Collective Figura 16 cm<\/strong><\/p>\n<ul>\n<li>Mezco Toyz, dentro de su colecci\u00f3n de figuras The One:12 Collective presenta la figura de la Capitana Marvel.<\/li>\n<li>Basada en la nueva pel\u00edcula de Marvel &#8220;Capitana Marvel&#8221;, que se estren\u00f3 en cines.<\/li>\n<li>Esta figura con m\u00e1s de 30 puntos de articulaci\u00f3n de PVC, viste ropa y mide unos 16 cm.<\/li>\n<li>Incluye 3x cabezas intercambiables, una con la imagen de la actriz Brie Larson, y dos cabezas enmascaradas, una de ellas con ojos que brillan en la oscuridad.<\/li>\n<li>Tambi\u00e9n incluye 8x manos intercambiables, efectos de proyecci\u00f3n de energ\u00eda y su compa\u00f1ero de viaje y mascota, el gato Goose.<\/li>\n<li>La figura se presenta en un traje ajustado con una insignia de la estrella y una chaqueta extra\u00edble.<\/li>\n<li>Incluye una base soporte para su exposici\u00f3n.<\/li>\n<\/ul>\n<p>&nbsp;<\/p>\n<p>&nbsp;<\/p>\n","protected":false},"excerpt":{"rendered":"<p><strong>Captain Marvel One:12 Collective Figura 16 cm<\/strong><\/p>\n<p>Mezco Toyz, dentro de su colecci\u00f3n de figuras The One:12 Collective presenta la figura de la Capitana Marvel, basada en la nueva pel\u00edcula de Marvel &#8220;Capitana Marvel&#8221;, que se estren\u00f3 en cines.<\/p>\n","protected":false},"featured_media":72394,"template":"","meta":{"_acf_changed":false,"_kad_blocks_custom_css":"","_kad_blocks_head_custom_js":"","_kad_blocks_body_custom_js":"","_kad_blocks_footer_custom_js":""},"product_cat":[1390],"product_tag":[],"class_list":{"0":"post-72442","1":"product","2":"type-product","3":"status-publish","4":"has-post-thumbnail","6":"product_cat-figures","7":"pa_brand-mezco-toyz-en","8":"pa_character-captain-marvel","9":"pa_episode-captain-marvel","10":"pa_license-marvel-en","11":"pa_product-type-figure","12":"pa_theme-one12-collective-en","14":"first","15":"instock","16":"taxable","17":"shipping-taxable","18":"purchasable","19":"product-type-simple"},"acf":[],"yoast_head":"<!-- This site is optimized with the Yoast SEO plugin v26.1.1 - https:\/\/yoast.com\/wordpress\/plugins\/seo\/ -->\n<title>Captain Marvel One:12 Collective - EndormoonStore<\/title>\n<meta name=\"robots\" content=\"index, follow, max-snippet:-1, max-image-preview:large, max-video-preview:-1\" \/>\n<link rel=\"canonical\" href=\"https:\/\/endormoonstore.com\/en\/captain-marvel-one-12-collective\/\" \/>\n<meta property=\"og:locale\" content=\"en_US\" \/>\n<meta property=\"og:type\" content=\"article\" \/>\n<meta property=\"og:title\" content=\"Captain Marvel One:12 Collective - EndormoonStore\" \/>\n<meta property=\"og:description\" content=\"Captain Marvel One:12 Collective Figura 16 cm  Mezco Toyz, dentro de su colecci\u00f3n de figuras The One:12 Collective presenta la figura de la Capitana Marvel, basada en la nueva pel\u00edcula de Marvel &quot;Capitana Marvel&quot;, que se estren\u00f3 en cines.\" \/>\n<meta property=\"og:url\" content=\"https:\/\/endormoonstore.com\/en\/captain-marvel-one-12-collective\/\" \/>\n<meta property=\"og:site_name\" content=\"EndormoonStore\" \/>\n<meta property=\"article:modified_time\" content=\"2021-04-07T20:41:06+00:00\" \/>\n<meta property=\"og:image\" content=\"https:\/\/endormoonstore.com\/wp-content\/uploads\/2019\/03\/captain_marvel-1.jpg\" \/>\n\t<meta property=\"og:image:width\" content=\"800\" \/>\n\t<meta property=\"og:image:height\" content=\"800\" \/>\n\t<meta property=\"og:image:type\" content=\"image\/jpeg\" \/>\n<meta name=\"twitter:card\" content=\"summary_large_image\" \/>\n<meta name=\"twitter:label1\" content=\"Est. reading time\" \/>\n\t<meta name=\"twitter:data1\" content=\"1 minute\" \/>\n<script type=\"application\/ld+json\" class=\"yoast-schema-graph\">{\"@context\":\"https:\/\/schema.org\",\"@graph\":[{\"@type\":\"WebPage\",\"@id\":\"https:\/\/endormoonstore.com\/en\/captain-marvel-one-12-collective\/\",\"url\":\"https:\/\/endormoonstore.com\/en\/captain-marvel-one-12-collective\/\",\"name\":\"Captain Marvel One:12 Collective - EndormoonStore\",\"isPartOf\":{\"@id\":\"https:\/\/endormoonstore.com\/#website\"},\"primaryImageOfPage\":{\"@id\":\"https:\/\/endormoonstore.com\/en\/captain-marvel-one-12-collective\/#primaryimage\"},\"image\":{\"@id\":\"https:\/\/endormoonstore.com\/en\/captain-marvel-one-12-collective\/#primaryimage\"},\"thumbnailUrl\":\"https:\/\/endormoonstore.com\/wp-content\/uploads\/2019\/03\/captain_marvel-1.jpg\",\"datePublished\":\"2019-03-04T11:47:34+00:00\",\"dateModified\":\"2021-04-07T20:41:06+00:00\",\"breadcrumb\":{\"@id\":\"https:\/\/endormoonstore.com\/en\/captain-marvel-one-12-collective\/#breadcrumb\"},\"inLanguage\":\"en-US\",\"potentialAction\":[{\"@type\":\"ReadAction\",\"target\":[\"https:\/\/endormoonstore.com\/en\/captain-marvel-one-12-collective\/\"]}]},{\"@type\":\"ImageObject\",\"inLanguage\":\"en-US\",\"@id\":\"https:\/\/endormoonstore.com\/en\/captain-marvel-one-12-collective\/#primaryimage\",\"url\":\"https:\/\/endormoonstore.com\/wp-content\/uploads\/2019\/03\/captain_marvel-1.jpg\",\"contentUrl\":\"https:\/\/endormoonstore.com\/wp-content\/uploads\/2019\/03\/captain_marvel-1.jpg\",\"width\":800,\"height\":800},{\"@type\":\"BreadcrumbList\",\"@id\":\"https:\/\/endormoonstore.com\/en\/captain-marvel-one-12-collective\/#breadcrumb\",\"itemListElement\":[{\"@type\":\"ListItem\",\"position\":1,\"name\":\"Shop\",\"item\":\"https:\/\/endormoonstore.com\/en\/shop\/\"},{\"@type\":\"ListItem\",\"position\":2,\"name\":\"Captain Marvel One:12 Collective\"}]},{\"@type\":\"WebSite\",\"@id\":\"https:\/\/endormoonstore.com\/#website\",\"url\":\"https:\/\/endormoonstore.com\/\",\"name\":\"EndormoonStore\",\"description\":\"\",\"potentialAction\":[{\"@type\":\"SearchAction\",\"target\":{\"@type\":\"EntryPoint\",\"urlTemplate\":\"https:\/\/endormoonstore.com\/?s={search_term_string}\"},\"query-input\":{\"@type\":\"PropertyValueSpecification\",\"valueRequired\":true,\"valueName\":\"search_term_string\"}}],\"inLanguage\":\"en-US\"}]}<\/script>\n<!-- \/ Yoast SEO plugin. -->","yoast_head_json":{"title":"Captain Marvel One:12 Collective - EndormoonStore","robots":{"index":"index","follow":"follow","max-snippet":"max-snippet:-1","max-image-preview":"max-image-preview:large","max-video-preview":"max-video-preview:-1"},"canonical":"https:\/\/endormoonstore.com\/en\/captain-marvel-one-12-collective\/","og_locale":"en_US","og_type":"article","og_title":"Captain Marvel One:12 Collective - EndormoonStore","og_description":"Captain Marvel One:12 Collective Figura 16 cm  Mezco Toyz, dentro de su colecci\u00f3n de figuras The One:12 Collective presenta la figura de la Capitana Marvel, basada en la nueva pel\u00edcula de Marvel \"Capitana Marvel\", que se estren\u00f3 en cines.","og_url":"https:\/\/endormoonstore.com\/en\/captain-marvel-one-12-collective\/","og_site_name":"EndormoonStore","article_modified_time":"2021-04-07T20:41:06+00:00","og_image":[{"width":800,"height":800,"url":"https:\/\/endormoonstore.com\/wp-content\/uploads\/2019\/03\/captain_marvel-1.jpg","type":"image\/jpeg"}],"twitter_card":"summary_large_image","twitter_misc":{"Est. reading time":"1 minute"},"schema":{"@context":"https:\/\/schema.org","@graph":[{"@type":"WebPage","@id":"https:\/\/endormoonstore.com\/en\/captain-marvel-one-12-collective\/","url":"https:\/\/endormoonstore.com\/en\/captain-marvel-one-12-collective\/","name":"Captain Marvel One:12 Collective - EndormoonStore","isPartOf":{"@id":"https:\/\/endormoonstore.com\/#website"},"primaryImageOfPage":{"@id":"https:\/\/endormoonstore.com\/en\/captain-marvel-one-12-collective\/#primaryimage"},"image":{"@id":"https:\/\/endormoonstore.com\/en\/captain-marvel-one-12-collective\/#primaryimage"},"thumbnailUrl":"https:\/\/endormoonstore.com\/wp-content\/uploads\/2019\/03\/captain_marvel-1.jpg","datePublished":"2019-03-04T11:47:34+00:00","dateModified":"2021-04-07T20:41:06+00:00","breadcrumb":{"@id":"https:\/\/endormoonstore.com\/en\/captain-marvel-one-12-collective\/#breadcrumb"},"inLanguage":"en-US","potentialAction":[{"@type":"ReadAction","target":["https:\/\/endormoonstore.com\/en\/captain-marvel-one-12-collective\/"]}]},{"@type":"ImageObject","inLanguage":"en-US","@id":"https:\/\/endormoonstore.com\/en\/captain-marvel-one-12-collective\/#primaryimage","url":"https:\/\/endormoonstore.com\/wp-content\/uploads\/2019\/03\/captain_marvel-1.jpg","contentUrl":"https:\/\/endormoonstore.com\/wp-content\/uploads\/2019\/03\/captain_marvel-1.jpg","width":800,"height":800},{"@type":"BreadcrumbList","@id":"https:\/\/endormoonstore.com\/en\/captain-marvel-one-12-collective\/#breadcrumb","itemListElement":[{"@type":"ListItem","position":1,"name":"Shop","item":"https:\/\/endormoonstore.com\/en\/shop\/"},{"@type":"ListItem","position":2,"name":"Captain Marvel One:12 Collective"}]},{"@type":"WebSite","@id":"https:\/\/endormoonstore.com\/#website","url":"https:\/\/endormoonstore.com\/","name":"EndormoonStore","description":"","potentialAction":[{"@type":"SearchAction","target":{"@type":"EntryPoint","urlTemplate":"https:\/\/endormoonstore.com\/?s={search_term_string}"},"query-input":{"@type":"PropertyValueSpecification","valueRequired":true,"valueName":"search_term_string"}}],"inLanguage":"en-US"}]}},"taxonomy_info":{"product_cat":[{"value":1390,"label":"Figures"}],"pa_brand":[{"value":1638,"label":"Mezco Toyz"}],"pa_character":[{"value":5366,"label":"Captain Marvel"}],"pa_episode":[{"value":6083,"label":"Captain Marvel"}],"pa_license":[{"value":1642,"label":"Marvel"}],"pa_product-type":[{"value":2387,"label":"Figure"}],"pa_theme":[{"value":1885,"label":"One:12 Collective"}]},"featured_image_src_large":["https:\/\/endormoonstore.com\/wp-content\/uploads\/2019\/03\/captain_marvel-1.jpg",800,800,false],"author_info":[],"comment_info":"","_links":{"self":[{"href":"https:\/\/endormoonstore.com\/en\/wp-json\/wp\/v2\/product\/72442","targetHints":{"allow":["GET"]}}],"collection":[{"href":"https:\/\/endormoonstore.com\/en\/wp-json\/wp\/v2\/product"}],"about":[{"href":"https:\/\/endormoonstore.com\/en\/wp-json\/wp\/v2\/types\/product"}],"wp:featuredmedia":[{"embeddable":true,"href":"https:\/\/endormoonstore.com\/en\/wp-json\/wp\/v2\/media\/72394"}],"wp:attachment":[{"href":"https:\/\/endormoonstore.com\/en\/wp-json\/wp\/v2\/media?parent=72442"}],"wp:term":[{"taxonomy":"product_cat","embeddable":true,"href":"https:\/\/endormoonstore.com\/en\/wp-json\/wp\/v2\/product_cat?post=72442"},{"taxonomy":"product_tag","embeddable":true,"href":"https:\/\/endormoonstore.com\/en\/wp-json\/wp\/v2\/product_tag?post=72442"}],"curies":[{"name":"wp","href":"https:\/\/api.w.org\/{rel}","templated":true}]}}