{"id":71154,"date":"2019-02-11T20:48:42","date_gmt":"2019-02-11T19:48:42","guid":{"rendered":"https:\/\/endormoonstore.com\/warhammer-40-000-sector-mechanicus-tectonic-fragdrill\/"},"modified":"2021-07-31T19:27:03","modified_gmt":"2021-07-31T17:27:03","slug":"warhammer-40-000-sector-mechanicus-tectonic-fragdrill","status":"publish","type":"product","link":"https:\/\/endormoonstore.com\/en\/warhammer-40-000-sector-mechanicus-tectonic-fragdrill\/","title":{"rendered":"Warhammer 40.000 Sector Mechanicus Tectonic Fragdrill"},"content":{"rendered":"<p>Warhammer 40.000 Sector Mechanicus Tectonic Fragdrill<\/p>\n<p>Es habitual que los Genestealer Cults prosperen en mundos industriales. Cuando el culto se alza para derrocar a sus opresores, emplea toda clase de equipo industrial improvisado en su arsenal. Entre los ejemplos m\u00e1s grandes e impresionantes de ello est\u00e1 este Tectonic Fragdrill, una colosal maquinaria minera que suele hallarse en los Sectores Mechanicus y que puede provocar terremotos localizados.<\/p>\n<p>El Tectonic Fragdrill es una enorme pieza de escenograf\u00eda espec\u00edfica de los Genestealer Cults. Puedes usar el taladro gigantesco de diferentes formas en tus partidas. Permite retirar unidades de la mesa y redesplegarlas cerca del enemigo, y su inmenso poder tambi\u00e9n puede emplearse en causar temblores que frenan a las unidades cercanas, o un potente terremoto que puede fracturar el suelo en l\u00ednea recta a lo largo del campo de batalla, infligiendo heridas mortales a las unidades en su trayectoria.<\/p>\n<p>El Tectonic Fragdrill est\u00e1 dise\u00f1ado para encajar en la gama de escenograf\u00eda Sector Mechanicus, y cuenta con muchos de los mismos rasgos de dise\u00f1o y componentes. Los ra\u00edles que incluye tambi\u00e9n son compatibles con los del kit de Galvanic Servohauler.<\/p>\n<p>Este kit est\u00e1 compuesto por 63 piezas de pl\u00e1stico e incluye pasarelas, soportes, un suelo, chimeneas y el propio taladro.<\/p>\n<p>La hoja de datos del Tectonic Fragdrill se puede hallar en el C\u00f3dex: Genestealer Cults, as\u00ed como en la gu\u00eda de montaje incluida.<\/p>\n<p>&nbsp;<\/p>\n","protected":false},"excerpt":{"rendered":"<p>Warhammer 40.000 Sector Mechanicus Tectonic Fragdrill<\/p>\n<p>Es habitual que los Genestealer Cults prosperen en mundos industriales. Cuando el culto se alza para derrocar a sus opresores, emplea toda clase de equipo industrial improvisado en su arsenal. Entre los ejemplos m\u00e1s grandes e impresionantes de ello est\u00e1 este Tectonic Fragdrill, una colosal maquinaria minera que suele hallarse en los Sectores Mechanicus y que puede provocar terremotos localizados.<\/p>\n","protected":false},"featured_media":71118,"template":"","meta":{"_acf_changed":false,"_kad_blocks_custom_css":"","_kad_blocks_head_custom_js":"","_kad_blocks_body_custom_js":"","_kad_blocks_footer_custom_js":""},"product_cat":[14150],"product_tag":[],"class_list":{"0":"post-71154","1":"product","2":"type-product","3":"status-publish","4":"has-post-thumbnail","6":"product_cat-sin-categorizar","8":"first","9":"outofstock","10":"taxable","11":"shipping-taxable","12":"purchasable","13":"product-type-simple"},"acf":[],"yoast_head":"<!-- This site is optimized with the Yoast SEO plugin v26.1.1 - https:\/\/yoast.com\/wordpress\/plugins\/seo\/ -->\n<title>Warhammer 40.000 Sector Mechanicus Tectonic Fragdrill - EndormoonStore<\/title>\n<meta name=\"robots\" content=\"index, follow, max-snippet:-1, max-image-preview:large, max-video-preview:-1\" \/>\n<link rel=\"canonical\" href=\"https:\/\/endormoonstore.com\/en\/warhammer-40-000-sector-mechanicus-tectonic-fragdrill\/\" \/>\n<meta property=\"og:locale\" content=\"en_US\" \/>\n<meta property=\"og:type\" content=\"article\" \/>\n<meta property=\"og:title\" content=\"Warhammer 40.000 Sector Mechanicus Tectonic Fragdrill - EndormoonStore\" \/>\n<meta property=\"og:description\" content=\"Warhammer 40.000 Sector Mechanicus Tectonic Fragdrill  Es habitual que los Genestealer Cults prosperen en mundos industriales. Cuando el culto se alza para derrocar a sus opresores, emplea toda clase de equipo industrial improvisado en su arsenal. Entre los ejemplos m\u00e1s grandes e impresionantes de ello est\u00e1 este Tectonic Fragdrill, una colosal maquinaria minera que suele hallarse en los Sectores Mechanicus y que puede provocar terremotos localizados.\" \/>\n<meta property=\"og:url\" content=\"https:\/\/endormoonstore.com\/en\/warhammer-40-000-sector-mechanicus-tectonic-fragdrill\/\" \/>\n<meta property=\"og:site_name\" content=\"EndormoonStore\" \/>\n<meta property=\"article:modified_time\" content=\"2021-07-31T17:27:03+00:00\" \/>\n<meta property=\"og:image\" content=\"https:\/\/endormoonstore.com\/wp-content\/uploads\/2019\/02\/warhammer_40.000_sector_mechanicus_tectonic_fragdrill-1.jpg\" \/>\n\t<meta property=\"og:image:width\" content=\"920\" \/>\n\t<meta property=\"og:image:height\" content=\"950\" \/>\n\t<meta property=\"og:image:type\" content=\"image\/jpeg\" \/>\n<meta name=\"twitter:card\" content=\"summary_large_image\" \/>\n<meta name=\"twitter:label1\" content=\"Est. reading time\" \/>\n\t<meta name=\"twitter:data1\" content=\"2 minutes\" \/>\n<script type=\"application\/ld+json\" class=\"yoast-schema-graph\">{\"@context\":\"https:\/\/schema.org\",\"@graph\":[{\"@type\":\"WebPage\",\"@id\":\"https:\/\/endormoonstore.com\/en\/warhammer-40-000-sector-mechanicus-tectonic-fragdrill\/\",\"url\":\"https:\/\/endormoonstore.com\/en\/warhammer-40-000-sector-mechanicus-tectonic-fragdrill\/\",\"name\":\"Warhammer 40.000 Sector Mechanicus Tectonic Fragdrill - EndormoonStore\",\"isPartOf\":{\"@id\":\"https:\/\/endormoonstore.com\/#website\"},\"primaryImageOfPage\":{\"@id\":\"https:\/\/endormoonstore.com\/en\/warhammer-40-000-sector-mechanicus-tectonic-fragdrill\/#primaryimage\"},\"image\":{\"@id\":\"https:\/\/endormoonstore.com\/en\/warhammer-40-000-sector-mechanicus-tectonic-fragdrill\/#primaryimage\"},\"thumbnailUrl\":\"https:\/\/endormoonstore.com\/wp-content\/uploads\/2019\/02\/warhammer_40.000_sector_mechanicus_tectonic_fragdrill-1.jpg\",\"datePublished\":\"2019-02-11T19:48:42+00:00\",\"dateModified\":\"2021-07-31T17:27:03+00:00\",\"breadcrumb\":{\"@id\":\"https:\/\/endormoonstore.com\/en\/warhammer-40-000-sector-mechanicus-tectonic-fragdrill\/#breadcrumb\"},\"inLanguage\":\"en-US\",\"potentialAction\":[{\"@type\":\"ReadAction\",\"target\":[\"https:\/\/endormoonstore.com\/en\/warhammer-40-000-sector-mechanicus-tectonic-fragdrill\/\"]}]},{\"@type\":\"ImageObject\",\"inLanguage\":\"en-US\",\"@id\":\"https:\/\/endormoonstore.com\/en\/warhammer-40-000-sector-mechanicus-tectonic-fragdrill\/#primaryimage\",\"url\":\"https:\/\/endormoonstore.com\/wp-content\/uploads\/2019\/02\/warhammer_40.000_sector_mechanicus_tectonic_fragdrill-1.jpg\",\"contentUrl\":\"https:\/\/endormoonstore.com\/wp-content\/uploads\/2019\/02\/warhammer_40.000_sector_mechanicus_tectonic_fragdrill-1.jpg\",\"width\":920,\"height\":950},{\"@type\":\"BreadcrumbList\",\"@id\":\"https:\/\/endormoonstore.com\/en\/warhammer-40-000-sector-mechanicus-tectonic-fragdrill\/#breadcrumb\",\"itemListElement\":[{\"@type\":\"ListItem\",\"position\":1,\"name\":\"Shop\",\"item\":\"https:\/\/endormoonstore.com\/en\/shop\/\"},{\"@type\":\"ListItem\",\"position\":2,\"name\":\"Warhammer 40.000 Sector Mechanicus Tectonic Fragdrill\"}]},{\"@type\":\"WebSite\",\"@id\":\"https:\/\/endormoonstore.com\/#website\",\"url\":\"https:\/\/endormoonstore.com\/\",\"name\":\"EndormoonStore\",\"description\":\"\",\"potentialAction\":[{\"@type\":\"SearchAction\",\"target\":{\"@type\":\"EntryPoint\",\"urlTemplate\":\"https:\/\/endormoonstore.com\/?s={search_term_string}\"},\"query-input\":{\"@type\":\"PropertyValueSpecification\",\"valueRequired\":true,\"valueName\":\"search_term_string\"}}],\"inLanguage\":\"en-US\"}]}<\/script>\n<!-- \/ Yoast SEO plugin. -->","yoast_head_json":{"title":"Warhammer 40.000 Sector Mechanicus Tectonic Fragdrill - EndormoonStore","robots":{"index":"index","follow":"follow","max-snippet":"max-snippet:-1","max-image-preview":"max-image-preview:large","max-video-preview":"max-video-preview:-1"},"canonical":"https:\/\/endormoonstore.com\/en\/warhammer-40-000-sector-mechanicus-tectonic-fragdrill\/","og_locale":"en_US","og_type":"article","og_title":"Warhammer 40.000 Sector Mechanicus Tectonic Fragdrill - EndormoonStore","og_description":"Warhammer 40.000 Sector Mechanicus Tectonic Fragdrill  Es habitual que los Genestealer Cults prosperen en mundos industriales. Cuando el culto se alza para derrocar a sus opresores, emplea toda clase de equipo industrial improvisado en su arsenal. Entre los ejemplos m\u00e1s grandes e impresionantes de ello est\u00e1 este Tectonic Fragdrill, una colosal maquinaria minera que suele hallarse en los Sectores Mechanicus y que puede provocar terremotos localizados.","og_url":"https:\/\/endormoonstore.com\/en\/warhammer-40-000-sector-mechanicus-tectonic-fragdrill\/","og_site_name":"EndormoonStore","article_modified_time":"2021-07-31T17:27:03+00:00","og_image":[{"width":920,"height":950,"url":"https:\/\/endormoonstore.com\/wp-content\/uploads\/2019\/02\/warhammer_40.000_sector_mechanicus_tectonic_fragdrill-1.jpg","type":"image\/jpeg"}],"twitter_card":"summary_large_image","twitter_misc":{"Est. reading time":"2 minutes"},"schema":{"@context":"https:\/\/schema.org","@graph":[{"@type":"WebPage","@id":"https:\/\/endormoonstore.com\/en\/warhammer-40-000-sector-mechanicus-tectonic-fragdrill\/","url":"https:\/\/endormoonstore.com\/en\/warhammer-40-000-sector-mechanicus-tectonic-fragdrill\/","name":"Warhammer 40.000 Sector Mechanicus Tectonic Fragdrill - EndormoonStore","isPartOf":{"@id":"https:\/\/endormoonstore.com\/#website"},"primaryImageOfPage":{"@id":"https:\/\/endormoonstore.com\/en\/warhammer-40-000-sector-mechanicus-tectonic-fragdrill\/#primaryimage"},"image":{"@id":"https:\/\/endormoonstore.com\/en\/warhammer-40-000-sector-mechanicus-tectonic-fragdrill\/#primaryimage"},"thumbnailUrl":"https:\/\/endormoonstore.com\/wp-content\/uploads\/2019\/02\/warhammer_40.000_sector_mechanicus_tectonic_fragdrill-1.jpg","datePublished":"2019-02-11T19:48:42+00:00","dateModified":"2021-07-31T17:27:03+00:00","breadcrumb":{"@id":"https:\/\/endormoonstore.com\/en\/warhammer-40-000-sector-mechanicus-tectonic-fragdrill\/#breadcrumb"},"inLanguage":"en-US","potentialAction":[{"@type":"ReadAction","target":["https:\/\/endormoonstore.com\/en\/warhammer-40-000-sector-mechanicus-tectonic-fragdrill\/"]}]},{"@type":"ImageObject","inLanguage":"en-US","@id":"https:\/\/endormoonstore.com\/en\/warhammer-40-000-sector-mechanicus-tectonic-fragdrill\/#primaryimage","url":"https:\/\/endormoonstore.com\/wp-content\/uploads\/2019\/02\/warhammer_40.000_sector_mechanicus_tectonic_fragdrill-1.jpg","contentUrl":"https:\/\/endormoonstore.com\/wp-content\/uploads\/2019\/02\/warhammer_40.000_sector_mechanicus_tectonic_fragdrill-1.jpg","width":920,"height":950},{"@type":"BreadcrumbList","@id":"https:\/\/endormoonstore.com\/en\/warhammer-40-000-sector-mechanicus-tectonic-fragdrill\/#breadcrumb","itemListElement":[{"@type":"ListItem","position":1,"name":"Shop","item":"https:\/\/endormoonstore.com\/en\/shop\/"},{"@type":"ListItem","position":2,"name":"Warhammer 40.000 Sector Mechanicus Tectonic Fragdrill"}]},{"@type":"WebSite","@id":"https:\/\/endormoonstore.com\/#website","url":"https:\/\/endormoonstore.com\/","name":"EndormoonStore","description":"","potentialAction":[{"@type":"SearchAction","target":{"@type":"EntryPoint","urlTemplate":"https:\/\/endormoonstore.com\/?s={search_term_string}"},"query-input":{"@type":"PropertyValueSpecification","valueRequired":true,"valueName":"search_term_string"}}],"inLanguage":"en-US"}]}},"taxonomy_info":{"product_cat":[{"value":14150,"label":"Sin categorizar"}]},"featured_image_src_large":["https:\/\/endormoonstore.com\/wp-content\/uploads\/2019\/02\/warhammer_40.000_sector_mechanicus_tectonic_fragdrill-1.jpg",920,950,false],"author_info":[],"comment_info":"","_links":{"self":[{"href":"https:\/\/endormoonstore.com\/en\/wp-json\/wp\/v2\/product\/71154","targetHints":{"allow":["GET"]}}],"collection":[{"href":"https:\/\/endormoonstore.com\/en\/wp-json\/wp\/v2\/product"}],"about":[{"href":"https:\/\/endormoonstore.com\/en\/wp-json\/wp\/v2\/types\/product"}],"wp:featuredmedia":[{"embeddable":true,"href":"https:\/\/endormoonstore.com\/en\/wp-json\/wp\/v2\/media\/71118"}],"wp:attachment":[{"href":"https:\/\/endormoonstore.com\/en\/wp-json\/wp\/v2\/media?parent=71154"}],"wp:term":[{"taxonomy":"product_cat","embeddable":true,"href":"https:\/\/endormoonstore.com\/en\/wp-json\/wp\/v2\/product_cat?post=71154"},{"taxonomy":"product_tag","embeddable":true,"href":"https:\/\/endormoonstore.com\/en\/wp-json\/wp\/v2\/product_tag?post=71154"}],"curies":[{"name":"wp","href":"https:\/\/api.w.org\/{rel}","templated":true}]}}