{"id":65938,"date":"2018-10-22T11:56:29","date_gmt":"2018-10-22T09:56:29","guid":{"rendered":"https:\/\/endormoonstore.com\/predator-2-figma-action-figure-takayuki-takeya-ver\/"},"modified":"2024-12-01T00:00:42","modified_gmt":"2024-11-30T23:00:42","slug":"predator-2-figma-action-figure-takayuki-takeya-ver","status":"publish","type":"product","link":"https:\/\/endormoonstore.com\/en\/predator-2-figma-action-figure-takayuki-takeya-ver\/","title":{"rendered":"Predator 2 Figma Action Figure Takayuki Takeya Ver"},"content":{"rendered":"<p><strong>Predator 2 Figma Action Figure\u00a0 Predator Takayuki Takeya Ver Figura 16 cm<\/strong><\/p>\n<ul>\n<li>Good Smile Company lanza esta figura de Predator dise\u00f1ada por el escultor Takayuki Takeya, para la colecci\u00f3n Figma, basada en la pel\u00edcula de terror y ciencia ficci\u00f3n &#8220;Predator 2&#8221;.<\/li>\n<li>La figura viene con dos expresiones, la Bio-M\u00e1scara de Predator, dos mu\u00f1equeras de diferente longitud as\u00ed como el Smart Disc abierto y cerrado.<\/li>\n<li>Se incluye tambi\u00e9n una lanza extensible y una daga ceremonial, as\u00ed como una postal con la ilustraci\u00f3n de dise\u00f1o original de Takayuki Takeya con la figura.<\/li>\n<li>Esta figura mide unos 16 cm de alto y est\u00e1 hecha en PVC.<\/li>\n<li>Incluye base soporte para exposici\u00f3n.<\/li>\n<\/ul>\n<p>&nbsp;<\/p>\n<p>&nbsp;<\/p>\n","protected":false},"excerpt":{"rendered":"<p><strong>Predator 2 Figma Action Figure\u00a0 Predator Takayuki Takeya Ver Figura 16 cm<\/strong><\/p>\n<p>Good Smile Company lanza esta figura de Predator dise\u00f1ada por el escultor Takayuki Takeya, para la colecci\u00f3n Figma, basada en la pel\u00edcula de terror y ciencia ficci\u00f3n &#8220;Predator 2&#8221;.<\/p>\n","protected":false},"featured_media":65910,"template":"","meta":{"_acf_changed":false,"_kad_blocks_custom_css":"","_kad_blocks_head_custom_js":"","_kad_blocks_body_custom_js":"","_kad_blocks_footer_custom_js":""},"product_cat":[1390],"product_tag":[],"class_list":{"0":"post-65938","1":"product","2":"type-product","3":"status-publish","4":"has-post-thumbnail","6":"product_cat-figures","7":"pa_brand-good-smile-company-en","8":"pa_character-predator-en","9":"pa_license-predator-en","10":"pa_product-type-figure","11":"pa_theme-figma-en","13":"first","14":"instock","15":"sale","16":"taxable","17":"shipping-taxable","18":"purchasable","19":"product-type-simple"},"acf":[],"yoast_head":"<!-- This site is optimized with the Yoast SEO plugin v26.1.1 - https:\/\/yoast.com\/wordpress\/plugins\/seo\/ -->\n<title>Predator 2 Figma Action Figure Takayuki Takeya Ver - EndormoonStore<\/title>\n<meta name=\"robots\" content=\"index, follow, max-snippet:-1, max-image-preview:large, max-video-preview:-1\" \/>\n<link rel=\"canonical\" href=\"https:\/\/endormoonstore.com\/en\/predator-2-figma-action-figure-takayuki-takeya-ver\/\" \/>\n<meta property=\"og:locale\" content=\"en_US\" \/>\n<meta property=\"og:type\" content=\"article\" \/>\n<meta property=\"og:title\" content=\"Predator 2 Figma Action Figure Takayuki Takeya Ver - EndormoonStore\" \/>\n<meta property=\"og:description\" content=\"Predator 2 Figma Action Figure\u00a0 Predator Takayuki Takeya Ver Figura 16 cm  Good Smile Company lanza esta figura de Predator dise\u00f1ada por el escultor Takayuki Takeya, para la colecci\u00f3n Figma, basada en la pel\u00edcula de terror y ciencia ficci\u00f3n &quot;Predator 2&quot;.\" \/>\n<meta property=\"og:url\" content=\"https:\/\/endormoonstore.com\/en\/predator-2-figma-action-figure-takayuki-takeya-ver\/\" \/>\n<meta property=\"og:site_name\" content=\"EndormoonStore\" \/>\n<meta property=\"article:modified_time\" content=\"2024-11-30T23:00:42+00:00\" \/>\n<meta property=\"og:image\" content=\"https:\/\/endormoonstore.com\/wp-content\/uploads\/2018\/10\/redator_version_takayuki_takeya_figura_16_cm_predator_2_figma-1.jpg\" \/>\n\t<meta property=\"og:image:width\" content=\"550\" \/>\n\t<meta property=\"og:image:height\" content=\"800\" \/>\n\t<meta property=\"og:image:type\" content=\"image\/jpeg\" \/>\n<meta name=\"twitter:card\" content=\"summary_large_image\" \/>\n<meta name=\"twitter:label1\" content=\"Est. reading time\" \/>\n\t<meta name=\"twitter:data1\" content=\"1 minute\" \/>\n<script type=\"application\/ld+json\" class=\"yoast-schema-graph\">{\"@context\":\"https:\/\/schema.org\",\"@graph\":[{\"@type\":\"WebPage\",\"@id\":\"https:\/\/endormoonstore.com\/en\/predator-2-figma-action-figure-takayuki-takeya-ver\/\",\"url\":\"https:\/\/endormoonstore.com\/en\/predator-2-figma-action-figure-takayuki-takeya-ver\/\",\"name\":\"Predator 2 Figma Action Figure Takayuki Takeya Ver - EndormoonStore\",\"isPartOf\":{\"@id\":\"https:\/\/endormoonstore.com\/#website\"},\"primaryImageOfPage\":{\"@id\":\"https:\/\/endormoonstore.com\/en\/predator-2-figma-action-figure-takayuki-takeya-ver\/#primaryimage\"},\"image\":{\"@id\":\"https:\/\/endormoonstore.com\/en\/predator-2-figma-action-figure-takayuki-takeya-ver\/#primaryimage\"},\"thumbnailUrl\":\"https:\/\/endormoonstore.com\/wp-content\/uploads\/2018\/10\/redator_version_takayuki_takeya_figura_16_cm_predator_2_figma-1.jpg\",\"datePublished\":\"2018-10-22T09:56:29+00:00\",\"dateModified\":\"2024-11-30T23:00:42+00:00\",\"breadcrumb\":{\"@id\":\"https:\/\/endormoonstore.com\/en\/predator-2-figma-action-figure-takayuki-takeya-ver\/#breadcrumb\"},\"inLanguage\":\"en-US\",\"potentialAction\":[{\"@type\":\"ReadAction\",\"target\":[\"https:\/\/endormoonstore.com\/en\/predator-2-figma-action-figure-takayuki-takeya-ver\/\"]}]},{\"@type\":\"ImageObject\",\"inLanguage\":\"en-US\",\"@id\":\"https:\/\/endormoonstore.com\/en\/predator-2-figma-action-figure-takayuki-takeya-ver\/#primaryimage\",\"url\":\"https:\/\/endormoonstore.com\/wp-content\/uploads\/2018\/10\/redator_version_takayuki_takeya_figura_16_cm_predator_2_figma-1.jpg\",\"contentUrl\":\"https:\/\/endormoonstore.com\/wp-content\/uploads\/2018\/10\/redator_version_takayuki_takeya_figura_16_cm_predator_2_figma-1.jpg\",\"width\":550,\"height\":800},{\"@type\":\"BreadcrumbList\",\"@id\":\"https:\/\/endormoonstore.com\/en\/predator-2-figma-action-figure-takayuki-takeya-ver\/#breadcrumb\",\"itemListElement\":[{\"@type\":\"ListItem\",\"position\":1,\"name\":\"Shop\",\"item\":\"https:\/\/endormoonstore.com\/en\/shop\/\"},{\"@type\":\"ListItem\",\"position\":2,\"name\":\"Predator 2 Figma Action Figure Takayuki Takeya Ver\"}]},{\"@type\":\"WebSite\",\"@id\":\"https:\/\/endormoonstore.com\/#website\",\"url\":\"https:\/\/endormoonstore.com\/\",\"name\":\"EndormoonStore\",\"description\":\"\",\"potentialAction\":[{\"@type\":\"SearchAction\",\"target\":{\"@type\":\"EntryPoint\",\"urlTemplate\":\"https:\/\/endormoonstore.com\/?s={search_term_string}\"},\"query-input\":{\"@type\":\"PropertyValueSpecification\",\"valueRequired\":true,\"valueName\":\"search_term_string\"}}],\"inLanguage\":\"en-US\"}]}<\/script>\n<!-- \/ Yoast SEO plugin. -->","yoast_head_json":{"title":"Predator 2 Figma Action Figure Takayuki Takeya Ver - EndormoonStore","robots":{"index":"index","follow":"follow","max-snippet":"max-snippet:-1","max-image-preview":"max-image-preview:large","max-video-preview":"max-video-preview:-1"},"canonical":"https:\/\/endormoonstore.com\/en\/predator-2-figma-action-figure-takayuki-takeya-ver\/","og_locale":"en_US","og_type":"article","og_title":"Predator 2 Figma Action Figure Takayuki Takeya Ver - EndormoonStore","og_description":"Predator 2 Figma Action Figure\u00a0 Predator Takayuki Takeya Ver Figura 16 cm  Good Smile Company lanza esta figura de Predator dise\u00f1ada por el escultor Takayuki Takeya, para la colecci\u00f3n Figma, basada en la pel\u00edcula de terror y ciencia ficci\u00f3n \"Predator 2\".","og_url":"https:\/\/endormoonstore.com\/en\/predator-2-figma-action-figure-takayuki-takeya-ver\/","og_site_name":"EndormoonStore","article_modified_time":"2024-11-30T23:00:42+00:00","og_image":[{"width":550,"height":800,"url":"https:\/\/endormoonstore.com\/wp-content\/uploads\/2018\/10\/redator_version_takayuki_takeya_figura_16_cm_predator_2_figma-1.jpg","type":"image\/jpeg"}],"twitter_card":"summary_large_image","twitter_misc":{"Est. reading time":"1 minute"},"schema":{"@context":"https:\/\/schema.org","@graph":[{"@type":"WebPage","@id":"https:\/\/endormoonstore.com\/en\/predator-2-figma-action-figure-takayuki-takeya-ver\/","url":"https:\/\/endormoonstore.com\/en\/predator-2-figma-action-figure-takayuki-takeya-ver\/","name":"Predator 2 Figma Action Figure Takayuki Takeya Ver - EndormoonStore","isPartOf":{"@id":"https:\/\/endormoonstore.com\/#website"},"primaryImageOfPage":{"@id":"https:\/\/endormoonstore.com\/en\/predator-2-figma-action-figure-takayuki-takeya-ver\/#primaryimage"},"image":{"@id":"https:\/\/endormoonstore.com\/en\/predator-2-figma-action-figure-takayuki-takeya-ver\/#primaryimage"},"thumbnailUrl":"https:\/\/endormoonstore.com\/wp-content\/uploads\/2018\/10\/redator_version_takayuki_takeya_figura_16_cm_predator_2_figma-1.jpg","datePublished":"2018-10-22T09:56:29+00:00","dateModified":"2024-11-30T23:00:42+00:00","breadcrumb":{"@id":"https:\/\/endormoonstore.com\/en\/predator-2-figma-action-figure-takayuki-takeya-ver\/#breadcrumb"},"inLanguage":"en-US","potentialAction":[{"@type":"ReadAction","target":["https:\/\/endormoonstore.com\/en\/predator-2-figma-action-figure-takayuki-takeya-ver\/"]}]},{"@type":"ImageObject","inLanguage":"en-US","@id":"https:\/\/endormoonstore.com\/en\/predator-2-figma-action-figure-takayuki-takeya-ver\/#primaryimage","url":"https:\/\/endormoonstore.com\/wp-content\/uploads\/2018\/10\/redator_version_takayuki_takeya_figura_16_cm_predator_2_figma-1.jpg","contentUrl":"https:\/\/endormoonstore.com\/wp-content\/uploads\/2018\/10\/redator_version_takayuki_takeya_figura_16_cm_predator_2_figma-1.jpg","width":550,"height":800},{"@type":"BreadcrumbList","@id":"https:\/\/endormoonstore.com\/en\/predator-2-figma-action-figure-takayuki-takeya-ver\/#breadcrumb","itemListElement":[{"@type":"ListItem","position":1,"name":"Shop","item":"https:\/\/endormoonstore.com\/en\/shop\/"},{"@type":"ListItem","position":2,"name":"Predator 2 Figma Action Figure Takayuki Takeya Ver"}]},{"@type":"WebSite","@id":"https:\/\/endormoonstore.com\/#website","url":"https:\/\/endormoonstore.com\/","name":"EndormoonStore","description":"","potentialAction":[{"@type":"SearchAction","target":{"@type":"EntryPoint","urlTemplate":"https:\/\/endormoonstore.com\/?s={search_term_string}"},"query-input":{"@type":"PropertyValueSpecification","valueRequired":true,"valueName":"search_term_string"}}],"inLanguage":"en-US"}]}},"taxonomy_info":{"product_cat":[{"value":1390,"label":"Figures"}],"pa_brand":[{"value":2081,"label":"Good Smile Company"}],"pa_character":[{"value":2705,"label":"Predator"}],"pa_license":[{"value":2711,"label":"Predator"}],"pa_product-type":[{"value":2387,"label":"Figure"}],"pa_theme":[{"value":1819,"label":"Figma"}]},"featured_image_src_large":["https:\/\/endormoonstore.com\/wp-content\/uploads\/2018\/10\/redator_version_takayuki_takeya_figura_16_cm_predator_2_figma-1.jpg",550,800,false],"author_info":[],"comment_info":"","_links":{"self":[{"href":"https:\/\/endormoonstore.com\/en\/wp-json\/wp\/v2\/product\/65938","targetHints":{"allow":["GET"]}}],"collection":[{"href":"https:\/\/endormoonstore.com\/en\/wp-json\/wp\/v2\/product"}],"about":[{"href":"https:\/\/endormoonstore.com\/en\/wp-json\/wp\/v2\/types\/product"}],"wp:featuredmedia":[{"embeddable":true,"href":"https:\/\/endormoonstore.com\/en\/wp-json\/wp\/v2\/media\/65910"}],"wp:attachment":[{"href":"https:\/\/endormoonstore.com\/en\/wp-json\/wp\/v2\/media?parent=65938"}],"wp:term":[{"taxonomy":"product_cat","embeddable":true,"href":"https:\/\/endormoonstore.com\/en\/wp-json\/wp\/v2\/product_cat?post=65938"},{"taxonomy":"product_tag","embeddable":true,"href":"https:\/\/endormoonstore.com\/en\/wp-json\/wp\/v2\/product_tag?post=65938"}],"curies":[{"name":"wp","href":"https:\/\/api.w.org\/{rel}","templated":true}]}}