{"id":65742,"date":"2018-10-17T19:17:55","date_gmt":"2018-10-17T17:17:55","guid":{"rendered":"https:\/\/endormoonstore.com\/hermione-granger-figura-12-cm-harry-potter-and-the-philosopher-s-stone-s-h-figuarts\/"},"modified":"2021-04-04T11:44:54","modified_gmt":"2021-04-04T09:44:54","slug":"hermione-granger-harry-potter-and-the-philosophers-stone-s-h-figuarts","status":"publish","type":"product","link":"https:\/\/endormoonstore.com\/en\/hermione-granger-harry-potter-and-the-philosophers-stone-s-h-figuarts\/","title":{"rendered":"Hermione Granger Harry Potter and The Philosopher\u00b4s Stone S.H Figuarts"},"content":{"rendered":"<p><strong>Hermione Granger Harry Potter and The Philosopher\u00b4s Stone S.H Figuarts Figura 12 cm<\/strong><\/p>\n<ul>\n<li>Tamashii Nations presenta la figura de Hermione Granger para la l\u00ednea S.H. Figuarts en la versi\u00f3n del personaje en la pel\u00edcula &#8220;Harry Potter y la Piedra Filosofal&#8221;.<\/li>\n<li>Se trata de una figura articulada hecha en PVC que incluye adem\u00e1s un bolso de mano, su varita, una pluma, un libro de magia y la Piedra Filosofal.<\/li>\n<li>Adem\u00e1s viene con 2x caras y 3x pares de manos opcionales, piernas alternativas y pieza de t\u00fanica para adaptarse para montar en su escoba.<\/li>\n<\/ul>\n<p>&nbsp;<\/p>\n<p>&nbsp;<\/p>\n","protected":false},"excerpt":{"rendered":"<p><strong>Hermione Granger Harry Potter and The Philosopher\u00b4s Stone S.H Figuarts Figura 12 cm<\/strong><\/p>\n<p>Tamashii Nations presenta la figura de Hermione Granger para la l\u00ednea S.H. Figuarts en la versi\u00f3n del personaje en la pel\u00edcula &#8220;Harry Potter y la Piedra Filosofal&#8221;.<\/p>\n","protected":false},"featured_media":65726,"template":"","meta":{"_acf_changed":false,"_kad_blocks_custom_css":"","_kad_blocks_head_custom_js":"","_kad_blocks_body_custom_js":"","_kad_blocks_footer_custom_js":""},"product_cat":[1390],"product_tag":[],"class_list":{"0":"post-65742","1":"product","2":"type-product","3":"status-publish","4":"has-post-thumbnail","6":"product_cat-figures","7":"pa_brand-tamashii-nations-en","8":"pa_character-hermione-granger-en","9":"pa_license-harry-potter-en","10":"pa_product-type-figure","11":"pa_theme-s-h-figuarts-en","13":"first","14":"outofstock","15":"taxable","16":"shipping-taxable","17":"purchasable","18":"product-type-simple"},"acf":[],"yoast_head":"<!-- This site is optimized with the Yoast SEO plugin v26.1.1 - https:\/\/yoast.com\/wordpress\/plugins\/seo\/ -->\n<title>Hermione Granger Harry Potter and The Philosopher\u00b4s Stone S.H Figuarts - EndormoonStore<\/title>\n<meta name=\"robots\" content=\"index, follow, max-snippet:-1, max-image-preview:large, max-video-preview:-1\" \/>\n<link rel=\"canonical\" href=\"https:\/\/endormoonstore.com\/en\/hermione-granger-harry-potter-and-the-philosophers-stone-s-h-figuarts\/\" \/>\n<meta property=\"og:locale\" content=\"en_US\" \/>\n<meta property=\"og:type\" content=\"article\" \/>\n<meta property=\"og:title\" content=\"Hermione Granger Harry Potter and The Philosopher\u00b4s Stone S.H Figuarts - EndormoonStore\" \/>\n<meta property=\"og:description\" content=\"Hermione Granger Harry Potter and The Philosopher\u00b4s Stone S.H Figuarts Figura 12 cm  Tamashii Nations presenta la figura de Hermione Granger para la l\u00ednea S.H. Figuarts en la versi\u00f3n del personaje en la pel\u00edcula &quot;Harry Potter y la Piedra Filosofal&quot;.\" \/>\n<meta property=\"og:url\" content=\"https:\/\/endormoonstore.com\/en\/hermione-granger-harry-potter-and-the-philosophers-stone-s-h-figuarts\/\" \/>\n<meta property=\"og:site_name\" content=\"EndormoonStore\" \/>\n<meta property=\"article:modified_time\" content=\"2021-04-04T09:44:54+00:00\" \/>\n<meta property=\"og:image\" content=\"https:\/\/endormoonstore.com\/wp-content\/uploads\/2018\/10\/hermione_granger_figura_12_cm_harry_potter_and_the_philosopher_s_stone_sh_figuarts_-2.jpg\" \/>\n\t<meta property=\"og:image:width\" content=\"1144\" \/>\n\t<meta property=\"og:image:height\" content=\"1600\" \/>\n\t<meta property=\"og:image:type\" content=\"image\/jpeg\" \/>\n<meta name=\"twitter:card\" content=\"summary_large_image\" \/>\n<meta name=\"twitter:label1\" content=\"Est. reading time\" \/>\n\t<meta name=\"twitter:data1\" content=\"1 minute\" \/>\n<script type=\"application\/ld+json\" class=\"yoast-schema-graph\">{\"@context\":\"https:\/\/schema.org\",\"@graph\":[{\"@type\":\"WebPage\",\"@id\":\"https:\/\/endormoonstore.com\/en\/hermione-granger-harry-potter-and-the-philosophers-stone-s-h-figuarts\/\",\"url\":\"https:\/\/endormoonstore.com\/en\/hermione-granger-harry-potter-and-the-philosophers-stone-s-h-figuarts\/\",\"name\":\"Hermione Granger Harry Potter and The Philosopher\u00b4s Stone S.H Figuarts - EndormoonStore\",\"isPartOf\":{\"@id\":\"https:\/\/endormoonstore.com\/#website\"},\"primaryImageOfPage\":{\"@id\":\"https:\/\/endormoonstore.com\/en\/hermione-granger-harry-potter-and-the-philosophers-stone-s-h-figuarts\/#primaryimage\"},\"image\":{\"@id\":\"https:\/\/endormoonstore.com\/en\/hermione-granger-harry-potter-and-the-philosophers-stone-s-h-figuarts\/#primaryimage\"},\"thumbnailUrl\":\"https:\/\/endormoonstore.com\/wp-content\/uploads\/2018\/10\/hermione_granger_figura_12_cm_harry_potter_and_the_philosopher_s_stone_sh_figuarts_-2.jpg\",\"datePublished\":\"2018-10-17T17:17:55+00:00\",\"dateModified\":\"2021-04-04T09:44:54+00:00\",\"breadcrumb\":{\"@id\":\"https:\/\/endormoonstore.com\/en\/hermione-granger-harry-potter-and-the-philosophers-stone-s-h-figuarts\/#breadcrumb\"},\"inLanguage\":\"en-US\",\"potentialAction\":[{\"@type\":\"ReadAction\",\"target\":[\"https:\/\/endormoonstore.com\/en\/hermione-granger-harry-potter-and-the-philosophers-stone-s-h-figuarts\/\"]}]},{\"@type\":\"ImageObject\",\"inLanguage\":\"en-US\",\"@id\":\"https:\/\/endormoonstore.com\/en\/hermione-granger-harry-potter-and-the-philosophers-stone-s-h-figuarts\/#primaryimage\",\"url\":\"https:\/\/endormoonstore.com\/wp-content\/uploads\/2018\/10\/hermione_granger_figura_12_cm_harry_potter_and_the_philosopher_s_stone_sh_figuarts_-2.jpg\",\"contentUrl\":\"https:\/\/endormoonstore.com\/wp-content\/uploads\/2018\/10\/hermione_granger_figura_12_cm_harry_potter_and_the_philosopher_s_stone_sh_figuarts_-2.jpg\",\"width\":1144,\"height\":1600},{\"@type\":\"BreadcrumbList\",\"@id\":\"https:\/\/endormoonstore.com\/en\/hermione-granger-harry-potter-and-the-philosophers-stone-s-h-figuarts\/#breadcrumb\",\"itemListElement\":[{\"@type\":\"ListItem\",\"position\":1,\"name\":\"Shop\",\"item\":\"https:\/\/endormoonstore.com\/en\/shop\/\"},{\"@type\":\"ListItem\",\"position\":2,\"name\":\"Hermione Granger Harry Potter and The Philosopher\u00b4s Stone S.H Figuarts\"}]},{\"@type\":\"WebSite\",\"@id\":\"https:\/\/endormoonstore.com\/#website\",\"url\":\"https:\/\/endormoonstore.com\/\",\"name\":\"EndormoonStore\",\"description\":\"\",\"potentialAction\":[{\"@type\":\"SearchAction\",\"target\":{\"@type\":\"EntryPoint\",\"urlTemplate\":\"https:\/\/endormoonstore.com\/?s={search_term_string}\"},\"query-input\":{\"@type\":\"PropertyValueSpecification\",\"valueRequired\":true,\"valueName\":\"search_term_string\"}}],\"inLanguage\":\"en-US\"}]}<\/script>\n<!-- \/ Yoast SEO plugin. -->","yoast_head_json":{"title":"Hermione Granger Harry Potter and The Philosopher\u00b4s Stone S.H Figuarts - EndormoonStore","robots":{"index":"index","follow":"follow","max-snippet":"max-snippet:-1","max-image-preview":"max-image-preview:large","max-video-preview":"max-video-preview:-1"},"canonical":"https:\/\/endormoonstore.com\/en\/hermione-granger-harry-potter-and-the-philosophers-stone-s-h-figuarts\/","og_locale":"en_US","og_type":"article","og_title":"Hermione Granger Harry Potter and The Philosopher\u00b4s Stone S.H Figuarts - EndormoonStore","og_description":"Hermione Granger Harry Potter and The Philosopher\u00b4s Stone S.H Figuarts Figura 12 cm  Tamashii Nations presenta la figura de Hermione Granger para la l\u00ednea S.H. Figuarts en la versi\u00f3n del personaje en la pel\u00edcula \"Harry Potter y la Piedra Filosofal\".","og_url":"https:\/\/endormoonstore.com\/en\/hermione-granger-harry-potter-and-the-philosophers-stone-s-h-figuarts\/","og_site_name":"EndormoonStore","article_modified_time":"2021-04-04T09:44:54+00:00","og_image":[{"width":1144,"height":1600,"url":"https:\/\/endormoonstore.com\/wp-content\/uploads\/2018\/10\/hermione_granger_figura_12_cm_harry_potter_and_the_philosopher_s_stone_sh_figuarts_-2.jpg","type":"image\/jpeg"}],"twitter_card":"summary_large_image","twitter_misc":{"Est. reading time":"1 minute"},"schema":{"@context":"https:\/\/schema.org","@graph":[{"@type":"WebPage","@id":"https:\/\/endormoonstore.com\/en\/hermione-granger-harry-potter-and-the-philosophers-stone-s-h-figuarts\/","url":"https:\/\/endormoonstore.com\/en\/hermione-granger-harry-potter-and-the-philosophers-stone-s-h-figuarts\/","name":"Hermione Granger Harry Potter and The Philosopher\u00b4s Stone S.H Figuarts - EndormoonStore","isPartOf":{"@id":"https:\/\/endormoonstore.com\/#website"},"primaryImageOfPage":{"@id":"https:\/\/endormoonstore.com\/en\/hermione-granger-harry-potter-and-the-philosophers-stone-s-h-figuarts\/#primaryimage"},"image":{"@id":"https:\/\/endormoonstore.com\/en\/hermione-granger-harry-potter-and-the-philosophers-stone-s-h-figuarts\/#primaryimage"},"thumbnailUrl":"https:\/\/endormoonstore.com\/wp-content\/uploads\/2018\/10\/hermione_granger_figura_12_cm_harry_potter_and_the_philosopher_s_stone_sh_figuarts_-2.jpg","datePublished":"2018-10-17T17:17:55+00:00","dateModified":"2021-04-04T09:44:54+00:00","breadcrumb":{"@id":"https:\/\/endormoonstore.com\/en\/hermione-granger-harry-potter-and-the-philosophers-stone-s-h-figuarts\/#breadcrumb"},"inLanguage":"en-US","potentialAction":[{"@type":"ReadAction","target":["https:\/\/endormoonstore.com\/en\/hermione-granger-harry-potter-and-the-philosophers-stone-s-h-figuarts\/"]}]},{"@type":"ImageObject","inLanguage":"en-US","@id":"https:\/\/endormoonstore.com\/en\/hermione-granger-harry-potter-and-the-philosophers-stone-s-h-figuarts\/#primaryimage","url":"https:\/\/endormoonstore.com\/wp-content\/uploads\/2018\/10\/hermione_granger_figura_12_cm_harry_potter_and_the_philosopher_s_stone_sh_figuarts_-2.jpg","contentUrl":"https:\/\/endormoonstore.com\/wp-content\/uploads\/2018\/10\/hermione_granger_figura_12_cm_harry_potter_and_the_philosopher_s_stone_sh_figuarts_-2.jpg","width":1144,"height":1600},{"@type":"BreadcrumbList","@id":"https:\/\/endormoonstore.com\/en\/hermione-granger-harry-potter-and-the-philosophers-stone-s-h-figuarts\/#breadcrumb","itemListElement":[{"@type":"ListItem","position":1,"name":"Shop","item":"https:\/\/endormoonstore.com\/en\/shop\/"},{"@type":"ListItem","position":2,"name":"Hermione Granger Harry Potter and The Philosopher\u00b4s Stone S.H Figuarts"}]},{"@type":"WebSite","@id":"https:\/\/endormoonstore.com\/#website","url":"https:\/\/endormoonstore.com\/","name":"EndormoonStore","description":"","potentialAction":[{"@type":"SearchAction","target":{"@type":"EntryPoint","urlTemplate":"https:\/\/endormoonstore.com\/?s={search_term_string}"},"query-input":{"@type":"PropertyValueSpecification","valueRequired":true,"valueName":"search_term_string"}}],"inLanguage":"en-US"}]}},"taxonomy_info":{"product_cat":[{"value":1390,"label":"Figures"}],"pa_brand":[{"value":2096,"label":"Tamashii Nations"}],"pa_character":[{"value":5752,"label":"Hermione Granger"}],"pa_license":[{"value":5740,"label":"Harry Potter"}],"pa_product-type":[{"value":2387,"label":"Figure"}],"pa_theme":[{"value":1813,"label":"S.H. Figuarts"}]},"featured_image_src_large":["https:\/\/endormoonstore.com\/wp-content\/uploads\/2018\/10\/hermione_granger_figura_12_cm_harry_potter_and_the_philosopher_s_stone_sh_figuarts_-2-732x1024.jpg",732,1024,true],"author_info":[],"comment_info":"","_links":{"self":[{"href":"https:\/\/endormoonstore.com\/en\/wp-json\/wp\/v2\/product\/65742","targetHints":{"allow":["GET"]}}],"collection":[{"href":"https:\/\/endormoonstore.com\/en\/wp-json\/wp\/v2\/product"}],"about":[{"href":"https:\/\/endormoonstore.com\/en\/wp-json\/wp\/v2\/types\/product"}],"wp:featuredmedia":[{"embeddable":true,"href":"https:\/\/endormoonstore.com\/en\/wp-json\/wp\/v2\/media\/65726"}],"wp:attachment":[{"href":"https:\/\/endormoonstore.com\/en\/wp-json\/wp\/v2\/media?parent=65742"}],"wp:term":[{"taxonomy":"product_cat","embeddable":true,"href":"https:\/\/endormoonstore.com\/en\/wp-json\/wp\/v2\/product_cat?post=65742"},{"taxonomy":"product_tag","embeddable":true,"href":"https:\/\/endormoonstore.com\/en\/wp-json\/wp\/v2\/product_tag?post=65742"}],"curies":[{"name":"wp","href":"https:\/\/api.w.org\/{rel}","templated":true}]}}