{"id":63506,"date":"2018-09-11T19:35:21","date_gmt":"2018-09-11T17:35:21","guid":{"rendered":"https:\/\/endormoonstore.com\/blood-bowl-the-naggaroth-nightmares\/"},"modified":"2022-01-01T00:00:12","modified_gmt":"2021-12-31T23:00:12","slug":"blood-bowl-the-naggaroth-nightmares","status":"publish","type":"product","link":"https:\/\/endormoonstore.com\/en\/blood-bowl-the-naggaroth-nightmares\/","title":{"rendered":"Blood Bowl The Naggaroth Nightmares"},"content":{"rendered":"<p><strong>Blood Bowl The Naggaroth Nightmares<\/strong><\/p>\n<ul>\n<li>Formado tras el colapso de la NAF, el equipo de los Nightmares incorpor\u00f3 a muchos jugadores de los disueltos Naggaroth Nightwings, que cayeron en bancarrota cuando el entrenador principal se fug\u00f3 con el contenido de las arcas del equipo.<\/li>\n<li>Por tanto, a pesar de sus estatus como equipo nuevo, cuentan con una alineaci\u00f3n inicial incre\u00edblemente potente y se han convertido ya en la pesadilla de muchos oponentes.<\/li>\n<li>Este kit de pl\u00e1stico multicomponente contiene las piezas necesarias para montar a los Naggaroth Nightmares, un equipo de Blood Bowl de Dark Elves.<\/li>\n<li>El equipo consiste en 6 Linemen, 2 Blitzers, 2 Runner y 2 Witch Elves; todos van cubiertos de armadura con abundantes pinchos, con pieles de Cold Ones envueltas alrededor de los hombros.<\/li>\n<li>Las Witch Elves van&#8230; un poco menos protegidas, y se las puede modelar con manos que se\u00f1alan de forma desafiante a sus oponentes&#8230; o sujetando un coraz\u00f3n reci\u00e9n arrancado.<\/li>\n<li>Los Linemen disponen de 3 dise\u00f1os de cabeza distintos.<\/li>\n<li>La caja incluye tambi\u00e9n abundantes contenidos adicionales: 2 marcadores de turno, 2 monedas de anotaci\u00f3n de doble cara con el s\u00edmbolo de los Dark Elves y 4 balones: 2 huevos de kraken (de los que brotan tent\u00e1culos) y 2 balones hechos de piel de Cold One, sin p\u00faas.<\/li>\n<li>Incluye tambi\u00e9n 12 peanas de Blood Bowl de 32 mm, una alineaci\u00f3n de 1.000.000 mo y una hoja de calcoman\u00edas de los Dark Elves.<\/li>\n<\/ul>\n<p>&nbsp;<\/p>\n","protected":false},"excerpt":{"rendered":"<p><strong>Blood Bowl The Naggaroth Nightmares<\/strong><\/p>\n<p>Formado tras el colapso de la NAF, el equipo de los Nightmares incorpor\u00f3 a muchos jugadores de los disueltos Naggaroth Nightwings, que cayeron en bancarrota cuando el entrenador principal se fug\u00f3 con el contenido de las arcas del equipo.<\/p>\n","protected":false},"featured_media":63494,"template":"","meta":{"_acf_changed":false,"_kad_blocks_custom_css":"","_kad_blocks_head_custom_js":"","_kad_blocks_body_custom_js":"","_kad_blocks_footer_custom_js":""},"product_cat":[1386],"product_tag":[],"class_list":{"0":"post-63506","1":"product","2":"type-product","3":"status-publish","4":"has-post-thumbnail","6":"product_cat-miniatures","7":"pa_brand-games-workshop-en","8":"pa_theme-blood-bowl-en","10":"first","11":"instock","12":"taxable","13":"shipping-taxable","14":"purchasable","15":"product-type-simple"},"acf":[],"yoast_head":"<!-- This site is optimized with the Yoast SEO plugin v26.1.1 - https:\/\/yoast.com\/wordpress\/plugins\/seo\/ -->\n<title>Blood Bowl The Naggaroth Nightmares - EndormoonStore<\/title>\n<meta name=\"robots\" content=\"index, follow, max-snippet:-1, max-image-preview:large, max-video-preview:-1\" \/>\n<link rel=\"canonical\" href=\"https:\/\/endormoonstore.com\/en\/blood-bowl-the-naggaroth-nightmares\/\" \/>\n<meta property=\"og:locale\" content=\"en_US\" \/>\n<meta property=\"og:type\" content=\"article\" \/>\n<meta property=\"og:title\" content=\"Blood Bowl The Naggaroth Nightmares - EndormoonStore\" \/>\n<meta property=\"og:description\" content=\"Blood Bowl The Naggaroth Nightmares  Formado tras el colapso de la NAF, el equipo de los Nightmares incorpor\u00f3 a muchos jugadores de los disueltos Naggaroth Nightwings, que cayeron en bancarrota cuando el entrenador principal se fug\u00f3 con el contenido de las arcas del equipo.\" \/>\n<meta property=\"og:url\" content=\"https:\/\/endormoonstore.com\/en\/blood-bowl-the-naggaroth-nightmares\/\" \/>\n<meta property=\"og:site_name\" content=\"EndormoonStore\" \/>\n<meta property=\"article:modified_time\" content=\"2021-12-31T23:00:12+00:00\" \/>\n<meta property=\"og:image\" content=\"https:\/\/endormoonstore.com\/wp-content\/uploads\/2018\/09\/blood_bowl_the_naggaroth_nightmares-1.jpg\" \/>\n\t<meta property=\"og:image:width\" content=\"920\" \/>\n\t<meta property=\"og:image:height\" content=\"950\" \/>\n\t<meta property=\"og:image:type\" content=\"image\/jpeg\" \/>\n<meta name=\"twitter:card\" content=\"summary_large_image\" \/>\n<meta name=\"twitter:label1\" content=\"Est. reading time\" \/>\n\t<meta name=\"twitter:data1\" content=\"1 minute\" \/>\n<script type=\"application\/ld+json\" class=\"yoast-schema-graph\">{\"@context\":\"https:\/\/schema.org\",\"@graph\":[{\"@type\":\"WebPage\",\"@id\":\"https:\/\/endormoonstore.com\/en\/blood-bowl-the-naggaroth-nightmares\/\",\"url\":\"https:\/\/endormoonstore.com\/en\/blood-bowl-the-naggaroth-nightmares\/\",\"name\":\"Blood Bowl The Naggaroth Nightmares - EndormoonStore\",\"isPartOf\":{\"@id\":\"https:\/\/endormoonstore.com\/#website\"},\"primaryImageOfPage\":{\"@id\":\"https:\/\/endormoonstore.com\/en\/blood-bowl-the-naggaroth-nightmares\/#primaryimage\"},\"image\":{\"@id\":\"https:\/\/endormoonstore.com\/en\/blood-bowl-the-naggaroth-nightmares\/#primaryimage\"},\"thumbnailUrl\":\"https:\/\/endormoonstore.com\/wp-content\/uploads\/2018\/09\/blood_bowl_the_naggaroth_nightmares-1.jpg\",\"datePublished\":\"2018-09-11T17:35:21+00:00\",\"dateModified\":\"2021-12-31T23:00:12+00:00\",\"breadcrumb\":{\"@id\":\"https:\/\/endormoonstore.com\/en\/blood-bowl-the-naggaroth-nightmares\/#breadcrumb\"},\"inLanguage\":\"en-US\",\"potentialAction\":[{\"@type\":\"ReadAction\",\"target\":[\"https:\/\/endormoonstore.com\/en\/blood-bowl-the-naggaroth-nightmares\/\"]}]},{\"@type\":\"ImageObject\",\"inLanguage\":\"en-US\",\"@id\":\"https:\/\/endormoonstore.com\/en\/blood-bowl-the-naggaroth-nightmares\/#primaryimage\",\"url\":\"https:\/\/endormoonstore.com\/wp-content\/uploads\/2018\/09\/blood_bowl_the_naggaroth_nightmares-1.jpg\",\"contentUrl\":\"https:\/\/endormoonstore.com\/wp-content\/uploads\/2018\/09\/blood_bowl_the_naggaroth_nightmares-1.jpg\",\"width\":920,\"height\":950},{\"@type\":\"BreadcrumbList\",\"@id\":\"https:\/\/endormoonstore.com\/en\/blood-bowl-the-naggaroth-nightmares\/#breadcrumb\",\"itemListElement\":[{\"@type\":\"ListItem\",\"position\":1,\"name\":\"Shop\",\"item\":\"https:\/\/endormoonstore.com\/en\/shop\/\"},{\"@type\":\"ListItem\",\"position\":2,\"name\":\"Blood Bowl The Naggaroth Nightmares\"}]},{\"@type\":\"WebSite\",\"@id\":\"https:\/\/endormoonstore.com\/#website\",\"url\":\"https:\/\/endormoonstore.com\/\",\"name\":\"EndormoonStore\",\"description\":\"\",\"potentialAction\":[{\"@type\":\"SearchAction\",\"target\":{\"@type\":\"EntryPoint\",\"urlTemplate\":\"https:\/\/endormoonstore.com\/?s={search_term_string}\"},\"query-input\":{\"@type\":\"PropertyValueSpecification\",\"valueRequired\":true,\"valueName\":\"search_term_string\"}}],\"inLanguage\":\"en-US\"}]}<\/script>\n<!-- \/ Yoast SEO plugin. -->","yoast_head_json":{"title":"Blood Bowl The Naggaroth Nightmares - EndormoonStore","robots":{"index":"index","follow":"follow","max-snippet":"max-snippet:-1","max-image-preview":"max-image-preview:large","max-video-preview":"max-video-preview:-1"},"canonical":"https:\/\/endormoonstore.com\/en\/blood-bowl-the-naggaroth-nightmares\/","og_locale":"en_US","og_type":"article","og_title":"Blood Bowl The Naggaroth Nightmares - EndormoonStore","og_description":"Blood Bowl The Naggaroth Nightmares  Formado tras el colapso de la NAF, el equipo de los Nightmares incorpor\u00f3 a muchos jugadores de los disueltos Naggaroth Nightwings, que cayeron en bancarrota cuando el entrenador principal se fug\u00f3 con el contenido de las arcas del equipo.","og_url":"https:\/\/endormoonstore.com\/en\/blood-bowl-the-naggaroth-nightmares\/","og_site_name":"EndormoonStore","article_modified_time":"2021-12-31T23:00:12+00:00","og_image":[{"width":920,"height":950,"url":"https:\/\/endormoonstore.com\/wp-content\/uploads\/2018\/09\/blood_bowl_the_naggaroth_nightmares-1.jpg","type":"image\/jpeg"}],"twitter_card":"summary_large_image","twitter_misc":{"Est. reading time":"1 minute"},"schema":{"@context":"https:\/\/schema.org","@graph":[{"@type":"WebPage","@id":"https:\/\/endormoonstore.com\/en\/blood-bowl-the-naggaroth-nightmares\/","url":"https:\/\/endormoonstore.com\/en\/blood-bowl-the-naggaroth-nightmares\/","name":"Blood Bowl The Naggaroth Nightmares - EndormoonStore","isPartOf":{"@id":"https:\/\/endormoonstore.com\/#website"},"primaryImageOfPage":{"@id":"https:\/\/endormoonstore.com\/en\/blood-bowl-the-naggaroth-nightmares\/#primaryimage"},"image":{"@id":"https:\/\/endormoonstore.com\/en\/blood-bowl-the-naggaroth-nightmares\/#primaryimage"},"thumbnailUrl":"https:\/\/endormoonstore.com\/wp-content\/uploads\/2018\/09\/blood_bowl_the_naggaroth_nightmares-1.jpg","datePublished":"2018-09-11T17:35:21+00:00","dateModified":"2021-12-31T23:00:12+00:00","breadcrumb":{"@id":"https:\/\/endormoonstore.com\/en\/blood-bowl-the-naggaroth-nightmares\/#breadcrumb"},"inLanguage":"en-US","potentialAction":[{"@type":"ReadAction","target":["https:\/\/endormoonstore.com\/en\/blood-bowl-the-naggaroth-nightmares\/"]}]},{"@type":"ImageObject","inLanguage":"en-US","@id":"https:\/\/endormoonstore.com\/en\/blood-bowl-the-naggaroth-nightmares\/#primaryimage","url":"https:\/\/endormoonstore.com\/wp-content\/uploads\/2018\/09\/blood_bowl_the_naggaroth_nightmares-1.jpg","contentUrl":"https:\/\/endormoonstore.com\/wp-content\/uploads\/2018\/09\/blood_bowl_the_naggaroth_nightmares-1.jpg","width":920,"height":950},{"@type":"BreadcrumbList","@id":"https:\/\/endormoonstore.com\/en\/blood-bowl-the-naggaroth-nightmares\/#breadcrumb","itemListElement":[{"@type":"ListItem","position":1,"name":"Shop","item":"https:\/\/endormoonstore.com\/en\/shop\/"},{"@type":"ListItem","position":2,"name":"Blood Bowl The Naggaroth Nightmares"}]},{"@type":"WebSite","@id":"https:\/\/endormoonstore.com\/#website","url":"https:\/\/endormoonstore.com\/","name":"EndormoonStore","description":"","potentialAction":[{"@type":"SearchAction","target":{"@type":"EntryPoint","urlTemplate":"https:\/\/endormoonstore.com\/?s={search_term_string}"},"query-input":{"@type":"PropertyValueSpecification","valueRequired":true,"valueName":"search_term_string"}}],"inLanguage":"en-US"}]}},"taxonomy_info":{"product_cat":[{"value":1386,"label":"Miniatures"}],"pa_brand":[{"value":1758,"label":"Games Workshop"}],"pa_theme":[{"value":2453,"label":"Blood Bowl"}]},"featured_image_src_large":["https:\/\/endormoonstore.com\/wp-content\/uploads\/2018\/09\/blood_bowl_the_naggaroth_nightmares-1.jpg",920,950,false],"author_info":[],"comment_info":"","_links":{"self":[{"href":"https:\/\/endormoonstore.com\/en\/wp-json\/wp\/v2\/product\/63506","targetHints":{"allow":["GET"]}}],"collection":[{"href":"https:\/\/endormoonstore.com\/en\/wp-json\/wp\/v2\/product"}],"about":[{"href":"https:\/\/endormoonstore.com\/en\/wp-json\/wp\/v2\/types\/product"}],"wp:featuredmedia":[{"embeddable":true,"href":"https:\/\/endormoonstore.com\/en\/wp-json\/wp\/v2\/media\/63494"}],"wp:attachment":[{"href":"https:\/\/endormoonstore.com\/en\/wp-json\/wp\/v2\/media?parent=63506"}],"wp:term":[{"taxonomy":"product_cat","embeddable":true,"href":"https:\/\/endormoonstore.com\/en\/wp-json\/wp\/v2\/product_cat?post=63506"},{"taxonomy":"product_tag","embeddable":true,"href":"https:\/\/endormoonstore.com\/en\/wp-json\/wp\/v2\/product_tag?post=63506"}],"curies":[{"name":"wp","href":"https:\/\/api.w.org\/{rel}","templated":true}]}}