{"id":62984,"date":"2024-10-01T00:05:05","date_gmt":"2024-09-30T22:05:05","guid":{"rendered":"https:\/\/endormoonstore.com\/dragon-ball-z-son-goku-saiyan-raised-on-earth-s-h-figuarts\/"},"modified":"2024-10-13T21:08:12","modified_gmt":"2024-10-13T19:08:12","slug":"dragon-ball-z-son-goku-saiyan-raised-on-earth-s-h-figuarts","status":"publish","type":"product","link":"https:\/\/endormoonstore.com\/en\/dragon-ball-z-son-goku-saiyan-raised-on-earth-s-h-figuarts\/","title":{"rendered":"Dragon Ball Z Son Goku Saiyan Raised on Earth S.H Figuarts"},"content":{"rendered":"<p><strong>Dragon Ball Z Son Goku Saiyan Raised on Earth S.H Figuarts 14 cm\u00a0<\/strong><\/p>\n<ul>\n<li>Tamashii Nations relanza la figura de Son Goku en modo normal, uno de los personajes mundialmente m\u00e1s famosos de la serie Dragon Ball.<\/li>\n<li>Esta nueva versi\u00f3n del personaje ha sido rehecha con nueva tecnolog\u00eda en sus articulaciones, permiti\u00e9ndole adoptar un sin fin de poses y posturas que permitir\u00e1n recrear cualquier escena del personaje en el anime.<\/li>\n<li>Puede combinarse con la figura de Freezer (se vende aparte) para recrear escenas dram\u00e1ticas de lucha. Incluye dos manos izquierda, cuatro manos derecha intercambiables, as\u00ed como tres expresiones de cara.<\/li>\n<li>Ning\u00fan fan de Dragon Ball deber\u00eda perderse esta figura!<\/li>\n<\/ul>\n<p>&nbsp;<\/p>\n","protected":false},"excerpt":{"rendered":"<p><strong>Dragon Ball Z Son Goku Saiyan Raised on Earth S.H Figuarts 14 cm\u00a0<\/strong><\/p>\n<p>Tamashii Nations relanza la esperad\u00edsima figura de Son Goku en modo normal, uno de los personajes mundialmente m\u00e1s famosos de la serie Dragon Ball.<\/p>\n","protected":false},"featured_media":62964,"template":"","meta":{"_acf_changed":false,"_kad_blocks_custom_css":"","_kad_blocks_head_custom_js":"","_kad_blocks_body_custom_js":"","_kad_blocks_footer_custom_js":""},"product_cat":[1390,13511],"product_tag":[],"class_list":{"0":"post-62984","1":"product","2":"type-product","3":"status-publish","4":"has-post-thumbnail","6":"product_cat-figures","7":"product_cat-new-arrivals","8":"pa_brand-tamashii-nations-en","9":"pa_character-son-goku-en","10":"pa_license-dragon-ball-en","11":"pa_product-type-figure","12":"pa_theme-s-h-figuarts-en","14":"first","15":"outofstock","16":"taxable","17":"shipping-taxable","18":"purchasable","19":"product-type-simple"},"acf":[],"yoast_head":"<!-- This site is optimized with the Yoast SEO plugin v26.1.1 - https:\/\/yoast.com\/wordpress\/plugins\/seo\/ -->\n<title>Dragon Ball Z Son Goku Saiyan Raised on Earth S.H Figuarts - EndormoonStore<\/title>\n<meta name=\"robots\" content=\"index, follow, max-snippet:-1, max-image-preview:large, max-video-preview:-1\" \/>\n<link rel=\"canonical\" href=\"https:\/\/endormoonstore.com\/en\/dragon-ball-z-son-goku-saiyan-raised-on-earth-s-h-figuarts\/\" \/>\n<meta property=\"og:locale\" content=\"en_US\" \/>\n<meta property=\"og:type\" content=\"article\" \/>\n<meta property=\"og:title\" content=\"Dragon Ball Z Son Goku Saiyan Raised on Earth S.H Figuarts - EndormoonStore\" \/>\n<meta property=\"og:description\" content=\"Dragon Ball Z Son Goku Saiyan Raised on Earth S.H Figuarts 14 cm\u00a0  Tamashii Nations relanza la esperad\u00edsima figura de Son Goku en modo normal, uno de los personajes mundialmente m\u00e1s famosos de la serie Dragon Ball.\" \/>\n<meta property=\"og:url\" content=\"https:\/\/endormoonstore.com\/en\/dragon-ball-z-son-goku-saiyan-raised-on-earth-s-h-figuarts\/\" \/>\n<meta property=\"og:site_name\" content=\"EndormoonStore\" \/>\n<meta property=\"article:modified_time\" content=\"2024-10-13T19:08:12+00:00\" \/>\n<meta property=\"og:image\" content=\"https:\/\/endormoonstore.com\/wp-content\/uploads\/2018\/08\/dragon_ball_z_son_goku_saiyan_raised_on_earth_bandai_s.h_figuarts_-1.jpg\" \/>\n\t<meta property=\"og:image:width\" content=\"1133\" \/>\n\t<meta property=\"og:image:height\" content=\"1600\" \/>\n\t<meta property=\"og:image:type\" content=\"image\/jpeg\" \/>\n<meta name=\"twitter:card\" content=\"summary_large_image\" \/>\n<meta name=\"twitter:label1\" content=\"Est. reading time\" \/>\n\t<meta name=\"twitter:data1\" content=\"1 minute\" \/>\n<script type=\"application\/ld+json\" class=\"yoast-schema-graph\">{\"@context\":\"https:\/\/schema.org\",\"@graph\":[{\"@type\":\"WebPage\",\"@id\":\"https:\/\/endormoonstore.com\/en\/dragon-ball-z-son-goku-saiyan-raised-on-earth-s-h-figuarts\/\",\"url\":\"https:\/\/endormoonstore.com\/en\/dragon-ball-z-son-goku-saiyan-raised-on-earth-s-h-figuarts\/\",\"name\":\"Dragon Ball Z Son Goku Saiyan Raised on Earth S.H Figuarts - EndormoonStore\",\"isPartOf\":{\"@id\":\"https:\/\/endormoonstore.com\/#website\"},\"primaryImageOfPage\":{\"@id\":\"https:\/\/endormoonstore.com\/en\/dragon-ball-z-son-goku-saiyan-raised-on-earth-s-h-figuarts\/#primaryimage\"},\"image\":{\"@id\":\"https:\/\/endormoonstore.com\/en\/dragon-ball-z-son-goku-saiyan-raised-on-earth-s-h-figuarts\/#primaryimage\"},\"thumbnailUrl\":\"https:\/\/endormoonstore.com\/wp-content\/uploads\/2018\/08\/dragon_ball_z_son_goku_saiyan_raised_on_earth_bandai_s.h_figuarts_-1.jpg\",\"datePublished\":\"2024-09-30T22:05:05+00:00\",\"dateModified\":\"2024-10-13T19:08:12+00:00\",\"breadcrumb\":{\"@id\":\"https:\/\/endormoonstore.com\/en\/dragon-ball-z-son-goku-saiyan-raised-on-earth-s-h-figuarts\/#breadcrumb\"},\"inLanguage\":\"en-US\",\"potentialAction\":[{\"@type\":\"ReadAction\",\"target\":[\"https:\/\/endormoonstore.com\/en\/dragon-ball-z-son-goku-saiyan-raised-on-earth-s-h-figuarts\/\"]}]},{\"@type\":\"ImageObject\",\"inLanguage\":\"en-US\",\"@id\":\"https:\/\/endormoonstore.com\/en\/dragon-ball-z-son-goku-saiyan-raised-on-earth-s-h-figuarts\/#primaryimage\",\"url\":\"https:\/\/endormoonstore.com\/wp-content\/uploads\/2018\/08\/dragon_ball_z_son_goku_saiyan_raised_on_earth_bandai_s.h_figuarts_-1.jpg\",\"contentUrl\":\"https:\/\/endormoonstore.com\/wp-content\/uploads\/2018\/08\/dragon_ball_z_son_goku_saiyan_raised_on_earth_bandai_s.h_figuarts_-1.jpg\",\"width\":1133,\"height\":1600},{\"@type\":\"BreadcrumbList\",\"@id\":\"https:\/\/endormoonstore.com\/en\/dragon-ball-z-son-goku-saiyan-raised-on-earth-s-h-figuarts\/#breadcrumb\",\"itemListElement\":[{\"@type\":\"ListItem\",\"position\":1,\"name\":\"Shop\",\"item\":\"https:\/\/endormoonstore.com\/en\/shop\/\"},{\"@type\":\"ListItem\",\"position\":2,\"name\":\"Dragon Ball Z Son Goku Saiyan Raised on Earth S.H Figuarts\"}]},{\"@type\":\"WebSite\",\"@id\":\"https:\/\/endormoonstore.com\/#website\",\"url\":\"https:\/\/endormoonstore.com\/\",\"name\":\"EndormoonStore\",\"description\":\"\",\"potentialAction\":[{\"@type\":\"SearchAction\",\"target\":{\"@type\":\"EntryPoint\",\"urlTemplate\":\"https:\/\/endormoonstore.com\/?s={search_term_string}\"},\"query-input\":{\"@type\":\"PropertyValueSpecification\",\"valueRequired\":true,\"valueName\":\"search_term_string\"}}],\"inLanguage\":\"en-US\"}]}<\/script>\n<!-- \/ Yoast SEO plugin. -->","yoast_head_json":{"title":"Dragon Ball Z Son Goku Saiyan Raised on Earth S.H Figuarts - EndormoonStore","robots":{"index":"index","follow":"follow","max-snippet":"max-snippet:-1","max-image-preview":"max-image-preview:large","max-video-preview":"max-video-preview:-1"},"canonical":"https:\/\/endormoonstore.com\/en\/dragon-ball-z-son-goku-saiyan-raised-on-earth-s-h-figuarts\/","og_locale":"en_US","og_type":"article","og_title":"Dragon Ball Z Son Goku Saiyan Raised on Earth S.H Figuarts - EndormoonStore","og_description":"Dragon Ball Z Son Goku Saiyan Raised on Earth S.H Figuarts 14 cm\u00a0  Tamashii Nations relanza la esperad\u00edsima figura de Son Goku en modo normal, uno de los personajes mundialmente m\u00e1s famosos de la serie Dragon Ball.","og_url":"https:\/\/endormoonstore.com\/en\/dragon-ball-z-son-goku-saiyan-raised-on-earth-s-h-figuarts\/","og_site_name":"EndormoonStore","article_modified_time":"2024-10-13T19:08:12+00:00","og_image":[{"width":1133,"height":1600,"url":"https:\/\/endormoonstore.com\/wp-content\/uploads\/2018\/08\/dragon_ball_z_son_goku_saiyan_raised_on_earth_bandai_s.h_figuarts_-1.jpg","type":"image\/jpeg"}],"twitter_card":"summary_large_image","twitter_misc":{"Est. reading time":"1 minute"},"schema":{"@context":"https:\/\/schema.org","@graph":[{"@type":"WebPage","@id":"https:\/\/endormoonstore.com\/en\/dragon-ball-z-son-goku-saiyan-raised-on-earth-s-h-figuarts\/","url":"https:\/\/endormoonstore.com\/en\/dragon-ball-z-son-goku-saiyan-raised-on-earth-s-h-figuarts\/","name":"Dragon Ball Z Son Goku Saiyan Raised on Earth S.H Figuarts - EndormoonStore","isPartOf":{"@id":"https:\/\/endormoonstore.com\/#website"},"primaryImageOfPage":{"@id":"https:\/\/endormoonstore.com\/en\/dragon-ball-z-son-goku-saiyan-raised-on-earth-s-h-figuarts\/#primaryimage"},"image":{"@id":"https:\/\/endormoonstore.com\/en\/dragon-ball-z-son-goku-saiyan-raised-on-earth-s-h-figuarts\/#primaryimage"},"thumbnailUrl":"https:\/\/endormoonstore.com\/wp-content\/uploads\/2018\/08\/dragon_ball_z_son_goku_saiyan_raised_on_earth_bandai_s.h_figuarts_-1.jpg","datePublished":"2024-09-30T22:05:05+00:00","dateModified":"2024-10-13T19:08:12+00:00","breadcrumb":{"@id":"https:\/\/endormoonstore.com\/en\/dragon-ball-z-son-goku-saiyan-raised-on-earth-s-h-figuarts\/#breadcrumb"},"inLanguage":"en-US","potentialAction":[{"@type":"ReadAction","target":["https:\/\/endormoonstore.com\/en\/dragon-ball-z-son-goku-saiyan-raised-on-earth-s-h-figuarts\/"]}]},{"@type":"ImageObject","inLanguage":"en-US","@id":"https:\/\/endormoonstore.com\/en\/dragon-ball-z-son-goku-saiyan-raised-on-earth-s-h-figuarts\/#primaryimage","url":"https:\/\/endormoonstore.com\/wp-content\/uploads\/2018\/08\/dragon_ball_z_son_goku_saiyan_raised_on_earth_bandai_s.h_figuarts_-1.jpg","contentUrl":"https:\/\/endormoonstore.com\/wp-content\/uploads\/2018\/08\/dragon_ball_z_son_goku_saiyan_raised_on_earth_bandai_s.h_figuarts_-1.jpg","width":1133,"height":1600},{"@type":"BreadcrumbList","@id":"https:\/\/endormoonstore.com\/en\/dragon-ball-z-son-goku-saiyan-raised-on-earth-s-h-figuarts\/#breadcrumb","itemListElement":[{"@type":"ListItem","position":1,"name":"Shop","item":"https:\/\/endormoonstore.com\/en\/shop\/"},{"@type":"ListItem","position":2,"name":"Dragon Ball Z Son Goku Saiyan Raised on Earth S.H Figuarts"}]},{"@type":"WebSite","@id":"https:\/\/endormoonstore.com\/#website","url":"https:\/\/endormoonstore.com\/","name":"EndormoonStore","description":"","potentialAction":[{"@type":"SearchAction","target":{"@type":"EntryPoint","urlTemplate":"https:\/\/endormoonstore.com\/?s={search_term_string}"},"query-input":{"@type":"PropertyValueSpecification","valueRequired":true,"valueName":"search_term_string"}}],"inLanguage":"en-US"}]}},"taxonomy_info":{"product_cat":[{"value":1390,"label":"Figures"},{"value":13511,"label":"New Arrivals"}],"pa_brand":[{"value":2096,"label":"Tamashii Nations"}],"pa_character":[{"value":2234,"label":"Son Goku"}],"pa_license":[{"value":2240,"label":"Dragon Ball"}],"pa_product-type":[{"value":2387,"label":"Figure"}],"pa_theme":[{"value":1813,"label":"S.H. Figuarts"}]},"featured_image_src_large":["https:\/\/endormoonstore.com\/wp-content\/uploads\/2018\/08\/dragon_ball_z_son_goku_saiyan_raised_on_earth_bandai_s.h_figuarts_-1-725x1024.jpg",725,1024,true],"author_info":[],"comment_info":"","_links":{"self":[{"href":"https:\/\/endormoonstore.com\/en\/wp-json\/wp\/v2\/product\/62984","targetHints":{"allow":["GET"]}}],"collection":[{"href":"https:\/\/endormoonstore.com\/en\/wp-json\/wp\/v2\/product"}],"about":[{"href":"https:\/\/endormoonstore.com\/en\/wp-json\/wp\/v2\/types\/product"}],"wp:featuredmedia":[{"embeddable":true,"href":"https:\/\/endormoonstore.com\/en\/wp-json\/wp\/v2\/media\/62964"}],"wp:attachment":[{"href":"https:\/\/endormoonstore.com\/en\/wp-json\/wp\/v2\/media?parent=62984"}],"wp:term":[{"taxonomy":"product_cat","embeddable":true,"href":"https:\/\/endormoonstore.com\/en\/wp-json\/wp\/v2\/product_cat?post=62984"},{"taxonomy":"product_tag","embeddable":true,"href":"https:\/\/endormoonstore.com\/en\/wp-json\/wp\/v2\/product_tag?post=62984"}],"curies":[{"name":"wp","href":"https:\/\/api.w.org\/{rel}","templated":true}]}}