{"id":62884,"date":"2018-08-01T11:17:06","date_gmt":"2018-08-01T09:17:06","guid":{"rendered":"https:\/\/endormoonstore.com\/blood-bowl-the-scarcrag-snivellers\/"},"modified":"2022-01-01T00:00:12","modified_gmt":"2021-12-31T23:00:12","slug":"blood-bowl-the-scarcrag-snivellers","status":"publish","type":"product","link":"https:\/\/endormoonstore.com\/en\/blood-bowl-the-scarcrag-snivellers\/","title":{"rendered":"Blood Bowl The Scarcrag Snivellers"},"content":{"rendered":"<p><strong>Blood Bowl The Scarcrag Snivellers<\/strong><\/p>\n<ul>\n<li>Los Scarcrag Snivellers tomaron hace mucho tiempo la decisi\u00f3n de intentar jugar a Blood Bowl sin usar todas esas tretas arteras de las que suelen valerse los equipos Goblin.<\/li>\n<li>Se limitan a desplegar sobre el campo a 11 Goblins en cada partido, sin Trolls ni Armas secretas, resisten as\u00ed todo lo que pueden hasta ser aplastados.<\/li>\n<li>Extra\u00f1amente, esto no siempre acaba para ellos de tan mala manera como ser\u00eda previsible, y de hecho se las ingenian para sobrevivir temporada a temporada sin resultar completamente aniquilados.<\/li>\n<li>Elige un equipo Goblin para tus partidos de Blood Bowl con este kit de miniaturas de pl\u00e1stico, que incluye 12 Goblins multicomponente, con 6 pares de cuerpos \u00fanicos y 7 pares de cabezas \u00fanicas, lo que significa que todos los Goblins ser\u00e1n diferentes.<\/li>\n<li>Tambi\u00e9n se incluyen 6 balones Goblin, que reflejan justamente el tipo de artima\u00f1as que tan poco les gustan a los Scarcrag Snivellers: 2 balones desinflados, 2 con un Goblin metido dentro y 2 rellenos de dinamita.<\/li>\n<li>Adem\u00e1s, 2 marcadores de turno y 2 marcadores de equipo de doble cara.<\/li>\n<li>Este kit multicomponente de 54 piezas se suministra con 12 peanas de Blood Bowl de 32mm y una hoja de equipo de 1.000.000 de monedas de oro, \u00a1con 8 (\u00a1Ocho!)<\/li>\n<li>Segundas Oportunidades de equipo y Factor de Hinchas 4!<\/li>\n<li>Las reglas para equipos Goblin pueden encontrarse en el suplemento Blood Bowl Death Zone Season Two.<\/li>\n<\/ul>\n<p>&nbsp;<\/p>\n","protected":false},"excerpt":{"rendered":"<p><strong>Blood Bowl The Scarcrag Snivellers<\/strong><\/p>\n<p>Los Scarcrag Snivellers tomaron hace mucho tiempo la decisi\u00f3n de intentar jugar a Blood Bowl sin usar todas esas tretas arteras de las que suelen valerse los equipos Goblin.<\/p>\n","protected":false},"featured_media":62872,"template":"","meta":{"_acf_changed":false,"_kad_blocks_custom_css":"","_kad_blocks_head_custom_js":"","_kad_blocks_body_custom_js":"","_kad_blocks_footer_custom_js":""},"product_cat":[1386],"product_tag":[],"class_list":{"0":"post-62884","1":"product","2":"type-product","3":"status-publish","4":"has-post-thumbnail","6":"product_cat-miniatures","7":"pa_brand-games-workshop-en","8":"pa_theme-blood-bowl-en","10":"first","11":"instock","12":"taxable","13":"shipping-taxable","14":"purchasable","15":"product-type-simple"},"acf":[],"yoast_head":"<!-- This site is optimized with the Yoast SEO plugin v26.1.1 - https:\/\/yoast.com\/wordpress\/plugins\/seo\/ -->\n<title>Blood Bowl The Scarcrag Snivellers - EndormoonStore<\/title>\n<meta name=\"robots\" content=\"index, follow, max-snippet:-1, max-image-preview:large, max-video-preview:-1\" \/>\n<link rel=\"canonical\" href=\"https:\/\/endormoonstore.com\/en\/blood-bowl-the-scarcrag-snivellers\/\" \/>\n<meta property=\"og:locale\" content=\"en_US\" \/>\n<meta property=\"og:type\" content=\"article\" \/>\n<meta property=\"og:title\" content=\"Blood Bowl The Scarcrag Snivellers - EndormoonStore\" \/>\n<meta property=\"og:description\" content=\"Blood Bowl The Scarcrag Snivellers  Los Scarcrag Snivellers tomaron hace mucho tiempo la decisi\u00f3n de intentar jugar a Blood Bowl sin usar todas esas tretas arteras de las que suelen valerse los equipos Goblin.\" \/>\n<meta property=\"og:url\" content=\"https:\/\/endormoonstore.com\/en\/blood-bowl-the-scarcrag-snivellers\/\" \/>\n<meta property=\"og:site_name\" content=\"EndormoonStore\" \/>\n<meta property=\"article:modified_time\" content=\"2021-12-31T23:00:12+00:00\" \/>\n<meta property=\"og:image\" content=\"https:\/\/endormoonstore.com\/wp-content\/uploads\/2018\/08\/blod_bowl_the_scarcrag_snivellers-1.jpg\" \/>\n\t<meta property=\"og:image:width\" content=\"920\" \/>\n\t<meta property=\"og:image:height\" content=\"950\" \/>\n\t<meta property=\"og:image:type\" content=\"image\/jpeg\" \/>\n<meta name=\"twitter:card\" content=\"summary_large_image\" \/>\n<meta name=\"twitter:label1\" content=\"Est. reading time\" \/>\n\t<meta name=\"twitter:data1\" content=\"1 minute\" \/>\n<script type=\"application\/ld+json\" class=\"yoast-schema-graph\">{\"@context\":\"https:\/\/schema.org\",\"@graph\":[{\"@type\":\"WebPage\",\"@id\":\"https:\/\/endormoonstore.com\/en\/blood-bowl-the-scarcrag-snivellers\/\",\"url\":\"https:\/\/endormoonstore.com\/en\/blood-bowl-the-scarcrag-snivellers\/\",\"name\":\"Blood Bowl The Scarcrag Snivellers - EndormoonStore\",\"isPartOf\":{\"@id\":\"https:\/\/endormoonstore.com\/#website\"},\"primaryImageOfPage\":{\"@id\":\"https:\/\/endormoonstore.com\/en\/blood-bowl-the-scarcrag-snivellers\/#primaryimage\"},\"image\":{\"@id\":\"https:\/\/endormoonstore.com\/en\/blood-bowl-the-scarcrag-snivellers\/#primaryimage\"},\"thumbnailUrl\":\"https:\/\/endormoonstore.com\/wp-content\/uploads\/2018\/08\/blod_bowl_the_scarcrag_snivellers-1.jpg\",\"datePublished\":\"2018-08-01T09:17:06+00:00\",\"dateModified\":\"2021-12-31T23:00:12+00:00\",\"breadcrumb\":{\"@id\":\"https:\/\/endormoonstore.com\/en\/blood-bowl-the-scarcrag-snivellers\/#breadcrumb\"},\"inLanguage\":\"en-US\",\"potentialAction\":[{\"@type\":\"ReadAction\",\"target\":[\"https:\/\/endormoonstore.com\/en\/blood-bowl-the-scarcrag-snivellers\/\"]}]},{\"@type\":\"ImageObject\",\"inLanguage\":\"en-US\",\"@id\":\"https:\/\/endormoonstore.com\/en\/blood-bowl-the-scarcrag-snivellers\/#primaryimage\",\"url\":\"https:\/\/endormoonstore.com\/wp-content\/uploads\/2018\/08\/blod_bowl_the_scarcrag_snivellers-1.jpg\",\"contentUrl\":\"https:\/\/endormoonstore.com\/wp-content\/uploads\/2018\/08\/blod_bowl_the_scarcrag_snivellers-1.jpg\",\"width\":920,\"height\":950},{\"@type\":\"BreadcrumbList\",\"@id\":\"https:\/\/endormoonstore.com\/en\/blood-bowl-the-scarcrag-snivellers\/#breadcrumb\",\"itemListElement\":[{\"@type\":\"ListItem\",\"position\":1,\"name\":\"Shop\",\"item\":\"https:\/\/endormoonstore.com\/en\/shop\/\"},{\"@type\":\"ListItem\",\"position\":2,\"name\":\"Blood Bowl The Scarcrag Snivellers\"}]},{\"@type\":\"WebSite\",\"@id\":\"https:\/\/endormoonstore.com\/#website\",\"url\":\"https:\/\/endormoonstore.com\/\",\"name\":\"EndormoonStore\",\"description\":\"\",\"potentialAction\":[{\"@type\":\"SearchAction\",\"target\":{\"@type\":\"EntryPoint\",\"urlTemplate\":\"https:\/\/endormoonstore.com\/?s={search_term_string}\"},\"query-input\":{\"@type\":\"PropertyValueSpecification\",\"valueRequired\":true,\"valueName\":\"search_term_string\"}}],\"inLanguage\":\"en-US\"}]}<\/script>\n<!-- \/ Yoast SEO plugin. -->","yoast_head_json":{"title":"Blood Bowl The Scarcrag Snivellers - EndormoonStore","robots":{"index":"index","follow":"follow","max-snippet":"max-snippet:-1","max-image-preview":"max-image-preview:large","max-video-preview":"max-video-preview:-1"},"canonical":"https:\/\/endormoonstore.com\/en\/blood-bowl-the-scarcrag-snivellers\/","og_locale":"en_US","og_type":"article","og_title":"Blood Bowl The Scarcrag Snivellers - EndormoonStore","og_description":"Blood Bowl The Scarcrag Snivellers  Los Scarcrag Snivellers tomaron hace mucho tiempo la decisi\u00f3n de intentar jugar a Blood Bowl sin usar todas esas tretas arteras de las que suelen valerse los equipos Goblin.","og_url":"https:\/\/endormoonstore.com\/en\/blood-bowl-the-scarcrag-snivellers\/","og_site_name":"EndormoonStore","article_modified_time":"2021-12-31T23:00:12+00:00","og_image":[{"width":920,"height":950,"url":"https:\/\/endormoonstore.com\/wp-content\/uploads\/2018\/08\/blod_bowl_the_scarcrag_snivellers-1.jpg","type":"image\/jpeg"}],"twitter_card":"summary_large_image","twitter_misc":{"Est. reading time":"1 minute"},"schema":{"@context":"https:\/\/schema.org","@graph":[{"@type":"WebPage","@id":"https:\/\/endormoonstore.com\/en\/blood-bowl-the-scarcrag-snivellers\/","url":"https:\/\/endormoonstore.com\/en\/blood-bowl-the-scarcrag-snivellers\/","name":"Blood Bowl The Scarcrag Snivellers - EndormoonStore","isPartOf":{"@id":"https:\/\/endormoonstore.com\/#website"},"primaryImageOfPage":{"@id":"https:\/\/endormoonstore.com\/en\/blood-bowl-the-scarcrag-snivellers\/#primaryimage"},"image":{"@id":"https:\/\/endormoonstore.com\/en\/blood-bowl-the-scarcrag-snivellers\/#primaryimage"},"thumbnailUrl":"https:\/\/endormoonstore.com\/wp-content\/uploads\/2018\/08\/blod_bowl_the_scarcrag_snivellers-1.jpg","datePublished":"2018-08-01T09:17:06+00:00","dateModified":"2021-12-31T23:00:12+00:00","breadcrumb":{"@id":"https:\/\/endormoonstore.com\/en\/blood-bowl-the-scarcrag-snivellers\/#breadcrumb"},"inLanguage":"en-US","potentialAction":[{"@type":"ReadAction","target":["https:\/\/endormoonstore.com\/en\/blood-bowl-the-scarcrag-snivellers\/"]}]},{"@type":"ImageObject","inLanguage":"en-US","@id":"https:\/\/endormoonstore.com\/en\/blood-bowl-the-scarcrag-snivellers\/#primaryimage","url":"https:\/\/endormoonstore.com\/wp-content\/uploads\/2018\/08\/blod_bowl_the_scarcrag_snivellers-1.jpg","contentUrl":"https:\/\/endormoonstore.com\/wp-content\/uploads\/2018\/08\/blod_bowl_the_scarcrag_snivellers-1.jpg","width":920,"height":950},{"@type":"BreadcrumbList","@id":"https:\/\/endormoonstore.com\/en\/blood-bowl-the-scarcrag-snivellers\/#breadcrumb","itemListElement":[{"@type":"ListItem","position":1,"name":"Shop","item":"https:\/\/endormoonstore.com\/en\/shop\/"},{"@type":"ListItem","position":2,"name":"Blood Bowl The Scarcrag Snivellers"}]},{"@type":"WebSite","@id":"https:\/\/endormoonstore.com\/#website","url":"https:\/\/endormoonstore.com\/","name":"EndormoonStore","description":"","potentialAction":[{"@type":"SearchAction","target":{"@type":"EntryPoint","urlTemplate":"https:\/\/endormoonstore.com\/?s={search_term_string}"},"query-input":{"@type":"PropertyValueSpecification","valueRequired":true,"valueName":"search_term_string"}}],"inLanguage":"en-US"}]}},"taxonomy_info":{"product_cat":[{"value":1386,"label":"Miniatures"}],"pa_brand":[{"value":1758,"label":"Games Workshop"}],"pa_theme":[{"value":2453,"label":"Blood Bowl"}]},"featured_image_src_large":["https:\/\/endormoonstore.com\/wp-content\/uploads\/2018\/08\/blod_bowl_the_scarcrag_snivellers-1.jpg",920,950,false],"author_info":[],"comment_info":"","_links":{"self":[{"href":"https:\/\/endormoonstore.com\/en\/wp-json\/wp\/v2\/product\/62884","targetHints":{"allow":["GET"]}}],"collection":[{"href":"https:\/\/endormoonstore.com\/en\/wp-json\/wp\/v2\/product"}],"about":[{"href":"https:\/\/endormoonstore.com\/en\/wp-json\/wp\/v2\/types\/product"}],"wp:featuredmedia":[{"embeddable":true,"href":"https:\/\/endormoonstore.com\/en\/wp-json\/wp\/v2\/media\/62872"}],"wp:attachment":[{"href":"https:\/\/endormoonstore.com\/en\/wp-json\/wp\/v2\/media?parent=62884"}],"wp:term":[{"taxonomy":"product_cat","embeddable":true,"href":"https:\/\/endormoonstore.com\/en\/wp-json\/wp\/v2\/product_cat?post=62884"},{"taxonomy":"product_tag","embeddable":true,"href":"https:\/\/endormoonstore.com\/en\/wp-json\/wp\/v2\/product_tag?post=62884"}],"curies":[{"name":"wp","href":"https:\/\/api.w.org\/{rel}","templated":true}]}}