{"id":62480,"date":"2018-07-26T20:37:30","date_gmt":"2018-07-26T18:37:30","guid":{"rendered":"https:\/\/endormoonstore.com\/warhammer-40-000-kill-team-caja-de-inicio-espa-ol\/"},"modified":"2023-01-01T23:00:08","modified_gmt":"2023-01-01T22:00:08","slug":"warhammer-40-000-kill-team-caja-de-inicio","status":"publish","type":"product","link":"https:\/\/endormoonstore.com\/en\/warhammer-40-000-kill-team-caja-de-inicio\/","title":{"rendered":"Warhammer 40.000 Kill Team Caja de Inicio"},"content":{"rendered":"<p><strong>Warhammer 40.000 Kill Team Caja de Inicio (Espa\u00f1ol)<\/strong><\/p>\n<ul>\n<li>Warhammer 40,000: Kill Team es un din\u00e1mico juego de miniaturas en el que se enfrentan equipos de especialistas de \u00e9lite, fan\u00e1ticos desharrapados y veteranos curtidos, unos contra otros en batallas feroces hasta la muerte.<\/li>\n<li>Una sola escuadra de guerreros bien entrenados y pertrechados puede inclinar la balanza de un conflicto m\u00e1s amplio. Gracias a Kill Team podr\u00e1s llevar a la mesa innumerables historias de tu propia invenci\u00f3n capaces de alterar el destino de la mism\u00edsima galaxia.<\/li>\n<li>Los protagonistas de las partidas de Kill Team son peque\u00f1as pero potentes escuadras de combatientes, en lugar de grandes ej\u00e9rcitos. Cada miniatura es una parte crucial del plan y desarrollar\u00e1 su propia personalidad, historia y habilidades con cada partida.<\/li>\n<li>Esta caja te ofrece todo lo que necesitas para jugar a Kill Team: un complet\u00edsimo reglamento que cubre los modos de juego abierto, narrativo y equilibrado (\u00a1y las campa\u00f1as!), 2 comandos completos pertenecientes a las facciones Adeptus Astartes y T&#8217;au Empire, un enorme set de escenograf\u00eda de Sector Mechanicus y un tablero de juego. Incluye:<\/li>\n<li><strong>Manual b\u00e1sico<\/strong><\/li>\n<li>El Manual b\u00e1sico es un libro de 208 p\u00e1ginas en tapa blanda de que no s\u00f3lo contiene las reglas necesarias para jugar con las miniaturas incluidas, sino reglas completas para elegir y construir un comando de una de las 16 facciones de la gama Warhammer 40,000 (Adeptus Astartes, Deathwatch, Grey Knights, Astra Militarum, Adeptus Mechanicus, Heretic Astartes, Death Guard, Thousand Sons, Asuryani, Drukhari, Harlequins, Necrons, Orks, T&#8217;au Empire, Tyranids y Genestealer Cults), junto con un trasfondo que explica la importancia de los comandos en la batalla por la supremac\u00eda;<\/li>\n<li><strong>Trasfondo<\/strong><\/li>\n<\/ul>\n<p>&#8211; Guerra sombr\u00eda: esta secci\u00f3n del libro detalla las funciones de los comandos en el 41er Milenio; ya sea asesinar a un comandante enemigo o un peligroso demagogo, abrirse paso por el frente para reforzar a un grupo de camaradas aislado o ejercer como \u00faltima l\u00ednea de defensa frente a una fuerza num\u00e9ricamente superior, cada lance entre comandos narra una historia de hero\u00edsmo y aventuras;<br \/>\n&#8211; H\u00e9roes todos: cada comando es distinto, pero todos ellos tienen ciertas caracter\u00edsticas en com\u00fan; cada uno cuenta con un l\u00edder carism\u00e1tico, astuto o dominante, y especialistas, individuos que cuentan con equipo crucial y talentos \u00fanicos;<br \/>\n&#8211; Teatros de guerra: los comandantes supremos del 41er Milenio tienen un poder\u00edo militar incre\u00edble a su disposici\u00f3n y hay numerosas situaciones en las que la actuaci\u00f3n precisa de una peque\u00f1a y bien entrenada fuerza ha desencadenado cambios dr\u00e1sticos en la situaci\u00f3n de la zona. Esta secci\u00f3n describe unos cuantos de los miles de entornos en los que estas escuadras han entrado en acci\u00f3n.<\/p>\n<ul>\n<li><strong>Reglas<\/strong><\/li>\n<\/ul>\n<p>&#8211; Reglas b\u00e1sicas: esta secci\u00f3n contiene las reglas esenciales de Kill Team y proporciona lo necesario para jugar, explica c\u00f3mo leer y utilizar las hojas de datos, y c\u00f3mo preparar la batalla. Desglosa una ronda de batalla en las fases de iniciativa, movimiento, ps\u00edquica, de disparo, de combate y de moral, con unas sencillas gu\u00edas, fotograf\u00edas y notas;<br \/>\n&#8211; Librar una batalla: aqu\u00ed se define la estructura de una partida de Kill Team, decidir la misi\u00f3n, preparar el campo de batalla y desplegar a los comandos. Incluye como ejemplo una misi\u00f3n de Juego abierto, Guerra encubierta, que sirve como introducci\u00f3n al juego;<br \/>\n&#8211; Reglas avanzadas: esta secci\u00f3n incorpora diversas reglas opcionales que a\u00f1aden m\u00e1s complejidad y profundidad al juego, recomendables para los jugadores m\u00e1s familiarizados con las reglas b\u00e1sicas. Incluye diferentes tipos de terreno, reglas para trepar, dejarse caer, cruzar huecos de un salto y tambi\u00e9n sufrir da\u00f1o por ca\u00eddas;<br \/>\n&#8211; Zonas de aniquilaci\u00f3n: reglas para entornos especiales que ofrecen mayores peligros y ventajas, seg\u00fan donde se sit\u00faen tus miniaturas. Incluye las reglas de Sector Imperialis, dise\u00f1adas para usarse con la escenograf\u00eda incluida en la caja;<br \/>\n&#8211; Misiones: esta secci\u00f3n contiene 3 misiones de Juego abierto, 4 de Juego equilibrado y 4 de Juego narrativo, que explican c\u00f3mo puedes elegir elementos de cada una para crear tus propias partidas en funci\u00f3n de tu estilo de juego. Incluye detalles de la fase de exploraci\u00f3n, en la que la planificaci\u00f3n, preparaci\u00f3n y la suerte pueden determinar por qu\u00e9 derroteros ir\u00e1 la batalla. Cada misi\u00f3n tambi\u00e9n incluye consejos para elegir y desplegar comandos, y sobre las condiciones de victoria;<br \/>\n&#8211; Comandos: esta secci\u00f3n explica detalladamente y de manera sencilla c\u00f3mo organizar tu comando para misiones de Juego abierto, narrativo y equilibrado;<br \/>\n&#8211; Puntos de mando: los comandos que participan en Juego equilibrado pueden ser Veteranos y aqu\u00ed se describen las t\u00e1cticas especiales a las que estos tienen acceso;<br \/>\n&#8211; Especialistas: los combatientes m\u00e1s experimentados tienen ciertas habilidades que se agrupan en 9 categor\u00edas: L\u00edder, Combate, Comunicaciones, Demoliciones, Pesado, Medico, Explorador, Francotirador, Veterano y Fan\u00e1tico, cada una con 3 t\u00e1cticas exclusivas que pueden volverse m\u00e1s poderosas y desbloquearse acumulando experiencia durante una campa\u00f1a;<br \/>\n&#8211; Trasfondo para cada una de las siguientes facciones: Adeptus Astartes, Deathwatch, Grey Knights, Astra Militarum, Adeptus Mechanicus, Heretic Astartes, Death Guard, Thousand Sons, Asuryani, Drukhari, Harlequins, Necrons, Orks, T\u2019au Empire, Tyranids y Genestealer Cults. Esta secci\u00f3n puede emplearse para dar m\u00e1s personalidad a los comandos, mediante las tablas de nombres y atributos, T\u00e1cticas espec\u00edficas de facci\u00f3n e incluso peculiaridades para los miembros de tu escuadra. Cada facci\u00f3n tambi\u00e9n dispone de hojas de datos y tablas de equipo, puntos y habilidades.<\/p>\n<ul>\n<li><strong>Campa\u00f1as<\/strong><\/li>\n<li>Kill Team puede jugarse (y es sumamente divertido) en misiones individuales, aunque el manual proporciona abundantes reglas opcionales para librar una serie de batallas conectadas que formen una narraci\u00f3n acerca de las operaciones encubiertas paralelas a una guerra a gran escala.<\/li>\n<li>Esta parte del libro es la gu\u00eda para una campa\u00f1a de Kill Team: condiciones de victoria, c\u00f3mo elegir misi\u00f3n, ganar experiencia y mejorar tu comando, adem\u00e1s de heridas, recursos e incluso escaladas b\u00e9licas. Tambi\u00e9n contiene hojas de mando en blanco que pueden fotocopiarse para llevar el control de la campa\u00f1a.<\/li>\n<li>Y como guinda del pastel, una galer\u00eda de miniaturas rebosante de fotos inspiradoras de comandos y los escenarios en los que combaten.<\/li>\n<li><strong>Miniaturas<\/strong><\/li>\n<li>Se incluyen 2 comandos completos compuestos por miniaturas multicomponent de pl\u00e1stico de las facciones Adeptus Astartes y T&#8217;au Empire, junto con una gran colecci\u00f3n de escenograf\u00eda del Sector Mechanicus:<\/li>\n<\/ul>\n<p>&#8211; 5 Primaris Space Marines Reivers, cada uno con la opci\u00f3n de llevar una carabina b\u00f3lter o una pistola b\u00f3lter pesada y una filoarma, as\u00ed como equipo adicional en forma de lanzagarfios y\/o paraca\u00eddas grav\u00edticos;<br \/>\n&#8211; 10 Fire Warriors del T&#8217;au Empire armados cada uno con un rifle de inducci\u00f3n o una carabina de inducci\u00f3n, y dos DS8 Tactical Support Turrets equipadas a elegir entre m\u00f3dulo lanzamisiles o sistema de misiles inteligentes;<br \/>\n&#8211; 2 libretos de 8 p\u00e1ginas referidos a estos comandos, con trasfondo, ejemplos pintados y una cronolog\u00eda de su historia;<br \/>\n&#8211; 6 matrices de escenograf\u00eda Sector Mechanicus, que te permiten poblar tu campo de batalla con edificios industriales en ruinas.<\/p>\n<ul>\n<li><strong>Cartas de t\u00e1ctica<\/strong><\/li>\n<li>Las siguientes cartas se incluyen como referencia r\u00e1pida:<\/li>\n<\/ul>\n<p>&#8211; 36 cartas de t\u00e1ctica universales, disponibles para cualquier comando;<br \/>\n&#8211; 12 cartas de t\u00e1ctica Adeptus Astartes espec\u00edficas de esa facci\u00f3n;<br \/>\n&#8211; 10 cartas de t\u00e1ctica T&#8217;au Empire espec\u00edficas de esa facci\u00f3n;<br \/>\n&#8211; 5 tarjetas de datos Adeptus Astartes y 12 T&#8217;au Empire para usar como referencia durante la partida, adem\u00e1s de diversas tarjetas de datos en blanco para crear tus comandos personalizados.<\/p>\n<ul>\n<li>Tambi\u00e9n contiene un tablero de juego de doble cara de 56 x 76 cm con un dise\u00f1o de una ciudad Sector Imperialis en una cara y un dise\u00f1o de Sector Mechanicus en la otra, 6 x D6, 2 x D10, un medidor de distancias de 12 pulgadas en pl\u00e1stico transparente, y diversos marcadores de juego con motivos del Adeptus Astartes y del T&#8217;au Empire.<\/li>\n<\/ul>\n<p>&nbsp;<\/p>\n<p>&nbsp;<\/p>\n","protected":false},"excerpt":{"rendered":"<p><strong>Warhammer 40.000 Kill Team Caja de Inicio (Espa\u00f1ol)<\/strong><\/p>\n<p>Warhammer 40,000: Kill Team es un din\u00e1mico juego de miniaturas en el que se enfrentan equipos de especialistas de \u00e9lite, fan\u00e1ticos desharrapados y veteranos curtidos, unos contra otros en batallas feroces hasta la muerte<\/p>\n","protected":false},"featured_media":62452,"template":"","meta":{"_acf_changed":false,"_kad_blocks_custom_css":"","_kad_blocks_head_custom_js":"","_kad_blocks_body_custom_js":"","_kad_blocks_footer_custom_js":""},"product_cat":[1386],"product_tag":[],"class_list":{"0":"post-62480","1":"product","2":"type-product","3":"status-publish","4":"has-post-thumbnail","6":"product_cat-miniatures","7":"pa_brand-games-workshop-en","8":"pa_product-type-start-box","9":"pa_theme-kill-team-en","11":"first","12":"outofstock","13":"taxable","14":"shipping-taxable","15":"purchasable","16":"product-type-simple"},"acf":[],"yoast_head":"<!-- This site is optimized with the Yoast SEO plugin v26.1.1 - https:\/\/yoast.com\/wordpress\/plugins\/seo\/ -->\n<title>Warhammer 40.000 Kill Team Caja de Inicio - EndormoonStore<\/title>\n<meta name=\"robots\" content=\"index, follow, max-snippet:-1, max-image-preview:large, max-video-preview:-1\" \/>\n<link rel=\"canonical\" href=\"https:\/\/endormoonstore.com\/warhammer-40-000-kill-team-caja-de-inicio\/\" \/>\n<meta property=\"og:locale\" content=\"en_US\" \/>\n<meta property=\"og:type\" content=\"article\" \/>\n<meta property=\"og:title\" content=\"Warhammer 40.000 Kill Team Caja de Inicio - EndormoonStore\" \/>\n<meta property=\"og:description\" content=\"Warhammer 40.000 Kill Team Caja de Inicio (Espa\u00f1ol)  Warhammer 40,000: Kill Team es un din\u00e1mico juego de miniaturas en el que se enfrentan equipos de especialistas de \u00e9lite, fan\u00e1ticos desharrapados y veteranos curtidos, unos contra otros en batallas feroces hasta la muerte\" \/>\n<meta property=\"og:url\" content=\"https:\/\/endormoonstore.com\/warhammer-40-000-kill-team-caja-de-inicio\/\" \/>\n<meta property=\"og:site_name\" content=\"EndormoonStore\" \/>\n<meta property=\"article:modified_time\" content=\"2023-01-01T22:00:08+00:00\" \/>\n<meta property=\"og:image\" content=\"https:\/\/endormoonstore.com\/wp-content\/uploads\/2018\/07\/warhammer_40.000_kill_team_espan_ol_-1_2.jpg\" \/>\n\t<meta property=\"og:image:width\" content=\"920\" \/>\n\t<meta property=\"og:image:height\" content=\"950\" \/>\n\t<meta property=\"og:image:type\" content=\"image\/jpeg\" \/>\n<meta name=\"twitter:card\" content=\"summary_large_image\" \/>\n<meta name=\"twitter:label1\" content=\"Est. reading time\" \/>\n\t<meta name=\"twitter:data1\" content=\"7 minutes\" \/>\n<script type=\"application\/ld+json\" class=\"yoast-schema-graph\">{\"@context\":\"https:\/\/schema.org\",\"@graph\":[{\"@type\":\"WebPage\",\"@id\":\"https:\/\/endormoonstore.com\/warhammer-40-000-kill-team-caja-de-inicio\/\",\"url\":\"https:\/\/endormoonstore.com\/warhammer-40-000-kill-team-caja-de-inicio\/\",\"name\":\"Warhammer 40.000 Kill Team Caja de Inicio - EndormoonStore\",\"isPartOf\":{\"@id\":\"https:\/\/endormoonstore.com\/#website\"},\"primaryImageOfPage\":{\"@id\":\"https:\/\/endormoonstore.com\/warhammer-40-000-kill-team-caja-de-inicio\/#primaryimage\"},\"image\":{\"@id\":\"https:\/\/endormoonstore.com\/warhammer-40-000-kill-team-caja-de-inicio\/#primaryimage\"},\"thumbnailUrl\":\"https:\/\/endormoonstore.com\/wp-content\/uploads\/2018\/07\/warhammer_40.000_kill_team_espan_ol_-1_2.jpg\",\"datePublished\":\"2018-07-26T18:37:30+00:00\",\"dateModified\":\"2023-01-01T22:00:08+00:00\",\"breadcrumb\":{\"@id\":\"https:\/\/endormoonstore.com\/warhammer-40-000-kill-team-caja-de-inicio\/#breadcrumb\"},\"inLanguage\":\"en-US\",\"potentialAction\":[{\"@type\":\"ReadAction\",\"target\":[\"https:\/\/endormoonstore.com\/warhammer-40-000-kill-team-caja-de-inicio\/\"]}]},{\"@type\":\"ImageObject\",\"inLanguage\":\"en-US\",\"@id\":\"https:\/\/endormoonstore.com\/warhammer-40-000-kill-team-caja-de-inicio\/#primaryimage\",\"url\":\"https:\/\/endormoonstore.com\/wp-content\/uploads\/2018\/07\/warhammer_40.000_kill_team_espan_ol_-1_2.jpg\",\"contentUrl\":\"https:\/\/endormoonstore.com\/wp-content\/uploads\/2018\/07\/warhammer_40.000_kill_team_espan_ol_-1_2.jpg\",\"width\":920,\"height\":950},{\"@type\":\"BreadcrumbList\",\"@id\":\"https:\/\/endormoonstore.com\/warhammer-40-000-kill-team-caja-de-inicio\/#breadcrumb\",\"itemListElement\":[{\"@type\":\"ListItem\",\"position\":1,\"name\":\"Shop\",\"item\":\"https:\/\/endormoonstore.com\/en\/shop\/\"},{\"@type\":\"ListItem\",\"position\":2,\"name\":\"Warhammer 40.000 Kill Team Caja de Inicio\"}]},{\"@type\":\"WebSite\",\"@id\":\"https:\/\/endormoonstore.com\/#website\",\"url\":\"https:\/\/endormoonstore.com\/\",\"name\":\"EndormoonStore\",\"description\":\"\",\"potentialAction\":[{\"@type\":\"SearchAction\",\"target\":{\"@type\":\"EntryPoint\",\"urlTemplate\":\"https:\/\/endormoonstore.com\/?s={search_term_string}\"},\"query-input\":{\"@type\":\"PropertyValueSpecification\",\"valueRequired\":true,\"valueName\":\"search_term_string\"}}],\"inLanguage\":\"en-US\"}]}<\/script>\n<!-- \/ Yoast SEO plugin. -->","yoast_head_json":{"title":"Warhammer 40.000 Kill Team Caja de Inicio - EndormoonStore","robots":{"index":"index","follow":"follow","max-snippet":"max-snippet:-1","max-image-preview":"max-image-preview:large","max-video-preview":"max-video-preview:-1"},"canonical":"https:\/\/endormoonstore.com\/warhammer-40-000-kill-team-caja-de-inicio\/","og_locale":"en_US","og_type":"article","og_title":"Warhammer 40.000 Kill Team Caja de Inicio - EndormoonStore","og_description":"Warhammer 40.000 Kill Team Caja de Inicio (Espa\u00f1ol)  Warhammer 40,000: Kill Team es un din\u00e1mico juego de miniaturas en el que se enfrentan equipos de especialistas de \u00e9lite, fan\u00e1ticos desharrapados y veteranos curtidos, unos contra otros en batallas feroces hasta la muerte","og_url":"https:\/\/endormoonstore.com\/warhammer-40-000-kill-team-caja-de-inicio\/","og_site_name":"EndormoonStore","article_modified_time":"2023-01-01T22:00:08+00:00","og_image":[{"width":920,"height":950,"url":"https:\/\/endormoonstore.com\/wp-content\/uploads\/2018\/07\/warhammer_40.000_kill_team_espan_ol_-1_2.jpg","type":"image\/jpeg"}],"twitter_card":"summary_large_image","twitter_misc":{"Est. reading time":"7 minutes"},"schema":{"@context":"https:\/\/schema.org","@graph":[{"@type":"WebPage","@id":"https:\/\/endormoonstore.com\/warhammer-40-000-kill-team-caja-de-inicio\/","url":"https:\/\/endormoonstore.com\/warhammer-40-000-kill-team-caja-de-inicio\/","name":"Warhammer 40.000 Kill Team Caja de Inicio - EndormoonStore","isPartOf":{"@id":"https:\/\/endormoonstore.com\/#website"},"primaryImageOfPage":{"@id":"https:\/\/endormoonstore.com\/warhammer-40-000-kill-team-caja-de-inicio\/#primaryimage"},"image":{"@id":"https:\/\/endormoonstore.com\/warhammer-40-000-kill-team-caja-de-inicio\/#primaryimage"},"thumbnailUrl":"https:\/\/endormoonstore.com\/wp-content\/uploads\/2018\/07\/warhammer_40.000_kill_team_espan_ol_-1_2.jpg","datePublished":"2018-07-26T18:37:30+00:00","dateModified":"2023-01-01T22:00:08+00:00","breadcrumb":{"@id":"https:\/\/endormoonstore.com\/warhammer-40-000-kill-team-caja-de-inicio\/#breadcrumb"},"inLanguage":"en-US","potentialAction":[{"@type":"ReadAction","target":["https:\/\/endormoonstore.com\/warhammer-40-000-kill-team-caja-de-inicio\/"]}]},{"@type":"ImageObject","inLanguage":"en-US","@id":"https:\/\/endormoonstore.com\/warhammer-40-000-kill-team-caja-de-inicio\/#primaryimage","url":"https:\/\/endormoonstore.com\/wp-content\/uploads\/2018\/07\/warhammer_40.000_kill_team_espan_ol_-1_2.jpg","contentUrl":"https:\/\/endormoonstore.com\/wp-content\/uploads\/2018\/07\/warhammer_40.000_kill_team_espan_ol_-1_2.jpg","width":920,"height":950},{"@type":"BreadcrumbList","@id":"https:\/\/endormoonstore.com\/warhammer-40-000-kill-team-caja-de-inicio\/#breadcrumb","itemListElement":[{"@type":"ListItem","position":1,"name":"Shop","item":"https:\/\/endormoonstore.com\/en\/shop\/"},{"@type":"ListItem","position":2,"name":"Warhammer 40.000 Kill Team Caja de Inicio"}]},{"@type":"WebSite","@id":"https:\/\/endormoonstore.com\/#website","url":"https:\/\/endormoonstore.com\/","name":"EndormoonStore","description":"","potentialAction":[{"@type":"SearchAction","target":{"@type":"EntryPoint","urlTemplate":"https:\/\/endormoonstore.com\/?s={search_term_string}"},"query-input":{"@type":"PropertyValueSpecification","valueRequired":true,"valueName":"search_term_string"}}],"inLanguage":"en-US"}]}},"taxonomy_info":{"product_cat":[{"value":1386,"label":"Miniatures"}],"pa_brand":[{"value":1758,"label":"Games Workshop"}],"pa_product-type":[{"value":4046,"label":"Start Box"}],"pa_theme":[{"value":9235,"label":"Kill Team"}]},"featured_image_src_large":["https:\/\/endormoonstore.com\/wp-content\/uploads\/2018\/07\/warhammer_40.000_kill_team_espan_ol_-1_2.jpg",920,950,false],"author_info":[],"comment_info":"","_links":{"self":[{"href":"https:\/\/endormoonstore.com\/en\/wp-json\/wp\/v2\/product\/62480","targetHints":{"allow":["GET"]}}],"collection":[{"href":"https:\/\/endormoonstore.com\/en\/wp-json\/wp\/v2\/product"}],"about":[{"href":"https:\/\/endormoonstore.com\/en\/wp-json\/wp\/v2\/types\/product"}],"wp:featuredmedia":[{"embeddable":true,"href":"https:\/\/endormoonstore.com\/en\/wp-json\/wp\/v2\/media\/62452"}],"wp:attachment":[{"href":"https:\/\/endormoonstore.com\/en\/wp-json\/wp\/v2\/media?parent=62480"}],"wp:term":[{"taxonomy":"product_cat","embeddable":true,"href":"https:\/\/endormoonstore.com\/en\/wp-json\/wp\/v2\/product_cat?post=62480"},{"taxonomy":"product_tag","embeddable":true,"href":"https:\/\/endormoonstore.com\/en\/wp-json\/wp\/v2\/product_tag?post=62480"}],"curies":[{"name":"wp","href":"https:\/\/api.w.org\/{rel}","templated":true}]}}