{"id":62426,"date":"2018-07-26T12:19:09","date_gmt":"2018-07-26T10:19:09","guid":{"rendered":"https:\/\/endormoonstore.com\/warhammer-40-000-sector-imperialis-sanctum\/"},"modified":"2021-07-31T19:08:57","modified_gmt":"2021-07-31T17:08:57","slug":"warhammer-40-000-sector-imperialis-sanctum","status":"publish","type":"product","link":"https:\/\/endormoonstore.com\/en\/warhammer-40-000-sector-imperialis-sanctum\/","title":{"rendered":"Warhammer 40.000 Sector Imperialis Sanctum"},"content":{"rendered":"<p>Warhammer 40.000 Sector Imperialis Sanctum<\/p>\n<p>Un impactante conjunto de detallada y llamativa escenograf\u00eda, estas ruinas son un kit de pl\u00e1stico modular totalmente compatible con otros en las gamas Sector Imperialis y Sector Mechanicus. \u00a1Combina tantos kits como desees para crear entornos tan extensos como evocadores de m\u00faltiples niveles, ideales para partidas de Warhammer 40,000!<\/p>\n<p>El Sector Imperialis Sanctum fue en tiempos un glorioso monumento al Emperador, derruido y en mal estado debido a siglos de conflictos. Pese a todo, salta a la vista que se trata de un lugar de gran importancia, pues si bien los arcos g\u00f3ticos tal vez est\u00e9n hechos a\u00f1icos, las impasibles estatuas que protegen el Sanctum permanecen inm\u00f3viles sobre sus imponentes pedestales, arrugado el entrecejo con odio ante la visi\u00f3n del alien\u00edgena, del xenos y del hereje.<\/p>\n<p>Este kit consta de 5 matrices de piezas de pl\u00e1stico (un total de 100):<\/p>\n<p>&#8211; 2 matrices, cada una con 4 tramos de pared cubiertos de iconograf\u00eda imperial (\u00a1y calaveras!), con 4 columnas, 3 remates de columna (1 en ruinas), un respiradero y 2 l\u00e1mparas peque\u00f1as;<br \/>\n&#8211; Una matriz de ruinas y suelos que contiene 1 tramo de esquina en ruinas, 3 tramos de suelo resquebrajado, 1 tramo de suelo entero, 1 columna peque\u00f1a rota, 4 peque\u00f1os tramos de suelo roto, 1 remate, 2 arcos de soporte, 2 l\u00e1mparas que se enchufan en la parte inferior de los tramos de suelo y 1 peque\u00f1a l\u00e1mpara circular;<br \/>\n&#8211; Una matriz de edificios en ruinas del Sector Imperialis, con 3 tramos de ruinas con las ventanas rotas, columnas quebradas y tuber\u00edas;<br \/>\n&#8211; Una matriz con 4 arbotantes, 4 columnas, 4 secciones superiores de columna y 4 estatuas. Las estatuas son detalladas y l\u00fagubres, ataviadas con t\u00fanicas pesadas: 1 aferra un hacha con hoja serrada; otra apoya la espada sobre su columna con un gran juego de llaves; otra sostiene un sextante y una linterna, y ofrece la opci\u00f3n de cabeza rota o intacta, y la cuarta est\u00e1 encadenada, con relicario entre las manos (como opci\u00f3n, esta \u00faltima estatua puede montarse rota). Tambi\u00e9n se incluyen en esta matriz 3 l\u00e1mparas peque\u00f1as.<\/p>\n<p>Se incluyen las reglas para su uso en partidas de Warhammer 40,000.<\/p>\n<p>&nbsp;<\/p>\n","protected":false},"excerpt":{"rendered":"<p>Warhammer 40.000 Sector Imperialis Sanctum<\/p>\n<p>Un impactante conjunto de detallada y llamativa escenograf\u00eda, estas ruinas son un kit de pl\u00e1stico modular totalmente compatible con otros en las gamas Sector Imperialis y Sector Mechanicus. \u00a1Combina tantos kits como desees para crear entornos tan extensos como evocadores de m\u00faltiples niveles, ideales para partidas de Warhammer 40,000!<\/p>\n","protected":false},"featured_media":62414,"template":"","meta":{"_acf_changed":false,"_kad_blocks_custom_css":"","_kad_blocks_head_custom_js":"","_kad_blocks_body_custom_js":"","_kad_blocks_footer_custom_js":""},"product_cat":[14150],"product_tag":[],"class_list":{"0":"post-62426","1":"product","2":"type-product","3":"status-publish","4":"has-post-thumbnail","6":"product_cat-sin-categorizar","8":"first","9":"outofstock","10":"taxable","11":"shipping-taxable","12":"purchasable","13":"product-type-simple"},"acf":[],"yoast_head":"<!-- This site is optimized with the Yoast SEO plugin v26.1.1 - https:\/\/yoast.com\/wordpress\/plugins\/seo\/ -->\n<title>Warhammer 40.000 Sector Imperialis Sanctum - EndormoonStore<\/title>\n<meta name=\"robots\" content=\"index, follow, max-snippet:-1, max-image-preview:large, max-video-preview:-1\" \/>\n<link rel=\"canonical\" href=\"https:\/\/endormoonstore.com\/en\/warhammer-40-000-sector-imperialis-sanctum\/\" \/>\n<meta property=\"og:locale\" content=\"en_US\" \/>\n<meta property=\"og:type\" content=\"article\" \/>\n<meta property=\"og:title\" content=\"Warhammer 40.000 Sector Imperialis Sanctum - EndormoonStore\" \/>\n<meta property=\"og:description\" content=\"Warhammer 40.000 Sector Imperialis Sanctum  Un impactante conjunto de detallada y llamativa escenograf\u00eda, estas ruinas son un kit de pl\u00e1stico modular totalmente compatible con otros en las gamas Sector Imperialis y Sector Mechanicus. \u00a1Combina tantos kits como desees para crear entornos tan extensos como evocadores de m\u00faltiples niveles, ideales para partidas de Warhammer 40,000!\" \/>\n<meta property=\"og:url\" content=\"https:\/\/endormoonstore.com\/en\/warhammer-40-000-sector-imperialis-sanctum\/\" \/>\n<meta property=\"og:site_name\" content=\"EndormoonStore\" \/>\n<meta property=\"article:modified_time\" content=\"2021-07-31T17:08:57+00:00\" \/>\n<meta property=\"og:image\" content=\"https:\/\/endormoonstore.com\/wp-content\/uploads\/2018\/07\/warhammer_40.000_sector_imperoalis_sanctum-1.jpg\" \/>\n\t<meta property=\"og:image:width\" content=\"920\" \/>\n\t<meta property=\"og:image:height\" content=\"950\" \/>\n\t<meta property=\"og:image:type\" content=\"image\/jpeg\" \/>\n<meta name=\"twitter:card\" content=\"summary_large_image\" \/>\n<meta name=\"twitter:label1\" content=\"Est. reading time\" \/>\n\t<meta name=\"twitter:data1\" content=\"2 minutes\" \/>\n<script type=\"application\/ld+json\" class=\"yoast-schema-graph\">{\"@context\":\"https:\/\/schema.org\",\"@graph\":[{\"@type\":\"WebPage\",\"@id\":\"https:\/\/endormoonstore.com\/en\/warhammer-40-000-sector-imperialis-sanctum\/\",\"url\":\"https:\/\/endormoonstore.com\/en\/warhammer-40-000-sector-imperialis-sanctum\/\",\"name\":\"Warhammer 40.000 Sector Imperialis Sanctum - EndormoonStore\",\"isPartOf\":{\"@id\":\"https:\/\/endormoonstore.com\/#website\"},\"primaryImageOfPage\":{\"@id\":\"https:\/\/endormoonstore.com\/en\/warhammer-40-000-sector-imperialis-sanctum\/#primaryimage\"},\"image\":{\"@id\":\"https:\/\/endormoonstore.com\/en\/warhammer-40-000-sector-imperialis-sanctum\/#primaryimage\"},\"thumbnailUrl\":\"https:\/\/endormoonstore.com\/wp-content\/uploads\/2018\/07\/warhammer_40.000_sector_imperoalis_sanctum-1.jpg\",\"datePublished\":\"2018-07-26T10:19:09+00:00\",\"dateModified\":\"2021-07-31T17:08:57+00:00\",\"breadcrumb\":{\"@id\":\"https:\/\/endormoonstore.com\/en\/warhammer-40-000-sector-imperialis-sanctum\/#breadcrumb\"},\"inLanguage\":\"en-US\",\"potentialAction\":[{\"@type\":\"ReadAction\",\"target\":[\"https:\/\/endormoonstore.com\/en\/warhammer-40-000-sector-imperialis-sanctum\/\"]}]},{\"@type\":\"ImageObject\",\"inLanguage\":\"en-US\",\"@id\":\"https:\/\/endormoonstore.com\/en\/warhammer-40-000-sector-imperialis-sanctum\/#primaryimage\",\"url\":\"https:\/\/endormoonstore.com\/wp-content\/uploads\/2018\/07\/warhammer_40.000_sector_imperoalis_sanctum-1.jpg\",\"contentUrl\":\"https:\/\/endormoonstore.com\/wp-content\/uploads\/2018\/07\/warhammer_40.000_sector_imperoalis_sanctum-1.jpg\",\"width\":920,\"height\":950},{\"@type\":\"BreadcrumbList\",\"@id\":\"https:\/\/endormoonstore.com\/en\/warhammer-40-000-sector-imperialis-sanctum\/#breadcrumb\",\"itemListElement\":[{\"@type\":\"ListItem\",\"position\":1,\"name\":\"Shop\",\"item\":\"https:\/\/endormoonstore.com\/en\/shop\/\"},{\"@type\":\"ListItem\",\"position\":2,\"name\":\"Warhammer 40.000 Sector Imperialis Sanctum\"}]},{\"@type\":\"WebSite\",\"@id\":\"https:\/\/endormoonstore.com\/#website\",\"url\":\"https:\/\/endormoonstore.com\/\",\"name\":\"EndormoonStore\",\"description\":\"\",\"potentialAction\":[{\"@type\":\"SearchAction\",\"target\":{\"@type\":\"EntryPoint\",\"urlTemplate\":\"https:\/\/endormoonstore.com\/?s={search_term_string}\"},\"query-input\":{\"@type\":\"PropertyValueSpecification\",\"valueRequired\":true,\"valueName\":\"search_term_string\"}}],\"inLanguage\":\"en-US\"}]}<\/script>\n<!-- \/ Yoast SEO plugin. -->","yoast_head_json":{"title":"Warhammer 40.000 Sector Imperialis Sanctum - EndormoonStore","robots":{"index":"index","follow":"follow","max-snippet":"max-snippet:-1","max-image-preview":"max-image-preview:large","max-video-preview":"max-video-preview:-1"},"canonical":"https:\/\/endormoonstore.com\/en\/warhammer-40-000-sector-imperialis-sanctum\/","og_locale":"en_US","og_type":"article","og_title":"Warhammer 40.000 Sector Imperialis Sanctum - EndormoonStore","og_description":"Warhammer 40.000 Sector Imperialis Sanctum  Un impactante conjunto de detallada y llamativa escenograf\u00eda, estas ruinas son un kit de pl\u00e1stico modular totalmente compatible con otros en las gamas Sector Imperialis y Sector Mechanicus. \u00a1Combina tantos kits como desees para crear entornos tan extensos como evocadores de m\u00faltiples niveles, ideales para partidas de Warhammer 40,000!","og_url":"https:\/\/endormoonstore.com\/en\/warhammer-40-000-sector-imperialis-sanctum\/","og_site_name":"EndormoonStore","article_modified_time":"2021-07-31T17:08:57+00:00","og_image":[{"width":920,"height":950,"url":"https:\/\/endormoonstore.com\/wp-content\/uploads\/2018\/07\/warhammer_40.000_sector_imperoalis_sanctum-1.jpg","type":"image\/jpeg"}],"twitter_card":"summary_large_image","twitter_misc":{"Est. reading time":"2 minutes"},"schema":{"@context":"https:\/\/schema.org","@graph":[{"@type":"WebPage","@id":"https:\/\/endormoonstore.com\/en\/warhammer-40-000-sector-imperialis-sanctum\/","url":"https:\/\/endormoonstore.com\/en\/warhammer-40-000-sector-imperialis-sanctum\/","name":"Warhammer 40.000 Sector Imperialis Sanctum - EndormoonStore","isPartOf":{"@id":"https:\/\/endormoonstore.com\/#website"},"primaryImageOfPage":{"@id":"https:\/\/endormoonstore.com\/en\/warhammer-40-000-sector-imperialis-sanctum\/#primaryimage"},"image":{"@id":"https:\/\/endormoonstore.com\/en\/warhammer-40-000-sector-imperialis-sanctum\/#primaryimage"},"thumbnailUrl":"https:\/\/endormoonstore.com\/wp-content\/uploads\/2018\/07\/warhammer_40.000_sector_imperoalis_sanctum-1.jpg","datePublished":"2018-07-26T10:19:09+00:00","dateModified":"2021-07-31T17:08:57+00:00","breadcrumb":{"@id":"https:\/\/endormoonstore.com\/en\/warhammer-40-000-sector-imperialis-sanctum\/#breadcrumb"},"inLanguage":"en-US","potentialAction":[{"@type":"ReadAction","target":["https:\/\/endormoonstore.com\/en\/warhammer-40-000-sector-imperialis-sanctum\/"]}]},{"@type":"ImageObject","inLanguage":"en-US","@id":"https:\/\/endormoonstore.com\/en\/warhammer-40-000-sector-imperialis-sanctum\/#primaryimage","url":"https:\/\/endormoonstore.com\/wp-content\/uploads\/2018\/07\/warhammer_40.000_sector_imperoalis_sanctum-1.jpg","contentUrl":"https:\/\/endormoonstore.com\/wp-content\/uploads\/2018\/07\/warhammer_40.000_sector_imperoalis_sanctum-1.jpg","width":920,"height":950},{"@type":"BreadcrumbList","@id":"https:\/\/endormoonstore.com\/en\/warhammer-40-000-sector-imperialis-sanctum\/#breadcrumb","itemListElement":[{"@type":"ListItem","position":1,"name":"Shop","item":"https:\/\/endormoonstore.com\/en\/shop\/"},{"@type":"ListItem","position":2,"name":"Warhammer 40.000 Sector Imperialis Sanctum"}]},{"@type":"WebSite","@id":"https:\/\/endormoonstore.com\/#website","url":"https:\/\/endormoonstore.com\/","name":"EndormoonStore","description":"","potentialAction":[{"@type":"SearchAction","target":{"@type":"EntryPoint","urlTemplate":"https:\/\/endormoonstore.com\/?s={search_term_string}"},"query-input":{"@type":"PropertyValueSpecification","valueRequired":true,"valueName":"search_term_string"}}],"inLanguage":"en-US"}]}},"taxonomy_info":{"product_cat":[{"value":14150,"label":"Sin categorizar"}]},"featured_image_src_large":["https:\/\/endormoonstore.com\/wp-content\/uploads\/2018\/07\/warhammer_40.000_sector_imperoalis_sanctum-1.jpg",920,950,false],"author_info":[],"comment_info":"","_links":{"self":[{"href":"https:\/\/endormoonstore.com\/en\/wp-json\/wp\/v2\/product\/62426","targetHints":{"allow":["GET"]}}],"collection":[{"href":"https:\/\/endormoonstore.com\/en\/wp-json\/wp\/v2\/product"}],"about":[{"href":"https:\/\/endormoonstore.com\/en\/wp-json\/wp\/v2\/types\/product"}],"wp:featuredmedia":[{"embeddable":true,"href":"https:\/\/endormoonstore.com\/en\/wp-json\/wp\/v2\/media\/62414"}],"wp:attachment":[{"href":"https:\/\/endormoonstore.com\/en\/wp-json\/wp\/v2\/media?parent=62426"}],"wp:term":[{"taxonomy":"product_cat","embeddable":true,"href":"https:\/\/endormoonstore.com\/en\/wp-json\/wp\/v2\/product_cat?post=62426"},{"taxonomy":"product_tag","embeddable":true,"href":"https:\/\/endormoonstore.com\/en\/wp-json\/wp\/v2\/product_tag?post=62426"}],"curies":[{"name":"wp","href":"https:\/\/api.w.org\/{rel}","templated":true}]}}