{"id":62150,"date":"2018-07-07T11:43:29","date_gmt":"2018-07-07T09:43:29","guid":{"rendered":"https:\/\/endormoonstore.com\/warhammer-40-000-ork-stompa\/"},"modified":"2018-07-07T11:43:29","modified_gmt":"2018-07-07T09:43:29","slug":"warhammer-40-000-ork-stompa","status":"publish","type":"product","link":"https:\/\/endormoonstore.com\/en\/warhammer-40-000-ork-stompa\/","title":{"rendered":"Warhammer 40.000 Ork Stompa"},"content":{"rendered":"<style type=\"text\/css\"><!--\np.p1 {margin: 0.0px 0.0px 0.0px 0.0px; font: 10.0px Helvetica; color: #000000; -webkit-text-stroke: #000000}\nspan.s1 {font-kerning: none}\n--><\/style>\n<p class=\"p1\"><span class=\"s1\"><strong>Warhammer 40.000 Ork Stompa<span class=\"Apple-converted-space\">&nbsp;<\/span><\/strong><\/span><\/p>\n<p class=\"p2\">\n<p class=\"p1\">\n<p class=\"p2\">\n<p class=\"p1\"><strong>Descripci&oacute;n<\/strong><\/p>\n<div class=\"tabs__panel tabs__state--active\" id=\"description\">\n<div class=\"legacy-tab legacy-tab--description\">\n<div class=\"tab-panel__column\">\n<p>Cuando un dreadnought no es lo suficientemente grande, el mek&aacute;niko siente un ansia irremediable por construir un pizoteador. Un pizoteador es tan grande como una fortaleza rodante y es el &iacute;dolo andante, asaltante y rugiente de Gorko. Tiene una tripulaci&oacute;n compuesta por varios Orkos y docenas de ayudantez y mensajeros. Un pizoteador suele llevar dos o tres ca&ntilde;ones acoplados, as&iacute; como alguna forma de garra descomunal o espada sonora para destrozar los tanques y titanes enemigos en combate cuerpo a cuerpo.<\/p>\n<p>Esta caja contiene un pizoteador orko multicomponente de pl&aacute;stico. Esta gran caja tiene unos 230 componentes, se suministra con una mir&iacute;ada de armas, y se puede montar de muchas maneras diferentes.<\/p>\n<\/div>\n<\/div>\n<\/div>\n<p class=\"p1\">\n<p class=\"p1\">EAN:5011921013388<\/p>\n<p class=\"p1\">\n<p class=\"p1\">MPM: GW50-15<\/p>\n<style type=\"text\/css\"><!--\np.p1 {margin: 0.0px 0.0px 0.0px 0.0px; font: 12.0px 'Helvetica Neue'; color: #454545}\np.p2 {margin: 0.0px 0.0px 0.0px 0.0px; font: 12.0px 'Helvetica Neue'; color: #454545; min-height: 14.0px}\n--><\/style>\n","protected":false},"excerpt":{"rendered":"<p>Warhammer 40.000 Talons of the Emperor (Espa\u00f1ol)<\/p>\n<p>Cuando un dreadnought no es lo suficientemente grande, el mek\u00e1niko siente un ansia irremediable por construir un pizoteador. Un pizoteador es tan grande como una fortaleza rodante y es el \u00eddolo andante, asaltante y rugiente de Gorko. Tiene una tripulaci\u00f3n compuesta por varios Orkos y docenas de ayudantez y mensajeros. Un pizoteador suele llevar dos o tres ca\u00f1ones acoplados, as\u00ed como alguna forma de garra descomunal o espada sonora para destrozar los tanques y titanes enemigos en combate cuerpo a cuerpo.<\/p>\n","protected":false},"featured_media":62148,"template":"","meta":{"_acf_changed":false,"_kad_blocks_custom_css":"","_kad_blocks_head_custom_js":"","_kad_blocks_body_custom_js":"","_kad_blocks_footer_custom_js":""},"product_cat":[13751],"product_tag":[],"class_list":{"0":"post-62150","1":"product","2":"type-product","3":"status-publish","4":"has-post-thumbnail","6":"product_cat-no-categorized","8":"first","9":"outofstock","10":"taxable","11":"shipping-taxable","12":"purchasable","13":"product-type-simple"},"acf":[],"yoast_head":"<!-- This site is optimized with the Yoast SEO plugin v26.1.1 - https:\/\/yoast.com\/wordpress\/plugins\/seo\/ -->\n<title>Warhammer 40.000 Ork Stompa - EndormoonStore<\/title>\n<meta name=\"robots\" content=\"index, follow, max-snippet:-1, max-image-preview:large, max-video-preview:-1\" \/>\n<link rel=\"canonical\" href=\"https:\/\/endormoonstore.com\/en\/warhammer-40-000-ork-stompa\/\" \/>\n<meta property=\"og:locale\" content=\"en_US\" \/>\n<meta property=\"og:type\" content=\"article\" \/>\n<meta property=\"og:title\" content=\"Warhammer 40.000 Ork Stompa - EndormoonStore\" \/>\n<meta property=\"og:description\" content=\"Warhammer 40.000 Talons of the Emperor (Espa\u00f1ol)  Cuando un dreadnought no es lo suficientemente grande, el mek\u00e1niko siente un ansia irremediable por construir un pizoteador. Un pizoteador es tan grande como una fortaleza rodante y es el \u00eddolo andante, asaltante y rugiente de Gorko. Tiene una tripulaci\u00f3n compuesta por varios Orkos y docenas de ayudantez y mensajeros. Un pizoteador suele llevar dos o tres ca\u00f1ones acoplados, as\u00ed como alguna forma de garra descomunal o espada sonora para destrozar los tanques y titanes enemigos en combate cuerpo a cuerpo.\" \/>\n<meta property=\"og:url\" content=\"https:\/\/endormoonstore.com\/en\/warhammer-40-000-ork-stompa\/\" \/>\n<meta property=\"og:site_name\" content=\"EndormoonStore\" \/>\n<meta property=\"og:image\" content=\"https:\/\/endormoonstore.com\/wp-content\/uploads\/2018\/07\/warhammer_40.000_ork_stompa.jpg\" \/>\n\t<meta property=\"og:image:width\" content=\"920\" \/>\n\t<meta property=\"og:image:height\" content=\"950\" \/>\n\t<meta property=\"og:image:type\" content=\"image\/jpeg\" \/>\n<meta name=\"twitter:card\" content=\"summary_large_image\" \/>\n<meta name=\"twitter:label1\" content=\"Est. reading time\" \/>\n\t<meta name=\"twitter:data1\" content=\"1 minute\" \/>\n<script type=\"application\/ld+json\" class=\"yoast-schema-graph\">{\"@context\":\"https:\/\/schema.org\",\"@graph\":[{\"@type\":\"WebPage\",\"@id\":\"https:\/\/endormoonstore.com\/en\/warhammer-40-000-ork-stompa\/\",\"url\":\"https:\/\/endormoonstore.com\/en\/warhammer-40-000-ork-stompa\/\",\"name\":\"Warhammer 40.000 Ork Stompa - EndormoonStore\",\"isPartOf\":{\"@id\":\"https:\/\/endormoonstore.com\/#website\"},\"primaryImageOfPage\":{\"@id\":\"https:\/\/endormoonstore.com\/en\/warhammer-40-000-ork-stompa\/#primaryimage\"},\"image\":{\"@id\":\"https:\/\/endormoonstore.com\/en\/warhammer-40-000-ork-stompa\/#primaryimage\"},\"thumbnailUrl\":\"https:\/\/endormoonstore.com\/wp-content\/uploads\/2018\/07\/warhammer_40.000_ork_stompa.jpg\",\"datePublished\":\"2018-07-07T09:43:29+00:00\",\"breadcrumb\":{\"@id\":\"https:\/\/endormoonstore.com\/en\/warhammer-40-000-ork-stompa\/#breadcrumb\"},\"inLanguage\":\"en-US\",\"potentialAction\":[{\"@type\":\"ReadAction\",\"target\":[\"https:\/\/endormoonstore.com\/en\/warhammer-40-000-ork-stompa\/\"]}]},{\"@type\":\"ImageObject\",\"inLanguage\":\"en-US\",\"@id\":\"https:\/\/endormoonstore.com\/en\/warhammer-40-000-ork-stompa\/#primaryimage\",\"url\":\"https:\/\/endormoonstore.com\/wp-content\/uploads\/2018\/07\/warhammer_40.000_ork_stompa.jpg\",\"contentUrl\":\"https:\/\/endormoonstore.com\/wp-content\/uploads\/2018\/07\/warhammer_40.000_ork_stompa.jpg\",\"width\":920,\"height\":950,\"caption\":\"Warhammer 40.000 Ork Stompa -0\"},{\"@type\":\"BreadcrumbList\",\"@id\":\"https:\/\/endormoonstore.com\/en\/warhammer-40-000-ork-stompa\/#breadcrumb\",\"itemListElement\":[{\"@type\":\"ListItem\",\"position\":1,\"name\":\"Shop\",\"item\":\"https:\/\/endormoonstore.com\/en\/shop\/\"},{\"@type\":\"ListItem\",\"position\":2,\"name\":\"Warhammer 40.000 Ork Stompa\"}]},{\"@type\":\"WebSite\",\"@id\":\"https:\/\/endormoonstore.com\/#website\",\"url\":\"https:\/\/endormoonstore.com\/\",\"name\":\"EndormoonStore\",\"description\":\"\",\"potentialAction\":[{\"@type\":\"SearchAction\",\"target\":{\"@type\":\"EntryPoint\",\"urlTemplate\":\"https:\/\/endormoonstore.com\/?s={search_term_string}\"},\"query-input\":{\"@type\":\"PropertyValueSpecification\",\"valueRequired\":true,\"valueName\":\"search_term_string\"}}],\"inLanguage\":\"en-US\"}]}<\/script>\n<!-- \/ Yoast SEO plugin. -->","yoast_head_json":{"title":"Warhammer 40.000 Ork Stompa - EndormoonStore","robots":{"index":"index","follow":"follow","max-snippet":"max-snippet:-1","max-image-preview":"max-image-preview:large","max-video-preview":"max-video-preview:-1"},"canonical":"https:\/\/endormoonstore.com\/en\/warhammer-40-000-ork-stompa\/","og_locale":"en_US","og_type":"article","og_title":"Warhammer 40.000 Ork Stompa - EndormoonStore","og_description":"Warhammer 40.000 Talons of the Emperor (Espa\u00f1ol)  Cuando un dreadnought no es lo suficientemente grande, el mek\u00e1niko siente un ansia irremediable por construir un pizoteador. Un pizoteador es tan grande como una fortaleza rodante y es el \u00eddolo andante, asaltante y rugiente de Gorko. Tiene una tripulaci\u00f3n compuesta por varios Orkos y docenas de ayudantez y mensajeros. Un pizoteador suele llevar dos o tres ca\u00f1ones acoplados, as\u00ed como alguna forma de garra descomunal o espada sonora para destrozar los tanques y titanes enemigos en combate cuerpo a cuerpo.","og_url":"https:\/\/endormoonstore.com\/en\/warhammer-40-000-ork-stompa\/","og_site_name":"EndormoonStore","og_image":[{"width":920,"height":950,"url":"https:\/\/endormoonstore.com\/wp-content\/uploads\/2018\/07\/warhammer_40.000_ork_stompa.jpg","type":"image\/jpeg"}],"twitter_card":"summary_large_image","twitter_misc":{"Est. reading time":"1 minute"},"schema":{"@context":"https:\/\/schema.org","@graph":[{"@type":"WebPage","@id":"https:\/\/endormoonstore.com\/en\/warhammer-40-000-ork-stompa\/","url":"https:\/\/endormoonstore.com\/en\/warhammer-40-000-ork-stompa\/","name":"Warhammer 40.000 Ork Stompa - EndormoonStore","isPartOf":{"@id":"https:\/\/endormoonstore.com\/#website"},"primaryImageOfPage":{"@id":"https:\/\/endormoonstore.com\/en\/warhammer-40-000-ork-stompa\/#primaryimage"},"image":{"@id":"https:\/\/endormoonstore.com\/en\/warhammer-40-000-ork-stompa\/#primaryimage"},"thumbnailUrl":"https:\/\/endormoonstore.com\/wp-content\/uploads\/2018\/07\/warhammer_40.000_ork_stompa.jpg","datePublished":"2018-07-07T09:43:29+00:00","breadcrumb":{"@id":"https:\/\/endormoonstore.com\/en\/warhammer-40-000-ork-stompa\/#breadcrumb"},"inLanguage":"en-US","potentialAction":[{"@type":"ReadAction","target":["https:\/\/endormoonstore.com\/en\/warhammer-40-000-ork-stompa\/"]}]},{"@type":"ImageObject","inLanguage":"en-US","@id":"https:\/\/endormoonstore.com\/en\/warhammer-40-000-ork-stompa\/#primaryimage","url":"https:\/\/endormoonstore.com\/wp-content\/uploads\/2018\/07\/warhammer_40.000_ork_stompa.jpg","contentUrl":"https:\/\/endormoonstore.com\/wp-content\/uploads\/2018\/07\/warhammer_40.000_ork_stompa.jpg","width":920,"height":950,"caption":"Warhammer 40.000 Ork Stompa -0"},{"@type":"BreadcrumbList","@id":"https:\/\/endormoonstore.com\/en\/warhammer-40-000-ork-stompa\/#breadcrumb","itemListElement":[{"@type":"ListItem","position":1,"name":"Shop","item":"https:\/\/endormoonstore.com\/en\/shop\/"},{"@type":"ListItem","position":2,"name":"Warhammer 40.000 Ork Stompa"}]},{"@type":"WebSite","@id":"https:\/\/endormoonstore.com\/#website","url":"https:\/\/endormoonstore.com\/","name":"EndormoonStore","description":"","potentialAction":[{"@type":"SearchAction","target":{"@type":"EntryPoint","urlTemplate":"https:\/\/endormoonstore.com\/?s={search_term_string}"},"query-input":{"@type":"PropertyValueSpecification","valueRequired":true,"valueName":"search_term_string"}}],"inLanguage":"en-US"}]}},"taxonomy_info":{"product_cat":[{"value":13751,"label":"No categorized"}]},"featured_image_src_large":["https:\/\/endormoonstore.com\/wp-content\/uploads\/2018\/07\/warhammer_40.000_ork_stompa.jpg",920,950,false],"author_info":[],"comment_info":"","_links":{"self":[{"href":"https:\/\/endormoonstore.com\/en\/wp-json\/wp\/v2\/product\/62150","targetHints":{"allow":["GET"]}}],"collection":[{"href":"https:\/\/endormoonstore.com\/en\/wp-json\/wp\/v2\/product"}],"about":[{"href":"https:\/\/endormoonstore.com\/en\/wp-json\/wp\/v2\/types\/product"}],"wp:featuredmedia":[{"embeddable":true,"href":"https:\/\/endormoonstore.com\/en\/wp-json\/wp\/v2\/media\/62148"}],"wp:attachment":[{"href":"https:\/\/endormoonstore.com\/en\/wp-json\/wp\/v2\/media?parent=62150"}],"wp:term":[{"taxonomy":"product_cat","embeddable":true,"href":"https:\/\/endormoonstore.com\/en\/wp-json\/wp\/v2\/product_cat?post=62150"},{"taxonomy":"product_tag","embeddable":true,"href":"https:\/\/endormoonstore.com\/en\/wp-json\/wp\/v2\/product_tag?post=62150"}],"curies":[{"name":"wp","href":"https:\/\/api.w.org\/{rel}","templated":true}]}}