{"id":62144,"date":"2018-07-07T11:25:01","date_gmt":"2018-07-07T09:25:01","guid":{"rendered":"https:\/\/endormoonstore.com\/warhammer-40-000-talons-of-the-emperor-espa-ol\/"},"modified":"2018-07-07T11:25:01","modified_gmt":"2018-07-07T09:25:01","slug":"warhammer-40-000-talons-of-the-emperor-espa-ol","status":"publish","type":"product","link":"https:\/\/endormoonstore.com\/en\/warhammer-40-000-talons-of-the-emperor-espa-ol\/","title":{"rendered":"Warhammer 40.000 Talons of the Emperor (Espa\u00f1ol)"},"content":{"rendered":"<p>Warhammer 40.000 Talons of the Emperor (Espa&ntilde;ol)<\/p>\n<p class=\"p2\">\n<p class=\"p1\">Talons of the Emperor (Espa&ntilde;ol)<\/p>\n<p class=\"p2\">\n<p class=\"p1\"><strong>Descripci&oacute;n<\/strong><\/p>\n<p class=\"p2\">\n<p class=\"p1\">La tomenta sigue abri&eacute;ndose camino. Una marea de Chaos oscurece las puertas del Imperium, amenazando con consumir toda la galaxia. En esta &eacute;poca de desesperaci&oacute;n, los Altos Se&ntilde;ores de Terra desatan sus armas m&aacute;s potentes hacia la insaciable oscuridad: los Adeptus Custodes, campeones sobrehumanos del Imperium, descendientes del mism&iacute;simo Emperador, y las Sisters of Silence, seres nulos ps&iacute;quicamente cuya mera presencia es un hueco de vac&iacute;o que expulsa a los seres daem&oacute;nicos.<\/p>\n<p class=\"p2\">\n<p class=\"p1\">Talons of the Emperor es una caja que contiene una colecci&oacute;n de miniaturas de Adeptus Custodes y Sisters of Silence, junto con 2 codex de 24 p&aacute;ginas en tapa blanda que incluyen las reglas necesarias para desplegarlos en partidas de Warhammer 40,000.<\/p>\n<p class=\"p2\">\n<p class=\"p1\"><strong>Las miniaturas<\/strong><\/p>\n<p class=\"p2\">\n<p class=\"p1\">Un conjunto de 5 Adeptus Custodes, que pueden usarse para montar una escuadra armada con lanzas de guardi&aacute;n y una armada con espadas centinela y escudos tormenta. Una miniatura se puede montar como un shield-captain, con una capa y una elecci&oacute;n de 2 cabezas, y una miniatura puede portar un Custodes Vexila. Incluye 5 peanas redondas Citadel de 40 mm.<\/p>\n<p class=\"p2\">\n<p class=\"p1\">Un Contemptor Dreadnought, armado con una selecci&oacute;n de ca&ntilde;&oacute;n de asalto o ca&ntilde;&oacute;n de fusi&oacute;n. Incluye una peana redonda Citadel de 60 mm.<\/p>\n<p class=\"p2\">\n<p class=\"p1\">Un Venerable Land Raider, armado con ca&ntilde;ones l&aacute;ser y b&oacute;lter pesado con opciones de b&oacute;lter de asalto, lanzamisiles y descargadores de humo.<\/p>\n<p class=\"p2\">\n<p class=\"p1\">Un conjunto de 5 Sisters of Silence, que pueden usarse para montar una escuadra Vigilator, que se especializa en el cuerpo a cuerpo y porta mandobles verdugo, o una escuadra Prosecutor, que opera de forma m&aacute;s flexible y porta b&oacute;lters para el combate a larga distancia, o una escuadra Witchseeker con lanzallamas para devastadores asaltos a m&uacute;ltiples blancos. Incluye 6 mandobles verdugo, 5 b&oacute;lteres modelo Umbra y 5 lanzallamas, as&iacute; como 2 cabezas especiales para una Sister Superior.<\/p>\n<p class=\"p2\">\n<p class=\"p1\">Un Null-Maiden Rhino, armado con b&oacute;lter de asalto y descargadores de humo.<\/p>\n<p class=\"p2\">\n<p class=\"p1\"><strong>Contenido de reglas<\/strong><\/p>\n<p class=\"p2\">\n<p class=\"p1\">Talons of the Emperor contiene 2 libros llenos de reglas y trasfondo para las miniaturas incluidas:<\/p>\n<p class=\"p2\">\n<p class=\"p1\">Codex: Adeptus Custodes<\/p>\n<p class=\"p2\">\n<p class=\"p1\">&#8211; Hojas de datos para la Custodian Guard Squad, Venerable Dreadnought y Land Raider;<\/p>\n<p class=\"p1\">&#8211; la regla especial Aegis del Emperador;<\/p>\n<p class=\"p1\">&#8211; una nueva tabla de Rasgos de Se&ntilde;or de la guerra;<\/p>\n<p class=\"p1\">&#8211; el destacamento Golden Legion Task Force;<\/p>\n<p class=\"p1\">&#8211; Armer&iacute;a del Adeptus Custodes: equipo, equipo especial y equipo para veh&iacute;culos.<\/p>\n<p class=\"p2\">\n<p class=\"p1\">Codex: Sisters of Silence<\/p>\n<p class=\"p2\">\n<p class=\"p1\">&#8211; Hojas de datos para la Prosecutor Squad, Vigilator Squad, Witchseeker Squad y Null-Maiden Rhino;<\/p>\n<p class=\"p1\">&#8211; reglas especiales que incluyen Abominaci&oacute;n ps&iacute;quica;<\/p>\n<p class=\"p1\">&#8211; el destacamento Null-Maiden Task Force;<\/p>\n<p class=\"p1\">&#8211; Armer&iacute;a de la Hermandad Silenciosa: equipo, equipo especial y equipo para veh&iacute;culos.<\/p>\n<p class=\"p1\">\n<p class=\"p1\">EAN:5011921084630<\/p>\n<p class=\"p1\">\n<p class=\"p1\">MPM: GWTE-03<\/p>\n<style type=\"text\/css\"><!--\np.p1 {margin: 0.0px 0.0px 0.0px 0.0px; font: 12.0px 'Helvetica Neue'; color: #454545}\np.p2 {margin: 0.0px 0.0px 0.0px 0.0px; font: 12.0px 'Helvetica Neue'; color: #454545; min-height: 14.0px}\n--><\/style>\n","protected":false},"excerpt":{"rendered":"<p>Warhammer 40.000 Talons of the Emperor (Espa\u00f1ol)<\/p>\n<p>La tomenta sigue abri\u00e9ndose camino. Una marea de Chaos oscurece las puertas del Imperium, amenazando con consumir toda la galaxia. En esta \u00e9poca de desesperaci\u00f3n, los Altos Se\u00f1ores de Terra desatan sus armas m\u00e1s potentes hacia la insaciable oscuridad: los Adeptus Custodes, campeones sobrehumanos del Imperium, descendientes del mism\u00edsimo Emperador, y las Sisters of Silence, seres nulos ps\u00edquicamente cuya mera presencia es un hueco de vac\u00edo que expulsa a los seres daem\u00f3nicos.<\/p>\n","protected":false},"featured_media":62138,"template":"","meta":{"_acf_changed":false,"_kad_blocks_custom_css":"","_kad_blocks_head_custom_js":"","_kad_blocks_body_custom_js":"","_kad_blocks_footer_custom_js":""},"product_cat":[13751],"product_tag":[],"class_list":{"0":"post-62144","1":"product","2":"type-product","3":"status-publish","4":"has-post-thumbnail","6":"product_cat-no-categorized","8":"first","9":"outofstock","10":"taxable","11":"shipping-taxable","12":"purchasable","13":"product-type-simple"},"acf":[],"yoast_head":"<!-- This site is optimized with the Yoast SEO plugin v26.1.1 - https:\/\/yoast.com\/wordpress\/plugins\/seo\/ -->\n<title>Warhammer 40.000 Talons of the Emperor (Espa\u00f1ol) - EndormoonStore<\/title>\n<meta name=\"robots\" content=\"index, follow, max-snippet:-1, max-image-preview:large, max-video-preview:-1\" \/>\n<link rel=\"canonical\" href=\"https:\/\/endormoonstore.com\/en\/warhammer-40-000-talons-of-the-emperor-espa-ol\/\" \/>\n<meta property=\"og:locale\" content=\"en_US\" \/>\n<meta property=\"og:type\" content=\"article\" \/>\n<meta property=\"og:title\" content=\"Warhammer 40.000 Talons of the Emperor (Espa\u00f1ol) - EndormoonStore\" \/>\n<meta property=\"og:description\" content=\"Warhammer 40.000 Talons of the Emperor (Espa\u00f1ol)  La tomenta sigue abri\u00e9ndose camino. Una marea de Chaos oscurece las puertas del Imperium, amenazando con consumir toda la galaxia. En esta \u00e9poca de desesperaci\u00f3n, los Altos Se\u00f1ores de Terra desatan sus armas m\u00e1s potentes hacia la insaciable oscuridad: los Adeptus Custodes, campeones sobrehumanos del Imperium, descendientes del mism\u00edsimo Emperador, y las Sisters of Silence, seres nulos ps\u00edquicamente cuya mera presencia es un hueco de vac\u00edo que expulsa a los seres daem\u00f3nicos.\" \/>\n<meta property=\"og:url\" content=\"https:\/\/endormoonstore.com\/en\/warhammer-40-000-talons-of-the-emperor-espa-ol\/\" \/>\n<meta property=\"og:site_name\" content=\"EndormoonStore\" \/>\n<meta property=\"og:image\" content=\"https:\/\/endormoonstore.com\/wp-content\/uploads\/2018\/07\/talons_of_the_emperor-1.jpg\" \/>\n\t<meta property=\"og:image:width\" content=\"800\" \/>\n\t<meta property=\"og:image:height\" content=\"800\" \/>\n\t<meta property=\"og:image:type\" content=\"image\/jpeg\" \/>\n<meta name=\"twitter:card\" content=\"summary_large_image\" \/>\n<meta name=\"twitter:label1\" content=\"Est. reading time\" \/>\n\t<meta name=\"twitter:data1\" content=\"3 minutes\" \/>\n<script type=\"application\/ld+json\" class=\"yoast-schema-graph\">{\"@context\":\"https:\/\/schema.org\",\"@graph\":[{\"@type\":\"WebPage\",\"@id\":\"https:\/\/endormoonstore.com\/en\/warhammer-40-000-talons-of-the-emperor-espa-ol\/\",\"url\":\"https:\/\/endormoonstore.com\/en\/warhammer-40-000-talons-of-the-emperor-espa-ol\/\",\"name\":\"Warhammer 40.000 Talons of the Emperor (Espa\u00f1ol) - EndormoonStore\",\"isPartOf\":{\"@id\":\"https:\/\/endormoonstore.com\/#website\"},\"primaryImageOfPage\":{\"@id\":\"https:\/\/endormoonstore.com\/en\/warhammer-40-000-talons-of-the-emperor-espa-ol\/#primaryimage\"},\"image\":{\"@id\":\"https:\/\/endormoonstore.com\/en\/warhammer-40-000-talons-of-the-emperor-espa-ol\/#primaryimage\"},\"thumbnailUrl\":\"https:\/\/endormoonstore.com\/wp-content\/uploads\/2018\/07\/talons_of_the_emperor-1.jpg\",\"datePublished\":\"2018-07-07T09:25:01+00:00\",\"breadcrumb\":{\"@id\":\"https:\/\/endormoonstore.com\/en\/warhammer-40-000-talons-of-the-emperor-espa-ol\/#breadcrumb\"},\"inLanguage\":\"en-US\",\"potentialAction\":[{\"@type\":\"ReadAction\",\"target\":[\"https:\/\/endormoonstore.com\/en\/warhammer-40-000-talons-of-the-emperor-espa-ol\/\"]}]},{\"@type\":\"ImageObject\",\"inLanguage\":\"en-US\",\"@id\":\"https:\/\/endormoonstore.com\/en\/warhammer-40-000-talons-of-the-emperor-espa-ol\/#primaryimage\",\"url\":\"https:\/\/endormoonstore.com\/wp-content\/uploads\/2018\/07\/talons_of_the_emperor-1.jpg\",\"contentUrl\":\"https:\/\/endormoonstore.com\/wp-content\/uploads\/2018\/07\/talons_of_the_emperor-1.jpg\",\"width\":800,\"height\":800,\"caption\":\"Warhammer 40.000 Talons of the Emperor (Espa\u00f1ol)-0\"},{\"@type\":\"BreadcrumbList\",\"@id\":\"https:\/\/endormoonstore.com\/en\/warhammer-40-000-talons-of-the-emperor-espa-ol\/#breadcrumb\",\"itemListElement\":[{\"@type\":\"ListItem\",\"position\":1,\"name\":\"Shop\",\"item\":\"https:\/\/endormoonstore.com\/en\/shop\/\"},{\"@type\":\"ListItem\",\"position\":2,\"name\":\"Warhammer 40.000 Talons of the Emperor (Espa\u00f1ol)\"}]},{\"@type\":\"WebSite\",\"@id\":\"https:\/\/endormoonstore.com\/#website\",\"url\":\"https:\/\/endormoonstore.com\/\",\"name\":\"EndormoonStore\",\"description\":\"\",\"potentialAction\":[{\"@type\":\"SearchAction\",\"target\":{\"@type\":\"EntryPoint\",\"urlTemplate\":\"https:\/\/endormoonstore.com\/?s={search_term_string}\"},\"query-input\":{\"@type\":\"PropertyValueSpecification\",\"valueRequired\":true,\"valueName\":\"search_term_string\"}}],\"inLanguage\":\"en-US\"}]}<\/script>\n<!-- \/ Yoast SEO plugin. -->","yoast_head_json":{"title":"Warhammer 40.000 Talons of the Emperor (Espa\u00f1ol) - EndormoonStore","robots":{"index":"index","follow":"follow","max-snippet":"max-snippet:-1","max-image-preview":"max-image-preview:large","max-video-preview":"max-video-preview:-1"},"canonical":"https:\/\/endormoonstore.com\/en\/warhammer-40-000-talons-of-the-emperor-espa-ol\/","og_locale":"en_US","og_type":"article","og_title":"Warhammer 40.000 Talons of the Emperor (Espa\u00f1ol) - EndormoonStore","og_description":"Warhammer 40.000 Talons of the Emperor (Espa\u00f1ol)  La tomenta sigue abri\u00e9ndose camino. Una marea de Chaos oscurece las puertas del Imperium, amenazando con consumir toda la galaxia. En esta \u00e9poca de desesperaci\u00f3n, los Altos Se\u00f1ores de Terra desatan sus armas m\u00e1s potentes hacia la insaciable oscuridad: los Adeptus Custodes, campeones sobrehumanos del Imperium, descendientes del mism\u00edsimo Emperador, y las Sisters of Silence, seres nulos ps\u00edquicamente cuya mera presencia es un hueco de vac\u00edo que expulsa a los seres daem\u00f3nicos.","og_url":"https:\/\/endormoonstore.com\/en\/warhammer-40-000-talons-of-the-emperor-espa-ol\/","og_site_name":"EndormoonStore","og_image":[{"width":800,"height":800,"url":"https:\/\/endormoonstore.com\/wp-content\/uploads\/2018\/07\/talons_of_the_emperor-1.jpg","type":"image\/jpeg"}],"twitter_card":"summary_large_image","twitter_misc":{"Est. reading time":"3 minutes"},"schema":{"@context":"https:\/\/schema.org","@graph":[{"@type":"WebPage","@id":"https:\/\/endormoonstore.com\/en\/warhammer-40-000-talons-of-the-emperor-espa-ol\/","url":"https:\/\/endormoonstore.com\/en\/warhammer-40-000-talons-of-the-emperor-espa-ol\/","name":"Warhammer 40.000 Talons of the Emperor (Espa\u00f1ol) - EndormoonStore","isPartOf":{"@id":"https:\/\/endormoonstore.com\/#website"},"primaryImageOfPage":{"@id":"https:\/\/endormoonstore.com\/en\/warhammer-40-000-talons-of-the-emperor-espa-ol\/#primaryimage"},"image":{"@id":"https:\/\/endormoonstore.com\/en\/warhammer-40-000-talons-of-the-emperor-espa-ol\/#primaryimage"},"thumbnailUrl":"https:\/\/endormoonstore.com\/wp-content\/uploads\/2018\/07\/talons_of_the_emperor-1.jpg","datePublished":"2018-07-07T09:25:01+00:00","breadcrumb":{"@id":"https:\/\/endormoonstore.com\/en\/warhammer-40-000-talons-of-the-emperor-espa-ol\/#breadcrumb"},"inLanguage":"en-US","potentialAction":[{"@type":"ReadAction","target":["https:\/\/endormoonstore.com\/en\/warhammer-40-000-talons-of-the-emperor-espa-ol\/"]}]},{"@type":"ImageObject","inLanguage":"en-US","@id":"https:\/\/endormoonstore.com\/en\/warhammer-40-000-talons-of-the-emperor-espa-ol\/#primaryimage","url":"https:\/\/endormoonstore.com\/wp-content\/uploads\/2018\/07\/talons_of_the_emperor-1.jpg","contentUrl":"https:\/\/endormoonstore.com\/wp-content\/uploads\/2018\/07\/talons_of_the_emperor-1.jpg","width":800,"height":800,"caption":"Warhammer 40.000 Talons of the Emperor (Espa\u00f1ol)-0"},{"@type":"BreadcrumbList","@id":"https:\/\/endormoonstore.com\/en\/warhammer-40-000-talons-of-the-emperor-espa-ol\/#breadcrumb","itemListElement":[{"@type":"ListItem","position":1,"name":"Shop","item":"https:\/\/endormoonstore.com\/en\/shop\/"},{"@type":"ListItem","position":2,"name":"Warhammer 40.000 Talons of the Emperor (Espa\u00f1ol)"}]},{"@type":"WebSite","@id":"https:\/\/endormoonstore.com\/#website","url":"https:\/\/endormoonstore.com\/","name":"EndormoonStore","description":"","potentialAction":[{"@type":"SearchAction","target":{"@type":"EntryPoint","urlTemplate":"https:\/\/endormoonstore.com\/?s={search_term_string}"},"query-input":{"@type":"PropertyValueSpecification","valueRequired":true,"valueName":"search_term_string"}}],"inLanguage":"en-US"}]}},"taxonomy_info":{"product_cat":[{"value":13751,"label":"No categorized"}]},"featured_image_src_large":["https:\/\/endormoonstore.com\/wp-content\/uploads\/2018\/07\/talons_of_the_emperor-1.jpg",800,800,false],"author_info":[],"comment_info":"","_links":{"self":[{"href":"https:\/\/endormoonstore.com\/en\/wp-json\/wp\/v2\/product\/62144","targetHints":{"allow":["GET"]}}],"collection":[{"href":"https:\/\/endormoonstore.com\/en\/wp-json\/wp\/v2\/product"}],"about":[{"href":"https:\/\/endormoonstore.com\/en\/wp-json\/wp\/v2\/types\/product"}],"wp:featuredmedia":[{"embeddable":true,"href":"https:\/\/endormoonstore.com\/en\/wp-json\/wp\/v2\/media\/62138"}],"wp:attachment":[{"href":"https:\/\/endormoonstore.com\/en\/wp-json\/wp\/v2\/media?parent=62144"}],"wp:term":[{"taxonomy":"product_cat","embeddable":true,"href":"https:\/\/endormoonstore.com\/en\/wp-json\/wp\/v2\/product_cat?post=62144"},{"taxonomy":"product_tag","embeddable":true,"href":"https:\/\/endormoonstore.com\/en\/wp-json\/wp\/v2\/product_tag?post=62144"}],"curies":[{"name":"wp","href":"https:\/\/api.w.org\/{rel}","templated":true}]}}