{"id":61760,"date":"2018-06-12T08:37:16","date_gmt":"2018-06-12T06:37:16","guid":{"rendered":"https:\/\/endormoonstore.com\/star-wars-hasbro-force-link-c-3po\/"},"modified":"2018-06-12T08:37:16","modified_gmt":"2018-06-12T06:37:16","slug":"star-wars-hasbro-force-link-c-3po","status":"publish","type":"product","link":"https:\/\/endormoonstore.com\/en\/star-wars-hasbro-force-link-c-3po\/","title":{"rendered":"Star Wars Hasbro Force Link C-3PO"},"content":{"rendered":"<p>Star Wars Hasbro Force Link C-3PO<\/p>\n<p><span>&iexcl;Haz que la galaxia cobre vida con Force Link! &iexcl;Usa el brazalete Force Link para activar luces, sonidos y m&aacute;s en las figuras, accesorios, veh&iacute;culos y juegos activados por Force Link! &iexcl;Con Force Link, el poder de la Fuerza est&aacute; en tus manos! (Requiere Force Link, disponible en el Kit de inicio que se vende por separado).&nbsp;<\/span><br \/><span>Cuando los chicos usan el brazalete Force Link con la figura de C-3PO de 9,5 cm &iexcl;pueden activar frases y sonidos aut&eacute;nticos! La figura cuenta con un dise&ntilde;o inspirado en la pel&iacute;cula. &iexcl;Que la Fuerza est&eacute; contigo!<\/span><br \/><span>Los productos adicionales se venden por separado.&nbsp;<\/span><br \/><span>Incluye: figura e instructivo.<\/span><br \/><span>Star Wars &#8211; C-3PO &#8211; Figura Force Link de 9,5 cm&nbsp;<\/span><br \/><span>&iexcl;Activa los sonidos y frases de la figura con el brazalete Force Link! (Requiere Force Link, disponible en el Kit de inicio que se vende por separado).&nbsp;<\/span><br \/><span>&bull; Dise&ntilde;o inspirado en la pel&iacute;cula&nbsp;<\/span><br \/><span>Recrea aventuras y escenas del Universo de Star Wars&nbsp;<\/span><br \/><span>Tama&ntilde;o de la figura: 9,5 cm&nbsp;<\/span><br \/><span>&bull; Edad recomendada: 4 a&ntilde;os en adelante<\/span><\/p>\n<p>EAN:5010993364480<\/p>\n<\/p>\n<p>MPM: HSBRC1537<\/p>\n","protected":false},"excerpt":{"rendered":"<p>Star Wars Hasbro Force Link C-3PO<\/p>\n<p>\u00a1Haz que la galaxia cobre vida con Force Link! \u00a1Usa el brazalete Force Link para activar luces, sonidos y m\u00e1s en las figuras, accesorios, veh\u00edculos y juegos activados por Force Link! \u00a1Con Force Link, el poder de la Fuerza est\u00e1 en tus manos! (Requiere Force Link, disponible en el Kit de inicio que se vende por separado).<br \/>\nCuando los chicos usan el brazalete Force Link con la figura de C-3PO de 9,5 cm \u00a1pueden activar frases y sonidos aut\u00e9nticos! La figura cuenta con un dise\u00f1o inspirado en la pel\u00edcula. \u00a1Que la Fuerza est\u00e9 contigo!<\/p>\n","protected":false},"featured_media":61758,"template":"","meta":{"_acf_changed":false,"_kad_blocks_custom_css":"","_kad_blocks_head_custom_js":"","_kad_blocks_body_custom_js":"","_kad_blocks_footer_custom_js":""},"product_cat":[13751],"product_tag":[],"class_list":{"0":"post-61760","1":"product","2":"type-product","3":"status-publish","4":"has-post-thumbnail","6":"product_cat-no-categorized","8":"first","9":"outofstock","10":"taxable","11":"shipping-taxable","12":"purchasable","13":"product-type-simple"},"acf":[],"yoast_head":"<!-- This site is optimized with the Yoast SEO plugin v26.1.1 - https:\/\/yoast.com\/wordpress\/plugins\/seo\/ -->\n<title>Star Wars Hasbro Force Link C-3PO - EndormoonStore<\/title>\n<meta name=\"robots\" content=\"index, follow, max-snippet:-1, max-image-preview:large, max-video-preview:-1\" \/>\n<link rel=\"canonical\" href=\"https:\/\/endormoonstore.com\/en\/star-wars-hasbro-force-link-c-3po\/\" \/>\n<meta property=\"og:locale\" content=\"en_US\" \/>\n<meta property=\"og:type\" content=\"article\" \/>\n<meta property=\"og:title\" content=\"Star Wars Hasbro Force Link C-3PO - EndormoonStore\" \/>\n<meta property=\"og:description\" content=\"Star Wars Hasbro Force Link C-3PO  \u00a1Haz que la galaxia cobre vida con Force Link! \u00a1Usa el brazalete Force Link para activar luces, sonidos y m\u00e1s en las figuras, accesorios, veh\u00edculos y juegos activados por Force Link! \u00a1Con Force Link, el poder de la Fuerza est\u00e1 en tus manos! (Requiere Force Link, disponible en el Kit de inicio que se vende por separado).  Cuando los chicos usan el brazalete Force Link con la figura de C-3PO de 9,5 cm \u00a1pueden activar frases y sonidos aut\u00e9nticos! La figura cuenta con un dise\u00f1o inspirado en la pel\u00edcula. \u00a1Que la Fuerza est\u00e9 contigo!\" \/>\n<meta property=\"og:url\" content=\"https:\/\/endormoonstore.com\/en\/star-wars-hasbro-force-link-c-3po\/\" \/>\n<meta property=\"og:site_name\" content=\"EndormoonStore\" \/>\n<meta property=\"og:image\" content=\"https:\/\/endormoonstore.com\/wp-content\/uploads\/2018\/06\/hasbro_star_wars_force_link_c-3po.jpg\" \/>\n\t<meta property=\"og:image:width\" content=\"1120\" \/>\n\t<meta property=\"og:image:height\" content=\"1600\" \/>\n\t<meta property=\"og:image:type\" content=\"image\/jpeg\" \/>\n<meta name=\"twitter:card\" content=\"summary_large_image\" \/>\n<meta name=\"twitter:label1\" content=\"Est. reading time\" \/>\n\t<meta name=\"twitter:data1\" content=\"1 minute\" \/>\n<script type=\"application\/ld+json\" class=\"yoast-schema-graph\">{\"@context\":\"https:\/\/schema.org\",\"@graph\":[{\"@type\":\"WebPage\",\"@id\":\"https:\/\/endormoonstore.com\/en\/star-wars-hasbro-force-link-c-3po\/\",\"url\":\"https:\/\/endormoonstore.com\/en\/star-wars-hasbro-force-link-c-3po\/\",\"name\":\"Star Wars Hasbro Force Link C-3PO - EndormoonStore\",\"isPartOf\":{\"@id\":\"https:\/\/endormoonstore.com\/#website\"},\"primaryImageOfPage\":{\"@id\":\"https:\/\/endormoonstore.com\/en\/star-wars-hasbro-force-link-c-3po\/#primaryimage\"},\"image\":{\"@id\":\"https:\/\/endormoonstore.com\/en\/star-wars-hasbro-force-link-c-3po\/#primaryimage\"},\"thumbnailUrl\":\"https:\/\/endormoonstore.com\/wp-content\/uploads\/2018\/06\/hasbro_star_wars_force_link_c-3po.jpg\",\"datePublished\":\"2018-06-12T06:37:16+00:00\",\"breadcrumb\":{\"@id\":\"https:\/\/endormoonstore.com\/en\/star-wars-hasbro-force-link-c-3po\/#breadcrumb\"},\"inLanguage\":\"en-US\",\"potentialAction\":[{\"@type\":\"ReadAction\",\"target\":[\"https:\/\/endormoonstore.com\/en\/star-wars-hasbro-force-link-c-3po\/\"]}]},{\"@type\":\"ImageObject\",\"inLanguage\":\"en-US\",\"@id\":\"https:\/\/endormoonstore.com\/en\/star-wars-hasbro-force-link-c-3po\/#primaryimage\",\"url\":\"https:\/\/endormoonstore.com\/wp-content\/uploads\/2018\/06\/hasbro_star_wars_force_link_c-3po.jpg\",\"contentUrl\":\"https:\/\/endormoonstore.com\/wp-content\/uploads\/2018\/06\/hasbro_star_wars_force_link_c-3po.jpg\",\"width\":1120,\"height\":1600,\"caption\":\"Star Wars Hasbro Force Link C-3PO-0\"},{\"@type\":\"BreadcrumbList\",\"@id\":\"https:\/\/endormoonstore.com\/en\/star-wars-hasbro-force-link-c-3po\/#breadcrumb\",\"itemListElement\":[{\"@type\":\"ListItem\",\"position\":1,\"name\":\"Shop\",\"item\":\"https:\/\/endormoonstore.com\/en\/shop\/\"},{\"@type\":\"ListItem\",\"position\":2,\"name\":\"Star Wars Hasbro Force Link C-3PO\"}]},{\"@type\":\"WebSite\",\"@id\":\"https:\/\/endormoonstore.com\/#website\",\"url\":\"https:\/\/endormoonstore.com\/\",\"name\":\"EndormoonStore\",\"description\":\"\",\"potentialAction\":[{\"@type\":\"SearchAction\",\"target\":{\"@type\":\"EntryPoint\",\"urlTemplate\":\"https:\/\/endormoonstore.com\/?s={search_term_string}\"},\"query-input\":{\"@type\":\"PropertyValueSpecification\",\"valueRequired\":true,\"valueName\":\"search_term_string\"}}],\"inLanguage\":\"en-US\"}]}<\/script>\n<!-- \/ Yoast SEO plugin. -->","yoast_head_json":{"title":"Star Wars Hasbro Force Link C-3PO - EndormoonStore","robots":{"index":"index","follow":"follow","max-snippet":"max-snippet:-1","max-image-preview":"max-image-preview:large","max-video-preview":"max-video-preview:-1"},"canonical":"https:\/\/endormoonstore.com\/en\/star-wars-hasbro-force-link-c-3po\/","og_locale":"en_US","og_type":"article","og_title":"Star Wars Hasbro Force Link C-3PO - EndormoonStore","og_description":"Star Wars Hasbro Force Link C-3PO  \u00a1Haz que la galaxia cobre vida con Force Link! \u00a1Usa el brazalete Force Link para activar luces, sonidos y m\u00e1s en las figuras, accesorios, veh\u00edculos y juegos activados por Force Link! \u00a1Con Force Link, el poder de la Fuerza est\u00e1 en tus manos! (Requiere Force Link, disponible en el Kit de inicio que se vende por separado).  Cuando los chicos usan el brazalete Force Link con la figura de C-3PO de 9,5 cm \u00a1pueden activar frases y sonidos aut\u00e9nticos! La figura cuenta con un dise\u00f1o inspirado en la pel\u00edcula. \u00a1Que la Fuerza est\u00e9 contigo!","og_url":"https:\/\/endormoonstore.com\/en\/star-wars-hasbro-force-link-c-3po\/","og_site_name":"EndormoonStore","og_image":[{"width":1120,"height":1600,"url":"https:\/\/endormoonstore.com\/wp-content\/uploads\/2018\/06\/hasbro_star_wars_force_link_c-3po.jpg","type":"image\/jpeg"}],"twitter_card":"summary_large_image","twitter_misc":{"Est. reading time":"1 minute"},"schema":{"@context":"https:\/\/schema.org","@graph":[{"@type":"WebPage","@id":"https:\/\/endormoonstore.com\/en\/star-wars-hasbro-force-link-c-3po\/","url":"https:\/\/endormoonstore.com\/en\/star-wars-hasbro-force-link-c-3po\/","name":"Star Wars Hasbro Force Link C-3PO - EndormoonStore","isPartOf":{"@id":"https:\/\/endormoonstore.com\/#website"},"primaryImageOfPage":{"@id":"https:\/\/endormoonstore.com\/en\/star-wars-hasbro-force-link-c-3po\/#primaryimage"},"image":{"@id":"https:\/\/endormoonstore.com\/en\/star-wars-hasbro-force-link-c-3po\/#primaryimage"},"thumbnailUrl":"https:\/\/endormoonstore.com\/wp-content\/uploads\/2018\/06\/hasbro_star_wars_force_link_c-3po.jpg","datePublished":"2018-06-12T06:37:16+00:00","breadcrumb":{"@id":"https:\/\/endormoonstore.com\/en\/star-wars-hasbro-force-link-c-3po\/#breadcrumb"},"inLanguage":"en-US","potentialAction":[{"@type":"ReadAction","target":["https:\/\/endormoonstore.com\/en\/star-wars-hasbro-force-link-c-3po\/"]}]},{"@type":"ImageObject","inLanguage":"en-US","@id":"https:\/\/endormoonstore.com\/en\/star-wars-hasbro-force-link-c-3po\/#primaryimage","url":"https:\/\/endormoonstore.com\/wp-content\/uploads\/2018\/06\/hasbro_star_wars_force_link_c-3po.jpg","contentUrl":"https:\/\/endormoonstore.com\/wp-content\/uploads\/2018\/06\/hasbro_star_wars_force_link_c-3po.jpg","width":1120,"height":1600,"caption":"Star Wars Hasbro Force Link C-3PO-0"},{"@type":"BreadcrumbList","@id":"https:\/\/endormoonstore.com\/en\/star-wars-hasbro-force-link-c-3po\/#breadcrumb","itemListElement":[{"@type":"ListItem","position":1,"name":"Shop","item":"https:\/\/endormoonstore.com\/en\/shop\/"},{"@type":"ListItem","position":2,"name":"Star Wars Hasbro Force Link C-3PO"}]},{"@type":"WebSite","@id":"https:\/\/endormoonstore.com\/#website","url":"https:\/\/endormoonstore.com\/","name":"EndormoonStore","description":"","potentialAction":[{"@type":"SearchAction","target":{"@type":"EntryPoint","urlTemplate":"https:\/\/endormoonstore.com\/?s={search_term_string}"},"query-input":{"@type":"PropertyValueSpecification","valueRequired":true,"valueName":"search_term_string"}}],"inLanguage":"en-US"}]}},"taxonomy_info":{"product_cat":[{"value":13751,"label":"No categorized"}]},"featured_image_src_large":["https:\/\/endormoonstore.com\/wp-content\/uploads\/2018\/06\/hasbro_star_wars_force_link_c-3po.jpg",1120,1600,false],"author_info":[],"comment_info":"","_links":{"self":[{"href":"https:\/\/endormoonstore.com\/en\/wp-json\/wp\/v2\/product\/61760","targetHints":{"allow":["GET"]}}],"collection":[{"href":"https:\/\/endormoonstore.com\/en\/wp-json\/wp\/v2\/product"}],"about":[{"href":"https:\/\/endormoonstore.com\/en\/wp-json\/wp\/v2\/types\/product"}],"wp:featuredmedia":[{"embeddable":true,"href":"https:\/\/endormoonstore.com\/en\/wp-json\/wp\/v2\/media\/61758"}],"wp:attachment":[{"href":"https:\/\/endormoonstore.com\/en\/wp-json\/wp\/v2\/media?parent=61760"}],"wp:term":[{"taxonomy":"product_cat","embeddable":true,"href":"https:\/\/endormoonstore.com\/en\/wp-json\/wp\/v2\/product_cat?post=61760"},{"taxonomy":"product_tag","embeddable":true,"href":"https:\/\/endormoonstore.com\/en\/wp-json\/wp\/v2\/product_tag?post=61760"}],"curies":[{"name":"wp","href":"https:\/\/api.w.org\/{rel}","templated":true}]}}