{"id":61716,"date":"2018-06-10T19:05:02","date_gmt":"2018-06-10T17:05:02","guid":{"rendered":"https:\/\/endormoonstore.com\/lego-speed-champions-75884-ford-mustang-fastback\/"},"modified":"2018-06-10T19:05:02","modified_gmt":"2018-06-10T17:05:02","slug":"lego-speed-champions-75884-ford-mustang-fastback","status":"publish","type":"product","link":"https:\/\/endormoonstore.com\/en\/lego-speed-champions-75884-ford-mustang-fastback\/","title":{"rendered":"Lego Speed Champions 75884 Ford Mustang Fastback"},"content":{"rendered":"<p>Lego Speed Champions 75884 Ford Mustang Fastback de 1968<\/p>\n<p><strong>&nbsp;<\/strong><\/p>\n<p>Crea una versi&oacute;n LEGO&reg; Speed Champions para construir de un coche cl&aacute;sico: el Ford Mustang Fastback de 1968. Ideal para exhibirlo o jugar con &eacute;l, cuenta con cabina para una minifigura, parabrisas desmontable, ruedas con neum&aacute;ticos de caucho, llantas doradas y detalles de dise&ntilde;o de gran realismo. Este juguete de construcci&oacute;n incluye una minifigura y un &ldquo;cron&oacute;metro&rdquo; para construir que invita a imaginar escenas de competici&oacute;n.<\/p>\n<ul>\n<li>Incluye una minifigura de un piloto cl&aacute;sico de Ford.<\/li>\n<li>El Ford Mustang Fastback de 1968 para construir, preparado para enfrentarse a cualquier carrera, cuenta con cabina para una minifigura con parabrisas desmontable, ruedas con neum&aacute;ticos de caucho y llantas doradas, elementos transparentes a modo de faros, colores deportivos, adhesivos de competici&oacute;n y detalles de dise&ntilde;o de gran realismo.<\/li>\n<li>Desmonta el parabrisas para introducir a la minifigura en el coche.<\/li>\n<li>Incluye un &ldquo;cron&oacute;metro&rdquo; para construir con pantalla digital y adhesivos con el logotipo de Ford.<\/li>\n<li>Incluye tambi&eacute;n el casco del piloto de Ford.<\/li>\n<\/ul>\n<ul>\n<li>EAN:&nbsp;<span>5702016109054<\/span><\/li>\n<\/ul>\n<ul>\n<li>MPN: LG7<span>5884<\/span><\/li>\n<li><\/li>\n<li>PIEZAS:&nbsp;<span>183<\/span><\/li>\n<\/ul>\n","protected":false},"excerpt":{"rendered":"<p>Lego Speed Champions 75884 Ford Mustang Fastback de 1968<\/p>\n<p>Crea una versi\u00f3n LEGO\u00ae Speed Champions para construir de un coche cl\u00e1sico: el Ford Mustang Fastback de 1968. Ideal para exhibirlo o jugar con \u00e9l, cuenta con cabina para una minifigura, parabrisas desmontable, ruedas con neum\u00e1ticos de caucho, llantas doradas y detalles de dise\u00f1o de gran realismo. Este juguete de construcci\u00f3n incluye una minifigura y un \u201ccron\u00f3metro\u201d para construir que invita a imaginar escenas de competici\u00f3n.<\/p>\n","protected":false},"featured_media":61706,"template":"","meta":{"_acf_changed":false,"_kad_blocks_custom_css":"","_kad_blocks_head_custom_js":"","_kad_blocks_body_custom_js":"","_kad_blocks_footer_custom_js":""},"product_cat":[13751],"product_tag":[],"class_list":{"0":"post-61716","1":"product","2":"type-product","3":"status-publish","4":"has-post-thumbnail","6":"product_cat-no-categorized","8":"first","9":"outofstock","10":"taxable","11":"shipping-taxable","12":"purchasable","13":"product-type-simple"},"acf":[],"yoast_head":"<!-- This site is optimized with the Yoast SEO plugin v26.1.1 - https:\/\/yoast.com\/wordpress\/plugins\/seo\/ -->\n<title>Lego Speed Champions 75884 Ford Mustang Fastback - EndormoonStore<\/title>\n<meta name=\"robots\" content=\"index, follow, max-snippet:-1, max-image-preview:large, max-video-preview:-1\" \/>\n<link rel=\"canonical\" href=\"https:\/\/endormoonstore.com\/en\/lego-speed-champions-75884-ford-mustang-fastback\/\" \/>\n<meta property=\"og:locale\" content=\"en_US\" \/>\n<meta property=\"og:type\" content=\"article\" \/>\n<meta property=\"og:title\" content=\"Lego Speed Champions 75884 Ford Mustang Fastback - EndormoonStore\" \/>\n<meta property=\"og:description\" content=\"Lego Speed Champions 75884 Ford Mustang Fastback de 1968   Crea una versi\u00f3n LEGO\u00ae Speed Champions para construir de un coche cl\u00e1sico: el Ford Mustang Fastback de 1968. Ideal para exhibirlo o jugar con \u00e9l, cuenta con cabina para una minifigura, parabrisas desmontable, ruedas con neum\u00e1ticos de caucho, llantas doradas y detalles de dise\u00f1o de gran realismo. Este juguete de construcci\u00f3n incluye una minifigura y un \u201ccron\u00f3metro\u201d para construir que invita a imaginar escenas de competici\u00f3n.\" \/>\n<meta property=\"og:url\" content=\"https:\/\/endormoonstore.com\/en\/lego-speed-champions-75884-ford-mustang-fastback\/\" \/>\n<meta property=\"og:site_name\" content=\"EndormoonStore\" \/>\n<meta property=\"og:image\" content=\"https:\/\/endormoonstore.com\/wp-content\/uploads\/2018\/06\/lego_speed_champions_75884_ford_mustang_fastback-1.jpg\" \/>\n\t<meta property=\"og:image:width\" content=\"1500\" \/>\n\t<meta property=\"og:image:height\" content=\"1500\" \/>\n\t<meta property=\"og:image:type\" content=\"image\/jpeg\" \/>\n<meta name=\"twitter:card\" content=\"summary_large_image\" \/>\n<meta name=\"twitter:label1\" content=\"Est. reading time\" \/>\n\t<meta name=\"twitter:data1\" content=\"1 minute\" \/>\n<script type=\"application\/ld+json\" class=\"yoast-schema-graph\">{\"@context\":\"https:\/\/schema.org\",\"@graph\":[{\"@type\":\"WebPage\",\"@id\":\"https:\/\/endormoonstore.com\/en\/lego-speed-champions-75884-ford-mustang-fastback\/\",\"url\":\"https:\/\/endormoonstore.com\/en\/lego-speed-champions-75884-ford-mustang-fastback\/\",\"name\":\"Lego Speed Champions 75884 Ford Mustang Fastback - EndormoonStore\",\"isPartOf\":{\"@id\":\"https:\/\/endormoonstore.com\/#website\"},\"primaryImageOfPage\":{\"@id\":\"https:\/\/endormoonstore.com\/en\/lego-speed-champions-75884-ford-mustang-fastback\/#primaryimage\"},\"image\":{\"@id\":\"https:\/\/endormoonstore.com\/en\/lego-speed-champions-75884-ford-mustang-fastback\/#primaryimage\"},\"thumbnailUrl\":\"https:\/\/endormoonstore.com\/wp-content\/uploads\/2018\/06\/lego_speed_champions_75884_ford_mustang_fastback-1.jpg\",\"datePublished\":\"2018-06-10T17:05:02+00:00\",\"breadcrumb\":{\"@id\":\"https:\/\/endormoonstore.com\/en\/lego-speed-champions-75884-ford-mustang-fastback\/#breadcrumb\"},\"inLanguage\":\"en-US\",\"potentialAction\":[{\"@type\":\"ReadAction\",\"target\":[\"https:\/\/endormoonstore.com\/en\/lego-speed-champions-75884-ford-mustang-fastback\/\"]}]},{\"@type\":\"ImageObject\",\"inLanguage\":\"en-US\",\"@id\":\"https:\/\/endormoonstore.com\/en\/lego-speed-champions-75884-ford-mustang-fastback\/#primaryimage\",\"url\":\"https:\/\/endormoonstore.com\/wp-content\/uploads\/2018\/06\/lego_speed_champions_75884_ford_mustang_fastback-1.jpg\",\"contentUrl\":\"https:\/\/endormoonstore.com\/wp-content\/uploads\/2018\/06\/lego_speed_champions_75884_ford_mustang_fastback-1.jpg\",\"width\":1500,\"height\":1500,\"caption\":\"Lego Speed Champions 75884 Ford Mustang Fastback-0\"},{\"@type\":\"BreadcrumbList\",\"@id\":\"https:\/\/endormoonstore.com\/en\/lego-speed-champions-75884-ford-mustang-fastback\/#breadcrumb\",\"itemListElement\":[{\"@type\":\"ListItem\",\"position\":1,\"name\":\"Shop\",\"item\":\"https:\/\/endormoonstore.com\/en\/shop\/\"},{\"@type\":\"ListItem\",\"position\":2,\"name\":\"Lego Speed Champions 75884 Ford Mustang Fastback\"}]},{\"@type\":\"WebSite\",\"@id\":\"https:\/\/endormoonstore.com\/#website\",\"url\":\"https:\/\/endormoonstore.com\/\",\"name\":\"EndormoonStore\",\"description\":\"\",\"potentialAction\":[{\"@type\":\"SearchAction\",\"target\":{\"@type\":\"EntryPoint\",\"urlTemplate\":\"https:\/\/endormoonstore.com\/?s={search_term_string}\"},\"query-input\":{\"@type\":\"PropertyValueSpecification\",\"valueRequired\":true,\"valueName\":\"search_term_string\"}}],\"inLanguage\":\"en-US\"}]}<\/script>\n<!-- \/ Yoast SEO plugin. -->","yoast_head_json":{"title":"Lego Speed Champions 75884 Ford Mustang Fastback - EndormoonStore","robots":{"index":"index","follow":"follow","max-snippet":"max-snippet:-1","max-image-preview":"max-image-preview:large","max-video-preview":"max-video-preview:-1"},"canonical":"https:\/\/endormoonstore.com\/en\/lego-speed-champions-75884-ford-mustang-fastback\/","og_locale":"en_US","og_type":"article","og_title":"Lego Speed Champions 75884 Ford Mustang Fastback - EndormoonStore","og_description":"Lego Speed Champions 75884 Ford Mustang Fastback de 1968   Crea una versi\u00f3n LEGO\u00ae Speed Champions para construir de un coche cl\u00e1sico: el Ford Mustang Fastback de 1968. Ideal para exhibirlo o jugar con \u00e9l, cuenta con cabina para una minifigura, parabrisas desmontable, ruedas con neum\u00e1ticos de caucho, llantas doradas y detalles de dise\u00f1o de gran realismo. Este juguete de construcci\u00f3n incluye una minifigura y un \u201ccron\u00f3metro\u201d para construir que invita a imaginar escenas de competici\u00f3n.","og_url":"https:\/\/endormoonstore.com\/en\/lego-speed-champions-75884-ford-mustang-fastback\/","og_site_name":"EndormoonStore","og_image":[{"width":1500,"height":1500,"url":"https:\/\/endormoonstore.com\/wp-content\/uploads\/2018\/06\/lego_speed_champions_75884_ford_mustang_fastback-1.jpg","type":"image\/jpeg"}],"twitter_card":"summary_large_image","twitter_misc":{"Est. reading time":"1 minute"},"schema":{"@context":"https:\/\/schema.org","@graph":[{"@type":"WebPage","@id":"https:\/\/endormoonstore.com\/en\/lego-speed-champions-75884-ford-mustang-fastback\/","url":"https:\/\/endormoonstore.com\/en\/lego-speed-champions-75884-ford-mustang-fastback\/","name":"Lego Speed Champions 75884 Ford Mustang Fastback - EndormoonStore","isPartOf":{"@id":"https:\/\/endormoonstore.com\/#website"},"primaryImageOfPage":{"@id":"https:\/\/endormoonstore.com\/en\/lego-speed-champions-75884-ford-mustang-fastback\/#primaryimage"},"image":{"@id":"https:\/\/endormoonstore.com\/en\/lego-speed-champions-75884-ford-mustang-fastback\/#primaryimage"},"thumbnailUrl":"https:\/\/endormoonstore.com\/wp-content\/uploads\/2018\/06\/lego_speed_champions_75884_ford_mustang_fastback-1.jpg","datePublished":"2018-06-10T17:05:02+00:00","breadcrumb":{"@id":"https:\/\/endormoonstore.com\/en\/lego-speed-champions-75884-ford-mustang-fastback\/#breadcrumb"},"inLanguage":"en-US","potentialAction":[{"@type":"ReadAction","target":["https:\/\/endormoonstore.com\/en\/lego-speed-champions-75884-ford-mustang-fastback\/"]}]},{"@type":"ImageObject","inLanguage":"en-US","@id":"https:\/\/endormoonstore.com\/en\/lego-speed-champions-75884-ford-mustang-fastback\/#primaryimage","url":"https:\/\/endormoonstore.com\/wp-content\/uploads\/2018\/06\/lego_speed_champions_75884_ford_mustang_fastback-1.jpg","contentUrl":"https:\/\/endormoonstore.com\/wp-content\/uploads\/2018\/06\/lego_speed_champions_75884_ford_mustang_fastback-1.jpg","width":1500,"height":1500,"caption":"Lego Speed Champions 75884 Ford Mustang Fastback-0"},{"@type":"BreadcrumbList","@id":"https:\/\/endormoonstore.com\/en\/lego-speed-champions-75884-ford-mustang-fastback\/#breadcrumb","itemListElement":[{"@type":"ListItem","position":1,"name":"Shop","item":"https:\/\/endormoonstore.com\/en\/shop\/"},{"@type":"ListItem","position":2,"name":"Lego Speed Champions 75884 Ford Mustang Fastback"}]},{"@type":"WebSite","@id":"https:\/\/endormoonstore.com\/#website","url":"https:\/\/endormoonstore.com\/","name":"EndormoonStore","description":"","potentialAction":[{"@type":"SearchAction","target":{"@type":"EntryPoint","urlTemplate":"https:\/\/endormoonstore.com\/?s={search_term_string}"},"query-input":{"@type":"PropertyValueSpecification","valueRequired":true,"valueName":"search_term_string"}}],"inLanguage":"en-US"}]}},"taxonomy_info":{"product_cat":[{"value":13751,"label":"No categorized"}]},"featured_image_src_large":["https:\/\/endormoonstore.com\/wp-content\/uploads\/2018\/06\/lego_speed_champions_75884_ford_mustang_fastback-1.jpg",1500,1500,false],"author_info":[],"comment_info":"","_links":{"self":[{"href":"https:\/\/endormoonstore.com\/en\/wp-json\/wp\/v2\/product\/61716","targetHints":{"allow":["GET"]}}],"collection":[{"href":"https:\/\/endormoonstore.com\/en\/wp-json\/wp\/v2\/product"}],"about":[{"href":"https:\/\/endormoonstore.com\/en\/wp-json\/wp\/v2\/types\/product"}],"wp:featuredmedia":[{"embeddable":true,"href":"https:\/\/endormoonstore.com\/en\/wp-json\/wp\/v2\/media\/61706"}],"wp:attachment":[{"href":"https:\/\/endormoonstore.com\/en\/wp-json\/wp\/v2\/media?parent=61716"}],"wp:term":[{"taxonomy":"product_cat","embeddable":true,"href":"https:\/\/endormoonstore.com\/en\/wp-json\/wp\/v2\/product_cat?post=61716"},{"taxonomy":"product_tag","embeddable":true,"href":"https:\/\/endormoonstore.com\/en\/wp-json\/wp\/v2\/product_tag?post=61716"}],"curies":[{"name":"wp","href":"https:\/\/api.w.org\/{rel}","templated":true}]}}