{"id":61694,"date":"2018-06-10T18:54:29","date_gmt":"2018-06-10T16:54:29","guid":{"rendered":"https:\/\/endormoonstore.com\/lego-speed-champions-75885-ford-fiesta-m-sport-wrc\/"},"modified":"2018-06-10T18:54:29","modified_gmt":"2018-06-10T16:54:29","slug":"lego-speed-champions-75885-ford-fiesta-m-sport-wrc","status":"publish","type":"product","link":"https:\/\/endormoonstore.com\/en\/lego-speed-champions-75885-ford-fiesta-m-sport-wrc\/","title":{"rendered":"Lego Speed Champions 75885 Ford Fiesta M-Sport WRC"},"content":{"rendered":"<p>Lego Speed Champions 75885 Ford Fiesta M-Sport WRC<\/p>\n<p><strong>&nbsp;<\/strong><\/p>\n<p>&iexcl;Exhibe y juega con esta versi&oacute;n LEGO&reg; Speed Champions para construir del Fiesta M-Sport WRC! Cuenta con cabina para una minifigura, parabrisas desmontable, 2 cap&oacute;s intercambiables (uno con focos para imaginar escenarios de competici&oacute;n en condiciones nocturnas o de escasa iluminaci&oacute;n) y detalles de dise&ntilde;o de gran realismo. Este divertido juguete infantil incluye tambi&eacute;n una minifigura.<\/p>\n<ul>\n<li>Incluye una minifigura de un piloto del equipo de rally M-Sport de Ford.<\/li>\n<li>El Ford Fiesta M-Sport WRC para construir, preparado para enfrentarse a cualquier carrera, cuenta con cabina para una minifigura con parabrisas desmontable, 2 cap&oacute;s intercambiables (uno de ellos con focos), ruedas con neum&aacute;ticos de caucho, elementos transparentes a modo de faros, detalles de dise&ntilde;o de gran realismo, colores deportivos y adhesivos de competici&oacute;n.<\/li>\n<li>Desmonta el parabrisas para introducir a la minifigura en el coche.<\/li>\n<li>Incluye tambi&eacute;n el casco del piloto de Ford.<\/li>\n<li>Este divertido juguete infantil es apto para ni&ntilde;os de 7 a 14 a&ntilde;os.<\/li>\n<li>El Ford Fiesta M-Sport WRC mide m&aacute;s de 6 cm de altura, 13 cm de longitud y 6 cm de ancho.<\/li>\n<li>El cap&oacute; alternativo mide m&aacute;s de 5 cm de altura, y menos de 2 cm de ancho y 1 cm de profundidad.<\/li>\n<\/ul>\n<ul>\n<li>EAN:&nbsp;<span>5702016109061<\/span><\/li>\n<\/ul>\n<ul>\n<li>MPN: LG7<span>5885<\/span><\/li>\n<li><\/li>\n<li>PIEZAS:&nbsp;<span>203<\/span><\/li>\n<\/ul>\n","protected":false},"excerpt":{"rendered":"<p>Lego Speed Champions 75885 Ford Fiesta M-Sport WRC<\/p>\n<p>\u00a1Exhibe y juega con esta versi\u00f3n LEGO\u00ae Speed Champions para construir del Fiesta M-Sport WRC! Cuenta con cabina para una minifigura, parabrisas desmontable, 2 cap\u00f3s intercambiables (uno con focos para imaginar escenarios de competici\u00f3n en condiciones nocturnas o de escasa iluminaci\u00f3n) y detalles de dise\u00f1o de gran realismo. Este divertido juguete infantil incluye tambi\u00e9n una minifigura.<\/p>\n","protected":false},"featured_media":61684,"template":"","meta":{"_acf_changed":false,"_kad_blocks_custom_css":"","_kad_blocks_head_custom_js":"","_kad_blocks_body_custom_js":"","_kad_blocks_footer_custom_js":""},"product_cat":[13751],"product_tag":[],"class_list":{"0":"post-61694","1":"product","2":"type-product","3":"status-publish","4":"has-post-thumbnail","6":"product_cat-no-categorized","8":"first","9":"outofstock","10":"taxable","11":"shipping-taxable","12":"purchasable","13":"product-type-simple"},"acf":[],"yoast_head":"<!-- This site is optimized with the Yoast SEO plugin v26.1.1 - https:\/\/yoast.com\/wordpress\/plugins\/seo\/ -->\n<title>Lego Speed Champions 75885 Ford Fiesta M-Sport WRC - EndormoonStore<\/title>\n<meta name=\"robots\" content=\"index, follow, max-snippet:-1, max-image-preview:large, max-video-preview:-1\" \/>\n<link rel=\"canonical\" href=\"https:\/\/endormoonstore.com\/en\/lego-speed-champions-75885-ford-fiesta-m-sport-wrc\/\" \/>\n<meta property=\"og:locale\" content=\"en_US\" \/>\n<meta property=\"og:type\" content=\"article\" \/>\n<meta property=\"og:title\" content=\"Lego Speed Champions 75885 Ford Fiesta M-Sport WRC - EndormoonStore\" \/>\n<meta property=\"og:description\" content=\"Lego Speed Champions 75885 Ford Fiesta M-Sport WRC   \u00a1Exhibe y juega con esta versi\u00f3n LEGO\u00ae Speed Champions para construir del Fiesta M-Sport WRC! Cuenta con cabina para una minifigura, parabrisas desmontable, 2 cap\u00f3s intercambiables (uno con focos para imaginar escenarios de competici\u00f3n en condiciones nocturnas o de escasa iluminaci\u00f3n) y detalles de dise\u00f1o de gran realismo. Este divertido juguete infantil incluye tambi\u00e9n una minifigura.\" \/>\n<meta property=\"og:url\" content=\"https:\/\/endormoonstore.com\/en\/lego-speed-champions-75885-ford-fiesta-m-sport-wrc\/\" \/>\n<meta property=\"og:site_name\" content=\"EndormoonStore\" \/>\n<meta property=\"og:image\" content=\"https:\/\/endormoonstore.com\/wp-content\/uploads\/2018\/06\/lego_speed_champions_75885_ford_fiesta_m-sport_wrc-1.jpg\" \/>\n\t<meta property=\"og:image:width\" content=\"1500\" \/>\n\t<meta property=\"og:image:height\" content=\"1102\" \/>\n\t<meta property=\"og:image:type\" content=\"image\/jpeg\" \/>\n<meta name=\"twitter:card\" content=\"summary_large_image\" \/>\n<meta name=\"twitter:label1\" content=\"Est. reading time\" \/>\n\t<meta name=\"twitter:data1\" content=\"1 minute\" \/>\n<script type=\"application\/ld+json\" class=\"yoast-schema-graph\">{\"@context\":\"https:\/\/schema.org\",\"@graph\":[{\"@type\":\"WebPage\",\"@id\":\"https:\/\/endormoonstore.com\/en\/lego-speed-champions-75885-ford-fiesta-m-sport-wrc\/\",\"url\":\"https:\/\/endormoonstore.com\/en\/lego-speed-champions-75885-ford-fiesta-m-sport-wrc\/\",\"name\":\"Lego Speed Champions 75885 Ford Fiesta M-Sport WRC - EndormoonStore\",\"isPartOf\":{\"@id\":\"https:\/\/endormoonstore.com\/#website\"},\"primaryImageOfPage\":{\"@id\":\"https:\/\/endormoonstore.com\/en\/lego-speed-champions-75885-ford-fiesta-m-sport-wrc\/#primaryimage\"},\"image\":{\"@id\":\"https:\/\/endormoonstore.com\/en\/lego-speed-champions-75885-ford-fiesta-m-sport-wrc\/#primaryimage\"},\"thumbnailUrl\":\"https:\/\/endormoonstore.com\/wp-content\/uploads\/2018\/06\/lego_speed_champions_75885_ford_fiesta_m-sport_wrc-1.jpg\",\"datePublished\":\"2018-06-10T16:54:29+00:00\",\"breadcrumb\":{\"@id\":\"https:\/\/endormoonstore.com\/en\/lego-speed-champions-75885-ford-fiesta-m-sport-wrc\/#breadcrumb\"},\"inLanguage\":\"en-US\",\"potentialAction\":[{\"@type\":\"ReadAction\",\"target\":[\"https:\/\/endormoonstore.com\/en\/lego-speed-champions-75885-ford-fiesta-m-sport-wrc\/\"]}]},{\"@type\":\"ImageObject\",\"inLanguage\":\"en-US\",\"@id\":\"https:\/\/endormoonstore.com\/en\/lego-speed-champions-75885-ford-fiesta-m-sport-wrc\/#primaryimage\",\"url\":\"https:\/\/endormoonstore.com\/wp-content\/uploads\/2018\/06\/lego_speed_champions_75885_ford_fiesta_m-sport_wrc-1.jpg\",\"contentUrl\":\"https:\/\/endormoonstore.com\/wp-content\/uploads\/2018\/06\/lego_speed_champions_75885_ford_fiesta_m-sport_wrc-1.jpg\",\"width\":1500,\"height\":1102,\"caption\":\"Lego Speed Champions 75885 Ford Fiesta M-Sport WRC-0\"},{\"@type\":\"BreadcrumbList\",\"@id\":\"https:\/\/endormoonstore.com\/en\/lego-speed-champions-75885-ford-fiesta-m-sport-wrc\/#breadcrumb\",\"itemListElement\":[{\"@type\":\"ListItem\",\"position\":1,\"name\":\"Shop\",\"item\":\"https:\/\/endormoonstore.com\/en\/shop\/\"},{\"@type\":\"ListItem\",\"position\":2,\"name\":\"Lego Speed Champions 75885 Ford Fiesta M-Sport WRC\"}]},{\"@type\":\"WebSite\",\"@id\":\"https:\/\/endormoonstore.com\/#website\",\"url\":\"https:\/\/endormoonstore.com\/\",\"name\":\"EndormoonStore\",\"description\":\"\",\"potentialAction\":[{\"@type\":\"SearchAction\",\"target\":{\"@type\":\"EntryPoint\",\"urlTemplate\":\"https:\/\/endormoonstore.com\/?s={search_term_string}\"},\"query-input\":{\"@type\":\"PropertyValueSpecification\",\"valueRequired\":true,\"valueName\":\"search_term_string\"}}],\"inLanguage\":\"en-US\"}]}<\/script>\n<!-- \/ Yoast SEO plugin. -->","yoast_head_json":{"title":"Lego Speed Champions 75885 Ford Fiesta M-Sport WRC - EndormoonStore","robots":{"index":"index","follow":"follow","max-snippet":"max-snippet:-1","max-image-preview":"max-image-preview:large","max-video-preview":"max-video-preview:-1"},"canonical":"https:\/\/endormoonstore.com\/en\/lego-speed-champions-75885-ford-fiesta-m-sport-wrc\/","og_locale":"en_US","og_type":"article","og_title":"Lego Speed Champions 75885 Ford Fiesta M-Sport WRC - EndormoonStore","og_description":"Lego Speed Champions 75885 Ford Fiesta M-Sport WRC   \u00a1Exhibe y juega con esta versi\u00f3n LEGO\u00ae Speed Champions para construir del Fiesta M-Sport WRC! Cuenta con cabina para una minifigura, parabrisas desmontable, 2 cap\u00f3s intercambiables (uno con focos para imaginar escenarios de competici\u00f3n en condiciones nocturnas o de escasa iluminaci\u00f3n) y detalles de dise\u00f1o de gran realismo. Este divertido juguete infantil incluye tambi\u00e9n una minifigura.","og_url":"https:\/\/endormoonstore.com\/en\/lego-speed-champions-75885-ford-fiesta-m-sport-wrc\/","og_site_name":"EndormoonStore","og_image":[{"width":1500,"height":1102,"url":"https:\/\/endormoonstore.com\/wp-content\/uploads\/2018\/06\/lego_speed_champions_75885_ford_fiesta_m-sport_wrc-1.jpg","type":"image\/jpeg"}],"twitter_card":"summary_large_image","twitter_misc":{"Est. reading time":"1 minute"},"schema":{"@context":"https:\/\/schema.org","@graph":[{"@type":"WebPage","@id":"https:\/\/endormoonstore.com\/en\/lego-speed-champions-75885-ford-fiesta-m-sport-wrc\/","url":"https:\/\/endormoonstore.com\/en\/lego-speed-champions-75885-ford-fiesta-m-sport-wrc\/","name":"Lego Speed Champions 75885 Ford Fiesta M-Sport WRC - EndormoonStore","isPartOf":{"@id":"https:\/\/endormoonstore.com\/#website"},"primaryImageOfPage":{"@id":"https:\/\/endormoonstore.com\/en\/lego-speed-champions-75885-ford-fiesta-m-sport-wrc\/#primaryimage"},"image":{"@id":"https:\/\/endormoonstore.com\/en\/lego-speed-champions-75885-ford-fiesta-m-sport-wrc\/#primaryimage"},"thumbnailUrl":"https:\/\/endormoonstore.com\/wp-content\/uploads\/2018\/06\/lego_speed_champions_75885_ford_fiesta_m-sport_wrc-1.jpg","datePublished":"2018-06-10T16:54:29+00:00","breadcrumb":{"@id":"https:\/\/endormoonstore.com\/en\/lego-speed-champions-75885-ford-fiesta-m-sport-wrc\/#breadcrumb"},"inLanguage":"en-US","potentialAction":[{"@type":"ReadAction","target":["https:\/\/endormoonstore.com\/en\/lego-speed-champions-75885-ford-fiesta-m-sport-wrc\/"]}]},{"@type":"ImageObject","inLanguage":"en-US","@id":"https:\/\/endormoonstore.com\/en\/lego-speed-champions-75885-ford-fiesta-m-sport-wrc\/#primaryimage","url":"https:\/\/endormoonstore.com\/wp-content\/uploads\/2018\/06\/lego_speed_champions_75885_ford_fiesta_m-sport_wrc-1.jpg","contentUrl":"https:\/\/endormoonstore.com\/wp-content\/uploads\/2018\/06\/lego_speed_champions_75885_ford_fiesta_m-sport_wrc-1.jpg","width":1500,"height":1102,"caption":"Lego Speed Champions 75885 Ford Fiesta M-Sport WRC-0"},{"@type":"BreadcrumbList","@id":"https:\/\/endormoonstore.com\/en\/lego-speed-champions-75885-ford-fiesta-m-sport-wrc\/#breadcrumb","itemListElement":[{"@type":"ListItem","position":1,"name":"Shop","item":"https:\/\/endormoonstore.com\/en\/shop\/"},{"@type":"ListItem","position":2,"name":"Lego Speed Champions 75885 Ford Fiesta M-Sport WRC"}]},{"@type":"WebSite","@id":"https:\/\/endormoonstore.com\/#website","url":"https:\/\/endormoonstore.com\/","name":"EndormoonStore","description":"","potentialAction":[{"@type":"SearchAction","target":{"@type":"EntryPoint","urlTemplate":"https:\/\/endormoonstore.com\/?s={search_term_string}"},"query-input":{"@type":"PropertyValueSpecification","valueRequired":true,"valueName":"search_term_string"}}],"inLanguage":"en-US"}]}},"taxonomy_info":{"product_cat":[{"value":13751,"label":"No categorized"}]},"featured_image_src_large":["https:\/\/endormoonstore.com\/wp-content\/uploads\/2018\/06\/lego_speed_champions_75885_ford_fiesta_m-sport_wrc-1.jpg",1500,1102,false],"author_info":[],"comment_info":"","_links":{"self":[{"href":"https:\/\/endormoonstore.com\/en\/wp-json\/wp\/v2\/product\/61694","targetHints":{"allow":["GET"]}}],"collection":[{"href":"https:\/\/endormoonstore.com\/en\/wp-json\/wp\/v2\/product"}],"about":[{"href":"https:\/\/endormoonstore.com\/en\/wp-json\/wp\/v2\/types\/product"}],"wp:featuredmedia":[{"embeddable":true,"href":"https:\/\/endormoonstore.com\/en\/wp-json\/wp\/v2\/media\/61684"}],"wp:attachment":[{"href":"https:\/\/endormoonstore.com\/en\/wp-json\/wp\/v2\/media?parent=61694"}],"wp:term":[{"taxonomy":"product_cat","embeddable":true,"href":"https:\/\/endormoonstore.com\/en\/wp-json\/wp\/v2\/product_cat?post=61694"},{"taxonomy":"product_tag","embeddable":true,"href":"https:\/\/endormoonstore.com\/en\/wp-json\/wp\/v2\/product_tag?post=61694"}],"curies":[{"name":"wp","href":"https:\/\/api.w.org\/{rel}","templated":true}]}}