{"id":61672,"date":"2018-06-10T18:44:03","date_gmt":"2018-06-10T16:44:03","guid":{"rendered":"https:\/\/endormoonstore.com\/lego-speed-champions-75871-ford-mustang-gt\/"},"modified":"2018-06-10T18:44:03","modified_gmt":"2018-06-10T16:44:03","slug":"lego-speed-champions-75871-ford-mustang-gt","status":"publish","type":"product","link":"https:\/\/endormoonstore.com\/en\/lego-speed-champions-75871-ford-mustang-gt\/","title":{"rendered":"Lego Speed Champions 75871 Ford Mustang GT"},"content":{"rendered":"<p>Lego Speed Champions 75871 Ford Mustang GT<\/p>\n<p><strong>&nbsp;<\/strong><\/p>\n<p>Recorre el desierto a toda velocidad con esta versi&oacute;n LEGO&reg; Speed Champions a escala de minifigura de un cl&aacute;sico americano c&eacute;lebre por su motor V8: el Ford Mustang GT. Inventa todo tipo de historias alrededor del d&iacute;a de la carrera con este set; cuenta con tapacubos intercambiables, una llave inglesa y un cron&oacute;metro. Incluye una minifigura de un piloto de Ford.<\/p>\n<ul>\n<li>Incluye una minifigura de un piloto de Ford.<\/li>\n<li>El Ford Mustang GT cuenta con espacio para una minifigura, parabrisas desmontable, 2 juegos de tapacubos intercambiables, logotipo aut&eacute;ntico del Ford Mustang y adhesivos para los faros.<\/li>\n<li>Accesorios incluidos: casco de piloto de Ford, una llave inglesa y un cron&oacute;metro que muestra el tiempo por cuarto de milla.<\/li>\n<li>&iexcl;Celebra una emocionante carrera por el desierto contra el Chevrolet Corvette Z06 (75870)!<\/li>\n<li>Mide m&aacute;s de 4 cm de altura, 14 cm de longitud y 5 cm de ancho.<\/li>\n<\/ul>\n<ul>\n<li>EAN:&nbsp;<span>5702015591492<\/span><\/li>\n<\/ul>\n<ul>\n<li>MPN: LG7<span>5871<\/span><\/li>\n<li><\/li>\n<li>PIEZAS:&nbsp;<span>185<\/span><\/li>\n<\/ul>\n","protected":false},"excerpt":{"rendered":"<p>Lego Speed Champions 75871 Ford Mustang GT<\/p>\n<p>Recorre el desierto a toda velocidad con esta versi\u00f3n LEGO\u00ae Speed Champions a escala de minifigura de un cl\u00e1sico americano c\u00e9lebre por su motor V8: el Ford Mustang GT. Inventa todo tipo de historias alrededor del d\u00eda de la carrera con este set; cuenta con tapacubos intercambiables, una llave inglesa y un cron\u00f3metro. Incluye una minifigura de un piloto de Ford.<\/p>\n","protected":false},"featured_media":61662,"template":"","meta":{"_acf_changed":false,"_kad_blocks_custom_css":"","_kad_blocks_head_custom_js":"","_kad_blocks_body_custom_js":"","_kad_blocks_footer_custom_js":""},"product_cat":[13751],"product_tag":[],"class_list":{"0":"post-61672","1":"product","2":"type-product","3":"status-publish","4":"has-post-thumbnail","6":"product_cat-no-categorized","8":"first","9":"outofstock","10":"taxable","11":"shipping-taxable","12":"purchasable","13":"product-type-simple"},"acf":[],"yoast_head":"<!-- This site is optimized with the Yoast SEO plugin v26.1.1 - https:\/\/yoast.com\/wordpress\/plugins\/seo\/ -->\n<title>Lego Speed Champions 75871 Ford Mustang GT - EndormoonStore<\/title>\n<meta name=\"robots\" content=\"index, follow, max-snippet:-1, max-image-preview:large, max-video-preview:-1\" \/>\n<link rel=\"canonical\" href=\"https:\/\/endormoonstore.com\/en\/lego-speed-champions-75871-ford-mustang-gt\/\" \/>\n<meta property=\"og:locale\" content=\"en_US\" \/>\n<meta property=\"og:type\" content=\"article\" \/>\n<meta property=\"og:title\" content=\"Lego Speed Champions 75871 Ford Mustang GT - EndormoonStore\" \/>\n<meta property=\"og:description\" content=\"Lego Speed Champions 75871 Ford Mustang GT   Recorre el desierto a toda velocidad con esta versi\u00f3n LEGO\u00ae Speed Champions a escala de minifigura de un cl\u00e1sico americano c\u00e9lebre por su motor V8: el Ford Mustang GT. Inventa todo tipo de historias alrededor del d\u00eda de la carrera con este set; cuenta con tapacubos intercambiables, una llave inglesa y un cron\u00f3metro. Incluye una minifigura de un piloto de Ford.\" \/>\n<meta property=\"og:url\" content=\"https:\/\/endormoonstore.com\/en\/lego-speed-champions-75871-ford-mustang-gt\/\" \/>\n<meta property=\"og:site_name\" content=\"EndormoonStore\" \/>\n<meta property=\"og:image\" content=\"https:\/\/endormoonstore.com\/wp-content\/uploads\/2018\/06\/lego_speed_champions_75871_ford_mustang_gt-1.jpg\" \/>\n\t<meta property=\"og:image:width\" content=\"1000\" \/>\n\t<meta property=\"og:image:height\" content=\"1000\" \/>\n\t<meta property=\"og:image:type\" content=\"image\/jpeg\" \/>\n<meta name=\"twitter:card\" content=\"summary_large_image\" \/>\n<meta name=\"twitter:label1\" content=\"Est. reading time\" \/>\n\t<meta name=\"twitter:data1\" content=\"1 minute\" \/>\n<script type=\"application\/ld+json\" class=\"yoast-schema-graph\">{\"@context\":\"https:\/\/schema.org\",\"@graph\":[{\"@type\":\"WebPage\",\"@id\":\"https:\/\/endormoonstore.com\/en\/lego-speed-champions-75871-ford-mustang-gt\/\",\"url\":\"https:\/\/endormoonstore.com\/en\/lego-speed-champions-75871-ford-mustang-gt\/\",\"name\":\"Lego Speed Champions 75871 Ford Mustang GT - EndormoonStore\",\"isPartOf\":{\"@id\":\"https:\/\/endormoonstore.com\/#website\"},\"primaryImageOfPage\":{\"@id\":\"https:\/\/endormoonstore.com\/en\/lego-speed-champions-75871-ford-mustang-gt\/#primaryimage\"},\"image\":{\"@id\":\"https:\/\/endormoonstore.com\/en\/lego-speed-champions-75871-ford-mustang-gt\/#primaryimage\"},\"thumbnailUrl\":\"https:\/\/endormoonstore.com\/wp-content\/uploads\/2018\/06\/lego_speed_champions_75871_ford_mustang_gt-1.jpg\",\"datePublished\":\"2018-06-10T16:44:03+00:00\",\"breadcrumb\":{\"@id\":\"https:\/\/endormoonstore.com\/en\/lego-speed-champions-75871-ford-mustang-gt\/#breadcrumb\"},\"inLanguage\":\"en-US\",\"potentialAction\":[{\"@type\":\"ReadAction\",\"target\":[\"https:\/\/endormoonstore.com\/en\/lego-speed-champions-75871-ford-mustang-gt\/\"]}]},{\"@type\":\"ImageObject\",\"inLanguage\":\"en-US\",\"@id\":\"https:\/\/endormoonstore.com\/en\/lego-speed-champions-75871-ford-mustang-gt\/#primaryimage\",\"url\":\"https:\/\/endormoonstore.com\/wp-content\/uploads\/2018\/06\/lego_speed_champions_75871_ford_mustang_gt-1.jpg\",\"contentUrl\":\"https:\/\/endormoonstore.com\/wp-content\/uploads\/2018\/06\/lego_speed_champions_75871_ford_mustang_gt-1.jpg\",\"width\":1000,\"height\":1000,\"caption\":\"Lego Speed Champions 75871 Ford Mustang GT-0\"},{\"@type\":\"BreadcrumbList\",\"@id\":\"https:\/\/endormoonstore.com\/en\/lego-speed-champions-75871-ford-mustang-gt\/#breadcrumb\",\"itemListElement\":[{\"@type\":\"ListItem\",\"position\":1,\"name\":\"Shop\",\"item\":\"https:\/\/endormoonstore.com\/en\/shop\/\"},{\"@type\":\"ListItem\",\"position\":2,\"name\":\"Lego Speed Champions 75871 Ford Mustang GT\"}]},{\"@type\":\"WebSite\",\"@id\":\"https:\/\/endormoonstore.com\/#website\",\"url\":\"https:\/\/endormoonstore.com\/\",\"name\":\"EndormoonStore\",\"description\":\"\",\"potentialAction\":[{\"@type\":\"SearchAction\",\"target\":{\"@type\":\"EntryPoint\",\"urlTemplate\":\"https:\/\/endormoonstore.com\/?s={search_term_string}\"},\"query-input\":{\"@type\":\"PropertyValueSpecification\",\"valueRequired\":true,\"valueName\":\"search_term_string\"}}],\"inLanguage\":\"en-US\"}]}<\/script>\n<!-- \/ Yoast SEO plugin. -->","yoast_head_json":{"title":"Lego Speed Champions 75871 Ford Mustang GT - EndormoonStore","robots":{"index":"index","follow":"follow","max-snippet":"max-snippet:-1","max-image-preview":"max-image-preview:large","max-video-preview":"max-video-preview:-1"},"canonical":"https:\/\/endormoonstore.com\/en\/lego-speed-champions-75871-ford-mustang-gt\/","og_locale":"en_US","og_type":"article","og_title":"Lego Speed Champions 75871 Ford Mustang GT - EndormoonStore","og_description":"Lego Speed Champions 75871 Ford Mustang GT   Recorre el desierto a toda velocidad con esta versi\u00f3n LEGO\u00ae Speed Champions a escala de minifigura de un cl\u00e1sico americano c\u00e9lebre por su motor V8: el Ford Mustang GT. Inventa todo tipo de historias alrededor del d\u00eda de la carrera con este set; cuenta con tapacubos intercambiables, una llave inglesa y un cron\u00f3metro. Incluye una minifigura de un piloto de Ford.","og_url":"https:\/\/endormoonstore.com\/en\/lego-speed-champions-75871-ford-mustang-gt\/","og_site_name":"EndormoonStore","og_image":[{"width":1000,"height":1000,"url":"https:\/\/endormoonstore.com\/wp-content\/uploads\/2018\/06\/lego_speed_champions_75871_ford_mustang_gt-1.jpg","type":"image\/jpeg"}],"twitter_card":"summary_large_image","twitter_misc":{"Est. reading time":"1 minute"},"schema":{"@context":"https:\/\/schema.org","@graph":[{"@type":"WebPage","@id":"https:\/\/endormoonstore.com\/en\/lego-speed-champions-75871-ford-mustang-gt\/","url":"https:\/\/endormoonstore.com\/en\/lego-speed-champions-75871-ford-mustang-gt\/","name":"Lego Speed Champions 75871 Ford Mustang GT - EndormoonStore","isPartOf":{"@id":"https:\/\/endormoonstore.com\/#website"},"primaryImageOfPage":{"@id":"https:\/\/endormoonstore.com\/en\/lego-speed-champions-75871-ford-mustang-gt\/#primaryimage"},"image":{"@id":"https:\/\/endormoonstore.com\/en\/lego-speed-champions-75871-ford-mustang-gt\/#primaryimage"},"thumbnailUrl":"https:\/\/endormoonstore.com\/wp-content\/uploads\/2018\/06\/lego_speed_champions_75871_ford_mustang_gt-1.jpg","datePublished":"2018-06-10T16:44:03+00:00","breadcrumb":{"@id":"https:\/\/endormoonstore.com\/en\/lego-speed-champions-75871-ford-mustang-gt\/#breadcrumb"},"inLanguage":"en-US","potentialAction":[{"@type":"ReadAction","target":["https:\/\/endormoonstore.com\/en\/lego-speed-champions-75871-ford-mustang-gt\/"]}]},{"@type":"ImageObject","inLanguage":"en-US","@id":"https:\/\/endormoonstore.com\/en\/lego-speed-champions-75871-ford-mustang-gt\/#primaryimage","url":"https:\/\/endormoonstore.com\/wp-content\/uploads\/2018\/06\/lego_speed_champions_75871_ford_mustang_gt-1.jpg","contentUrl":"https:\/\/endormoonstore.com\/wp-content\/uploads\/2018\/06\/lego_speed_champions_75871_ford_mustang_gt-1.jpg","width":1000,"height":1000,"caption":"Lego Speed Champions 75871 Ford Mustang GT-0"},{"@type":"BreadcrumbList","@id":"https:\/\/endormoonstore.com\/en\/lego-speed-champions-75871-ford-mustang-gt\/#breadcrumb","itemListElement":[{"@type":"ListItem","position":1,"name":"Shop","item":"https:\/\/endormoonstore.com\/en\/shop\/"},{"@type":"ListItem","position":2,"name":"Lego Speed Champions 75871 Ford Mustang GT"}]},{"@type":"WebSite","@id":"https:\/\/endormoonstore.com\/#website","url":"https:\/\/endormoonstore.com\/","name":"EndormoonStore","description":"","potentialAction":[{"@type":"SearchAction","target":{"@type":"EntryPoint","urlTemplate":"https:\/\/endormoonstore.com\/?s={search_term_string}"},"query-input":{"@type":"PropertyValueSpecification","valueRequired":true,"valueName":"search_term_string"}}],"inLanguage":"en-US"}]}},"taxonomy_info":{"product_cat":[{"value":13751,"label":"No categorized"}]},"featured_image_src_large":["https:\/\/endormoonstore.com\/wp-content\/uploads\/2018\/06\/lego_speed_champions_75871_ford_mustang_gt-1.jpg",1000,1000,false],"author_info":[],"comment_info":"","_links":{"self":[{"href":"https:\/\/endormoonstore.com\/en\/wp-json\/wp\/v2\/product\/61672","targetHints":{"allow":["GET"]}}],"collection":[{"href":"https:\/\/endormoonstore.com\/en\/wp-json\/wp\/v2\/product"}],"about":[{"href":"https:\/\/endormoonstore.com\/en\/wp-json\/wp\/v2\/types\/product"}],"wp:featuredmedia":[{"embeddable":true,"href":"https:\/\/endormoonstore.com\/en\/wp-json\/wp\/v2\/media\/61662"}],"wp:attachment":[{"href":"https:\/\/endormoonstore.com\/en\/wp-json\/wp\/v2\/media?parent=61672"}],"wp:term":[{"taxonomy":"product_cat","embeddable":true,"href":"https:\/\/endormoonstore.com\/en\/wp-json\/wp\/v2\/product_cat?post=61672"},{"taxonomy":"product_tag","embeddable":true,"href":"https:\/\/endormoonstore.com\/en\/wp-json\/wp\/v2\/product_tag?post=61672"}],"curies":[{"name":"wp","href":"https:\/\/api.w.org\/{rel}","templated":true}]}}