{"id":60890,"date":"2018-04-18T16:59:36","date_gmt":"2018-04-18T14:59:36","guid":{"rendered":"https:\/\/endormoonstore.com\/lego-ideas-ship-in-a-bottle-21313\/"},"modified":"2018-04-18T16:59:36","modified_gmt":"2018-04-18T14:59:36","slug":"lego-ideas-ship-in-a-bottle-21313","status":"publish","type":"product","link":"https:\/\/endormoonstore.com\/en\/lego-ideas-ship-in-a-bottle-21313\/","title":{"rendered":"Lego Ideas Ship in a Bottle 21313"},"content":{"rendered":"<p>Lego Ideas Ship in a Bottle 21313<\/p>\n<p>Da continuidad a una antigua tradici&oacute;n n&aacute;utica construyendo el Barco en una botella de LEGO&reg; Ideas, el cual incluye un detallado buque con camarote del capit&aacute;n, ca&ntilde;ones, m&aacute;stiles, cofa y velas impresas. Inspirado por un barco en botella real que construy&oacute; hace unos a&ntilde;os, el fan creador Jake Sadovich decidi&oacute; crear una r&eacute;plica con ladrillos LEGO. La creaci&oacute;n alcanz&oacute; los 10&nbsp;000 votos necesarios en LEGO Ideas para producir el set.<\/p>\n<ul>\n<li>Contiene una botella que se construye con ladrillos LEGO&reg;, un buque y un expositor.<\/li>\n<li>La botella incluye un detallado corcho para construir con un elemento que representa un sello de cera (novedad en febrero de 2018) y m&aacute;s de 280 elementos de color azul transl&uacute;cido que representan el agua en su interior.<\/li>\n<li>El buque cuenta con cubierta elevada en la popa, camarote del capit&aacute;n, 6 ca&ntilde;ones, 3 m&aacute;stiles, cofa y diferentes elementos, como velas impresas y la bandera del barco.<\/li>\n<li>El expositor incorpora una placa con el nombre del barco (&laquo;Leviathan&raquo;), una &laquo;br&uacute;jula&raquo; integrada (que no funciona de verdad) con una detallada rosa de los vientos y aguja giratoria dorada, 2 esferas terrestres y detalles dorados.<\/li>\n<li>Incluye tambi&eacute;n un folleto con instrucciones de construcci&oacute;n e informaci&oacute;n sobre el fan creador del set, Jake Sadovich, y los dise&ntilde;adores LEGO&reg;.<\/li>\n<li>Este juguete de construcci&oacute;n es apto para ni&ntilde;os de m&aacute;s de 10 a&ntilde;os de edad.<\/li>\n<li>Junto con el soporte, la botella mide m&aacute;s de 10&nbsp;cm de alto, 31&nbsp;cm de ancho y 10&nbsp;cm de profundidad.<\/li>\n<li>El buque mide m&aacute;s de 8&nbsp;cm de alto, 14&nbsp;cm de largo y 5&nbsp;cm de ancho.<\/li>\n<\/ul>\n<ul>\n<li>EAN:&nbsp;5702016173161<\/li>\n<\/ul>\n<ul>\n<li>MPN: LG21313<\/li>\n<\/ul>\n<ul>\n<li>PIEZAS:&nbsp;<span>962<\/span><\/li>\n<\/ul>\n","protected":false},"excerpt":{"rendered":"<p>Lego Ideas Ship in a Bottle 21313<\/p>\n<p>Da continuidad a una antigua tradici\u00f3n n\u00e1utica construyendo el Barco en una botella de LEGO\u00ae Ideas, el cual incluye un detallado buque con camarote del capit\u00e1n, ca\u00f1ones, m\u00e1stiles, cofa y velas impresas.<\/p>\n","protected":false},"featured_media":60886,"template":"","meta":{"_acf_changed":false,"_kad_blocks_custom_css":"","_kad_blocks_head_custom_js":"","_kad_blocks_body_custom_js":"","_kad_blocks_footer_custom_js":""},"product_cat":[13751],"product_tag":[],"class_list":{"0":"post-60890","1":"product","2":"type-product","3":"status-publish","4":"has-post-thumbnail","6":"product_cat-no-categorized","8":"first","9":"outofstock","10":"taxable","11":"shipping-taxable","12":"purchasable","13":"product-type-simple"},"acf":[],"yoast_head":"<!-- This site is optimized with the Yoast SEO plugin v26.1.1 - https:\/\/yoast.com\/wordpress\/plugins\/seo\/ -->\n<title>Lego Ideas Ship in a Bottle 21313 - EndormoonStore<\/title>\n<meta name=\"robots\" content=\"index, follow, max-snippet:-1, max-image-preview:large, max-video-preview:-1\" \/>\n<link rel=\"canonical\" href=\"https:\/\/endormoonstore.com\/en\/lego-ideas-ship-in-a-bottle-21313\/\" \/>\n<meta property=\"og:locale\" content=\"en_US\" \/>\n<meta property=\"og:type\" content=\"article\" \/>\n<meta property=\"og:title\" content=\"Lego Ideas Ship in a Bottle 21313 - EndormoonStore\" \/>\n<meta property=\"og:description\" content=\"Lego Ideas Ship in a Bottle 21313  Da continuidad a una antigua tradici\u00f3n n\u00e1utica construyendo el Barco en una botella de LEGO\u00ae Ideas, el cual incluye un detallado buque con camarote del capit\u00e1n, ca\u00f1ones, m\u00e1stiles, cofa y velas impresas.\" \/>\n<meta property=\"og:url\" content=\"https:\/\/endormoonstore.com\/en\/lego-ideas-ship-in-a-bottle-21313\/\" \/>\n<meta property=\"og:site_name\" content=\"EndormoonStore\" \/>\n<meta property=\"og:image\" content=\"https:\/\/endormoonstore.com\/wp-content\/uploads\/2018\/04\/lego_ideas_ship_in_a_bottle_21313-1.jpg\" \/>\n\t<meta property=\"og:image:width\" content=\"1240\" \/>\n\t<meta property=\"og:image:height\" content=\"1240\" \/>\n\t<meta property=\"og:image:type\" content=\"image\/jpeg\" \/>\n<meta name=\"twitter:card\" content=\"summary_large_image\" \/>\n<meta name=\"twitter:label1\" content=\"Est. reading time\" \/>\n\t<meta name=\"twitter:data1\" content=\"2 minutes\" \/>\n<script type=\"application\/ld+json\" class=\"yoast-schema-graph\">{\"@context\":\"https:\/\/schema.org\",\"@graph\":[{\"@type\":\"WebPage\",\"@id\":\"https:\/\/endormoonstore.com\/en\/lego-ideas-ship-in-a-bottle-21313\/\",\"url\":\"https:\/\/endormoonstore.com\/en\/lego-ideas-ship-in-a-bottle-21313\/\",\"name\":\"Lego Ideas Ship in a Bottle 21313 - EndormoonStore\",\"isPartOf\":{\"@id\":\"https:\/\/endormoonstore.com\/#website\"},\"primaryImageOfPage\":{\"@id\":\"https:\/\/endormoonstore.com\/en\/lego-ideas-ship-in-a-bottle-21313\/#primaryimage\"},\"image\":{\"@id\":\"https:\/\/endormoonstore.com\/en\/lego-ideas-ship-in-a-bottle-21313\/#primaryimage\"},\"thumbnailUrl\":\"https:\/\/endormoonstore.com\/wp-content\/uploads\/2018\/04\/lego_ideas_ship_in_a_bottle_21313-1.jpg\",\"datePublished\":\"2018-04-18T14:59:36+00:00\",\"breadcrumb\":{\"@id\":\"https:\/\/endormoonstore.com\/en\/lego-ideas-ship-in-a-bottle-21313\/#breadcrumb\"},\"inLanguage\":\"en-US\",\"potentialAction\":[{\"@type\":\"ReadAction\",\"target\":[\"https:\/\/endormoonstore.com\/en\/lego-ideas-ship-in-a-bottle-21313\/\"]}]},{\"@type\":\"ImageObject\",\"inLanguage\":\"en-US\",\"@id\":\"https:\/\/endormoonstore.com\/en\/lego-ideas-ship-in-a-bottle-21313\/#primaryimage\",\"url\":\"https:\/\/endormoonstore.com\/wp-content\/uploads\/2018\/04\/lego_ideas_ship_in_a_bottle_21313-1.jpg\",\"contentUrl\":\"https:\/\/endormoonstore.com\/wp-content\/uploads\/2018\/04\/lego_ideas_ship_in_a_bottle_21313-1.jpg\",\"width\":1240,\"height\":1240,\"caption\":\"Lego Ideas Ship in a Bottle 21313-0\"},{\"@type\":\"BreadcrumbList\",\"@id\":\"https:\/\/endormoonstore.com\/en\/lego-ideas-ship-in-a-bottle-21313\/#breadcrumb\",\"itemListElement\":[{\"@type\":\"ListItem\",\"position\":1,\"name\":\"Shop\",\"item\":\"https:\/\/endormoonstore.com\/en\/shop\/\"},{\"@type\":\"ListItem\",\"position\":2,\"name\":\"Lego Ideas Ship in a Bottle 21313\"}]},{\"@type\":\"WebSite\",\"@id\":\"https:\/\/endormoonstore.com\/#website\",\"url\":\"https:\/\/endormoonstore.com\/\",\"name\":\"EndormoonStore\",\"description\":\"\",\"potentialAction\":[{\"@type\":\"SearchAction\",\"target\":{\"@type\":\"EntryPoint\",\"urlTemplate\":\"https:\/\/endormoonstore.com\/?s={search_term_string}\"},\"query-input\":{\"@type\":\"PropertyValueSpecification\",\"valueRequired\":true,\"valueName\":\"search_term_string\"}}],\"inLanguage\":\"en-US\"}]}<\/script>\n<!-- \/ Yoast SEO plugin. -->","yoast_head_json":{"title":"Lego Ideas Ship in a Bottle 21313 - EndormoonStore","robots":{"index":"index","follow":"follow","max-snippet":"max-snippet:-1","max-image-preview":"max-image-preview:large","max-video-preview":"max-video-preview:-1"},"canonical":"https:\/\/endormoonstore.com\/en\/lego-ideas-ship-in-a-bottle-21313\/","og_locale":"en_US","og_type":"article","og_title":"Lego Ideas Ship in a Bottle 21313 - EndormoonStore","og_description":"Lego Ideas Ship in a Bottle 21313  Da continuidad a una antigua tradici\u00f3n n\u00e1utica construyendo el Barco en una botella de LEGO\u00ae Ideas, el cual incluye un detallado buque con camarote del capit\u00e1n, ca\u00f1ones, m\u00e1stiles, cofa y velas impresas.","og_url":"https:\/\/endormoonstore.com\/en\/lego-ideas-ship-in-a-bottle-21313\/","og_site_name":"EndormoonStore","og_image":[{"width":1240,"height":1240,"url":"https:\/\/endormoonstore.com\/wp-content\/uploads\/2018\/04\/lego_ideas_ship_in_a_bottle_21313-1.jpg","type":"image\/jpeg"}],"twitter_card":"summary_large_image","twitter_misc":{"Est. reading time":"2 minutes"},"schema":{"@context":"https:\/\/schema.org","@graph":[{"@type":"WebPage","@id":"https:\/\/endormoonstore.com\/en\/lego-ideas-ship-in-a-bottle-21313\/","url":"https:\/\/endormoonstore.com\/en\/lego-ideas-ship-in-a-bottle-21313\/","name":"Lego Ideas Ship in a Bottle 21313 - EndormoonStore","isPartOf":{"@id":"https:\/\/endormoonstore.com\/#website"},"primaryImageOfPage":{"@id":"https:\/\/endormoonstore.com\/en\/lego-ideas-ship-in-a-bottle-21313\/#primaryimage"},"image":{"@id":"https:\/\/endormoonstore.com\/en\/lego-ideas-ship-in-a-bottle-21313\/#primaryimage"},"thumbnailUrl":"https:\/\/endormoonstore.com\/wp-content\/uploads\/2018\/04\/lego_ideas_ship_in_a_bottle_21313-1.jpg","datePublished":"2018-04-18T14:59:36+00:00","breadcrumb":{"@id":"https:\/\/endormoonstore.com\/en\/lego-ideas-ship-in-a-bottle-21313\/#breadcrumb"},"inLanguage":"en-US","potentialAction":[{"@type":"ReadAction","target":["https:\/\/endormoonstore.com\/en\/lego-ideas-ship-in-a-bottle-21313\/"]}]},{"@type":"ImageObject","inLanguage":"en-US","@id":"https:\/\/endormoonstore.com\/en\/lego-ideas-ship-in-a-bottle-21313\/#primaryimage","url":"https:\/\/endormoonstore.com\/wp-content\/uploads\/2018\/04\/lego_ideas_ship_in_a_bottle_21313-1.jpg","contentUrl":"https:\/\/endormoonstore.com\/wp-content\/uploads\/2018\/04\/lego_ideas_ship_in_a_bottle_21313-1.jpg","width":1240,"height":1240,"caption":"Lego Ideas Ship in a Bottle 21313-0"},{"@type":"BreadcrumbList","@id":"https:\/\/endormoonstore.com\/en\/lego-ideas-ship-in-a-bottle-21313\/#breadcrumb","itemListElement":[{"@type":"ListItem","position":1,"name":"Shop","item":"https:\/\/endormoonstore.com\/en\/shop\/"},{"@type":"ListItem","position":2,"name":"Lego Ideas Ship in a Bottle 21313"}]},{"@type":"WebSite","@id":"https:\/\/endormoonstore.com\/#website","url":"https:\/\/endormoonstore.com\/","name":"EndormoonStore","description":"","potentialAction":[{"@type":"SearchAction","target":{"@type":"EntryPoint","urlTemplate":"https:\/\/endormoonstore.com\/?s={search_term_string}"},"query-input":{"@type":"PropertyValueSpecification","valueRequired":true,"valueName":"search_term_string"}}],"inLanguage":"en-US"}]}},"taxonomy_info":{"product_cat":[{"value":13751,"label":"No categorized"}]},"featured_image_src_large":["https:\/\/endormoonstore.com\/wp-content\/uploads\/2018\/04\/lego_ideas_ship_in_a_bottle_21313-1.jpg",1240,1240,false],"author_info":[],"comment_info":"","_links":{"self":[{"href":"https:\/\/endormoonstore.com\/en\/wp-json\/wp\/v2\/product\/60890","targetHints":{"allow":["GET"]}}],"collection":[{"href":"https:\/\/endormoonstore.com\/en\/wp-json\/wp\/v2\/product"}],"about":[{"href":"https:\/\/endormoonstore.com\/en\/wp-json\/wp\/v2\/types\/product"}],"wp:featuredmedia":[{"embeddable":true,"href":"https:\/\/endormoonstore.com\/en\/wp-json\/wp\/v2\/media\/60886"}],"wp:attachment":[{"href":"https:\/\/endormoonstore.com\/en\/wp-json\/wp\/v2\/media?parent=60890"}],"wp:term":[{"taxonomy":"product_cat","embeddable":true,"href":"https:\/\/endormoonstore.com\/en\/wp-json\/wp\/v2\/product_cat?post=60890"},{"taxonomy":"product_tag","embeddable":true,"href":"https:\/\/endormoonstore.com\/en\/wp-json\/wp\/v2\/product_tag?post=60890"}],"curies":[{"name":"wp","href":"https:\/\/api.w.org\/{rel}","templated":true}]}}