{"id":60570,"date":"2018-02-15T09:00:08","date_gmt":"2018-02-15T08:00:08","guid":{"rendered":"https:\/\/endormoonstore.com\/lego-star-wars-microfighters-75127-ghost\/"},"modified":"2018-02-15T09:00:08","modified_gmt":"2018-02-15T08:00:08","slug":"lego-star-wars-microfighters-75127-ghost","status":"publish","type":"product","link":"https:\/\/endormoonstore.com\/en\/lego-star-wars-microfighters-75127-ghost\/","title":{"rendered":"Lego Star Wars Microfighters 75127 Ghost"},"content":{"rendered":"<p>Lego Star Wars Microfighters 75127 Ghost<\/p>\n<p>&iexcl;L&aacute;nzate al fant&aacute;stico mundo de los microcazas LEGO&reg; Microfighters con esta versi&oacute;n en miniatura de la nave personal de Hera Syndulla! The Ghost cuenta con ca&ntilde;&oacute;n con munici&oacute;n adicional y espacio para sentar la minifigura incluida de Hera con una pistola bl&aacute;ster.<\/p>\n<ul>\n<li>Incluye una minifigura de Hera Syndulla.<\/li>\n<li>Cuenta con grandes motores, ca&ntilde;&oacute;n y cabina abierta con espacio para sentar una minifigura.<\/li>\n<li>Dispara el ca&ntilde;&oacute;n giratorio contra el enemigo.<\/li>\n<li>Incluye una pistola bl&aacute;ster y munici&oacute;n adicional.<\/li>\n<li>Enfrenta este microcaza al TIE Advanced Prototype (75128) y disfruta de un apasionante duelo espacial.<\/li>\n<li>&iexcl;Tal y como aparece en la serie animada para televisi&oacute;n&nbsp;<em>Star Wars<\/em>: Rebels!<\/li>\n<li>Un fant&aacute;stico complemento para cualquier colecci&oacute;n de microcazas.<\/li>\n<li>Midem&aacute;s de4cm de altura, 10 cm de longitud y 9 cm de ancho.<\/li>\n<\/ul>\n<\/p>\n<ul>\n<li>EAN:&nbsp;<span>5702015590624<\/span><\/li>\n<\/ul>\n<ul>\n<li>MPN: LG75127<\/li>\n<\/ul>\n<ul>\n<li>PIEZAS: 104<\/li>\n<\/ul>\n","protected":false},"excerpt":{"rendered":"<p>Lego Star Wars Microfighters 75127 Ghost<\/p>\n<p>\u00a1L\u00e1nzate al fant\u00e1stico mundo de los microcazas LEGO\u00ae Microfighters con esta versi\u00f3n en miniatura de la nave personal de Hera Syndulla! The Ghost cuenta con ca\u00f1\u00f3n con munici\u00f3n adicional y espacio para sentar la minifigura incluida de Hera con una pistola bl\u00e1ster.<\/p>\n","protected":false},"featured_media":60568,"template":"","meta":{"_acf_changed":false,"_kad_blocks_custom_css":"","_kad_blocks_head_custom_js":"","_kad_blocks_body_custom_js":"","_kad_blocks_footer_custom_js":""},"product_cat":[13751],"product_tag":[],"class_list":{"0":"post-60570","1":"product","2":"type-product","3":"status-publish","4":"has-post-thumbnail","6":"product_cat-no-categorized","8":"first","9":"outofstock","10":"taxable","11":"shipping-taxable","12":"purchasable","13":"product-type-simple"},"acf":[],"yoast_head":"<!-- This site is optimized with the Yoast SEO plugin v26.1.1 - https:\/\/yoast.com\/wordpress\/plugins\/seo\/ -->\n<title>Lego Star Wars Microfighters 75127 Ghost - EndormoonStore<\/title>\n<meta name=\"robots\" content=\"index, follow, max-snippet:-1, max-image-preview:large, max-video-preview:-1\" \/>\n<link rel=\"canonical\" href=\"https:\/\/endormoonstore.com\/en\/lego-star-wars-microfighters-75127-ghost\/\" \/>\n<meta property=\"og:locale\" content=\"en_US\" \/>\n<meta property=\"og:type\" content=\"article\" \/>\n<meta property=\"og:title\" content=\"Lego Star Wars Microfighters 75127 Ghost - EndormoonStore\" \/>\n<meta property=\"og:description\" content=\"Lego Star Wars Microfighters 75127 Ghost  \u00a1L\u00e1nzate al fant\u00e1stico mundo de los microcazas LEGO\u00ae Microfighters con esta versi\u00f3n en miniatura de la nave personal de Hera Syndulla! The Ghost cuenta con ca\u00f1\u00f3n con munici\u00f3n adicional y espacio para sentar la minifigura incluida de Hera con una pistola bl\u00e1ster.\" \/>\n<meta property=\"og:url\" content=\"https:\/\/endormoonstore.com\/en\/lego-star-wars-microfighters-75127-ghost\/\" \/>\n<meta property=\"og:site_name\" content=\"EndormoonStore\" \/>\n<meta property=\"og:image\" content=\"https:\/\/endormoonstore.com\/wp-content\/uploads\/2018\/02\/lego_star_wars_microfighters_75127_ghost.jpg\" \/>\n\t<meta property=\"og:image:width\" content=\"800\" \/>\n\t<meta property=\"og:image:height\" content=\"800\" \/>\n\t<meta property=\"og:image:type\" content=\"image\/jpeg\" \/>\n<meta name=\"twitter:card\" content=\"summary_large_image\" \/>\n<meta name=\"twitter:label1\" content=\"Est. reading time\" \/>\n\t<meta name=\"twitter:data1\" content=\"1 minute\" \/>\n<script type=\"application\/ld+json\" class=\"yoast-schema-graph\">{\"@context\":\"https:\/\/schema.org\",\"@graph\":[{\"@type\":\"WebPage\",\"@id\":\"https:\/\/endormoonstore.com\/en\/lego-star-wars-microfighters-75127-ghost\/\",\"url\":\"https:\/\/endormoonstore.com\/en\/lego-star-wars-microfighters-75127-ghost\/\",\"name\":\"Lego Star Wars Microfighters 75127 Ghost - EndormoonStore\",\"isPartOf\":{\"@id\":\"https:\/\/endormoonstore.com\/#website\"},\"primaryImageOfPage\":{\"@id\":\"https:\/\/endormoonstore.com\/en\/lego-star-wars-microfighters-75127-ghost\/#primaryimage\"},\"image\":{\"@id\":\"https:\/\/endormoonstore.com\/en\/lego-star-wars-microfighters-75127-ghost\/#primaryimage\"},\"thumbnailUrl\":\"https:\/\/endormoonstore.com\/wp-content\/uploads\/2018\/02\/lego_star_wars_microfighters_75127_ghost.jpg\",\"datePublished\":\"2018-02-15T08:00:08+00:00\",\"breadcrumb\":{\"@id\":\"https:\/\/endormoonstore.com\/en\/lego-star-wars-microfighters-75127-ghost\/#breadcrumb\"},\"inLanguage\":\"en-US\",\"potentialAction\":[{\"@type\":\"ReadAction\",\"target\":[\"https:\/\/endormoonstore.com\/en\/lego-star-wars-microfighters-75127-ghost\/\"]}]},{\"@type\":\"ImageObject\",\"inLanguage\":\"en-US\",\"@id\":\"https:\/\/endormoonstore.com\/en\/lego-star-wars-microfighters-75127-ghost\/#primaryimage\",\"url\":\"https:\/\/endormoonstore.com\/wp-content\/uploads\/2018\/02\/lego_star_wars_microfighters_75127_ghost.jpg\",\"contentUrl\":\"https:\/\/endormoonstore.com\/wp-content\/uploads\/2018\/02\/lego_star_wars_microfighters_75127_ghost.jpg\",\"width\":800,\"height\":800,\"caption\":\"Lego Star Wars Microfighters 75127 Ghost-0\"},{\"@type\":\"BreadcrumbList\",\"@id\":\"https:\/\/endormoonstore.com\/en\/lego-star-wars-microfighters-75127-ghost\/#breadcrumb\",\"itemListElement\":[{\"@type\":\"ListItem\",\"position\":1,\"name\":\"Shop\",\"item\":\"https:\/\/endormoonstore.com\/en\/shop\/\"},{\"@type\":\"ListItem\",\"position\":2,\"name\":\"Lego Star Wars Microfighters 75127 Ghost\"}]},{\"@type\":\"WebSite\",\"@id\":\"https:\/\/endormoonstore.com\/#website\",\"url\":\"https:\/\/endormoonstore.com\/\",\"name\":\"EndormoonStore\",\"description\":\"\",\"potentialAction\":[{\"@type\":\"SearchAction\",\"target\":{\"@type\":\"EntryPoint\",\"urlTemplate\":\"https:\/\/endormoonstore.com\/?s={search_term_string}\"},\"query-input\":{\"@type\":\"PropertyValueSpecification\",\"valueRequired\":true,\"valueName\":\"search_term_string\"}}],\"inLanguage\":\"en-US\"}]}<\/script>\n<!-- \/ Yoast SEO plugin. -->","yoast_head_json":{"title":"Lego Star Wars Microfighters 75127 Ghost - EndormoonStore","robots":{"index":"index","follow":"follow","max-snippet":"max-snippet:-1","max-image-preview":"max-image-preview:large","max-video-preview":"max-video-preview:-1"},"canonical":"https:\/\/endormoonstore.com\/en\/lego-star-wars-microfighters-75127-ghost\/","og_locale":"en_US","og_type":"article","og_title":"Lego Star Wars Microfighters 75127 Ghost - EndormoonStore","og_description":"Lego Star Wars Microfighters 75127 Ghost  \u00a1L\u00e1nzate al fant\u00e1stico mundo de los microcazas LEGO\u00ae Microfighters con esta versi\u00f3n en miniatura de la nave personal de Hera Syndulla! The Ghost cuenta con ca\u00f1\u00f3n con munici\u00f3n adicional y espacio para sentar la minifigura incluida de Hera con una pistola bl\u00e1ster.","og_url":"https:\/\/endormoonstore.com\/en\/lego-star-wars-microfighters-75127-ghost\/","og_site_name":"EndormoonStore","og_image":[{"width":800,"height":800,"url":"https:\/\/endormoonstore.com\/wp-content\/uploads\/2018\/02\/lego_star_wars_microfighters_75127_ghost.jpg","type":"image\/jpeg"}],"twitter_card":"summary_large_image","twitter_misc":{"Est. reading time":"1 minute"},"schema":{"@context":"https:\/\/schema.org","@graph":[{"@type":"WebPage","@id":"https:\/\/endormoonstore.com\/en\/lego-star-wars-microfighters-75127-ghost\/","url":"https:\/\/endormoonstore.com\/en\/lego-star-wars-microfighters-75127-ghost\/","name":"Lego Star Wars Microfighters 75127 Ghost - EndormoonStore","isPartOf":{"@id":"https:\/\/endormoonstore.com\/#website"},"primaryImageOfPage":{"@id":"https:\/\/endormoonstore.com\/en\/lego-star-wars-microfighters-75127-ghost\/#primaryimage"},"image":{"@id":"https:\/\/endormoonstore.com\/en\/lego-star-wars-microfighters-75127-ghost\/#primaryimage"},"thumbnailUrl":"https:\/\/endormoonstore.com\/wp-content\/uploads\/2018\/02\/lego_star_wars_microfighters_75127_ghost.jpg","datePublished":"2018-02-15T08:00:08+00:00","breadcrumb":{"@id":"https:\/\/endormoonstore.com\/en\/lego-star-wars-microfighters-75127-ghost\/#breadcrumb"},"inLanguage":"en-US","potentialAction":[{"@type":"ReadAction","target":["https:\/\/endormoonstore.com\/en\/lego-star-wars-microfighters-75127-ghost\/"]}]},{"@type":"ImageObject","inLanguage":"en-US","@id":"https:\/\/endormoonstore.com\/en\/lego-star-wars-microfighters-75127-ghost\/#primaryimage","url":"https:\/\/endormoonstore.com\/wp-content\/uploads\/2018\/02\/lego_star_wars_microfighters_75127_ghost.jpg","contentUrl":"https:\/\/endormoonstore.com\/wp-content\/uploads\/2018\/02\/lego_star_wars_microfighters_75127_ghost.jpg","width":800,"height":800,"caption":"Lego Star Wars Microfighters 75127 Ghost-0"},{"@type":"BreadcrumbList","@id":"https:\/\/endormoonstore.com\/en\/lego-star-wars-microfighters-75127-ghost\/#breadcrumb","itemListElement":[{"@type":"ListItem","position":1,"name":"Shop","item":"https:\/\/endormoonstore.com\/en\/shop\/"},{"@type":"ListItem","position":2,"name":"Lego Star Wars Microfighters 75127 Ghost"}]},{"@type":"WebSite","@id":"https:\/\/endormoonstore.com\/#website","url":"https:\/\/endormoonstore.com\/","name":"EndormoonStore","description":"","potentialAction":[{"@type":"SearchAction","target":{"@type":"EntryPoint","urlTemplate":"https:\/\/endormoonstore.com\/?s={search_term_string}"},"query-input":{"@type":"PropertyValueSpecification","valueRequired":true,"valueName":"search_term_string"}}],"inLanguage":"en-US"}]}},"taxonomy_info":{"product_cat":[{"value":13751,"label":"No categorized"}]},"featured_image_src_large":["https:\/\/endormoonstore.com\/wp-content\/uploads\/2018\/02\/lego_star_wars_microfighters_75127_ghost.jpg",800,800,false],"author_info":[],"comment_info":"","_links":{"self":[{"href":"https:\/\/endormoonstore.com\/en\/wp-json\/wp\/v2\/product\/60570","targetHints":{"allow":["GET"]}}],"collection":[{"href":"https:\/\/endormoonstore.com\/en\/wp-json\/wp\/v2\/product"}],"about":[{"href":"https:\/\/endormoonstore.com\/en\/wp-json\/wp\/v2\/types\/product"}],"wp:featuredmedia":[{"embeddable":true,"href":"https:\/\/endormoonstore.com\/en\/wp-json\/wp\/v2\/media\/60568"}],"wp:attachment":[{"href":"https:\/\/endormoonstore.com\/en\/wp-json\/wp\/v2\/media?parent=60570"}],"wp:term":[{"taxonomy":"product_cat","embeddable":true,"href":"https:\/\/endormoonstore.com\/en\/wp-json\/wp\/v2\/product_cat?post=60570"},{"taxonomy":"product_tag","embeddable":true,"href":"https:\/\/endormoonstore.com\/en\/wp-json\/wp\/v2\/product_tag?post=60570"}],"curies":[{"name":"wp","href":"https:\/\/api.w.org\/{rel}","templated":true}]}}