{"id":60552,"date":"2018-02-14T20:16:48","date_gmt":"2018-02-14T19:16:48","guid":{"rendered":"https:\/\/endormoonstore.com\/lego-brickheadz-41589-capitan-america\/"},"modified":"2018-02-14T20:16:48","modified_gmt":"2018-02-14T19:16:48","slug":"lego-brickheadz-41589-capitan-america","status":"publish","type":"product","link":"https:\/\/endormoonstore.com\/en\/lego-brickheadz-41589-capitan-america\/","title":{"rendered":"Lego BrickHeadz 41589 Capitan America"},"content":{"rendered":"<p>Lego BrickHeadz 41589 Capitan America<\/p>\n<p><strong>&nbsp;<\/strong><\/p>\n<p>Los personajes para construir LEGO&reg; BrickHeadz, novedad en marzo de 2017, te ofrecen una forma totalmente nueva de coleccionar, construir y exponer emblem&aacute;ticos personajes de tus pel&iacute;culas, series de televisi&oacute;n, juegos y c&oacute;mics favoritos. Este personaje para construir BrickHeadz de Capit&aacute;n America resulta divertido de construir gracias a los coloridos ladrillos LEGO System que recrean sus detalles m&aacute;s reconocibles, como su caracter&iacute;stico traje y su casco. Tambi&eacute;n lleva un escudo en una mano y se queda de pie sobre una base de exposici&oacute;n que permite exhibirlo f&aacute;cilmente e incluye el n&uacute;mero de serie del art&iacute;culo y el icono de BrickHeadz. &iexcl;Da un toque de ferocidad, lucha y orgullo a tu casa, a la oficina o a donde quieras!<\/p>\n<ul>\n<li>El personaje para construir LEGO&reg; BrickHeadz de Capit&aacute;n America cuenta con coloridos detalles de gran realismo, ojos BrickHeadz, un escudo desmontable y una base de exposici&oacute;n.<\/li>\n<li>Cada personaje para construir LEGO&reg; BrickHeadz incluye tambi&eacute;n su propia base de exposici&oacute;n para construir dise&ntilde;ada para coleccionistas, con el n&uacute;mero de serie del art&iacute;culo y el icono de BrickHeadz.<\/li>\n<li>Divi&eacute;rtete ampliando tu colecci&oacute;n LEGO&reg; BrickHeadz con otros personajes cl&aacute;sicos de tus pel&iacute;culas, series de televisi&oacute;n, juegos y c&oacute;mics favoritos, como Iron Man (41590), Viuda Negra (41591) y Hulk (41592).<\/li>\n<li>Mezcla tus personajes para construir LEGO&reg; BrickHeadz y crea sorprendentes h&iacute;bridos o tus propios personajes asombrosos.<\/li>\n<li>Mide m&aacute;s de 7&nbsp;cm de altura sin la base de exposici&oacute;n.<\/li>\n<li>La base de exposici&oacute;n mide m&aacute;s de 4&nbsp;cm2 y menos de 1&nbsp;cm de altura.<\/li>\n<\/ul>\n<ul>\n<li>EAN:&nbsp;<span>5702015868983<\/span><\/li>\n<\/ul>\n<ul>\n<li>MPN: LG41589<\/li>\n<\/ul>\n<ul>\n<li>PIEZAS:&nbsp;<span>79<\/span><\/li>\n<\/ul>\n","protected":false},"excerpt":{"rendered":"<p>Lego BrickHeadz 41589 Capitan America<\/p>\n<p>Los personajes para construir LEGO\u00ae BrickHeadz, novedad en marzo de 2017, te ofrecen una forma totalmente nueva de coleccionar, construir y exponer emblem\u00e1ticos personajes de tus pel\u00edculas, series de televisi\u00f3n, juegos y c\u00f3mics favoritos. <\/p>\n","protected":false},"featured_media":60550,"template":"","meta":{"_acf_changed":false,"_kad_blocks_custom_css":"","_kad_blocks_head_custom_js":"","_kad_blocks_body_custom_js":"","_kad_blocks_footer_custom_js":""},"product_cat":[13751],"product_tag":[],"class_list":{"0":"post-60552","1":"product","2":"type-product","3":"status-publish","4":"has-post-thumbnail","6":"product_cat-no-categorized","8":"first","9":"outofstock","10":"taxable","11":"shipping-taxable","12":"purchasable","13":"product-type-simple"},"acf":[],"yoast_head":"<!-- This site is optimized with the Yoast SEO plugin v26.1.1 - https:\/\/yoast.com\/wordpress\/plugins\/seo\/ -->\n<title>Lego BrickHeadz 41589 Capitan America - EndormoonStore<\/title>\n<meta name=\"robots\" content=\"index, follow, max-snippet:-1, max-image-preview:large, max-video-preview:-1\" \/>\n<link rel=\"canonical\" href=\"https:\/\/endormoonstore.com\/en\/lego-brickheadz-41589-capitan-america\/\" \/>\n<meta property=\"og:locale\" content=\"en_US\" \/>\n<meta property=\"og:type\" content=\"article\" \/>\n<meta property=\"og:title\" content=\"Lego BrickHeadz 41589 Capitan America - EndormoonStore\" \/>\n<meta property=\"og:description\" content=\"Lego BrickHeadz 41589 Capitan America   Los personajes para construir LEGO\u00ae BrickHeadz, novedad en marzo de 2017, te ofrecen una forma totalmente nueva de coleccionar, construir y exponer emblem\u00e1ticos personajes de tus pel\u00edculas, series de televisi\u00f3n, juegos y c\u00f3mics favoritos.\" \/>\n<meta property=\"og:url\" content=\"https:\/\/endormoonstore.com\/en\/lego-brickheadz-41589-capitan-america\/\" \/>\n<meta property=\"og:site_name\" content=\"EndormoonStore\" \/>\n<meta property=\"og:image\" content=\"https:\/\/endormoonstore.com\/wp-content\/uploads\/2018\/02\/lego_brick_headz_41589_capitan_america.jpg\" \/>\n\t<meta property=\"og:image:width\" content=\"1488\" \/>\n\t<meta property=\"og:image:height\" content=\"837\" \/>\n\t<meta property=\"og:image:type\" content=\"image\/jpeg\" \/>\n<meta name=\"twitter:card\" content=\"summary_large_image\" \/>\n<meta name=\"twitter:label1\" content=\"Est. reading time\" \/>\n\t<meta name=\"twitter:data1\" content=\"2 minutes\" \/>\n<script type=\"application\/ld+json\" class=\"yoast-schema-graph\">{\"@context\":\"https:\/\/schema.org\",\"@graph\":[{\"@type\":\"WebPage\",\"@id\":\"https:\/\/endormoonstore.com\/en\/lego-brickheadz-41589-capitan-america\/\",\"url\":\"https:\/\/endormoonstore.com\/en\/lego-brickheadz-41589-capitan-america\/\",\"name\":\"Lego BrickHeadz 41589 Capitan America - EndormoonStore\",\"isPartOf\":{\"@id\":\"https:\/\/endormoonstore.com\/#website\"},\"primaryImageOfPage\":{\"@id\":\"https:\/\/endormoonstore.com\/en\/lego-brickheadz-41589-capitan-america\/#primaryimage\"},\"image\":{\"@id\":\"https:\/\/endormoonstore.com\/en\/lego-brickheadz-41589-capitan-america\/#primaryimage\"},\"thumbnailUrl\":\"https:\/\/endormoonstore.com\/wp-content\/uploads\/2018\/02\/lego_brick_headz_41589_capitan_america.jpg\",\"datePublished\":\"2018-02-14T19:16:48+00:00\",\"breadcrumb\":{\"@id\":\"https:\/\/endormoonstore.com\/en\/lego-brickheadz-41589-capitan-america\/#breadcrumb\"},\"inLanguage\":\"en-US\",\"potentialAction\":[{\"@type\":\"ReadAction\",\"target\":[\"https:\/\/endormoonstore.com\/en\/lego-brickheadz-41589-capitan-america\/\"]}]},{\"@type\":\"ImageObject\",\"inLanguage\":\"en-US\",\"@id\":\"https:\/\/endormoonstore.com\/en\/lego-brickheadz-41589-capitan-america\/#primaryimage\",\"url\":\"https:\/\/endormoonstore.com\/wp-content\/uploads\/2018\/02\/lego_brick_headz_41589_capitan_america.jpg\",\"contentUrl\":\"https:\/\/endormoonstore.com\/wp-content\/uploads\/2018\/02\/lego_brick_headz_41589_capitan_america.jpg\",\"width\":1488,\"height\":837,\"caption\":\"Lego BrickHeadz 41589 Capitan America-0\"},{\"@type\":\"BreadcrumbList\",\"@id\":\"https:\/\/endormoonstore.com\/en\/lego-brickheadz-41589-capitan-america\/#breadcrumb\",\"itemListElement\":[{\"@type\":\"ListItem\",\"position\":1,\"name\":\"Shop\",\"item\":\"https:\/\/endormoonstore.com\/en\/shop\/\"},{\"@type\":\"ListItem\",\"position\":2,\"name\":\"Lego BrickHeadz 41589 Capitan America\"}]},{\"@type\":\"WebSite\",\"@id\":\"https:\/\/endormoonstore.com\/#website\",\"url\":\"https:\/\/endormoonstore.com\/\",\"name\":\"EndormoonStore\",\"description\":\"\",\"potentialAction\":[{\"@type\":\"SearchAction\",\"target\":{\"@type\":\"EntryPoint\",\"urlTemplate\":\"https:\/\/endormoonstore.com\/?s={search_term_string}\"},\"query-input\":{\"@type\":\"PropertyValueSpecification\",\"valueRequired\":true,\"valueName\":\"search_term_string\"}}],\"inLanguage\":\"en-US\"}]}<\/script>\n<!-- \/ Yoast SEO plugin. -->","yoast_head_json":{"title":"Lego BrickHeadz 41589 Capitan America - EndormoonStore","robots":{"index":"index","follow":"follow","max-snippet":"max-snippet:-1","max-image-preview":"max-image-preview:large","max-video-preview":"max-video-preview:-1"},"canonical":"https:\/\/endormoonstore.com\/en\/lego-brickheadz-41589-capitan-america\/","og_locale":"en_US","og_type":"article","og_title":"Lego BrickHeadz 41589 Capitan America - EndormoonStore","og_description":"Lego BrickHeadz 41589 Capitan America   Los personajes para construir LEGO\u00ae BrickHeadz, novedad en marzo de 2017, te ofrecen una forma totalmente nueva de coleccionar, construir y exponer emblem\u00e1ticos personajes de tus pel\u00edculas, series de televisi\u00f3n, juegos y c\u00f3mics favoritos.","og_url":"https:\/\/endormoonstore.com\/en\/lego-brickheadz-41589-capitan-america\/","og_site_name":"EndormoonStore","og_image":[{"width":1488,"height":837,"url":"https:\/\/endormoonstore.com\/wp-content\/uploads\/2018\/02\/lego_brick_headz_41589_capitan_america.jpg","type":"image\/jpeg"}],"twitter_card":"summary_large_image","twitter_misc":{"Est. reading time":"2 minutes"},"schema":{"@context":"https:\/\/schema.org","@graph":[{"@type":"WebPage","@id":"https:\/\/endormoonstore.com\/en\/lego-brickheadz-41589-capitan-america\/","url":"https:\/\/endormoonstore.com\/en\/lego-brickheadz-41589-capitan-america\/","name":"Lego BrickHeadz 41589 Capitan America - EndormoonStore","isPartOf":{"@id":"https:\/\/endormoonstore.com\/#website"},"primaryImageOfPage":{"@id":"https:\/\/endormoonstore.com\/en\/lego-brickheadz-41589-capitan-america\/#primaryimage"},"image":{"@id":"https:\/\/endormoonstore.com\/en\/lego-brickheadz-41589-capitan-america\/#primaryimage"},"thumbnailUrl":"https:\/\/endormoonstore.com\/wp-content\/uploads\/2018\/02\/lego_brick_headz_41589_capitan_america.jpg","datePublished":"2018-02-14T19:16:48+00:00","breadcrumb":{"@id":"https:\/\/endormoonstore.com\/en\/lego-brickheadz-41589-capitan-america\/#breadcrumb"},"inLanguage":"en-US","potentialAction":[{"@type":"ReadAction","target":["https:\/\/endormoonstore.com\/en\/lego-brickheadz-41589-capitan-america\/"]}]},{"@type":"ImageObject","inLanguage":"en-US","@id":"https:\/\/endormoonstore.com\/en\/lego-brickheadz-41589-capitan-america\/#primaryimage","url":"https:\/\/endormoonstore.com\/wp-content\/uploads\/2018\/02\/lego_brick_headz_41589_capitan_america.jpg","contentUrl":"https:\/\/endormoonstore.com\/wp-content\/uploads\/2018\/02\/lego_brick_headz_41589_capitan_america.jpg","width":1488,"height":837,"caption":"Lego BrickHeadz 41589 Capitan America-0"},{"@type":"BreadcrumbList","@id":"https:\/\/endormoonstore.com\/en\/lego-brickheadz-41589-capitan-america\/#breadcrumb","itemListElement":[{"@type":"ListItem","position":1,"name":"Shop","item":"https:\/\/endormoonstore.com\/en\/shop\/"},{"@type":"ListItem","position":2,"name":"Lego BrickHeadz 41589 Capitan America"}]},{"@type":"WebSite","@id":"https:\/\/endormoonstore.com\/#website","url":"https:\/\/endormoonstore.com\/","name":"EndormoonStore","description":"","potentialAction":[{"@type":"SearchAction","target":{"@type":"EntryPoint","urlTemplate":"https:\/\/endormoonstore.com\/?s={search_term_string}"},"query-input":{"@type":"PropertyValueSpecification","valueRequired":true,"valueName":"search_term_string"}}],"inLanguage":"en-US"}]}},"taxonomy_info":{"product_cat":[{"value":13751,"label":"No categorized"}]},"featured_image_src_large":["https:\/\/endormoonstore.com\/wp-content\/uploads\/2018\/02\/lego_brick_headz_41589_capitan_america.jpg",1488,837,false],"author_info":[],"comment_info":"","_links":{"self":[{"href":"https:\/\/endormoonstore.com\/en\/wp-json\/wp\/v2\/product\/60552","targetHints":{"allow":["GET"]}}],"collection":[{"href":"https:\/\/endormoonstore.com\/en\/wp-json\/wp\/v2\/product"}],"about":[{"href":"https:\/\/endormoonstore.com\/en\/wp-json\/wp\/v2\/types\/product"}],"wp:featuredmedia":[{"embeddable":true,"href":"https:\/\/endormoonstore.com\/en\/wp-json\/wp\/v2\/media\/60550"}],"wp:attachment":[{"href":"https:\/\/endormoonstore.com\/en\/wp-json\/wp\/v2\/media?parent=60552"}],"wp:term":[{"taxonomy":"product_cat","embeddable":true,"href":"https:\/\/endormoonstore.com\/en\/wp-json\/wp\/v2\/product_cat?post=60552"},{"taxonomy":"product_tag","embeddable":true,"href":"https:\/\/endormoonstore.com\/en\/wp-json\/wp\/v2\/product_tag?post=60552"}],"curies":[{"name":"wp","href":"https:\/\/api.w.org\/{rel}","templated":true}]}}