{"id":60546,"date":"2018-02-13T09:02:44","date_gmt":"2018-02-13T08:02:44","guid":{"rendered":"https:\/\/endormoonstore.com\/lego-star-wars-75098-assauult-on-hoth\/"},"modified":"2018-02-13T09:02:44","modified_gmt":"2018-02-13T08:02:44","slug":"lego-star-wars-75098-assauult-on-hoth","status":"publish","type":"product","link":"https:\/\/endormoonstore.com\/en\/lego-star-wars-75098-assauult-on-hoth\/","title":{"rendered":"Lego Star Wars 75098 Assauult on Hoth"},"content":{"rendered":"<p>Lego Speed Champions 75913 F14T &amp; Scuderia Ferrari Truck<\/p>\n<p><strong>&nbsp;<\/strong><\/p>\n<p>&iexcl;Prep&aacute;rate para librar &eacute;picas batallas en el planeta helado de Hoth como nunca antes! Esta fant&aacute;stica recreaci&oacute;n al estilo LEGO&reg; de la Base Echo de los rebeldes, popular por su aparici&oacute;n en el Episodio V de&nbsp;<em>Star Wars<\/em>: El Imperio contraataca, cuenta con todos los detalles necesarios para crear legendarias batallas en el nevado planeta. Emprende emocionantes misiones de exploraci&oacute;n con el Snowspeeder, armado con dos ca&ntilde;ones autom&aacute;ticos; cuando veas la motojet del soldado enemigo, vuelve a la base y ayuda a Luke, Han y los dem&aacute;s h&eacute;roes rebeldes a bloquear las puertas, preparar los ca&ntilde;ones l&aacute;ser, ocupar las torretas con ca&ntilde;ones autom&aacute;ticos dobles y activar el devastador ca&ntilde;&oacute;n de iones, equipado tambi&eacute;n con 2 ca&ntilde;ones autom&aacute;ticos. Este asombroso modelo cuenta con otras muchas funciones, como un &aacute;rea de reparaci&oacute;n con gr&uacute;a, sala de control, generador de energ&iacute;a con funci&oacute;n de explosi&oacute;n, antena de comunicaciones giratoria, puesto de vigilancia con ca&ntilde;&oacute;n doble y un Tauntaun con su propio establo. &iexcl;Incluye incluso la cueva del Wampa (con un Wampa), de la que Luke puede escapar! El dise&ntilde;o modular de este set, incre&iacute;blemente detallado, te permite adem&aacute;s crear tu propia base rebelde. &iexcl;Prep&aacute;rate para disfrutar de la acci&oacute;n LEGO&nbsp;<em>Star Wars<\/em>&nbsp;al m&aacute;ximo nivel! Incluye 14 minifiguras con diferentes armas: Luke Skywalker, Han Solo, Toryn Farr, un oficial rebelde, Wes Janson, Wedge Antilles, K-3PO, 5 Rebel Troopers y 2 Snowtroopers, as&iacute; como un R3-A2, un Tauntaun y un Wampa.<\/p>\n<ul>\n<li>Incluye 14 minifiguras con diferentes armas: Luke Skywalker, Han Solo, Toryn Farr, un oficial rebelde, Wes Janson, Wedge Antilles, K-3PO, 5 Rebel Troopers y 2 Snowtroopers, as&iacute; como un R3-A2, un Tauntaun y un Wampa.<\/li>\n<li>Cuenta con una base rebelde con pared modular y trincheras, un Snowspeeder y una motojet.<\/li>\n<li>La secci&oacute;n de pared cuenta con puertas blindadas deslizantes, &aacute;rea de reparaci&oacute;n con gr&uacute;a, sala de control, generador de energ&iacute;a con funci&oacute;n de explosi&oacute;n, ca&ntilde;&oacute;n de iones con dos ca&ntilde;ones autom&aacute;ticos, torreta l&aacute;ser con ca&ntilde;ones autom&aacute;ticos y espacio para una minifigura, puesto de vigilancia con ca&ntilde;&oacute;n doble y espacio para una minifigura, establo para un Tauntaun y la cueva del Wampa.<\/li>\n<li>La trinchera cuenta con bl&aacute;steres pesados, torreta l&aacute;ser con ca&ntilde;ones dobles autom&aacute;ticos y espacio para una minifigura, y un ca&ntilde;&oacute;n l&aacute;ser de disparo r&aacute;pido.<\/li>\n<li>El Snowspeeder cuenta con cabina abatible, alerones extensibles y 2 ca&ntilde;ones autom&aacute;ticos.<\/li>\n<li>Armas incluidas: espada de luz de Luke, 7 pistolas bl&aacute;ster, 2 rifles bl&aacute;ster y 2 bl&aacute;steres.<\/li>\n<li>Accesorios incluidos: 7 cascos rebeldes de Hoth, 2 cascos de Snowtrooper y cascos de piloto de Wes y Wedge.<\/li>\n<li>&iexcl;Carga las armas y prep&aacute;rate para disparar!<\/li>\n<li>Sube al Snowspeeder y persigue al enemigo.<\/li>\n<li>Vigila las fuerzas imperiales desde el puesto de vigilancia.<\/li>\n<li>&iexcl;Cierra las puertas blindadas y prep&aacute;rate para la batalla!<\/li>\n<li>Cuida del Tauntaun.<\/li>\n<li>Desplaza el Snowspeeder para repararlo.<\/li>\n<li>&iexcl;Haz caer las naves en &oacute;rbita con el devastador ca&ntilde;&oacute;n de iones!<\/li>\n<li>&iquest;Podr&aacute; Luke escapar del feroz Wampa?<\/li>\n<li>El Snowspeeder mide m&aacute;s de 5 cm de altura, 18 cm de longitud y 17 cm de ancho.<\/li>\n<li>La motojet mide m&aacute;s de 3 cm de altura, 13 cm de longitud y 4 cm de ancho.<\/li>\n<li>El generador de energ&iacute;a mide m&aacute;s de 8 cm de altura, 16 cm de ancho y 13 cm de profundidad.<\/li>\n<li>La secci&oacute;n de pared con el ca&ntilde;&oacute;n de iones mide m&aacute;s de 15 cm de altura, 51 cm de ancho y 30 cm de profundidad.<\/li>\n<li>La trinchera mide m&aacute;s de 10 cm de altura, 35 cm de ancho y 11 cm de profundidad.<\/li>\n<\/ul>\n<ul>\n<li>EAN:&nbsp;<span>5702015352604<\/span><\/li>\n<\/ul>\n<ul>\n<li>MPN: LG75098<\/li>\n<\/ul>\n<ul>\n<li>PIEZAS:&nbsp;<span>2144<\/span><\/li>\n<\/ul>\n","protected":false},"excerpt":{"rendered":"<p>Lego Star Wars 75098 Assauult on Hoth<\/p>\n<p>\u00a1Prep\u00e1rate para librar \u00e9picas batallas en el planeta helado de Hoth como nunca antes! Esta fant\u00e1stica recreaci\u00f3n al estilo LEGO\u00ae de la Base Echo de los rebeldes, popular por su aparici\u00f3n en el Episodio V de Star Wars: El Imperio contraataca<\/p>\n","protected":false},"featured_media":60524,"template":"","meta":{"_acf_changed":false,"_kad_blocks_custom_css":"","_kad_blocks_head_custom_js":"","_kad_blocks_body_custom_js":"","_kad_blocks_footer_custom_js":""},"product_cat":[13751],"product_tag":[],"class_list":{"0":"post-60546","1":"product","2":"type-product","3":"status-publish","4":"has-post-thumbnail","6":"product_cat-no-categorized","8":"first","9":"outofstock","10":"taxable","11":"shipping-taxable","12":"purchasable","13":"product-type-simple"},"acf":[],"yoast_head":"<!-- This site is optimized with the Yoast SEO plugin v26.1.1 - https:\/\/yoast.com\/wordpress\/plugins\/seo\/ -->\n<title>Lego Star Wars 75098 Assauult on Hoth - EndormoonStore<\/title>\n<meta name=\"robots\" content=\"index, follow, max-snippet:-1, max-image-preview:large, max-video-preview:-1\" \/>\n<link rel=\"canonical\" href=\"https:\/\/endormoonstore.com\/en\/lego-star-wars-75098-assauult-on-hoth\/\" \/>\n<meta property=\"og:locale\" content=\"en_US\" \/>\n<meta property=\"og:type\" content=\"article\" \/>\n<meta property=\"og:title\" content=\"Lego Star Wars 75098 Assauult on Hoth - EndormoonStore\" \/>\n<meta property=\"og:description\" content=\"Lego Star Wars 75098 Assauult on Hoth   \u00a1Prep\u00e1rate para librar \u00e9picas batallas en el planeta helado de Hoth como nunca antes! Esta fant\u00e1stica recreaci\u00f3n al estilo LEGO\u00ae de la Base Echo de los rebeldes, popular por su aparici\u00f3n en el Episodio V de Star Wars: El Imperio contraataca\" \/>\n<meta property=\"og:url\" content=\"https:\/\/endormoonstore.com\/en\/lego-star-wars-75098-assauult-on-hoth\/\" \/>\n<meta property=\"og:site_name\" content=\"EndormoonStore\" \/>\n<meta property=\"og:image\" content=\"https:\/\/endormoonstore.com\/wp-content\/uploads\/2018\/02\/lego_star_wars_75098_assauult_on_hoth-1.jpg\" \/>\n\t<meta property=\"og:image:width\" content=\"1600\" \/>\n\t<meta property=\"og:image:height\" content=\"1524\" \/>\n\t<meta property=\"og:image:type\" content=\"image\/jpeg\" \/>\n<meta name=\"twitter:card\" content=\"summary_large_image\" \/>\n<meta name=\"twitter:label1\" content=\"Est. reading time\" \/>\n\t<meta name=\"twitter:data1\" content=\"4 minutes\" \/>\n<script type=\"application\/ld+json\" class=\"yoast-schema-graph\">{\"@context\":\"https:\/\/schema.org\",\"@graph\":[{\"@type\":\"WebPage\",\"@id\":\"https:\/\/endormoonstore.com\/en\/lego-star-wars-75098-assauult-on-hoth\/\",\"url\":\"https:\/\/endormoonstore.com\/en\/lego-star-wars-75098-assauult-on-hoth\/\",\"name\":\"Lego Star Wars 75098 Assauult on Hoth - EndormoonStore\",\"isPartOf\":{\"@id\":\"https:\/\/endormoonstore.com\/#website\"},\"primaryImageOfPage\":{\"@id\":\"https:\/\/endormoonstore.com\/en\/lego-star-wars-75098-assauult-on-hoth\/#primaryimage\"},\"image\":{\"@id\":\"https:\/\/endormoonstore.com\/en\/lego-star-wars-75098-assauult-on-hoth\/#primaryimage\"},\"thumbnailUrl\":\"https:\/\/endormoonstore.com\/wp-content\/uploads\/2018\/02\/lego_star_wars_75098_assauult_on_hoth-1.jpg\",\"datePublished\":\"2018-02-13T08:02:44+00:00\",\"breadcrumb\":{\"@id\":\"https:\/\/endormoonstore.com\/en\/lego-star-wars-75098-assauult-on-hoth\/#breadcrumb\"},\"inLanguage\":\"en-US\",\"potentialAction\":[{\"@type\":\"ReadAction\",\"target\":[\"https:\/\/endormoonstore.com\/en\/lego-star-wars-75098-assauult-on-hoth\/\"]}]},{\"@type\":\"ImageObject\",\"inLanguage\":\"en-US\",\"@id\":\"https:\/\/endormoonstore.com\/en\/lego-star-wars-75098-assauult-on-hoth\/#primaryimage\",\"url\":\"https:\/\/endormoonstore.com\/wp-content\/uploads\/2018\/02\/lego_star_wars_75098_assauult_on_hoth-1.jpg\",\"contentUrl\":\"https:\/\/endormoonstore.com\/wp-content\/uploads\/2018\/02\/lego_star_wars_75098_assauult_on_hoth-1.jpg\",\"width\":1600,\"height\":1524,\"caption\":\"Lego Star Wars 75098 Assauult on Hoth-0\"},{\"@type\":\"BreadcrumbList\",\"@id\":\"https:\/\/endormoonstore.com\/en\/lego-star-wars-75098-assauult-on-hoth\/#breadcrumb\",\"itemListElement\":[{\"@type\":\"ListItem\",\"position\":1,\"name\":\"Shop\",\"item\":\"https:\/\/endormoonstore.com\/en\/shop\/\"},{\"@type\":\"ListItem\",\"position\":2,\"name\":\"Lego Star Wars 75098 Assauult on Hoth\"}]},{\"@type\":\"WebSite\",\"@id\":\"https:\/\/endormoonstore.com\/#website\",\"url\":\"https:\/\/endormoonstore.com\/\",\"name\":\"EndormoonStore\",\"description\":\"\",\"potentialAction\":[{\"@type\":\"SearchAction\",\"target\":{\"@type\":\"EntryPoint\",\"urlTemplate\":\"https:\/\/endormoonstore.com\/?s={search_term_string}\"},\"query-input\":{\"@type\":\"PropertyValueSpecification\",\"valueRequired\":true,\"valueName\":\"search_term_string\"}}],\"inLanguage\":\"en-US\"}]}<\/script>\n<!-- \/ Yoast SEO plugin. -->","yoast_head_json":{"title":"Lego Star Wars 75098 Assauult on Hoth - EndormoonStore","robots":{"index":"index","follow":"follow","max-snippet":"max-snippet:-1","max-image-preview":"max-image-preview:large","max-video-preview":"max-video-preview:-1"},"canonical":"https:\/\/endormoonstore.com\/en\/lego-star-wars-75098-assauult-on-hoth\/","og_locale":"en_US","og_type":"article","og_title":"Lego Star Wars 75098 Assauult on Hoth - EndormoonStore","og_description":"Lego Star Wars 75098 Assauult on Hoth   \u00a1Prep\u00e1rate para librar \u00e9picas batallas en el planeta helado de Hoth como nunca antes! Esta fant\u00e1stica recreaci\u00f3n al estilo LEGO\u00ae de la Base Echo de los rebeldes, popular por su aparici\u00f3n en el Episodio V de Star Wars: El Imperio contraataca","og_url":"https:\/\/endormoonstore.com\/en\/lego-star-wars-75098-assauult-on-hoth\/","og_site_name":"EndormoonStore","og_image":[{"width":1600,"height":1524,"url":"https:\/\/endormoonstore.com\/wp-content\/uploads\/2018\/02\/lego_star_wars_75098_assauult_on_hoth-1.jpg","type":"image\/jpeg"}],"twitter_card":"summary_large_image","twitter_misc":{"Est. reading time":"4 minutes"},"schema":{"@context":"https:\/\/schema.org","@graph":[{"@type":"WebPage","@id":"https:\/\/endormoonstore.com\/en\/lego-star-wars-75098-assauult-on-hoth\/","url":"https:\/\/endormoonstore.com\/en\/lego-star-wars-75098-assauult-on-hoth\/","name":"Lego Star Wars 75098 Assauult on Hoth - EndormoonStore","isPartOf":{"@id":"https:\/\/endormoonstore.com\/#website"},"primaryImageOfPage":{"@id":"https:\/\/endormoonstore.com\/en\/lego-star-wars-75098-assauult-on-hoth\/#primaryimage"},"image":{"@id":"https:\/\/endormoonstore.com\/en\/lego-star-wars-75098-assauult-on-hoth\/#primaryimage"},"thumbnailUrl":"https:\/\/endormoonstore.com\/wp-content\/uploads\/2018\/02\/lego_star_wars_75098_assauult_on_hoth-1.jpg","datePublished":"2018-02-13T08:02:44+00:00","breadcrumb":{"@id":"https:\/\/endormoonstore.com\/en\/lego-star-wars-75098-assauult-on-hoth\/#breadcrumb"},"inLanguage":"en-US","potentialAction":[{"@type":"ReadAction","target":["https:\/\/endormoonstore.com\/en\/lego-star-wars-75098-assauult-on-hoth\/"]}]},{"@type":"ImageObject","inLanguage":"en-US","@id":"https:\/\/endormoonstore.com\/en\/lego-star-wars-75098-assauult-on-hoth\/#primaryimage","url":"https:\/\/endormoonstore.com\/wp-content\/uploads\/2018\/02\/lego_star_wars_75098_assauult_on_hoth-1.jpg","contentUrl":"https:\/\/endormoonstore.com\/wp-content\/uploads\/2018\/02\/lego_star_wars_75098_assauult_on_hoth-1.jpg","width":1600,"height":1524,"caption":"Lego Star Wars 75098 Assauult on Hoth-0"},{"@type":"BreadcrumbList","@id":"https:\/\/endormoonstore.com\/en\/lego-star-wars-75098-assauult-on-hoth\/#breadcrumb","itemListElement":[{"@type":"ListItem","position":1,"name":"Shop","item":"https:\/\/endormoonstore.com\/en\/shop\/"},{"@type":"ListItem","position":2,"name":"Lego Star Wars 75098 Assauult on Hoth"}]},{"@type":"WebSite","@id":"https:\/\/endormoonstore.com\/#website","url":"https:\/\/endormoonstore.com\/","name":"EndormoonStore","description":"","potentialAction":[{"@type":"SearchAction","target":{"@type":"EntryPoint","urlTemplate":"https:\/\/endormoonstore.com\/?s={search_term_string}"},"query-input":{"@type":"PropertyValueSpecification","valueRequired":true,"valueName":"search_term_string"}}],"inLanguage":"en-US"}]}},"taxonomy_info":{"product_cat":[{"value":13751,"label":"No categorized"}]},"featured_image_src_large":["https:\/\/endormoonstore.com\/wp-content\/uploads\/2018\/02\/lego_star_wars_75098_assauult_on_hoth-1.jpg",1600,1524,false],"author_info":[],"comment_info":"","_links":{"self":[{"href":"https:\/\/endormoonstore.com\/en\/wp-json\/wp\/v2\/product\/60546","targetHints":{"allow":["GET"]}}],"collection":[{"href":"https:\/\/endormoonstore.com\/en\/wp-json\/wp\/v2\/product"}],"about":[{"href":"https:\/\/endormoonstore.com\/en\/wp-json\/wp\/v2\/types\/product"}],"wp:featuredmedia":[{"embeddable":true,"href":"https:\/\/endormoonstore.com\/en\/wp-json\/wp\/v2\/media\/60524"}],"wp:attachment":[{"href":"https:\/\/endormoonstore.com\/en\/wp-json\/wp\/v2\/media?parent=60546"}],"wp:term":[{"taxonomy":"product_cat","embeddable":true,"href":"https:\/\/endormoonstore.com\/en\/wp-json\/wp\/v2\/product_cat?post=60546"},{"taxonomy":"product_tag","embeddable":true,"href":"https:\/\/endormoonstore.com\/en\/wp-json\/wp\/v2\/product_tag?post=60546"}],"curies":[{"name":"wp","href":"https:\/\/api.w.org\/{rel}","templated":true}]}}