{"id":60476,"date":"2018-02-12T19:55:57","date_gmt":"2018-02-12T18:55:57","guid":{"rendered":"https:\/\/endormoonstore.com\/lego-star-wars-75192-millennium-falcon\/"},"modified":"2018-02-12T19:55:57","modified_gmt":"2018-02-12T18:55:57","slug":"lego-star-wars-75192-millennium-falcon","status":"publish","type":"product","link":"https:\/\/endormoonstore.com\/en\/lego-star-wars-75192-millennium-falcon\/","title":{"rendered":"Lego Star Wars 75192 Millennium Falcon"},"content":{"rendered":"<p>Lego Star Wars 75192 Millennium Falcon<\/p>\n<\/p>\n<p>&iexcl;Bienvenido al modelo LEGO&reg;&nbsp;<em>Star Wars<\/em>&nbsp;m&aacute;s grande y detallado del Millennium Falcon que jam&aacute;s se ha creado! De hecho, con 7.500 piezas, es simplemente uno de los modelos LEGO m&aacute;s grandes de la historia. Esta incre&iacute;ble interpretaci&oacute;n LEGO del inolvidable carguero Corelliano de Han Solo tiene todos los detalles que cualquier fan de&nbsp;<em>Star Wars<\/em>&nbsp;podr&iacute;a desear. Incluye un elaborado exterior, ca&ntilde;ones l&aacute;ser cu&aacute;druples superiores e inferiores, soportes de aterrizaje, rampa de embarque descendente y cabina con espacio para 4 minifiguras y parabrisas desmontable. Quita los paneles del casco para descubrir la detallada bodega principal, el compartimento trasero y el puesto de artiller&iacute;a. Este incre&iacute;ble modelo cuenta tambi&eacute;n con antenas detectoras y tripulaciones intercambiables para que puedas interpretar las aventuras LEGO&nbsp;<em>Star Wars<\/em>&nbsp;cl&aacute;sicas con Han, Leia, Chewbacca y C-3PO, o adentrarte en el mundo de los Episodios VII y VIII con el Han de mayor edad, Rey, Finn y BB-8.<\/p>\n<ul>\n<li>Incluye 4 minifiguras de la tripulaci&oacute;n cl&aacute;sica: Han Solo, Chewbacca, princesa Leia y C-3PO.<\/li>\n<li>Incluye tambi&eacute;n 3 minifiguras de la tripulaci&oacute;n de los Episodios VII y VIII: Han Solo mayor, Rey y Finn.<\/li>\n<li>Incluye figuras de un droide BB-8, 2 Porgs para construir y un Mynock para construir.<\/li>\n<li>El exterior cuenta con secciones de casco desmontables con elaborados detalles, rampa de embarque descendente, ca&ntilde;&oacute;n bl&aacute;ster oculto, cabina para 4 minifiguras con parabrisas desmontable, antenas detectoras redonda\/rectangular intercambiables, ca&ntilde;ones l&aacute;ser cu&aacute;druples superiores e inferiores y 7 soportes de aterrizaje.<\/li>\n<li>La bodega principal cuenta con asientos, un tablero hologr&aacute;fico de Dejarik, un casco de entrenamiento remoto, una estaci&oacute;n de ingenier&iacute;a con silla giratoria para una minifigura y un modelo de una compuerta con corredor decorado.<\/li>\n<li>El compartimento trasero incluye una sala de m&aacute;quinas con hiperimpulsor y consola, 2 compuertas, compartimento inferior oculto, 2 escotillas para c&aacute;psulas de escape, una consola de ingenier&iacute;a y una escalera de acceso al puesto de artiller&iacute;a.<\/li>\n<li>El puesto de artiller&iacute;a cuenta con un asiento para una minifigura de un artillero, as&iacute; como una secci&oacute;n de casco desmontable con un ca&ntilde;&oacute;n l&aacute;ser cu&aacute;druple totalmente giratorio. Tambi&eacute;n hay un ca&ntilde;&oacute;n l&aacute;ser cu&aacute;druple adicional instalado en la parte inferior.<\/li>\n<li>Este modelo incluye 7.500 piezas.<\/li>\n<li>Incluye tambi&eacute;n una placa informativa con datos.<\/li>\n<li>La cabina cuenta con un nuevo parabrisas (novedad en octubre de 2017).<\/li>\n<li>Armas de la tripulaci&oacute;n cl&aacute;sica incluidas: pistola bl&aacute;ster de Han y ballesta que dispara de Chewbacca.<\/li>\n<li>Armas de la tripulaci&oacute;n de los Episodios VII y VIII incluidas: bl&aacute;ster de Han, bl&aacute;ster plateado peque&ntilde;o de Rey y rifle bl&aacute;ster mediano de Finn.<\/li>\n<li>&iexcl;Cambia las caracter&iacute;sticas y los personajes de la tripulaci&oacute;n para alternar entre las versiones cl&aacute;sica y de los Episodios VII y VIII del Millennium Falcon!<\/li>\n<li>Abre las secciones del casco para acceder al detallado interior, sin alterar el aspecto exterior general.<\/li>\n<li>Desliza el panel para descubrir el ca&ntilde;&oacute;n bl&aacute;ster oculto.<\/li>\n<li>Gira las cabezas de las minifiguras cl&aacute;sicas de Leia y Han para revelar sus versiones con m&aacute;scara.<\/li>\n<li>Un juguete intergal&aacute;ctico o modelo insignia de exposici&oacute;n perfecto.<\/li>\n<li>Mide m&aacute;s de 21&nbsp;cm de altura, 84&nbsp;cm de longitud y 56&nbsp;cm de ancho.<\/li>\n<li><\/li>\n<\/ul>\n<ul>\n<li>EAN:&nbsp;<span>5702015869935<\/span><\/li>\n<\/ul>\n<ul>\n<li>MPN: LG75192<\/li>\n<\/ul>\n<ul>\n<li>PIEZAS:&nbsp;<span>7541<\/span><\/li>\n<\/ul>\n","protected":false},"excerpt":{"rendered":"<p>Lego Star Wars 75192 Millennium Falcon<\/p>\n<p>\u00a1Bienvenido al modelo LEGO\u00ae Star Wars m\u00e1s grande y detallado del Millennium Falcon que jam\u00e1s se ha creado! De hecho, con 7.500 piezas, es simplemente uno de los modelos LEGO m\u00e1s grandes de la historia.<\/p>\n","protected":false},"featured_media":60466,"template":"","meta":{"_acf_changed":false,"_kad_blocks_custom_css":"","_kad_blocks_head_custom_js":"","_kad_blocks_body_custom_js":"","_kad_blocks_footer_custom_js":""},"product_cat":[13751],"product_tag":[],"class_list":{"0":"post-60476","1":"product","2":"type-product","3":"status-publish","4":"has-post-thumbnail","6":"product_cat-no-categorized","8":"first","9":"outofstock","10":"taxable","11":"shipping-taxable","12":"purchasable","13":"product-type-simple"},"acf":[],"yoast_head":"<!-- This site is optimized with the Yoast SEO plugin v26.1.1 - https:\/\/yoast.com\/wordpress\/plugins\/seo\/ -->\n<title>Lego Star Wars 75192 Millennium Falcon - EndormoonStore<\/title>\n<meta name=\"robots\" content=\"index, follow, max-snippet:-1, max-image-preview:large, max-video-preview:-1\" \/>\n<link rel=\"canonical\" href=\"https:\/\/endormoonstore.com\/en\/lego-star-wars-75192-millennium-falcon\/\" \/>\n<meta property=\"og:locale\" content=\"en_US\" \/>\n<meta property=\"og:type\" content=\"article\" \/>\n<meta property=\"og:title\" content=\"Lego Star Wars 75192 Millennium Falcon - EndormoonStore\" \/>\n<meta property=\"og:description\" content=\"Lego Star Wars 75192 Millennium Falcon  \u00a1Bienvenido al modelo LEGO\u00ae Star Wars m\u00e1s grande y detallado del Millennium Falcon que jam\u00e1s se ha creado! De hecho, con 7.500 piezas, es simplemente uno de los modelos LEGO m\u00e1s grandes de la historia.\" \/>\n<meta property=\"og:url\" content=\"https:\/\/endormoonstore.com\/en\/lego-star-wars-75192-millennium-falcon\/\" \/>\n<meta property=\"og:site_name\" content=\"EndormoonStore\" \/>\n<meta property=\"og:image\" content=\"https:\/\/endormoonstore.com\/wp-content\/uploads\/2018\/02\/lego_star_wars_75192_millennium_falcon-1.jpg\" \/>\n\t<meta property=\"og:image:width\" content=\"1600\" \/>\n\t<meta property=\"og:image:height\" content=\"1426\" \/>\n\t<meta property=\"og:image:type\" content=\"image\/jpeg\" \/>\n<meta name=\"twitter:card\" content=\"summary_large_image\" \/>\n<meta name=\"twitter:label1\" content=\"Est. reading time\" \/>\n\t<meta name=\"twitter:data1\" content=\"3 minutes\" \/>\n<script type=\"application\/ld+json\" class=\"yoast-schema-graph\">{\"@context\":\"https:\/\/schema.org\",\"@graph\":[{\"@type\":\"WebPage\",\"@id\":\"https:\/\/endormoonstore.com\/en\/lego-star-wars-75192-millennium-falcon\/\",\"url\":\"https:\/\/endormoonstore.com\/en\/lego-star-wars-75192-millennium-falcon\/\",\"name\":\"Lego Star Wars 75192 Millennium Falcon - EndormoonStore\",\"isPartOf\":{\"@id\":\"https:\/\/endormoonstore.com\/#website\"},\"primaryImageOfPage\":{\"@id\":\"https:\/\/endormoonstore.com\/en\/lego-star-wars-75192-millennium-falcon\/#primaryimage\"},\"image\":{\"@id\":\"https:\/\/endormoonstore.com\/en\/lego-star-wars-75192-millennium-falcon\/#primaryimage\"},\"thumbnailUrl\":\"https:\/\/endormoonstore.com\/wp-content\/uploads\/2018\/02\/lego_star_wars_75192_millennium_falcon-1.jpg\",\"datePublished\":\"2018-02-12T18:55:57+00:00\",\"breadcrumb\":{\"@id\":\"https:\/\/endormoonstore.com\/en\/lego-star-wars-75192-millennium-falcon\/#breadcrumb\"},\"inLanguage\":\"en-US\",\"potentialAction\":[{\"@type\":\"ReadAction\",\"target\":[\"https:\/\/endormoonstore.com\/en\/lego-star-wars-75192-millennium-falcon\/\"]}]},{\"@type\":\"ImageObject\",\"inLanguage\":\"en-US\",\"@id\":\"https:\/\/endormoonstore.com\/en\/lego-star-wars-75192-millennium-falcon\/#primaryimage\",\"url\":\"https:\/\/endormoonstore.com\/wp-content\/uploads\/2018\/02\/lego_star_wars_75192_millennium_falcon-1.jpg\",\"contentUrl\":\"https:\/\/endormoonstore.com\/wp-content\/uploads\/2018\/02\/lego_star_wars_75192_millennium_falcon-1.jpg\",\"width\":1600,\"height\":1426,\"caption\":\"Lego Star Wars 75192 Millennium Falcon-0\"},{\"@type\":\"BreadcrumbList\",\"@id\":\"https:\/\/endormoonstore.com\/en\/lego-star-wars-75192-millennium-falcon\/#breadcrumb\",\"itemListElement\":[{\"@type\":\"ListItem\",\"position\":1,\"name\":\"Shop\",\"item\":\"https:\/\/endormoonstore.com\/en\/shop\/\"},{\"@type\":\"ListItem\",\"position\":2,\"name\":\"Lego Star Wars 75192 Millennium Falcon\"}]},{\"@type\":\"WebSite\",\"@id\":\"https:\/\/endormoonstore.com\/#website\",\"url\":\"https:\/\/endormoonstore.com\/\",\"name\":\"EndormoonStore\",\"description\":\"\",\"potentialAction\":[{\"@type\":\"SearchAction\",\"target\":{\"@type\":\"EntryPoint\",\"urlTemplate\":\"https:\/\/endormoonstore.com\/?s={search_term_string}\"},\"query-input\":{\"@type\":\"PropertyValueSpecification\",\"valueRequired\":true,\"valueName\":\"search_term_string\"}}],\"inLanguage\":\"en-US\"}]}<\/script>\n<!-- \/ Yoast SEO plugin. -->","yoast_head_json":{"title":"Lego Star Wars 75192 Millennium Falcon - EndormoonStore","robots":{"index":"index","follow":"follow","max-snippet":"max-snippet:-1","max-image-preview":"max-image-preview:large","max-video-preview":"max-video-preview:-1"},"canonical":"https:\/\/endormoonstore.com\/en\/lego-star-wars-75192-millennium-falcon\/","og_locale":"en_US","og_type":"article","og_title":"Lego Star Wars 75192 Millennium Falcon - EndormoonStore","og_description":"Lego Star Wars 75192 Millennium Falcon  \u00a1Bienvenido al modelo LEGO\u00ae Star Wars m\u00e1s grande y detallado del Millennium Falcon que jam\u00e1s se ha creado! De hecho, con 7.500 piezas, es simplemente uno de los modelos LEGO m\u00e1s grandes de la historia.","og_url":"https:\/\/endormoonstore.com\/en\/lego-star-wars-75192-millennium-falcon\/","og_site_name":"EndormoonStore","og_image":[{"width":1600,"height":1426,"url":"https:\/\/endormoonstore.com\/wp-content\/uploads\/2018\/02\/lego_star_wars_75192_millennium_falcon-1.jpg","type":"image\/jpeg"}],"twitter_card":"summary_large_image","twitter_misc":{"Est. reading time":"3 minutes"},"schema":{"@context":"https:\/\/schema.org","@graph":[{"@type":"WebPage","@id":"https:\/\/endormoonstore.com\/en\/lego-star-wars-75192-millennium-falcon\/","url":"https:\/\/endormoonstore.com\/en\/lego-star-wars-75192-millennium-falcon\/","name":"Lego Star Wars 75192 Millennium Falcon - EndormoonStore","isPartOf":{"@id":"https:\/\/endormoonstore.com\/#website"},"primaryImageOfPage":{"@id":"https:\/\/endormoonstore.com\/en\/lego-star-wars-75192-millennium-falcon\/#primaryimage"},"image":{"@id":"https:\/\/endormoonstore.com\/en\/lego-star-wars-75192-millennium-falcon\/#primaryimage"},"thumbnailUrl":"https:\/\/endormoonstore.com\/wp-content\/uploads\/2018\/02\/lego_star_wars_75192_millennium_falcon-1.jpg","datePublished":"2018-02-12T18:55:57+00:00","breadcrumb":{"@id":"https:\/\/endormoonstore.com\/en\/lego-star-wars-75192-millennium-falcon\/#breadcrumb"},"inLanguage":"en-US","potentialAction":[{"@type":"ReadAction","target":["https:\/\/endormoonstore.com\/en\/lego-star-wars-75192-millennium-falcon\/"]}]},{"@type":"ImageObject","inLanguage":"en-US","@id":"https:\/\/endormoonstore.com\/en\/lego-star-wars-75192-millennium-falcon\/#primaryimage","url":"https:\/\/endormoonstore.com\/wp-content\/uploads\/2018\/02\/lego_star_wars_75192_millennium_falcon-1.jpg","contentUrl":"https:\/\/endormoonstore.com\/wp-content\/uploads\/2018\/02\/lego_star_wars_75192_millennium_falcon-1.jpg","width":1600,"height":1426,"caption":"Lego Star Wars 75192 Millennium Falcon-0"},{"@type":"BreadcrumbList","@id":"https:\/\/endormoonstore.com\/en\/lego-star-wars-75192-millennium-falcon\/#breadcrumb","itemListElement":[{"@type":"ListItem","position":1,"name":"Shop","item":"https:\/\/endormoonstore.com\/en\/shop\/"},{"@type":"ListItem","position":2,"name":"Lego Star Wars 75192 Millennium Falcon"}]},{"@type":"WebSite","@id":"https:\/\/endormoonstore.com\/#website","url":"https:\/\/endormoonstore.com\/","name":"EndormoonStore","description":"","potentialAction":[{"@type":"SearchAction","target":{"@type":"EntryPoint","urlTemplate":"https:\/\/endormoonstore.com\/?s={search_term_string}"},"query-input":{"@type":"PropertyValueSpecification","valueRequired":true,"valueName":"search_term_string"}}],"inLanguage":"en-US"}]}},"taxonomy_info":{"product_cat":[{"value":13751,"label":"No categorized"}]},"featured_image_src_large":["https:\/\/endormoonstore.com\/wp-content\/uploads\/2018\/02\/lego_star_wars_75192_millennium_falcon-1.jpg",1600,1426,false],"author_info":[],"comment_info":"","_links":{"self":[{"href":"https:\/\/endormoonstore.com\/en\/wp-json\/wp\/v2\/product\/60476","targetHints":{"allow":["GET"]}}],"collection":[{"href":"https:\/\/endormoonstore.com\/en\/wp-json\/wp\/v2\/product"}],"about":[{"href":"https:\/\/endormoonstore.com\/en\/wp-json\/wp\/v2\/types\/product"}],"wp:featuredmedia":[{"embeddable":true,"href":"https:\/\/endormoonstore.com\/en\/wp-json\/wp\/v2\/media\/60466"}],"wp:attachment":[{"href":"https:\/\/endormoonstore.com\/en\/wp-json\/wp\/v2\/media?parent=60476"}],"wp:term":[{"taxonomy":"product_cat","embeddable":true,"href":"https:\/\/endormoonstore.com\/en\/wp-json\/wp\/v2\/product_cat?post=60476"},{"taxonomy":"product_tag","embeddable":true,"href":"https:\/\/endormoonstore.com\/en\/wp-json\/wp\/v2\/product_tag?post=60476"}],"curies":[{"name":"wp","href":"https:\/\/api.w.org\/{rel}","templated":true}]}}