{"id":58394,"date":"2017-08-03T07:45:11","date_gmt":"2017-08-03T05:45:11","guid":{"rendered":"https:\/\/endormoonstore.com\/skaven-screaming-bell-plague-furnace\/"},"modified":"2017-08-03T07:45:11","modified_gmt":"2017-08-03T05:45:11","slug":"skaven-screaming-bell-plague-furnace","status":"publish","type":"product","link":"https:\/\/endormoonstore.com\/en\/skaven-screaming-bell-plague-furnace\/","title":{"rendered":"Skaven Screaming Bell\/Plague Furnace"},"content":{"rendered":"<p>De todas las diab&oacute;licas maravillas de guerra de los Skaven, ninguna es tan notable como la Screaming Bell. Es desde ese altar imp&iacute;o desde donde los Grey Seers predican sus planes de dominaci&oacute;n total en nombre de la Gran Rata Cornuda.<\/p>\n<p>La Screaming Bell de los Skaven es una gran pieza central para cualquier colecci&oacute;n Skaven. Transporta rocas fuertemente aseguradas sobre una desvencijada base de travesa&ntilde;os de madera, desde la que se alza una arcada de piedra que hace de estructura para sostener la enorme campana. Un Grey Seer va montado encima de todo, y la propia campana es ta&ntilde;ida por un Rat Ogre que tira de una cadena. Esta m&aacute;quina de guerra de muchas ruedas est&aacute; cubierta de pinchos, y su parte frontal lleva multitud de incensarios que expulsan un espeso humo.<\/p>\n<p>Este kit de pl&aacute;stico multicomponente contiene cincuenta y cuatro piezas con las que montar una Screaming Bell o un Plague Furnace de los Skaven, e incluye una peana ovalada Citadel de 120mm. Las reglas para la Screaming Bell se encuentran en el Skaven Warscroll Compendium, disponible para descarga gratuita.&nbsp;<\/p>\n<\/p>\n<p>EAN:5011921016853<\/p>\n<p>MPM:&nbsp;GW90-15<\/p>\n","protected":false},"excerpt":{"rendered":"<p>De todas las diab\u00f3licas maravillas de guerra de los Skaven, ninguna es tan notable como la Screaming Bell. Es desde ese altar imp\u00edo desde donde los Grey Seers predican sus planes de dominaci\u00f3n total en nombre de la Gran Rata Cornuda.<\/p>\n","protected":false},"featured_media":58390,"template":"","meta":{"_acf_changed":false,"_kad_blocks_custom_css":"","_kad_blocks_head_custom_js":"","_kad_blocks_body_custom_js":"","_kad_blocks_footer_custom_js":""},"product_cat":[1645],"product_tag":[],"class_list":{"0":"post-58394","1":"product","2":"type-product","3":"status-publish","4":"has-post-thumbnail","6":"product_cat-no-category","8":"first","9":"outofstock","10":"taxable","11":"shipping-taxable","12":"purchasable","13":"product-type-simple"},"acf":[],"yoast_head":"<!-- This site is optimized with the Yoast SEO plugin v26.1.1 - https:\/\/yoast.com\/wordpress\/plugins\/seo\/ -->\n<title>Skaven Screaming Bell\/Plague Furnace - EndormoonStore<\/title>\n<meta name=\"robots\" content=\"index, follow, max-snippet:-1, max-image-preview:large, max-video-preview:-1\" \/>\n<link rel=\"canonical\" href=\"https:\/\/endormoonstore.com\/skaven-screaming-bell-plague-furnace\/\" \/>\n<meta property=\"og:locale\" content=\"en_US\" \/>\n<meta property=\"og:type\" content=\"article\" \/>\n<meta property=\"og:title\" content=\"Skaven Screaming Bell\/Plague Furnace - EndormoonStore\" \/>\n<meta property=\"og:description\" content=\"De todas las diab\u00f3licas maravillas de guerra de los Skaven, ninguna es tan notable como la Screaming Bell. Es desde ese altar imp\u00edo desde donde los Grey Seers predican sus planes de dominaci\u00f3n total en nombre de la Gran Rata Cornuda.\" \/>\n<meta property=\"og:url\" content=\"https:\/\/endormoonstore.com\/skaven-screaming-bell-plague-furnace\/\" \/>\n<meta property=\"og:site_name\" content=\"EndormoonStore\" \/>\n<meta property=\"og:image\" content=\"https:\/\/endormoonstore.com\/wp-content\/uploads\/2017\/08\/skaven_screaming_bell_plague_furnace.jpg\" \/>\n\t<meta property=\"og:image:width\" content=\"747\" \/>\n\t<meta property=\"og:image:height\" content=\"1024\" \/>\n\t<meta property=\"og:image:type\" content=\"image\/jpeg\" \/>\n<meta name=\"twitter:card\" content=\"summary_large_image\" \/>\n<meta name=\"twitter:label1\" content=\"Est. reading time\" \/>\n\t<meta name=\"twitter:data1\" content=\"1 minute\" \/>\n<script type=\"application\/ld+json\" class=\"yoast-schema-graph\">{\"@context\":\"https:\/\/schema.org\",\"@graph\":[{\"@type\":\"WebPage\",\"@id\":\"https:\/\/endormoonstore.com\/skaven-screaming-bell-plague-furnace\/\",\"url\":\"https:\/\/endormoonstore.com\/skaven-screaming-bell-plague-furnace\/\",\"name\":\"Skaven Screaming Bell\/Plague Furnace - EndormoonStore\",\"isPartOf\":{\"@id\":\"https:\/\/endormoonstore.com\/#website\"},\"primaryImageOfPage\":{\"@id\":\"https:\/\/endormoonstore.com\/skaven-screaming-bell-plague-furnace\/#primaryimage\"},\"image\":{\"@id\":\"https:\/\/endormoonstore.com\/skaven-screaming-bell-plague-furnace\/#primaryimage\"},\"thumbnailUrl\":\"https:\/\/endormoonstore.com\/wp-content\/uploads\/2017\/08\/skaven_screaming_bell_plague_furnace.jpg\",\"datePublished\":\"2017-08-03T05:45:11+00:00\",\"breadcrumb\":{\"@id\":\"https:\/\/endormoonstore.com\/skaven-screaming-bell-plague-furnace\/#breadcrumb\"},\"inLanguage\":\"en-US\",\"potentialAction\":[{\"@type\":\"ReadAction\",\"target\":[\"https:\/\/endormoonstore.com\/skaven-screaming-bell-plague-furnace\/\"]}]},{\"@type\":\"ImageObject\",\"inLanguage\":\"en-US\",\"@id\":\"https:\/\/endormoonstore.com\/skaven-screaming-bell-plague-furnace\/#primaryimage\",\"url\":\"https:\/\/endormoonstore.com\/wp-content\/uploads\/2017\/08\/skaven_screaming_bell_plague_furnace.jpg\",\"contentUrl\":\"https:\/\/endormoonstore.com\/wp-content\/uploads\/2017\/08\/skaven_screaming_bell_plague_furnace.jpg\",\"width\":747,\"height\":1024},{\"@type\":\"BreadcrumbList\",\"@id\":\"https:\/\/endormoonstore.com\/skaven-screaming-bell-plague-furnace\/#breadcrumb\",\"itemListElement\":[{\"@type\":\"ListItem\",\"position\":1,\"name\":\"Shop\",\"item\":\"https:\/\/endormoonstore.com\/en\/shop\/\"},{\"@type\":\"ListItem\",\"position\":2,\"name\":\"Skaven Screaming Bell\/Plague Furnace\"}]},{\"@type\":\"WebSite\",\"@id\":\"https:\/\/endormoonstore.com\/#website\",\"url\":\"https:\/\/endormoonstore.com\/\",\"name\":\"EndormoonStore\",\"description\":\"\",\"potentialAction\":[{\"@type\":\"SearchAction\",\"target\":{\"@type\":\"EntryPoint\",\"urlTemplate\":\"https:\/\/endormoonstore.com\/?s={search_term_string}\"},\"query-input\":{\"@type\":\"PropertyValueSpecification\",\"valueRequired\":true,\"valueName\":\"search_term_string\"}}],\"inLanguage\":\"en-US\"}]}<\/script>\n<!-- \/ Yoast SEO plugin. -->","yoast_head_json":{"title":"Skaven Screaming Bell\/Plague Furnace - EndormoonStore","robots":{"index":"index","follow":"follow","max-snippet":"max-snippet:-1","max-image-preview":"max-image-preview:large","max-video-preview":"max-video-preview:-1"},"canonical":"https:\/\/endormoonstore.com\/skaven-screaming-bell-plague-furnace\/","og_locale":"en_US","og_type":"article","og_title":"Skaven Screaming Bell\/Plague Furnace - EndormoonStore","og_description":"De todas las diab\u00f3licas maravillas de guerra de los Skaven, ninguna es tan notable como la Screaming Bell. Es desde ese altar imp\u00edo desde donde los Grey Seers predican sus planes de dominaci\u00f3n total en nombre de la Gran Rata Cornuda.","og_url":"https:\/\/endormoonstore.com\/skaven-screaming-bell-plague-furnace\/","og_site_name":"EndormoonStore","og_image":[{"width":747,"height":1024,"url":"https:\/\/endormoonstore.com\/wp-content\/uploads\/2017\/08\/skaven_screaming_bell_plague_furnace.jpg","type":"image\/jpeg"}],"twitter_card":"summary_large_image","twitter_misc":{"Est. reading time":"1 minute"},"schema":{"@context":"https:\/\/schema.org","@graph":[{"@type":"WebPage","@id":"https:\/\/endormoonstore.com\/skaven-screaming-bell-plague-furnace\/","url":"https:\/\/endormoonstore.com\/skaven-screaming-bell-plague-furnace\/","name":"Skaven Screaming Bell\/Plague Furnace - EndormoonStore","isPartOf":{"@id":"https:\/\/endormoonstore.com\/#website"},"primaryImageOfPage":{"@id":"https:\/\/endormoonstore.com\/skaven-screaming-bell-plague-furnace\/#primaryimage"},"image":{"@id":"https:\/\/endormoonstore.com\/skaven-screaming-bell-plague-furnace\/#primaryimage"},"thumbnailUrl":"https:\/\/endormoonstore.com\/wp-content\/uploads\/2017\/08\/skaven_screaming_bell_plague_furnace.jpg","datePublished":"2017-08-03T05:45:11+00:00","breadcrumb":{"@id":"https:\/\/endormoonstore.com\/skaven-screaming-bell-plague-furnace\/#breadcrumb"},"inLanguage":"en-US","potentialAction":[{"@type":"ReadAction","target":["https:\/\/endormoonstore.com\/skaven-screaming-bell-plague-furnace\/"]}]},{"@type":"ImageObject","inLanguage":"en-US","@id":"https:\/\/endormoonstore.com\/skaven-screaming-bell-plague-furnace\/#primaryimage","url":"https:\/\/endormoonstore.com\/wp-content\/uploads\/2017\/08\/skaven_screaming_bell_plague_furnace.jpg","contentUrl":"https:\/\/endormoonstore.com\/wp-content\/uploads\/2017\/08\/skaven_screaming_bell_plague_furnace.jpg","width":747,"height":1024},{"@type":"BreadcrumbList","@id":"https:\/\/endormoonstore.com\/skaven-screaming-bell-plague-furnace\/#breadcrumb","itemListElement":[{"@type":"ListItem","position":1,"name":"Shop","item":"https:\/\/endormoonstore.com\/en\/shop\/"},{"@type":"ListItem","position":2,"name":"Skaven Screaming Bell\/Plague Furnace"}]},{"@type":"WebSite","@id":"https:\/\/endormoonstore.com\/#website","url":"https:\/\/endormoonstore.com\/","name":"EndormoonStore","description":"","potentialAction":[{"@type":"SearchAction","target":{"@type":"EntryPoint","urlTemplate":"https:\/\/endormoonstore.com\/?s={search_term_string}"},"query-input":{"@type":"PropertyValueSpecification","valueRequired":true,"valueName":"search_term_string"}}],"inLanguage":"en-US"}]}},"taxonomy_info":{"product_cat":[{"value":1645,"label":"No category"}]},"featured_image_src_large":["https:\/\/endormoonstore.com\/wp-content\/uploads\/2017\/08\/skaven_screaming_bell_plague_furnace.jpg",747,1024,false],"author_info":[],"comment_info":"","_links":{"self":[{"href":"https:\/\/endormoonstore.com\/en\/wp-json\/wp\/v2\/product\/58394","targetHints":{"allow":["GET"]}}],"collection":[{"href":"https:\/\/endormoonstore.com\/en\/wp-json\/wp\/v2\/product"}],"about":[{"href":"https:\/\/endormoonstore.com\/en\/wp-json\/wp\/v2\/types\/product"}],"wp:featuredmedia":[{"embeddable":true,"href":"https:\/\/endormoonstore.com\/en\/wp-json\/wp\/v2\/media\/58390"}],"wp:attachment":[{"href":"https:\/\/endormoonstore.com\/en\/wp-json\/wp\/v2\/media?parent=58394"}],"wp:term":[{"taxonomy":"product_cat","embeddable":true,"href":"https:\/\/endormoonstore.com\/en\/wp-json\/wp\/v2\/product_cat?post=58394"},{"taxonomy":"product_tag","embeddable":true,"href":"https:\/\/endormoonstore.com\/en\/wp-json\/wp\/v2\/product_tag?post=58394"}],"curies":[{"name":"wp","href":"https:\/\/api.w.org\/{rel}","templated":true}]}}