{"id":58352,"date":"2017-08-02T18:04:34","date_gmt":"2017-08-02T16:04:34","guid":{"rendered":"https:\/\/endormoonstore.com\/warhammer-age-of-sigmar-baleful-realmgates-12\/"},"modified":"2017-08-02T18:04:34","modified_gmt":"2017-08-02T16:04:34","slug":"warhammer-age-of-sigmar-baleful-realmgates-12","status":"publish","type":"product","link":"https:\/\/endormoonstore.com\/en\/warhammer-age-of-sigmar-baleful-realmgates-12\/","title":{"rendered":"Empire Celestial Hurricanum"},"content":{"rendered":"<p>Los Battlemages requieren focos arcanos y maquinaria esot&eacute;rica para canalizar sus poderes m&aacute;gicos. Al usar planetarios celestiales, lentes et&eacute;ricas y objetos encantados como m&aacute;scaras, orbes, b&aacute;culos o relojes de arena pueden lanzar sus hechizos. El Celestial Hurricanum es uno de esos objetos, capaz de una destrucci&oacute;n sin parang&oacute;n.<\/p>\n<p>El Celestial Hurricanum es una miniatura majestuosa e incre&iacute;ble que destacar&aacute; en cualquier colecci&oacute;n de Warhammer Age of Sigmar. El elaborado carruaje evoca un relicario con sus motivos de cr&aacute;neos, arcos g&oacute;ticos y detalles y se encuentra cubierto por s&iacute;mbolos astrol&oacute;gicos. El carruaje tiene en su techo una plataforma que muestra cr&aacute;neos y telescopios sobre la que se alza el Battlemage rodeado de instrumental arcano. Junto a &eacute;l se encuentra un inmenso planetario que act&uacute;a como foco de su poder m&aacute;gico y que puede lanzar terribles tormentas m&aacute;gicas&hellip; Dos caballos cubiertos de una armadura resplandeciente tiran de esta enorme m&aacute;quina.<\/p>\n<p>Este kit de pl&aacute;stico multicomponente contiene 108 piezas con los que montar un Celestial Hurricanum o una Luminark of Hysh. El kit incluye una peana de monstruo de 50&#215;100 mm y una peana cuadrada de 20 mm por si quieres hacer que el Celestial Battlemage vaya a pie.<\/p>\n<p>Esta miniatura se suministra sin pintar y requiere montaje. Recomendamos usar Pegamento para pl&aacute;stico Citadel y pinturas Citadel.&nbsp;<\/p>\n<p><span><span><\/span><\/span>EAN:<span>5011921030576<\/span><\/p>\n<p>MPM:&nbsp;<span>GW86-20<\/span><\/p>\n","protected":false},"excerpt":{"rendered":"<p>Los Battlemages requieren focos arcanos y maquinaria esot\u00e9rica para canalizar sus poderes m\u00e1gicos. Al usar planetarios celestiales, lentes et\u00e9ricas y objetos encantados como m\u00e1scaras, orbes, b\u00e1culos o relojes de arena pueden lanzar sus hechizos. El Celestial Hurricanum es uno de esos objetos, capaz de una destrucci\u00f3n sin parang\u00f3n.<\/p>\n","protected":false},"featured_media":58350,"template":"","meta":{"_acf_changed":false,"_kad_blocks_custom_css":"","_kad_blocks_head_custom_js":"","_kad_blocks_body_custom_js":"","_kad_blocks_footer_custom_js":""},"product_cat":[13751],"product_tag":[],"class_list":{"0":"post-58352","1":"product","2":"type-product","3":"status-publish","4":"has-post-thumbnail","6":"product_cat-no-categorized","8":"first","9":"outofstock","10":"taxable","11":"shipping-taxable","12":"purchasable","13":"product-type-simple"},"acf":[],"yoast_head":"<!-- This site is optimized with the Yoast SEO plugin v26.1.1 - https:\/\/yoast.com\/wordpress\/plugins\/seo\/ -->\n<title>Empire Celestial Hurricanum - EndormoonStore<\/title>\n<meta name=\"robots\" content=\"index, follow, max-snippet:-1, max-image-preview:large, max-video-preview:-1\" \/>\n<link rel=\"canonical\" href=\"https:\/\/endormoonstore.com\/en\/warhammer-age-of-sigmar-baleful-realmgates-12\/\" \/>\n<meta property=\"og:locale\" content=\"en_US\" \/>\n<meta property=\"og:type\" content=\"article\" \/>\n<meta property=\"og:title\" content=\"Empire Celestial Hurricanum - EndormoonStore\" \/>\n<meta property=\"og:description\" content=\"Los Battlemages requieren focos arcanos y maquinaria esot\u00e9rica para canalizar sus poderes m\u00e1gicos. Al usar planetarios celestiales, lentes et\u00e9ricas y objetos encantados como m\u00e1scaras, orbes, b\u00e1culos o relojes de arena pueden lanzar sus hechizos. El Celestial Hurricanum es uno de esos objetos, capaz de una destrucci\u00f3n sin parang\u00f3n.\" \/>\n<meta property=\"og:url\" content=\"https:\/\/endormoonstore.com\/en\/warhammer-age-of-sigmar-baleful-realmgates-12\/\" \/>\n<meta property=\"og:site_name\" content=\"EndormoonStore\" \/>\n<meta property=\"og:image\" content=\"https:\/\/endormoonstore.com\/wp-content\/uploads\/2017\/08\/empire_celestial_hurricanum.jpg\" \/>\n\t<meta property=\"og:image:width\" content=\"600\" \/>\n\t<meta property=\"og:image:height\" content=\"620\" \/>\n\t<meta property=\"og:image:type\" content=\"image\/jpeg\" \/>\n<meta name=\"twitter:card\" content=\"summary_large_image\" \/>\n<meta name=\"twitter:label1\" content=\"Est. reading time\" \/>\n\t<meta name=\"twitter:data1\" content=\"1 minute\" \/>\n<script type=\"application\/ld+json\" class=\"yoast-schema-graph\">{\"@context\":\"https:\/\/schema.org\",\"@graph\":[{\"@type\":\"WebPage\",\"@id\":\"https:\/\/endormoonstore.com\/en\/warhammer-age-of-sigmar-baleful-realmgates-12\/\",\"url\":\"https:\/\/endormoonstore.com\/en\/warhammer-age-of-sigmar-baleful-realmgates-12\/\",\"name\":\"Empire Celestial Hurricanum - EndormoonStore\",\"isPartOf\":{\"@id\":\"https:\/\/endormoonstore.com\/#website\"},\"primaryImageOfPage\":{\"@id\":\"https:\/\/endormoonstore.com\/en\/warhammer-age-of-sigmar-baleful-realmgates-12\/#primaryimage\"},\"image\":{\"@id\":\"https:\/\/endormoonstore.com\/en\/warhammer-age-of-sigmar-baleful-realmgates-12\/#primaryimage\"},\"thumbnailUrl\":\"https:\/\/endormoonstore.com\/wp-content\/uploads\/2017\/08\/empire_celestial_hurricanum.jpg\",\"datePublished\":\"2017-08-02T16:04:34+00:00\",\"breadcrumb\":{\"@id\":\"https:\/\/endormoonstore.com\/en\/warhammer-age-of-sigmar-baleful-realmgates-12\/#breadcrumb\"},\"inLanguage\":\"en-US\",\"potentialAction\":[{\"@type\":\"ReadAction\",\"target\":[\"https:\/\/endormoonstore.com\/en\/warhammer-age-of-sigmar-baleful-realmgates-12\/\"]}]},{\"@type\":\"ImageObject\",\"inLanguage\":\"en-US\",\"@id\":\"https:\/\/endormoonstore.com\/en\/warhammer-age-of-sigmar-baleful-realmgates-12\/#primaryimage\",\"url\":\"https:\/\/endormoonstore.com\/wp-content\/uploads\/2017\/08\/empire_celestial_hurricanum.jpg\",\"contentUrl\":\"https:\/\/endormoonstore.com\/wp-content\/uploads\/2017\/08\/empire_celestial_hurricanum.jpg\",\"width\":600,\"height\":620,\"caption\":\"Empire Celestial Hurricanum-0\"},{\"@type\":\"BreadcrumbList\",\"@id\":\"https:\/\/endormoonstore.com\/en\/warhammer-age-of-sigmar-baleful-realmgates-12\/#breadcrumb\",\"itemListElement\":[{\"@type\":\"ListItem\",\"position\":1,\"name\":\"Shop\",\"item\":\"https:\/\/endormoonstore.com\/en\/shop\/\"},{\"@type\":\"ListItem\",\"position\":2,\"name\":\"Empire Celestial Hurricanum\"}]},{\"@type\":\"WebSite\",\"@id\":\"https:\/\/endormoonstore.com\/#website\",\"url\":\"https:\/\/endormoonstore.com\/\",\"name\":\"EndormoonStore\",\"description\":\"\",\"potentialAction\":[{\"@type\":\"SearchAction\",\"target\":{\"@type\":\"EntryPoint\",\"urlTemplate\":\"https:\/\/endormoonstore.com\/?s={search_term_string}\"},\"query-input\":{\"@type\":\"PropertyValueSpecification\",\"valueRequired\":true,\"valueName\":\"search_term_string\"}}],\"inLanguage\":\"en-US\"}]}<\/script>\n<!-- \/ Yoast SEO plugin. -->","yoast_head_json":{"title":"Empire Celestial Hurricanum - EndormoonStore","robots":{"index":"index","follow":"follow","max-snippet":"max-snippet:-1","max-image-preview":"max-image-preview:large","max-video-preview":"max-video-preview:-1"},"canonical":"https:\/\/endormoonstore.com\/en\/warhammer-age-of-sigmar-baleful-realmgates-12\/","og_locale":"en_US","og_type":"article","og_title":"Empire Celestial Hurricanum - EndormoonStore","og_description":"Los Battlemages requieren focos arcanos y maquinaria esot\u00e9rica para canalizar sus poderes m\u00e1gicos. Al usar planetarios celestiales, lentes et\u00e9ricas y objetos encantados como m\u00e1scaras, orbes, b\u00e1culos o relojes de arena pueden lanzar sus hechizos. El Celestial Hurricanum es uno de esos objetos, capaz de una destrucci\u00f3n sin parang\u00f3n.","og_url":"https:\/\/endormoonstore.com\/en\/warhammer-age-of-sigmar-baleful-realmgates-12\/","og_site_name":"EndormoonStore","og_image":[{"width":600,"height":620,"url":"https:\/\/endormoonstore.com\/wp-content\/uploads\/2017\/08\/empire_celestial_hurricanum.jpg","type":"image\/jpeg"}],"twitter_card":"summary_large_image","twitter_misc":{"Est. reading time":"1 minute"},"schema":{"@context":"https:\/\/schema.org","@graph":[{"@type":"WebPage","@id":"https:\/\/endormoonstore.com\/en\/warhammer-age-of-sigmar-baleful-realmgates-12\/","url":"https:\/\/endormoonstore.com\/en\/warhammer-age-of-sigmar-baleful-realmgates-12\/","name":"Empire Celestial Hurricanum - EndormoonStore","isPartOf":{"@id":"https:\/\/endormoonstore.com\/#website"},"primaryImageOfPage":{"@id":"https:\/\/endormoonstore.com\/en\/warhammer-age-of-sigmar-baleful-realmgates-12\/#primaryimage"},"image":{"@id":"https:\/\/endormoonstore.com\/en\/warhammer-age-of-sigmar-baleful-realmgates-12\/#primaryimage"},"thumbnailUrl":"https:\/\/endormoonstore.com\/wp-content\/uploads\/2017\/08\/empire_celestial_hurricanum.jpg","datePublished":"2017-08-02T16:04:34+00:00","breadcrumb":{"@id":"https:\/\/endormoonstore.com\/en\/warhammer-age-of-sigmar-baleful-realmgates-12\/#breadcrumb"},"inLanguage":"en-US","potentialAction":[{"@type":"ReadAction","target":["https:\/\/endormoonstore.com\/en\/warhammer-age-of-sigmar-baleful-realmgates-12\/"]}]},{"@type":"ImageObject","inLanguage":"en-US","@id":"https:\/\/endormoonstore.com\/en\/warhammer-age-of-sigmar-baleful-realmgates-12\/#primaryimage","url":"https:\/\/endormoonstore.com\/wp-content\/uploads\/2017\/08\/empire_celestial_hurricanum.jpg","contentUrl":"https:\/\/endormoonstore.com\/wp-content\/uploads\/2017\/08\/empire_celestial_hurricanum.jpg","width":600,"height":620,"caption":"Empire Celestial Hurricanum-0"},{"@type":"BreadcrumbList","@id":"https:\/\/endormoonstore.com\/en\/warhammer-age-of-sigmar-baleful-realmgates-12\/#breadcrumb","itemListElement":[{"@type":"ListItem","position":1,"name":"Shop","item":"https:\/\/endormoonstore.com\/en\/shop\/"},{"@type":"ListItem","position":2,"name":"Empire Celestial Hurricanum"}]},{"@type":"WebSite","@id":"https:\/\/endormoonstore.com\/#website","url":"https:\/\/endormoonstore.com\/","name":"EndormoonStore","description":"","potentialAction":[{"@type":"SearchAction","target":{"@type":"EntryPoint","urlTemplate":"https:\/\/endormoonstore.com\/?s={search_term_string}"},"query-input":{"@type":"PropertyValueSpecification","valueRequired":true,"valueName":"search_term_string"}}],"inLanguage":"en-US"}]}},"taxonomy_info":{"product_cat":[{"value":13751,"label":"No categorized"}]},"featured_image_src_large":["https:\/\/endormoonstore.com\/wp-content\/uploads\/2017\/08\/empire_celestial_hurricanum.jpg",600,620,false],"author_info":[],"comment_info":"","_links":{"self":[{"href":"https:\/\/endormoonstore.com\/en\/wp-json\/wp\/v2\/product\/58352","targetHints":{"allow":["GET"]}}],"collection":[{"href":"https:\/\/endormoonstore.com\/en\/wp-json\/wp\/v2\/product"}],"about":[{"href":"https:\/\/endormoonstore.com\/en\/wp-json\/wp\/v2\/types\/product"}],"wp:featuredmedia":[{"embeddable":true,"href":"https:\/\/endormoonstore.com\/en\/wp-json\/wp\/v2\/media\/58350"}],"wp:attachment":[{"href":"https:\/\/endormoonstore.com\/en\/wp-json\/wp\/v2\/media?parent=58352"}],"wp:term":[{"taxonomy":"product_cat","embeddable":true,"href":"https:\/\/endormoonstore.com\/en\/wp-json\/wp\/v2\/product_cat?post=58352"},{"taxonomy":"product_tag","embeddable":true,"href":"https:\/\/endormoonstore.com\/en\/wp-json\/wp\/v2\/product_tag?post=58352"}],"curies":[{"name":"wp","href":"https:\/\/api.w.org\/{rel}","templated":true}]}}