{"id":58200,"date":"2017-08-01T17:57:43","date_gmt":"2017-08-01T15:57:43","guid":{"rendered":"https:\/\/endormoonstore.com\/volkmar-the-grimon-the-war-altar-of-sigmar\/"},"modified":"2017-08-01T17:57:43","modified_gmt":"2017-08-01T15:57:43","slug":"volkmar-the-grimon-the-war-altar-of-sigmar","status":"publish","type":"product","link":"https:\/\/endormoonstore.com\/en\/volkmar-the-grimon-the-war-altar-of-sigmar\/","title":{"rendered":"Volkmar the Grimon the War Altar of Sigmar"},"content":{"rendered":"<p><span><span><span>Volkmar el Sombr&iacute;o, Gran Teogonista del culto de Sigmar es el l&iacute;der religioso m&aacute;s poderoso de todo el Imperio, uno de los aliados de mayor confianza de Karl Franz y un sabio consejero. Totalmente devoto a la destrucci&oacute;n del Caos en todas sus formas, es consciente de que el Caos no puede ser derrotado solamente a base de la fuerza de las armas, y est&aacute; convencido de que la respuesta se halla enterrada en las profundidades de los archivos del Imperio, entre pergaminos y escrituras sagradas. No obstante, cuando Volkmar el Sombr&iacute;o va a la guerra, suele hacerlo a bordo del resplandeciente Altar de guerra de Sigmar, inspirando a los soldados que le rodean a asumir actos de gran hero&iacute;smo.<\/span><\/p>\n<p><span>Contar con la presencia de Volkmar el Sombr&iacute;o en tu ej&eacute;rcito te permitir&aacute; usar la inspiraci&oacute;n divina de Sigmar para abatir a tus enemigos. Volkmar puede hacer que tus unidades luchen con fuerzas aumentadas, y que sean m&aacute;s resistentes ante los ataques enemigos. Sus objetos m&aacute;gicos le otorgan m&aacute;s fuerza y poderes regenerativos, redoblando su devoci&oacute;n por la causa de destruir a tus enemigos.<\/span><\/p>\n<p><span>Esta caja de pl&aacute;stico multicomponente contiene 74 componentes con los que montar a Volkmar el Sombr&iacute;o en el Altar de guerra de Sigmar. Tambi&eacute;n puede montarse como Archilector en el Altar de guerra de Sigmar. Este kit se presenta con una peana de monstruo de 50x100mm y una peana cuadrada de 20mm por si quieres montar al Archilector a pie. Esta miniatura se suministra sin montar ni pintar. Aconsejamos el uso del pegamento para pl&aacute;stico Citadel y las Pinturas Citadel.<\/span><\/span><\/span><\/p>\n<p>EAN:<span>5011921030583<\/span><span><br \/><\/span><span><\/span><\/p>\n<p>MPM:&nbsp;<span>GW86-24<\/span><\/p>\n","protected":false},"excerpt":{"rendered":"<p>Volkmar el Sombr\u00edo, Gran Teogonista del culto de Sigmar es el l\u00edder religioso m\u00e1s poderoso de todo el Imperio, uno de los aliados de mayor confianza de Karl Franz y un sabio consejero. Totalmente devoto a la destrucci\u00f3n del Caos en todas sus formas, es consciente de que el Caos no puede ser derrotado solamente a base de la fuerza de las armas, y est\u00e1 convencido de que la respuesta se halla enterrada en las profundidades de los archivos del Imperio, entre pergaminos y escrituras sagradas. No obstante, cuando Volkmar el Sombr\u00edo va a la guerra, suele hacerlo a bordo del resplandeciente Altar de guerra de Sigmar, inspirando a los soldados que le rodean a asumir actos de gran hero\u00edsmo.<\/p>\n","protected":false},"featured_media":58196,"template":"","meta":{"_acf_changed":false,"_kad_blocks_custom_css":"","_kad_blocks_head_custom_js":"","_kad_blocks_body_custom_js":"","_kad_blocks_footer_custom_js":""},"product_cat":[13751],"product_tag":[],"class_list":{"0":"post-58200","1":"product","2":"type-product","3":"status-publish","4":"has-post-thumbnail","6":"product_cat-no-categorized","8":"first","9":"outofstock","10":"taxable","11":"shipping-taxable","12":"purchasable","13":"product-type-simple"},"acf":[],"yoast_head":"<!-- This site is optimized with the Yoast SEO plugin v26.1.1 - https:\/\/yoast.com\/wordpress\/plugins\/seo\/ -->\n<title>Volkmar the Grimon the War Altar of Sigmar - EndormoonStore<\/title>\n<meta name=\"robots\" content=\"index, follow, max-snippet:-1, max-image-preview:large, max-video-preview:-1\" \/>\n<link rel=\"canonical\" href=\"https:\/\/endormoonstore.com\/en\/volkmar-the-grimon-the-war-altar-of-sigmar\/\" \/>\n<meta property=\"og:locale\" content=\"en_US\" \/>\n<meta property=\"og:type\" content=\"article\" \/>\n<meta property=\"og:title\" content=\"Volkmar the Grimon the War Altar of Sigmar - EndormoonStore\" \/>\n<meta property=\"og:description\" content=\"Volkmar el Sombr\u00edo, Gran Teogonista del culto de Sigmar es el l\u00edder religioso m\u00e1s poderoso de todo el Imperio, uno de los aliados de mayor confianza de Karl Franz y un sabio consejero. Totalmente devoto a la destrucci\u00f3n del Caos en todas sus formas, es consciente de que el Caos no puede ser derrotado solamente a base de la fuerza de las armas, y est\u00e1 convencido de que la respuesta se halla enterrada en las profundidades de los archivos del Imperio, entre pergaminos y escrituras sagradas. No obstante, cuando Volkmar el Sombr\u00edo va a la guerra, suele hacerlo a bordo del resplandeciente Altar de guerra de Sigmar, inspirando a los soldados que le rodean a asumir actos de gran hero\u00edsmo.\" \/>\n<meta property=\"og:url\" content=\"https:\/\/endormoonstore.com\/en\/volkmar-the-grimon-the-war-altar-of-sigmar\/\" \/>\n<meta property=\"og:site_name\" content=\"EndormoonStore\" \/>\n<meta property=\"og:image\" content=\"https:\/\/endormoonstore.com\/wp-content\/uploads\/2017\/08\/volkmar_the_grimon_the_war_altar_of_sigmar-1.jpg\" \/>\n\t<meta property=\"og:image:width\" content=\"600\" \/>\n\t<meta property=\"og:image:height\" content=\"620\" \/>\n\t<meta property=\"og:image:type\" content=\"image\/jpeg\" \/>\n<meta name=\"twitter:card\" content=\"summary_large_image\" \/>\n<meta name=\"twitter:label1\" content=\"Est. reading time\" \/>\n\t<meta name=\"twitter:data1\" content=\"2 minutes\" \/>\n<script type=\"application\/ld+json\" class=\"yoast-schema-graph\">{\"@context\":\"https:\/\/schema.org\",\"@graph\":[{\"@type\":\"WebPage\",\"@id\":\"https:\/\/endormoonstore.com\/en\/volkmar-the-grimon-the-war-altar-of-sigmar\/\",\"url\":\"https:\/\/endormoonstore.com\/en\/volkmar-the-grimon-the-war-altar-of-sigmar\/\",\"name\":\"Volkmar the Grimon the War Altar of Sigmar - EndormoonStore\",\"isPartOf\":{\"@id\":\"https:\/\/endormoonstore.com\/#website\"},\"primaryImageOfPage\":{\"@id\":\"https:\/\/endormoonstore.com\/en\/volkmar-the-grimon-the-war-altar-of-sigmar\/#primaryimage\"},\"image\":{\"@id\":\"https:\/\/endormoonstore.com\/en\/volkmar-the-grimon-the-war-altar-of-sigmar\/#primaryimage\"},\"thumbnailUrl\":\"https:\/\/endormoonstore.com\/wp-content\/uploads\/2017\/08\/volkmar_the_grimon_the_war_altar_of_sigmar-1.jpg\",\"datePublished\":\"2017-08-01T15:57:43+00:00\",\"breadcrumb\":{\"@id\":\"https:\/\/endormoonstore.com\/en\/volkmar-the-grimon-the-war-altar-of-sigmar\/#breadcrumb\"},\"inLanguage\":\"en-US\",\"potentialAction\":[{\"@type\":\"ReadAction\",\"target\":[\"https:\/\/endormoonstore.com\/en\/volkmar-the-grimon-the-war-altar-of-sigmar\/\"]}]},{\"@type\":\"ImageObject\",\"inLanguage\":\"en-US\",\"@id\":\"https:\/\/endormoonstore.com\/en\/volkmar-the-grimon-the-war-altar-of-sigmar\/#primaryimage\",\"url\":\"https:\/\/endormoonstore.com\/wp-content\/uploads\/2017\/08\/volkmar_the_grimon_the_war_altar_of_sigmar-1.jpg\",\"contentUrl\":\"https:\/\/endormoonstore.com\/wp-content\/uploads\/2017\/08\/volkmar_the_grimon_the_war_altar_of_sigmar-1.jpg\",\"width\":600,\"height\":620,\"caption\":\"Volkmar the Grimon the War Altar of Sigmar-0\"},{\"@type\":\"BreadcrumbList\",\"@id\":\"https:\/\/endormoonstore.com\/en\/volkmar-the-grimon-the-war-altar-of-sigmar\/#breadcrumb\",\"itemListElement\":[{\"@type\":\"ListItem\",\"position\":1,\"name\":\"Shop\",\"item\":\"https:\/\/endormoonstore.com\/en\/shop\/\"},{\"@type\":\"ListItem\",\"position\":2,\"name\":\"Volkmar the Grimon the War Altar of Sigmar\"}]},{\"@type\":\"WebSite\",\"@id\":\"https:\/\/endormoonstore.com\/#website\",\"url\":\"https:\/\/endormoonstore.com\/\",\"name\":\"EndormoonStore\",\"description\":\"\",\"potentialAction\":[{\"@type\":\"SearchAction\",\"target\":{\"@type\":\"EntryPoint\",\"urlTemplate\":\"https:\/\/endormoonstore.com\/?s={search_term_string}\"},\"query-input\":{\"@type\":\"PropertyValueSpecification\",\"valueRequired\":true,\"valueName\":\"search_term_string\"}}],\"inLanguage\":\"en-US\"}]}<\/script>\n<!-- \/ Yoast SEO plugin. -->","yoast_head_json":{"title":"Volkmar the Grimon the War Altar of Sigmar - EndormoonStore","robots":{"index":"index","follow":"follow","max-snippet":"max-snippet:-1","max-image-preview":"max-image-preview:large","max-video-preview":"max-video-preview:-1"},"canonical":"https:\/\/endormoonstore.com\/en\/volkmar-the-grimon-the-war-altar-of-sigmar\/","og_locale":"en_US","og_type":"article","og_title":"Volkmar the Grimon the War Altar of Sigmar - EndormoonStore","og_description":"Volkmar el Sombr\u00edo, Gran Teogonista del culto de Sigmar es el l\u00edder religioso m\u00e1s poderoso de todo el Imperio, uno de los aliados de mayor confianza de Karl Franz y un sabio consejero. Totalmente devoto a la destrucci\u00f3n del Caos en todas sus formas, es consciente de que el Caos no puede ser derrotado solamente a base de la fuerza de las armas, y est\u00e1 convencido de que la respuesta se halla enterrada en las profundidades de los archivos del Imperio, entre pergaminos y escrituras sagradas. No obstante, cuando Volkmar el Sombr\u00edo va a la guerra, suele hacerlo a bordo del resplandeciente Altar de guerra de Sigmar, inspirando a los soldados que le rodean a asumir actos de gran hero\u00edsmo.","og_url":"https:\/\/endormoonstore.com\/en\/volkmar-the-grimon-the-war-altar-of-sigmar\/","og_site_name":"EndormoonStore","og_image":[{"width":600,"height":620,"url":"https:\/\/endormoonstore.com\/wp-content\/uploads\/2017\/08\/volkmar_the_grimon_the_war_altar_of_sigmar-1.jpg","type":"image\/jpeg"}],"twitter_card":"summary_large_image","twitter_misc":{"Est. reading time":"2 minutes"},"schema":{"@context":"https:\/\/schema.org","@graph":[{"@type":"WebPage","@id":"https:\/\/endormoonstore.com\/en\/volkmar-the-grimon-the-war-altar-of-sigmar\/","url":"https:\/\/endormoonstore.com\/en\/volkmar-the-grimon-the-war-altar-of-sigmar\/","name":"Volkmar the Grimon the War Altar of Sigmar - EndormoonStore","isPartOf":{"@id":"https:\/\/endormoonstore.com\/#website"},"primaryImageOfPage":{"@id":"https:\/\/endormoonstore.com\/en\/volkmar-the-grimon-the-war-altar-of-sigmar\/#primaryimage"},"image":{"@id":"https:\/\/endormoonstore.com\/en\/volkmar-the-grimon-the-war-altar-of-sigmar\/#primaryimage"},"thumbnailUrl":"https:\/\/endormoonstore.com\/wp-content\/uploads\/2017\/08\/volkmar_the_grimon_the_war_altar_of_sigmar-1.jpg","datePublished":"2017-08-01T15:57:43+00:00","breadcrumb":{"@id":"https:\/\/endormoonstore.com\/en\/volkmar-the-grimon-the-war-altar-of-sigmar\/#breadcrumb"},"inLanguage":"en-US","potentialAction":[{"@type":"ReadAction","target":["https:\/\/endormoonstore.com\/en\/volkmar-the-grimon-the-war-altar-of-sigmar\/"]}]},{"@type":"ImageObject","inLanguage":"en-US","@id":"https:\/\/endormoonstore.com\/en\/volkmar-the-grimon-the-war-altar-of-sigmar\/#primaryimage","url":"https:\/\/endormoonstore.com\/wp-content\/uploads\/2017\/08\/volkmar_the_grimon_the_war_altar_of_sigmar-1.jpg","contentUrl":"https:\/\/endormoonstore.com\/wp-content\/uploads\/2017\/08\/volkmar_the_grimon_the_war_altar_of_sigmar-1.jpg","width":600,"height":620,"caption":"Volkmar the Grimon the War Altar of Sigmar-0"},{"@type":"BreadcrumbList","@id":"https:\/\/endormoonstore.com\/en\/volkmar-the-grimon-the-war-altar-of-sigmar\/#breadcrumb","itemListElement":[{"@type":"ListItem","position":1,"name":"Shop","item":"https:\/\/endormoonstore.com\/en\/shop\/"},{"@type":"ListItem","position":2,"name":"Volkmar the Grimon the War Altar of Sigmar"}]},{"@type":"WebSite","@id":"https:\/\/endormoonstore.com\/#website","url":"https:\/\/endormoonstore.com\/","name":"EndormoonStore","description":"","potentialAction":[{"@type":"SearchAction","target":{"@type":"EntryPoint","urlTemplate":"https:\/\/endormoonstore.com\/?s={search_term_string}"},"query-input":{"@type":"PropertyValueSpecification","valueRequired":true,"valueName":"search_term_string"}}],"inLanguage":"en-US"}]}},"taxonomy_info":{"product_cat":[{"value":13751,"label":"No categorized"}]},"featured_image_src_large":["https:\/\/endormoonstore.com\/wp-content\/uploads\/2017\/08\/volkmar_the_grimon_the_war_altar_of_sigmar-1.jpg",600,620,false],"author_info":[],"comment_info":"","_links":{"self":[{"href":"https:\/\/endormoonstore.com\/en\/wp-json\/wp\/v2\/product\/58200","targetHints":{"allow":["GET"]}}],"collection":[{"href":"https:\/\/endormoonstore.com\/en\/wp-json\/wp\/v2\/product"}],"about":[{"href":"https:\/\/endormoonstore.com\/en\/wp-json\/wp\/v2\/types\/product"}],"wp:featuredmedia":[{"embeddable":true,"href":"https:\/\/endormoonstore.com\/en\/wp-json\/wp\/v2\/media\/58196"}],"wp:attachment":[{"href":"https:\/\/endormoonstore.com\/en\/wp-json\/wp\/v2\/media?parent=58200"}],"wp:term":[{"taxonomy":"product_cat","embeddable":true,"href":"https:\/\/endormoonstore.com\/en\/wp-json\/wp\/v2\/product_cat?post=58200"},{"taxonomy":"product_tag","embeddable":true,"href":"https:\/\/endormoonstore.com\/en\/wp-json\/wp\/v2\/product_tag?post=58200"}],"curies":[{"name":"wp","href":"https:\/\/api.w.org\/{rel}","templated":true}]}}