{"id":58190,"date":"2017-08-01T17:42:29","date_gmt":"2017-08-01T15:42:29","guid":{"rendered":"https:\/\/endormoonstore.com\/warhammer-age-of-sigmar-baleful-realmgates-7\/"},"modified":"2017-08-01T17:42:29","modified_gmt":"2017-08-01T15:42:29","slug":"warhammer-age-of-sigmar-baleful-realmgates-7","status":"publish","type":"product","link":"https:\/\/endormoonstore.com\/en\/warhammer-age-of-sigmar-baleful-realmgates-7\/","title":{"rendered":"Tzeentch Arcanites Ogroid Thaumaturge"},"content":{"rendered":"<p><span><span>Poco se sabe en realidad acerca de los Ogroid Thaumaturges, aparte de su temible arrojo en combate. La energ&iacute;a arcana les surca la piel debido a la ira, y sellos sobrenaturales que le recorren la musculatura. Surgen llamaradas multicolor de Tzeentch a medida que desgarran al enemigo con las manos, proporcion&aacute;ndoles la fuerza necesaria para burlar incluso la armadura de sigmarite con su formidable cornamenta. Lo m&aacute;s perturbador es que estas criaturas no son simples brutos, sino que est&aacute;n pose&iacute;das por una incre&iacute;ble capacidad m&aacute;gica, como demuestran al arrojar pura energ&iacute;a &iacute;gnea al enemigo.<\/span><\/p>\n<p><span>Este kit de pl&aacute;stico multicomponente contiene las 16 piezas necesarias para montar un imponente Ogroid Thaumaturge. De pie, doblando casi la altura de un Kairic Acolyte, y cubierto de sellos, es una miniatura que puede pintarse f&aacute;cilmente para representar la incre&iacute;ble energ&iacute;a que contiene. Est&aacute; armado con un b&aacute;culo, y a trav&eacute;s de la cornamenta expulsa llamaradas m&aacute;gicas.<\/span><\/p>\n<p><span>Este kit incluye una peana redonda de 50mm.<\/span><\/span><\/p>\n<p>EAN:<span>5011921077397<\/span><span><\/span><\/p>\n<p>MPM:&nbsp;<span>GW83-77<\/span><\/p>\n","protected":false},"excerpt":{"rendered":"<p>Poco se sabe en realidad acerca de los Ogroid Thaumaturges, aparte de su temible arrojo en combate. La energ\u00eda arcana les surca la piel debido a la ira, y sellos sobrenaturales que le recorren la musculatura. Surgen llamaradas multicolor de Tzeentch a medida que desgarran al enemigo con las manos, proporcion\u00e1ndoles la fuerza necesaria para burlar incluso la armadura de sigmarite con su formidable cornamenta. Lo m\u00e1s perturbador es que estas criaturas no son simples brutos, sino que est\u00e1n pose\u00eddas por una incre\u00edble capacidad m\u00e1gica, como demuestran al arrojar pura energ\u00eda \u00edgnea al enemigo.<\/p>\n","protected":false},"featured_media":58186,"template":"","meta":{"_acf_changed":false,"_kad_blocks_custom_css":"","_kad_blocks_head_custom_js":"","_kad_blocks_body_custom_js":"","_kad_blocks_footer_custom_js":""},"product_cat":[14150],"product_tag":[],"class_list":{"0":"post-58190","1":"product","2":"type-product","3":"status-publish","4":"has-post-thumbnail","6":"product_cat-sin-categorizar","8":"first","9":"outofstock","10":"taxable","11":"shipping-taxable","12":"purchasable","13":"product-type-simple"},"acf":[],"yoast_head":"<!-- This site is optimized with the Yoast SEO plugin v26.1.1 - https:\/\/yoast.com\/wordpress\/plugins\/seo\/ -->\n<title>Tzeentch Arcanites Ogroid Thaumaturge - EndormoonStore<\/title>\n<meta name=\"robots\" content=\"index, follow, max-snippet:-1, max-image-preview:large, max-video-preview:-1\" \/>\n<link rel=\"canonical\" href=\"https:\/\/endormoonstore.com\/en\/warhammer-age-of-sigmar-baleful-realmgates-7\/\" \/>\n<meta property=\"og:locale\" content=\"en_US\" \/>\n<meta property=\"og:type\" content=\"article\" \/>\n<meta property=\"og:title\" content=\"Tzeentch Arcanites Ogroid Thaumaturge - EndormoonStore\" \/>\n<meta property=\"og:description\" content=\"Poco se sabe en realidad acerca de los Ogroid Thaumaturges, aparte de su temible arrojo en combate. La energ\u00eda arcana les surca la piel debido a la ira, y sellos sobrenaturales que le recorren la musculatura. Surgen llamaradas multicolor de Tzeentch a medida que desgarran al enemigo con las manos, proporcion\u00e1ndoles la fuerza necesaria para burlar incluso la armadura de sigmarite con su formidable cornamenta. Lo m\u00e1s perturbador es que estas criaturas no son simples brutos, sino que est\u00e1n pose\u00eddas por una incre\u00edble capacidad m\u00e1gica, como demuestran al arrojar pura energ\u00eda \u00edgnea al enemigo.\" \/>\n<meta property=\"og:url\" content=\"https:\/\/endormoonstore.com\/en\/warhammer-age-of-sigmar-baleful-realmgates-7\/\" \/>\n<meta property=\"og:site_name\" content=\"EndormoonStore\" \/>\n<meta property=\"og:image\" content=\"https:\/\/endormoonstore.com\/wp-content\/uploads\/2017\/08\/tzeentch_arcanites_ogroid_thaumaturge.jpg\" \/>\n\t<meta property=\"og:image:width\" content=\"600\" \/>\n\t<meta property=\"og:image:height\" content=\"620\" \/>\n\t<meta property=\"og:image:type\" content=\"image\/jpeg\" \/>\n<meta name=\"twitter:card\" content=\"summary_large_image\" \/>\n<meta name=\"twitter:label1\" content=\"Est. reading time\" \/>\n\t<meta name=\"twitter:data1\" content=\"1 minute\" \/>\n<script type=\"application\/ld+json\" class=\"yoast-schema-graph\">{\"@context\":\"https:\/\/schema.org\",\"@graph\":[{\"@type\":\"WebPage\",\"@id\":\"https:\/\/endormoonstore.com\/en\/warhammer-age-of-sigmar-baleful-realmgates-7\/\",\"url\":\"https:\/\/endormoonstore.com\/en\/warhammer-age-of-sigmar-baleful-realmgates-7\/\",\"name\":\"Tzeentch Arcanites Ogroid Thaumaturge - EndormoonStore\",\"isPartOf\":{\"@id\":\"https:\/\/endormoonstore.com\/#website\"},\"primaryImageOfPage\":{\"@id\":\"https:\/\/endormoonstore.com\/en\/warhammer-age-of-sigmar-baleful-realmgates-7\/#primaryimage\"},\"image\":{\"@id\":\"https:\/\/endormoonstore.com\/en\/warhammer-age-of-sigmar-baleful-realmgates-7\/#primaryimage\"},\"thumbnailUrl\":\"https:\/\/endormoonstore.com\/wp-content\/uploads\/2017\/08\/tzeentch_arcanites_ogroid_thaumaturge.jpg\",\"datePublished\":\"2017-08-01T15:42:29+00:00\",\"breadcrumb\":{\"@id\":\"https:\/\/endormoonstore.com\/en\/warhammer-age-of-sigmar-baleful-realmgates-7\/#breadcrumb\"},\"inLanguage\":\"en-US\",\"potentialAction\":[{\"@type\":\"ReadAction\",\"target\":[\"https:\/\/endormoonstore.com\/en\/warhammer-age-of-sigmar-baleful-realmgates-7\/\"]}]},{\"@type\":\"ImageObject\",\"inLanguage\":\"en-US\",\"@id\":\"https:\/\/endormoonstore.com\/en\/warhammer-age-of-sigmar-baleful-realmgates-7\/#primaryimage\",\"url\":\"https:\/\/endormoonstore.com\/wp-content\/uploads\/2017\/08\/tzeentch_arcanites_ogroid_thaumaturge.jpg\",\"contentUrl\":\"https:\/\/endormoonstore.com\/wp-content\/uploads\/2017\/08\/tzeentch_arcanites_ogroid_thaumaturge.jpg\",\"width\":600,\"height\":620},{\"@type\":\"BreadcrumbList\",\"@id\":\"https:\/\/endormoonstore.com\/en\/warhammer-age-of-sigmar-baleful-realmgates-7\/#breadcrumb\",\"itemListElement\":[{\"@type\":\"ListItem\",\"position\":1,\"name\":\"Shop\",\"item\":\"https:\/\/endormoonstore.com\/en\/shop\/\"},{\"@type\":\"ListItem\",\"position\":2,\"name\":\"Tzeentch Arcanites Ogroid Thaumaturge\"}]},{\"@type\":\"WebSite\",\"@id\":\"https:\/\/endormoonstore.com\/#website\",\"url\":\"https:\/\/endormoonstore.com\/\",\"name\":\"EndormoonStore\",\"description\":\"\",\"potentialAction\":[{\"@type\":\"SearchAction\",\"target\":{\"@type\":\"EntryPoint\",\"urlTemplate\":\"https:\/\/endormoonstore.com\/?s={search_term_string}\"},\"query-input\":{\"@type\":\"PropertyValueSpecification\",\"valueRequired\":true,\"valueName\":\"search_term_string\"}}],\"inLanguage\":\"en-US\"}]}<\/script>\n<!-- \/ Yoast SEO plugin. -->","yoast_head_json":{"title":"Tzeentch Arcanites Ogroid Thaumaturge - EndormoonStore","robots":{"index":"index","follow":"follow","max-snippet":"max-snippet:-1","max-image-preview":"max-image-preview:large","max-video-preview":"max-video-preview:-1"},"canonical":"https:\/\/endormoonstore.com\/en\/warhammer-age-of-sigmar-baleful-realmgates-7\/","og_locale":"en_US","og_type":"article","og_title":"Tzeentch Arcanites Ogroid Thaumaturge - EndormoonStore","og_description":"Poco se sabe en realidad acerca de los Ogroid Thaumaturges, aparte de su temible arrojo en combate. La energ\u00eda arcana les surca la piel debido a la ira, y sellos sobrenaturales que le recorren la musculatura. Surgen llamaradas multicolor de Tzeentch a medida que desgarran al enemigo con las manos, proporcion\u00e1ndoles la fuerza necesaria para burlar incluso la armadura de sigmarite con su formidable cornamenta. Lo m\u00e1s perturbador es que estas criaturas no son simples brutos, sino que est\u00e1n pose\u00eddas por una incre\u00edble capacidad m\u00e1gica, como demuestran al arrojar pura energ\u00eda \u00edgnea al enemigo.","og_url":"https:\/\/endormoonstore.com\/en\/warhammer-age-of-sigmar-baleful-realmgates-7\/","og_site_name":"EndormoonStore","og_image":[{"width":600,"height":620,"url":"https:\/\/endormoonstore.com\/wp-content\/uploads\/2017\/08\/tzeentch_arcanites_ogroid_thaumaturge.jpg","type":"image\/jpeg"}],"twitter_card":"summary_large_image","twitter_misc":{"Est. reading time":"1 minute"},"schema":{"@context":"https:\/\/schema.org","@graph":[{"@type":"WebPage","@id":"https:\/\/endormoonstore.com\/en\/warhammer-age-of-sigmar-baleful-realmgates-7\/","url":"https:\/\/endormoonstore.com\/en\/warhammer-age-of-sigmar-baleful-realmgates-7\/","name":"Tzeentch Arcanites Ogroid Thaumaturge - EndormoonStore","isPartOf":{"@id":"https:\/\/endormoonstore.com\/#website"},"primaryImageOfPage":{"@id":"https:\/\/endormoonstore.com\/en\/warhammer-age-of-sigmar-baleful-realmgates-7\/#primaryimage"},"image":{"@id":"https:\/\/endormoonstore.com\/en\/warhammer-age-of-sigmar-baleful-realmgates-7\/#primaryimage"},"thumbnailUrl":"https:\/\/endormoonstore.com\/wp-content\/uploads\/2017\/08\/tzeentch_arcanites_ogroid_thaumaturge.jpg","datePublished":"2017-08-01T15:42:29+00:00","breadcrumb":{"@id":"https:\/\/endormoonstore.com\/en\/warhammer-age-of-sigmar-baleful-realmgates-7\/#breadcrumb"},"inLanguage":"en-US","potentialAction":[{"@type":"ReadAction","target":["https:\/\/endormoonstore.com\/en\/warhammer-age-of-sigmar-baleful-realmgates-7\/"]}]},{"@type":"ImageObject","inLanguage":"en-US","@id":"https:\/\/endormoonstore.com\/en\/warhammer-age-of-sigmar-baleful-realmgates-7\/#primaryimage","url":"https:\/\/endormoonstore.com\/wp-content\/uploads\/2017\/08\/tzeentch_arcanites_ogroid_thaumaturge.jpg","contentUrl":"https:\/\/endormoonstore.com\/wp-content\/uploads\/2017\/08\/tzeentch_arcanites_ogroid_thaumaturge.jpg","width":600,"height":620},{"@type":"BreadcrumbList","@id":"https:\/\/endormoonstore.com\/en\/warhammer-age-of-sigmar-baleful-realmgates-7\/#breadcrumb","itemListElement":[{"@type":"ListItem","position":1,"name":"Shop","item":"https:\/\/endormoonstore.com\/en\/shop\/"},{"@type":"ListItem","position":2,"name":"Tzeentch Arcanites Ogroid Thaumaturge"}]},{"@type":"WebSite","@id":"https:\/\/endormoonstore.com\/#website","url":"https:\/\/endormoonstore.com\/","name":"EndormoonStore","description":"","potentialAction":[{"@type":"SearchAction","target":{"@type":"EntryPoint","urlTemplate":"https:\/\/endormoonstore.com\/?s={search_term_string}"},"query-input":{"@type":"PropertyValueSpecification","valueRequired":true,"valueName":"search_term_string"}}],"inLanguage":"en-US"}]}},"taxonomy_info":{"product_cat":[{"value":14150,"label":"Sin categorizar"}]},"featured_image_src_large":["https:\/\/endormoonstore.com\/wp-content\/uploads\/2017\/08\/tzeentch_arcanites_ogroid_thaumaturge.jpg",600,620,false],"author_info":[],"comment_info":"","_links":{"self":[{"href":"https:\/\/endormoonstore.com\/en\/wp-json\/wp\/v2\/product\/58190","targetHints":{"allow":["GET"]}}],"collection":[{"href":"https:\/\/endormoonstore.com\/en\/wp-json\/wp\/v2\/product"}],"about":[{"href":"https:\/\/endormoonstore.com\/en\/wp-json\/wp\/v2\/types\/product"}],"wp:featuredmedia":[{"embeddable":true,"href":"https:\/\/endormoonstore.com\/en\/wp-json\/wp\/v2\/media\/58186"}],"wp:attachment":[{"href":"https:\/\/endormoonstore.com\/en\/wp-json\/wp\/v2\/media?parent=58190"}],"wp:term":[{"taxonomy":"product_cat","embeddable":true,"href":"https:\/\/endormoonstore.com\/en\/wp-json\/wp\/v2\/product_cat?post=58190"},{"taxonomy":"product_tag","embeddable":true,"href":"https:\/\/endormoonstore.com\/en\/wp-json\/wp\/v2\/product_tag?post=58190"}],"curies":[{"name":"wp","href":"https:\/\/api.w.org\/{rel}","templated":true}]}}