{"id":58184,"date":"2017-08-01T17:37:19","date_gmt":"2017-08-01T15:37:19","guid":{"rendered":"https:\/\/endormoonstore.com\/warhammer-age-of-sigmar-baleful-realmgates-6\/"},"modified":"2024-08-07T18:48:36","modified_gmt":"2024-08-07T16:48:36","slug":"warhammer-age-of-sigmar-baleful-realmgates-6","status":"publish","type":"product","link":"https:\/\/endormoonstore.com\/en\/warhammer-age-of-sigmar-baleful-realmgates-6\/","title":{"rendered":"Stormcast Eternals Vanguard-Palladors"},"content":{"rendered":"<p><span>Los Vanguard-Palladors de las Vanguard Chambers son sin duda los m&aacute;s veloces entre las Stormhosts. Transmutados en rayo a lomos de sus Gryph-chargers, cabalgan el hurac&aacute;n celestial para rodear las defensas enemigas y entonces recuperan sus forma corp&oacute;rea y golpean al enemigo con virotes, javalinas, hachas y garras.<\/span><\/p>\n<p><span>Este kit multicomponente de pl&aacute;stico contiene las piezas necesarias para montar 3 Vanguard-Palladors a lomos de Gryph-chargers y armados con pistolas rayotormentoso adem&aacute;s de o bien hachas de mano de choque o jabalinas golpestelar. Vienen con 3 cabezas con yelmo que puedes rematar con penachos o crestas, seg&uacute;n lo que prefieras.<\/span><\/p>\n<p><span>Incluyen 3 pistolas rayotormentoso para colgar de las sillas de los Gryph-chargers y 1 hacha de mano de choque para colocar en el cinto de uno de los Vanguard-Pallador. Se incluyen muchos m&aacute;s detalles para decorar las sillas: 3 canchos, 3 cantimploras, 3 esterillas y el cr&aacute;neo de una criatura no identificada cuya muerte fue lo suficientemente importante como para conmemorarla<\/span><\/p>\n<p><span>Una miniatura puede ser montada como el l&iacute;der de la unidad, el Pallador-Prime. Este lleva una espada lunar al cinto adedm&aacute;s del resto de armas y tiene sus propias hombreras, con el icono del oso. Dispone de una cabeza descubierta para sustituir el yelmo de Stormcast Eternal.<\/span><\/p>\n<p><span>Se incluye una hoja de calcoman&iacute;as de los Stormcast Eternals y 3 peanas Citadel ovaladas de 75x42mm.<\/span><\/p>\n<p>EAN:<span>5011921082933<\/span><span><\/span><\/p>\n<p>MPM:&nbsp;<span>GW96-29<\/span><\/p>\n","protected":false},"excerpt":{"rendered":"<p>Los Vanguard-Palladors de las Vanguard Chambers son sin duda los m\u00e1s veloces entre las Stormhosts. Transmutados en rayo a lomos de sus Gryph-chargers, cabalgan el hurac\u00e1n celestial para rodear las defensas enemigas y entonces recuperan sus forma corp\u00f3rea y golpean al enemigo con virotes, javalinas, hachas y garras.<\/p>\n","protected":false},"featured_media":58180,"template":"","meta":{"_acf_changed":false,"_kad_blocks_custom_css":"","_kad_blocks_head_custom_js":"","_kad_blocks_body_custom_js":"","_kad_blocks_footer_custom_js":""},"product_cat":[14150],"product_tag":[],"class_list":{"0":"post-58184","1":"product","2":"type-product","3":"status-publish","4":"has-post-thumbnail","6":"product_cat-sin-categorizar","8":"first","9":"outofstock","10":"taxable","11":"shipping-taxable","12":"purchasable","13":"product-type-simple"},"acf":[],"yoast_head":"<!-- This site is optimized with the Yoast SEO plugin v26.1.1 - https:\/\/yoast.com\/wordpress\/plugins\/seo\/ -->\n<title>Stormcast Eternals Vanguard-Palladors - EndormoonStore<\/title>\n<meta name=\"robots\" content=\"index, follow, max-snippet:-1, max-image-preview:large, max-video-preview:-1\" \/>\n<link rel=\"canonical\" href=\"https:\/\/endormoonstore.com\/en\/warhammer-age-of-sigmar-baleful-realmgates-6\/\" \/>\n<meta property=\"og:locale\" content=\"en_US\" \/>\n<meta property=\"og:type\" content=\"article\" \/>\n<meta property=\"og:title\" content=\"Stormcast Eternals Vanguard-Palladors - EndormoonStore\" \/>\n<meta property=\"og:description\" content=\"Los Vanguard-Palladors de las Vanguard Chambers son sin duda los m\u00e1s veloces entre las Stormhosts. Transmutados en rayo a lomos de sus Gryph-chargers, cabalgan el hurac\u00e1n celestial para rodear las defensas enemigas y entonces recuperan sus forma corp\u00f3rea y golpean al enemigo con virotes, javalinas, hachas y garras.\" \/>\n<meta property=\"og:url\" content=\"https:\/\/endormoonstore.com\/en\/warhammer-age-of-sigmar-baleful-realmgates-6\/\" \/>\n<meta property=\"og:site_name\" content=\"EndormoonStore\" \/>\n<meta property=\"article:modified_time\" content=\"2024-08-07T16:48:36+00:00\" \/>\n<meta property=\"og:image\" content=\"https:\/\/endormoonstore.com\/wp-content\/uploads\/2017\/08\/stormcast_eternals_vanguard-palladors.jpg\" \/>\n\t<meta property=\"og:image:width\" content=\"600\" \/>\n\t<meta property=\"og:image:height\" content=\"620\" \/>\n\t<meta property=\"og:image:type\" content=\"image\/jpeg\" \/>\n<meta name=\"twitter:card\" content=\"summary_large_image\" \/>\n<meta name=\"twitter:label1\" content=\"Est. reading time\" \/>\n\t<meta name=\"twitter:data1\" content=\"1 minute\" \/>\n<script type=\"application\/ld+json\" class=\"yoast-schema-graph\">{\"@context\":\"https:\/\/schema.org\",\"@graph\":[{\"@type\":\"WebPage\",\"@id\":\"https:\/\/endormoonstore.com\/en\/warhammer-age-of-sigmar-baleful-realmgates-6\/\",\"url\":\"https:\/\/endormoonstore.com\/en\/warhammer-age-of-sigmar-baleful-realmgates-6\/\",\"name\":\"Stormcast Eternals Vanguard-Palladors - EndormoonStore\",\"isPartOf\":{\"@id\":\"https:\/\/endormoonstore.com\/#website\"},\"primaryImageOfPage\":{\"@id\":\"https:\/\/endormoonstore.com\/en\/warhammer-age-of-sigmar-baleful-realmgates-6\/#primaryimage\"},\"image\":{\"@id\":\"https:\/\/endormoonstore.com\/en\/warhammer-age-of-sigmar-baleful-realmgates-6\/#primaryimage\"},\"thumbnailUrl\":\"https:\/\/endormoonstore.com\/wp-content\/uploads\/2017\/08\/stormcast_eternals_vanguard-palladors.jpg\",\"datePublished\":\"2017-08-01T15:37:19+00:00\",\"dateModified\":\"2024-08-07T16:48:36+00:00\",\"breadcrumb\":{\"@id\":\"https:\/\/endormoonstore.com\/en\/warhammer-age-of-sigmar-baleful-realmgates-6\/#breadcrumb\"},\"inLanguage\":\"en-US\",\"potentialAction\":[{\"@type\":\"ReadAction\",\"target\":[\"https:\/\/endormoonstore.com\/en\/warhammer-age-of-sigmar-baleful-realmgates-6\/\"]}]},{\"@type\":\"ImageObject\",\"inLanguage\":\"en-US\",\"@id\":\"https:\/\/endormoonstore.com\/en\/warhammer-age-of-sigmar-baleful-realmgates-6\/#primaryimage\",\"url\":\"https:\/\/endormoonstore.com\/wp-content\/uploads\/2017\/08\/stormcast_eternals_vanguard-palladors.jpg\",\"contentUrl\":\"https:\/\/endormoonstore.com\/wp-content\/uploads\/2017\/08\/stormcast_eternals_vanguard-palladors.jpg\",\"width\":600,\"height\":620},{\"@type\":\"BreadcrumbList\",\"@id\":\"https:\/\/endormoonstore.com\/en\/warhammer-age-of-sigmar-baleful-realmgates-6\/#breadcrumb\",\"itemListElement\":[{\"@type\":\"ListItem\",\"position\":1,\"name\":\"Shop\",\"item\":\"https:\/\/endormoonstore.com\/en\/shop\/\"},{\"@type\":\"ListItem\",\"position\":2,\"name\":\"Stormcast Eternals Vanguard-Palladors\"}]},{\"@type\":\"WebSite\",\"@id\":\"https:\/\/endormoonstore.com\/#website\",\"url\":\"https:\/\/endormoonstore.com\/\",\"name\":\"EndormoonStore\",\"description\":\"\",\"potentialAction\":[{\"@type\":\"SearchAction\",\"target\":{\"@type\":\"EntryPoint\",\"urlTemplate\":\"https:\/\/endormoonstore.com\/?s={search_term_string}\"},\"query-input\":{\"@type\":\"PropertyValueSpecification\",\"valueRequired\":true,\"valueName\":\"search_term_string\"}}],\"inLanguage\":\"en-US\"}]}<\/script>\n<!-- \/ Yoast SEO plugin. -->","yoast_head_json":{"title":"Stormcast Eternals Vanguard-Palladors - EndormoonStore","robots":{"index":"index","follow":"follow","max-snippet":"max-snippet:-1","max-image-preview":"max-image-preview:large","max-video-preview":"max-video-preview:-1"},"canonical":"https:\/\/endormoonstore.com\/en\/warhammer-age-of-sigmar-baleful-realmgates-6\/","og_locale":"en_US","og_type":"article","og_title":"Stormcast Eternals Vanguard-Palladors - EndormoonStore","og_description":"Los Vanguard-Palladors de las Vanguard Chambers son sin duda los m\u00e1s veloces entre las Stormhosts. Transmutados en rayo a lomos de sus Gryph-chargers, cabalgan el hurac\u00e1n celestial para rodear las defensas enemigas y entonces recuperan sus forma corp\u00f3rea y golpean al enemigo con virotes, javalinas, hachas y garras.","og_url":"https:\/\/endormoonstore.com\/en\/warhammer-age-of-sigmar-baleful-realmgates-6\/","og_site_name":"EndormoonStore","article_modified_time":"2024-08-07T16:48:36+00:00","og_image":[{"width":600,"height":620,"url":"https:\/\/endormoonstore.com\/wp-content\/uploads\/2017\/08\/stormcast_eternals_vanguard-palladors.jpg","type":"image\/jpeg"}],"twitter_card":"summary_large_image","twitter_misc":{"Est. reading time":"1 minute"},"schema":{"@context":"https:\/\/schema.org","@graph":[{"@type":"WebPage","@id":"https:\/\/endormoonstore.com\/en\/warhammer-age-of-sigmar-baleful-realmgates-6\/","url":"https:\/\/endormoonstore.com\/en\/warhammer-age-of-sigmar-baleful-realmgates-6\/","name":"Stormcast Eternals Vanguard-Palladors - EndormoonStore","isPartOf":{"@id":"https:\/\/endormoonstore.com\/#website"},"primaryImageOfPage":{"@id":"https:\/\/endormoonstore.com\/en\/warhammer-age-of-sigmar-baleful-realmgates-6\/#primaryimage"},"image":{"@id":"https:\/\/endormoonstore.com\/en\/warhammer-age-of-sigmar-baleful-realmgates-6\/#primaryimage"},"thumbnailUrl":"https:\/\/endormoonstore.com\/wp-content\/uploads\/2017\/08\/stormcast_eternals_vanguard-palladors.jpg","datePublished":"2017-08-01T15:37:19+00:00","dateModified":"2024-08-07T16:48:36+00:00","breadcrumb":{"@id":"https:\/\/endormoonstore.com\/en\/warhammer-age-of-sigmar-baleful-realmgates-6\/#breadcrumb"},"inLanguage":"en-US","potentialAction":[{"@type":"ReadAction","target":["https:\/\/endormoonstore.com\/en\/warhammer-age-of-sigmar-baleful-realmgates-6\/"]}]},{"@type":"ImageObject","inLanguage":"en-US","@id":"https:\/\/endormoonstore.com\/en\/warhammer-age-of-sigmar-baleful-realmgates-6\/#primaryimage","url":"https:\/\/endormoonstore.com\/wp-content\/uploads\/2017\/08\/stormcast_eternals_vanguard-palladors.jpg","contentUrl":"https:\/\/endormoonstore.com\/wp-content\/uploads\/2017\/08\/stormcast_eternals_vanguard-palladors.jpg","width":600,"height":620},{"@type":"BreadcrumbList","@id":"https:\/\/endormoonstore.com\/en\/warhammer-age-of-sigmar-baleful-realmgates-6\/#breadcrumb","itemListElement":[{"@type":"ListItem","position":1,"name":"Shop","item":"https:\/\/endormoonstore.com\/en\/shop\/"},{"@type":"ListItem","position":2,"name":"Stormcast Eternals Vanguard-Palladors"}]},{"@type":"WebSite","@id":"https:\/\/endormoonstore.com\/#website","url":"https:\/\/endormoonstore.com\/","name":"EndormoonStore","description":"","potentialAction":[{"@type":"SearchAction","target":{"@type":"EntryPoint","urlTemplate":"https:\/\/endormoonstore.com\/?s={search_term_string}"},"query-input":{"@type":"PropertyValueSpecification","valueRequired":true,"valueName":"search_term_string"}}],"inLanguage":"en-US"}]}},"taxonomy_info":{"product_cat":[{"value":14150,"label":"Sin categorizar"}]},"featured_image_src_large":["https:\/\/endormoonstore.com\/wp-content\/uploads\/2017\/08\/stormcast_eternals_vanguard-palladors.jpg",600,620,false],"author_info":[],"comment_info":"","_links":{"self":[{"href":"https:\/\/endormoonstore.com\/en\/wp-json\/wp\/v2\/product\/58184","targetHints":{"allow":["GET"]}}],"collection":[{"href":"https:\/\/endormoonstore.com\/en\/wp-json\/wp\/v2\/product"}],"about":[{"href":"https:\/\/endormoonstore.com\/en\/wp-json\/wp\/v2\/types\/product"}],"wp:featuredmedia":[{"embeddable":true,"href":"https:\/\/endormoonstore.com\/en\/wp-json\/wp\/v2\/media\/58180"}],"wp:attachment":[{"href":"https:\/\/endormoonstore.com\/en\/wp-json\/wp\/v2\/media?parent=58184"}],"wp:term":[{"taxonomy":"product_cat","embeddable":true,"href":"https:\/\/endormoonstore.com\/en\/wp-json\/wp\/v2\/product_cat?post=58184"},{"taxonomy":"product_tag","embeddable":true,"href":"https:\/\/endormoonstore.com\/en\/wp-json\/wp\/v2\/product_tag?post=58184"}],"curies":[{"name":"wp","href":"https:\/\/api.w.org\/{rel}","templated":true}]}}