{"id":58178,"date":"2017-08-01T17:30:35","date_gmt":"2017-08-01T15:30:35","guid":{"rendered":"https:\/\/endormoonstore.com\/warhammer-age-of-sigmar-baleful-realmgates-5\/"},"modified":"2023-01-21T22:07:57","modified_gmt":"2023-01-21T21:07:57","slug":"kharadron-overlords-arkanaut-ironclad","status":"publish","type":"product","link":"https:\/\/endormoonstore.com\/en\/kharadron-overlords-arkanaut-ironclad\/","title":{"rendered":"Kharadron Overlords Arkanaut Ironclad"},"content":{"rendered":"<p><strong>Kharadron Overlords Arkanaut Ironclad<\/strong><\/p>\n<ul>\n<li>La joya de la corona de la flota, el Arkanaut Ironclad es una nave majestuosa. Cargada de armamento, su amplia bah\u00eda de carga puede contener aether-oro o estar cargada de proyectiles para las Arkanaut Companies o Grundstok Thunderers. Los avances creados por los endrieneers Kharadron han permitido las naves m\u00e1s grandes de la flota celeste, y el Ironclad es la m\u00e1s grande hasta la fecha. Cubierta de capa tras capa de hierro claveteado, estas enormes naves lanzan una cantidad asombrosa de proyectiles, bombas y torpedos a cualquiera que tenga la suficiente temeridad como para entrometerse entre los Kharadron Overlords y su bot\u00edn de aether-oro.<\/li>\n<li>Este kit de pl\u00e1stico multicomponente incluye las piezas necesarias para montar un Arkanaut Ironclad. De forma adecuada a su condici\u00f3n de buque insignia de una flota celeste Kharadron, esta miniatura tiene un tama\u00f1o impresionante y est\u00e1 totalmente cubierta de armamento. En su ca\u00f1\u00f3n principal puedes elegir utilizar un ca\u00f1\u00f3n a\u00e9reo, un gran arp\u00f3n a\u00e9reo, un ca\u00f1\u00f3n de salvas aeterm\u00e1tico y siempre puedes usar las carabinas tiroa\u00e9reo, las minas de supremac\u00eda, los torpedos choqueaet\u00e9reo, perforadoras explosivas, cargas de fragmentaci\u00f3n y bombas ajustacuentas.<\/li>\n<li>La propia nave se sostiene gracias a los enormes dirigibles cubiertos de tuber\u00eda sy accesorios detallados y muestra una amplia variedad de caracter\u00edsticas personalizables: la cofa puede incluir un navigator o un Kharadron signaler con su propio telescopio y linterna y hay una enorme cantidad de aparejos, bastidores y diversa parafernalia marinera que puedes colocar donde mejor te parezca. Est\u00e1 cubierta de detalles para mostrar la direcci\u00f3n del vieja as\u00ed como un sistema de engranajes de aspecto complejo para conducir el tim\u00f3n. Incluso hay un tabl\u00f3n para que aquellos lo suficientemente desafortunados para haber sido capturados puedan caminar&#8230;<\/li>\n<li>La tripulaci\u00f3n de la Ironclad est\u00e1 tan detallada como la propia nave, con el captain alz\u00e1ndose junto al tim\u00f3n, un endrinrigger cargado de herramientas colgado de un lateral mientras arregla una brecha, un gunner en el arma principal y los ya mencionados signaller y navigator.<\/li>\n<li>Esta caja est\u00e1 formada por 152 componentes y se suministra con una peana redonda Citadel de 170mm y un palito volador transparente.<\/li>\n<\/ul>\n<p>&nbsp;<\/p>\n","protected":false},"excerpt":{"rendered":"<p><strong>Kharadron Overlords Arkanaut Ironclad<\/strong><\/p>\n<p>La joya de la corona de la flota, el Arkanaut Ironclad es una nave majestuosa. Cargada de armamento, su amplia bah\u00eda de carga puede contener aether-oro o estar cargada de proyectiles para las Arkanaut Companies o Grundstok Thunderers.<\/p>\n","protected":false},"featured_media":58174,"template":"","meta":{"_acf_changed":false,"_kad_blocks_custom_css":"","_kad_blocks_head_custom_js":"","_kad_blocks_body_custom_js":"","_kad_blocks_footer_custom_js":""},"product_cat":[1645],"product_tag":[],"class_list":{"0":"post-58178","1":"product","2":"type-product","3":"status-publish","4":"has-post-thumbnail","6":"product_cat-no-category","8":"first","9":"instock","10":"taxable","11":"shipping-taxable","12":"purchasable","13":"product-type-simple"},"acf":[],"yoast_head":"<!-- This site is optimized with the Yoast SEO plugin v26.1.1 - https:\/\/yoast.com\/wordpress\/plugins\/seo\/ -->\n<title>Kharadron Overlords Arkanaut Ironclad - EndormoonStore<\/title>\n<meta name=\"robots\" content=\"index, follow, max-snippet:-1, max-image-preview:large, max-video-preview:-1\" \/>\n<link rel=\"canonical\" href=\"https:\/\/endormoonstore.com\/kharadron-overlords-arkanaut-ironclad\/\" \/>\n<meta property=\"og:locale\" content=\"en_US\" \/>\n<meta property=\"og:type\" content=\"article\" \/>\n<meta property=\"og:title\" content=\"Kharadron Overlords Arkanaut Ironclad - EndormoonStore\" \/>\n<meta property=\"og:description\" content=\"Kharadron Overlords Arkanaut Ironclad  La joya de la corona de la flota, el Arkanaut Ironclad es una nave majestuosa. Cargada de armamento, su amplia bah\u00eda de carga puede contener aether-oro o estar cargada de proyectiles para las Arkanaut Companies o Grundstok Thunderers.\" \/>\n<meta property=\"og:url\" content=\"https:\/\/endormoonstore.com\/kharadron-overlords-arkanaut-ironclad\/\" \/>\n<meta property=\"og:site_name\" content=\"EndormoonStore\" \/>\n<meta property=\"article:modified_time\" content=\"2023-01-21T21:07:57+00:00\" \/>\n<meta property=\"og:image\" content=\"https:\/\/endormoonstore.com\/wp-content\/uploads\/2017\/08\/kharadron_overlords_arkanaut_ironclad.jpg\" \/>\n\t<meta property=\"og:image:width\" content=\"600\" \/>\n\t<meta property=\"og:image:height\" content=\"620\" \/>\n\t<meta property=\"og:image:type\" content=\"image\/jpeg\" \/>\n<meta name=\"twitter:card\" content=\"summary_large_image\" \/>\n<meta name=\"twitter:label1\" content=\"Est. reading time\" \/>\n\t<meta name=\"twitter:data1\" content=\"2 minutes\" \/>\n<script type=\"application\/ld+json\" class=\"yoast-schema-graph\">{\"@context\":\"https:\/\/schema.org\",\"@graph\":[{\"@type\":\"WebPage\",\"@id\":\"https:\/\/endormoonstore.com\/kharadron-overlords-arkanaut-ironclad\/\",\"url\":\"https:\/\/endormoonstore.com\/kharadron-overlords-arkanaut-ironclad\/\",\"name\":\"Kharadron Overlords Arkanaut Ironclad - EndormoonStore\",\"isPartOf\":{\"@id\":\"https:\/\/endormoonstore.com\/#website\"},\"primaryImageOfPage\":{\"@id\":\"https:\/\/endormoonstore.com\/kharadron-overlords-arkanaut-ironclad\/#primaryimage\"},\"image\":{\"@id\":\"https:\/\/endormoonstore.com\/kharadron-overlords-arkanaut-ironclad\/#primaryimage\"},\"thumbnailUrl\":\"https:\/\/endormoonstore.com\/wp-content\/uploads\/2017\/08\/kharadron_overlords_arkanaut_ironclad.jpg\",\"datePublished\":\"2017-08-01T15:30:35+00:00\",\"dateModified\":\"2023-01-21T21:07:57+00:00\",\"breadcrumb\":{\"@id\":\"https:\/\/endormoonstore.com\/kharadron-overlords-arkanaut-ironclad\/#breadcrumb\"},\"inLanguage\":\"en-US\",\"potentialAction\":[{\"@type\":\"ReadAction\",\"target\":[\"https:\/\/endormoonstore.com\/kharadron-overlords-arkanaut-ironclad\/\"]}]},{\"@type\":\"ImageObject\",\"inLanguage\":\"en-US\",\"@id\":\"https:\/\/endormoonstore.com\/kharadron-overlords-arkanaut-ironclad\/#primaryimage\",\"url\":\"https:\/\/endormoonstore.com\/wp-content\/uploads\/2017\/08\/kharadron_overlords_arkanaut_ironclad.jpg\",\"contentUrl\":\"https:\/\/endormoonstore.com\/wp-content\/uploads\/2017\/08\/kharadron_overlords_arkanaut_ironclad.jpg\",\"width\":600,\"height\":620},{\"@type\":\"BreadcrumbList\",\"@id\":\"https:\/\/endormoonstore.com\/kharadron-overlords-arkanaut-ironclad\/#breadcrumb\",\"itemListElement\":[{\"@type\":\"ListItem\",\"position\":1,\"name\":\"Shop\",\"item\":\"https:\/\/endormoonstore.com\/en\/shop\/\"},{\"@type\":\"ListItem\",\"position\":2,\"name\":\"Kharadron Overlords Arkanaut Ironclad\"}]},{\"@type\":\"WebSite\",\"@id\":\"https:\/\/endormoonstore.com\/#website\",\"url\":\"https:\/\/endormoonstore.com\/\",\"name\":\"EndormoonStore\",\"description\":\"\",\"potentialAction\":[{\"@type\":\"SearchAction\",\"target\":{\"@type\":\"EntryPoint\",\"urlTemplate\":\"https:\/\/endormoonstore.com\/?s={search_term_string}\"},\"query-input\":{\"@type\":\"PropertyValueSpecification\",\"valueRequired\":true,\"valueName\":\"search_term_string\"}}],\"inLanguage\":\"en-US\"}]}<\/script>\n<!-- \/ Yoast SEO plugin. -->","yoast_head_json":{"title":"Kharadron Overlords Arkanaut Ironclad - EndormoonStore","robots":{"index":"index","follow":"follow","max-snippet":"max-snippet:-1","max-image-preview":"max-image-preview:large","max-video-preview":"max-video-preview:-1"},"canonical":"https:\/\/endormoonstore.com\/kharadron-overlords-arkanaut-ironclad\/","og_locale":"en_US","og_type":"article","og_title":"Kharadron Overlords Arkanaut Ironclad - EndormoonStore","og_description":"Kharadron Overlords Arkanaut Ironclad  La joya de la corona de la flota, el Arkanaut Ironclad es una nave majestuosa. Cargada de armamento, su amplia bah\u00eda de carga puede contener aether-oro o estar cargada de proyectiles para las Arkanaut Companies o Grundstok Thunderers.","og_url":"https:\/\/endormoonstore.com\/kharadron-overlords-arkanaut-ironclad\/","og_site_name":"EndormoonStore","article_modified_time":"2023-01-21T21:07:57+00:00","og_image":[{"width":600,"height":620,"url":"https:\/\/endormoonstore.com\/wp-content\/uploads\/2017\/08\/kharadron_overlords_arkanaut_ironclad.jpg","type":"image\/jpeg"}],"twitter_card":"summary_large_image","twitter_misc":{"Est. reading time":"2 minutes"},"schema":{"@context":"https:\/\/schema.org","@graph":[{"@type":"WebPage","@id":"https:\/\/endormoonstore.com\/kharadron-overlords-arkanaut-ironclad\/","url":"https:\/\/endormoonstore.com\/kharadron-overlords-arkanaut-ironclad\/","name":"Kharadron Overlords Arkanaut Ironclad - EndormoonStore","isPartOf":{"@id":"https:\/\/endormoonstore.com\/#website"},"primaryImageOfPage":{"@id":"https:\/\/endormoonstore.com\/kharadron-overlords-arkanaut-ironclad\/#primaryimage"},"image":{"@id":"https:\/\/endormoonstore.com\/kharadron-overlords-arkanaut-ironclad\/#primaryimage"},"thumbnailUrl":"https:\/\/endormoonstore.com\/wp-content\/uploads\/2017\/08\/kharadron_overlords_arkanaut_ironclad.jpg","datePublished":"2017-08-01T15:30:35+00:00","dateModified":"2023-01-21T21:07:57+00:00","breadcrumb":{"@id":"https:\/\/endormoonstore.com\/kharadron-overlords-arkanaut-ironclad\/#breadcrumb"},"inLanguage":"en-US","potentialAction":[{"@type":"ReadAction","target":["https:\/\/endormoonstore.com\/kharadron-overlords-arkanaut-ironclad\/"]}]},{"@type":"ImageObject","inLanguage":"en-US","@id":"https:\/\/endormoonstore.com\/kharadron-overlords-arkanaut-ironclad\/#primaryimage","url":"https:\/\/endormoonstore.com\/wp-content\/uploads\/2017\/08\/kharadron_overlords_arkanaut_ironclad.jpg","contentUrl":"https:\/\/endormoonstore.com\/wp-content\/uploads\/2017\/08\/kharadron_overlords_arkanaut_ironclad.jpg","width":600,"height":620},{"@type":"BreadcrumbList","@id":"https:\/\/endormoonstore.com\/kharadron-overlords-arkanaut-ironclad\/#breadcrumb","itemListElement":[{"@type":"ListItem","position":1,"name":"Shop","item":"https:\/\/endormoonstore.com\/en\/shop\/"},{"@type":"ListItem","position":2,"name":"Kharadron Overlords Arkanaut Ironclad"}]},{"@type":"WebSite","@id":"https:\/\/endormoonstore.com\/#website","url":"https:\/\/endormoonstore.com\/","name":"EndormoonStore","description":"","potentialAction":[{"@type":"SearchAction","target":{"@type":"EntryPoint","urlTemplate":"https:\/\/endormoonstore.com\/?s={search_term_string}"},"query-input":{"@type":"PropertyValueSpecification","valueRequired":true,"valueName":"search_term_string"}}],"inLanguage":"en-US"}]}},"taxonomy_info":{"product_cat":[{"value":1645,"label":"No category"}]},"featured_image_src_large":["https:\/\/endormoonstore.com\/wp-content\/uploads\/2017\/08\/kharadron_overlords_arkanaut_ironclad.jpg",600,620,false],"author_info":[],"comment_info":"","_links":{"self":[{"href":"https:\/\/endormoonstore.com\/en\/wp-json\/wp\/v2\/product\/58178","targetHints":{"allow":["GET"]}}],"collection":[{"href":"https:\/\/endormoonstore.com\/en\/wp-json\/wp\/v2\/product"}],"about":[{"href":"https:\/\/endormoonstore.com\/en\/wp-json\/wp\/v2\/types\/product"}],"wp:featuredmedia":[{"embeddable":true,"href":"https:\/\/endormoonstore.com\/en\/wp-json\/wp\/v2\/media\/58174"}],"wp:attachment":[{"href":"https:\/\/endormoonstore.com\/en\/wp-json\/wp\/v2\/media?parent=58178"}],"wp:term":[{"taxonomy":"product_cat","embeddable":true,"href":"https:\/\/endormoonstore.com\/en\/wp-json\/wp\/v2\/product_cat?post=58178"},{"taxonomy":"product_tag","embeddable":true,"href":"https:\/\/endormoonstore.com\/en\/wp-json\/wp\/v2\/product_tag?post=58178"}],"curies":[{"name":"wp","href":"https:\/\/api.w.org\/{rel}","templated":true}]}}