{"id":58132,"date":"2017-08-01T12:50:12","date_gmt":"2017-08-01T10:50:12","guid":{"rendered":"https:\/\/endormoonstore.com\/warhammer-age-of-sigmar-baleful-realmgates-4\/"},"modified":"2017-08-01T12:50:12","modified_gmt":"2017-08-01T10:50:12","slug":"warhammer-age-of-sigmar-baleful-realmgates-4","status":"publish","type":"product","link":"https:\/\/endormoonstore.com\/en\/warhammer-age-of-sigmar-baleful-realmgates-4\/","title":{"rendered":"Kharadron Overlords Skyriggers"},"content":{"rendered":"<p><span>Los Skywardens son los miembros de &eacute;lite de las tripulaciones Arkanaut, una forma de caballer&iacute;a a&eacute;rea usada para ayudar a las flotas. Usan potentes pistolas vulcanizadoras para derribar a los enemigos antes de bajar sus pica&eacute;reas y cargar para rematarlos. Cada Skywarden est&aacute; equipado con minas, para acabar con los enemigos voladores, y explosivos. Estas cargas son un arma perfecta para ayudar al Skywarden en sus r&aacute;pidos ataques ya que las detonaciones retardadas causan el caos entre los enemigos permitiendo que los duardin se alejen r&aacute;pidamente.<\/span><\/p>\n<p><span>Este kit de pl&aacute;stico multicomponente incluye todas las piezas necesarias para montar 3 Skywardens. Se incluyen las minas de sus dirigibles que est&aacute;n llenas de detalles as&iacute; como el equipo que necesitan para hacer posible el vuelo propulsado con vapor de aeter-oro y portan pistolas vulcanizadoras y pica&eacute;reas. Un Skywarden puede usar un fusil de salva aeterm&aacute;ticos, y uno puede usar arp&oacute;n a&eacute;reo, ca&ntilde;&oacute;n taladrador o lanzagarfios. Hay una opci&oacute;n personalizada de cabeza para el Skywarden Custodian, as&iacute; como una enorme cantidad de detalles adicionales para hacer que tus Skywardens sean &uacute;nicos, incluyendo una pistola vulcanizadora y una amplia variedad de herramientas de mantenimiento.<\/span><\/p>\n<p><span>Este kit est&aacute; formado por 88 componentes y se suministra con 3 peanas redondas Citadel de 32 mm y 3 palitos voladores de diferentes alturas: 30mm, 32,5mm y 35mm. Tambi&eacute;n se pueden montar como 3 Endrinriggers.<\/span><\/p>\n<p>EAN:<span>5011921082988<\/span><\/p>\n<p>MPM:&nbsp;<span>GW84-36<\/span><\/p>\n","protected":false},"excerpt":{"rendered":"<p>Los Skywardens son los miembros de \u00e9lite de las tripulaciones Arkanaut, una forma de caballer\u00eda a\u00e9rea usada para ayudar a las flotas. Usan potentes pistolas vulcanizadoras para derribar a los enemigos antes de bajar sus pica\u00e9reas y cargar para rematarlos. Cada Skywarden est\u00e1 equipado con minas, para acabar con los enemigos voladores, y explosivos. Estas cargas son un arma perfecta para ayudar al Skywarden en sus r\u00e1pidos ataques ya que las detonaciones retardadas causan el caos entre los enemigos permitiendo que los duardin se alejen r\u00e1pidamente.<\/p>\n","protected":false},"featured_media":58128,"template":"","meta":{"_acf_changed":false,"_kad_blocks_custom_css":"","_kad_blocks_head_custom_js":"","_kad_blocks_body_custom_js":"","_kad_blocks_footer_custom_js":""},"product_cat":[14150],"product_tag":[],"class_list":{"0":"post-58132","1":"product","2":"type-product","3":"status-publish","4":"has-post-thumbnail","6":"product_cat-sin-categorizar","8":"first","9":"instock","10":"taxable","11":"shipping-taxable","12":"purchasable","13":"product-type-simple"},"acf":[],"yoast_head":"<!-- This site is optimized with the Yoast SEO plugin v26.1.1 - https:\/\/yoast.com\/wordpress\/plugins\/seo\/ -->\n<title>Kharadron Overlords Skyriggers - EndormoonStore<\/title>\n<meta name=\"robots\" content=\"index, follow, max-snippet:-1, max-image-preview:large, max-video-preview:-1\" \/>\n<link rel=\"canonical\" href=\"https:\/\/endormoonstore.com\/en\/warhammer-age-of-sigmar-baleful-realmgates-4\/\" \/>\n<meta property=\"og:locale\" content=\"en_US\" \/>\n<meta property=\"og:type\" content=\"article\" \/>\n<meta property=\"og:title\" content=\"Kharadron Overlords Skyriggers - EndormoonStore\" \/>\n<meta property=\"og:description\" content=\"Los Skywardens son los miembros de \u00e9lite de las tripulaciones Arkanaut, una forma de caballer\u00eda a\u00e9rea usada para ayudar a las flotas. Usan potentes pistolas vulcanizadoras para derribar a los enemigos antes de bajar sus pica\u00e9reas y cargar para rematarlos. Cada Skywarden est\u00e1 equipado con minas, para acabar con los enemigos voladores, y explosivos. Estas cargas son un arma perfecta para ayudar al Skywarden en sus r\u00e1pidos ataques ya que las detonaciones retardadas causan el caos entre los enemigos permitiendo que los duardin se alejen r\u00e1pidamente.\" \/>\n<meta property=\"og:url\" content=\"https:\/\/endormoonstore.com\/en\/warhammer-age-of-sigmar-baleful-realmgates-4\/\" \/>\n<meta property=\"og:site_name\" content=\"EndormoonStore\" \/>\n<meta property=\"og:image\" content=\"https:\/\/endormoonstore.com\/wp-content\/uploads\/2017\/08\/kharadron_overlords_skyriggers.jpg\" \/>\n\t<meta property=\"og:image:width\" content=\"600\" \/>\n\t<meta property=\"og:image:height\" content=\"620\" \/>\n\t<meta property=\"og:image:type\" content=\"image\/jpeg\" \/>\n<meta name=\"twitter:card\" content=\"summary_large_image\" \/>\n<meta name=\"twitter:label1\" content=\"Est. reading time\" \/>\n\t<meta name=\"twitter:data1\" content=\"1 minute\" \/>\n<script type=\"application\/ld+json\" class=\"yoast-schema-graph\">{\"@context\":\"https:\/\/schema.org\",\"@graph\":[{\"@type\":\"WebPage\",\"@id\":\"https:\/\/endormoonstore.com\/en\/warhammer-age-of-sigmar-baleful-realmgates-4\/\",\"url\":\"https:\/\/endormoonstore.com\/en\/warhammer-age-of-sigmar-baleful-realmgates-4\/\",\"name\":\"Kharadron Overlords Skyriggers - EndormoonStore\",\"isPartOf\":{\"@id\":\"https:\/\/endormoonstore.com\/#website\"},\"primaryImageOfPage\":{\"@id\":\"https:\/\/endormoonstore.com\/en\/warhammer-age-of-sigmar-baleful-realmgates-4\/#primaryimage\"},\"image\":{\"@id\":\"https:\/\/endormoonstore.com\/en\/warhammer-age-of-sigmar-baleful-realmgates-4\/#primaryimage\"},\"thumbnailUrl\":\"https:\/\/endormoonstore.com\/wp-content\/uploads\/2017\/08\/kharadron_overlords_skyriggers.jpg\",\"datePublished\":\"2017-08-01T10:50:12+00:00\",\"breadcrumb\":{\"@id\":\"https:\/\/endormoonstore.com\/en\/warhammer-age-of-sigmar-baleful-realmgates-4\/#breadcrumb\"},\"inLanguage\":\"en-US\",\"potentialAction\":[{\"@type\":\"ReadAction\",\"target\":[\"https:\/\/endormoonstore.com\/en\/warhammer-age-of-sigmar-baleful-realmgates-4\/\"]}]},{\"@type\":\"ImageObject\",\"inLanguage\":\"en-US\",\"@id\":\"https:\/\/endormoonstore.com\/en\/warhammer-age-of-sigmar-baleful-realmgates-4\/#primaryimage\",\"url\":\"https:\/\/endormoonstore.com\/wp-content\/uploads\/2017\/08\/kharadron_overlords_skyriggers.jpg\",\"contentUrl\":\"https:\/\/endormoonstore.com\/wp-content\/uploads\/2017\/08\/kharadron_overlords_skyriggers.jpg\",\"width\":600,\"height\":620},{\"@type\":\"BreadcrumbList\",\"@id\":\"https:\/\/endormoonstore.com\/en\/warhammer-age-of-sigmar-baleful-realmgates-4\/#breadcrumb\",\"itemListElement\":[{\"@type\":\"ListItem\",\"position\":1,\"name\":\"Shop\",\"item\":\"https:\/\/endormoonstore.com\/en\/shop\/\"},{\"@type\":\"ListItem\",\"position\":2,\"name\":\"Kharadron Overlords Skyriggers\"}]},{\"@type\":\"WebSite\",\"@id\":\"https:\/\/endormoonstore.com\/#website\",\"url\":\"https:\/\/endormoonstore.com\/\",\"name\":\"EndormoonStore\",\"description\":\"\",\"potentialAction\":[{\"@type\":\"SearchAction\",\"target\":{\"@type\":\"EntryPoint\",\"urlTemplate\":\"https:\/\/endormoonstore.com\/?s={search_term_string}\"},\"query-input\":{\"@type\":\"PropertyValueSpecification\",\"valueRequired\":true,\"valueName\":\"search_term_string\"}}],\"inLanguage\":\"en-US\"}]}<\/script>\n<!-- \/ Yoast SEO plugin. -->","yoast_head_json":{"title":"Kharadron Overlords Skyriggers - EndormoonStore","robots":{"index":"index","follow":"follow","max-snippet":"max-snippet:-1","max-image-preview":"max-image-preview:large","max-video-preview":"max-video-preview:-1"},"canonical":"https:\/\/endormoonstore.com\/en\/warhammer-age-of-sigmar-baleful-realmgates-4\/","og_locale":"en_US","og_type":"article","og_title":"Kharadron Overlords Skyriggers - EndormoonStore","og_description":"Los Skywardens son los miembros de \u00e9lite de las tripulaciones Arkanaut, una forma de caballer\u00eda a\u00e9rea usada para ayudar a las flotas. Usan potentes pistolas vulcanizadoras para derribar a los enemigos antes de bajar sus pica\u00e9reas y cargar para rematarlos. Cada Skywarden est\u00e1 equipado con minas, para acabar con los enemigos voladores, y explosivos. Estas cargas son un arma perfecta para ayudar al Skywarden en sus r\u00e1pidos ataques ya que las detonaciones retardadas causan el caos entre los enemigos permitiendo que los duardin se alejen r\u00e1pidamente.","og_url":"https:\/\/endormoonstore.com\/en\/warhammer-age-of-sigmar-baleful-realmgates-4\/","og_site_name":"EndormoonStore","og_image":[{"width":600,"height":620,"url":"https:\/\/endormoonstore.com\/wp-content\/uploads\/2017\/08\/kharadron_overlords_skyriggers.jpg","type":"image\/jpeg"}],"twitter_card":"summary_large_image","twitter_misc":{"Est. reading time":"1 minute"},"schema":{"@context":"https:\/\/schema.org","@graph":[{"@type":"WebPage","@id":"https:\/\/endormoonstore.com\/en\/warhammer-age-of-sigmar-baleful-realmgates-4\/","url":"https:\/\/endormoonstore.com\/en\/warhammer-age-of-sigmar-baleful-realmgates-4\/","name":"Kharadron Overlords Skyriggers - EndormoonStore","isPartOf":{"@id":"https:\/\/endormoonstore.com\/#website"},"primaryImageOfPage":{"@id":"https:\/\/endormoonstore.com\/en\/warhammer-age-of-sigmar-baleful-realmgates-4\/#primaryimage"},"image":{"@id":"https:\/\/endormoonstore.com\/en\/warhammer-age-of-sigmar-baleful-realmgates-4\/#primaryimage"},"thumbnailUrl":"https:\/\/endormoonstore.com\/wp-content\/uploads\/2017\/08\/kharadron_overlords_skyriggers.jpg","datePublished":"2017-08-01T10:50:12+00:00","breadcrumb":{"@id":"https:\/\/endormoonstore.com\/en\/warhammer-age-of-sigmar-baleful-realmgates-4\/#breadcrumb"},"inLanguage":"en-US","potentialAction":[{"@type":"ReadAction","target":["https:\/\/endormoonstore.com\/en\/warhammer-age-of-sigmar-baleful-realmgates-4\/"]}]},{"@type":"ImageObject","inLanguage":"en-US","@id":"https:\/\/endormoonstore.com\/en\/warhammer-age-of-sigmar-baleful-realmgates-4\/#primaryimage","url":"https:\/\/endormoonstore.com\/wp-content\/uploads\/2017\/08\/kharadron_overlords_skyriggers.jpg","contentUrl":"https:\/\/endormoonstore.com\/wp-content\/uploads\/2017\/08\/kharadron_overlords_skyriggers.jpg","width":600,"height":620},{"@type":"BreadcrumbList","@id":"https:\/\/endormoonstore.com\/en\/warhammer-age-of-sigmar-baleful-realmgates-4\/#breadcrumb","itemListElement":[{"@type":"ListItem","position":1,"name":"Shop","item":"https:\/\/endormoonstore.com\/en\/shop\/"},{"@type":"ListItem","position":2,"name":"Kharadron Overlords Skyriggers"}]},{"@type":"WebSite","@id":"https:\/\/endormoonstore.com\/#website","url":"https:\/\/endormoonstore.com\/","name":"EndormoonStore","description":"","potentialAction":[{"@type":"SearchAction","target":{"@type":"EntryPoint","urlTemplate":"https:\/\/endormoonstore.com\/?s={search_term_string}"},"query-input":{"@type":"PropertyValueSpecification","valueRequired":true,"valueName":"search_term_string"}}],"inLanguage":"en-US"}]}},"taxonomy_info":{"product_cat":[{"value":14150,"label":"Sin categorizar"}]},"featured_image_src_large":["https:\/\/endormoonstore.com\/wp-content\/uploads\/2017\/08\/kharadron_overlords_skyriggers.jpg",600,620,false],"author_info":[],"comment_info":"","_links":{"self":[{"href":"https:\/\/endormoonstore.com\/en\/wp-json\/wp\/v2\/product\/58132","targetHints":{"allow":["GET"]}}],"collection":[{"href":"https:\/\/endormoonstore.com\/en\/wp-json\/wp\/v2\/product"}],"about":[{"href":"https:\/\/endormoonstore.com\/en\/wp-json\/wp\/v2\/types\/product"}],"wp:featuredmedia":[{"embeddable":true,"href":"https:\/\/endormoonstore.com\/en\/wp-json\/wp\/v2\/media\/58128"}],"wp:attachment":[{"href":"https:\/\/endormoonstore.com\/en\/wp-json\/wp\/v2\/media?parent=58132"}],"wp:term":[{"taxonomy":"product_cat","embeddable":true,"href":"https:\/\/endormoonstore.com\/en\/wp-json\/wp\/v2\/product_cat?post=58132"},{"taxonomy":"product_tag","embeddable":true,"href":"https:\/\/endormoonstore.com\/en\/wp-json\/wp\/v2\/product_tag?post=58132"}],"curies":[{"name":"wp","href":"https:\/\/api.w.org\/{rel}","templated":true}]}}