{"id":58056,"date":"2017-07-29T11:01:39","date_gmt":"2017-07-29T09:01:39","guid":{"rendered":"https:\/\/endormoonstore.com\/citadel-wood\/"},"modified":"2017-07-29T11:01:39","modified_gmt":"2017-07-29T09:01:39","slug":"citadel-wood","status":"publish","type":"product","link":"https:\/\/endormoonstore.com\/en\/citadel-wood\/","title":{"rendered":"Citadel Wood"},"content":{"rendered":"<p>Esta caja contiene un Citadel Wood de pl&aacute;stico, id&oacute;neo para crear emocionantes paisajes en los que librar tus batallas de Warhammer Age of Sigmar. Puedes combinar dos o m&aacute;s Citadel Woods para representar un Sylvaneth Wyldwood, un bosque m&aacute;gico en el que habitan esp&iacute;ritus belicosos.<\/p>\n<p>Este kit de 70 piezas incluye una peana esc&eacute;nica y suficientes piezas para montar tres &aacute;rboles, con o sin hojas. Con tal variedad de ramas y follaje, no tendr&aacute;s dos &aacute;rboles iguales.&nbsp;<\/p>\n<p>EAN:<span>5011921905515<\/span><span><\/span><\/p>\n<p>MPM:&nbsp;<span>64-09<\/span><\/p>\n","protected":false},"excerpt":{"rendered":"<p>Esta caja contiene un Citadel Wood de pl\u00e1stico, id\u00f3neo para crear emocionantes paisajes en los que librar tus batallas de Warhammer Age of Sigmar. Puedes combinar dos o m\u00e1s Citadel Woods para representar un Sylvaneth Wyldwood, un bosque m\u00e1gico en el que habitan esp\u00edritus belicosos.<\/p>\n","protected":false},"featured_media":58050,"template":"","meta":{"_acf_changed":false,"_kad_blocks_custom_css":"","_kad_blocks_head_custom_js":"","_kad_blocks_body_custom_js":"","_kad_blocks_footer_custom_js":""},"product_cat":[13751],"product_tag":[],"class_list":{"0":"post-58056","1":"product","2":"type-product","3":"status-publish","4":"has-post-thumbnail","6":"product_cat-no-categorized","8":"first","9":"outofstock","10":"taxable","11":"shipping-taxable","12":"purchasable","13":"product-type-simple"},"acf":[],"yoast_head":"<!-- This site is optimized with the Yoast SEO plugin v26.1.1 - https:\/\/yoast.com\/wordpress\/plugins\/seo\/ -->\n<title>Citadel Wood - EndormoonStore<\/title>\n<meta name=\"robots\" content=\"index, follow, max-snippet:-1, max-image-preview:large, max-video-preview:-1\" \/>\n<link rel=\"canonical\" href=\"https:\/\/endormoonstore.com\/en\/citadel-wood\/\" \/>\n<meta property=\"og:locale\" content=\"en_US\" \/>\n<meta property=\"og:type\" content=\"article\" \/>\n<meta property=\"og:title\" content=\"Citadel Wood - EndormoonStore\" \/>\n<meta property=\"og:description\" content=\"Esta caja contiene un Citadel Wood de pl\u00e1stico, id\u00f3neo para crear emocionantes paisajes en los que librar tus batallas de Warhammer Age of Sigmar. Puedes combinar dos o m\u00e1s Citadel Woods para representar un Sylvaneth Wyldwood, un bosque m\u00e1gico en el que habitan esp\u00edritus belicosos.\" \/>\n<meta property=\"og:url\" content=\"https:\/\/endormoonstore.com\/en\/citadel-wood\/\" \/>\n<meta property=\"og:site_name\" content=\"EndormoonStore\" \/>\n<meta property=\"og:image\" content=\"https:\/\/endormoonstore.com\/wp-content\/uploads\/2017\/07\/citadel_wood-1.jpg\" \/>\n\t<meta property=\"og:image:width\" content=\"600\" \/>\n\t<meta property=\"og:image:height\" content=\"620\" \/>\n\t<meta property=\"og:image:type\" content=\"image\/jpeg\" \/>\n<meta name=\"twitter:card\" content=\"summary_large_image\" \/>\n<script type=\"application\/ld+json\" class=\"yoast-schema-graph\">{\"@context\":\"https:\/\/schema.org\",\"@graph\":[{\"@type\":\"WebPage\",\"@id\":\"https:\/\/endormoonstore.com\/en\/citadel-wood\/\",\"url\":\"https:\/\/endormoonstore.com\/en\/citadel-wood\/\",\"name\":\"Citadel Wood - EndormoonStore\",\"isPartOf\":{\"@id\":\"https:\/\/endormoonstore.com\/#website\"},\"primaryImageOfPage\":{\"@id\":\"https:\/\/endormoonstore.com\/en\/citadel-wood\/#primaryimage\"},\"image\":{\"@id\":\"https:\/\/endormoonstore.com\/en\/citadel-wood\/#primaryimage\"},\"thumbnailUrl\":\"https:\/\/endormoonstore.com\/wp-content\/uploads\/2017\/07\/citadel_wood-1.jpg\",\"datePublished\":\"2017-07-29T09:01:39+00:00\",\"breadcrumb\":{\"@id\":\"https:\/\/endormoonstore.com\/en\/citadel-wood\/#breadcrumb\"},\"inLanguage\":\"en-US\",\"potentialAction\":[{\"@type\":\"ReadAction\",\"target\":[\"https:\/\/endormoonstore.com\/en\/citadel-wood\/\"]}]},{\"@type\":\"ImageObject\",\"inLanguage\":\"en-US\",\"@id\":\"https:\/\/endormoonstore.com\/en\/citadel-wood\/#primaryimage\",\"url\":\"https:\/\/endormoonstore.com\/wp-content\/uploads\/2017\/07\/citadel_wood-1.jpg\",\"contentUrl\":\"https:\/\/endormoonstore.com\/wp-content\/uploads\/2017\/07\/citadel_wood-1.jpg\",\"width\":600,\"height\":620,\"caption\":\"Citadel Wood-0\"},{\"@type\":\"BreadcrumbList\",\"@id\":\"https:\/\/endormoonstore.com\/en\/citadel-wood\/#breadcrumb\",\"itemListElement\":[{\"@type\":\"ListItem\",\"position\":1,\"name\":\"Shop\",\"item\":\"https:\/\/endormoonstore.com\/en\/shop\/\"},{\"@type\":\"ListItem\",\"position\":2,\"name\":\"Citadel Wood\"}]},{\"@type\":\"WebSite\",\"@id\":\"https:\/\/endormoonstore.com\/#website\",\"url\":\"https:\/\/endormoonstore.com\/\",\"name\":\"EndormoonStore\",\"description\":\"\",\"potentialAction\":[{\"@type\":\"SearchAction\",\"target\":{\"@type\":\"EntryPoint\",\"urlTemplate\":\"https:\/\/endormoonstore.com\/?s={search_term_string}\"},\"query-input\":{\"@type\":\"PropertyValueSpecification\",\"valueRequired\":true,\"valueName\":\"search_term_string\"}}],\"inLanguage\":\"en-US\"}]}<\/script>\n<!-- \/ Yoast SEO plugin. -->","yoast_head_json":{"title":"Citadel Wood - EndormoonStore","robots":{"index":"index","follow":"follow","max-snippet":"max-snippet:-1","max-image-preview":"max-image-preview:large","max-video-preview":"max-video-preview:-1"},"canonical":"https:\/\/endormoonstore.com\/en\/citadel-wood\/","og_locale":"en_US","og_type":"article","og_title":"Citadel Wood - EndormoonStore","og_description":"Esta caja contiene un Citadel Wood de pl\u00e1stico, id\u00f3neo para crear emocionantes paisajes en los que librar tus batallas de Warhammer Age of Sigmar. Puedes combinar dos o m\u00e1s Citadel Woods para representar un Sylvaneth Wyldwood, un bosque m\u00e1gico en el que habitan esp\u00edritus belicosos.","og_url":"https:\/\/endormoonstore.com\/en\/citadel-wood\/","og_site_name":"EndormoonStore","og_image":[{"width":600,"height":620,"url":"https:\/\/endormoonstore.com\/wp-content\/uploads\/2017\/07\/citadel_wood-1.jpg","type":"image\/jpeg"}],"twitter_card":"summary_large_image","schema":{"@context":"https:\/\/schema.org","@graph":[{"@type":"WebPage","@id":"https:\/\/endormoonstore.com\/en\/citadel-wood\/","url":"https:\/\/endormoonstore.com\/en\/citadel-wood\/","name":"Citadel Wood - EndormoonStore","isPartOf":{"@id":"https:\/\/endormoonstore.com\/#website"},"primaryImageOfPage":{"@id":"https:\/\/endormoonstore.com\/en\/citadel-wood\/#primaryimage"},"image":{"@id":"https:\/\/endormoonstore.com\/en\/citadel-wood\/#primaryimage"},"thumbnailUrl":"https:\/\/endormoonstore.com\/wp-content\/uploads\/2017\/07\/citadel_wood-1.jpg","datePublished":"2017-07-29T09:01:39+00:00","breadcrumb":{"@id":"https:\/\/endormoonstore.com\/en\/citadel-wood\/#breadcrumb"},"inLanguage":"en-US","potentialAction":[{"@type":"ReadAction","target":["https:\/\/endormoonstore.com\/en\/citadel-wood\/"]}]},{"@type":"ImageObject","inLanguage":"en-US","@id":"https:\/\/endormoonstore.com\/en\/citadel-wood\/#primaryimage","url":"https:\/\/endormoonstore.com\/wp-content\/uploads\/2017\/07\/citadel_wood-1.jpg","contentUrl":"https:\/\/endormoonstore.com\/wp-content\/uploads\/2017\/07\/citadel_wood-1.jpg","width":600,"height":620,"caption":"Citadel Wood-0"},{"@type":"BreadcrumbList","@id":"https:\/\/endormoonstore.com\/en\/citadel-wood\/#breadcrumb","itemListElement":[{"@type":"ListItem","position":1,"name":"Shop","item":"https:\/\/endormoonstore.com\/en\/shop\/"},{"@type":"ListItem","position":2,"name":"Citadel Wood"}]},{"@type":"WebSite","@id":"https:\/\/endormoonstore.com\/#website","url":"https:\/\/endormoonstore.com\/","name":"EndormoonStore","description":"","potentialAction":[{"@type":"SearchAction","target":{"@type":"EntryPoint","urlTemplate":"https:\/\/endormoonstore.com\/?s={search_term_string}"},"query-input":{"@type":"PropertyValueSpecification","valueRequired":true,"valueName":"search_term_string"}}],"inLanguage":"en-US"}]}},"taxonomy_info":{"product_cat":[{"value":13751,"label":"No categorized"}]},"featured_image_src_large":["https:\/\/endormoonstore.com\/wp-content\/uploads\/2017\/07\/citadel_wood-1.jpg",600,620,false],"author_info":[],"comment_info":"","_links":{"self":[{"href":"https:\/\/endormoonstore.com\/en\/wp-json\/wp\/v2\/product\/58056","targetHints":{"allow":["GET"]}}],"collection":[{"href":"https:\/\/endormoonstore.com\/en\/wp-json\/wp\/v2\/product"}],"about":[{"href":"https:\/\/endormoonstore.com\/en\/wp-json\/wp\/v2\/types\/product"}],"wp:featuredmedia":[{"embeddable":true,"href":"https:\/\/endormoonstore.com\/en\/wp-json\/wp\/v2\/media\/58050"}],"wp:attachment":[{"href":"https:\/\/endormoonstore.com\/en\/wp-json\/wp\/v2\/media?parent=58056"}],"wp:term":[{"taxonomy":"product_cat","embeddable":true,"href":"https:\/\/endormoonstore.com\/en\/wp-json\/wp\/v2\/product_cat?post=58056"},{"taxonomy":"product_tag","embeddable":true,"href":"https:\/\/endormoonstore.com\/en\/wp-json\/wp\/v2\/product_tag?post=58056"}],"curies":[{"name":"wp","href":"https:\/\/api.w.org\/{rel}","templated":true}]}}