{"id":57998,"date":"2017-07-29T08:54:10","date_gmt":"2017-07-29T06:54:10","guid":{"rendered":"https:\/\/endormoonstore.com\/warhammer-age-of-sigmar-baleful-realmgates\/"},"modified":"2021-08-03T22:59:24","modified_gmt":"2021-08-03T20:59:24","slug":"warhammer-age-of-sigmar-baleful-realmgates","status":"publish","type":"product","link":"https:\/\/endormoonstore.com\/en\/warhammer-age-of-sigmar-baleful-realmgates\/","title":{"rendered":"Warhammer Age of Sigmar Baleful Realmgates"},"content":{"rendered":"<p>Una Baleful Realmgate es inestable, titilante y vibra con luz antinatural y energ\u00edas extra\u00f1as, es un artefacto maldito por el poder de los Dioses Oscuros. Si un grupo de valientes guerreros desea viajar entre los reinos, puede intentar atravesar su umbral, aunque corren el riesgo de ser devorador por daemons. Los magos m\u00e1s poderosos pueden controlar brevemente el poder de la puerta, pero una mente mortal no puede dominar ese poder mal\u00e9volo durante mucho tiempo.<\/p>\n<p>Esta caja contiene dos elementos de escenograf\u00eda de pl\u00e1stico altamente detallados para usar en tus partidas de Warhammer Age of Sigmar. No solo se han dise\u00f1ado para dar un aspecto incre\u00edble a tu mesa, sino que tambi\u00e9n son piezas de juego funcionales y tienen suficiente espacio para situar miniaturas sobre el p\u00f3rtico y junto a \u00e9l. Es un a\u00f1adido esencial para la colecci\u00f3n de cualquier aficionado a Warhammer. La caja contiene un warscroll con todas las reglas necesarias para jugar usar esta escenograf\u00eda en una partida de inmediato. \u00a1S\u00e1cala de la caja y empieza a jugar!<\/p>\n<p>&nbsp;<\/p>\n","protected":false},"excerpt":{"rendered":"<p>Una Baleful Realmgate es inestable, titilante y vibra con luz antinatural y energ\u00edas extra\u00f1as, es un artefacto maldito por el poder de los Dioses Oscuros. Si un grupo de valientes guerreros desea viajar entre los reinos, puede intentar atravesar su umbral, aunque corren el riesgo de ser devorador por daemons. Los magos m\u00e1s poderosos pueden controlar brevemente el poder de la puerta, pero una mente mortal no puede dominar ese poder mal\u00e9volo durante mucho tiempo.<\/p>\n","protected":false},"featured_media":57986,"template":"","meta":{"_acf_changed":false,"_kad_blocks_custom_css":"","_kad_blocks_head_custom_js":"","_kad_blocks_body_custom_js":"","_kad_blocks_footer_custom_js":""},"product_cat":[14150],"product_tag":[],"class_list":{"0":"post-57998","1":"product","2":"type-product","3":"status-publish","4":"has-post-thumbnail","6":"product_cat-sin-categorizar","8":"first","9":"outofstock","10":"taxable","11":"shipping-taxable","12":"purchasable","13":"product-type-simple"},"acf":[],"yoast_head":"<!-- This site is optimized with the Yoast SEO plugin v26.1.1 - https:\/\/yoast.com\/wordpress\/plugins\/seo\/ -->\n<title>Warhammer Age of Sigmar Baleful Realmgates - EndormoonStore<\/title>\n<meta name=\"robots\" content=\"index, follow, max-snippet:-1, max-image-preview:large, max-video-preview:-1\" \/>\n<link rel=\"canonical\" href=\"https:\/\/endormoonstore.com\/en\/warhammer-age-of-sigmar-baleful-realmgates\/\" \/>\n<meta property=\"og:locale\" content=\"en_US\" \/>\n<meta property=\"og:type\" content=\"article\" \/>\n<meta property=\"og:title\" content=\"Warhammer Age of Sigmar Baleful Realmgates - EndormoonStore\" \/>\n<meta property=\"og:description\" content=\"Una Baleful Realmgate es inestable, titilante y vibra con luz antinatural y energ\u00edas extra\u00f1as, es un artefacto maldito por el poder de los Dioses Oscuros. Si un grupo de valientes guerreros desea viajar entre los reinos, puede intentar atravesar su umbral, aunque corren el riesgo de ser devorador por daemons. Los magos m\u00e1s poderosos pueden controlar brevemente el poder de la puerta, pero una mente mortal no puede dominar ese poder mal\u00e9volo durante mucho tiempo.\" \/>\n<meta property=\"og:url\" content=\"https:\/\/endormoonstore.com\/en\/warhammer-age-of-sigmar-baleful-realmgates\/\" \/>\n<meta property=\"og:site_name\" content=\"EndormoonStore\" \/>\n<meta property=\"article:modified_time\" content=\"2021-08-03T20:59:24+00:00\" \/>\n<meta property=\"og:image\" content=\"https:\/\/endormoonstore.com\/wp-content\/uploads\/2017\/07\/warhammer_age_of_sigmar_baleful_realmgates-1.jpg\" \/>\n\t<meta property=\"og:image:width\" content=\"600\" \/>\n\t<meta property=\"og:image:height\" content=\"620\" \/>\n\t<meta property=\"og:image:type\" content=\"image\/jpeg\" \/>\n<meta name=\"twitter:card\" content=\"summary_large_image\" \/>\n<meta name=\"twitter:label1\" content=\"Est. reading time\" \/>\n\t<meta name=\"twitter:data1\" content=\"1 minute\" \/>\n<script type=\"application\/ld+json\" class=\"yoast-schema-graph\">{\"@context\":\"https:\/\/schema.org\",\"@graph\":[{\"@type\":\"WebPage\",\"@id\":\"https:\/\/endormoonstore.com\/en\/warhammer-age-of-sigmar-baleful-realmgates\/\",\"url\":\"https:\/\/endormoonstore.com\/en\/warhammer-age-of-sigmar-baleful-realmgates\/\",\"name\":\"Warhammer Age of Sigmar Baleful Realmgates - EndormoonStore\",\"isPartOf\":{\"@id\":\"https:\/\/endormoonstore.com\/#website\"},\"primaryImageOfPage\":{\"@id\":\"https:\/\/endormoonstore.com\/en\/warhammer-age-of-sigmar-baleful-realmgates\/#primaryimage\"},\"image\":{\"@id\":\"https:\/\/endormoonstore.com\/en\/warhammer-age-of-sigmar-baleful-realmgates\/#primaryimage\"},\"thumbnailUrl\":\"https:\/\/endormoonstore.com\/wp-content\/uploads\/2017\/07\/warhammer_age_of_sigmar_baleful_realmgates-1.jpg\",\"datePublished\":\"2017-07-29T06:54:10+00:00\",\"dateModified\":\"2021-08-03T20:59:24+00:00\",\"breadcrumb\":{\"@id\":\"https:\/\/endormoonstore.com\/en\/warhammer-age-of-sigmar-baleful-realmgates\/#breadcrumb\"},\"inLanguage\":\"en-US\",\"potentialAction\":[{\"@type\":\"ReadAction\",\"target\":[\"https:\/\/endormoonstore.com\/en\/warhammer-age-of-sigmar-baleful-realmgates\/\"]}]},{\"@type\":\"ImageObject\",\"inLanguage\":\"en-US\",\"@id\":\"https:\/\/endormoonstore.com\/en\/warhammer-age-of-sigmar-baleful-realmgates\/#primaryimage\",\"url\":\"https:\/\/endormoonstore.com\/wp-content\/uploads\/2017\/07\/warhammer_age_of_sigmar_baleful_realmgates-1.jpg\",\"contentUrl\":\"https:\/\/endormoonstore.com\/wp-content\/uploads\/2017\/07\/warhammer_age_of_sigmar_baleful_realmgates-1.jpg\",\"width\":600,\"height\":620},{\"@type\":\"BreadcrumbList\",\"@id\":\"https:\/\/endormoonstore.com\/en\/warhammer-age-of-sigmar-baleful-realmgates\/#breadcrumb\",\"itemListElement\":[{\"@type\":\"ListItem\",\"position\":1,\"name\":\"Shop\",\"item\":\"https:\/\/endormoonstore.com\/en\/shop\/\"},{\"@type\":\"ListItem\",\"position\":2,\"name\":\"Warhammer Age of Sigmar Baleful Realmgates\"}]},{\"@type\":\"WebSite\",\"@id\":\"https:\/\/endormoonstore.com\/#website\",\"url\":\"https:\/\/endormoonstore.com\/\",\"name\":\"EndormoonStore\",\"description\":\"\",\"potentialAction\":[{\"@type\":\"SearchAction\",\"target\":{\"@type\":\"EntryPoint\",\"urlTemplate\":\"https:\/\/endormoonstore.com\/?s={search_term_string}\"},\"query-input\":{\"@type\":\"PropertyValueSpecification\",\"valueRequired\":true,\"valueName\":\"search_term_string\"}}],\"inLanguage\":\"en-US\"}]}<\/script>\n<!-- \/ Yoast SEO plugin. -->","yoast_head_json":{"title":"Warhammer Age of Sigmar Baleful Realmgates - EndormoonStore","robots":{"index":"index","follow":"follow","max-snippet":"max-snippet:-1","max-image-preview":"max-image-preview:large","max-video-preview":"max-video-preview:-1"},"canonical":"https:\/\/endormoonstore.com\/en\/warhammer-age-of-sigmar-baleful-realmgates\/","og_locale":"en_US","og_type":"article","og_title":"Warhammer Age of Sigmar Baleful Realmgates - EndormoonStore","og_description":"Una Baleful Realmgate es inestable, titilante y vibra con luz antinatural y energ\u00edas extra\u00f1as, es un artefacto maldito por el poder de los Dioses Oscuros. Si un grupo de valientes guerreros desea viajar entre los reinos, puede intentar atravesar su umbral, aunque corren el riesgo de ser devorador por daemons. Los magos m\u00e1s poderosos pueden controlar brevemente el poder de la puerta, pero una mente mortal no puede dominar ese poder mal\u00e9volo durante mucho tiempo.","og_url":"https:\/\/endormoonstore.com\/en\/warhammer-age-of-sigmar-baleful-realmgates\/","og_site_name":"EndormoonStore","article_modified_time":"2021-08-03T20:59:24+00:00","og_image":[{"width":600,"height":620,"url":"https:\/\/endormoonstore.com\/wp-content\/uploads\/2017\/07\/warhammer_age_of_sigmar_baleful_realmgates-1.jpg","type":"image\/jpeg"}],"twitter_card":"summary_large_image","twitter_misc":{"Est. reading time":"1 minute"},"schema":{"@context":"https:\/\/schema.org","@graph":[{"@type":"WebPage","@id":"https:\/\/endormoonstore.com\/en\/warhammer-age-of-sigmar-baleful-realmgates\/","url":"https:\/\/endormoonstore.com\/en\/warhammer-age-of-sigmar-baleful-realmgates\/","name":"Warhammer Age of Sigmar Baleful Realmgates - EndormoonStore","isPartOf":{"@id":"https:\/\/endormoonstore.com\/#website"},"primaryImageOfPage":{"@id":"https:\/\/endormoonstore.com\/en\/warhammer-age-of-sigmar-baleful-realmgates\/#primaryimage"},"image":{"@id":"https:\/\/endormoonstore.com\/en\/warhammer-age-of-sigmar-baleful-realmgates\/#primaryimage"},"thumbnailUrl":"https:\/\/endormoonstore.com\/wp-content\/uploads\/2017\/07\/warhammer_age_of_sigmar_baleful_realmgates-1.jpg","datePublished":"2017-07-29T06:54:10+00:00","dateModified":"2021-08-03T20:59:24+00:00","breadcrumb":{"@id":"https:\/\/endormoonstore.com\/en\/warhammer-age-of-sigmar-baleful-realmgates\/#breadcrumb"},"inLanguage":"en-US","potentialAction":[{"@type":"ReadAction","target":["https:\/\/endormoonstore.com\/en\/warhammer-age-of-sigmar-baleful-realmgates\/"]}]},{"@type":"ImageObject","inLanguage":"en-US","@id":"https:\/\/endormoonstore.com\/en\/warhammer-age-of-sigmar-baleful-realmgates\/#primaryimage","url":"https:\/\/endormoonstore.com\/wp-content\/uploads\/2017\/07\/warhammer_age_of_sigmar_baleful_realmgates-1.jpg","contentUrl":"https:\/\/endormoonstore.com\/wp-content\/uploads\/2017\/07\/warhammer_age_of_sigmar_baleful_realmgates-1.jpg","width":600,"height":620},{"@type":"BreadcrumbList","@id":"https:\/\/endormoonstore.com\/en\/warhammer-age-of-sigmar-baleful-realmgates\/#breadcrumb","itemListElement":[{"@type":"ListItem","position":1,"name":"Shop","item":"https:\/\/endormoonstore.com\/en\/shop\/"},{"@type":"ListItem","position":2,"name":"Warhammer Age of Sigmar Baleful Realmgates"}]},{"@type":"WebSite","@id":"https:\/\/endormoonstore.com\/#website","url":"https:\/\/endormoonstore.com\/","name":"EndormoonStore","description":"","potentialAction":[{"@type":"SearchAction","target":{"@type":"EntryPoint","urlTemplate":"https:\/\/endormoonstore.com\/?s={search_term_string}"},"query-input":{"@type":"PropertyValueSpecification","valueRequired":true,"valueName":"search_term_string"}}],"inLanguage":"en-US"}]}},"taxonomy_info":{"product_cat":[{"value":14150,"label":"Sin categorizar"}]},"featured_image_src_large":["https:\/\/endormoonstore.com\/wp-content\/uploads\/2017\/07\/warhammer_age_of_sigmar_baleful_realmgates-1.jpg",600,620,false],"author_info":[],"comment_info":"","_links":{"self":[{"href":"https:\/\/endormoonstore.com\/en\/wp-json\/wp\/v2\/product\/57998","targetHints":{"allow":["GET"]}}],"collection":[{"href":"https:\/\/endormoonstore.com\/en\/wp-json\/wp\/v2\/product"}],"about":[{"href":"https:\/\/endormoonstore.com\/en\/wp-json\/wp\/v2\/types\/product"}],"wp:featuredmedia":[{"embeddable":true,"href":"https:\/\/endormoonstore.com\/en\/wp-json\/wp\/v2\/media\/57986"}],"wp:attachment":[{"href":"https:\/\/endormoonstore.com\/en\/wp-json\/wp\/v2\/media?parent=57998"}],"wp:term":[{"taxonomy":"product_cat","embeddable":true,"href":"https:\/\/endormoonstore.com\/en\/wp-json\/wp\/v2\/product_cat?post=57998"},{"taxonomy":"product_tag","embeddable":true,"href":"https:\/\/endormoonstore.com\/en\/wp-json\/wp\/v2\/product_tag?post=57998"}],"curies":[{"name":"wp","href":"https:\/\/api.w.org\/{rel}","templated":true}]}}