{"id":177933,"date":"2025-08-22T00:10:00","date_gmt":"2025-08-21T22:10:00","guid":{"rendered":"https:\/\/endormoonstore.com\/david-martinez-cyberpunk-edgerunners-figzero-1-6\/"},"modified":"2025-08-26T15:58:45","modified_gmt":"2025-08-26T13:58:45","slug":"david-martinez-cyberpunk-edgerunners-figzero-1-6","status":"publish","type":"product","link":"https:\/\/endormoonstore.com\/en\/david-martinez-cyberpunk-edgerunners-figzero-1-6\/","title":{"rendered":"David Martinez Cyberpunk Edgerunners FigZero 1\/6"},"content":{"rendered":"<h4 data-start=\"199\" data-end=\"232\"><strong>El Edgerunner de Night City<\/strong><\/h4>\n<ul>\n<li data-start=\"95\" data-end=\"228\"><a href=\"https:\/\/endormoonstore.com\/en\/character\/david-martinez-en\/\"><strong>David Martinez<\/strong><\/a> Cyberpunk Edgerunners FigZero 1\/6 llega para dar vida al protagonista del anime m\u00e1s aclamado del universo Cyberpunk.<\/li>\n<li data-start=\"95\" data-end=\"228\">Gracias a la calidad de la l\u00ednea FigZero de Threezero, este David Martinez <strong><a href=\"https:\/\/endormoonstore.com\/en\/episode\/cyberpunk-edgerunners-en\/\">Cyberpunk Edgerunners<\/a> <\/strong>cobra vida como una figura articulada de escala 1\/6 (28 cm), lista para desplegar toda la intensidad de Night City en tu vitrina.<\/li>\n<\/ul>\n<h4 data-start=\"588\" data-end=\"627\"><strong>Dise\u00f1o Fiel y Cargado de Detalles<\/strong><\/h4>\n<ul>\n<li data-start=\"628\" data-end=\"1281\">La figura mide aproximadamente 28 cm y cuenta con aproximadamente 32 puntos de articulaci\u00f3n que permiten recrear las poses m\u00e1s ic\u00f3nicas de David. Su chaqueta amarilla fluorescente con franjas blancas reflectantes, forrada en verde metalizado en el interior, reproduce con exactitud el look inconfundible del personaje. Adem\u00e1s, el jersey negro se combina con un collar dorado largo, enrollado al cuello en dos niveles, con un colgante que aporta un detalle urbano y personal al conjunto. Los pantalones verde azulado con cinturones fluorescentes a los lados aportan dinamismo. As\u00ed, el peinado en punta, rapado en los laterales con l\u00edneas futuristas, lo convierte en una recreaci\u00f3n fiel del estilo del anime.<\/li>\n<\/ul>\n<h4 data-start=\"1283\" data-end=\"1313\">Accesorios y Componentes<\/h4>\n<ul>\n<li data-start=\"1314\" data-end=\"1791\">El set incluye dos expresiones faciales intercambiables (rostro neutro y rostro de combate), adem\u00e1s de un amplio surtido de manos para cada situaci\u00f3n: desde poses relajadas hasta acci\u00f3n total. Entre sus accesorios destacan el inmunosupresor, el arma M-10AF Lexington, la pistola M-76e Omaha y la urna cineraria plateada, pieza simb\u00f3lica del tr\u00e1gico destino de David. Todo ello acompa\u00f1ado de cargadores y piezas extra que completan un kit de exposici\u00f3n de nivel coleccionista.<\/li>\n<li data-start=\"1314\" data-end=\"1791\">Nota: en algunas im\u00e1genes promocionales aparece la figura de Lucy, pero se vende por separado.<\/li>\n<\/ul>\n<h4 data-start=\"927\" data-end=\"983\"><strong>Calidad Threezero y un Icono del Cyberpunk Moderno<\/strong><\/h4>\n<ul>\n<li data-start=\"984\" data-end=\"1301\">Fabricada en PVC, ABS, POM y tela de alta calidad, esta FigZero fusiona la artesan\u00eda de los trajes de tela con la precisi\u00f3n del esculpido y la ingenier\u00eda de articulaciones de Threezero. La chaqueta, adem\u00e1s, incorpora un alambre interno que permite poses din\u00e1micas sin perder naturalidad en el movimiento del tejido. De esta forma, la figura no solo transmite acci\u00f3n, sino tambi\u00e9n realismo.<\/li>\n<li data-start=\"984\" data-end=\"1301\">David Mart\u00ednez no es solo un protagonista, sino un s\u00edmbolo de sacrificio y resistencia en el despiadado mundo de Night City. Esta figura convierte su legado en un objeto tangible, pensado para fans que buscan inmortalizar el esp\u00edritu de <em data-start=\"1608\" data-end=\"1621\">Edgerunners<\/em>.<\/li>\n<\/ul>\n<h4 data-start=\"2440\" data-end=\"2486\"><strong>La Pieza que Todo Coleccionista Necesita<\/strong><\/h4>\n<ul>\n<li data-start=\"2487\" data-end=\"2766\">Con la FigZero 1\/6 de David Martinez, tu colecci\u00f3n <a href=\"https:\/\/endormoonstore.com\/en\/license\/cyberpunk-en\/\"><strong>Cyberpunk<\/strong><\/a> alcanza un nuevo nivel. Una combinaci\u00f3n de fidelidad al anime, accesorios abundantes y calidad premium hacen de esta pieza un imprescindible absoluto. A\u00f1\u00e1dela a tu vitrina y revive el viaje m\u00e1s intenso de Night City.<\/li>\n<\/ul>\n<h4><strong>CARACTER\u00cdSTICAS:<\/strong><\/h4>\n<ul>\n<li><span dir=\"auto\"><span dir=\"auto\">Escala 1\/6, aproximadamente 28 cm (11\u201d) de alto<\/span><\/span><\/li>\n<li><span dir=\"auto\"><span dir=\"auto\">Figura totalmente articulada con aproximadamente 32 puntos de articulaci\u00f3n.<\/span><\/span><\/li>\n<li><span dir=\"auto\"><span dir=\"auto\">Torso recientemente desarrollado para representar con precisi\u00f3n los detalles de Sandevistan de David<\/span><\/span><\/li>\n<li><span dir=\"auto\"><span dir=\"auto\">Traje de tela detallado<\/span><\/span><\/li>\n<li><span dir=\"auto\"><span dir=\"auto\">Chaqueta de tela con alambre de metal incorporado, lo que garantiza una alta posabilidad para posturas de acci\u00f3n din\u00e1micas.<\/span><\/span><\/li>\n<\/ul>\n<h4><strong>TRAJE:<\/strong><\/h4>\n<ul>\n<li><span dir=\"auto\"><span dir=\"auto\">Una chaqueta de tela<\/span><\/span><\/li>\n<li><span dir=\"auto\"><span dir=\"auto\">Un collar<\/span><\/span><\/li>\n<li><span dir=\"auto\"><span dir=\"auto\">Una camisa de tela<\/span><\/span><\/li>\n<li><span dir=\"auto\"><span dir=\"auto\">Dos cinturones de tela<\/span><\/span><\/li>\n<li><span dir=\"auto\"><span dir=\"auto\">Un par de pantalones de tela<\/span><\/span><\/li>\n<li><span dir=\"auto\"><span dir=\"auto\">Un par de zapatos<\/span><\/span><\/li>\n<\/ul>\n<h4><strong>ACCESORIOS:<\/strong><\/h4>\n<ul>\n<li><span dir=\"auto\"><span dir=\"auto\">Dos placas frontales intercambiables: una cara est\u00e1ndar y una cara de batalla<\/span><\/span><\/li>\n<li><span dir=\"auto\"><span dir=\"auto\">Un inmunosupresor<\/span><\/span><\/li>\n<li><span dir=\"auto\"><span dir=\"auto\">Una pistola M-10AF Lexington con cargador<\/span><\/span><\/li>\n<li><span dir=\"auto\"><span dir=\"auto\">Una pistola M-76e Omaha con cargador<\/span><\/span><\/li>\n<li><span dir=\"auto\"><span dir=\"auto\">Una Urna Cineraria<\/span><\/span><\/li>\n<li><span dir=\"auto\"><span dir=\"auto\">Siete juegos de manos intercambiables: un par de manos relajadas, un par de pu\u00f1os, un par de manos de acci\u00f3n, una mano derecha con el pulgar hacia arriba, una mano derecha para sostener pistolas pesadas, una mano izquierda para sostener objetos y una mano izquierda para inyectar.<\/span><\/span><\/li>\n<\/ul>\n<h4><strong>Sobre Threezero y la l\u00ednea FigZero<\/strong><\/h4>\n<ul>\n<li data-start=\"489\" data-end=\"947\"><a href=\"https:\/\/endormoonstore.com\/en\/brand\/threezero-en\/\"><strong data-start=\"489\" data-end=\"502\">Threezero<\/strong><\/a> es uno de los fabricantes m\u00e1s prestigiosos del coleccionismo a escala 1\/6, reconocido por su fidelidad a los personajes y por un nivel de acabados de primera categor\u00eda. Con sede en Hong Kong, la compa\u00f1\u00eda ha trabajado con licencias ic\u00f3nicas del cine, los videojuegos y el anime, destacando por su combinaci\u00f3n de esculpidos realistas, trajes confeccionados en tela y un alt\u00edsimo n\u00famero de articulaciones que permite poses din\u00e1micas y naturales.<\/li>\n<li data-start=\"489\" data-end=\"947\">La colecci\u00f3n <a href=\"https:\/\/endormoonstore.com\/en\/theme\/figzero-en\/\"><strong data-start=\"991\" data-end=\"1002\">FigZero<\/strong><\/a> representa la apuesta de Threezero por figuras articuladas de escala 1\/6 con una atenci\u00f3n especial al detalle y a la autenticidad. Cada lanzamiento combina trajes cosidos a medida, accesorios abundantes y esculpidos fieles al material original, ofreciendo al coleccionista piezas premium listas para la exhibici\u00f3n. Gracias a su equilibrio entre ingenier\u00eda, calidad de materiales y fidelidad est\u00e9tica, FigZero se ha convertido en una de las l\u00edneas de referencia para quienes buscan coleccionables articulados de alto nivel.<\/li>\n<\/ul>\n","protected":false},"excerpt":{"rendered":"<h4 data-start=\"2965\" data-end=\"3005\"><strong data-start=\"180\" data-end=\"222\">Un h\u00e9roe tr\u00e1gico convertido en leyenda<\/strong><\/h4>\n<p data-start=\"2965\" data-end=\"3005\">David Martinez llega en su versi\u00f3n FigZero 1\/6 con 28 cm de altura, ropa de tela y un arsenal de accesorios. Una pieza imprescindible del universo <em data-start=\"372\" data-end=\"396\">Cyberpunk: Edgerunners<\/em>, que captura su estilo inconfundible y el legado que lo convirti\u00f3 en s\u00edmbolo de Night City.<\/p>\n","protected":false},"featured_media":177905,"template":"","meta":{"_acf_changed":false,"_kad_blocks_custom_css":"","_kad_blocks_head_custom_js":"","_kad_blocks_body_custom_js":"","_kad_blocks_footer_custom_js":""},"product_cat":[13453,1384],"product_tag":[],"class_list":{"0":"post-177933","1":"product","2":"type-product","3":"status-publish","4":"has-post-thumbnail","6":"product_cat-featured","7":"product_cat-pre-orders","8":"pa_brand-threezero-en","9":"pa_character-david-martinez-en","10":"pa_episode-cyberpunk-edgerunners-en","11":"pa_license-cyberpunk-en","12":"pa_product-type-figure","13":"pa_theme-figzero-en","15":"first","16":"instock","17":"taxable","18":"shipping-taxable","19":"purchasable","20":"product-type-simple"},"acf":[],"yoast_head":"<!-- This site is optimized with the Yoast SEO plugin v26.1.1 - https:\/\/yoast.com\/wordpress\/plugins\/seo\/ -->\n<title>David Martinez Cyberpunk Edgerunners FigZero | EndormoonStore<\/title>\n<meta name=\"description\" content=\"David Martinez Cyberpunk Edgerunners FigZero 1\/6, figura articulada premium de Threezero con accesorios y detalles fieles al anime.\" \/>\n<meta name=\"robots\" content=\"index, follow, max-snippet:-1, max-image-preview:large, max-video-preview:-1\" \/>\n<link rel=\"canonical\" href=\"https:\/\/endormoonstore.com\/en\/david-martinez-cyberpunk-edgerunners-figzero-1-6\/\" \/>\n<meta property=\"og:locale\" content=\"en_US\" \/>\n<meta property=\"og:type\" content=\"article\" \/>\n<meta property=\"og:title\" content=\"David Martinez Cyberpunk Edgerunners FigZero | EndormoonStore\" \/>\n<meta property=\"og:description\" content=\"David Martinez Cyberpunk Edgerunners FigZero 1\/6, figura articulada premium de Threezero con accesorios y detalles fieles al anime.\" \/>\n<meta property=\"og:url\" content=\"https:\/\/endormoonstore.com\/en\/david-martinez-cyberpunk-edgerunners-figzero-1-6\/\" \/>\n<meta property=\"og:site_name\" content=\"EndormoonStore\" \/>\n<meta property=\"article:modified_time\" content=\"2025-08-26T13:58:45+00:00\" \/>\n<meta property=\"og:image\" content=\"https:\/\/endormoonstore.com\/wp-content\/uploads\/2025\/08\/david-martinez-cyberpunk-edgerunners-figzero-1-6-presentacion-chaqueta-amarilla.webp\" \/>\n\t<meta property=\"og:image:width\" content=\"1000\" \/>\n\t<meta property=\"og:image:height\" content=\"1250\" \/>\n\t<meta property=\"og:image:type\" content=\"image\/webp\" \/>\n<meta name=\"twitter:card\" content=\"summary_large_image\" \/>\n<meta name=\"twitter:label1\" content=\"Est. reading time\" \/>\n\t<meta name=\"twitter:data1\" content=\"4 minutes\" \/>\n<script type=\"application\/ld+json\" class=\"yoast-schema-graph\">{\"@context\":\"https:\/\/schema.org\",\"@graph\":[{\"@type\":\"WebPage\",\"@id\":\"https:\/\/endormoonstore.com\/en\/david-martinez-cyberpunk-edgerunners-figzero-1-6\/\",\"url\":\"https:\/\/endormoonstore.com\/en\/david-martinez-cyberpunk-edgerunners-figzero-1-6\/\",\"name\":\"David Martinez Cyberpunk Edgerunners FigZero | EndormoonStore\",\"isPartOf\":{\"@id\":\"https:\/\/endormoonstore.com\/#website\"},\"primaryImageOfPage\":{\"@id\":\"https:\/\/endormoonstore.com\/en\/david-martinez-cyberpunk-edgerunners-figzero-1-6\/#primaryimage\"},\"image\":{\"@id\":\"https:\/\/endormoonstore.com\/en\/david-martinez-cyberpunk-edgerunners-figzero-1-6\/#primaryimage\"},\"thumbnailUrl\":\"https:\/\/endormoonstore.com\/wp-content\/uploads\/2025\/08\/david-martinez-cyberpunk-edgerunners-figzero-1-6-presentacion-chaqueta-amarilla.webp\",\"datePublished\":\"2025-08-21T22:10:00+00:00\",\"dateModified\":\"2025-08-26T13:58:45+00:00\",\"description\":\"David Martinez Cyberpunk Edgerunners FigZero 1\/6, figura articulada premium de Threezero con accesorios y detalles fieles al anime.\",\"breadcrumb\":{\"@id\":\"https:\/\/endormoonstore.com\/en\/david-martinez-cyberpunk-edgerunners-figzero-1-6\/#breadcrumb\"},\"inLanguage\":\"en-US\",\"potentialAction\":[{\"@type\":\"ReadAction\",\"target\":[\"https:\/\/endormoonstore.com\/en\/david-martinez-cyberpunk-edgerunners-figzero-1-6\/\"]}]},{\"@type\":\"ImageObject\",\"inLanguage\":\"en-US\",\"@id\":\"https:\/\/endormoonstore.com\/en\/david-martinez-cyberpunk-edgerunners-figzero-1-6\/#primaryimage\",\"url\":\"https:\/\/endormoonstore.com\/wp-content\/uploads\/2025\/08\/david-martinez-cyberpunk-edgerunners-figzero-1-6-presentacion-chaqueta-amarilla.webp\",\"contentUrl\":\"https:\/\/endormoonstore.com\/wp-content\/uploads\/2025\/08\/david-martinez-cyberpunk-edgerunners-figzero-1-6-presentacion-chaqueta-amarilla.webp\",\"width\":1000,\"height\":1250,\"caption\":\"David Martinez emerge en toda su altura con la chaqueta fluorescente que lo convirti\u00f3 en un icono del anime, listo para reclamar su lugar en la historia de Night City.\"},{\"@type\":\"BreadcrumbList\",\"@id\":\"https:\/\/endormoonstore.com\/en\/david-martinez-cyberpunk-edgerunners-figzero-1-6\/#breadcrumb\",\"itemListElement\":[{\"@type\":\"ListItem\",\"position\":1,\"name\":\"Shop\",\"item\":\"https:\/\/endormoonstore.com\/en\/shop\/\"},{\"@type\":\"ListItem\",\"position\":2,\"name\":\"David Martinez Cyberpunk Edgerunners FigZero 1\/6\"}]},{\"@type\":\"WebSite\",\"@id\":\"https:\/\/endormoonstore.com\/#website\",\"url\":\"https:\/\/endormoonstore.com\/\",\"name\":\"EndormoonStore\",\"description\":\"\",\"potentialAction\":[{\"@type\":\"SearchAction\",\"target\":{\"@type\":\"EntryPoint\",\"urlTemplate\":\"https:\/\/endormoonstore.com\/?s={search_term_string}\"},\"query-input\":{\"@type\":\"PropertyValueSpecification\",\"valueRequired\":true,\"valueName\":\"search_term_string\"}}],\"inLanguage\":\"en-US\"}]}<\/script>\n<!-- \/ Yoast SEO plugin. -->","yoast_head_json":{"title":"David Martinez Cyberpunk Edgerunners FigZero | EndormoonStore","description":"David Martinez Cyberpunk Edgerunners FigZero 1\/6, figura articulada premium de Threezero con accesorios y detalles fieles al anime.","robots":{"index":"index","follow":"follow","max-snippet":"max-snippet:-1","max-image-preview":"max-image-preview:large","max-video-preview":"max-video-preview:-1"},"canonical":"https:\/\/endormoonstore.com\/en\/david-martinez-cyberpunk-edgerunners-figzero-1-6\/","og_locale":"en_US","og_type":"article","og_title":"David Martinez Cyberpunk Edgerunners FigZero | EndormoonStore","og_description":"David Martinez Cyberpunk Edgerunners FigZero 1\/6, figura articulada premium de Threezero con accesorios y detalles fieles al anime.","og_url":"https:\/\/endormoonstore.com\/en\/david-martinez-cyberpunk-edgerunners-figzero-1-6\/","og_site_name":"EndormoonStore","article_modified_time":"2025-08-26T13:58:45+00:00","og_image":[{"width":1000,"height":1250,"url":"https:\/\/endormoonstore.com\/wp-content\/uploads\/2025\/08\/david-martinez-cyberpunk-edgerunners-figzero-1-6-presentacion-chaqueta-amarilla.webp","type":"image\/webp"}],"twitter_card":"summary_large_image","twitter_misc":{"Est. reading time":"4 minutes"},"schema":{"@context":"https:\/\/schema.org","@graph":[{"@type":"WebPage","@id":"https:\/\/endormoonstore.com\/en\/david-martinez-cyberpunk-edgerunners-figzero-1-6\/","url":"https:\/\/endormoonstore.com\/en\/david-martinez-cyberpunk-edgerunners-figzero-1-6\/","name":"David Martinez Cyberpunk Edgerunners FigZero | EndormoonStore","isPartOf":{"@id":"https:\/\/endormoonstore.com\/#website"},"primaryImageOfPage":{"@id":"https:\/\/endormoonstore.com\/en\/david-martinez-cyberpunk-edgerunners-figzero-1-6\/#primaryimage"},"image":{"@id":"https:\/\/endormoonstore.com\/en\/david-martinez-cyberpunk-edgerunners-figzero-1-6\/#primaryimage"},"thumbnailUrl":"https:\/\/endormoonstore.com\/wp-content\/uploads\/2025\/08\/david-martinez-cyberpunk-edgerunners-figzero-1-6-presentacion-chaqueta-amarilla.webp","datePublished":"2025-08-21T22:10:00+00:00","dateModified":"2025-08-26T13:58:45+00:00","description":"David Martinez Cyberpunk Edgerunners FigZero 1\/6, figura articulada premium de Threezero con accesorios y detalles fieles al anime.","breadcrumb":{"@id":"https:\/\/endormoonstore.com\/en\/david-martinez-cyberpunk-edgerunners-figzero-1-6\/#breadcrumb"},"inLanguage":"en-US","potentialAction":[{"@type":"ReadAction","target":["https:\/\/endormoonstore.com\/en\/david-martinez-cyberpunk-edgerunners-figzero-1-6\/"]}]},{"@type":"ImageObject","inLanguage":"en-US","@id":"https:\/\/endormoonstore.com\/en\/david-martinez-cyberpunk-edgerunners-figzero-1-6\/#primaryimage","url":"https:\/\/endormoonstore.com\/wp-content\/uploads\/2025\/08\/david-martinez-cyberpunk-edgerunners-figzero-1-6-presentacion-chaqueta-amarilla.webp","contentUrl":"https:\/\/endormoonstore.com\/wp-content\/uploads\/2025\/08\/david-martinez-cyberpunk-edgerunners-figzero-1-6-presentacion-chaqueta-amarilla.webp","width":1000,"height":1250,"caption":"David Martinez emerge en toda su altura con la chaqueta fluorescente que lo convirti\u00f3 en un icono del anime, listo para reclamar su lugar en la historia de Night City."},{"@type":"BreadcrumbList","@id":"https:\/\/endormoonstore.com\/en\/david-martinez-cyberpunk-edgerunners-figzero-1-6\/#breadcrumb","itemListElement":[{"@type":"ListItem","position":1,"name":"Shop","item":"https:\/\/endormoonstore.com\/en\/shop\/"},{"@type":"ListItem","position":2,"name":"David Martinez Cyberpunk Edgerunners FigZero 1\/6"}]},{"@type":"WebSite","@id":"https:\/\/endormoonstore.com\/#website","url":"https:\/\/endormoonstore.com\/","name":"EndormoonStore","description":"","potentialAction":[{"@type":"SearchAction","target":{"@type":"EntryPoint","urlTemplate":"https:\/\/endormoonstore.com\/?s={search_term_string}"},"query-input":{"@type":"PropertyValueSpecification","valueRequired":true,"valueName":"search_term_string"}}],"inLanguage":"en-US"}]}},"taxonomy_info":{"product_cat":[{"value":13453,"label":"Featured"},{"value":1384,"label":"Pre-orders"}],"pa_brand":[{"value":15850,"label":"Threezero"}],"pa_character":[{"value":15844,"label":"David Martinez"}],"pa_episode":[{"value":15678,"label":"Cyberpunk: Edgerunners"}],"pa_license":[{"value":15680,"label":"Cyberpunk"}],"pa_product-type":[{"value":2387,"label":"Figure"}],"pa_theme":[{"value":15852,"label":"FigZero"}]},"featured_image_src_large":["https:\/\/endormoonstore.com\/wp-content\/uploads\/2025\/08\/david-martinez-cyberpunk-edgerunners-figzero-1-6-presentacion-chaqueta-amarilla.webp",1000,1250,false],"author_info":[],"comment_info":"","_links":{"self":[{"href":"https:\/\/endormoonstore.com\/en\/wp-json\/wp\/v2\/product\/177933","targetHints":{"allow":["GET"]}}],"collection":[{"href":"https:\/\/endormoonstore.com\/en\/wp-json\/wp\/v2\/product"}],"about":[{"href":"https:\/\/endormoonstore.com\/en\/wp-json\/wp\/v2\/types\/product"}],"wp:featuredmedia":[{"embeddable":true,"href":"https:\/\/endormoonstore.com\/en\/wp-json\/wp\/v2\/media\/177905"}],"wp:attachment":[{"href":"https:\/\/endormoonstore.com\/en\/wp-json\/wp\/v2\/media?parent=177933"}],"wp:term":[{"taxonomy":"product_cat","embeddable":true,"href":"https:\/\/endormoonstore.com\/en\/wp-json\/wp\/v2\/product_cat?post=177933"},{"taxonomy":"product_tag","embeddable":true,"href":"https:\/\/endormoonstore.com\/en\/wp-json\/wp\/v2\/product_tag?post=177933"}],"curies":[{"name":"wp","href":"https:\/\/api.w.org\/{rel}","templated":true}]}}