{"id":176935,"date":"2025-07-25T00:20:33","date_gmt":"2025-07-24T22:20:33","guid":{"rendered":"https:\/\/endormoonstore.com\/spider-man-electronic-expressive-mask-replica-marvel-legends-series\/"},"modified":"2025-08-27T16:40:16","modified_gmt":"2025-08-27T14:40:16","slug":"spider-man-electronic-expressive-mask-replica-marvel-legends-series","status":"publish","type":"product","link":"https:\/\/endormoonstore.com\/en\/spider-man-electronic-expressive-mask-replica-marvel-legends-series\/","title":{"rendered":"Spider-Man Electronic Expressive Mask Replica Marvel Legends Series"},"content":{"rendered":"<h4 data-start=\"790\" data-end=\"1471\"><strong data-start=\"790\" data-end=\"837\">Un icono del MCU llevado al siguiente nivel<\/strong><\/h4>\n<ul>\n<li>Inspirada directamente en <em data-start=\"866\" data-end=\"890\">Spider-Man: Homecoming<\/em>, esta Spider-Man Electronic Expressive Mask es mucho m\u00e1s que una simple r\u00e9plica. Es el resultado de a\u00f1os de evoluci\u00f3n en las l\u00edneas de roleplay de Marvel Legends, y representa la primera vez que una m\u00e1scara del trepamuros combina fidelidad cinematogr\u00e1fica con funciones electr\u00f3nicas avanzadas. Desde el dise\u00f1o exterior hasta su interior ajustable, esta pieza ha sido creada para coleccionistas exigentes, cosplayers apasionados y fans que quieren vivir la experiencia completa de ser Peter Parker.<br data-start=\"1408\" data-end=\"1411\" \/>Hazla parte de tu colecci\u00f3n y lleva el MCU a otro nivel.<\/li>\n<\/ul>\n<h4><strong>Dise\u00f1o premium con acabados de pel\u00edcula<\/strong><\/h4>\n<ul>\n<li data-start=\"1519\" data-end=\"2201\">La m\u00e1scara presenta una capa exterior de textura de silicona de alta calidad, lo que le da un aspecto y un tacto fiel al que aparece en la gran pantalla. Adem\u00e1s, es la primera m\u00e1scara de Spider-Man en la l\u00ednea Marvel Legends que incorpora esta superficie suave y realista. La correa interior, ajustable y ergon\u00f3mica, est\u00e1 fabricada con l\u00e1tex natural. Por ello, garantiza tanto sujeci\u00f3n como comodidad en sesiones prolongadas de uso.<\/li>\n<li data-start=\"1519\" data-end=\"2201\">La pieza es completamente wearable a escala 1:1, con capucha para el cuello incluida. Sus dimensiones son de aproximadamente 26 x 18 cm, alcanzando 32,5 cm de altura al colocarse sobre el soporte de exhibici\u00f3n incluido.<\/li>\n<\/ul>\n<h4 data-section-id=\"1mi22t4\" data-start=\"2203\" data-end=\"2258\"><strong>Tecnolog\u00eda ar\u00e1cnida: ojos expresivos a otro nivel<\/strong><\/h4>\n<ul>\n<li data-start=\"2259\" data-end=\"3043\">Por primera vez en la historia de Marvel Legends, esta m\u00e1scara electr\u00f3nica incorpora un sistema de movimiento ocular que lleva el realismo al m\u00e1ximo. Gracias al control remoto incluido, puedes elegir entre 8 movimientos manuales distintos: desde ojos totalmente abiertos hasta entrecerrados, con la posibilidad de moverlos de forma sincronizada o independiente.<br data-start=\"2636\" data-end=\"2639\" \/>Pero eso no es todo. Al cambiar al modo autom\u00e1tico, la m\u00e1scara cobra vida con 5 secuencias preprogramadas que simulan emociones y reflejos ic\u00f3nicos de Spider-Man, como sorpresa, sospecha, alerta por sentido ar\u00e1cnido o incluso gui\u00f1os y parpadeos. De esta forma, cada gesto a\u00f1ade un nivel de expresividad nunca visto antes en una r\u00e9plica de este tipo. El resultado es puro MCU en tu rostro.<\/li>\n<\/ul>\n<h4 data-section-id=\"oexemo\" data-start=\"3045\" data-end=\"3094\"><strong>Pensada para lucirse tanto como para usarse<\/strong><\/h4>\n<ul>\n<li data-start=\"3095\" data-end=\"3664\">El set incluye un soporte de exhibici\u00f3n con activaci\u00f3n electr\u00f3nica, lo que permite mostrar la m\u00e1scara con estilo mientras mantiene activas las funciones de los ojos expresivos. Tanto si la llevas puesta como si forma parte destacada de tu colecci\u00f3n, esta Spider-Man Electronic Expressive Mask no pasa desapercibida.<br data-start=\"3422\" data-end=\"3425\" \/>Funciona con 4 pilas AA (no incluidas) y est\u00e1 preparada para destacar tanto en una vitrina como en convenciones, cosplay o incluso como elemento protagonista en Halloween. No es solo una m\u00e1scara, es una pieza de identidad ar\u00e1cnida.<\/li>\n<\/ul>\n<h4 data-section-id=\"geca6i\" data-start=\"3666\" data-end=\"3701\"><strong>S\u00e9 el h\u00e9roe que llevas dentro<\/strong><\/h4>\n<ul>\n<li data-start=\"3702\" data-end=\"4033\">Siente el poder del trepamuros en cada parpadeo con esta espectacular Spider-Man Electronic Expressive Mask de Marvel Legends. Es un objeto de deseo para fans del MCU, coleccionistas de alto nivel y cosplayers que buscan autenticidad total.<\/li>\n<li data-start=\"3702\" data-end=\"4033\">Hazte con ella y prep\u00e1rate para mirar al mundo con los ojos de un h\u00e9roe.<\/li>\n<\/ul>\n<h4>Sobre Hasbro y su linea Marvel Legends Series:<\/h4>\n<ul>\n<li><strong><a href=\"https:\/\/endormoonstore.com\/en\/brand\/hasbro-en\/\">Hasbro<\/a><\/strong> es una empresa multinacional de juguetes y entretenimiento fundada en 1923. Con sede en Pawtucket, Rhode Island, Hasbro es conocida por sus marcas ic\u00f3nicas como Transformers, G.I. Joe, y My Little Pony. Adem\u00e1s de juguetes, Hasbro tambi\u00e9n produce juegos de mesa y productos de entretenimiento, y ha adquirido varias otras compa\u00f1\u00edas de juguetes a lo largo de los a\u00f1os.<\/li>\n<li>La\u00a0<strong><a href=\"https:\/\/endormoonstore.com\/en\/theme\/marvel-legends-series-en\/\">Marvel Legends Series<\/a><\/strong>\u00a0ofrece una variedad de figuras de acci\u00f3n, r\u00e9plicas y art\u00edculos de juego de rol inspirados en los personajes m\u00e1s ic\u00f3nicos del universo\u00a0Marvel. Esta l\u00ednea incluye figuras detalladas de h\u00e9roes y villanos como\u00a0Spider-Man,\u00a0Iron Man,\u00a0Captain America,\u00a0Thor,\u00a0Doctor Doom\u00a0y muchos m\u00e1s. Adem\u00e1s, dentro de la\u00a0Marvel Legends Series, tambi\u00e9n encontrar\u00e1s cascos premium de personajes como\u00a0Iron Man,\u00a0Star-Lord\u00a0y\u00a0Doctor Doom.<\/li>\n<li>Estos <a href=\"https:\/\/endormoonstore.com\/en\/product-type\/helmets\/\"><strong>cascos<\/strong><\/a>, dise\u00f1ados con una escala 1:1, presentan detalles meticulosos y materiales de alta calidad, perfectos para cosplay, disfraces de Halloween o simplemente para exhibir en tu colecci\u00f3n. Cada casco incluye caracter\u00edsticas \u00fanicas, como luces LED, efectos de sonido y partes desmontables, que los hacen destacar entre otros productos de juego de rol.<\/li>\n<li>No te pierdas la oportunidad de explorar la\u00a0Marvel Legends Series\u00a0de\u00a0Hasbro\u00a0y a\u00f1adir estos impresionantes cascos y figuras a tu colecci\u00f3n. \u00a1Sum\u00e9rgete en el universo de\u00a0Marvel\u00a0y lleva a casa un pedazo de la historia de los superh\u00e9roes!<\/li>\n<\/ul>\n","protected":false},"excerpt":{"rendered":"<h4 data-start=\"790\" data-end=\"1471\"><strong data-start=\"790\" data-end=\"837\">Un icono del MCU llevado al siguiente nivel<\/strong><\/h4>\n<p data-start=\"259\" data-end=\"539\">La r\u00e9plica definitiva del trepamuros. Con textura premium, movimiento ocular electr\u00f3nico y escala 1:1, esta Spider-Man Electronic Expressive Mask te mete de lleno en el MCU. Ideal para cosplay, exhibici\u00f3n o fans que buscan autenticidad total. Marvel Legends al m\u00e1s alto nivel.<\/p>\n","protected":false},"featured_media":176908,"template":"","meta":{"_acf_changed":false,"_kad_blocks_custom_css":"","_kad_blocks_head_custom_js":"","_kad_blocks_body_custom_js":"","_kad_blocks_footer_custom_js":""},"product_cat":[13453,1390,13511],"product_tag":[],"class_list":{"0":"post-176935","1":"product","2":"type-product","3":"status-publish","4":"has-post-thumbnail","6":"product_cat-featured","7":"product_cat-figures","8":"product_cat-new-arrivals","9":"pa_brand-hasbro-en","10":"pa_character-spider-man-en","11":"pa_episode-spider-man-homecoming-en","12":"pa_license-marvel-en","13":"pa_product-type-helmets","14":"pa_theme-marvel-legends-series-en","16":"first","17":"instock","18":"sale","19":"taxable","20":"shipping-taxable","21":"purchasable","22":"product-type-simple"},"acf":[],"yoast_head":"<!-- This site is optimized with the Yoast SEO plugin v26.1.1 - https:\/\/yoast.com\/wordpress\/plugins\/seo\/ -->\n<title>Spider-Man Electronic Expressive Mask Replica Marvel Legends Series - EndormoonStore<\/title>\n<meta name=\"description\" content=\"\u00bfQuieres sentirte como Spider-Man? Esta Spider-Man Electronic Expressive Mask te lleva directo al MCU. Detalles de cine, expresiones reales, escala 1:1.\" \/>\n<meta name=\"robots\" content=\"index, follow, max-snippet:-1, max-image-preview:large, max-video-preview:-1\" \/>\n<link rel=\"canonical\" href=\"https:\/\/endormoonstore.com\/en\/spider-man-electronic-expressive-mask-replica-marvel-legends-series\/\" \/>\n<meta property=\"og:locale\" content=\"en_US\" \/>\n<meta property=\"og:type\" content=\"article\" \/>\n<meta property=\"og:title\" content=\"Spider-Man Electronic Expressive Mask Replica Marvel Legends Series - EndormoonStore\" \/>\n<meta property=\"og:description\" content=\"\u00bfQuieres sentirte como Spider-Man? Esta Spider-Man Electronic Expressive Mask te lleva directo al MCU. Detalles de cine, expresiones reales, escala 1:1.\" \/>\n<meta property=\"og:url\" content=\"https:\/\/endormoonstore.com\/en\/spider-man-electronic-expressive-mask-replica-marvel-legends-series\/\" \/>\n<meta property=\"og:site_name\" content=\"EndormoonStore\" \/>\n<meta property=\"article:modified_time\" content=\"2025-08-27T14:40:16+00:00\" \/>\n<meta property=\"og:image\" content=\"https:\/\/endormoonstore.com\/wp-content\/uploads\/2025\/07\/spider-man-electronic-expressive-mask-marvel-legends-packaging-frontal.webp\" \/>\n\t<meta property=\"og:image:width\" content=\"1000\" \/>\n\t<meta property=\"og:image:height\" content=\"1000\" \/>\n\t<meta property=\"og:image:type\" content=\"image\/webp\" \/>\n<meta name=\"twitter:card\" content=\"summary_large_image\" \/>\n<meta name=\"twitter:label1\" content=\"Est. reading time\" \/>\n\t<meta name=\"twitter:data1\" content=\"4 minutes\" \/>\n<script type=\"application\/ld+json\" class=\"yoast-schema-graph\">{\"@context\":\"https:\/\/schema.org\",\"@graph\":[{\"@type\":\"WebPage\",\"@id\":\"https:\/\/endormoonstore.com\/en\/spider-man-electronic-expressive-mask-replica-marvel-legends-series\/\",\"url\":\"https:\/\/endormoonstore.com\/en\/spider-man-electronic-expressive-mask-replica-marvel-legends-series\/\",\"name\":\"Spider-Man Electronic Expressive Mask Replica Marvel Legends Series - EndormoonStore\",\"isPartOf\":{\"@id\":\"https:\/\/endormoonstore.com\/#website\"},\"primaryImageOfPage\":{\"@id\":\"https:\/\/endormoonstore.com\/en\/spider-man-electronic-expressive-mask-replica-marvel-legends-series\/#primaryimage\"},\"image\":{\"@id\":\"https:\/\/endormoonstore.com\/en\/spider-man-electronic-expressive-mask-replica-marvel-legends-series\/#primaryimage\"},\"thumbnailUrl\":\"https:\/\/endormoonstore.com\/wp-content\/uploads\/2025\/07\/spider-man-electronic-expressive-mask-marvel-legends-packaging-frontal.webp\",\"datePublished\":\"2025-07-24T22:20:33+00:00\",\"dateModified\":\"2025-08-27T14:40:16+00:00\",\"description\":\"\u00bfQuieres sentirte como Spider-Man? Esta Spider-Man Electronic Expressive Mask te lleva directo al MCU. Detalles de cine, expresiones reales, escala 1:1.\",\"breadcrumb\":{\"@id\":\"https:\/\/endormoonstore.com\/en\/spider-man-electronic-expressive-mask-replica-marvel-legends-series\/#breadcrumb\"},\"inLanguage\":\"en-US\",\"potentialAction\":[{\"@type\":\"ReadAction\",\"target\":[\"https:\/\/endormoonstore.com\/en\/spider-man-electronic-expressive-mask-replica-marvel-legends-series\/\"]}]},{\"@type\":\"ImageObject\",\"inLanguage\":\"en-US\",\"@id\":\"https:\/\/endormoonstore.com\/en\/spider-man-electronic-expressive-mask-replica-marvel-legends-series\/#primaryimage\",\"url\":\"https:\/\/endormoonstore.com\/wp-content\/uploads\/2025\/07\/spider-man-electronic-expressive-mask-marvel-legends-packaging-frontal.webp\",\"contentUrl\":\"https:\/\/endormoonstore.com\/wp-content\/uploads\/2025\/07\/spider-man-electronic-expressive-mask-marvel-legends-packaging-frontal.webp\",\"width\":1000,\"height\":1000,\"caption\":\"Parte delantera del packaging con el logo de Spider-Man: Homecoming y visualizaci\u00f3n de las funciones electr\u00f3nicas de la m\u00e1scara.\"},{\"@type\":\"BreadcrumbList\",\"@id\":\"https:\/\/endormoonstore.com\/en\/spider-man-electronic-expressive-mask-replica-marvel-legends-series\/#breadcrumb\",\"itemListElement\":[{\"@type\":\"ListItem\",\"position\":1,\"name\":\"Shop\",\"item\":\"https:\/\/endormoonstore.com\/en\/shop\/\"},{\"@type\":\"ListItem\",\"position\":2,\"name\":\"Spider-Man Electronic Expressive Mask Replica Marvel Legends Series\"}]},{\"@type\":\"WebSite\",\"@id\":\"https:\/\/endormoonstore.com\/#website\",\"url\":\"https:\/\/endormoonstore.com\/\",\"name\":\"EndormoonStore\",\"description\":\"\",\"potentialAction\":[{\"@type\":\"SearchAction\",\"target\":{\"@type\":\"EntryPoint\",\"urlTemplate\":\"https:\/\/endormoonstore.com\/?s={search_term_string}\"},\"query-input\":{\"@type\":\"PropertyValueSpecification\",\"valueRequired\":true,\"valueName\":\"search_term_string\"}}],\"inLanguage\":\"en-US\"}]}<\/script>\n<!-- \/ Yoast SEO plugin. -->","yoast_head_json":{"title":"Spider-Man Electronic Expressive Mask Replica Marvel Legends Series - EndormoonStore","description":"\u00bfQuieres sentirte como Spider-Man? Esta Spider-Man Electronic Expressive Mask te lleva directo al MCU. Detalles de cine, expresiones reales, escala 1:1.","robots":{"index":"index","follow":"follow","max-snippet":"max-snippet:-1","max-image-preview":"max-image-preview:large","max-video-preview":"max-video-preview:-1"},"canonical":"https:\/\/endormoonstore.com\/en\/spider-man-electronic-expressive-mask-replica-marvel-legends-series\/","og_locale":"en_US","og_type":"article","og_title":"Spider-Man Electronic Expressive Mask Replica Marvel Legends Series - EndormoonStore","og_description":"\u00bfQuieres sentirte como Spider-Man? Esta Spider-Man Electronic Expressive Mask te lleva directo al MCU. Detalles de cine, expresiones reales, escala 1:1.","og_url":"https:\/\/endormoonstore.com\/en\/spider-man-electronic-expressive-mask-replica-marvel-legends-series\/","og_site_name":"EndormoonStore","article_modified_time":"2025-08-27T14:40:16+00:00","og_image":[{"width":1000,"height":1000,"url":"https:\/\/endormoonstore.com\/wp-content\/uploads\/2025\/07\/spider-man-electronic-expressive-mask-marvel-legends-packaging-frontal.webp","type":"image\/webp"}],"twitter_card":"summary_large_image","twitter_misc":{"Est. reading time":"4 minutes"},"schema":{"@context":"https:\/\/schema.org","@graph":[{"@type":"WebPage","@id":"https:\/\/endormoonstore.com\/en\/spider-man-electronic-expressive-mask-replica-marvel-legends-series\/","url":"https:\/\/endormoonstore.com\/en\/spider-man-electronic-expressive-mask-replica-marvel-legends-series\/","name":"Spider-Man Electronic Expressive Mask Replica Marvel Legends Series - EndormoonStore","isPartOf":{"@id":"https:\/\/endormoonstore.com\/#website"},"primaryImageOfPage":{"@id":"https:\/\/endormoonstore.com\/en\/spider-man-electronic-expressive-mask-replica-marvel-legends-series\/#primaryimage"},"image":{"@id":"https:\/\/endormoonstore.com\/en\/spider-man-electronic-expressive-mask-replica-marvel-legends-series\/#primaryimage"},"thumbnailUrl":"https:\/\/endormoonstore.com\/wp-content\/uploads\/2025\/07\/spider-man-electronic-expressive-mask-marvel-legends-packaging-frontal.webp","datePublished":"2025-07-24T22:20:33+00:00","dateModified":"2025-08-27T14:40:16+00:00","description":"\u00bfQuieres sentirte como Spider-Man? Esta Spider-Man Electronic Expressive Mask te lleva directo al MCU. Detalles de cine, expresiones reales, escala 1:1.","breadcrumb":{"@id":"https:\/\/endormoonstore.com\/en\/spider-man-electronic-expressive-mask-replica-marvel-legends-series\/#breadcrumb"},"inLanguage":"en-US","potentialAction":[{"@type":"ReadAction","target":["https:\/\/endormoonstore.com\/en\/spider-man-electronic-expressive-mask-replica-marvel-legends-series\/"]}]},{"@type":"ImageObject","inLanguage":"en-US","@id":"https:\/\/endormoonstore.com\/en\/spider-man-electronic-expressive-mask-replica-marvel-legends-series\/#primaryimage","url":"https:\/\/endormoonstore.com\/wp-content\/uploads\/2025\/07\/spider-man-electronic-expressive-mask-marvel-legends-packaging-frontal.webp","contentUrl":"https:\/\/endormoonstore.com\/wp-content\/uploads\/2025\/07\/spider-man-electronic-expressive-mask-marvel-legends-packaging-frontal.webp","width":1000,"height":1000,"caption":"Parte delantera del packaging con el logo de Spider-Man: Homecoming y visualizaci\u00f3n de las funciones electr\u00f3nicas de la m\u00e1scara."},{"@type":"BreadcrumbList","@id":"https:\/\/endormoonstore.com\/en\/spider-man-electronic-expressive-mask-replica-marvel-legends-series\/#breadcrumb","itemListElement":[{"@type":"ListItem","position":1,"name":"Shop","item":"https:\/\/endormoonstore.com\/en\/shop\/"},{"@type":"ListItem","position":2,"name":"Spider-Man Electronic Expressive Mask Replica Marvel Legends Series"}]},{"@type":"WebSite","@id":"https:\/\/endormoonstore.com\/#website","url":"https:\/\/endormoonstore.com\/","name":"EndormoonStore","description":"","potentialAction":[{"@type":"SearchAction","target":{"@type":"EntryPoint","urlTemplate":"https:\/\/endormoonstore.com\/?s={search_term_string}"},"query-input":{"@type":"PropertyValueSpecification","valueRequired":true,"valueName":"search_term_string"}}],"inLanguage":"en-US"}]}},"taxonomy_info":{"product_cat":[{"value":13453,"label":"Featured"},{"value":1390,"label":"Figures"},{"value":13511,"label":"New Arrivals"}],"pa_brand":[{"value":2084,"label":"Hasbro"}],"pa_character":[{"value":2435,"label":"Spider-Man"}],"pa_episode":[{"value":6227,"label":"Spider-Man Homecoming"}],"pa_license":[{"value":1642,"label":"Marvel"}],"pa_product-type":[{"value":2540,"label":"Helmets"}],"pa_theme":[{"value":2071,"label":"Marvel Legends Series"}]},"featured_image_src_large":["https:\/\/endormoonstore.com\/wp-content\/uploads\/2025\/07\/spider-man-electronic-expressive-mask-marvel-legends-packaging-frontal.webp",1000,1000,false],"author_info":[],"comment_info":"","_links":{"self":[{"href":"https:\/\/endormoonstore.com\/en\/wp-json\/wp\/v2\/product\/176935","targetHints":{"allow":["GET"]}}],"collection":[{"href":"https:\/\/endormoonstore.com\/en\/wp-json\/wp\/v2\/product"}],"about":[{"href":"https:\/\/endormoonstore.com\/en\/wp-json\/wp\/v2\/types\/product"}],"wp:featuredmedia":[{"embeddable":true,"href":"https:\/\/endormoonstore.com\/en\/wp-json\/wp\/v2\/media\/176908"}],"wp:attachment":[{"href":"https:\/\/endormoonstore.com\/en\/wp-json\/wp\/v2\/media?parent=176935"}],"wp:term":[{"taxonomy":"product_cat","embeddable":true,"href":"https:\/\/endormoonstore.com\/en\/wp-json\/wp\/v2\/product_cat?post=176935"},{"taxonomy":"product_tag","embeddable":true,"href":"https:\/\/endormoonstore.com\/en\/wp-json\/wp\/v2\/product_tag?post=176935"}],"curies":[{"name":"wp","href":"https:\/\/api.w.org\/{rel}","templated":true}]}}