{"id":176762,"date":"2025-07-21T00:30:31","date_gmt":"2025-07-20T22:30:31","guid":{"rendered":"https:\/\/endormoonstore.com\/the-joker-batman-the-animated-series-one12-collective\/"},"modified":"2025-08-15T12:12:51","modified_gmt":"2025-08-15T10:12:51","slug":"the-joker-batman-the-animated-series-one12-collective","status":"publish","type":"product","link":"https:\/\/endormoonstore.com\/en\/the-joker-batman-the-animated-series-one12-collective\/","title":{"rendered":"The Joker Batman: The Animated Series One:12 Collective"},"content":{"rendered":"<h4 data-start=\"458\" data-end=\"525\"><strong>The Joker llega desde la serie animada m\u00e1s legendaria de Batman<\/strong><\/h4>\n<ul>\n<li data-start=\"527\" data-end=\"1048\">The Joker Batman: The Animated Series regresa en forma de figura coleccionable premium gracias a Mezco Toys y su l\u00ednea One:12 Collective. Esta versi\u00f3n, fiel al dise\u00f1o original de la serie de los 90, nos presenta al Pr\u00edncipe Payaso del Crimen en su faceta m\u00e1s teatral, man\u00edaca e inolvidable.<br data-start=\"817\" data-end=\"820\" \/>Como parte de la colecci\u00f3n One:12 Collective, The Joker Batman: The Animated Series mantiene una escala de 17 cm y m\u00e1s de 28 puntos de articulaci\u00f3n, lo que permite recrear escenas din\u00e1micas y memorables del universo de Gotham.<\/li>\n<\/ul>\n<h4 data-start=\"1050\" data-end=\"1095\"><strong>Un enemigo ic\u00f3nico con una sonrisa mortal<\/strong><\/h4>\n<ul>\n<li data-start=\"1097\" data-end=\"1734\">Mezco Toys ha recreado al Joker con una fidelidad impresionante, respetando los dise\u00f1os de la ic\u00f3nica serie animada de los 90. En ella, el Joker se consolida como el villano m\u00e1s impredecible y peligroso del universo Batman, siempre listo para robarse la escena \u2014y el \u00faltimo aliento de la cordura.<br data-start=\"1393\" data-end=\"1396\" \/>La figura incluye cuatro retratos intercambiables con distintas expresiones faciales, desde la sonrisa burlona hasta la carcajada desquiciada, y un arsenal de accesorios tan exc\u00e9ntrico como letal. El Joker llega vestido con su cl\u00e1sico traje p\u00farpura, camisa con pajarita y flor en la solapa. Todo cuidadosamente detallado y pintado a mano.<\/li>\n<\/ul>\n<h4 data-start=\"319\" data-end=\"360\"><strong>Accesorios que mezclan humor y caos<\/strong><\/h4>\n<ul>\n<li data-start=\"361\" data-end=\"985\">The Joker est\u00e1 preparado para sembrar el caos con un bast\u00f3n que oculta una daga, una bomba de TNT, peces Joker, cartas explosivas, granadas, pastel trampa y hasta un reloj con efecto de gas venenoso, <em data-start=\"561\" data-end=\"615\">entre otros artilugios igual de delirantes y letales<\/em>. Todo este arsenal no solo aporta fidelidad al personaje, sino que multiplica las posibilidades de pose y exposici\u00f3n en cualquier vitrina.<\/li>\n<li data-start=\"361\" data-end=\"985\">Se incluye tambi\u00e9n una base expositora con soporte articulado y decoraci\u00f3n inspirada en la serie animada, ideal para mostrar la figura junto a Batman (se vende por separado) y revivir los momentos m\u00e1s memorables de su rivalidad.<\/li>\n<\/ul>\n<h4><strong>CARACTER\u00cdSTICAS:<\/strong><\/h4>\n<ul>\n<li>One:12 Collective. Cuerpo con m\u00e1s de 28 puntos de articulaci\u00f3n<\/li>\n<li><span dir=\"auto\"><span dir=\"auto\">Cuatro retratos de cabeza<\/span><\/span><\/li>\n<li><span dir=\"auto\"><span dir=\"auto\">Detalles aut\u00e9nticos pintados a mano.<\/span><\/span><\/li>\n<li><span dir=\"auto\"><span dir=\"auto\">Aproximadamente 17 cm de alto<\/span><\/span><\/li>\n<li><span dir=\"auto\"><span dir=\"auto\">Diez manos intercambiables<\/span><\/span>\n<ul>\n<li><span dir=\"auto\"><span dir=\"auto\">Un par de manos posando (izq. y der.)<\/span><\/span><\/li>\n<li><span dir=\"auto\"><span dir=\"auto\">Un par de pu\u00f1os (izq. y der.)<\/span><\/span><\/li>\n<li><span dir=\"auto\"><span dir=\"auto\">Una mano que sostiene la tarjeta (L)<\/span><\/span><\/li>\n<li><span dir=\"auto\"><span dir=\"auto\">Una mano sujetando una bomba (L)<\/span><\/span><\/li>\n<li><span dir=\"auto\"><span dir=\"auto\">Una mano que sostiene una granada (L)<\/span><\/span><\/li>\n<li><span dir=\"auto\"><span dir=\"auto\">Una mano que sostiene un pastel (R)<\/span><\/span><\/li>\n<li><span dir=\"auto\"><span dir=\"auto\">Una mano que sostiene un bast\u00f3n o cuchillo (L)<\/span><\/span><\/li>\n<li><span dir=\"auto\"><span dir=\"auto\">Una mano con dedo \u00edndice en el gatillo (R)<\/span><\/span><\/li>\n<\/ul>\n<\/li>\n<\/ul>\n<h4><strong>TRAJE:<\/strong><\/h4>\n<ul>\n<li><span dir=\"auto\"><span dir=\"auto\">Chaqueta de traje<\/span><\/span><\/li>\n<li><span dir=\"auto\"><span dir=\"auto\">Camisa<\/span><\/span><\/li>\n<li><span dir=\"auto\"><span dir=\"auto\">Corbata de cinta<\/span><\/span><\/li>\n<li><span dir=\"auto\"><span dir=\"auto\">Pantalones de vestir<\/span><\/span><\/li>\n<li><span dir=\"auto\"><span dir=\"auto\">Zapatos de vestir<\/span><\/span><\/li>\n<\/ul>\n<h4><strong>ACCESORIOS:<\/strong><\/h4>\n<ul>\n<li><span dir=\"auto\"><span dir=\"auto\">Una bomba con mecha encendida y apagada intercambiable<\/span><\/span><\/li>\n<li><span dir=\"auto\"><span dir=\"auto\">Una bomba de TNT<\/span><\/span><\/li>\n<li><span dir=\"auto\"><span dir=\"auto\">Un reloj de pulsera<\/span><\/span><\/li>\n<li><span dir=\"auto\"><span dir=\"auto\">Un gas venenoso FX (se conecta al reloj de pulsera)<\/span><\/span><\/li>\n<li><span dir=\"auto\"><span dir=\"auto\">Un grupo de cartas de juego<\/span><\/span><\/li>\n<li><span dir=\"auto\"><span dir=\"auto\">Un pastel<\/span><\/span><\/li>\n<li><span dir=\"auto\"><span dir=\"auto\">Un cuchillo<\/span><\/span><\/li>\n<li><span dir=\"auto\"><span dir=\"auto\">Un bast\u00f3n con daga oculta<\/span><\/span><\/li>\n<li><span dir=\"auto\"><span dir=\"auto\">Dos peces Joker<\/span><\/span><\/li>\n<li><span dir=\"auto\"><span dir=\"auto\">Tres granadas<\/span><\/span><\/li>\n<li><span dir=\"auto\"><span dir=\"auto\">Una base de exhibici\u00f3n colectiva One:12 impresa digitalmente con el logotipo de la pel\u00edcula<\/span><\/span><\/li>\n<li><span dir=\"auto\"><span dir=\"auto\">Un soporte articulado transparente para posar y exponer la figura One:12 Collective<\/span><\/span><\/li>\n<\/ul>\n<h4><strong>Sobre Mezco Toyz y One:12 Collectible:<\/strong><\/h4>\n<ul>\n<li><strong><a href=\"https:\/\/endormoonstore.com\/marca\/mezco-toyz\/\">Mezco Toyz<\/a> <\/strong>es un fabricante l\u00edder de figuras de acci\u00f3n y coleccionables inspirados en la cultura pop, el cine y los c\u00f3mics. Entre sus l\u00edneas m\u00e1s destacadas se encuentra la serie One:12 Collective, que presenta figuras detalladas de personajes ic\u00f3nicos del cine, los c\u00f3mics y la televisi\u00f3n. Estas figuras, a escala 1\/12, cuentan con cuerpos hiperarticulados, trajes realistas de tela y una gran cantidad de accesorios.<\/li>\n<li>La serie <strong><a href=\"https:\/\/endormoonstore.com\/tematica\/one12-collective\/\">One:12 Collective<\/a><\/strong> incluye personajes de franquicias populares como Marvel, DC Universe, Star Trek y muchas m\u00e1s. Cada figura est\u00e1 dise\u00f1ada con un alto nivel de detalle y precisi\u00f3n, lo que las convierte en piezas de colecci\u00f3n muy valoradas por los aficionados. Adem\u00e1s, las figuras de One:12 Collective permiten una gran variedad de poses din\u00e1micas gracias a sus m\u00faltiples puntos de articulaci\u00f3n.<\/li>\n<li><strong><a href=\"https:\/\/endormoonstore.com\/marca\/mezco-toyz\/\">Mezco Toyz<\/a><\/strong> tambi\u00e9n ofrece otras l\u00edneas de productos destacadas. Por ejemplo, la l\u00ednea 5 Points incluye figuras retro con cinco puntos de articulaci\u00f3n. Adem\u00e1s, otras l\u00edneas como MDS Mega Scale y Static-6 presentan estilos y enfoques \u00fanicos, cada una aportando su propia personalidad al mundo de los coleccionables.<\/li>\n<li>La dedicaci\u00f3n de Mezco Toyz a la calidad y el detalle ha asegurado su lugar como uno de los fabricantes m\u00e1s respetados en el mundo de los coleccionables. La serie <strong><a href=\"https:\/\/endormoonstore.com\/tematica\/one12-collective\/\">One:12 Collective<\/a>,<\/strong> en particular, ha revolucionado el mercado de figuras a escala 1\/12, ofreciendo a los coleccionistas una experiencia \u00fanica y emocionante.<\/li>\n<\/ul>\n","protected":false},"excerpt":{"rendered":"<h4><strong>Conan War Paint Edition Conan the Barbarian (1982) One:12 Collective<\/strong><\/h4>\n<p>Mezco Toys presenta la edici\u00f3n War Paint de Conan, directamente del cl\u00e1sico de culto de 1982, &#8220;Conan el B\u00e1rbaro&#8221; (&#8220;Conan the Barbarian&#8221;). En esta figura, Conan se viste con su ic\u00f3nica pintura de camuflaje de guerra, listo para salvar a la hija del rey Osric de la fortaleza de Thulsa Doom en una misi\u00f3n de rescate encubierta.<\/p>\n","protected":false},"featured_media":176743,"template":"","meta":{"_acf_changed":false,"_kad_blocks_custom_css":"","_kad_blocks_head_custom_js":"","_kad_blocks_body_custom_js":"","_kad_blocks_footer_custom_js":""},"product_cat":[13453,1384],"product_tag":[],"class_list":{"0":"post-176762","1":"product","2":"type-product","3":"status-publish","4":"has-post-thumbnail","6":"product_cat-featured","7":"product_cat-pre-orders","8":"pa_brand-mezco-toyz-en","9":"pa_character-the-joker-en","10":"pa_episode-batman-the-animated-series-en","11":"pa_license-dc-universe-en","12":"pa_product-type-figure","13":"pa_theme-one12-collective-en","15":"first","16":"instock","17":"taxable","18":"shipping-taxable","19":"purchasable","20":"product-type-simple"},"acf":[],"yoast_head":"<!-- This site is optimized with the Yoast SEO plugin v26.1.1 - https:\/\/yoast.com\/wordpress\/plugins\/seo\/ -->\n<title>The Joker Batman: The Animated Series One:12 Collective - EndormoonStore<\/title>\n<meta name=\"description\" content=\"The Joker Batman: The Animated Series de Mezco. Una figura One:12 brutalmente articulada y cargada de accesorios salvajemente ic\u00f3nicos.\" \/>\n<meta name=\"robots\" content=\"index, follow, max-snippet:-1, max-image-preview:large, max-video-preview:-1\" \/>\n<link rel=\"canonical\" href=\"https:\/\/endormoonstore.com\/en\/the-joker-batman-the-animated-series-one12-collective\/\" \/>\n<meta property=\"og:locale\" content=\"en_US\" \/>\n<meta property=\"og:type\" content=\"article\" \/>\n<meta property=\"og:title\" content=\"The Joker Batman: The Animated Series One:12 Collective - EndormoonStore\" \/>\n<meta property=\"og:description\" content=\"The Joker Batman: The Animated Series de Mezco. Una figura One:12 brutalmente articulada y cargada de accesorios salvajemente ic\u00f3nicos.\" \/>\n<meta property=\"og:url\" content=\"https:\/\/endormoonstore.com\/en\/the-joker-batman-the-animated-series-one12-collective\/\" \/>\n<meta property=\"og:site_name\" content=\"EndormoonStore\" \/>\n<meta property=\"article:modified_time\" content=\"2025-08-15T10:12:51+00:00\" \/>\n<meta property=\"og:image\" content=\"https:\/\/endormoonstore.com\/wp-content\/uploads\/2025\/07\/the-joker-batman-the-animated-series-one12-collective-figura.webp\" \/>\n\t<meta property=\"og:image:width\" content=\"800\" \/>\n\t<meta property=\"og:image:height\" content=\"800\" \/>\n\t<meta property=\"og:image:type\" content=\"image\/webp\" \/>\n<meta name=\"twitter:card\" content=\"summary_large_image\" \/>\n<meta name=\"twitter:label1\" content=\"Est. reading time\" \/>\n\t<meta name=\"twitter:data1\" content=\"4 minutes\" \/>\n<script type=\"application\/ld+json\" class=\"yoast-schema-graph\">{\"@context\":\"https:\/\/schema.org\",\"@graph\":[{\"@type\":\"WebPage\",\"@id\":\"https:\/\/endormoonstore.com\/en\/the-joker-batman-the-animated-series-one12-collective\/\",\"url\":\"https:\/\/endormoonstore.com\/en\/the-joker-batman-the-animated-series-one12-collective\/\",\"name\":\"The Joker Batman: The Animated Series One:12 Collective - EndormoonStore\",\"isPartOf\":{\"@id\":\"https:\/\/endormoonstore.com\/#website\"},\"primaryImageOfPage\":{\"@id\":\"https:\/\/endormoonstore.com\/en\/the-joker-batman-the-animated-series-one12-collective\/#primaryimage\"},\"image\":{\"@id\":\"https:\/\/endormoonstore.com\/en\/the-joker-batman-the-animated-series-one12-collective\/#primaryimage\"},\"thumbnailUrl\":\"https:\/\/endormoonstore.com\/wp-content\/uploads\/2025\/07\/the-joker-batman-the-animated-series-one12-collective-figura.webp\",\"datePublished\":\"2025-07-20T22:30:31+00:00\",\"dateModified\":\"2025-08-15T10:12:51+00:00\",\"description\":\"The Joker Batman: The Animated Series de Mezco. Una figura One:12 brutalmente articulada y cargada de accesorios salvajemente ic\u00f3nicos.\",\"breadcrumb\":{\"@id\":\"https:\/\/endormoonstore.com\/en\/the-joker-batman-the-animated-series-one12-collective\/#breadcrumb\"},\"inLanguage\":\"en-US\",\"potentialAction\":[{\"@type\":\"ReadAction\",\"target\":[\"https:\/\/endormoonstore.com\/en\/the-joker-batman-the-animated-series-one12-collective\/\"]}]},{\"@type\":\"ImageObject\",\"inLanguage\":\"en-US\",\"@id\":\"https:\/\/endormoonstore.com\/en\/the-joker-batman-the-animated-series-one12-collective\/#primaryimage\",\"url\":\"https:\/\/endormoonstore.com\/wp-content\/uploads\/2025\/07\/the-joker-batman-the-animated-series-one12-collective-figura.webp\",\"contentUrl\":\"https:\/\/endormoonstore.com\/wp-content\/uploads\/2025\/07\/the-joker-batman-the-animated-series-one12-collective-figura.webp\",\"width\":800,\"height\":800,\"caption\":\"The Joker en su versi\u00f3n animada cl\u00e1sica cobra vida con esta espectacular figura de One:12 Collective. Un tributo perfecto al villano m\u00e1s ic\u00f3nico de Gotham.\"},{\"@type\":\"BreadcrumbList\",\"@id\":\"https:\/\/endormoonstore.com\/en\/the-joker-batman-the-animated-series-one12-collective\/#breadcrumb\",\"itemListElement\":[{\"@type\":\"ListItem\",\"position\":1,\"name\":\"Shop\",\"item\":\"https:\/\/endormoonstore.com\/en\/shop\/\"},{\"@type\":\"ListItem\",\"position\":2,\"name\":\"The Joker Batman: The Animated Series One:12 Collective\"}]},{\"@type\":\"WebSite\",\"@id\":\"https:\/\/endormoonstore.com\/#website\",\"url\":\"https:\/\/endormoonstore.com\/\",\"name\":\"EndormoonStore\",\"description\":\"\",\"potentialAction\":[{\"@type\":\"SearchAction\",\"target\":{\"@type\":\"EntryPoint\",\"urlTemplate\":\"https:\/\/endormoonstore.com\/?s={search_term_string}\"},\"query-input\":{\"@type\":\"PropertyValueSpecification\",\"valueRequired\":true,\"valueName\":\"search_term_string\"}}],\"inLanguage\":\"en-US\"}]}<\/script>\n<!-- \/ Yoast SEO plugin. -->","yoast_head_json":{"title":"The Joker Batman: The Animated Series One:12 Collective - EndormoonStore","description":"The Joker Batman: The Animated Series de Mezco. Una figura One:12 brutalmente articulada y cargada de accesorios salvajemente ic\u00f3nicos.","robots":{"index":"index","follow":"follow","max-snippet":"max-snippet:-1","max-image-preview":"max-image-preview:large","max-video-preview":"max-video-preview:-1"},"canonical":"https:\/\/endormoonstore.com\/en\/the-joker-batman-the-animated-series-one12-collective\/","og_locale":"en_US","og_type":"article","og_title":"The Joker Batman: The Animated Series One:12 Collective - EndormoonStore","og_description":"The Joker Batman: The Animated Series de Mezco. Una figura One:12 brutalmente articulada y cargada de accesorios salvajemente ic\u00f3nicos.","og_url":"https:\/\/endormoonstore.com\/en\/the-joker-batman-the-animated-series-one12-collective\/","og_site_name":"EndormoonStore","article_modified_time":"2025-08-15T10:12:51+00:00","og_image":[{"width":800,"height":800,"url":"https:\/\/endormoonstore.com\/wp-content\/uploads\/2025\/07\/the-joker-batman-the-animated-series-one12-collective-figura.webp","type":"image\/webp"}],"twitter_card":"summary_large_image","twitter_misc":{"Est. reading time":"4 minutes"},"schema":{"@context":"https:\/\/schema.org","@graph":[{"@type":"WebPage","@id":"https:\/\/endormoonstore.com\/en\/the-joker-batman-the-animated-series-one12-collective\/","url":"https:\/\/endormoonstore.com\/en\/the-joker-batman-the-animated-series-one12-collective\/","name":"The Joker Batman: The Animated Series One:12 Collective - EndormoonStore","isPartOf":{"@id":"https:\/\/endormoonstore.com\/#website"},"primaryImageOfPage":{"@id":"https:\/\/endormoonstore.com\/en\/the-joker-batman-the-animated-series-one12-collective\/#primaryimage"},"image":{"@id":"https:\/\/endormoonstore.com\/en\/the-joker-batman-the-animated-series-one12-collective\/#primaryimage"},"thumbnailUrl":"https:\/\/endormoonstore.com\/wp-content\/uploads\/2025\/07\/the-joker-batman-the-animated-series-one12-collective-figura.webp","datePublished":"2025-07-20T22:30:31+00:00","dateModified":"2025-08-15T10:12:51+00:00","description":"The Joker Batman: The Animated Series de Mezco. Una figura One:12 brutalmente articulada y cargada de accesorios salvajemente ic\u00f3nicos.","breadcrumb":{"@id":"https:\/\/endormoonstore.com\/en\/the-joker-batman-the-animated-series-one12-collective\/#breadcrumb"},"inLanguage":"en-US","potentialAction":[{"@type":"ReadAction","target":["https:\/\/endormoonstore.com\/en\/the-joker-batman-the-animated-series-one12-collective\/"]}]},{"@type":"ImageObject","inLanguage":"en-US","@id":"https:\/\/endormoonstore.com\/en\/the-joker-batman-the-animated-series-one12-collective\/#primaryimage","url":"https:\/\/endormoonstore.com\/wp-content\/uploads\/2025\/07\/the-joker-batman-the-animated-series-one12-collective-figura.webp","contentUrl":"https:\/\/endormoonstore.com\/wp-content\/uploads\/2025\/07\/the-joker-batman-the-animated-series-one12-collective-figura.webp","width":800,"height":800,"caption":"The Joker en su versi\u00f3n animada cl\u00e1sica cobra vida con esta espectacular figura de One:12 Collective. Un tributo perfecto al villano m\u00e1s ic\u00f3nico de Gotham."},{"@type":"BreadcrumbList","@id":"https:\/\/endormoonstore.com\/en\/the-joker-batman-the-animated-series-one12-collective\/#breadcrumb","itemListElement":[{"@type":"ListItem","position":1,"name":"Shop","item":"https:\/\/endormoonstore.com\/en\/shop\/"},{"@type":"ListItem","position":2,"name":"The Joker Batman: The Animated Series One:12 Collective"}]},{"@type":"WebSite","@id":"https:\/\/endormoonstore.com\/#website","url":"https:\/\/endormoonstore.com\/","name":"EndormoonStore","description":"","potentialAction":[{"@type":"SearchAction","target":{"@type":"EntryPoint","urlTemplate":"https:\/\/endormoonstore.com\/?s={search_term_string}"},"query-input":{"@type":"PropertyValueSpecification","valueRequired":true,"valueName":"search_term_string"}}],"inLanguage":"en-US"}]}},"taxonomy_info":{"product_cat":[{"value":13453,"label":"Featured"},{"value":1384,"label":"Pre-orders"}],"pa_brand":[{"value":1638,"label":"Mezco Toyz"}],"pa_character":[{"value":15815,"label":"The Joker"}],"pa_episode":[{"value":15113,"label":"Batman: The Animated Series"}],"pa_license":[{"value":3086,"label":"Dc Universe"}],"pa_product-type":[{"value":2387,"label":"Figure"}],"pa_theme":[{"value":1885,"label":"One:12 Collective"}]},"featured_image_src_large":["https:\/\/endormoonstore.com\/wp-content\/uploads\/2025\/07\/the-joker-batman-the-animated-series-one12-collective-figura.webp",800,800,false],"author_info":[],"comment_info":"","_links":{"self":[{"href":"https:\/\/endormoonstore.com\/en\/wp-json\/wp\/v2\/product\/176762","targetHints":{"allow":["GET"]}}],"collection":[{"href":"https:\/\/endormoonstore.com\/en\/wp-json\/wp\/v2\/product"}],"about":[{"href":"https:\/\/endormoonstore.com\/en\/wp-json\/wp\/v2\/types\/product"}],"wp:featuredmedia":[{"embeddable":true,"href":"https:\/\/endormoonstore.com\/en\/wp-json\/wp\/v2\/media\/176743"}],"wp:attachment":[{"href":"https:\/\/endormoonstore.com\/en\/wp-json\/wp\/v2\/media?parent=176762"}],"wp:term":[{"taxonomy":"product_cat","embeddable":true,"href":"https:\/\/endormoonstore.com\/en\/wp-json\/wp\/v2\/product_cat?post=176762"},{"taxonomy":"product_tag","embeddable":true,"href":"https:\/\/endormoonstore.com\/en\/wp-json\/wp\/v2\/product_tag?post=176762"}],"curies":[{"name":"wp","href":"https:\/\/api.w.org\/{rel}","templated":true}]}}