{"id":176592,"date":"2025-07-11T05:10:24","date_gmt":"2025-07-11T03:10:24","guid":{"rendered":"https:\/\/endormoonstore.com\/iron-warriors-mkvi-tactical-sergeant-with-power-sword-and-plasma-pistol-warhammer-the-horus-heresy\/"},"modified":"2025-07-18T22:30:26","modified_gmt":"2025-07-18T20:30:26","slug":"iron-warriors-mkvi-tactical-sergeant-with-power-sword-and-plasma-pistol-warhammer-the-horus-heresy","status":"publish","type":"product","link":"https:\/\/endormoonstore.com\/en\/iron-warriors-mkvi-tactical-sergeant-with-power-sword-and-plasma-pistol-warhammer-the-horus-heresy\/","title":{"rendered":"Iron Warriors MKVI Tactical Sergeant with Power Sword and Plasma Pistol Warhammer The Horus Heresy"},"content":{"rendered":"<h4><strong>La Furia de los Amos de Hierro! Iron Warriors MKVI Tactical Sergeant<\/strong><\/h4>\n<ul>\n<li>Desde las brutales trincheras de la Herej\u00eda de Horus, llega la personificaci\u00f3n de la furia y la tenacidad. Joy Toy presenta al Iron Warriors MKVI Tactical Sergeant with Power Sword and Plasma Pistol. Es una figura imprescindible para cualquier coleccionista de Warhammer: The Horus Heresy. Este Iron Warriors MKVI Tactical Sergeant arde con la misma ira que su Primarca Perturabo. Est\u00e1 listo para liderar asaltos. Romper\u00e1 cualquier defensa con su voluntad inquebrantable.<\/li>\n<\/ul>\n<h4><b>Un Juramento de Acero y Odio Eterno<\/b><\/h4>\n<ul>\n<li>Los Iron Warriors son expertos en romper asedios. Asaltan fortificaciones enemigas con maestr\u00eda. Liderados por su Primarca, Perturabo, se aliaron con el Warmaster (Horus Lupercal). Esta alianza se forj\u00f3 durante su her\u00e9tica marcha de guerra hacia Sol. Siempre se sintieron pasados por alto. A pesar de sus sacrificios, los favorecidos Imperial Fists eran sus rivales. La rabia y los celos que ard\u00edan en Perturabo estallaron en un infierno. En consecuencia, sus Iron Warriors diezmaron y quemaron mundos enteros. Adem\u00e1s, son conocidos por reemplazar sus miembros ca\u00eddos con partes mec\u00e1nicas. Este Sergeant permanece f\u00e9rreo en su creencia y devoci\u00f3n a su l\u00edder. Porque lo que Perturabo quiere, as\u00ed ser\u00e1.<\/li>\n<\/ul>\n<h4><strong>Detalle Brutal y Articulaci\u00f3n Impecable<\/strong><\/h4>\n<ul>\n<li>Luciendo su distintiva armadura MKVI &#8216;Corvus&#8217; Power Armour, esta figura es impresionante. Su casco ic\u00f3nico &#8216;beakie&#8217; incluye equipo sensorial avanzado. El Iron Warriors MKVI Tactical Sergeant mide aproximadamente 12.2 cm (4.80 pulgadas). Se presenta en una escala de 1\/18. Fabricada con ABS y PVC de alta calidad, adem\u00e1s, cuenta con 26 puntos de articulaci\u00f3n. Esto permite un abanico inigualable de poses din\u00e1micas. Cada detalle ha sido meticulosamente recreado. Logra una representaci\u00f3n <i>screen-accurate<\/i> de la brutal est\u00e9tica de los Amos de Hierro. En definitiva, lista para comandar las l\u00edneas del frente de tu colecci\u00f3n. Esta figura representa a las escuadras t\u00e1cticas, el pilar de las Legiones Astartes.<\/li>\n<\/ul>\n<h4><b>Arsenal de Guerreros del Asedio y Personalizaci\u00f3n<\/b><\/h4>\n<ul>\n<li>El Iron Warriors MKVI Tactical Sergeant no viene solo. Para empezar, incluye un devastador rifle b\u00f3lter con bayoneta integrada. Tambi\u00e9n trae su letal pistola de plasma. Pero eso no es todo: su arsenal se expande con una imponente power sword. Es ideal para el combate cuerpo a cuerpo. Para un toque de autenticidad visual, se incluye una cartuchera detallada con una pistola moldeada. Esta pistola no es extra\u00edble, pero la cartuchera se acopla a la cintura del sargento. Asimismo, para una personalizaci\u00f3n sin l\u00edmites, contiene 2 esculpidos de cabeza alternativos. Tambi\u00e9n incluye 4 manos intercambiables. Esto te permite recrear cualquier postura de acecho o asalto. Tambi\u00e9n se incluye un <i>power pack<\/i> para su armadura y un pergamino de juramento. Finalmente, un soporte de figura asegura su estabilidad en tu exhibici\u00f3n. Todo esto se presenta en una caja cerrada con ilustraciones premium, perfecta para coleccionistas.<\/li>\n<\/ul>\n<h4><b>\u00a1Que el Asedio Comience en Tu Colecci\u00f3n!<\/b><\/h4>\n<ul>\n<li>Los escuadrones t\u00e1cticos son el pilar de las Legiones. Son capaces de asaltar posiciones fortificadas y masacrar al enemigo. Por lo tanto, si eres un verdadero devoto de la Herej\u00eda de Horus, \u00a1a\u00f1ade a este sargento de los Iron Warriors a tu colecci\u00f3n de Warhammer: The Horus Heresy hoy mismo! Que empiece el asedio.<\/li>\n<\/ul>\n<h4><strong>Sobre Joy Toy,The Horus Heresy<\/strong><\/h4>\n<ul>\n<li><a href=\"https:\/\/endormoonstore.com\/marca\/joytoy\/\"><strong>Joy Toy<\/strong><\/a>, compa\u00f1\u00eda fundada en 2015, se distingue por su excepcional calidad y atenci\u00f3n al detalle en figuras de acci\u00f3n de ciencia ficci\u00f3n y militares. Especializados en figuras altamente articuladas, han ganado la admiraci\u00f3n de coleccionistas y entusiastas. Adem\u00e1s de sus l\u00edneas propias, Joy Toy ha establecido una importante alianza con Games Workshop, creando figuras detalladas y de alta calidad del universo Warhammer, llevando la pasi\u00f3n por estos mundos a un formato tangible y coleccionable. Su compromiso con la excelencia los posiciona como un referente en la industria.<\/li>\n<li><a href=\"https:\/\/endormoonstore.com\/licencia\/warhammer-the-horus-heresy\/\"><strong>The Horus Heresy<\/strong><\/a>, tambi\u00e9n conocido como Warhammer 30,000, sumerge a los aficionados en una era \u00e9pica y tr\u00e1gica del universo de Warhammer 40,000. Ambientado diez mil a\u00f1os antes, narra la brutal guerra civil que casi destroz\u00f3 el Imperio del Hombre, con legiones de Space Marines enfrent\u00e1ndose entre s\u00ed bajo el liderazgo de los Primarcas leales y los traidores liderados por Horus Lupercal. Esta l\u00ednea ofrece un trasfondo rico y detallado, miniaturas ic\u00f3nicas y reglas de juego que capturan la escala masiva y el hero\u00edsmo oscuro de este conflicto legendario, atrayendo tanto a jugadores como a coleccionistas fascinados por los or\u00edgenes del universo de Warhammer 40,000.<\/li>\n<\/ul>\n","protected":false},"excerpt":{"rendered":"<h4><strong>La Furia de los Amos de Hierro! Iron Warriors MKVI Tactical Sergeant<\/strong><\/h4>\n<p>Desde las brutales trincheras de la Herej\u00eda de Horus, llega la personificaci\u00f3n de la furia y la tenacidad. Joy Toy presenta al Iron Warriors MKVI Tactical Sergeant with Power Sword and Plasma Pistol. Es una figura imprescindible para cualquier coleccionista de Warhammer: The Horus Heresy.<\/p>\n<p>&nbsp;<\/p>\n","protected":false},"featured_media":176570,"template":"","meta":{"_acf_changed":false,"_kad_blocks_custom_css":"","_kad_blocks_head_custom_js":"","_kad_blocks_body_custom_js":"","_kad_blocks_footer_custom_js":""},"product_cat":[13453,1384],"product_tag":[],"class_list":{"0":"post-176592","1":"product","2":"type-product","3":"status-publish","4":"has-post-thumbnail","6":"product_cat-featured","7":"product_cat-pre-orders","8":"pa_brand-joytoy-en","9":"pa_character-mkvi-tactical-sergeant-en","10":"pa_license-warhammer-the-horus-heresy-en","11":"pa_product-type-figure","12":"pa_theme-iron-warriors-en","14":"first","15":"instock","16":"taxable","17":"shipping-taxable","18":"purchasable","19":"product-type-simple"},"acf":[],"yoast_head":"<!-- This site is optimized with the Yoast SEO plugin v26.1.1 - https:\/\/yoast.com\/wordpress\/plugins\/seo\/ -->\n<title>Iron Warriors MKVI Tactical Sergeant with Power Sword and Plasma Pistol Warhammer The Horus Heresy - EndormoonStore<\/title>\n<meta name=\"description\" content=\"Iron Warriors MKVI Tactical Sergeant Joy Toy. Figura detallada 30K de Warhammer: The Horus Heresy. Con power sword y plasma. \u00a1Imprescindible!\" \/>\n<meta name=\"robots\" content=\"index, follow, max-snippet:-1, max-image-preview:large, max-video-preview:-1\" \/>\n<link rel=\"canonical\" href=\"https:\/\/endormoonstore.com\/en\/iron-warriors-mkvi-tactical-sergeant-with-power-sword-and-plasma-pistol-warhammer-the-horus-heresy\/\" \/>\n<meta property=\"og:locale\" content=\"en_US\" \/>\n<meta property=\"og:type\" content=\"article\" \/>\n<meta property=\"og:title\" content=\"Iron Warriors MKVI Tactical Sergeant with Power Sword and Plasma Pistol Warhammer The Horus Heresy - EndormoonStore\" \/>\n<meta property=\"og:description\" content=\"Iron Warriors MKVI Tactical Sergeant Joy Toy. Figura detallada 30K de Warhammer: The Horus Heresy. Con power sword y plasma. \u00a1Imprescindible!\" \/>\n<meta property=\"og:url\" content=\"https:\/\/endormoonstore.com\/en\/iron-warriors-mkvi-tactical-sergeant-with-power-sword-and-plasma-pistol-warhammer-the-horus-heresy\/\" \/>\n<meta property=\"og:site_name\" content=\"EndormoonStore\" \/>\n<meta property=\"article:modified_time\" content=\"2025-07-18T20:30:26+00:00\" \/>\n<meta property=\"og:image\" content=\"https:\/\/endormoonstore.com\/wp-content\/uploads\/2025\/07\/iron-warriors-mkvi-tactical-sergeant-power-sword-plasma-pistol-pose.webp\" \/>\n\t<meta property=\"og:image:width\" content=\"750\" \/>\n\t<meta property=\"og:image:height\" content=\"1124\" \/>\n\t<meta property=\"og:image:type\" content=\"image\/webp\" \/>\n<meta name=\"twitter:card\" content=\"summary_large_image\" \/>\n<meta name=\"twitter:label1\" content=\"Est. reading time\" \/>\n\t<meta name=\"twitter:data1\" content=\"4 minutes\" \/>\n<script type=\"application\/ld+json\" class=\"yoast-schema-graph\">{\"@context\":\"https:\/\/schema.org\",\"@graph\":[{\"@type\":\"WebPage\",\"@id\":\"https:\/\/endormoonstore.com\/en\/iron-warriors-mkvi-tactical-sergeant-with-power-sword-and-plasma-pistol-warhammer-the-horus-heresy\/\",\"url\":\"https:\/\/endormoonstore.com\/en\/iron-warriors-mkvi-tactical-sergeant-with-power-sword-and-plasma-pistol-warhammer-the-horus-heresy\/\",\"name\":\"Iron Warriors MKVI Tactical Sergeant with Power Sword and Plasma Pistol Warhammer The Horus Heresy - EndormoonStore\",\"isPartOf\":{\"@id\":\"https:\/\/endormoonstore.com\/#website\"},\"primaryImageOfPage\":{\"@id\":\"https:\/\/endormoonstore.com\/en\/iron-warriors-mkvi-tactical-sergeant-with-power-sword-and-plasma-pistol-warhammer-the-horus-heresy\/#primaryimage\"},\"image\":{\"@id\":\"https:\/\/endormoonstore.com\/en\/iron-warriors-mkvi-tactical-sergeant-with-power-sword-and-plasma-pistol-warhammer-the-horus-heresy\/#primaryimage\"},\"thumbnailUrl\":\"https:\/\/endormoonstore.com\/wp-content\/uploads\/2025\/07\/iron-warriors-mkvi-tactical-sergeant-power-sword-plasma-pistol-pose.webp\",\"datePublished\":\"2025-07-11T03:10:24+00:00\",\"dateModified\":\"2025-07-18T20:30:26+00:00\",\"description\":\"Iron Warriors MKVI Tactical Sergeant Joy Toy. Figura detallada 30K de Warhammer: The Horus Heresy. Con power sword y plasma. \u00a1Imprescindible!\",\"breadcrumb\":{\"@id\":\"https:\/\/endormoonstore.com\/en\/iron-warriors-mkvi-tactical-sergeant-with-power-sword-and-plasma-pistol-warhammer-the-horus-heresy\/#breadcrumb\"},\"inLanguage\":\"en-US\",\"potentialAction\":[{\"@type\":\"ReadAction\",\"target\":[\"https:\/\/endormoonstore.com\/en\/iron-warriors-mkvi-tactical-sergeant-with-power-sword-and-plasma-pistol-warhammer-the-horus-heresy\/\"]}]},{\"@type\":\"ImageObject\",\"inLanguage\":\"en-US\",\"@id\":\"https:\/\/endormoonstore.com\/en\/iron-warriors-mkvi-tactical-sergeant-with-power-sword-and-plasma-pistol-warhammer-the-horus-heresy\/#primaryimage\",\"url\":\"https:\/\/endormoonstore.com\/wp-content\/uploads\/2025\/07\/iron-warriors-mkvi-tactical-sergeant-power-sword-plasma-pistol-pose.webp\",\"contentUrl\":\"https:\/\/endormoonstore.com\/wp-content\/uploads\/2025\/07\/iron-warriors-mkvi-tactical-sergeant-power-sword-plasma-pistol-pose.webp\",\"width\":750,\"height\":1124,\"caption\":\"La figura Iron Warriors MKVI Tactical Sergeant de JOYTOY es la \\\"personificaci\u00f3n de la furia y la tenacidad\\\", mostr\u00e1ndose aqu\u00ed con su \\\"letal pistola de plasma\\\" y su \\\"imponente power sword\\\", lista para liderar asaltos y romper defensas.\"},{\"@type\":\"BreadcrumbList\",\"@id\":\"https:\/\/endormoonstore.com\/en\/iron-warriors-mkvi-tactical-sergeant-with-power-sword-and-plasma-pistol-warhammer-the-horus-heresy\/#breadcrumb\",\"itemListElement\":[{\"@type\":\"ListItem\",\"position\":1,\"name\":\"Shop\",\"item\":\"https:\/\/endormoonstore.com\/en\/shop\/\"},{\"@type\":\"ListItem\",\"position\":2,\"name\":\"Iron Warriors MKVI Tactical Sergeant with Power Sword and Plasma Pistol Warhammer The Horus Heresy\"}]},{\"@type\":\"WebSite\",\"@id\":\"https:\/\/endormoonstore.com\/#website\",\"url\":\"https:\/\/endormoonstore.com\/\",\"name\":\"EndormoonStore\",\"description\":\"\",\"potentialAction\":[{\"@type\":\"SearchAction\",\"target\":{\"@type\":\"EntryPoint\",\"urlTemplate\":\"https:\/\/endormoonstore.com\/?s={search_term_string}\"},\"query-input\":{\"@type\":\"PropertyValueSpecification\",\"valueRequired\":true,\"valueName\":\"search_term_string\"}}],\"inLanguage\":\"en-US\"}]}<\/script>\n<!-- \/ Yoast SEO plugin. -->","yoast_head_json":{"title":"Iron Warriors MKVI Tactical Sergeant with Power Sword and Plasma Pistol Warhammer The Horus Heresy - EndormoonStore","description":"Iron Warriors MKVI Tactical Sergeant Joy Toy. Figura detallada 30K de Warhammer: The Horus Heresy. Con power sword y plasma. \u00a1Imprescindible!","robots":{"index":"index","follow":"follow","max-snippet":"max-snippet:-1","max-image-preview":"max-image-preview:large","max-video-preview":"max-video-preview:-1"},"canonical":"https:\/\/endormoonstore.com\/en\/iron-warriors-mkvi-tactical-sergeant-with-power-sword-and-plasma-pistol-warhammer-the-horus-heresy\/","og_locale":"en_US","og_type":"article","og_title":"Iron Warriors MKVI Tactical Sergeant with Power Sword and Plasma Pistol Warhammer The Horus Heresy - EndormoonStore","og_description":"Iron Warriors MKVI Tactical Sergeant Joy Toy. Figura detallada 30K de Warhammer: The Horus Heresy. Con power sword y plasma. \u00a1Imprescindible!","og_url":"https:\/\/endormoonstore.com\/en\/iron-warriors-mkvi-tactical-sergeant-with-power-sword-and-plasma-pistol-warhammer-the-horus-heresy\/","og_site_name":"EndormoonStore","article_modified_time":"2025-07-18T20:30:26+00:00","og_image":[{"width":750,"height":1124,"url":"https:\/\/endormoonstore.com\/wp-content\/uploads\/2025\/07\/iron-warriors-mkvi-tactical-sergeant-power-sword-plasma-pistol-pose.webp","type":"image\/webp"}],"twitter_card":"summary_large_image","twitter_misc":{"Est. reading time":"4 minutes"},"schema":{"@context":"https:\/\/schema.org","@graph":[{"@type":"WebPage","@id":"https:\/\/endormoonstore.com\/en\/iron-warriors-mkvi-tactical-sergeant-with-power-sword-and-plasma-pistol-warhammer-the-horus-heresy\/","url":"https:\/\/endormoonstore.com\/en\/iron-warriors-mkvi-tactical-sergeant-with-power-sword-and-plasma-pistol-warhammer-the-horus-heresy\/","name":"Iron Warriors MKVI Tactical Sergeant with Power Sword and Plasma Pistol Warhammer The Horus Heresy - EndormoonStore","isPartOf":{"@id":"https:\/\/endormoonstore.com\/#website"},"primaryImageOfPage":{"@id":"https:\/\/endormoonstore.com\/en\/iron-warriors-mkvi-tactical-sergeant-with-power-sword-and-plasma-pistol-warhammer-the-horus-heresy\/#primaryimage"},"image":{"@id":"https:\/\/endormoonstore.com\/en\/iron-warriors-mkvi-tactical-sergeant-with-power-sword-and-plasma-pistol-warhammer-the-horus-heresy\/#primaryimage"},"thumbnailUrl":"https:\/\/endormoonstore.com\/wp-content\/uploads\/2025\/07\/iron-warriors-mkvi-tactical-sergeant-power-sword-plasma-pistol-pose.webp","datePublished":"2025-07-11T03:10:24+00:00","dateModified":"2025-07-18T20:30:26+00:00","description":"Iron Warriors MKVI Tactical Sergeant Joy Toy. Figura detallada 30K de Warhammer: The Horus Heresy. Con power sword y plasma. \u00a1Imprescindible!","breadcrumb":{"@id":"https:\/\/endormoonstore.com\/en\/iron-warriors-mkvi-tactical-sergeant-with-power-sword-and-plasma-pistol-warhammer-the-horus-heresy\/#breadcrumb"},"inLanguage":"en-US","potentialAction":[{"@type":"ReadAction","target":["https:\/\/endormoonstore.com\/en\/iron-warriors-mkvi-tactical-sergeant-with-power-sword-and-plasma-pistol-warhammer-the-horus-heresy\/"]}]},{"@type":"ImageObject","inLanguage":"en-US","@id":"https:\/\/endormoonstore.com\/en\/iron-warriors-mkvi-tactical-sergeant-with-power-sword-and-plasma-pistol-warhammer-the-horus-heresy\/#primaryimage","url":"https:\/\/endormoonstore.com\/wp-content\/uploads\/2025\/07\/iron-warriors-mkvi-tactical-sergeant-power-sword-plasma-pistol-pose.webp","contentUrl":"https:\/\/endormoonstore.com\/wp-content\/uploads\/2025\/07\/iron-warriors-mkvi-tactical-sergeant-power-sword-plasma-pistol-pose.webp","width":750,"height":1124,"caption":"La figura Iron Warriors MKVI Tactical Sergeant de JOYTOY es la \"personificaci\u00f3n de la furia y la tenacidad\", mostr\u00e1ndose aqu\u00ed con su \"letal pistola de plasma\" y su \"imponente power sword\", lista para liderar asaltos y romper defensas."},{"@type":"BreadcrumbList","@id":"https:\/\/endormoonstore.com\/en\/iron-warriors-mkvi-tactical-sergeant-with-power-sword-and-plasma-pistol-warhammer-the-horus-heresy\/#breadcrumb","itemListElement":[{"@type":"ListItem","position":1,"name":"Shop","item":"https:\/\/endormoonstore.com\/en\/shop\/"},{"@type":"ListItem","position":2,"name":"Iron Warriors MKVI Tactical Sergeant with Power Sword and Plasma Pistol Warhammer The Horus Heresy"}]},{"@type":"WebSite","@id":"https:\/\/endormoonstore.com\/#website","url":"https:\/\/endormoonstore.com\/","name":"EndormoonStore","description":"","potentialAction":[{"@type":"SearchAction","target":{"@type":"EntryPoint","urlTemplate":"https:\/\/endormoonstore.com\/?s={search_term_string}"},"query-input":{"@type":"PropertyValueSpecification","valueRequired":true,"valueName":"search_term_string"}}],"inLanguage":"en-US"}]}},"taxonomy_info":{"product_cat":[{"value":13453,"label":"Featured"},{"value":1384,"label":"Pre-orders"}],"pa_brand":[{"value":11280,"label":"JoyToy"}],"pa_character":[{"value":15777,"label":"MKVI Tactical Sergeant"}],"pa_license":[{"value":14830,"label":"Warhammer: The Horus Heresy"}],"pa_product-type":[{"value":2387,"label":"Figure"}],"pa_theme":[{"value":15600,"label":"Iron Warriors"}]},"featured_image_src_large":["https:\/\/endormoonstore.com\/wp-content\/uploads\/2025\/07\/iron-warriors-mkvi-tactical-sergeant-power-sword-plasma-pistol-pose.webp",750,1124,false],"author_info":[],"comment_info":"","_links":{"self":[{"href":"https:\/\/endormoonstore.com\/en\/wp-json\/wp\/v2\/product\/176592","targetHints":{"allow":["GET"]}}],"collection":[{"href":"https:\/\/endormoonstore.com\/en\/wp-json\/wp\/v2\/product"}],"about":[{"href":"https:\/\/endormoonstore.com\/en\/wp-json\/wp\/v2\/types\/product"}],"wp:featuredmedia":[{"embeddable":true,"href":"https:\/\/endormoonstore.com\/en\/wp-json\/wp\/v2\/media\/176570"}],"wp:attachment":[{"href":"https:\/\/endormoonstore.com\/en\/wp-json\/wp\/v2\/media?parent=176592"}],"wp:term":[{"taxonomy":"product_cat","embeddable":true,"href":"https:\/\/endormoonstore.com\/en\/wp-json\/wp\/v2\/product_cat?post=176592"},{"taxonomy":"product_tag","embeddable":true,"href":"https:\/\/endormoonstore.com\/en\/wp-json\/wp\/v2\/product_tag?post=176592"}],"curies":[{"name":"wp","href":"https:\/\/api.w.org\/{rel}","templated":true}]}}