{"id":176567,"date":"2025-07-11T05:05:57","date_gmt":"2025-07-11T03:05:57","guid":{"rendered":"https:\/\/endormoonstore.com\/ultimate-michael-myers-halloween-h20-twenty-years-later\/"},"modified":"2025-07-17T21:48:17","modified_gmt":"2025-07-17T19:48:17","slug":"ultimate-michael-myers-halloween-h20-twenty-years-later","status":"publish","type":"product","link":"https:\/\/endormoonstore.com\/en\/ultimate-michael-myers-halloween-h20-twenty-years-later\/","title":{"rendered":"Ultimate Michael Myers Halloween H20: Twenty Years Later"},"content":{"rendered":"<h4><strong>Ultimate Michael Myers Halloween H20: \u00a1El Mal Nunca Muere!<\/strong><\/h4>\n<ul>\n<li>\u00a1Prep\u00e1rate para el terror! De hecho, la figura de acci\u00f3n Ultimate Michael Myers Halloween H20 de NECA celebra el escalofriante regreso del icono del slasher. Directamente de la pel\u00edcula de 1998, Halloween H20: Twenty Years Later (Halloween H20: 20 a\u00f1os despu\u00e9s en Espa\u00f1a), esta pieza da vida al psic\u00f3pata de Haddonfield. As\u00ed, dos d\u00e9cadas despu\u00e9s de aquella fat\u00eddica noche, Michael Myers resurge implacable, acechando a su hermana Laurie Strode. A medida que las sombras se alargan, por consiguiente, el mal, silencioso y brutal, regresa con una venganza absoluta. En definitiva, esta figura, completamente articulada y a escala de 7 pulgadas (aproximadamente 18 cm), captura la aterradora presencia de Ultimate Michael Myers Halloween H20 con un detalle <i>screen-accurate<\/i> escalofriantemente fiel al largometraje.<\/li>\n<\/ul>\n<h4><b>Un Arsenal de Terror para Ultimate Michael Myers Halloween H20<\/b><\/h4>\n<ul>\n<li>En primer lugar, la figura Ultimate Michael Myers Halloween H20 ofrece una articulaci\u00f3n completa y un detalle <i>screen-accurate<\/i> que ning\u00fan coleccionista de terror puede ignorar. Para ello, equ\u00edpalo para sus sangrientas fechor\u00edas. La figura incluye un arsenal de accesorios esenciales para recrear las escenas m\u00e1s ic\u00f3nicas: 3x cabezas intercambiables (una ya incluida en la figura y dos adicionales para personalizar), 5x manos alternativas para poses din\u00e1micas de acecho, adem\u00e1s de 1x hacha de bombero, el infame 1x pat\u00edn sobre hielo, 2x cuchillos de cocina afilados y 1x calabaza siniestra. Finalmente, NECA presenta esta pieza maestra en una caja <i>collector-friendly<\/i> con ventana y solapa frontal abatible, perfecto para exhibir sin miedo. Por lo tanto, esta figura de Ultimate Michael Myers Halloween H20 es una adici\u00f3n imprescindible. \u00a1A\u00f1\u00e1dela hoy mismo a tu santuario de terror!<\/li>\n<\/ul>\n<h4><strong>Sobre NECA <\/strong><\/h4>\n<ul>\n<li data-sourcepos=\"5:1-5:420\"><a href=\"https:\/\/endormoonstore.com\/en\/home\/neca-2\/\"><strong>(National Entertainment Collectibles Association)<\/strong><\/a> se fund\u00f3 en 1996. R\u00e1pidamente se estableci\u00f3 como un l\u00edder en la industria de coleccionables y figuras de acci\u00f3n con licencia. A lo largo de su historia, <a href=\"https:\/\/endormoonstore.com\/en\/home\/neca-2\/\"><strong>NECA<\/strong><\/a> se ha dedicado a crear productos de alta calidad con un nivel de detalle excepcional. Su cat\u00e1logo abarca una amplia gama de franquicias populares del cine, la televisi\u00f3n, los videojuegos y el c\u00f3mic.<\/li>\n<li data-sourcepos=\"7:1-7:218\">Entre sus muchas l\u00edneas destacadas, se encuentran sus aclamadas colecciones de terror, que incluyen figuras ic\u00f3nicas de cl\u00e1sicos del g\u00e9nero, y la popular l\u00ednea de <a href=\"https:\/\/endormoonstore.com\/licencia\/las-tortugas-ninja-mutantes\/\"><strong>Teenage Mutant Ninja Turtles<\/strong><\/a>, muy querida por los fans.<\/li>\n<li data-sourcepos=\"9:1-9:405\">Desde figuras de acci\u00f3n articuladas hasta r\u00e9plicas a escala real y merchandising diverso, NECA se ha ganado la fidelidad de los fans. Esto se debe a su compromiso con la autenticidad y la atenci\u00f3n al detalle en una multitud de franquicias. Con cada lanzamiento, NECA contin\u00faa expandiendo su cat\u00e1logo y consolidando su posici\u00f3n como una de las marcas preferidas por los coleccionistas a nivel mundial.&#8221;<\/li>\n<\/ul>\n","protected":false},"excerpt":{"rendered":"<h4><strong>Ultimate Michael Myers Halloween H20: \u00a1El Mal Nunca Muere!<\/strong><\/h4>\n<p>\u00a1Prep\u00e1rate para el terror. La figura de acci\u00f3n Ultimate Michael Myers Halloween H20 de NECA celebra el escalofriante regreso del icono del slasher. Directamente de la pel\u00edcula de 1998, Halloween H20: Twenty Years Later (Halloween H20: 20 a\u00f1os despu\u00e9s en Espa\u00f1a), esta pieza da vida al psic\u00f3pata de Haddonfield<\/p>\n","protected":false},"featured_media":176526,"template":"","meta":{"_acf_changed":false,"_kad_blocks_custom_css":"","_kad_blocks_head_custom_js":"","_kad_blocks_body_custom_js":"","_kad_blocks_footer_custom_js":""},"product_cat":[13453,1384],"product_tag":[],"class_list":{"0":"post-176567","1":"product","2":"type-product","3":"status-publish","4":"has-post-thumbnail","6":"product_cat-featured","7":"product_cat-pre-orders","8":"pa_brand-neca-en","9":"pa_character-michael-myers-en","10":"pa_episode-halloween-h20-twenty-years-later-en","11":"pa_license-halloween-en","12":"pa_product-type-figure","13":"pa_theme-scale-action-figure-en","15":"first","16":"instock","17":"taxable","18":"shipping-taxable","19":"purchasable","20":"product-type-simple"},"acf":[],"yoast_head":"<!-- This site is optimized with the Yoast SEO plugin v26.1.1 - https:\/\/yoast.com\/wordpress\/plugins\/seo\/ -->\n<title>Ultimate Michael Myers Halloween H20: Twenty Years Later - EndormoonStore<\/title>\n<meta name=\"description\" content=\"\u00a1El terror regresa! Ultimate Michael Myers Halloween H20 de NECA: figura de 18cm con cabezas, manos y armas. \u00a1Un icono del slasher para tu colecci\u00f3n!\" \/>\n<meta name=\"robots\" content=\"index, follow, max-snippet:-1, max-image-preview:large, max-video-preview:-1\" \/>\n<link rel=\"canonical\" href=\"https:\/\/endormoonstore.com\/en\/ultimate-michael-myers-halloween-h20-twenty-years-later\/\" \/>\n<meta property=\"og:locale\" content=\"en_US\" \/>\n<meta property=\"og:type\" content=\"article\" \/>\n<meta property=\"og:title\" content=\"Ultimate Michael Myers Halloween H20: Twenty Years Later - EndormoonStore\" \/>\n<meta property=\"og:description\" content=\"\u00a1El terror regresa! Ultimate Michael Myers Halloween H20 de NECA: figura de 18cm con cabezas, manos y armas. \u00a1Un icono del slasher para tu colecci\u00f3n!\" \/>\n<meta property=\"og:url\" content=\"https:\/\/endormoonstore.com\/en\/ultimate-michael-myers-halloween-h20-twenty-years-later\/\" \/>\n<meta property=\"og:site_name\" content=\"EndormoonStore\" \/>\n<meta property=\"article:modified_time\" content=\"2025-07-17T19:48:17+00:00\" \/>\n<meta property=\"og:image\" content=\"https:\/\/endormoonstore.com\/wp-content\/uploads\/2025\/07\/ultimate-michael-myers-halloween-h20-figura-pose-amenazante.webp\" \/>\n\t<meta property=\"og:image:width\" content=\"666\" \/>\n\t<meta property=\"og:image:height\" content=\"1000\" \/>\n\t<meta property=\"og:image:type\" content=\"image\/webp\" \/>\n<meta name=\"twitter:card\" content=\"summary_large_image\" \/>\n<meta name=\"twitter:label1\" content=\"Est. reading time\" \/>\n\t<meta name=\"twitter:data1\" content=\"3 minutes\" \/>\n<script type=\"application\/ld+json\" class=\"yoast-schema-graph\">{\"@context\":\"https:\/\/schema.org\",\"@graph\":[{\"@type\":\"WebPage\",\"@id\":\"https:\/\/endormoonstore.com\/en\/ultimate-michael-myers-halloween-h20-twenty-years-later\/\",\"url\":\"https:\/\/endormoonstore.com\/en\/ultimate-michael-myers-halloween-h20-twenty-years-later\/\",\"name\":\"Ultimate Michael Myers Halloween H20: Twenty Years Later - EndormoonStore\",\"isPartOf\":{\"@id\":\"https:\/\/endormoonstore.com\/#website\"},\"primaryImageOfPage\":{\"@id\":\"https:\/\/endormoonstore.com\/en\/ultimate-michael-myers-halloween-h20-twenty-years-later\/#primaryimage\"},\"image\":{\"@id\":\"https:\/\/endormoonstore.com\/en\/ultimate-michael-myers-halloween-h20-twenty-years-later\/#primaryimage\"},\"thumbnailUrl\":\"https:\/\/endormoonstore.com\/wp-content\/uploads\/2025\/07\/ultimate-michael-myers-halloween-h20-figura-pose-amenazante.webp\",\"datePublished\":\"2025-07-11T03:05:57+00:00\",\"dateModified\":\"2025-07-17T19:48:17+00:00\",\"description\":\"\u00a1El terror regresa! Ultimate Michael Myers Halloween H20 de NECA: figura de 18cm con cabezas, manos y armas. \u00a1Un icono del slasher para tu colecci\u00f3n!\",\"breadcrumb\":{\"@id\":\"https:\/\/endormoonstore.com\/en\/ultimate-michael-myers-halloween-h20-twenty-years-later\/#breadcrumb\"},\"inLanguage\":\"en-US\",\"potentialAction\":[{\"@type\":\"ReadAction\",\"target\":[\"https:\/\/endormoonstore.com\/en\/ultimate-michael-myers-halloween-h20-twenty-years-later\/\"]}]},{\"@type\":\"ImageObject\",\"inLanguage\":\"en-US\",\"@id\":\"https:\/\/endormoonstore.com\/en\/ultimate-michael-myers-halloween-h20-twenty-years-later\/#primaryimage\",\"url\":\"https:\/\/endormoonstore.com\/wp-content\/uploads\/2025\/07\/ultimate-michael-myers-halloween-h20-figura-pose-amenazante.webp\",\"contentUrl\":\"https:\/\/endormoonstore.com\/wp-content\/uploads\/2025\/07\/ultimate-michael-myers-halloween-h20-figura-pose-amenazante.webp\",\"width\":666,\"height\":1000,\"caption\":\"La figura Ultimate Michael Myers Halloween H20 de NECA \\\"captura la aterradora presencia\\\" del icono del slasher con \\\"detalle screen-accurate escalofriantemente fiel al largometraje\\\".\"},{\"@type\":\"BreadcrumbList\",\"@id\":\"https:\/\/endormoonstore.com\/en\/ultimate-michael-myers-halloween-h20-twenty-years-later\/#breadcrumb\",\"itemListElement\":[{\"@type\":\"ListItem\",\"position\":1,\"name\":\"Shop\",\"item\":\"https:\/\/endormoonstore.com\/en\/shop\/\"},{\"@type\":\"ListItem\",\"position\":2,\"name\":\"Ultimate Michael Myers Halloween H20: Twenty Years Later\"}]},{\"@type\":\"WebSite\",\"@id\":\"https:\/\/endormoonstore.com\/#website\",\"url\":\"https:\/\/endormoonstore.com\/\",\"name\":\"EndormoonStore\",\"description\":\"\",\"potentialAction\":[{\"@type\":\"SearchAction\",\"target\":{\"@type\":\"EntryPoint\",\"urlTemplate\":\"https:\/\/endormoonstore.com\/?s={search_term_string}\"},\"query-input\":{\"@type\":\"PropertyValueSpecification\",\"valueRequired\":true,\"valueName\":\"search_term_string\"}}],\"inLanguage\":\"en-US\"}]}<\/script>\n<!-- \/ Yoast SEO plugin. -->","yoast_head_json":{"title":"Ultimate Michael Myers Halloween H20: Twenty Years Later - EndormoonStore","description":"\u00a1El terror regresa! Ultimate Michael Myers Halloween H20 de NECA: figura de 18cm con cabezas, manos y armas. \u00a1Un icono del slasher para tu colecci\u00f3n!","robots":{"index":"index","follow":"follow","max-snippet":"max-snippet:-1","max-image-preview":"max-image-preview:large","max-video-preview":"max-video-preview:-1"},"canonical":"https:\/\/endormoonstore.com\/en\/ultimate-michael-myers-halloween-h20-twenty-years-later\/","og_locale":"en_US","og_type":"article","og_title":"Ultimate Michael Myers Halloween H20: Twenty Years Later - EndormoonStore","og_description":"\u00a1El terror regresa! Ultimate Michael Myers Halloween H20 de NECA: figura de 18cm con cabezas, manos y armas. \u00a1Un icono del slasher para tu colecci\u00f3n!","og_url":"https:\/\/endormoonstore.com\/en\/ultimate-michael-myers-halloween-h20-twenty-years-later\/","og_site_name":"EndormoonStore","article_modified_time":"2025-07-17T19:48:17+00:00","og_image":[{"width":666,"height":1000,"url":"https:\/\/endormoonstore.com\/wp-content\/uploads\/2025\/07\/ultimate-michael-myers-halloween-h20-figura-pose-amenazante.webp","type":"image\/webp"}],"twitter_card":"summary_large_image","twitter_misc":{"Est. reading time":"3 minutes"},"schema":{"@context":"https:\/\/schema.org","@graph":[{"@type":"WebPage","@id":"https:\/\/endormoonstore.com\/en\/ultimate-michael-myers-halloween-h20-twenty-years-later\/","url":"https:\/\/endormoonstore.com\/en\/ultimate-michael-myers-halloween-h20-twenty-years-later\/","name":"Ultimate Michael Myers Halloween H20: Twenty Years Later - EndormoonStore","isPartOf":{"@id":"https:\/\/endormoonstore.com\/#website"},"primaryImageOfPage":{"@id":"https:\/\/endormoonstore.com\/en\/ultimate-michael-myers-halloween-h20-twenty-years-later\/#primaryimage"},"image":{"@id":"https:\/\/endormoonstore.com\/en\/ultimate-michael-myers-halloween-h20-twenty-years-later\/#primaryimage"},"thumbnailUrl":"https:\/\/endormoonstore.com\/wp-content\/uploads\/2025\/07\/ultimate-michael-myers-halloween-h20-figura-pose-amenazante.webp","datePublished":"2025-07-11T03:05:57+00:00","dateModified":"2025-07-17T19:48:17+00:00","description":"\u00a1El terror regresa! Ultimate Michael Myers Halloween H20 de NECA: figura de 18cm con cabezas, manos y armas. \u00a1Un icono del slasher para tu colecci\u00f3n!","breadcrumb":{"@id":"https:\/\/endormoonstore.com\/en\/ultimate-michael-myers-halloween-h20-twenty-years-later\/#breadcrumb"},"inLanguage":"en-US","potentialAction":[{"@type":"ReadAction","target":["https:\/\/endormoonstore.com\/en\/ultimate-michael-myers-halloween-h20-twenty-years-later\/"]}]},{"@type":"ImageObject","inLanguage":"en-US","@id":"https:\/\/endormoonstore.com\/en\/ultimate-michael-myers-halloween-h20-twenty-years-later\/#primaryimage","url":"https:\/\/endormoonstore.com\/wp-content\/uploads\/2025\/07\/ultimate-michael-myers-halloween-h20-figura-pose-amenazante.webp","contentUrl":"https:\/\/endormoonstore.com\/wp-content\/uploads\/2025\/07\/ultimate-michael-myers-halloween-h20-figura-pose-amenazante.webp","width":666,"height":1000,"caption":"La figura Ultimate Michael Myers Halloween H20 de NECA \"captura la aterradora presencia\" del icono del slasher con \"detalle screen-accurate escalofriantemente fiel al largometraje\"."},{"@type":"BreadcrumbList","@id":"https:\/\/endormoonstore.com\/en\/ultimate-michael-myers-halloween-h20-twenty-years-later\/#breadcrumb","itemListElement":[{"@type":"ListItem","position":1,"name":"Shop","item":"https:\/\/endormoonstore.com\/en\/shop\/"},{"@type":"ListItem","position":2,"name":"Ultimate Michael Myers Halloween H20: Twenty Years Later"}]},{"@type":"WebSite","@id":"https:\/\/endormoonstore.com\/#website","url":"https:\/\/endormoonstore.com\/","name":"EndormoonStore","description":"","potentialAction":[{"@type":"SearchAction","target":{"@type":"EntryPoint","urlTemplate":"https:\/\/endormoonstore.com\/?s={search_term_string}"},"query-input":{"@type":"PropertyValueSpecification","valueRequired":true,"valueName":"search_term_string"}}],"inLanguage":"en-US"}]}},"taxonomy_info":{"product_cat":[{"value":13453,"label":"Featured"},{"value":1384,"label":"Pre-orders"}],"pa_brand":[{"value":2090,"label":"Neca"}],"pa_character":[{"value":7493,"label":"Michael Myers"}],"pa_episode":[{"value":15775,"label":"Halloween H20: Twenty Years Later"}],"pa_license":[{"value":5454,"label":"Halloween"}],"pa_product-type":[{"value":2387,"label":"Figure"}],"pa_theme":[{"value":2864,"label":"Scale Action Figure"}]},"featured_image_src_large":["https:\/\/endormoonstore.com\/wp-content\/uploads\/2025\/07\/ultimate-michael-myers-halloween-h20-figura-pose-amenazante.webp",666,1000,false],"author_info":[],"comment_info":"","_links":{"self":[{"href":"https:\/\/endormoonstore.com\/en\/wp-json\/wp\/v2\/product\/176567","targetHints":{"allow":["GET"]}}],"collection":[{"href":"https:\/\/endormoonstore.com\/en\/wp-json\/wp\/v2\/product"}],"about":[{"href":"https:\/\/endormoonstore.com\/en\/wp-json\/wp\/v2\/types\/product"}],"wp:featuredmedia":[{"embeddable":true,"href":"https:\/\/endormoonstore.com\/en\/wp-json\/wp\/v2\/media\/176526"}],"wp:attachment":[{"href":"https:\/\/endormoonstore.com\/en\/wp-json\/wp\/v2\/media?parent=176567"}],"wp:term":[{"taxonomy":"product_cat","embeddable":true,"href":"https:\/\/endormoonstore.com\/en\/wp-json\/wp\/v2\/product_cat?post=176567"},{"taxonomy":"product_tag","embeddable":true,"href":"https:\/\/endormoonstore.com\/en\/wp-json\/wp\/v2\/product_tag?post=176567"}],"curies":[{"name":"wp","href":"https:\/\/api.w.org\/{rel}","templated":true}]}}