{"id":175925,"date":"2025-07-02T01:00:50","date_gmt":"2025-07-01T23:00:50","guid":{"rendered":"https:\/\/endormoonstore.com\/monkey-d-luffy-summit-battle-one-piece-extra-battle-figuarts-zero\/"},"modified":"2025-07-05T00:10:21","modified_gmt":"2025-07-04T22:10:21","slug":"monkey-d-luffy-summit-battle-one-piece-extra-battle-figuarts-zero","status":"publish","type":"product","link":"https:\/\/endormoonstore.com\/en\/monkey-d-luffy-summit-battle-one-piece-extra-battle-figuarts-zero\/","title":{"rendered":"Monkey D Luffy Summit Battle One Piece Extra Battle Figuarts ZERO"},"content":{"rendered":"<h4><strong>Monkey D Luffy Summit Battle One Piece Extra Battle Figuarts ZERO \u2013 \u00a1El Poder de Marineford en tu Colecci\u00f3n!<\/strong><\/h4>\n<ul>\n<li>\u00a1Prep\u00e1rate para revivir la \u00e9pica Guerra en la Cumbre! Directamente del ic\u00f3nico arco de Marineford de <i>One Piece<\/i>, llega la imponente figura Monkey D Luffy Summit Battle a la aclamada serie FiguartsZERO Extra Battle. Esta espectacular pieza captura a Monkey D Luffy Summit Battle en su punto \u00e1lgido. Adem\u00e1s, ejecuta su Second Gear con el cuerpo al rojo vivo y los m\u00fasculos al m\u00e1ximo, lanz\u00e1ndose con determinaci\u00f3n al rescate de Ace. En consecuencia, es una adici\u00f3n esencial para cualquier fan que desee inmortalizar uno de los momentos m\u00e1s heroicos de Luffy.<\/li>\n<li>Con aproximadamente 12 cm de altura, esta figura est\u00e1tica est\u00e1 fabricada en PVC y ABS de alta calidad, garantizando un acabado detallado y duradero. En primer lugar, su dise\u00f1o ha sido meticulosamente esculpido para reflejar la piel enrojecida, el vapor envolvente y la expresi\u00f3n feroz de Luffy. Sus m\u00fasculos est\u00e1n super-inflados por la activaci\u00f3n del Gear 2. Asimismo, los efectos transl\u00facidos intensifican el dinamismo del ataque. Mientras tanto, la base con efectos de vapor complementa perfectamente la escena, realzando el hero\u00edsmo de Luffy en plena acci\u00f3n. Finalmente, esta pieza no articulada, parte de la l\u00ednea FiguartsZERO Extra Battle, destaca por su tama\u00f1o extra, acci\u00f3n y detalle. Reproduce fielmente la apariencia de Luffy luchando para salvar a Ace.<\/li>\n<li>\u00a1No esperes m\u00e1s para a\u00f1adir al Capit\u00e1n de los Sombrero de Paja en su forma m\u00e1s decidida! Consigue esta impresionante figura de Monkey D. Luffy Summit Battle hoy mismo.<\/li>\n<\/ul>\n<h4><strong>Sobre Tamashii Nations y su linea Figuarts Zero<\/strong><\/h4>\n<ul>\n<li><strong><a href=\"https:\/\/endormoonstore.com\/marca\/tamashii-nations\/\">Tamashii Nations<\/a><\/strong>\u00a0es una marca reconocida por sus figuras de alta calidad y detallado dise\u00f1o. Especializada en coleccionables, utiliza tecnolog\u00eda avanzada y artesan\u00eda impresionante para crear figuras que capturan la esencia de personajes ic\u00f3nicos de anime, manga y otras propiedades de la cultura pop. Tamashii Nations se esfuerza por traer &#8220;tamashii&#8221; (alma) a cada producto, infundiendo pasi\u00f3n y dedicaci\u00f3n en cada figura que crean. Su objetivo es ofrecer a los coleccionistas piezas que no solo sean visualmente impresionantes, sino que tambi\u00e9n evoquen emociones y recuerdos de sus series favoritas.<\/li>\n<li><a href=\"https:\/\/endormoonstore.com\/tematica\/figuarts-zero\/\"><strong>Figuarts ZERO<\/strong><\/a> de Tamashii Nations presenta figuras no articuladas que capturan la intensidad de tus personajes favoritos en poses fijas y din\u00e1micas. Esta l\u00ednea destaca por su modelado detallado, colores vibrantes y efectos visuales impactantes, recreando momentos cumbre del anime y manga. Cada pieza es una obra de arte est\u00e1tica, ideal para exhibir la personalidad y el poder de personajes ic\u00f3nicos de Dragon Ball, One Piece y otras series. Colecciona la emoci\u00f3n visual y el impacto de escenas inolvidables con Figuarts ZERO.<\/li>\n<\/ul>\n","protected":false},"excerpt":{"rendered":"<h4><strong>Monkey D. Luffy Summit Battle One Piece Extra Battle Figuarts ZERO \u2013 \u00a1El Poder de Marineford en tu Colecci\u00f3n!<\/strong><\/h4>\n<p>\u00a1Prep\u00e1rate para revivir la \u00e9pica Guerra en la Cumbre! Directamente del ic\u00f3nico arco de Marineford de <i>One Piece<\/i>, llega la imponente figura Monkey D. Luffy Summit Battle a la aclamada serie FiguartsZERO Extra Battle. Esta espectacular pieza captura a Monkey D. Luffy Summit Battle en su punto \u00e1lgido.<\/p>\n","protected":false},"featured_media":175916,"template":"","meta":{"_acf_changed":false,"_kad_blocks_custom_css":"","_kad_blocks_head_custom_js":"","_kad_blocks_body_custom_js":"","_kad_blocks_footer_custom_js":""},"product_cat":[13453,1384],"product_tag":[],"class_list":{"0":"post-175925","1":"product","2":"type-product","3":"status-publish","4":"has-post-thumbnail","6":"product_cat-featured","7":"product_cat-pre-orders","8":"pa_brand-tamashii-nations-en","9":"pa_character-monkey-d-luffy-en","10":"pa_license-one-piece-en","11":"pa_product-type-figure","12":"pa_theme-figuarts-zero-en","14":"first","15":"instock","16":"taxable","17":"shipping-taxable","18":"purchasable","19":"product-type-simple"},"acf":[],"yoast_head":"<!-- This site is optimized with the Yoast SEO plugin v26.1.1 - https:\/\/yoast.com\/wordpress\/plugins\/seo\/ -->\n<title>Monkey D Luffy Summit Battle One Piece Extra Battle Figuarts ZERO - EndormoonStore<\/title>\n<meta name=\"description\" content=\"Monkey D Luffy Summit Battle Figuarts ZERO: Figura de 12cm. \u00a1Revive la intensidad de Marineford en su Gear 2 y pose m\u00e1s que \u00e9pica!\" \/>\n<meta name=\"robots\" content=\"index, follow, max-snippet:-1, max-image-preview:large, max-video-preview:-1\" \/>\n<link rel=\"canonical\" href=\"https:\/\/endormoonstore.com\/en\/monkey-d-luffy-summit-battle-one-piece-extra-battle-figuarts-zero\/\" \/>\n<meta property=\"og:locale\" content=\"en_US\" \/>\n<meta property=\"og:type\" content=\"article\" \/>\n<meta property=\"og:title\" content=\"Monkey D Luffy Summit Battle One Piece Extra Battle Figuarts ZERO - EndormoonStore\" \/>\n<meta property=\"og:description\" content=\"Monkey D Luffy Summit Battle Figuarts ZERO: Figura de 12cm. \u00a1Revive la intensidad de Marineford en su Gear 2 y pose m\u00e1s que \u00e9pica!\" \/>\n<meta property=\"og:url\" content=\"https:\/\/endormoonstore.com\/en\/monkey-d-luffy-summit-battle-one-piece-extra-battle-figuarts-zero\/\" \/>\n<meta property=\"og:site_name\" content=\"EndormoonStore\" \/>\n<meta property=\"article:modified_time\" content=\"2025-07-04T22:10:21+00:00\" \/>\n<meta property=\"og:image\" content=\"https:\/\/endormoonstore.com\/wp-content\/uploads\/2025\/07\/monkey-d-luffy-summit-battle-one-piece-extra-battle-figuarts-zero-gear-2-pose-combate.webp\" \/>\n\t<meta property=\"og:image:width\" content=\"960\" \/>\n\t<meta property=\"og:image:height\" content=\"1200\" \/>\n\t<meta property=\"og:image:type\" content=\"image\/webp\" \/>\n<meta name=\"twitter:card\" content=\"summary_large_image\" \/>\n<meta name=\"twitter:label1\" content=\"Est. reading time\" \/>\n\t<meta name=\"twitter:data1\" content=\"3 minutes\" \/>\n<script type=\"application\/ld+json\" class=\"yoast-schema-graph\">{\"@context\":\"https:\/\/schema.org\",\"@graph\":[{\"@type\":\"WebPage\",\"@id\":\"https:\/\/endormoonstore.com\/en\/monkey-d-luffy-summit-battle-one-piece-extra-battle-figuarts-zero\/\",\"url\":\"https:\/\/endormoonstore.com\/en\/monkey-d-luffy-summit-battle-one-piece-extra-battle-figuarts-zero\/\",\"name\":\"Monkey D Luffy Summit Battle One Piece Extra Battle Figuarts ZERO - EndormoonStore\",\"isPartOf\":{\"@id\":\"https:\/\/endormoonstore.com\/#website\"},\"primaryImageOfPage\":{\"@id\":\"https:\/\/endormoonstore.com\/en\/monkey-d-luffy-summit-battle-one-piece-extra-battle-figuarts-zero\/#primaryimage\"},\"image\":{\"@id\":\"https:\/\/endormoonstore.com\/en\/monkey-d-luffy-summit-battle-one-piece-extra-battle-figuarts-zero\/#primaryimage\"},\"thumbnailUrl\":\"https:\/\/endormoonstore.com\/wp-content\/uploads\/2025\/07\/monkey-d-luffy-summit-battle-one-piece-extra-battle-figuarts-zero-gear-2-pose-combate.webp\",\"datePublished\":\"2025-07-01T23:00:50+00:00\",\"dateModified\":\"2025-07-04T22:10:21+00:00\",\"description\":\"Monkey D Luffy Summit Battle Figuarts ZERO: Figura de 12cm. \u00a1Revive la intensidad de Marineford en su Gear 2 y pose m\u00e1s que \u00e9pica!\",\"breadcrumb\":{\"@id\":\"https:\/\/endormoonstore.com\/en\/monkey-d-luffy-summit-battle-one-piece-extra-battle-figuarts-zero\/#breadcrumb\"},\"inLanguage\":\"en-US\",\"potentialAction\":[{\"@type\":\"ReadAction\",\"target\":[\"https:\/\/endormoonstore.com\/en\/monkey-d-luffy-summit-battle-one-piece-extra-battle-figuarts-zero\/\"]}]},{\"@type\":\"ImageObject\",\"inLanguage\":\"en-US\",\"@id\":\"https:\/\/endormoonstore.com\/en\/monkey-d-luffy-summit-battle-one-piece-extra-battle-figuarts-zero\/#primaryimage\",\"url\":\"https:\/\/endormoonstore.com\/wp-content\/uploads\/2025\/07\/monkey-d-luffy-summit-battle-one-piece-extra-battle-figuarts-zero-gear-2-pose-combate.webp\",\"contentUrl\":\"https:\/\/endormoonstore.com\/wp-content\/uploads\/2025\/07\/monkey-d-luffy-summit-battle-one-piece-extra-battle-figuarts-zero-gear-2-pose-combate.webp\",\"width\":960,\"height\":1200,\"caption\":\"La imponente figura Figuarts ZERO de Monkey D Luffy en su \\\"Summit Battle Experience\\\", mostrando el poder de su Second Gear durante la \u00e9pica Guerra en la Cumbre de Marineford.\"},{\"@type\":\"BreadcrumbList\",\"@id\":\"https:\/\/endormoonstore.com\/en\/monkey-d-luffy-summit-battle-one-piece-extra-battle-figuarts-zero\/#breadcrumb\",\"itemListElement\":[{\"@type\":\"ListItem\",\"position\":1,\"name\":\"Shop\",\"item\":\"https:\/\/endormoonstore.com\/en\/shop\/\"},{\"@type\":\"ListItem\",\"position\":2,\"name\":\"Monkey D Luffy Summit Battle One Piece Extra Battle Figuarts ZERO\"}]},{\"@type\":\"WebSite\",\"@id\":\"https:\/\/endormoonstore.com\/#website\",\"url\":\"https:\/\/endormoonstore.com\/\",\"name\":\"EndormoonStore\",\"description\":\"\",\"potentialAction\":[{\"@type\":\"SearchAction\",\"target\":{\"@type\":\"EntryPoint\",\"urlTemplate\":\"https:\/\/endormoonstore.com\/?s={search_term_string}\"},\"query-input\":{\"@type\":\"PropertyValueSpecification\",\"valueRequired\":true,\"valueName\":\"search_term_string\"}}],\"inLanguage\":\"en-US\"}]}<\/script>\n<!-- \/ Yoast SEO plugin. -->","yoast_head_json":{"title":"Monkey D Luffy Summit Battle One Piece Extra Battle Figuarts ZERO - EndormoonStore","description":"Monkey D Luffy Summit Battle Figuarts ZERO: Figura de 12cm. \u00a1Revive la intensidad de Marineford en su Gear 2 y pose m\u00e1s que \u00e9pica!","robots":{"index":"index","follow":"follow","max-snippet":"max-snippet:-1","max-image-preview":"max-image-preview:large","max-video-preview":"max-video-preview:-1"},"canonical":"https:\/\/endormoonstore.com\/en\/monkey-d-luffy-summit-battle-one-piece-extra-battle-figuarts-zero\/","og_locale":"en_US","og_type":"article","og_title":"Monkey D Luffy Summit Battle One Piece Extra Battle Figuarts ZERO - EndormoonStore","og_description":"Monkey D Luffy Summit Battle Figuarts ZERO: Figura de 12cm. \u00a1Revive la intensidad de Marineford en su Gear 2 y pose m\u00e1s que \u00e9pica!","og_url":"https:\/\/endormoonstore.com\/en\/monkey-d-luffy-summit-battle-one-piece-extra-battle-figuarts-zero\/","og_site_name":"EndormoonStore","article_modified_time":"2025-07-04T22:10:21+00:00","og_image":[{"width":960,"height":1200,"url":"https:\/\/endormoonstore.com\/wp-content\/uploads\/2025\/07\/monkey-d-luffy-summit-battle-one-piece-extra-battle-figuarts-zero-gear-2-pose-combate.webp","type":"image\/webp"}],"twitter_card":"summary_large_image","twitter_misc":{"Est. reading time":"3 minutes"},"schema":{"@context":"https:\/\/schema.org","@graph":[{"@type":"WebPage","@id":"https:\/\/endormoonstore.com\/en\/monkey-d-luffy-summit-battle-one-piece-extra-battle-figuarts-zero\/","url":"https:\/\/endormoonstore.com\/en\/monkey-d-luffy-summit-battle-one-piece-extra-battle-figuarts-zero\/","name":"Monkey D Luffy Summit Battle One Piece Extra Battle Figuarts ZERO - EndormoonStore","isPartOf":{"@id":"https:\/\/endormoonstore.com\/#website"},"primaryImageOfPage":{"@id":"https:\/\/endormoonstore.com\/en\/monkey-d-luffy-summit-battle-one-piece-extra-battle-figuarts-zero\/#primaryimage"},"image":{"@id":"https:\/\/endormoonstore.com\/en\/monkey-d-luffy-summit-battle-one-piece-extra-battle-figuarts-zero\/#primaryimage"},"thumbnailUrl":"https:\/\/endormoonstore.com\/wp-content\/uploads\/2025\/07\/monkey-d-luffy-summit-battle-one-piece-extra-battle-figuarts-zero-gear-2-pose-combate.webp","datePublished":"2025-07-01T23:00:50+00:00","dateModified":"2025-07-04T22:10:21+00:00","description":"Monkey D Luffy Summit Battle Figuarts ZERO: Figura de 12cm. \u00a1Revive la intensidad de Marineford en su Gear 2 y pose m\u00e1s que \u00e9pica!","breadcrumb":{"@id":"https:\/\/endormoonstore.com\/en\/monkey-d-luffy-summit-battle-one-piece-extra-battle-figuarts-zero\/#breadcrumb"},"inLanguage":"en-US","potentialAction":[{"@type":"ReadAction","target":["https:\/\/endormoonstore.com\/en\/monkey-d-luffy-summit-battle-one-piece-extra-battle-figuarts-zero\/"]}]},{"@type":"ImageObject","inLanguage":"en-US","@id":"https:\/\/endormoonstore.com\/en\/monkey-d-luffy-summit-battle-one-piece-extra-battle-figuarts-zero\/#primaryimage","url":"https:\/\/endormoonstore.com\/wp-content\/uploads\/2025\/07\/monkey-d-luffy-summit-battle-one-piece-extra-battle-figuarts-zero-gear-2-pose-combate.webp","contentUrl":"https:\/\/endormoonstore.com\/wp-content\/uploads\/2025\/07\/monkey-d-luffy-summit-battle-one-piece-extra-battle-figuarts-zero-gear-2-pose-combate.webp","width":960,"height":1200,"caption":"La imponente figura Figuarts ZERO de Monkey D Luffy en su \"Summit Battle Experience\", mostrando el poder de su Second Gear durante la \u00e9pica Guerra en la Cumbre de Marineford."},{"@type":"BreadcrumbList","@id":"https:\/\/endormoonstore.com\/en\/monkey-d-luffy-summit-battle-one-piece-extra-battle-figuarts-zero\/#breadcrumb","itemListElement":[{"@type":"ListItem","position":1,"name":"Shop","item":"https:\/\/endormoonstore.com\/en\/shop\/"},{"@type":"ListItem","position":2,"name":"Monkey D Luffy Summit Battle One Piece Extra Battle Figuarts ZERO"}]},{"@type":"WebSite","@id":"https:\/\/endormoonstore.com\/#website","url":"https:\/\/endormoonstore.com\/","name":"EndormoonStore","description":"","potentialAction":[{"@type":"SearchAction","target":{"@type":"EntryPoint","urlTemplate":"https:\/\/endormoonstore.com\/?s={search_term_string}"},"query-input":{"@type":"PropertyValueSpecification","valueRequired":true,"valueName":"search_term_string"}}],"inLanguage":"en-US"}]}},"taxonomy_info":{"product_cat":[{"value":13453,"label":"Featured"},{"value":1384,"label":"Pre-orders"}],"pa_brand":[{"value":2096,"label":"Tamashii Nations"}],"pa_character":[{"value":13886,"label":"Monkey D. Luffy"}],"pa_license":[{"value":2894,"label":"One Piece"}],"pa_product-type":[{"value":2387,"label":"Figure"}],"pa_theme":[{"value":2900,"label":"Figuarts Zero"}]},"featured_image_src_large":["https:\/\/endormoonstore.com\/wp-content\/uploads\/2025\/07\/monkey-d-luffy-summit-battle-one-piece-extra-battle-figuarts-zero-gear-2-pose-combate.webp",960,1200,false],"author_info":[],"comment_info":"","_links":{"self":[{"href":"https:\/\/endormoonstore.com\/en\/wp-json\/wp\/v2\/product\/175925","targetHints":{"allow":["GET"]}}],"collection":[{"href":"https:\/\/endormoonstore.com\/en\/wp-json\/wp\/v2\/product"}],"about":[{"href":"https:\/\/endormoonstore.com\/en\/wp-json\/wp\/v2\/types\/product"}],"wp:featuredmedia":[{"embeddable":true,"href":"https:\/\/endormoonstore.com\/en\/wp-json\/wp\/v2\/media\/175916"}],"wp:attachment":[{"href":"https:\/\/endormoonstore.com\/en\/wp-json\/wp\/v2\/media?parent=175925"}],"wp:term":[{"taxonomy":"product_cat","embeddable":true,"href":"https:\/\/endormoonstore.com\/en\/wp-json\/wp\/v2\/product_cat?post=175925"},{"taxonomy":"product_tag","embeddable":true,"href":"https:\/\/endormoonstore.com\/en\/wp-json\/wp\/v2\/product_tag?post=175925"}],"curies":[{"name":"wp","href":"https:\/\/api.w.org\/{rel}","templated":true}]}}