{"id":175456,"date":"2025-06-26T00:00:35","date_gmt":"2025-06-25T22:00:35","guid":{"rendered":"https:\/\/endormoonstore.com\/juggernaut-gamerverse-marvel-legends-series\/"},"modified":"2025-09-22T17:37:02","modified_gmt":"2025-09-22T15:37:02","slug":"juggernaut-gamerverse-marvel-legends-series","status":"publish","type":"product","link":"https:\/\/endormoonstore.com\/en\/juggernaut-gamerverse-marvel-legends-series\/","title":{"rendered":"Juggernaut Gamerverse Marvel Legends Series"},"content":{"rendered":"<h4><strong>Juggernaut Gamerverse Marvel Legends: \u00a1El Poder Imparable Llega a tu Colecci\u00f3n!<\/strong><\/h4>\n<ul>\n<li>\u00a1Prepara tu estanter\u00eda para el poder colosal! Cain Marko es el imparable Juggernaut, poseedor de una fuerza sobrehumana y una durabilidad extrema. De hecho, la figura Juggernaut Gamerverse Marvel Legends trae toda la emoci\u00f3n del Universo Marvel directamente a tu colecci\u00f3n. Inspirada en su ic\u00f3nica aparici\u00f3n en los videojuegos cl\u00e1sicos de Marvel, esta figura de Juggernaut Gamerverse Marvel Legends es un tributo a la era dorada del <i>gaming<\/i>.<\/li>\n<li>Con una imponente altura de 22 cm, esta figura de lujo est\u00e1 dise\u00f1ada para impactar. Por lo tanto, presenta un dise\u00f1o premium y m\u00e1s de 20 puntos de articulaci\u00f3n. Esto permite poses din\u00e1micas para recrear tus escenas favoritas de los videojuegos. La figura de acci\u00f3n de Marvel incluye 3 accesorios. Como son\u00a0un juego de manos alternativas y un espectacular efecto de poder o golpeo.<\/li>\n<li>Exhibe tu pasi\u00f3n con su packaging con ventana de dise\u00f1o retro. Presenta arte inspirado en los cl\u00e1sicos juegos. Adem\u00e1s, esta figura de coleccionista es ideal para recrear escenas de juego en tu estanter\u00eda. Por otra parte, la serie Marvel Legends te permite construir un multiverso de coleccionables Marvel. Tambi\u00e9n busca otros sets Gamerverse, como Gargantos o Wolverine vs Marvel&#8217;s Silver Samurai, \u00a1vendidos por separado para expandir tu colecci\u00f3n!<\/li>\n<li>\u00a1No hay fuerza capaz de detenerlo! \u00a1A\u00f1ade al imparable Juggernaut Gamerverse Marvel Legends a tu colecci\u00f3n hoy mismo y siente su poder!<\/li>\n<\/ul>\n<h4><strong>Sobre Hasbro y su linea Marvel Legends Series:<\/strong><\/h4>\n<ul>\n<li><strong><a href=\"https:\/\/endormoonstore.com\/en\/?attachment_id=28872\">Hasbro<\/a><\/strong> es una empresa multinacional de juguetes y entretenimiento fundada en 1923. Con sede en Pawtucket, Rhode Island, Hasbro destaca por sus marcas ic\u00f3nicas como Transformers, G.I. Joe y My Little Pony. Adem\u00e1s de juguetes, Hasbro produce juegos de mesa y productos de entretenimiento. A lo largo de los a\u00f1os, ha adquirido varias otras compa\u00f1\u00edas de juguetes.<\/li>\n<li>La l\u00ednea <strong><a href=\"https:\/\/endormoonstore.com\/tematica\/marvel-legends-series\/\">Marvel Legends Series<\/a><\/strong> de Hasbro es una colecci\u00f3n de figuras de acci\u00f3n altamente detalladas y articuladas, basadas en personajes del universo Marvel. Lanzada por primera vez en 2002, esta l\u00ednea ha sido popular entre coleccionistas y fan\u00e1ticos por su calidad y fidelidad a los personajes de los c\u00f3mics y pel\u00edculas. Las figuras suelen incluir accesorios intercambiables y piezas adicionales para crear poses din\u00e1micas.<\/li>\n<\/ul>\n","protected":false},"excerpt":{"rendered":"<h4><strong>Juggernaut Gamerverse Marvel Legends: \u00a1El Poder Imparable Llega a tu Colecci\u00f3n!<\/strong><\/h4>\n<p>\u00a1Prepara tu estanter\u00eda para el poder colosal! Cain Marko es el imparable Juggernaut, poseedor de una fuerza sobrehumana y una durabilidad extrema. De hecho, la figura Juggernaut Gamerverse Marvel Legends trae toda la emoci\u00f3n del Universo Marvel directamente a tu colecci\u00f3n.<\/p>\n","protected":false},"featured_media":175429,"template":"","meta":{"_acf_changed":false,"_kad_blocks_custom_css":"","_kad_blocks_head_custom_js":"","_kad_blocks_body_custom_js":"","_kad_blocks_footer_custom_js":""},"product_cat":[13453,1390],"product_tag":[],"class_list":{"0":"post-175456","1":"product","2":"type-product","3":"status-publish","4":"has-post-thumbnail","6":"product_cat-featured","7":"product_cat-figures","8":"pa_brand-hasbro-en","9":"pa_character-juggernaut-en","10":"pa_episode-marvel-vs-capcom-en","11":"pa_license-marvel-en","12":"pa_product-type-figure","13":"pa_theme-marvel-legends-series-en","15":"first","16":"outofstock","17":"taxable","18":"shipping-taxable","19":"purchasable","20":"product-type-simple"},"acf":[],"yoast_head":"<!-- This site is optimized with the Yoast SEO plugin v26.1.1 - https:\/\/yoast.com\/wordpress\/plugins\/seo\/ -->\n<title>Juggernaut Gamerverse Marvel Legends Series - EndormoonStore<\/title>\n<meta name=\"description\" content=\"Juggernaut Gamerverse Marvel Legends: Figura de 22cm con gran fuerza. Basada en videojuegos. \u00a1A\u00f1ade al imparable Juggernaut a tu colecci\u00f3n!\" \/>\n<meta name=\"robots\" content=\"index, follow, max-snippet:-1, max-image-preview:large, max-video-preview:-1\" \/>\n<link rel=\"canonical\" href=\"https:\/\/endormoonstore.com\/en\/juggernaut-gamerverse-marvel-legends-series\/\" \/>\n<meta property=\"og:locale\" content=\"en_US\" \/>\n<meta property=\"og:type\" content=\"article\" \/>\n<meta property=\"og:title\" content=\"Juggernaut Gamerverse Marvel Legends Series - EndormoonStore\" \/>\n<meta property=\"og:description\" content=\"Juggernaut Gamerverse Marvel Legends: Figura de 22cm con gran fuerza. Basada en videojuegos. \u00a1A\u00f1ade al imparable Juggernaut a tu colecci\u00f3n!\" \/>\n<meta property=\"og:url\" content=\"https:\/\/endormoonstore.com\/en\/juggernaut-gamerverse-marvel-legends-series\/\" \/>\n<meta property=\"og:site_name\" content=\"EndormoonStore\" \/>\n<meta property=\"article:modified_time\" content=\"2025-09-22T15:37:02+00:00\" \/>\n<meta property=\"og:image\" content=\"https:\/\/endormoonstore.com\/wp-content\/uploads\/2025\/06\/uggernaut-gamerverse-marvel-legends-figura-empaque-frontal.webp\" \/>\n\t<meta property=\"og:image:width\" content=\"1000\" \/>\n\t<meta property=\"og:image:height\" content=\"1000\" \/>\n\t<meta property=\"og:image:type\" content=\"image\/webp\" \/>\n<meta name=\"twitter:card\" content=\"summary_large_image\" \/>\n<meta name=\"twitter:label1\" content=\"Est. reading time\" \/>\n\t<meta name=\"twitter:data1\" content=\"2 minutes\" \/>\n<script type=\"application\/ld+json\" class=\"yoast-schema-graph\">{\"@context\":\"https:\/\/schema.org\",\"@graph\":[{\"@type\":\"WebPage\",\"@id\":\"https:\/\/endormoonstore.com\/en\/juggernaut-gamerverse-marvel-legends-series\/\",\"url\":\"https:\/\/endormoonstore.com\/en\/juggernaut-gamerverse-marvel-legends-series\/\",\"name\":\"Juggernaut Gamerverse Marvel Legends Series - EndormoonStore\",\"isPartOf\":{\"@id\":\"https:\/\/endormoonstore.com\/#website\"},\"primaryImageOfPage\":{\"@id\":\"https:\/\/endormoonstore.com\/en\/juggernaut-gamerverse-marvel-legends-series\/#primaryimage\"},\"image\":{\"@id\":\"https:\/\/endormoonstore.com\/en\/juggernaut-gamerverse-marvel-legends-series\/#primaryimage\"},\"thumbnailUrl\":\"https:\/\/endormoonstore.com\/wp-content\/uploads\/2025\/06\/uggernaut-gamerverse-marvel-legends-figura-empaque-frontal.webp\",\"datePublished\":\"2025-06-25T22:00:35+00:00\",\"dateModified\":\"2025-09-22T15:37:02+00:00\",\"description\":\"Juggernaut Gamerverse Marvel Legends: Figura de 22cm con gran fuerza. Basada en videojuegos. \u00a1A\u00f1ade al imparable Juggernaut a tu colecci\u00f3n!\",\"breadcrumb\":{\"@id\":\"https:\/\/endormoonstore.com\/en\/juggernaut-gamerverse-marvel-legends-series\/#breadcrumb\"},\"inLanguage\":\"en-US\",\"potentialAction\":[{\"@type\":\"ReadAction\",\"target\":[\"https:\/\/endormoonstore.com\/en\/juggernaut-gamerverse-marvel-legends-series\/\"]}]},{\"@type\":\"ImageObject\",\"inLanguage\":\"en-US\",\"@id\":\"https:\/\/endormoonstore.com\/en\/juggernaut-gamerverse-marvel-legends-series\/#primaryimage\",\"url\":\"https:\/\/endormoonstore.com\/wp-content\/uploads\/2025\/06\/uggernaut-gamerverse-marvel-legends-figura-empaque-frontal.webp\",\"contentUrl\":\"https:\/\/endormoonstore.com\/wp-content\/uploads\/2025\/06\/uggernaut-gamerverse-marvel-legends-figura-empaque-frontal.webp\",\"width\":1000,\"height\":1000,\"caption\":\"La figura de Juggernaut de la serie Gamerverse de Marvel Legends, de Hasbro, presentada en su empaque original con accesorios.\"},{\"@type\":\"BreadcrumbList\",\"@id\":\"https:\/\/endormoonstore.com\/en\/juggernaut-gamerverse-marvel-legends-series\/#breadcrumb\",\"itemListElement\":[{\"@type\":\"ListItem\",\"position\":1,\"name\":\"Shop\",\"item\":\"https:\/\/endormoonstore.com\/en\/shop\/\"},{\"@type\":\"ListItem\",\"position\":2,\"name\":\"Juggernaut Gamerverse Marvel Legends Series\"}]},{\"@type\":\"WebSite\",\"@id\":\"https:\/\/endormoonstore.com\/#website\",\"url\":\"https:\/\/endormoonstore.com\/\",\"name\":\"EndormoonStore\",\"description\":\"\",\"potentialAction\":[{\"@type\":\"SearchAction\",\"target\":{\"@type\":\"EntryPoint\",\"urlTemplate\":\"https:\/\/endormoonstore.com\/?s={search_term_string}\"},\"query-input\":{\"@type\":\"PropertyValueSpecification\",\"valueRequired\":true,\"valueName\":\"search_term_string\"}}],\"inLanguage\":\"en-US\"}]}<\/script>\n<!-- \/ Yoast SEO plugin. -->","yoast_head_json":{"title":"Juggernaut Gamerverse Marvel Legends Series - EndormoonStore","description":"Juggernaut Gamerverse Marvel Legends: Figura de 22cm con gran fuerza. Basada en videojuegos. \u00a1A\u00f1ade al imparable Juggernaut a tu colecci\u00f3n!","robots":{"index":"index","follow":"follow","max-snippet":"max-snippet:-1","max-image-preview":"max-image-preview:large","max-video-preview":"max-video-preview:-1"},"canonical":"https:\/\/endormoonstore.com\/en\/juggernaut-gamerverse-marvel-legends-series\/","og_locale":"en_US","og_type":"article","og_title":"Juggernaut Gamerverse Marvel Legends Series - EndormoonStore","og_description":"Juggernaut Gamerverse Marvel Legends: Figura de 22cm con gran fuerza. Basada en videojuegos. \u00a1A\u00f1ade al imparable Juggernaut a tu colecci\u00f3n!","og_url":"https:\/\/endormoonstore.com\/en\/juggernaut-gamerverse-marvel-legends-series\/","og_site_name":"EndormoonStore","article_modified_time":"2025-09-22T15:37:02+00:00","og_image":[{"width":1000,"height":1000,"url":"https:\/\/endormoonstore.com\/wp-content\/uploads\/2025\/06\/uggernaut-gamerverse-marvel-legends-figura-empaque-frontal.webp","type":"image\/webp"}],"twitter_card":"summary_large_image","twitter_misc":{"Est. reading time":"2 minutes"},"schema":{"@context":"https:\/\/schema.org","@graph":[{"@type":"WebPage","@id":"https:\/\/endormoonstore.com\/en\/juggernaut-gamerverse-marvel-legends-series\/","url":"https:\/\/endormoonstore.com\/en\/juggernaut-gamerverse-marvel-legends-series\/","name":"Juggernaut Gamerverse Marvel Legends Series - EndormoonStore","isPartOf":{"@id":"https:\/\/endormoonstore.com\/#website"},"primaryImageOfPage":{"@id":"https:\/\/endormoonstore.com\/en\/juggernaut-gamerverse-marvel-legends-series\/#primaryimage"},"image":{"@id":"https:\/\/endormoonstore.com\/en\/juggernaut-gamerverse-marvel-legends-series\/#primaryimage"},"thumbnailUrl":"https:\/\/endormoonstore.com\/wp-content\/uploads\/2025\/06\/uggernaut-gamerverse-marvel-legends-figura-empaque-frontal.webp","datePublished":"2025-06-25T22:00:35+00:00","dateModified":"2025-09-22T15:37:02+00:00","description":"Juggernaut Gamerverse Marvel Legends: Figura de 22cm con gran fuerza. Basada en videojuegos. \u00a1A\u00f1ade al imparable Juggernaut a tu colecci\u00f3n!","breadcrumb":{"@id":"https:\/\/endormoonstore.com\/en\/juggernaut-gamerverse-marvel-legends-series\/#breadcrumb"},"inLanguage":"en-US","potentialAction":[{"@type":"ReadAction","target":["https:\/\/endormoonstore.com\/en\/juggernaut-gamerverse-marvel-legends-series\/"]}]},{"@type":"ImageObject","inLanguage":"en-US","@id":"https:\/\/endormoonstore.com\/en\/juggernaut-gamerverse-marvel-legends-series\/#primaryimage","url":"https:\/\/endormoonstore.com\/wp-content\/uploads\/2025\/06\/uggernaut-gamerverse-marvel-legends-figura-empaque-frontal.webp","contentUrl":"https:\/\/endormoonstore.com\/wp-content\/uploads\/2025\/06\/uggernaut-gamerverse-marvel-legends-figura-empaque-frontal.webp","width":1000,"height":1000,"caption":"La figura de Juggernaut de la serie Gamerverse de Marvel Legends, de Hasbro, presentada en su empaque original con accesorios."},{"@type":"BreadcrumbList","@id":"https:\/\/endormoonstore.com\/en\/juggernaut-gamerverse-marvel-legends-series\/#breadcrumb","itemListElement":[{"@type":"ListItem","position":1,"name":"Shop","item":"https:\/\/endormoonstore.com\/en\/shop\/"},{"@type":"ListItem","position":2,"name":"Juggernaut Gamerverse Marvel Legends Series"}]},{"@type":"WebSite","@id":"https:\/\/endormoonstore.com\/#website","url":"https:\/\/endormoonstore.com\/","name":"EndormoonStore","description":"","potentialAction":[{"@type":"SearchAction","target":{"@type":"EntryPoint","urlTemplate":"https:\/\/endormoonstore.com\/?s={search_term_string}"},"query-input":{"@type":"PropertyValueSpecification","valueRequired":true,"valueName":"search_term_string"}}],"inLanguage":"en-US"}]}},"taxonomy_info":{"product_cat":[{"value":13453,"label":"Featured"},{"value":1390,"label":"Figures"}],"pa_brand":[{"value":2084,"label":"Hasbro"}],"pa_character":[{"value":15702,"label":"Juggernaut"}],"pa_episode":[{"value":15704,"label":"Marvel vs. Capcom"}],"pa_license":[{"value":1642,"label":"Marvel"}],"pa_product-type":[{"value":2387,"label":"Figure"}],"pa_theme":[{"value":2071,"label":"Marvel Legends Series"}]},"featured_image_src_large":["https:\/\/endormoonstore.com\/wp-content\/uploads\/2025\/06\/uggernaut-gamerverse-marvel-legends-figura-empaque-frontal.webp",1000,1000,false],"author_info":[],"comment_info":"","_links":{"self":[{"href":"https:\/\/endormoonstore.com\/en\/wp-json\/wp\/v2\/product\/175456","targetHints":{"allow":["GET"]}}],"collection":[{"href":"https:\/\/endormoonstore.com\/en\/wp-json\/wp\/v2\/product"}],"about":[{"href":"https:\/\/endormoonstore.com\/en\/wp-json\/wp\/v2\/types\/product"}],"wp:featuredmedia":[{"embeddable":true,"href":"https:\/\/endormoonstore.com\/en\/wp-json\/wp\/v2\/media\/175429"}],"wp:attachment":[{"href":"https:\/\/endormoonstore.com\/en\/wp-json\/wp\/v2\/media?parent=175456"}],"wp:term":[{"taxonomy":"product_cat","embeddable":true,"href":"https:\/\/endormoonstore.com\/en\/wp-json\/wp\/v2\/product_cat?post=175456"},{"taxonomy":"product_tag","embeddable":true,"href":"https:\/\/endormoonstore.com\/en\/wp-json\/wp\/v2\/product_tag?post=175456"}],"curies":[{"name":"wp","href":"https:\/\/api.w.org\/{rel}","templated":true}]}}