{"id":175378,"date":"2025-09-29T04:00:49","date_gmt":"2025-09-29T02:00:49","guid":{"rendered":"https:\/\/endormoonstore.com\/jedi-temple-guard-the-black-series-star-wars-the-clone-wars\/"},"modified":"2025-06-26T22:19:40","modified_gmt":"2025-06-26T20:19:40","slug":"jedi-temple-guard-the-black-series-star-wars-the-clone-wars","status":"publish","type":"product","link":"https:\/\/endormoonstore.com\/en\/jedi-temple-guard-the-black-series-star-wars-the-clone-wars\/","title":{"rendered":"Jedi Temple Guard The Black Series Star Wars The Clone Wars"},"content":{"rendered":"<h4><strong>Jedi Temple Guard The Black Series: \u00a1El Guardi\u00e1n del Templo Jedi Llega a tu Colecci\u00f3n!<\/strong><\/h4>\n<ul>\n<li>Protege los secretos de la Fuerza. De hecho, la esperada figura del Jedi Temple Guard se une a la colecci\u00f3n The Black Series de Hasbro. Directamente de la aclamada serie animada <i>Star Wars: The Clone Wars<\/i>, este guardi\u00e1n silencioso est\u00e1 listo para impresionar. Adem\u00e1s, la figura del Jedi Temple Guard es una adici\u00f3n esencial. Captura la esencia de estos ic\u00f3nicos centinelas Jedi.<\/li>\n<li>Esta figura premium mide aproximadamente 15 cm. Su dise\u00f1o detallado y pintura de alta calidad la hacen destacar. Por lo tanto, cuenta con m\u00faltiples puntos de articulaci\u00f3n. As\u00ed, puedes recrear poses din\u00e1micas y las escenas m\u00e1s emblem\u00e1ticas. En particular, incluye una lanza sable de luz de doble hoja. Es el arma distintiva de los guardianes del Templo Jedi. Finalmente, muestra la calidad <i>collector-grade<\/i> de Hasbro.<\/li>\n<li>Esta pieza viene en una caja con ventana. Por consiguiente, su elegante dise\u00f1o permite exhibir tu pasi\u00f3n por Star Wars. La l\u00ednea The Black Series de Hasbro permite a los fans crear escenas gal\u00e1cticas fieles al universo. Es decir, incluye figuras, veh\u00edculos y art\u00edculos de rol de la saga. Es parte del legado de m\u00e1s de 40 a\u00f1os de la galaxia Star Wars. Un regalo ideal para coleccionistas y fans.<\/li>\n<li>\u00a1No dejes que tu colecci\u00f3n pierda la vigilancia! \u00a1A\u00f1ade al Jedi Temple Guard a tu equipo de Star Wars The Black Series hoy mismo!<\/li>\n<\/ul>\n<h4><b>Sobre Hasbro y su l\u00ednea de productos Star Wars<\/b><\/h4>\n<p class=\"p1\"><a href=\"https:\/\/endormoonstore.com\/en\/?attachment_id=28872\"><strong>Hasbro<\/strong><\/a> es una empresa l\u00edder en la fabricaci\u00f3n de productos de entretenimiento y coleccionables. Su l\u00ednea de productos <a href=\"https:\/\/endormoonstore.com\/licencia\/star-wars\/\"><strong>Star Wars<\/strong><\/a> incluye:<\/p>\n<ul class=\"ul1\">\n<li class=\"li1\"><a href=\"https:\/\/endormoonstore.com\/tematica\/the-black-series\/\"><b>The Black Series<\/b><\/a>: Esta colecci\u00f3n incluye figuras de acci\u00f3n de 6 pulgadas (aproximadamente 15 cm), cascos a escala 1:1 y sables de luz Force FX. Los productos de esta l\u00ednea est\u00e1n dise\u00f1ados con detalles premium y m\u00faltiples puntos de articulaci\u00f3n. Son ideales para coleccionistas y fans de todas las edades. Adem\u00e1s, The Black Series destaca por su alta calidad y precisi\u00f3n en la representaci\u00f3n de personajes y objetos del universo Star Wars.<\/li>\n<li class=\"li1\"><a href=\"https:\/\/endormoonstore.com\/tematica\/the-vintage-collection\/\"><b>The Vintage Collection<\/b>:<\/a> Esta l\u00ednea presenta figuras de 3.75 pulgadas (aproximadamente 9,5 cm) con detalles y dise\u00f1o inspirados en la l\u00ednea original de juguetes de Kenner. Igualmente, incluye veh\u00edculos y dioramas altamente detallados que evocan la nostalgia de los fans de Star Wars. The Vintage Collection destaca por su fidelidad a los dise\u00f1os cl\u00e1sicos y su capacidad para capturar la esencia de la saga original.<\/li>\n<li class=\"li1\"><a href=\"https:\/\/endormoonstore.com\/tematica\/retro-collection\/\"><b>The Retro Collection<\/b>:<\/a> Esta l\u00ednea recrea las figuras originales de Star Wars de los a\u00f1os 70 y 80, con un dise\u00f1o y detalles inspirados en los juguetes de Kenner de esa \u00e9poca. Las figuras de 3.75 pulgadas (aproximadamente 9,5 cm) tienen 5 puntos de articulaci\u00f3n y son muy populares entre los que buscan un toque de nostalgia.<\/li>\n<\/ul>\n","protected":false},"excerpt":{"rendered":"<h4><strong>Jedi Temple Guard The Black Series: \u00a1El Guardi\u00e1n del Templo Jedi Llega a tu Colecci\u00f3n!<\/strong><\/h4>\n<p>Protege los secretos de la Fuerza. De hecho, la esperada figura del Jedi Temple Guard se une a la colecci\u00f3n The Black Series de Hasbro. Directamente de la aclamada serie animada <i>Star Wars: The Clone Wars<\/i>, este guardi\u00e1n silencioso est\u00e1 listo para impresionar.<\/p>\n","protected":false},"featured_media":175365,"template":"","meta":{"_acf_changed":false,"_kad_blocks_custom_css":"","_kad_blocks_head_custom_js":"","_kad_blocks_body_custom_js":"","_kad_blocks_footer_custom_js":""},"product_cat":[13453,1390,13511],"product_tag":[],"class_list":{"0":"post-175378","1":"product","2":"type-product","3":"status-publish","4":"has-post-thumbnail","6":"product_cat-featured","7":"product_cat-figures","8":"product_cat-new-arrivals","9":"pa_brand-hasbro-en","10":"pa_character-jedi-temple-guard-en","11":"pa_episode-star-wars-the-clone-wars-en","12":"pa_license-star-wars-en","13":"pa_product-type-figure","14":"pa_theme-the-black-series-en","16":"first","17":"instock","18":"taxable","19":"shipping-taxable","20":"purchasable","21":"product-type-simple"},"acf":[],"yoast_head":"<!-- This site is optimized with the Yoast SEO plugin v26.1.1 - https:\/\/yoast.com\/wordpress\/plugins\/seo\/ -->\n<title>Jedi Temple Guard The Black Series Star Wars The Clone Wars - EndormoonStore<\/title>\n<meta name=\"description\" content=\"Jedi Temple Guard The Black Series: Figura de 15cm de Clone Wars. Dise\u00f1o premium y lanza sable. \u00a1A\u00f1ade al guardi\u00e1n a tu colecci\u00f3n Star Wars!\" \/>\n<meta name=\"robots\" content=\"index, follow, max-snippet:-1, max-image-preview:large, max-video-preview:-1\" \/>\n<link rel=\"canonical\" href=\"https:\/\/endormoonstore.com\/en\/jedi-temple-guard-the-black-series-star-wars-the-clone-wars\/\" \/>\n<meta property=\"og:locale\" content=\"en_US\" \/>\n<meta property=\"og:type\" content=\"article\" \/>\n<meta property=\"og:title\" content=\"Jedi Temple Guard The Black Series Star Wars The Clone Wars - EndormoonStore\" \/>\n<meta property=\"og:description\" content=\"Jedi Temple Guard The Black Series: Figura de 15cm de Clone Wars. Dise\u00f1o premium y lanza sable. \u00a1A\u00f1ade al guardi\u00e1n a tu colecci\u00f3n Star Wars!\" \/>\n<meta property=\"og:url\" content=\"https:\/\/endormoonstore.com\/en\/jedi-temple-guard-the-black-series-star-wars-the-clone-wars\/\" \/>\n<meta property=\"og:site_name\" content=\"EndormoonStore\" \/>\n<meta property=\"og:image\" content=\"https:\/\/endormoonstore.com\/wp-content\/uploads\/2025\/06\/jedi-temple-guard-the-black-series-star-wars-the-clone-wars-figura-empaque.webp\" \/>\n\t<meta property=\"og:image:width\" content=\"1920\" \/>\n\t<meta property=\"og:image:height\" content=\"1920\" \/>\n\t<meta property=\"og:image:type\" content=\"image\/webp\" \/>\n<meta name=\"twitter:card\" content=\"summary_large_image\" \/>\n<meta name=\"twitter:label1\" content=\"Est. reading time\" \/>\n\t<meta name=\"twitter:data1\" content=\"3 minutes\" \/>\n<script type=\"application\/ld+json\" class=\"yoast-schema-graph\">{\"@context\":\"https:\/\/schema.org\",\"@graph\":[{\"@type\":\"WebPage\",\"@id\":\"https:\/\/endormoonstore.com\/en\/jedi-temple-guard-the-black-series-star-wars-the-clone-wars\/\",\"url\":\"https:\/\/endormoonstore.com\/en\/jedi-temple-guard-the-black-series-star-wars-the-clone-wars\/\",\"name\":\"Jedi Temple Guard The Black Series Star Wars The Clone Wars - EndormoonStore\",\"isPartOf\":{\"@id\":\"https:\/\/endormoonstore.com\/#website\"},\"primaryImageOfPage\":{\"@id\":\"https:\/\/endormoonstore.com\/en\/jedi-temple-guard-the-black-series-star-wars-the-clone-wars\/#primaryimage\"},\"image\":{\"@id\":\"https:\/\/endormoonstore.com\/en\/jedi-temple-guard-the-black-series-star-wars-the-clone-wars\/#primaryimage\"},\"thumbnailUrl\":\"https:\/\/endormoonstore.com\/wp-content\/uploads\/2025\/06\/jedi-temple-guard-the-black-series-star-wars-the-clone-wars-figura-empaque.webp\",\"datePublished\":\"2025-09-29T02:00:49+00:00\",\"description\":\"Jedi Temple Guard The Black Series: Figura de 15cm de Clone Wars. Dise\u00f1o premium y lanza sable. \u00a1A\u00f1ade al guardi\u00e1n a tu colecci\u00f3n Star Wars!\",\"breadcrumb\":{\"@id\":\"https:\/\/endormoonstore.com\/en\/jedi-temple-guard-the-black-series-star-wars-the-clone-wars\/#breadcrumb\"},\"inLanguage\":\"en-US\",\"potentialAction\":[{\"@type\":\"ReadAction\",\"target\":[\"https:\/\/endormoonstore.com\/en\/jedi-temple-guard-the-black-series-star-wars-the-clone-wars\/\"]}]},{\"@type\":\"ImageObject\",\"inLanguage\":\"en-US\",\"@id\":\"https:\/\/endormoonstore.com\/en\/jedi-temple-guard-the-black-series-star-wars-the-clone-wars\/#primaryimage\",\"url\":\"https:\/\/endormoonstore.com\/wp-content\/uploads\/2025\/06\/jedi-temple-guard-the-black-series-star-wars-the-clone-wars-figura-empaque.webp\",\"contentUrl\":\"https:\/\/endormoonstore.com\/wp-content\/uploads\/2025\/06\/jedi-temple-guard-the-black-series-star-wars-the-clone-wars-figura-empaque.webp\",\"width\":1920,\"height\":1920,\"caption\":\"La figura de Jedi Temple Guard de Star Wars: The Clone Wars, parte de la colecci\u00f3n The Black Series de Hasbro, presentada en su empaque original.\"},{\"@type\":\"BreadcrumbList\",\"@id\":\"https:\/\/endormoonstore.com\/en\/jedi-temple-guard-the-black-series-star-wars-the-clone-wars\/#breadcrumb\",\"itemListElement\":[{\"@type\":\"ListItem\",\"position\":1,\"name\":\"Shop\",\"item\":\"https:\/\/endormoonstore.com\/en\/shop\/\"},{\"@type\":\"ListItem\",\"position\":2,\"name\":\"Jedi Temple Guard The Black Series Star Wars The Clone Wars\"}]},{\"@type\":\"WebSite\",\"@id\":\"https:\/\/endormoonstore.com\/#website\",\"url\":\"https:\/\/endormoonstore.com\/\",\"name\":\"EndormoonStore\",\"description\":\"\",\"potentialAction\":[{\"@type\":\"SearchAction\",\"target\":{\"@type\":\"EntryPoint\",\"urlTemplate\":\"https:\/\/endormoonstore.com\/?s={search_term_string}\"},\"query-input\":{\"@type\":\"PropertyValueSpecification\",\"valueRequired\":true,\"valueName\":\"search_term_string\"}}],\"inLanguage\":\"en-US\"}]}<\/script>\n<!-- \/ Yoast SEO plugin. -->","yoast_head_json":{"title":"Jedi Temple Guard The Black Series Star Wars The Clone Wars - EndormoonStore","description":"Jedi Temple Guard The Black Series: Figura de 15cm de Clone Wars. Dise\u00f1o premium y lanza sable. \u00a1A\u00f1ade al guardi\u00e1n a tu colecci\u00f3n Star Wars!","robots":{"index":"index","follow":"follow","max-snippet":"max-snippet:-1","max-image-preview":"max-image-preview:large","max-video-preview":"max-video-preview:-1"},"canonical":"https:\/\/endormoonstore.com\/en\/jedi-temple-guard-the-black-series-star-wars-the-clone-wars\/","og_locale":"en_US","og_type":"article","og_title":"Jedi Temple Guard The Black Series Star Wars The Clone Wars - EndormoonStore","og_description":"Jedi Temple Guard The Black Series: Figura de 15cm de Clone Wars. Dise\u00f1o premium y lanza sable. \u00a1A\u00f1ade al guardi\u00e1n a tu colecci\u00f3n Star Wars!","og_url":"https:\/\/endormoonstore.com\/en\/jedi-temple-guard-the-black-series-star-wars-the-clone-wars\/","og_site_name":"EndormoonStore","og_image":[{"width":1920,"height":1920,"url":"https:\/\/endormoonstore.com\/wp-content\/uploads\/2025\/06\/jedi-temple-guard-the-black-series-star-wars-the-clone-wars-figura-empaque.webp","type":"image\/webp"}],"twitter_card":"summary_large_image","twitter_misc":{"Est. reading time":"3 minutes"},"schema":{"@context":"https:\/\/schema.org","@graph":[{"@type":"WebPage","@id":"https:\/\/endormoonstore.com\/en\/jedi-temple-guard-the-black-series-star-wars-the-clone-wars\/","url":"https:\/\/endormoonstore.com\/en\/jedi-temple-guard-the-black-series-star-wars-the-clone-wars\/","name":"Jedi Temple Guard The Black Series Star Wars The Clone Wars - EndormoonStore","isPartOf":{"@id":"https:\/\/endormoonstore.com\/#website"},"primaryImageOfPage":{"@id":"https:\/\/endormoonstore.com\/en\/jedi-temple-guard-the-black-series-star-wars-the-clone-wars\/#primaryimage"},"image":{"@id":"https:\/\/endormoonstore.com\/en\/jedi-temple-guard-the-black-series-star-wars-the-clone-wars\/#primaryimage"},"thumbnailUrl":"https:\/\/endormoonstore.com\/wp-content\/uploads\/2025\/06\/jedi-temple-guard-the-black-series-star-wars-the-clone-wars-figura-empaque.webp","datePublished":"2025-09-29T02:00:49+00:00","description":"Jedi Temple Guard The Black Series: Figura de 15cm de Clone Wars. Dise\u00f1o premium y lanza sable. \u00a1A\u00f1ade al guardi\u00e1n a tu colecci\u00f3n Star Wars!","breadcrumb":{"@id":"https:\/\/endormoonstore.com\/en\/jedi-temple-guard-the-black-series-star-wars-the-clone-wars\/#breadcrumb"},"inLanguage":"en-US","potentialAction":[{"@type":"ReadAction","target":["https:\/\/endormoonstore.com\/en\/jedi-temple-guard-the-black-series-star-wars-the-clone-wars\/"]}]},{"@type":"ImageObject","inLanguage":"en-US","@id":"https:\/\/endormoonstore.com\/en\/jedi-temple-guard-the-black-series-star-wars-the-clone-wars\/#primaryimage","url":"https:\/\/endormoonstore.com\/wp-content\/uploads\/2025\/06\/jedi-temple-guard-the-black-series-star-wars-the-clone-wars-figura-empaque.webp","contentUrl":"https:\/\/endormoonstore.com\/wp-content\/uploads\/2025\/06\/jedi-temple-guard-the-black-series-star-wars-the-clone-wars-figura-empaque.webp","width":1920,"height":1920,"caption":"La figura de Jedi Temple Guard de Star Wars: The Clone Wars, parte de la colecci\u00f3n The Black Series de Hasbro, presentada en su empaque original."},{"@type":"BreadcrumbList","@id":"https:\/\/endormoonstore.com\/en\/jedi-temple-guard-the-black-series-star-wars-the-clone-wars\/#breadcrumb","itemListElement":[{"@type":"ListItem","position":1,"name":"Shop","item":"https:\/\/endormoonstore.com\/en\/shop\/"},{"@type":"ListItem","position":2,"name":"Jedi Temple Guard The Black Series Star Wars The Clone Wars"}]},{"@type":"WebSite","@id":"https:\/\/endormoonstore.com\/#website","url":"https:\/\/endormoonstore.com\/","name":"EndormoonStore","description":"","potentialAction":[{"@type":"SearchAction","target":{"@type":"EntryPoint","urlTemplate":"https:\/\/endormoonstore.com\/?s={search_term_string}"},"query-input":{"@type":"PropertyValueSpecification","valueRequired":true,"valueName":"search_term_string"}}],"inLanguage":"en-US"}]}},"taxonomy_info":{"product_cat":[{"value":13453,"label":"Featured"},{"value":1390,"label":"Figures"},{"value":13511,"label":"New Arrivals"}],"pa_brand":[{"value":2084,"label":"Hasbro"}],"pa_character":[{"value":15696,"label":"Jedi Temple Guard"}],"pa_episode":[{"value":2333,"label":"Star Wars: The Clone Wars"}],"pa_license":[{"value":1644,"label":"Star Wars"}],"pa_product-type":[{"value":2387,"label":"Figure"}],"pa_theme":[{"value":2552,"label":"The Black Series"}]},"featured_image_src_large":["https:\/\/endormoonstore.com\/wp-content\/uploads\/2025\/06\/jedi-temple-guard-the-black-series-star-wars-the-clone-wars-figura-empaque.webp",1920,1920,false],"author_info":[],"comment_info":"","_links":{"self":[{"href":"https:\/\/endormoonstore.com\/en\/wp-json\/wp\/v2\/product\/175378","targetHints":{"allow":["GET"]}}],"collection":[{"href":"https:\/\/endormoonstore.com\/en\/wp-json\/wp\/v2\/product"}],"about":[{"href":"https:\/\/endormoonstore.com\/en\/wp-json\/wp\/v2\/types\/product"}],"wp:featuredmedia":[{"embeddable":true,"href":"https:\/\/endormoonstore.com\/en\/wp-json\/wp\/v2\/media\/175365"}],"wp:attachment":[{"href":"https:\/\/endormoonstore.com\/en\/wp-json\/wp\/v2\/media?parent=175378"}],"wp:term":[{"taxonomy":"product_cat","embeddable":true,"href":"https:\/\/endormoonstore.com\/en\/wp-json\/wp\/v2\/product_cat?post=175378"},{"taxonomy":"product_tag","embeddable":true,"href":"https:\/\/endormoonstore.com\/en\/wp-json\/wp\/v2\/product_tag?post=175378"}],"curies":[{"name":"wp","href":"https:\/\/api.w.org\/{rel}","templated":true}]}}