{"id":175254,"date":"2025-06-19T02:30:33","date_gmt":"2025-06-19T00:30:33","guid":{"rendered":"https:\/\/endormoonstore.com\/lucy-cyberpunk-edgerunners-buzzmod\/"},"modified":"2025-08-26T21:48:46","modified_gmt":"2025-08-26T19:48:46","slug":"lucy-cyberpunk-edgerunners-buzzmod","status":"publish","type":"product","link":"https:\/\/endormoonstore.com\/en\/lucy-cyberpunk-edgerunners-buzzmod\/","title":{"rendered":"Lucy Cyberpunk: Edgerunners BUZZmod"},"content":{"rendered":"<h4 data-sourcepos=\"9:1-9:88\"><strong>Lucy Cyberpunk: Edgerunners BUZZmod: \u00a1La Netrunner Fugitiva de Night City al Detalle!<\/strong><\/h4>\n<ul>\n<li data-sourcepos=\"11:1-11:470\">\u00a1Directa de las peligrosas y electrizantes calles de Night City, la enigm\u00e1tica netrunner fugitiva Lucy Cyberpunk: Edgerunners BUZZmod se une a la aclamada serie de figuras de acci\u00f3n BUZZmod.! Esta figura coleccionable, que representa a la ic\u00f3nica Lucy Cyberpunk: Edgerunners BUZZmod, la dise\u00f1aron meticulosamente con aproximadamente 14 cm de altura (escala 1\/12). Adem\u00e1s, ofrece una articulaci\u00f3n superior, estabilidad y facilidad de pose, garantizando as\u00ed la experiencia de juego y exhibici\u00f3n definitiva para los fans.<\/li>\n<\/ul>\n<h4 data-sourcepos=\"13:1-13:45\"><strong>Articulaci\u00f3n Superior y Detalles Ic\u00f3nicos<\/strong><\/h4>\n<ul>\n<li data-sourcepos=\"15:1-15:471\">Fabricamos esta figura en PVC, ABS y POM de alta calidad. Adem\u00e1s, equilibra el esculpido detallado con una impresionante posabilidad. Cuenta con un cuello articulado y su ic\u00f3nica pieza de cuello, que incorpora una articulaci\u00f3n m\u00f3vil para un movimiento din\u00e1mico. Por consiguiente, incluimos dos partes de cuello intercambiables para distintas poses. As\u00ed, podr\u00e1s recrear una amplia variedad de escenas y capturar la personalidad fr\u00eda pero expresiva de Lucy.<\/li>\n<\/ul>\n<h4 data-sourcepos=\"17:1-17:56\"><strong>Accesorios que Resaltan sus Habilidades de Netrunner<\/strong><\/h4>\n<ul>\n<li data-sourcepos=\"19:1-19:570\">El set viene cargado de accesorios para personalizar tu figura. Incluye cinco placas faciales intercambiables que expresan todas las facetas de Lucy. Asimismo, encontrar\u00e1s una parte de cabeza reemplazable con una &#8220;ventana de Protocolo de Infiltraci\u00f3n&#8221; (Breach Protocol Screen), destacando sus letales habilidades de Netrunner. Para las escenas de acci\u00f3n m\u00e1s intensas, incluimos partes de antebrazo con un &#8220;Monowire&#8221; articulable y una pistola. Por si fuera poco, cuenta con nueve manos intercambiables (5 izquierdas y 4 derechas) y un par de pies intercambiables.<\/li>\n<\/ul>\n<h4 data-sourcepos=\"21:1-21:46\"><strong>Posabilidad Din\u00e1mica y Producci\u00f3n de \u00c9lite<\/strong><\/h4>\n<ul>\n<li data-sourcepos=\"23:1-23:471\">Las exclusivas partes de pie intercambiables de BUZZmod. permiten poses din\u00e1micas de salto y arrodillado, \u00a1dejando volar tu imaginaci\u00f3n! De hecho, Carve Models y Kyo Nagashio (GB2) esculpieron esta figura, y koppe (GB2) realiz\u00f3 el trabajo de pintura. La producci\u00f3n se hizo en colaboraci\u00f3n con Zero G Act Co., Ltd.. Aniplex la manufactura y Good Smile Company la distribuye. La presentamos en una caja con ventana, perfecta para coleccionistas.<\/li>\n<li data-sourcepos=\"25:1-25:211\">\u00a1No dejes escapar la oportunidad de traer a la enigm\u00e1tica y talentosa netrunner a tu colecci\u00f3n! \u00a1Atr\u00e9vete a a\u00f1adir a Lucy Cyberpunk: Edgerunners BUZZmod hoy mismo y lleva la emoci\u00f3n de Night City a tu hogar!<\/li>\n<\/ul>\n<h4 data-sourcepos=\"31:1-31:38\"><strong>Sobre Aniplex y su l\u00ednea BUZZmod.<\/strong><\/h4>\n<ul>\n<li data-sourcepos=\"33:1-33:457\"><a href=\"\/?product_brand=aniplex\"><strong>Aniplex<\/strong><\/a> es una reconocida productora japonesa de anime, m\u00fasica y <em>merchandising<\/em>, filial de Sony Music Entertainment Japan. Fundada en 1995, ha sido fundamental en la producci\u00f3n y distribuci\u00f3n de algunas de las series de anime m\u00e1s populares y exitosas a nivel mundial, incluyendo t\u00edtulos como <em>Demon Slayer: Kimetsu no Yaiba<\/em>, <em>Fullmetal Alchemist<\/em> y, por supuesto, <em>Cyberpunk: Edgerunners<\/em>. Su experiencia se extiende tambi\u00e9n a videojuegos y pel\u00edculas.<\/li>\n<li data-sourcepos=\"35:1-35:495\">La l\u00ednea de figuras de acci\u00f3n <a href=\"https:\/\/endormoonstore.com\/tematica\/buzzmod\/\"><strong>BUZZmod<\/strong><\/a>. de Aniplex es conocida por su enfoque en la alta calidad, la extensa articulaci\u00f3n y la fidelidad a los dise\u00f1os de los personajes. Estas figuras, fabricadas con materiales como PVC, ABS y POM, buscan ofrecer la m\u00e1xima posabilidad y durabilidad, permitiendo a los coleccionistas recrear una amplia gama de escenas y expresiones. BUZZmod. se ha consolidado como una opci\u00f3n premium para los fans del anime que buscan coleccionables detallados y vers\u00e1tiles.<\/li>\n<\/ul>\n","protected":false},"excerpt":{"rendered":"<h4 data-sourcepos=\"9:1-9:88\"><strong>Lucy Cyberpunk: Edgerunners BUZZmod: \u00a1La Netrunner Fugitiva de Night City al Detalle!<\/strong><\/h4>\n<p>\u00a1Directa de las peligrosas y electrizantes calles de Night City, la enigm\u00e1tica netrunner fugitiva Lucy Cyberpunk: Edgerunners BUZZmod se une a la aclamada serie de figuras de acci\u00f3n BUZZmod.! Esta figura coleccionable, que representa a la ic\u00f3nica Lucy Cyberpunk: Edgerunners BUZZmod, la dise\u00f1aron meticulosamente con aproximadamente 14 cm de altura (escala 1\/12).<\/p>\n","protected":false},"featured_media":175237,"template":"","meta":{"_acf_changed":false,"_kad_blocks_custom_css":"","_kad_blocks_head_custom_js":"","_kad_blocks_body_custom_js":"","_kad_blocks_footer_custom_js":""},"product_cat":[1384],"product_tag":[],"class_list":{"0":"post-175254","1":"product","2":"type-product","3":"status-publish","4":"has-post-thumbnail","6":"product_cat-pre-orders","7":"pa_brand-aniplex-en","8":"pa_character-lucy-en","9":"pa_episode-cyberpunk-edgerunners-en","10":"pa_license-cyberpunk-en","11":"pa_product-type-figure","12":"pa_theme-buzzmod-en","14":"first","15":"instock","16":"taxable","17":"shipping-taxable","18":"purchasable","19":"product-type-simple"},"acf":[],"yoast_head":"<!-- This site is optimized with the Yoast SEO plugin v26.1.1 - https:\/\/yoast.com\/wordpress\/plugins\/seo\/ -->\n<title>Lucy Cyberpunk: Edgerunners BUZZmod - EndormoonStore<\/title>\n<meta name=\"description\" content=\"Lucy Cyberpunk: Edgerunners BUZZmod: Figura de 14 cm con accesorios y alta posabilidad. \u00a1La netrunner de Night City en tu colecci\u00f3n!\" \/>\n<meta name=\"robots\" content=\"index, follow, max-snippet:-1, max-image-preview:large, max-video-preview:-1\" \/>\n<link rel=\"canonical\" href=\"https:\/\/endormoonstore.com\/en\/lucy-cyberpunk-edgerunners-buzzmod\/\" \/>\n<meta property=\"og:locale\" content=\"en_US\" \/>\n<meta property=\"og:type\" content=\"article\" \/>\n<meta property=\"og:title\" content=\"Lucy Cyberpunk: Edgerunners BUZZmod - EndormoonStore\" \/>\n<meta property=\"og:description\" content=\"Lucy Cyberpunk: Edgerunners BUZZmod: Figura de 14 cm con accesorios y alta posabilidad. \u00a1La netrunner de Night City en tu colecci\u00f3n!\" \/>\n<meta property=\"og:url\" content=\"https:\/\/endormoonstore.com\/en\/lucy-cyberpunk-edgerunners-buzzmod\/\" \/>\n<meta property=\"og:site_name\" content=\"EndormoonStore\" \/>\n<meta property=\"article:modified_time\" content=\"2025-08-26T19:48:46+00:00\" \/>\n<meta property=\"og:image\" content=\"https:\/\/endormoonstore.com\/wp-content\/uploads\/2025\/06\/lucy-cyberpunk-edgerunners-buzzmod-figura.webp\" \/>\n\t<meta property=\"og:image:width\" content=\"750\" \/>\n\t<meta property=\"og:image:height\" content=\"1120\" \/>\n\t<meta property=\"og:image:type\" content=\"image\/webp\" \/>\n<meta name=\"twitter:card\" content=\"summary_large_image\" \/>\n<meta name=\"twitter:label1\" content=\"Est. reading time\" \/>\n\t<meta name=\"twitter:data1\" content=\"3 minutes\" \/>\n<script type=\"application\/ld+json\" class=\"yoast-schema-graph\">{\"@context\":\"https:\/\/schema.org\",\"@graph\":[{\"@type\":\"WebPage\",\"@id\":\"https:\/\/endormoonstore.com\/en\/lucy-cyberpunk-edgerunners-buzzmod\/\",\"url\":\"https:\/\/endormoonstore.com\/en\/lucy-cyberpunk-edgerunners-buzzmod\/\",\"name\":\"Lucy Cyberpunk: Edgerunners BUZZmod - EndormoonStore\",\"isPartOf\":{\"@id\":\"https:\/\/endormoonstore.com\/#website\"},\"primaryImageOfPage\":{\"@id\":\"https:\/\/endormoonstore.com\/en\/lucy-cyberpunk-edgerunners-buzzmod\/#primaryimage\"},\"image\":{\"@id\":\"https:\/\/endormoonstore.com\/en\/lucy-cyberpunk-edgerunners-buzzmod\/#primaryimage\"},\"thumbnailUrl\":\"https:\/\/endormoonstore.com\/wp-content\/uploads\/2025\/06\/lucy-cyberpunk-edgerunners-buzzmod-figura.webp\",\"datePublished\":\"2025-06-19T00:30:33+00:00\",\"dateModified\":\"2025-08-26T19:48:46+00:00\",\"description\":\"Lucy Cyberpunk: Edgerunners BUZZmod: Figura de 14 cm con accesorios y alta posabilidad. \u00a1La netrunner de Night City en tu colecci\u00f3n!\",\"breadcrumb\":{\"@id\":\"https:\/\/endormoonstore.com\/en\/lucy-cyberpunk-edgerunners-buzzmod\/#breadcrumb\"},\"inLanguage\":\"en-US\",\"potentialAction\":[{\"@type\":\"ReadAction\",\"target\":[\"https:\/\/endormoonstore.com\/en\/lucy-cyberpunk-edgerunners-buzzmod\/\"]}]},{\"@type\":\"ImageObject\",\"inLanguage\":\"en-US\",\"@id\":\"https:\/\/endormoonstore.com\/en\/lucy-cyberpunk-edgerunners-buzzmod\/#primaryimage\",\"url\":\"https:\/\/endormoonstore.com\/wp-content\/uploads\/2025\/06\/lucy-cyberpunk-edgerunners-buzzmod-figura.webp\",\"contentUrl\":\"https:\/\/endormoonstore.com\/wp-content\/uploads\/2025\/06\/lucy-cyberpunk-edgerunners-buzzmod-figura.webp\",\"width\":750,\"height\":1120,\"caption\":\"Directamente de Night City, la figura BUZZmod de Lucy de Cyberpunk: Edgerunners, con un detalle incre\u00edble.\"},{\"@type\":\"BreadcrumbList\",\"@id\":\"https:\/\/endormoonstore.com\/en\/lucy-cyberpunk-edgerunners-buzzmod\/#breadcrumb\",\"itemListElement\":[{\"@type\":\"ListItem\",\"position\":1,\"name\":\"Shop\",\"item\":\"https:\/\/endormoonstore.com\/en\/shop\/\"},{\"@type\":\"ListItem\",\"position\":2,\"name\":\"Lucy Cyberpunk: Edgerunners BUZZmod\"}]},{\"@type\":\"WebSite\",\"@id\":\"https:\/\/endormoonstore.com\/#website\",\"url\":\"https:\/\/endormoonstore.com\/\",\"name\":\"EndormoonStore\",\"description\":\"\",\"potentialAction\":[{\"@type\":\"SearchAction\",\"target\":{\"@type\":\"EntryPoint\",\"urlTemplate\":\"https:\/\/endormoonstore.com\/?s={search_term_string}\"},\"query-input\":{\"@type\":\"PropertyValueSpecification\",\"valueRequired\":true,\"valueName\":\"search_term_string\"}}],\"inLanguage\":\"en-US\"}]}<\/script>\n<!-- \/ Yoast SEO plugin. -->","yoast_head_json":{"title":"Lucy Cyberpunk: Edgerunners BUZZmod - EndormoonStore","description":"Lucy Cyberpunk: Edgerunners BUZZmod: Figura de 14 cm con accesorios y alta posabilidad. \u00a1La netrunner de Night City en tu colecci\u00f3n!","robots":{"index":"index","follow":"follow","max-snippet":"max-snippet:-1","max-image-preview":"max-image-preview:large","max-video-preview":"max-video-preview:-1"},"canonical":"https:\/\/endormoonstore.com\/en\/lucy-cyberpunk-edgerunners-buzzmod\/","og_locale":"en_US","og_type":"article","og_title":"Lucy Cyberpunk: Edgerunners BUZZmod - EndormoonStore","og_description":"Lucy Cyberpunk: Edgerunners BUZZmod: Figura de 14 cm con accesorios y alta posabilidad. \u00a1La netrunner de Night City en tu colecci\u00f3n!","og_url":"https:\/\/endormoonstore.com\/en\/lucy-cyberpunk-edgerunners-buzzmod\/","og_site_name":"EndormoonStore","article_modified_time":"2025-08-26T19:48:46+00:00","og_image":[{"width":750,"height":1120,"url":"https:\/\/endormoonstore.com\/wp-content\/uploads\/2025\/06\/lucy-cyberpunk-edgerunners-buzzmod-figura.webp","type":"image\/webp"}],"twitter_card":"summary_large_image","twitter_misc":{"Est. reading time":"3 minutes"},"schema":{"@context":"https:\/\/schema.org","@graph":[{"@type":"WebPage","@id":"https:\/\/endormoonstore.com\/en\/lucy-cyberpunk-edgerunners-buzzmod\/","url":"https:\/\/endormoonstore.com\/en\/lucy-cyberpunk-edgerunners-buzzmod\/","name":"Lucy Cyberpunk: Edgerunners BUZZmod - EndormoonStore","isPartOf":{"@id":"https:\/\/endormoonstore.com\/#website"},"primaryImageOfPage":{"@id":"https:\/\/endormoonstore.com\/en\/lucy-cyberpunk-edgerunners-buzzmod\/#primaryimage"},"image":{"@id":"https:\/\/endormoonstore.com\/en\/lucy-cyberpunk-edgerunners-buzzmod\/#primaryimage"},"thumbnailUrl":"https:\/\/endormoonstore.com\/wp-content\/uploads\/2025\/06\/lucy-cyberpunk-edgerunners-buzzmod-figura.webp","datePublished":"2025-06-19T00:30:33+00:00","dateModified":"2025-08-26T19:48:46+00:00","description":"Lucy Cyberpunk: Edgerunners BUZZmod: Figura de 14 cm con accesorios y alta posabilidad. \u00a1La netrunner de Night City en tu colecci\u00f3n!","breadcrumb":{"@id":"https:\/\/endormoonstore.com\/en\/lucy-cyberpunk-edgerunners-buzzmod\/#breadcrumb"},"inLanguage":"en-US","potentialAction":[{"@type":"ReadAction","target":["https:\/\/endormoonstore.com\/en\/lucy-cyberpunk-edgerunners-buzzmod\/"]}]},{"@type":"ImageObject","inLanguage":"en-US","@id":"https:\/\/endormoonstore.com\/en\/lucy-cyberpunk-edgerunners-buzzmod\/#primaryimage","url":"https:\/\/endormoonstore.com\/wp-content\/uploads\/2025\/06\/lucy-cyberpunk-edgerunners-buzzmod-figura.webp","contentUrl":"https:\/\/endormoonstore.com\/wp-content\/uploads\/2025\/06\/lucy-cyberpunk-edgerunners-buzzmod-figura.webp","width":750,"height":1120,"caption":"Directamente de Night City, la figura BUZZmod de Lucy de Cyberpunk: Edgerunners, con un detalle incre\u00edble."},{"@type":"BreadcrumbList","@id":"https:\/\/endormoonstore.com\/en\/lucy-cyberpunk-edgerunners-buzzmod\/#breadcrumb","itemListElement":[{"@type":"ListItem","position":1,"name":"Shop","item":"https:\/\/endormoonstore.com\/en\/shop\/"},{"@type":"ListItem","position":2,"name":"Lucy Cyberpunk: Edgerunners BUZZmod"}]},{"@type":"WebSite","@id":"https:\/\/endormoonstore.com\/#website","url":"https:\/\/endormoonstore.com\/","name":"EndormoonStore","description":"","potentialAction":[{"@type":"SearchAction","target":{"@type":"EntryPoint","urlTemplate":"https:\/\/endormoonstore.com\/?s={search_term_string}"},"query-input":{"@type":"PropertyValueSpecification","valueRequired":true,"valueName":"search_term_string"}}],"inLanguage":"en-US"}]}},"taxonomy_info":{"product_cat":[{"value":1384,"label":"Pre-orders"}],"pa_brand":[{"value":13913,"label":"Aniplex"}],"pa_character":[{"value":15856,"label":"Lucy"}],"pa_episode":[{"value":15678,"label":"Cyberpunk: Edgerunners"}],"pa_license":[{"value":15680,"label":"Cyberpunk"}],"pa_product-type":[{"value":2387,"label":"Figure"}],"pa_theme":[{"value":13911,"label":"BUZZmod"}]},"featured_image_src_large":["https:\/\/endormoonstore.com\/wp-content\/uploads\/2025\/06\/lucy-cyberpunk-edgerunners-buzzmod-figura.webp",750,1120,false],"author_info":[],"comment_info":"","_links":{"self":[{"href":"https:\/\/endormoonstore.com\/en\/wp-json\/wp\/v2\/product\/175254","targetHints":{"allow":["GET"]}}],"collection":[{"href":"https:\/\/endormoonstore.com\/en\/wp-json\/wp\/v2\/product"}],"about":[{"href":"https:\/\/endormoonstore.com\/en\/wp-json\/wp\/v2\/types\/product"}],"wp:featuredmedia":[{"embeddable":true,"href":"https:\/\/endormoonstore.com\/en\/wp-json\/wp\/v2\/media\/175237"}],"wp:attachment":[{"href":"https:\/\/endormoonstore.com\/en\/wp-json\/wp\/v2\/media?parent=175254"}],"wp:term":[{"taxonomy":"product_cat","embeddable":true,"href":"https:\/\/endormoonstore.com\/en\/wp-json\/wp\/v2\/product_cat?post=175254"},{"taxonomy":"product_tag","embeddable":true,"href":"https:\/\/endormoonstore.com\/en\/wp-json\/wp\/v2\/product_tag?post=175254"}],"curies":[{"name":"wp","href":"https:\/\/api.w.org\/{rel}","templated":true}]}}