{"id":175131,"date":"2025-11-30T09:55:41","date_gmt":"2025-11-30T08:55:41","guid":{"rendered":"https:\/\/endormoonstore.com\/talking-sneering-chucky-childs-play-mds-mega-scale\/"},"modified":"2025-06-18T23:34:39","modified_gmt":"2025-06-18T21:34:39","slug":"talking-sneering-chucky-childs-play-mds-mega-scale","status":"publish","type":"product","link":"https:\/\/endormoonstore.com\/en\/talking-sneering-chucky-childs-play-mds-mega-scale\/","title":{"rendered":"Talking Sneering Chucky Child\u2019s Play MDS Mega Scale"},"content":{"rendered":"<h4 data-sourcepos=\"9:1-9:84\"><strong>Talking Sneering Chucky: \u00a1El Mu\u00f1eco Diab\u00f3lico M\u00e1s Cl\u00e1sico Llega a MDS Mega Scale!<\/strong><\/h4>\n<ul>\n<li data-sourcepos=\"11:1-11:451\">\u00a1Directamente de tus pesadillas, el escalofriante Talking Sneering Chucky de Child&#8217;s Play se une a la colecci\u00f3n MDS Mega Scale de Mezco Toyz! A diferencia de su habitual aspecto cicatrizado y da\u00f1ado por la batalla (con el que ha sembrado el caos en seis pel\u00edculas hasta ahora), esta versi\u00f3n representa al Talking Sneering Chucky en su forma m\u00e1s limpia y cl\u00e1sica. Su inconfundible atuendo no presenta cortes, y su rostro a\u00fan no ha sido marcado.<\/li>\n<li data-sourcepos=\"13:1-13:317\">Este mu\u00f1eco, la estrella de las pel\u00edculas <em>Child&#8217;s Play<\/em> (conocido como <em>Mu\u00f1eco Diab\u00f3lico<\/em> en Espa\u00f1a), mide unos 38 cm (15 pulgadas) de alto. Cuenta con once puntos de articulaci\u00f3n, lo que le permite adoptar poses amenazantes. Posee, de hecho, su caracter\u00edstico cabello naranja y ojos realistas con un acabado v\u00edtreo.<\/li>\n<li data-sourcepos=\"15:1-15:287\">Adem\u00e1s, viste aut\u00e9ntica ropa de tela de &#8220;Good Guys&#8221;, replicando su ic\u00f3nico estilo. Al igual que en sus aterradoras pel\u00edculas, Chucky tiene mucho que decir. Reproduce, por lo tanto, numerosas frases, desde su escalofriante &#8220;My name is Chucky&#8221; hasta otras expresiones mucho m\u00e1s siniestras.<\/li>\n<li data-sourcepos=\"17:1-17:281\">Fabricada en pl\u00e1stico de alta calidad, esta figura est\u00e1 dise\u00f1ada para durar. Cada Chucky viene empaquetado en una caja con ventana, amigable para coleccionistas. Su dise\u00f1o se basa, sin duda, en la caja original que aparece en las pel\u00edculas. Incluye tambi\u00e9n su inseparable cuchillo.<\/li>\n<li data-sourcepos=\"19:1-19:174\">\u00a1No dejes escapar la oportunidad! Atr\u00e9vete a a\u00f1adir al mu\u00f1eco diab\u00f3lico m\u00e1s ic\u00f3nico a tu colecci\u00f3n. \u00a1Consigue tu Talking Sneering Chucky hoy mismo y que empiece el juego!<\/li>\n<\/ul>\n<h4 data-sourcepos=\"6:1-6:60\"><strong>Sobre Mezco Toyz y MDS Mega Scale<\/strong><\/h4>\n<ul>\n<li data-sourcepos=\"8:1-8:273\"><strong><a href=\"\/?product_brand=mezco-toyz\">Mezco Toyz<\/a><\/strong> es un fabricante l\u00edder de coleccionables. Sus figuras inspiran la cultura pop, el cine y los c\u00f3mics. Entre sus l\u00edneas, la serie MDS (Mezco Designer Series) Mega Scale destaca especialmente. De hecho, ofrece personajes ic\u00f3nicos en gran tama\u00f1o.<\/li>\n<li data-sourcepos=\"10:1-10:397\">Por ejemplo, las figuras Mega Scale miden aproximadamente 15 pulgadas (38 cm). Adem\u00e1s, presentan un dise\u00f1o estilizado y retro. As\u00ed mismo, este estilo recuerda los juguetes cl\u00e1sicos de los a\u00f1os 70 y 80. Con frecuencia, incluyen caracter\u00edsticas interactivas. Es decir, hablan frases aut\u00e9nticas o activan efectos de sonido. Incluso, algunas incorporan iluminaci\u00f3n.<\/li>\n<li data-sourcepos=\"12:1-12:370\">A menudo, encontrar\u00e1 personajes de terror muy populares. Chucky, Michael Myers y Pennywise forman parte de esta serie. Igualmente, disponemos de superh\u00e9roes y otros favoritos. Mezco dise\u00f1a cada pieza con gran atenci\u00f3n. Por consiguiente, captura la esencia del personaje en un formato m\u00e1s grande. Tambi\u00e9n, a\u00f1ade un toque divertido.<\/li>\n<li data-sourcepos=\"14:1-14:394\">M\u00e1s all\u00e1 de esto, Mezco Toyz ofrece otras l\u00edneas notables. La aclamada <strong><a href=\"https:\/\/endormoonstore.com\/tematica\/one12-collective\/\">One:12 Collective<\/a><\/strong> presenta figuras a escala 1\/12. Estas, cuentan con hiperarticulaci\u00f3n y trajes de tela. Por otro lado, 5 Points apela a la nostalgia. Incluye figuras retro con cinco puntos de articulaci\u00f3n. Finalmente, la l\u00ednea Static-6 se enfoca en estatuas detalladas a escala 1\/6.<\/li>\n<li data-sourcepos=\"16:1-16:341\">La calidad y la innovaci\u00f3n son, sin duda, pilares de Mezco Toyz. Como resultado, esto garantiza la lealtad de coleccionistas globales. <a href=\"https:\/\/endormoonstore.com\/tematica\/mds-mega-scale\/\"><strong>MDS Mega Scale<\/strong><\/a> proporciona una forma divertida. En resumen, permite celebrar personajes favoritos con gran impacto. As\u00ed, aporta una est\u00e9tica \u00fanica al mundo coleccionable.<\/li>\n<\/ul>\n","protected":false},"excerpt":{"rendered":"<h4 data-sourcepos=\"9:1-9:84\"><strong>Talking Sneering Chucky: \u00a1El Mu\u00f1eco Diab\u00f3lico M\u00e1s Cl\u00e1sico Llega a MDS Mega Scale!<\/strong><\/h4>\n<p>\u00a1Directamente de tus pesadillas, el escalofriante Talking Sneering Chucky de Child&#8217;s Play se une a la colecci\u00f3n MDS Mega Scale de Mezco Toyz! A diferencia de su habitual aspecto cicatrizado y da\u00f1ado por la batalla (con el que ha sembrado el caos en seis pel\u00edculas hasta ahora), esta versi\u00f3n representa al Talking Sneering Chucky en su forma m\u00e1s limpia y cl\u00e1sica.<\/p>\n","protected":false},"featured_media":175112,"template":"","meta":{"_acf_changed":false,"_kad_blocks_custom_css":"","_kad_blocks_head_custom_js":"","_kad_blocks_body_custom_js":"","_kad_blocks_footer_custom_js":""},"product_cat":[13453,1390,13511],"product_tag":[],"class_list":{"0":"post-175131","1":"product","2":"type-product","3":"status-publish","4":"has-post-thumbnail","6":"product_cat-featured","7":"product_cat-figures","8":"product_cat-new-arrivals","9":"pa_brand-mezco-toyz-en","10":"pa_character-chucky-en","11":"pa_episode-childs-play-en","12":"pa_license-chucky-en","13":"pa_product-type-figure","14":"pa_theme-mds-mega-scale-en","16":"first","17":"outofstock","18":"taxable","19":"shipping-taxable","20":"purchasable","21":"product-type-simple"},"acf":[],"yoast_head":"<!-- This site is optimized with the Yoast SEO plugin v26.1.1 - https:\/\/yoast.com\/wordpress\/plugins\/seo\/ -->\n<title>Talking Sneering Chucky Child\u2019s Play MDS Mega Scale - EndormoonStore<\/title>\n<meta name=\"description\" content=\"Talking Sneering Chucky MDS Mega Scale: Figura de 38 cm con voz y ropa real. \u00a1El mu\u00f1eco diab\u00f3lico m\u00e1s cl\u00e1sico llega a tu casa!\" \/>\n<meta name=\"robots\" content=\"index, follow, max-snippet:-1, max-image-preview:large, max-video-preview:-1\" \/>\n<link rel=\"canonical\" href=\"https:\/\/endormoonstore.com\/en\/talking-sneering-chucky-childs-play-mds-mega-scale\/\" \/>\n<meta property=\"og:locale\" content=\"en_US\" \/>\n<meta property=\"og:type\" content=\"article\" \/>\n<meta property=\"og:title\" content=\"Talking Sneering Chucky Child\u2019s Play MDS Mega Scale - EndormoonStore\" \/>\n<meta property=\"og:description\" content=\"Talking Sneering Chucky MDS Mega Scale: Figura de 38 cm con voz y ropa real. \u00a1El mu\u00f1eco diab\u00f3lico m\u00e1s cl\u00e1sico llega a tu casa!\" \/>\n<meta property=\"og:url\" content=\"https:\/\/endormoonstore.com\/en\/talking-sneering-chucky-childs-play-mds-mega-scale\/\" \/>\n<meta property=\"og:site_name\" content=\"EndormoonStore\" \/>\n<meta property=\"og:image\" content=\"https:\/\/endormoonstore.com\/wp-content\/uploads\/2025\/05\/talking-sneering-chucky-childs-play-mds-mega-scale-cuchillo.jpeg\" \/>\n\t<meta property=\"og:image:width\" content=\"800\" \/>\n\t<meta property=\"og:image:height\" content=\"800\" \/>\n\t<meta property=\"og:image:type\" content=\"image\/jpeg\" \/>\n<meta name=\"twitter:card\" content=\"summary_large_image\" \/>\n<meta name=\"twitter:label1\" content=\"Est. reading time\" \/>\n\t<meta name=\"twitter:data1\" content=\"3 minutes\" \/>\n<script type=\"application\/ld+json\" class=\"yoast-schema-graph\">{\"@context\":\"https:\/\/schema.org\",\"@graph\":[{\"@type\":\"WebPage\",\"@id\":\"https:\/\/endormoonstore.com\/en\/talking-sneering-chucky-childs-play-mds-mega-scale\/\",\"url\":\"https:\/\/endormoonstore.com\/en\/talking-sneering-chucky-childs-play-mds-mega-scale\/\",\"name\":\"Talking Sneering Chucky Child\u2019s Play MDS Mega Scale - EndormoonStore\",\"isPartOf\":{\"@id\":\"https:\/\/endormoonstore.com\/#website\"},\"primaryImageOfPage\":{\"@id\":\"https:\/\/endormoonstore.com\/en\/talking-sneering-chucky-childs-play-mds-mega-scale\/#primaryimage\"},\"image\":{\"@id\":\"https:\/\/endormoonstore.com\/en\/talking-sneering-chucky-childs-play-mds-mega-scale\/#primaryimage\"},\"thumbnailUrl\":\"https:\/\/endormoonstore.com\/wp-content\/uploads\/2025\/05\/talking-sneering-chucky-childs-play-mds-mega-scale-cuchillo.jpeg\",\"datePublished\":\"2025-11-30T08:55:41+00:00\",\"description\":\"Talking Sneering Chucky MDS Mega Scale: Figura de 38 cm con voz y ropa real. \u00a1El mu\u00f1eco diab\u00f3lico m\u00e1s cl\u00e1sico llega a tu casa!\",\"breadcrumb\":{\"@id\":\"https:\/\/endormoonstore.com\/en\/talking-sneering-chucky-childs-play-mds-mega-scale\/#breadcrumb\"},\"inLanguage\":\"en-US\",\"potentialAction\":[{\"@type\":\"ReadAction\",\"target\":[\"https:\/\/endormoonstore.com\/en\/talking-sneering-chucky-childs-play-mds-mega-scale\/\"]}]},{\"@type\":\"ImageObject\",\"inLanguage\":\"en-US\",\"@id\":\"https:\/\/endormoonstore.com\/en\/talking-sneering-chucky-childs-play-mds-mega-scale\/#primaryimage\",\"url\":\"https:\/\/endormoonstore.com\/wp-content\/uploads\/2025\/05\/talking-sneering-chucky-childs-play-mds-mega-scale-cuchillo.jpeg\",\"contentUrl\":\"https:\/\/endormoonstore.com\/wp-content\/uploads\/2025\/05\/talking-sneering-chucky-childs-play-mds-mega-scale-cuchillo.jpeg\",\"width\":800,\"height\":800,\"caption\":\"\u00a1El terror\u00edfico Talking Sneering Chucky, listo para jugar, con su cuchillo caracter\u00edstico!\"},{\"@type\":\"BreadcrumbList\",\"@id\":\"https:\/\/endormoonstore.com\/en\/talking-sneering-chucky-childs-play-mds-mega-scale\/#breadcrumb\",\"itemListElement\":[{\"@type\":\"ListItem\",\"position\":1,\"name\":\"Shop\",\"item\":\"https:\/\/endormoonstore.com\/en\/shop\/\"},{\"@type\":\"ListItem\",\"position\":2,\"name\":\"Talking Sneering Chucky Child\u2019s Play MDS Mega Scale\"}]},{\"@type\":\"WebSite\",\"@id\":\"https:\/\/endormoonstore.com\/#website\",\"url\":\"https:\/\/endormoonstore.com\/\",\"name\":\"EndormoonStore\",\"description\":\"\",\"potentialAction\":[{\"@type\":\"SearchAction\",\"target\":{\"@type\":\"EntryPoint\",\"urlTemplate\":\"https:\/\/endormoonstore.com\/?s={search_term_string}\"},\"query-input\":{\"@type\":\"PropertyValueSpecification\",\"valueRequired\":true,\"valueName\":\"search_term_string\"}}],\"inLanguage\":\"en-US\"}]}<\/script>\n<!-- \/ Yoast SEO plugin. -->","yoast_head_json":{"title":"Talking Sneering Chucky Child\u2019s Play MDS Mega Scale - EndormoonStore","description":"Talking Sneering Chucky MDS Mega Scale: Figura de 38 cm con voz y ropa real. \u00a1El mu\u00f1eco diab\u00f3lico m\u00e1s cl\u00e1sico llega a tu casa!","robots":{"index":"index","follow":"follow","max-snippet":"max-snippet:-1","max-image-preview":"max-image-preview:large","max-video-preview":"max-video-preview:-1"},"canonical":"https:\/\/endormoonstore.com\/en\/talking-sneering-chucky-childs-play-mds-mega-scale\/","og_locale":"en_US","og_type":"article","og_title":"Talking Sneering Chucky Child\u2019s Play MDS Mega Scale - EndormoonStore","og_description":"Talking Sneering Chucky MDS Mega Scale: Figura de 38 cm con voz y ropa real. \u00a1El mu\u00f1eco diab\u00f3lico m\u00e1s cl\u00e1sico llega a tu casa!","og_url":"https:\/\/endormoonstore.com\/en\/talking-sneering-chucky-childs-play-mds-mega-scale\/","og_site_name":"EndormoonStore","og_image":[{"width":800,"height":800,"url":"https:\/\/endormoonstore.com\/wp-content\/uploads\/2025\/05\/talking-sneering-chucky-childs-play-mds-mega-scale-cuchillo.jpeg","type":"image\/jpeg"}],"twitter_card":"summary_large_image","twitter_misc":{"Est. reading time":"3 minutes"},"schema":{"@context":"https:\/\/schema.org","@graph":[{"@type":"WebPage","@id":"https:\/\/endormoonstore.com\/en\/talking-sneering-chucky-childs-play-mds-mega-scale\/","url":"https:\/\/endormoonstore.com\/en\/talking-sneering-chucky-childs-play-mds-mega-scale\/","name":"Talking Sneering Chucky Child\u2019s Play MDS Mega Scale - EndormoonStore","isPartOf":{"@id":"https:\/\/endormoonstore.com\/#website"},"primaryImageOfPage":{"@id":"https:\/\/endormoonstore.com\/en\/talking-sneering-chucky-childs-play-mds-mega-scale\/#primaryimage"},"image":{"@id":"https:\/\/endormoonstore.com\/en\/talking-sneering-chucky-childs-play-mds-mega-scale\/#primaryimage"},"thumbnailUrl":"https:\/\/endormoonstore.com\/wp-content\/uploads\/2025\/05\/talking-sneering-chucky-childs-play-mds-mega-scale-cuchillo.jpeg","datePublished":"2025-11-30T08:55:41+00:00","description":"Talking Sneering Chucky MDS Mega Scale: Figura de 38 cm con voz y ropa real. \u00a1El mu\u00f1eco diab\u00f3lico m\u00e1s cl\u00e1sico llega a tu casa!","breadcrumb":{"@id":"https:\/\/endormoonstore.com\/en\/talking-sneering-chucky-childs-play-mds-mega-scale\/#breadcrumb"},"inLanguage":"en-US","potentialAction":[{"@type":"ReadAction","target":["https:\/\/endormoonstore.com\/en\/talking-sneering-chucky-childs-play-mds-mega-scale\/"]}]},{"@type":"ImageObject","inLanguage":"en-US","@id":"https:\/\/endormoonstore.com\/en\/talking-sneering-chucky-childs-play-mds-mega-scale\/#primaryimage","url":"https:\/\/endormoonstore.com\/wp-content\/uploads\/2025\/05\/talking-sneering-chucky-childs-play-mds-mega-scale-cuchillo.jpeg","contentUrl":"https:\/\/endormoonstore.com\/wp-content\/uploads\/2025\/05\/talking-sneering-chucky-childs-play-mds-mega-scale-cuchillo.jpeg","width":800,"height":800,"caption":"\u00a1El terror\u00edfico Talking Sneering Chucky, listo para jugar, con su cuchillo caracter\u00edstico!"},{"@type":"BreadcrumbList","@id":"https:\/\/endormoonstore.com\/en\/talking-sneering-chucky-childs-play-mds-mega-scale\/#breadcrumb","itemListElement":[{"@type":"ListItem","position":1,"name":"Shop","item":"https:\/\/endormoonstore.com\/en\/shop\/"},{"@type":"ListItem","position":2,"name":"Talking Sneering Chucky Child\u2019s Play MDS Mega Scale"}]},{"@type":"WebSite","@id":"https:\/\/endormoonstore.com\/#website","url":"https:\/\/endormoonstore.com\/","name":"EndormoonStore","description":"","potentialAction":[{"@type":"SearchAction","target":{"@type":"EntryPoint","urlTemplate":"https:\/\/endormoonstore.com\/?s={search_term_string}"},"query-input":{"@type":"PropertyValueSpecification","valueRequired":true,"valueName":"search_term_string"}}],"inLanguage":"en-US"}]}},"taxonomy_info":{"product_cat":[{"value":13453,"label":"Featured"},{"value":1390,"label":"Figures"},{"value":13511,"label":"New Arrivals"}],"pa_brand":[{"value":1638,"label":"Mezco Toyz"}],"pa_character":[{"value":9529,"label":"Chucky"}],"pa_episode":[{"value":15668,"label":"Child\u2019s Play"}],"pa_license":[{"value":6711,"label":"Chucky"}],"pa_product-type":[{"value":2387,"label":"Figure"}],"pa_theme":[{"value":4877,"label":"MDS Mega Scale"}]},"featured_image_src_large":["https:\/\/endormoonstore.com\/wp-content\/uploads\/2025\/05\/talking-sneering-chucky-childs-play-mds-mega-scale-cuchillo.jpeg",800,800,false],"author_info":[],"comment_info":"","_links":{"self":[{"href":"https:\/\/endormoonstore.com\/en\/wp-json\/wp\/v2\/product\/175131","targetHints":{"allow":["GET"]}}],"collection":[{"href":"https:\/\/endormoonstore.com\/en\/wp-json\/wp\/v2\/product"}],"about":[{"href":"https:\/\/endormoonstore.com\/en\/wp-json\/wp\/v2\/types\/product"}],"wp:featuredmedia":[{"embeddable":true,"href":"https:\/\/endormoonstore.com\/en\/wp-json\/wp\/v2\/media\/175112"}],"wp:attachment":[{"href":"https:\/\/endormoonstore.com\/en\/wp-json\/wp\/v2\/media?parent=175131"}],"wp:term":[{"taxonomy":"product_cat","embeddable":true,"href":"https:\/\/endormoonstore.com\/en\/wp-json\/wp\/v2\/product_cat?post=175131"},{"taxonomy":"product_tag","embeddable":true,"href":"https:\/\/endormoonstore.com\/en\/wp-json\/wp\/v2\/product_tag?post=175131"}],"curies":[{"name":"wp","href":"https:\/\/api.w.org\/{rel}","templated":true}]}}