{"id":175051,"date":"2025-05-29T00:25:26","date_gmt":"2025-05-28T22:25:26","guid":{"rendered":"https:\/\/endormoonstore.com\/jessica-fletcher-murder-she-wrote-clothed-action-figure-copy\/"},"modified":"2025-06-13T09:16:17","modified_gmt":"2025-06-13T07:16:17","slug":"freddys-furnace-a-nightmare-on-elm-street","status":"publish","type":"product","link":"https:\/\/endormoonstore.com\/en\/freddys-furnace-a-nightmare-on-elm-street\/","title":{"rendered":"Freddy&#8217;s Furnace A Nightmare on Elm Street"},"content":{"rendered":"<h4 data-sourcepos=\"9:1-9:69\"><strong>Freddy&#8217;s Furnace: El Horno de Pesadilla que Espera en tu Colecci\u00f3n<\/strong><\/h4>\n<ul>\n<li data-sourcepos=\"11:1-11:477\">\u00a1Prepara tus dioramas para el terror! Con esta r\u00e9plica detallada de Freddy&#8217;s Furnace, podr\u00e1s construir escenas incre\u00edbles de las pel\u00edculas de <em>A Nightmare on Elm Street<\/em>. Este Freddy&#8217;s Furnace, en primer lugar, parece sacado directamente de la pantalla. De hecho, cuenta con una puerta con bisagras y un envejecimiento realista. NECA ha a\u00f1adido, adem\u00e1s, una luz LED parpadeante que simula las espeluznantes llamas del horno. Por lo tanto, la inmersi\u00f3n est\u00e1 garantizada.<\/li>\n<\/ul>\n<h4 data-sourcepos=\"13:1-13:49\"><strong>Detalles Aut\u00e9nticos y Compatibilidad Perfecta<\/strong><\/h4>\n<ul>\n<li data-sourcepos=\"15:1-15:422\">Esta pieza de pesadilla, dise\u00f1ada con una altura de 23 cm, un ancho de 10 cm y una profundidad de 11 cm, reproduce cada detalle de su contraparte cinematogr\u00e1fica. Es, por consiguiente, el tama\u00f1o perfecto para las figuras de acci\u00f3n de 7 pulgadas (unos 17 cm de lato) de Freddy Krueger de NECA. As\u00ed pues, se convierte en un accesorio imprescindible para cualquier colecci\u00f3n. Funciona con 3 pilas de bot\u00f3n, las cuales vienen incluidas.<\/li>\n<\/ul>\n<h4 data-sourcepos=\"17:1-17:48\"><strong>Calidad de Colecci\u00f3n y Experiencia Inmersiva<\/strong><\/h4>\n<ul>\n<li data-sourcepos=\"19:1-19:340\">Fabricado con materiales de alta calidad, este diorama garantiza durabilidad. Tambi\u00e9n ofrece un acabado excepcional. Incluye una luz LED parpadeante para simular las llamas del horno. La caja de arte, por ende, est\u00e1 dise\u00f1ada pensando en los coleccionistas. De hecho, permite exhibir la pieza con estilo, mientras la protege a la perfecci\u00f3n.<\/li>\n<li data-sourcepos=\"21:1-21:295\">\u00a1Cuidado! Freddy Krueger no viene incluido, se vende por separado. \u00a1No dejes escapar la oportunidad! Atrapa esta pieza de pesadilla para tu colecci\u00f3n y revive el miedo psicol\u00f3gico de Freddy. Este horno, adem\u00e1s, espera en la oscuridad para atraparte en tus peores sue\u00f1os. \u00a1Consigue el tuyo ahora!<\/li>\n<\/ul>\n<h4><strong>Sobre NECA <\/strong><\/h4>\n<ul>\n<li data-sourcepos=\"5:1-5:420\"><a href=\"\/?product_brand=neca\"><strong>(National Entertainment Collectibles Association)<\/strong><\/a> se fund\u00f3 en 1996. R\u00e1pidamente se estableci\u00f3 como un l\u00edder en la industria de coleccionables y figuras de acci\u00f3n con licencia. A lo largo de su historia, <a href=\"\/?product_brand=neca\"><strong>NECA<\/strong><\/a> se ha dedicado a crear productos de alta calidad con un nivel de detalle excepcional. Su cat\u00e1logo abarca una amplia gama de franquicias populares del cine, la televisi\u00f3n, los videojuegos y el c\u00f3mic.<\/li>\n<li data-sourcepos=\"7:1-7:218\">Entre sus muchas l\u00edneas destacadas, se encuentran sus aclamadas colecciones de terror, que incluyen figuras ic\u00f3nicas de cl\u00e1sicos del g\u00e9nero, y la popular l\u00ednea de <a href=\"https:\/\/endormoonstore.com\/licencia\/las-tortugas-ninja-mutantes\/\"><strong>Teenage Mutant Ninja Turtles<\/strong><\/a>, muy querida por los fans.<\/li>\n<li data-sourcepos=\"9:1-9:405\">Desde figuras de acci\u00f3n articuladas hasta r\u00e9plicas a escala real y merchandising diverso, NECA se ha ganado la fidelidad de los fans. Esto se debe a su compromiso con la autenticidad y la atenci\u00f3n al detalle en una multitud de franquicias. Con cada lanzamiento, NECA contin\u00faa expandiendo su cat\u00e1logo y consolidando su posici\u00f3n como una de las marcas preferidas por los coleccionistas a nivel mundial.&#8221;<\/li>\n<\/ul>\n","protected":false},"excerpt":{"rendered":"<h4 data-sourcepos=\"9:1-9:69\"><strong>Freddy&#8217;s Furnace: El Horno de Pesadilla que Espera en tu Colecci\u00f3n<\/strong><\/h4>\n<p>\u00a1Prepara tus dioramas para el terror! Con esta r\u00e9plica detallada de Freddy&#8217;s Furnace, podr\u00e1s construir escenas incre\u00edbles de las pel\u00edculas de <em>A Nightmare on Elm Street<\/em>. Este Freddy&#8217;s Furnace, en primer lugar, parece sacado directamente de la pantalla.<\/p>\n","protected":false},"featured_media":175034,"template":"","meta":{"_acf_changed":false,"_kad_blocks_custom_css":"","_kad_blocks_head_custom_js":"","_kad_blocks_body_custom_js":"","_kad_blocks_footer_custom_js":""},"product_cat":[1390,13511],"product_tag":[],"class_list":{"0":"post-175051","1":"product","2":"type-product","3":"status-publish","4":"has-post-thumbnail","6":"product_cat-figures","7":"product_cat-new-arrivals","8":"pa_brand-neca-en","9":"pa_character-freddy-krueger-en","10":"pa_license-a-nightmare-on-elm-street","11":"pa_product-type-diorama-en","12":"pa_theme-clothed-action-figure-en","14":"first","15":"instock","16":"taxable","17":"shipping-taxable","18":"purchasable","19":"product-type-simple"},"acf":[],"yoast_head":"<!-- This site is optimized with the Yoast SEO plugin v26.1.1 - https:\/\/yoast.com\/wordpress\/plugins\/seo\/ -->\n<title>Freddy&#039;s Furnace A Nightmare on Elm Street - EndormoonStore<\/title>\n<meta name=\"description\" content=\"Freddy&#039;s Furnace NECA: Diorama ic\u00f3nico de terror de A Nightmare on Elm Street. R\u00e9plica detallada con luz LED para tus figuras. \u00a1Imprescindible!\" \/>\n<meta name=\"robots\" content=\"index, follow, max-snippet:-1, max-image-preview:large, max-video-preview:-1\" \/>\n<link rel=\"canonical\" href=\"https:\/\/endormoonstore.com\/en\/freddys-furnace-a-nightmare-on-elm-street\/\" \/>\n<meta property=\"og:locale\" content=\"en_US\" \/>\n<meta property=\"og:type\" content=\"article\" \/>\n<meta property=\"og:title\" content=\"Freddy&#039;s Furnace A Nightmare on Elm Street - EndormoonStore\" \/>\n<meta property=\"og:description\" content=\"Freddy&#039;s Furnace NECA: Diorama ic\u00f3nico de terror de A Nightmare on Elm Street. R\u00e9plica detallada con luz LED para tus figuras. \u00a1Imprescindible!\" \/>\n<meta property=\"og:url\" content=\"https:\/\/endormoonstore.com\/en\/freddys-furnace-a-nightmare-on-elm-street\/\" \/>\n<meta property=\"og:site_name\" content=\"EndormoonStore\" \/>\n<meta property=\"article:modified_time\" content=\"2025-06-13T07:16:17+00:00\" \/>\n<meta property=\"og:image\" content=\"https:\/\/endormoonstore.com\/wp-content\/uploads\/2025\/06\/freddys-furnace-nightmare-on-elm-street-con-freddy.webp\" \/>\n\t<meta property=\"og:image:width\" content=\"1000\" \/>\n\t<meta property=\"og:image:height\" content=\"1500\" \/>\n\t<meta property=\"og:image:type\" content=\"image\/webp\" \/>\n<meta name=\"twitter:card\" content=\"summary_large_image\" \/>\n<meta name=\"twitter:label1\" content=\"Est. reading time\" \/>\n\t<meta name=\"twitter:data1\" content=\"3 minutes\" \/>\n<script type=\"application\/ld+json\" class=\"yoast-schema-graph\">{\"@context\":\"https:\/\/schema.org\",\"@graph\":[{\"@type\":\"WebPage\",\"@id\":\"https:\/\/endormoonstore.com\/en\/freddys-furnace-a-nightmare-on-elm-street\/\",\"url\":\"https:\/\/endormoonstore.com\/en\/freddys-furnace-a-nightmare-on-elm-street\/\",\"name\":\"Freddy's Furnace A Nightmare on Elm Street - EndormoonStore\",\"isPartOf\":{\"@id\":\"https:\/\/endormoonstore.com\/#website\"},\"primaryImageOfPage\":{\"@id\":\"https:\/\/endormoonstore.com\/en\/freddys-furnace-a-nightmare-on-elm-street\/#primaryimage\"},\"image\":{\"@id\":\"https:\/\/endormoonstore.com\/en\/freddys-furnace-a-nightmare-on-elm-street\/#primaryimage\"},\"thumbnailUrl\":\"https:\/\/endormoonstore.com\/wp-content\/uploads\/2025\/06\/freddys-furnace-nightmare-on-elm-street-con-freddy.webp\",\"datePublished\":\"2025-05-28T22:25:26+00:00\",\"dateModified\":\"2025-06-13T07:16:17+00:00\",\"description\":\"Freddy's Furnace NECA: Diorama ic\u00f3nico de terror de A Nightmare on Elm Street. R\u00e9plica detallada con luz LED para tus figuras. \u00a1Imprescindible!\",\"breadcrumb\":{\"@id\":\"https:\/\/endormoonstore.com\/en\/freddys-furnace-a-nightmare-on-elm-street\/#breadcrumb\"},\"inLanguage\":\"en-US\",\"potentialAction\":[{\"@type\":\"ReadAction\",\"target\":[\"https:\/\/endormoonstore.com\/en\/freddys-furnace-a-nightmare-on-elm-street\/\"]}]},{\"@type\":\"ImageObject\",\"inLanguage\":\"en-US\",\"@id\":\"https:\/\/endormoonstore.com\/en\/freddys-furnace-a-nightmare-on-elm-street\/#primaryimage\",\"url\":\"https:\/\/endormoonstore.com\/wp-content\/uploads\/2025\/06\/freddys-furnace-nightmare-on-elm-street-con-freddy.webp\",\"contentUrl\":\"https:\/\/endormoonstore.com\/wp-content\/uploads\/2025\/06\/freddys-furnace-nightmare-on-elm-street-con-freddy.webp\",\"width\":1000,\"height\":1500,\"caption\":\"El ic\u00f3nico Freddy's Furnace, hogar de los horrores de Freddy Krueger.\"},{\"@type\":\"BreadcrumbList\",\"@id\":\"https:\/\/endormoonstore.com\/en\/freddys-furnace-a-nightmare-on-elm-street\/#breadcrumb\",\"itemListElement\":[{\"@type\":\"ListItem\",\"position\":1,\"name\":\"Shop\",\"item\":\"https:\/\/endormoonstore.com\/en\/shop\/\"},{\"@type\":\"ListItem\",\"position\":2,\"name\":\"Freddy&#8217;s Furnace A Nightmare on Elm Street\"}]},{\"@type\":\"WebSite\",\"@id\":\"https:\/\/endormoonstore.com\/#website\",\"url\":\"https:\/\/endormoonstore.com\/\",\"name\":\"EndormoonStore\",\"description\":\"\",\"potentialAction\":[{\"@type\":\"SearchAction\",\"target\":{\"@type\":\"EntryPoint\",\"urlTemplate\":\"https:\/\/endormoonstore.com\/?s={search_term_string}\"},\"query-input\":{\"@type\":\"PropertyValueSpecification\",\"valueRequired\":true,\"valueName\":\"search_term_string\"}}],\"inLanguage\":\"en-US\"}]}<\/script>\n<!-- \/ Yoast SEO plugin. -->","yoast_head_json":{"title":"Freddy's Furnace A Nightmare on Elm Street - EndormoonStore","description":"Freddy's Furnace NECA: Diorama ic\u00f3nico de terror de A Nightmare on Elm Street. R\u00e9plica detallada con luz LED para tus figuras. \u00a1Imprescindible!","robots":{"index":"index","follow":"follow","max-snippet":"max-snippet:-1","max-image-preview":"max-image-preview:large","max-video-preview":"max-video-preview:-1"},"canonical":"https:\/\/endormoonstore.com\/en\/freddys-furnace-a-nightmare-on-elm-street\/","og_locale":"en_US","og_type":"article","og_title":"Freddy's Furnace A Nightmare on Elm Street - EndormoonStore","og_description":"Freddy's Furnace NECA: Diorama ic\u00f3nico de terror de A Nightmare on Elm Street. R\u00e9plica detallada con luz LED para tus figuras. \u00a1Imprescindible!","og_url":"https:\/\/endormoonstore.com\/en\/freddys-furnace-a-nightmare-on-elm-street\/","og_site_name":"EndormoonStore","article_modified_time":"2025-06-13T07:16:17+00:00","og_image":[{"width":1000,"height":1500,"url":"https:\/\/endormoonstore.com\/wp-content\/uploads\/2025\/06\/freddys-furnace-nightmare-on-elm-street-con-freddy.webp","type":"image\/webp"}],"twitter_card":"summary_large_image","twitter_misc":{"Est. reading time":"3 minutes"},"schema":{"@context":"https:\/\/schema.org","@graph":[{"@type":"WebPage","@id":"https:\/\/endormoonstore.com\/en\/freddys-furnace-a-nightmare-on-elm-street\/","url":"https:\/\/endormoonstore.com\/en\/freddys-furnace-a-nightmare-on-elm-street\/","name":"Freddy's Furnace A Nightmare on Elm Street - EndormoonStore","isPartOf":{"@id":"https:\/\/endormoonstore.com\/#website"},"primaryImageOfPage":{"@id":"https:\/\/endormoonstore.com\/en\/freddys-furnace-a-nightmare-on-elm-street\/#primaryimage"},"image":{"@id":"https:\/\/endormoonstore.com\/en\/freddys-furnace-a-nightmare-on-elm-street\/#primaryimage"},"thumbnailUrl":"https:\/\/endormoonstore.com\/wp-content\/uploads\/2025\/06\/freddys-furnace-nightmare-on-elm-street-con-freddy.webp","datePublished":"2025-05-28T22:25:26+00:00","dateModified":"2025-06-13T07:16:17+00:00","description":"Freddy's Furnace NECA: Diorama ic\u00f3nico de terror de A Nightmare on Elm Street. R\u00e9plica detallada con luz LED para tus figuras. \u00a1Imprescindible!","breadcrumb":{"@id":"https:\/\/endormoonstore.com\/en\/freddys-furnace-a-nightmare-on-elm-street\/#breadcrumb"},"inLanguage":"en-US","potentialAction":[{"@type":"ReadAction","target":["https:\/\/endormoonstore.com\/en\/freddys-furnace-a-nightmare-on-elm-street\/"]}]},{"@type":"ImageObject","inLanguage":"en-US","@id":"https:\/\/endormoonstore.com\/en\/freddys-furnace-a-nightmare-on-elm-street\/#primaryimage","url":"https:\/\/endormoonstore.com\/wp-content\/uploads\/2025\/06\/freddys-furnace-nightmare-on-elm-street-con-freddy.webp","contentUrl":"https:\/\/endormoonstore.com\/wp-content\/uploads\/2025\/06\/freddys-furnace-nightmare-on-elm-street-con-freddy.webp","width":1000,"height":1500,"caption":"El ic\u00f3nico Freddy's Furnace, hogar de los horrores de Freddy Krueger."},{"@type":"BreadcrumbList","@id":"https:\/\/endormoonstore.com\/en\/freddys-furnace-a-nightmare-on-elm-street\/#breadcrumb","itemListElement":[{"@type":"ListItem","position":1,"name":"Shop","item":"https:\/\/endormoonstore.com\/en\/shop\/"},{"@type":"ListItem","position":2,"name":"Freddy&#8217;s Furnace A Nightmare on Elm Street"}]},{"@type":"WebSite","@id":"https:\/\/endormoonstore.com\/#website","url":"https:\/\/endormoonstore.com\/","name":"EndormoonStore","description":"","potentialAction":[{"@type":"SearchAction","target":{"@type":"EntryPoint","urlTemplate":"https:\/\/endormoonstore.com\/?s={search_term_string}"},"query-input":{"@type":"PropertyValueSpecification","valueRequired":true,"valueName":"search_term_string"}}],"inLanguage":"en-US"}]}},"taxonomy_info":{"product_cat":[{"value":1390,"label":"Figures"},{"value":13511,"label":"New Arrivals"}],"pa_brand":[{"value":2090,"label":"Neca"}],"pa_character":[{"value":10833,"label":"Freddy Krueger"}],"pa_license":[{"value":10839,"label":"A Nightmare on Elm Street"}],"pa_product-type":[{"value":6603,"label":"Diorama"}],"pa_theme":[{"value":4982,"label":"Clothed Action Figure"}]},"featured_image_src_large":["https:\/\/endormoonstore.com\/wp-content\/uploads\/2025\/06\/freddys-furnace-nightmare-on-elm-street-con-freddy.webp",1000,1500,false],"author_info":[],"comment_info":"","_links":{"self":[{"href":"https:\/\/endormoonstore.com\/en\/wp-json\/wp\/v2\/product\/175051","targetHints":{"allow":["GET"]}}],"collection":[{"href":"https:\/\/endormoonstore.com\/en\/wp-json\/wp\/v2\/product"}],"about":[{"href":"https:\/\/endormoonstore.com\/en\/wp-json\/wp\/v2\/types\/product"}],"wp:featuredmedia":[{"embeddable":true,"href":"https:\/\/endormoonstore.com\/en\/wp-json\/wp\/v2\/media\/175034"}],"wp:attachment":[{"href":"https:\/\/endormoonstore.com\/en\/wp-json\/wp\/v2\/media?parent=175051"}],"wp:term":[{"taxonomy":"product_cat","embeddable":true,"href":"https:\/\/endormoonstore.com\/en\/wp-json\/wp\/v2\/product_cat?post=175051"},{"taxonomy":"product_tag","embeddable":true,"href":"https:\/\/endormoonstore.com\/en\/wp-json\/wp\/v2\/product_tag?post=175051"}],"curies":[{"name":"wp","href":"https:\/\/api.w.org\/{rel}","templated":true}]}}