{"id":174999,"date":"2025-05-29T00:00:27","date_gmt":"2025-05-28T22:00:27","guid":{"rendered":"https:\/\/endormoonstore.com\/vegeta-old-battle-clothes-dragon-ball-z-s-h-figuarts\/"},"modified":"2025-06-11T19:48:57","modified_gmt":"2025-06-11T17:48:57","slug":"vegeta-old-battle-clothes-dragon-ball-z-s-h-figuarts","status":"publish","type":"product","link":"https:\/\/endormoonstore.com\/en\/vegeta-old-battle-clothes-dragon-ball-z-s-h-figuarts\/","title":{"rendered":"Vegeta Old Battle Clothes  Dragon Ball Z S.H Figuarts"},"content":{"rendered":"<h4 data-sourcepos=\"9:1-9:86\"><strong>Vegeta Old Battle Clothes S.H. Figuarts: \u00a1El Pr\u00edncipe Saiyajin Regresa de Namek!<\/strong><\/h4>\n<ul>\n<li data-sourcepos=\"11:1-11:345\">El ic\u00f3nico Vegeta Old Battle Clothes de Dragon Ball Z ya est\u00e1 disponible en la colecci\u00f3n S.H. Figuarts. Esta figura excepcional te permite revivir, por ejemplo, los momentos m\u00e1s intensos de la Saga de Freezer. Presenta a Vegeta Old Battle Clothes con su caracter\u00edstica armadura antigua. As\u00ed pues, podr\u00e1s recrear \u00e9picas escenas del anime.<\/li>\n<\/ul>\n<h4 data-sourcepos=\"13:1-13:71\"><strong>Escultura Detallada, Articulaci\u00f3n Premium y Calidad de Materiales<\/strong><\/h4>\n<ul>\n<li data-sourcepos=\"15:1-15:441\">Esta figura de Vegeta ha sido dise\u00f1ada con una estructura m\u00f3vil avanzada. De hecho, es est\u00e1ndar de la l\u00ednea S.H. Figuarts Dragon Ball, asegurando una posabilidad excepcional. Est\u00e1 fabricada con ABS y PVC de alta calidad, y pintada con precisi\u00f3n. Esto garantiza durabilidad y una reproducci\u00f3n exacta del dise\u00f1o del videojuego. Posee, adem\u00e1s, m\u00faltiples puntos de articulaci\u00f3n. Por consiguiente, esto permite crear un sinf\u00edn de poses din\u00e1micas.<\/li>\n<li data-sourcepos=\"17:1-17:248\">La figura mide aproximadamente 14 cm de altura (5.5 pulgadas). Su construcci\u00f3n robusta y los materiales elegidos garantizan la calidad superior de la serie S.H. Figuarts. Por si fuera poco, un soporte transparente viene incluido para su exposici\u00f3n.<\/li>\n<\/ul>\n<h4 data-sourcepos=\"19:1-19:48\"><strong>Accesorios para Recrear la Saga de Freezer<\/strong><\/h4>\n<ul>\n<li data-sourcepos=\"21:1-21:644\">La figura viene cargada de accesorios para personalizar a Vegeta en sus momentos m\u00e1s memorables. Por ejemplo, incluye un set de partes de armadura para recrear su aspecto en estado de batalla rota. Podr\u00e1s cambiar su expresi\u00f3n gracias a las cinco placas faciales intercambiables (est\u00e1ndar, concentrada, de sufrimiento, de combate y gritando). Adem\u00e1s, un par de brazos extra te permite mostrar a Vegeta con los brazos cruzados. Esto es perfecto para recrear la famosa escena donde Vegeta se queda dormido mientras espera la recuperaci\u00f3n de Goku en la c\u00e1mara de recuperaci\u00f3n. Incluso, puedes revivir la escena de sus l\u00e1grimas de ira y frustraci\u00f3n.<\/li>\n<\/ul>\n<h4 data-sourcepos=\"23:1-23:53\"><strong>Ampl\u00eda tu Colecci\u00f3n Dragon Ball Z S.H. Figuarts<\/strong><\/h4>\n<ul>\n<li data-sourcepos=\"25:1-25:396\">La calidad de Tamashii Nations y la l\u00ednea S.H. Figuarts se manifiesta en cada detalle y articulaci\u00f3n de esta figura. Para una experiencia a\u00fan m\u00e1s completa, combina a Vegeta Old Battle Clothes con S.H.Figuarts Freezer Primera Forma &amp; Pod y S.H.Figuarts Jeice (ambos se venden por separado). As\u00ed, podr\u00e1s recrear las violentas y memorables batallas de la segunda mitad de la Saga de Freezer.<\/li>\n<li data-sourcepos=\"31:1-31:185\">\u00a1No dejes escapar al Pr\u00edncipe Saiyajin en su forma m\u00e1s cl\u00e1sica! A\u00f1ade la figura Vegeta Old Battle Clothes S.H. Figuarts a tu colecci\u00f3n y domina el campo de batalla de Dragon Ball Z.<\/li>\n<\/ul>\n<h4><strong>Sobre Tamashii Nations y su linea SH Figuarts<\/strong><\/h4>\n<ul>\n<li><strong><a href=\"\/?product_brand=tamashii-nations\">Tamashii Nations<\/a><\/strong>\u00a0es una marca reconocida por sus figuras de alta calidad y detallado dise\u00f1o. Especializada en coleccionables, utiliza tecnolog\u00eda avanzada y artesan\u00eda impresionante para crear figuras que capturan la esencia de personajes ic\u00f3nicos de anime, manga y otras propiedades de la cultura pop. Tamashii Nations se esfuerza por traer &#8220;tamashii&#8221; (alma) a cada producto, infundiendo pasi\u00f3n y dedicaci\u00f3n en cada figura que crean. Su objetivo es ofrecer a los coleccionistas piezas que no solo sean visualmente impresionantes, sino que tambi\u00e9n evoquen emociones y recuerdos de sus series favoritas.<\/li>\n<li>La l\u00ednea<strong>\u00a0<a href=\"https:\/\/endormoonstore.com\/tematica\/s-h-figuarts\/\">S.H. Figuarts<\/a>\u00a0<\/strong>es una de las m\u00e1s destacadas de Tamashii Nations. Estas figuras est\u00e1n dise\u00f1adas para imitar el rango de movimiento del cuerpo humano, permitiendo una alta articulaci\u00f3n y poses din\u00e1micas. La colecci\u00f3n incluye personajes de series populares como Dragon Ball, Jujutsu Kaisen, Kamen Rider y Marvel, entre otros. Cada figura de S.H. Figuarts combina t\u00e9cnicas avanzadas de modelado, movimiento y coloraci\u00f3n para ofrecer representaciones realistas de tus personajes favoritos.<\/li>\n<\/ul>\n","protected":false},"excerpt":{"rendered":"<h4 data-sourcepos=\"9:1-9:86\"><strong>Vegeta Old Battle Clothes S.H. Figuarts: \u00a1El Pr\u00edncipe Saiyajin Regresa de Namek!<\/strong><\/h4>\n<p data-sourcepos=\"11:1-11:345\">El ic\u00f3nico Vegeta Old Battle Clothes de Dragon Ball Z ya est\u00e1 disponible en la colecci\u00f3n S.H. Figuarts. Esta figura excepcional te permite revivir, por ejemplo, los momentos m\u00e1s intensos de la Saga de Freezer. Presenta a Vegeta Old Battle Clothes con su caracter\u00edstica armadura antigua. As\u00ed pues, podr\u00e1s recrear \u00e9picas escenas del anime.<\/p>\n","protected":false},"featured_media":174984,"template":"","meta":{"_acf_changed":false,"_kad_blocks_custom_css":"","_kad_blocks_head_custom_js":"","_kad_blocks_body_custom_js":"","_kad_blocks_footer_custom_js":""},"product_cat":[1390,13511],"product_tag":[],"class_list":{"0":"post-174999","1":"product","2":"type-product","3":"status-publish","4":"has-post-thumbnail","6":"product_cat-figures","7":"product_cat-new-arrivals","8":"pa_brand-tamashii-nations-en","9":"pa_character-vegeta-en","10":"pa_episode-dragon-ball-z-en","11":"pa_license-dragon-ball-en","12":"pa_product-type-figure","13":"pa_theme-s-h-figuarts-en","15":"first","16":"instock","17":"taxable","18":"shipping-taxable","19":"purchasable","20":"product-type-simple"},"acf":[],"yoast_head":"<!-- This site is optimized with the Yoast SEO plugin v26.1.1 - https:\/\/yoast.com\/wordpress\/plugins\/seo\/ -->\n<title>Vegeta Old Battle Clothes Dragon Ball Z S.H Figuarts - EndormoonStore<\/title>\n<meta name=\"description\" content=\"\u00a1Consigue la figura Vegeta Old Battle Clothes S.H. Figuarts! Revive la Saga de Freezer con el Pr\u00edncipe Saiyajin y sus ic\u00f3nicas poses de batalla.\" \/>\n<meta name=\"robots\" content=\"index, follow, max-snippet:-1, max-image-preview:large, max-video-preview:-1\" \/>\n<link rel=\"canonical\" href=\"https:\/\/endormoonstore.com\/en\/vegeta-old-battle-clothes-dragon-ball-z-s-h-figuarts\/\" \/>\n<meta property=\"og:locale\" content=\"en_US\" \/>\n<meta property=\"og:type\" content=\"article\" \/>\n<meta property=\"og:title\" content=\"Vegeta Old Battle Clothes Dragon Ball Z S.H Figuarts - EndormoonStore\" \/>\n<meta property=\"og:description\" content=\"\u00a1Consigue la figura Vegeta Old Battle Clothes S.H. Figuarts! Revive la Saga de Freezer con el Pr\u00edncipe Saiyajin y sus ic\u00f3nicas poses de batalla.\" \/>\n<meta property=\"og:url\" content=\"https:\/\/endormoonstore.com\/en\/vegeta-old-battle-clothes-dragon-ball-z-s-h-figuarts\/\" \/>\n<meta property=\"og:site_name\" content=\"EndormoonStore\" \/>\n<meta property=\"article:modified_time\" content=\"2025-06-11T17:48:57+00:00\" \/>\n<meta property=\"og:image\" content=\"https:\/\/endormoonstore.com\/wp-content\/uploads\/2025\/05\/vegeta-old-battle-clothes-sh-figuarts-pose-neutral.jpg\" \/>\n\t<meta property=\"og:image:width\" content=\"800\" \/>\n\t<meta property=\"og:image:height\" content=\"1000\" \/>\n\t<meta property=\"og:image:type\" content=\"image\/jpeg\" \/>\n<meta name=\"twitter:card\" content=\"summary_large_image\" \/>\n<meta name=\"twitter:label1\" content=\"Est. reading time\" \/>\n\t<meta name=\"twitter:data1\" content=\"3 minutes\" \/>\n<script type=\"application\/ld+json\" class=\"yoast-schema-graph\">{\"@context\":\"https:\/\/schema.org\",\"@graph\":[{\"@type\":\"WebPage\",\"@id\":\"https:\/\/endormoonstore.com\/en\/vegeta-old-battle-clothes-dragon-ball-z-s-h-figuarts\/\",\"url\":\"https:\/\/endormoonstore.com\/en\/vegeta-old-battle-clothes-dragon-ball-z-s-h-figuarts\/\",\"name\":\"Vegeta Old Battle Clothes Dragon Ball Z S.H Figuarts - EndormoonStore\",\"isPartOf\":{\"@id\":\"https:\/\/endormoonstore.com\/#website\"},\"primaryImageOfPage\":{\"@id\":\"https:\/\/endormoonstore.com\/en\/vegeta-old-battle-clothes-dragon-ball-z-s-h-figuarts\/#primaryimage\"},\"image\":{\"@id\":\"https:\/\/endormoonstore.com\/en\/vegeta-old-battle-clothes-dragon-ball-z-s-h-figuarts\/#primaryimage\"},\"thumbnailUrl\":\"https:\/\/endormoonstore.com\/wp-content\/uploads\/2025\/05\/vegeta-old-battle-clothes-sh-figuarts-pose-neutral.jpg\",\"datePublished\":\"2025-05-28T22:00:27+00:00\",\"dateModified\":\"2025-06-11T17:48:57+00:00\",\"description\":\"\u00a1Consigue la figura Vegeta Old Battle Clothes S.H. Figuarts! Revive la Saga de Freezer con el Pr\u00edncipe Saiyajin y sus ic\u00f3nicas poses de batalla.\",\"breadcrumb\":{\"@id\":\"https:\/\/endormoonstore.com\/en\/vegeta-old-battle-clothes-dragon-ball-z-s-h-figuarts\/#breadcrumb\"},\"inLanguage\":\"en-US\",\"potentialAction\":[{\"@type\":\"ReadAction\",\"target\":[\"https:\/\/endormoonstore.com\/en\/vegeta-old-battle-clothes-dragon-ball-z-s-h-figuarts\/\"]}]},{\"@type\":\"ImageObject\",\"inLanguage\":\"en-US\",\"@id\":\"https:\/\/endormoonstore.com\/en\/vegeta-old-battle-clothes-dragon-ball-z-s-h-figuarts\/#primaryimage\",\"url\":\"https:\/\/endormoonstore.com\/wp-content\/uploads\/2025\/05\/vegeta-old-battle-clothes-sh-figuarts-pose-neutral.jpg\",\"contentUrl\":\"https:\/\/endormoonstore.com\/wp-content\/uploads\/2025\/05\/vegeta-old-battle-clothes-sh-figuarts-pose-neutral.jpg\",\"width\":800,\"height\":1000,\"caption\":\"La figura Vegeta Old Battle Clothes de S.H. Figuarts, mostrando su ic\u00f3nica armadura de la Saga de Freezer.\"},{\"@type\":\"BreadcrumbList\",\"@id\":\"https:\/\/endormoonstore.com\/en\/vegeta-old-battle-clothes-dragon-ball-z-s-h-figuarts\/#breadcrumb\",\"itemListElement\":[{\"@type\":\"ListItem\",\"position\":1,\"name\":\"Shop\",\"item\":\"https:\/\/endormoonstore.com\/en\/shop\/\"},{\"@type\":\"ListItem\",\"position\":2,\"name\":\"Vegeta Old Battle Clothes Dragon Ball Z S.H Figuarts\"}]},{\"@type\":\"WebSite\",\"@id\":\"https:\/\/endormoonstore.com\/#website\",\"url\":\"https:\/\/endormoonstore.com\/\",\"name\":\"EndormoonStore\",\"description\":\"\",\"potentialAction\":[{\"@type\":\"SearchAction\",\"target\":{\"@type\":\"EntryPoint\",\"urlTemplate\":\"https:\/\/endormoonstore.com\/?s={search_term_string}\"},\"query-input\":{\"@type\":\"PropertyValueSpecification\",\"valueRequired\":true,\"valueName\":\"search_term_string\"}}],\"inLanguage\":\"en-US\"}]}<\/script>\n<!-- \/ Yoast SEO plugin. -->","yoast_head_json":{"title":"Vegeta Old Battle Clothes Dragon Ball Z S.H Figuarts - EndormoonStore","description":"\u00a1Consigue la figura Vegeta Old Battle Clothes S.H. Figuarts! Revive la Saga de Freezer con el Pr\u00edncipe Saiyajin y sus ic\u00f3nicas poses de batalla.","robots":{"index":"index","follow":"follow","max-snippet":"max-snippet:-1","max-image-preview":"max-image-preview:large","max-video-preview":"max-video-preview:-1"},"canonical":"https:\/\/endormoonstore.com\/en\/vegeta-old-battle-clothes-dragon-ball-z-s-h-figuarts\/","og_locale":"en_US","og_type":"article","og_title":"Vegeta Old Battle Clothes Dragon Ball Z S.H Figuarts - EndormoonStore","og_description":"\u00a1Consigue la figura Vegeta Old Battle Clothes S.H. Figuarts! Revive la Saga de Freezer con el Pr\u00edncipe Saiyajin y sus ic\u00f3nicas poses de batalla.","og_url":"https:\/\/endormoonstore.com\/en\/vegeta-old-battle-clothes-dragon-ball-z-s-h-figuarts\/","og_site_name":"EndormoonStore","article_modified_time":"2025-06-11T17:48:57+00:00","og_image":[{"width":800,"height":1000,"url":"https:\/\/endormoonstore.com\/wp-content\/uploads\/2025\/05\/vegeta-old-battle-clothes-sh-figuarts-pose-neutral.jpg","type":"image\/jpeg"}],"twitter_card":"summary_large_image","twitter_misc":{"Est. reading time":"3 minutes"},"schema":{"@context":"https:\/\/schema.org","@graph":[{"@type":"WebPage","@id":"https:\/\/endormoonstore.com\/en\/vegeta-old-battle-clothes-dragon-ball-z-s-h-figuarts\/","url":"https:\/\/endormoonstore.com\/en\/vegeta-old-battle-clothes-dragon-ball-z-s-h-figuarts\/","name":"Vegeta Old Battle Clothes Dragon Ball Z S.H Figuarts - EndormoonStore","isPartOf":{"@id":"https:\/\/endormoonstore.com\/#website"},"primaryImageOfPage":{"@id":"https:\/\/endormoonstore.com\/en\/vegeta-old-battle-clothes-dragon-ball-z-s-h-figuarts\/#primaryimage"},"image":{"@id":"https:\/\/endormoonstore.com\/en\/vegeta-old-battle-clothes-dragon-ball-z-s-h-figuarts\/#primaryimage"},"thumbnailUrl":"https:\/\/endormoonstore.com\/wp-content\/uploads\/2025\/05\/vegeta-old-battle-clothes-sh-figuarts-pose-neutral.jpg","datePublished":"2025-05-28T22:00:27+00:00","dateModified":"2025-06-11T17:48:57+00:00","description":"\u00a1Consigue la figura Vegeta Old Battle Clothes S.H. Figuarts! Revive la Saga de Freezer con el Pr\u00edncipe Saiyajin y sus ic\u00f3nicas poses de batalla.","breadcrumb":{"@id":"https:\/\/endormoonstore.com\/en\/vegeta-old-battle-clothes-dragon-ball-z-s-h-figuarts\/#breadcrumb"},"inLanguage":"en-US","potentialAction":[{"@type":"ReadAction","target":["https:\/\/endormoonstore.com\/en\/vegeta-old-battle-clothes-dragon-ball-z-s-h-figuarts\/"]}]},{"@type":"ImageObject","inLanguage":"en-US","@id":"https:\/\/endormoonstore.com\/en\/vegeta-old-battle-clothes-dragon-ball-z-s-h-figuarts\/#primaryimage","url":"https:\/\/endormoonstore.com\/wp-content\/uploads\/2025\/05\/vegeta-old-battle-clothes-sh-figuarts-pose-neutral.jpg","contentUrl":"https:\/\/endormoonstore.com\/wp-content\/uploads\/2025\/05\/vegeta-old-battle-clothes-sh-figuarts-pose-neutral.jpg","width":800,"height":1000,"caption":"La figura Vegeta Old Battle Clothes de S.H. Figuarts, mostrando su ic\u00f3nica armadura de la Saga de Freezer."},{"@type":"BreadcrumbList","@id":"https:\/\/endormoonstore.com\/en\/vegeta-old-battle-clothes-dragon-ball-z-s-h-figuarts\/#breadcrumb","itemListElement":[{"@type":"ListItem","position":1,"name":"Shop","item":"https:\/\/endormoonstore.com\/en\/shop\/"},{"@type":"ListItem","position":2,"name":"Vegeta Old Battle Clothes Dragon Ball Z S.H Figuarts"}]},{"@type":"WebSite","@id":"https:\/\/endormoonstore.com\/#website","url":"https:\/\/endormoonstore.com\/","name":"EndormoonStore","description":"","potentialAction":[{"@type":"SearchAction","target":{"@type":"EntryPoint","urlTemplate":"https:\/\/endormoonstore.com\/?s={search_term_string}"},"query-input":{"@type":"PropertyValueSpecification","valueRequired":true,"valueName":"search_term_string"}}],"inLanguage":"en-US"}]}},"taxonomy_info":{"product_cat":[{"value":1390,"label":"Figures"},{"value":13511,"label":"New Arrivals"}],"pa_brand":[{"value":2096,"label":"Tamashii Nations"}],"pa_character":[{"value":6339,"label":"Vegeta"}],"pa_episode":[{"value":15635,"label":"Dragon Ball Z"}],"pa_license":[{"value":2240,"label":"Dragon Ball"}],"pa_product-type":[{"value":2387,"label":"Figure"}],"pa_theme":[{"value":1813,"label":"S.H. Figuarts"}]},"featured_image_src_large":["https:\/\/endormoonstore.com\/wp-content\/uploads\/2025\/05\/vegeta-old-battle-clothes-sh-figuarts-pose-neutral.jpg",800,1000,false],"author_info":[],"comment_info":"","_links":{"self":[{"href":"https:\/\/endormoonstore.com\/en\/wp-json\/wp\/v2\/product\/174999","targetHints":{"allow":["GET"]}}],"collection":[{"href":"https:\/\/endormoonstore.com\/en\/wp-json\/wp\/v2\/product"}],"about":[{"href":"https:\/\/endormoonstore.com\/en\/wp-json\/wp\/v2\/types\/product"}],"wp:featuredmedia":[{"embeddable":true,"href":"https:\/\/endormoonstore.com\/en\/wp-json\/wp\/v2\/media\/174984"}],"wp:attachment":[{"href":"https:\/\/endormoonstore.com\/en\/wp-json\/wp\/v2\/media?parent=174999"}],"wp:term":[{"taxonomy":"product_cat","embeddable":true,"href":"https:\/\/endormoonstore.com\/en\/wp-json\/wp\/v2\/product_cat?post=174999"},{"taxonomy":"product_tag","embeddable":true,"href":"https:\/\/endormoonstore.com\/en\/wp-json\/wp\/v2\/product_tag?post=174999"}],"curies":[{"name":"wp","href":"https:\/\/api.w.org\/{rel}","templated":true}]}}