{"id":174686,"date":"2025-05-30T00:10:36","date_gmt":"2025-05-29T22:10:36","guid":{"rendered":"https:\/\/endormoonstore.com\/invisible-woman-the-fantastic-4-first-steps-marvel-legends-series\/"},"modified":"2025-05-31T17:46:15","modified_gmt":"2025-05-31T15:46:15","slug":"invisible-woman-the-fantastic-4-first-steps-marvel-legends-series","status":"publish","type":"product","link":"https:\/\/endormoonstore.com\/en\/invisible-woman-the-fantastic-4-first-steps-marvel-legends-series\/","title":{"rendered":"Invisible Woman The Fantastic 4 First Steps Marvel Legends Series"},"content":{"rendered":"<h4 data-sourcepos=\"9:1-9:82\"><strong>Invisible Woman: Sue Storm Lista para la Acci\u00f3n en tu Colecci\u00f3n Marvel Legends<\/strong><\/h4>\n<ul>\n<li data-sourcepos=\"11:1-11:686\">Lleva la emoci\u00f3n y el asombro del Universo Marvel directamente a tu colecci\u00f3n con la figura de acci\u00f3n Invisible Woman Fantastic 4 de Hasbro Marvel Legends. Para empezar, esta figura coleccionable, con una escala de 15 cm (6 pulgadas), reproduce fielmente la apariencia de Invisible Woman Fantastic 4 con su traje azul de los Cuatro Fant\u00e1sticos, inspirada en la pr\u00f3xima pel\u00edcula del UCM, <em>The Fantastic Four: First Steps<\/em>, que se estrena en Junio de 2025. De este modo, la figura de Sue Storm est\u00e1 totalmente articulada. Adem\u00e1s, cuenta con un dise\u00f1o premium y presenta cabeza, brazos y piernas completamente posables, ideal para exhibirla o recrear escenas de acci\u00f3n.<\/li>\n<\/ul>\n<h4 data-sourcepos=\"13:1-13:41\"><strong>Dise\u00f1o Premium y Accesorios de Escudo<\/strong><\/h4>\n<ul>\n<li data-sourcepos=\"15:1-15:601\">En primer lugar, el set de esta figura de acci\u00f3n Marvel Legends incluye 3 accesorios fundamentales, pensados para los coleccionistas m\u00e1s exigentes. Por ejemplo, encontrar\u00e1s un juego alternativo de manos y un efecto de escudo acoplable, que permiten simular sus ic\u00f3nicos poderes de invisibilidad y campos de fuerza. As\u00ed mismo, el dise\u00f1o premium y la decoraci\u00f3n detallada de esta figura de 15 cm hacen que sea perfecta para cualquier exposici\u00f3n. En definitiva, fans y coleccionistas pueden exhibir esta figura de alta calidad con un dise\u00f1o y acabados precisos, inspirados en la pel\u00edcula.<\/li>\n<\/ul>\n<h4 data-sourcepos=\"17:1-17:62\"><strong>Articulaci\u00f3n de Exhibici\u00f3n y Presentaci\u00f3n de Coleccionista<\/strong><\/h4>\n<ul>\n<li data-sourcepos=\"19:1-19:672\">Por otra parte, esta figura de acci\u00f3n coleccionable ofrece m\u00e1s de 20 puntos de articulaci\u00f3n. Su cabeza, brazos y piernas son completamente posables, facilitando cualquier pose para juego o exhibici\u00f3n. Finalmente, el empaque, una caja con ventana y marca inspirada en la pel\u00edcula, convierte esta figura en un regalo ideal para coleccionistas y fans a partir de 4 a\u00f1os. Las figuras de acci\u00f3n de Hasbro Marvel de 15 cm son perfectas para mostrar en las colecciones de los fans. Recrea escenas inspiradas en la pel\u00edcula con las figuras de acci\u00f3n, juguetes y coleccionables de Marvel Legends. \u00a1No esperes m\u00e1s para a\u00f1adir a esta protectora formidable a tu colecci\u00f3n!<\/li>\n<\/ul>\n<h4 data-sourcepos=\"21:1-21:63\"><strong>Invisible Woman: La Protectora de la Primera Familia Marvel<\/strong><\/h4>\n<ul>\n<li data-sourcepos=\"23:1-23:265\">Sue Storm, tambi\u00e9n conocida como la Mujer Invisible, es una feroz protectora de su familia y amigos. Ella posee la habilidad sobrehumana de volverse invisible, lo que le permite sorprender a sus enemigos completamente desapercibida y crear campos de fuerza.<\/li>\n<\/ul>\n<h4 data-sourcepos=\"25:1-25:46\"><strong>Completa Tu Colecci\u00f3n de Los 4 Fant\u00e1sticos<\/strong><\/h4>\n<ul>\n<li data-sourcepos=\"27:1-27:299\">A continuaci\u00f3n, construye tu propia Primera Familia Marvel con las figuras de acci\u00f3n de los 4 Fant\u00e1sticos, incluyendo a La Cosa (Ben Grimm), Johnny Storm (Antorcha Humana), Mister Fantastic (Reed Richards), y Silver Surfer. (Cada figura se vende por separado y est\u00e1 sujeta a disponibilidad).<\/li>\n<\/ul>\n<h4><strong>Sobre Hasbro y su linea Marvel Legends Series:<\/strong><\/h4>\n<ul>\n<li><strong><a href=\"\/?product_brand=hasbro\">Hasbro<\/a><\/strong> es una empresa multinacional de juguetes y entretenimiento fundada en 1923. Con sede en Pawtucket, Rhode Island, Hasbro destaca por sus marcas ic\u00f3nicas como Transformers, G.I. Joe y My Little Pony. Adem\u00e1s de juguetes, Hasbro produce juegos de mesa y productos de entretenimiento. A lo largo de los a\u00f1os, ha adquirido varias otras compa\u00f1\u00edas de juguetes.<\/li>\n<li>La l\u00ednea <strong><a href=\"https:\/\/endormoonstore.com\/tematica\/marvel-legends-series\/\">Marvel Legends Series<\/a><\/strong> de Hasbro es una colecci\u00f3n de figuras de acci\u00f3n altamente detalladas y articuladas, basadas en personajes del universo Marvel. Lanzada por primera vez en 2002, esta l\u00ednea ha sido popular entre coleccionistas y fan\u00e1ticos por su calidad y fidelidad a los personajes de los c\u00f3mics y pel\u00edculas. Las figuras suelen incluir accesorios intercambiables y piezas adicionales para crear poses din\u00e1micas.<\/li>\n<\/ul>\n","protected":false},"excerpt":{"rendered":"<h4 data-sourcepos=\"9:1-9:82\"><strong>Invisible Woman: Sue Storm Lista para la Acci\u00f3n en tu Colecci\u00f3n Marvel Legends<\/strong><\/h4>\n<p>Lleva la emoci\u00f3n y el asombro del Universo Marvel directamente a tu colecci\u00f3n con la figura de acci\u00f3n Invisible Woman Fantastic 4 de Hasbro Marvel Legends. Para empezar, esta figura coleccionable, con una escala de 15 cm (6 pulgadas), reproduce fielmente la apariencia de Invisible Woman Fantastic 4 con su traje azul de los Cuatro Fant\u00e1sticos, inspirada en la pr\u00f3xima pel\u00edcula del UCM, <em>The Fantastic Four: First Steps<\/em>, que se estrena en Junio de 2025.<\/p>\n","protected":false},"featured_media":174673,"template":"","meta":{"_acf_changed":false,"_kad_blocks_custom_css":"","_kad_blocks_head_custom_js":"","_kad_blocks_body_custom_js":"","_kad_blocks_footer_custom_js":""},"product_cat":[1390,13511],"product_tag":[],"class_list":{"0":"post-174686","1":"product","2":"type-product","3":"status-publish","4":"has-post-thumbnail","6":"product_cat-figures","7":"product_cat-new-arrivals","8":"pa_brand-hasbro-en","9":"pa_character-invisible-woman-sue-storm-en","10":"pa_episode-fantastic-four","11":"pa_license-marvel-en","12":"pa_product-type-figure","13":"pa_theme-marvel-legends-series-en","15":"first","16":"outofstock","17":"taxable","18":"shipping-taxable","19":"purchasable","20":"product-type-simple"},"acf":[],"yoast_head":"<!-- This site is optimized with the Yoast SEO plugin v26.1.1 - https:\/\/yoast.com\/wordpress\/plugins\/seo\/ -->\n<title>Invisible Woman The Fantastic 4 First Steps Marvel Legends Series - EndormoonStore<\/title>\n<meta name=\"description\" content=\"Figura Invisible Woman Fantastic 4 Marvel Legends. Basada en el UCM 2025. Dise\u00f1o premium, 15 cm, efecto de escudo. \u00a1Colecciona ya\" \/>\n<meta name=\"robots\" content=\"index, follow, max-snippet:-1, max-image-preview:large, max-video-preview:-1\" \/>\n<link rel=\"canonical\" href=\"https:\/\/endormoonstore.com\/en\/invisible-woman-the-fantastic-4-first-steps-marvel-legends-series\/\" \/>\n<meta property=\"og:locale\" content=\"en_US\" \/>\n<meta property=\"og:type\" content=\"article\" \/>\n<meta property=\"og:title\" content=\"Invisible Woman The Fantastic 4 First Steps Marvel Legends Series - EndormoonStore\" \/>\n<meta property=\"og:description\" content=\"Figura Invisible Woman Fantastic 4 Marvel Legends. Basada en el UCM 2025. Dise\u00f1o premium, 15 cm, efecto de escudo. \u00a1Colecciona ya\" \/>\n<meta property=\"og:url\" content=\"https:\/\/endormoonstore.com\/en\/invisible-woman-the-fantastic-4-first-steps-marvel-legends-series\/\" \/>\n<meta property=\"og:site_name\" content=\"EndormoonStore\" \/>\n<meta property=\"article:modified_time\" content=\"2025-05-31T15:46:15+00:00\" \/>\n<meta property=\"og:image\" content=\"https:\/\/endormoonstore.com\/wp-content\/uploads\/2025\/05\/invisible-woman-fantastic-4-marvel-legends-first-steps-figura-caja.webp\" \/>\n\t<meta property=\"og:image:width\" content=\"1580\" \/>\n\t<meta property=\"og:image:height\" content=\"1580\" \/>\n\t<meta property=\"og:image:type\" content=\"image\/webp\" \/>\n<meta name=\"twitter:card\" content=\"summary_large_image\" \/>\n<meta name=\"twitter:label1\" content=\"Est. reading time\" \/>\n\t<meta name=\"twitter:data1\" content=\"3 minutes\" \/>\n<script type=\"application\/ld+json\" class=\"yoast-schema-graph\">{\"@context\":\"https:\/\/schema.org\",\"@graph\":[{\"@type\":\"WebPage\",\"@id\":\"https:\/\/endormoonstore.com\/en\/invisible-woman-the-fantastic-4-first-steps-marvel-legends-series\/\",\"url\":\"https:\/\/endormoonstore.com\/en\/invisible-woman-the-fantastic-4-first-steps-marvel-legends-series\/\",\"name\":\"Invisible Woman The Fantastic 4 First Steps Marvel Legends Series - EndormoonStore\",\"isPartOf\":{\"@id\":\"https:\/\/endormoonstore.com\/#website\"},\"primaryImageOfPage\":{\"@id\":\"https:\/\/endormoonstore.com\/en\/invisible-woman-the-fantastic-4-first-steps-marvel-legends-series\/#primaryimage\"},\"image\":{\"@id\":\"https:\/\/endormoonstore.com\/en\/invisible-woman-the-fantastic-4-first-steps-marvel-legends-series\/#primaryimage\"},\"thumbnailUrl\":\"https:\/\/endormoonstore.com\/wp-content\/uploads\/2025\/05\/invisible-woman-fantastic-4-marvel-legends-first-steps-figura-caja.webp\",\"datePublished\":\"2025-05-29T22:10:36+00:00\",\"dateModified\":\"2025-05-31T15:46:15+00:00\",\"description\":\"Figura Invisible Woman Fantastic 4 Marvel Legends. Basada en el UCM 2025. Dise\u00f1o premium, 15 cm, efecto de escudo. \u00a1Colecciona ya\",\"breadcrumb\":{\"@id\":\"https:\/\/endormoonstore.com\/en\/invisible-woman-the-fantastic-4-first-steps-marvel-legends-series\/#breadcrumb\"},\"inLanguage\":\"en-US\",\"potentialAction\":[{\"@type\":\"ReadAction\",\"target\":[\"https:\/\/endormoonstore.com\/en\/invisible-woman-the-fantastic-4-first-steps-marvel-legends-series\/\"]}]},{\"@type\":\"ImageObject\",\"inLanguage\":\"en-US\",\"@id\":\"https:\/\/endormoonstore.com\/en\/invisible-woman-the-fantastic-4-first-steps-marvel-legends-series\/#primaryimage\",\"url\":\"https:\/\/endormoonstore.com\/wp-content\/uploads\/2025\/05\/invisible-woman-fantastic-4-marvel-legends-first-steps-figura-caja.webp\",\"contentUrl\":\"https:\/\/endormoonstore.com\/wp-content\/uploads\/2025\/05\/invisible-woman-fantastic-4-marvel-legends-first-steps-figura-caja.webp\",\"width\":1580,\"height\":1580,\"caption\":\"La figura de Invisible Woman de la serie Marvel Legends, lista para coleccionar en su caja con dise\u00f1o inspirado en \\\"The Fantastic Four: First Steps\\\" del UCM.\"},{\"@type\":\"BreadcrumbList\",\"@id\":\"https:\/\/endormoonstore.com\/en\/invisible-woman-the-fantastic-4-first-steps-marvel-legends-series\/#breadcrumb\",\"itemListElement\":[{\"@type\":\"ListItem\",\"position\":1,\"name\":\"Shop\",\"item\":\"https:\/\/endormoonstore.com\/en\/shop\/\"},{\"@type\":\"ListItem\",\"position\":2,\"name\":\"Invisible Woman The Fantastic 4 First Steps Marvel Legends Series\"}]},{\"@type\":\"WebSite\",\"@id\":\"https:\/\/endormoonstore.com\/#website\",\"url\":\"https:\/\/endormoonstore.com\/\",\"name\":\"EndormoonStore\",\"description\":\"\",\"potentialAction\":[{\"@type\":\"SearchAction\",\"target\":{\"@type\":\"EntryPoint\",\"urlTemplate\":\"https:\/\/endormoonstore.com\/?s={search_term_string}\"},\"query-input\":{\"@type\":\"PropertyValueSpecification\",\"valueRequired\":true,\"valueName\":\"search_term_string\"}}],\"inLanguage\":\"en-US\"}]}<\/script>\n<!-- \/ Yoast SEO plugin. -->","yoast_head_json":{"title":"Invisible Woman The Fantastic 4 First Steps Marvel Legends Series - EndormoonStore","description":"Figura Invisible Woman Fantastic 4 Marvel Legends. Basada en el UCM 2025. Dise\u00f1o premium, 15 cm, efecto de escudo. \u00a1Colecciona ya","robots":{"index":"index","follow":"follow","max-snippet":"max-snippet:-1","max-image-preview":"max-image-preview:large","max-video-preview":"max-video-preview:-1"},"canonical":"https:\/\/endormoonstore.com\/en\/invisible-woman-the-fantastic-4-first-steps-marvel-legends-series\/","og_locale":"en_US","og_type":"article","og_title":"Invisible Woman The Fantastic 4 First Steps Marvel Legends Series - EndormoonStore","og_description":"Figura Invisible Woman Fantastic 4 Marvel Legends. Basada en el UCM 2025. Dise\u00f1o premium, 15 cm, efecto de escudo. \u00a1Colecciona ya","og_url":"https:\/\/endormoonstore.com\/en\/invisible-woman-the-fantastic-4-first-steps-marvel-legends-series\/","og_site_name":"EndormoonStore","article_modified_time":"2025-05-31T15:46:15+00:00","og_image":[{"width":1580,"height":1580,"url":"https:\/\/endormoonstore.com\/wp-content\/uploads\/2025\/05\/invisible-woman-fantastic-4-marvel-legends-first-steps-figura-caja.webp","type":"image\/webp"}],"twitter_card":"summary_large_image","twitter_misc":{"Est. reading time":"3 minutes"},"schema":{"@context":"https:\/\/schema.org","@graph":[{"@type":"WebPage","@id":"https:\/\/endormoonstore.com\/en\/invisible-woman-the-fantastic-4-first-steps-marvel-legends-series\/","url":"https:\/\/endormoonstore.com\/en\/invisible-woman-the-fantastic-4-first-steps-marvel-legends-series\/","name":"Invisible Woman The Fantastic 4 First Steps Marvel Legends Series - EndormoonStore","isPartOf":{"@id":"https:\/\/endormoonstore.com\/#website"},"primaryImageOfPage":{"@id":"https:\/\/endormoonstore.com\/en\/invisible-woman-the-fantastic-4-first-steps-marvel-legends-series\/#primaryimage"},"image":{"@id":"https:\/\/endormoonstore.com\/en\/invisible-woman-the-fantastic-4-first-steps-marvel-legends-series\/#primaryimage"},"thumbnailUrl":"https:\/\/endormoonstore.com\/wp-content\/uploads\/2025\/05\/invisible-woman-fantastic-4-marvel-legends-first-steps-figura-caja.webp","datePublished":"2025-05-29T22:10:36+00:00","dateModified":"2025-05-31T15:46:15+00:00","description":"Figura Invisible Woman Fantastic 4 Marvel Legends. Basada en el UCM 2025. Dise\u00f1o premium, 15 cm, efecto de escudo. \u00a1Colecciona ya","breadcrumb":{"@id":"https:\/\/endormoonstore.com\/en\/invisible-woman-the-fantastic-4-first-steps-marvel-legends-series\/#breadcrumb"},"inLanguage":"en-US","potentialAction":[{"@type":"ReadAction","target":["https:\/\/endormoonstore.com\/en\/invisible-woman-the-fantastic-4-first-steps-marvel-legends-series\/"]}]},{"@type":"ImageObject","inLanguage":"en-US","@id":"https:\/\/endormoonstore.com\/en\/invisible-woman-the-fantastic-4-first-steps-marvel-legends-series\/#primaryimage","url":"https:\/\/endormoonstore.com\/wp-content\/uploads\/2025\/05\/invisible-woman-fantastic-4-marvel-legends-first-steps-figura-caja.webp","contentUrl":"https:\/\/endormoonstore.com\/wp-content\/uploads\/2025\/05\/invisible-woman-fantastic-4-marvel-legends-first-steps-figura-caja.webp","width":1580,"height":1580,"caption":"La figura de Invisible Woman de la serie Marvel Legends, lista para coleccionar en su caja con dise\u00f1o inspirado en \"The Fantastic Four: First Steps\" del UCM."},{"@type":"BreadcrumbList","@id":"https:\/\/endormoonstore.com\/en\/invisible-woman-the-fantastic-4-first-steps-marvel-legends-series\/#breadcrumb","itemListElement":[{"@type":"ListItem","position":1,"name":"Shop","item":"https:\/\/endormoonstore.com\/en\/shop\/"},{"@type":"ListItem","position":2,"name":"Invisible Woman The Fantastic 4 First Steps Marvel Legends Series"}]},{"@type":"WebSite","@id":"https:\/\/endormoonstore.com\/#website","url":"https:\/\/endormoonstore.com\/","name":"EndormoonStore","description":"","potentialAction":[{"@type":"SearchAction","target":{"@type":"EntryPoint","urlTemplate":"https:\/\/endormoonstore.com\/?s={search_term_string}"},"query-input":{"@type":"PropertyValueSpecification","valueRequired":true,"valueName":"search_term_string"}}],"inLanguage":"en-US"}]}},"taxonomy_info":{"product_cat":[{"value":1390,"label":"Figures"},{"value":13511,"label":"New Arrivals"}],"pa_brand":[{"value":2084,"label":"Hasbro"}],"pa_character":[{"value":15627,"label":"Invisible Woman \/ Sue Storm"}],"pa_episode":[{"value":15874,"label":"Fantastic Four"}],"pa_license":[{"value":1642,"label":"Marvel"}],"pa_product-type":[{"value":2387,"label":"Figure"}],"pa_theme":[{"value":2071,"label":"Marvel Legends Series"}]},"featured_image_src_large":["https:\/\/endormoonstore.com\/wp-content\/uploads\/2025\/05\/invisible-woman-fantastic-4-marvel-legends-first-steps-figura-caja.webp",1580,1580,false],"author_info":[],"comment_info":"","_links":{"self":[{"href":"https:\/\/endormoonstore.com\/en\/wp-json\/wp\/v2\/product\/174686","targetHints":{"allow":["GET"]}}],"collection":[{"href":"https:\/\/endormoonstore.com\/en\/wp-json\/wp\/v2\/product"}],"about":[{"href":"https:\/\/endormoonstore.com\/en\/wp-json\/wp\/v2\/types\/product"}],"wp:featuredmedia":[{"embeddable":true,"href":"https:\/\/endormoonstore.com\/en\/wp-json\/wp\/v2\/media\/174673"}],"wp:attachment":[{"href":"https:\/\/endormoonstore.com\/en\/wp-json\/wp\/v2\/media?parent=174686"}],"wp:term":[{"taxonomy":"product_cat","embeddable":true,"href":"https:\/\/endormoonstore.com\/en\/wp-json\/wp\/v2\/product_cat?post=174686"},{"taxonomy":"product_tag","embeddable":true,"href":"https:\/\/endormoonstore.com\/en\/wp-json\/wp\/v2\/product_tag?post=174686"}],"curies":[{"name":"wp","href":"https:\/\/api.w.org\/{rel}","templated":true}]}}