{"id":174521,"date":"2025-05-27T00:20:20","date_gmt":"2025-05-26T22:20:20","guid":{"rendered":"https:\/\/endormoonstore.com\/good-guys-renewal-ver-childs-play-2-chucky-mafex\/"},"modified":"2025-05-29T19:39:46","modified_gmt":"2025-05-29T17:39:46","slug":"good-guys-renewal-ver-childs-play-2-chucky-mafex","status":"publish","type":"product","link":"https:\/\/endormoonstore.com\/en\/good-guys-renewal-ver-childs-play-2-chucky-mafex\/","title":{"rendered":"Good Guys (Renewal Ver) Child\u2019s Play 2 Chucky MAFEX"},"content":{"rendered":"<h4 data-sourcepos=\"7:1-7:74\"><strong>\u00a1Prep\u00e1rate para la Fiesta! Figura Good Guys Chucky MAFEX de Medicom Toy<\/strong><\/h4>\n<ul>\n<li data-sourcepos=\"9:1-9:692\">Medicom Toy se enorgullece de traer de vuelta a un personaje favorito de los fans. Es la impresionante figura Good Guys (Renewal Ver) Child\u2019s Play 2 Chucky MAFEX. Directamente desde la aterradora pel\u00edcula <em>Child&#8217;s Play 2<\/em>, esta figura del ic\u00f3nico Chucky Child\u2019s Play 2 est\u00e1 lista para ser tu &#8220;mejor amigo&#8221; nada m\u00e1s sacarla de la caja. Sin embargo, este mu\u00f1eco adorable puede esconder una sorpresa mortal. Por lo tanto, esta figura, altamente detallada y completamente articulada, es la adici\u00f3n perfecta para cualquier colecci\u00f3n de terror. As\u00ed pues, trae la esencia de Chucky Child\u2019s Play 2 a tu hogar con una calidad inigualable. \u00a1No dejes escapar esta pieza esencial!<\/li>\n<\/ul>\n<h4 data-sourcepos=\"11:1-11:50\">Calidad Superior y Articulaci\u00f3n Din\u00e1mica MAFEX<\/h4>\n<ul>\n<li data-sourcepos=\"13:1-13:916\">La l\u00ednea MAFEX de Medicom Toy es sin\u00f3nimo de excelencia en el mundo de las figuras de acci\u00f3n. De hecho, esta versi\u00f3n de Chucky no es una excepci\u00f3n. Con una altura de aproximadamente 13 cm (5.12 pulgadas), la figura est\u00e1 fabricada con una combinaci\u00f3n de pl\u00e1stico de alta calidad y un aut\u00e9ntico mono de tela. En primer lugar, el vestuario fue dise\u00f1ado por Yumiko Noda (Soing). Adem\u00e1s, replica fielmente el atuendo visto en la pel\u00edcula. Su esculpido detallado, realizado por Masato Ohata y PERFECT-STUDIO, y los acabados premium son sellos distintivos de esta l\u00ednea. Por otro lado, la articulaci\u00f3n fluida permite recrear un sinf\u00edn de poses din\u00e1micas. Por consiguiente, puedes capturar cada movimiento ic\u00f3nico del mu\u00f1eco. Finalmente, los globos oculares m\u00f3viles a\u00f1aden un nivel de realismo aterrador. Te permitir\u00e1n recrear las expresiones m\u00e1s siniestras vistas en la pel\u00edcula.<\/li>\n<\/ul>\n<h4 data-sourcepos=\"15:1-15:45\"><strong>Accesorios para un Despliegue Terror\u00edfico<\/strong><\/h4>\n<ul>\n<li data-sourcepos=\"17:1-17:898\">Para empezar, esta figura de Good Guys Chucky MAFEX incluye una amplia variedad de accesorios. Su objetivo es maximizar las posibilidades de exhibici\u00f3n y recreaci\u00f3n de escenas. Por ejemplo, podr\u00e1s personalizar a tu mu\u00f1eco con tres esculpidos de cabeza alternativos. Cada uno presenta una expresi\u00f3n diferente que captura la dualidad de Chucky, desde el inocente mu\u00f1eco hasta el asesino pose\u00eddo. Adem\u00e1s, las manos intercambiables permiten sostener todas sus herramientas del terror. La figura viene equipada con un arsenal completo. Este incluye un bate, una regla, un martillo y dos tipos de cuchillos. De igual modo, se incluye un\u00a0brazo-punz\u00f3n intercambiable y un soporte de figura m\u00f3vil para las poses m\u00e1s complejas y estables. En resumen, cada accesorio ha sido dise\u00f1ado con el mismo nivel de detalle. As\u00ed complementan perfectamente la figura principal.<\/li>\n<li data-sourcepos=\"21:1-21:188\">\u00a1No dejes que el tiempo se agote! \u00a1A\u00f1ade hoy mismo esta figura imprescindible de Good Guys Chucky MAFEX a tu colecci\u00f3n y que comience la diversi\u00f3n&#8230; o el terror! \u00a1Haz tu pedido ahora!<\/li>\n<\/ul>\n<h4><b>Sobre Medicom Toy y MAFEX<\/b><\/h4>\n<ul>\n<li><a href=\"\/?product_brand=medicom-toy\"><strong>Medicom Toy<\/strong><\/a> es una reconocida compa\u00f1\u00eda japonesa especializada en la creaci\u00f3n de figuras de colecci\u00f3n de alta calidad. Con a\u00f1os de experiencia en la industria, se ha ganado una s\u00f3lida reputaci\u00f3n por su atenci\u00f3n meticulosa al detalle, la fidelidad a los personajes originales y el uso de materiales premium en sus productos. Los coleccionistas de todo el mundo valoran las figuras de Medicom Toy por su excelente acabado y su capacidad para capturar la esencia de personajes ic\u00f3nicos del cine, la televisi\u00f3n, los c\u00f3mics y los videojuegos. Al adquirir una figura MAFEX de Medicom Toy, est\u00e1s invirtiendo en una pieza de colecci\u00f3n duradera y con un alto nivel de detalle.<\/li>\n<li>La l\u00ednea <a href=\"https:\/\/endormoonstore.com\/tematica\/mafex\/\"><strong>MAFEX<\/strong><\/a> (Miracle Action Figure EX) de Medicom Toy es sin\u00f3nimo de figuras de acci\u00f3n de escala dise\u00f1adas para ofrecer una articulaci\u00f3n superior y una gran capacidad de poseo. Estas figuras destacan por su esculpido preciso, que captura fielmente la apariencia de los personajes, y por la inclusi\u00f3n de numerosos accesorios y piezas intercambiables que permiten a los coleccionistas personalizar sus exhibiciones. La calidad de los materiales utilizados en la fabricaci\u00f3n de las figuras MAFEX garantiza su durabilidad y un tacto premium. Si buscas figuras de acci\u00f3n que combinen un dise\u00f1o excepcional con una jugabilidad vers\u00e1til, la l\u00ednea MAFEX de Medicom Toy es la elecci\u00f3n ideal para tu colecci\u00f3n<\/li>\n<\/ul>\n","protected":false},"excerpt":{"rendered":"<h4 data-sourcepos=\"7:1-7:74\"><strong>\u00a1Prep\u00e1rate para la Fiesta! Figura Good Guys Chucky MAFEX de Medicom Toy<\/strong><\/h4>\n<p>Medicom Toy se enorgullece de traer de vuelta a un personaje favorito de los fans. Es la impresionante figura Good Guys (Renewal Ver) Child\u2019s Play 2 Chucky MAFEX. Directamente desde la aterradora pel\u00edcula <em>Child&#8217;s Play 2<\/em>, esta figura del ic\u00f3nico Chucky Child\u2019s Play 2 est\u00e1 lista para ser tu &#8220;mejor amigo&#8221; nada m\u00e1s sacarla de la caja.<\/p>\n","protected":false},"featured_media":174500,"template":"","meta":{"_acf_changed":false,"_kad_blocks_custom_css":"","_kad_blocks_head_custom_js":"","_kad_blocks_body_custom_js":"","_kad_blocks_footer_custom_js":""},"product_cat":[1384],"product_tag":[],"class_list":{"0":"post-174521","1":"product","2":"type-product","3":"status-publish","4":"has-post-thumbnail","6":"product_cat-pre-orders","7":"pa_brand-medicom-toy-en","8":"pa_character-chucky-en","9":"pa_episode-childs-play-2-en","10":"pa_license-chucky-en","11":"pa_product-type-figure","12":"pa_theme-mafex-en","14":"first","15":"instock","16":"taxable","17":"shipping-taxable","18":"purchasable","19":"product-type-simple"},"acf":[],"yoast_head":"<!-- This site is optimized with the Yoast SEO plugin v26.1.1 - https:\/\/yoast.com\/wordpress\/plugins\/seo\/ -->\n<title>Good Guys (Renewal Ver) Child\u2019s Play 2 Chucky MAFEX - EndormoonStore<\/title>\n<meta name=\"description\" content=\"Descubre la figura MAFEX de Chucky Child\u2019s Play 2, el ic\u00f3nico mu\u00f1eco Good Guys. Una pieza articulada de Medicom Toy con detalles fieles y cl\u00e1sico cuchillo\" \/>\n<meta name=\"robots\" content=\"index, follow, max-snippet:-1, max-image-preview:large, max-video-preview:-1\" \/>\n<link rel=\"canonical\" href=\"https:\/\/endormoonstore.com\/en\/good-guys-renewal-ver-childs-play-2-chucky-mafex\/\" \/>\n<meta property=\"og:locale\" content=\"en_US\" \/>\n<meta property=\"og:type\" content=\"article\" \/>\n<meta property=\"og:title\" content=\"Good Guys (Renewal Ver) Child\u2019s Play 2 Chucky MAFEX - EndormoonStore\" \/>\n<meta property=\"og:description\" content=\"Descubre la figura MAFEX de Chucky Child\u2019s Play 2, el ic\u00f3nico mu\u00f1eco Good Guys. Una pieza articulada de Medicom Toy con detalles fieles y cl\u00e1sico cuchillo\" \/>\n<meta property=\"og:url\" content=\"https:\/\/endormoonstore.com\/en\/good-guys-renewal-ver-childs-play-2-chucky-mafex\/\" \/>\n<meta property=\"og:site_name\" content=\"EndormoonStore\" \/>\n<meta property=\"article:modified_time\" content=\"2025-05-29T17:39:46+00:00\" \/>\n<meta property=\"og:image\" content=\"https:\/\/endormoonstore.com\/wp-content\/uploads\/2025\/05\/chucky-childs-play-2-mafex-good-guys-figura-principal.jpg\" \/>\n\t<meta property=\"og:image:width\" content=\"450\" \/>\n\t<meta property=\"og:image:height\" content=\"600\" \/>\n\t<meta property=\"og:image:type\" content=\"image\/jpeg\" \/>\n<meta name=\"twitter:card\" content=\"summary_large_image\" \/>\n<meta name=\"twitter:label1\" content=\"Est. reading time\" \/>\n\t<meta name=\"twitter:data1\" content=\"4 minutes\" \/>\n<script type=\"application\/ld+json\" class=\"yoast-schema-graph\">{\"@context\":\"https:\/\/schema.org\",\"@graph\":[{\"@type\":\"WebPage\",\"@id\":\"https:\/\/endormoonstore.com\/en\/good-guys-renewal-ver-childs-play-2-chucky-mafex\/\",\"url\":\"https:\/\/endormoonstore.com\/en\/good-guys-renewal-ver-childs-play-2-chucky-mafex\/\",\"name\":\"Good Guys (Renewal Ver) Child\u2019s Play 2 Chucky MAFEX - EndormoonStore\",\"isPartOf\":{\"@id\":\"https:\/\/endormoonstore.com\/#website\"},\"primaryImageOfPage\":{\"@id\":\"https:\/\/endormoonstore.com\/en\/good-guys-renewal-ver-childs-play-2-chucky-mafex\/#primaryimage\"},\"image\":{\"@id\":\"https:\/\/endormoonstore.com\/en\/good-guys-renewal-ver-childs-play-2-chucky-mafex\/#primaryimage\"},\"thumbnailUrl\":\"https:\/\/endormoonstore.com\/wp-content\/uploads\/2025\/05\/chucky-childs-play-2-mafex-good-guys-figura-principal.jpg\",\"datePublished\":\"2025-05-26T22:20:20+00:00\",\"dateModified\":\"2025-05-29T17:39:46+00:00\",\"description\":\"Descubre la figura MAFEX de Chucky Child\u2019s Play 2, el ic\u00f3nico mu\u00f1eco Good Guys. Una pieza articulada de Medicom Toy con detalles fieles y cl\u00e1sico cuchillo\",\"breadcrumb\":{\"@id\":\"https:\/\/endormoonstore.com\/en\/good-guys-renewal-ver-childs-play-2-chucky-mafex\/#breadcrumb\"},\"inLanguage\":\"en-US\",\"potentialAction\":[{\"@type\":\"ReadAction\",\"target\":[\"https:\/\/endormoonstore.com\/en\/good-guys-renewal-ver-childs-play-2-chucky-mafex\/\"]}]},{\"@type\":\"ImageObject\",\"inLanguage\":\"en-US\",\"@id\":\"https:\/\/endormoonstore.com\/en\/good-guys-renewal-ver-childs-play-2-chucky-mafex\/#primaryimage\",\"url\":\"https:\/\/endormoonstore.com\/wp-content\/uploads\/2025\/05\/chucky-childs-play-2-mafex-good-guys-figura-principal.jpg\",\"contentUrl\":\"https:\/\/endormoonstore.com\/wp-content\/uploads\/2025\/05\/chucky-childs-play-2-mafex-good-guys-figura-principal.jpg\",\"width\":450,\"height\":600,\"caption\":\"El ic\u00f3nico Chucky de Child\u2019s Play 2 en su detallada figura Good Guys MAFEX de Medicom Toy, listo para la acci\u00f3n con su cuchillo.\"},{\"@type\":\"BreadcrumbList\",\"@id\":\"https:\/\/endormoonstore.com\/en\/good-guys-renewal-ver-childs-play-2-chucky-mafex\/#breadcrumb\",\"itemListElement\":[{\"@type\":\"ListItem\",\"position\":1,\"name\":\"Shop\",\"item\":\"https:\/\/endormoonstore.com\/en\/shop\/\"},{\"@type\":\"ListItem\",\"position\":2,\"name\":\"Good Guys (Renewal Ver) Child\u2019s Play 2 Chucky MAFEX\"}]},{\"@type\":\"WebSite\",\"@id\":\"https:\/\/endormoonstore.com\/#website\",\"url\":\"https:\/\/endormoonstore.com\/\",\"name\":\"EndormoonStore\",\"description\":\"\",\"potentialAction\":[{\"@type\":\"SearchAction\",\"target\":{\"@type\":\"EntryPoint\",\"urlTemplate\":\"https:\/\/endormoonstore.com\/?s={search_term_string}\"},\"query-input\":{\"@type\":\"PropertyValueSpecification\",\"valueRequired\":true,\"valueName\":\"search_term_string\"}}],\"inLanguage\":\"en-US\"}]}<\/script>\n<!-- \/ Yoast SEO plugin. -->","yoast_head_json":{"title":"Good Guys (Renewal Ver) Child\u2019s Play 2 Chucky MAFEX - EndormoonStore","description":"Descubre la figura MAFEX de Chucky Child\u2019s Play 2, el ic\u00f3nico mu\u00f1eco Good Guys. Una pieza articulada de Medicom Toy con detalles fieles y cl\u00e1sico cuchillo","robots":{"index":"index","follow":"follow","max-snippet":"max-snippet:-1","max-image-preview":"max-image-preview:large","max-video-preview":"max-video-preview:-1"},"canonical":"https:\/\/endormoonstore.com\/en\/good-guys-renewal-ver-childs-play-2-chucky-mafex\/","og_locale":"en_US","og_type":"article","og_title":"Good Guys (Renewal Ver) Child\u2019s Play 2 Chucky MAFEX - EndormoonStore","og_description":"Descubre la figura MAFEX de Chucky Child\u2019s Play 2, el ic\u00f3nico mu\u00f1eco Good Guys. Una pieza articulada de Medicom Toy con detalles fieles y cl\u00e1sico cuchillo","og_url":"https:\/\/endormoonstore.com\/en\/good-guys-renewal-ver-childs-play-2-chucky-mafex\/","og_site_name":"EndormoonStore","article_modified_time":"2025-05-29T17:39:46+00:00","og_image":[{"width":450,"height":600,"url":"https:\/\/endormoonstore.com\/wp-content\/uploads\/2025\/05\/chucky-childs-play-2-mafex-good-guys-figura-principal.jpg","type":"image\/jpeg"}],"twitter_card":"summary_large_image","twitter_misc":{"Est. reading time":"4 minutes"},"schema":{"@context":"https:\/\/schema.org","@graph":[{"@type":"WebPage","@id":"https:\/\/endormoonstore.com\/en\/good-guys-renewal-ver-childs-play-2-chucky-mafex\/","url":"https:\/\/endormoonstore.com\/en\/good-guys-renewal-ver-childs-play-2-chucky-mafex\/","name":"Good Guys (Renewal Ver) Child\u2019s Play 2 Chucky MAFEX - EndormoonStore","isPartOf":{"@id":"https:\/\/endormoonstore.com\/#website"},"primaryImageOfPage":{"@id":"https:\/\/endormoonstore.com\/en\/good-guys-renewal-ver-childs-play-2-chucky-mafex\/#primaryimage"},"image":{"@id":"https:\/\/endormoonstore.com\/en\/good-guys-renewal-ver-childs-play-2-chucky-mafex\/#primaryimage"},"thumbnailUrl":"https:\/\/endormoonstore.com\/wp-content\/uploads\/2025\/05\/chucky-childs-play-2-mafex-good-guys-figura-principal.jpg","datePublished":"2025-05-26T22:20:20+00:00","dateModified":"2025-05-29T17:39:46+00:00","description":"Descubre la figura MAFEX de Chucky Child\u2019s Play 2, el ic\u00f3nico mu\u00f1eco Good Guys. Una pieza articulada de Medicom Toy con detalles fieles y cl\u00e1sico cuchillo","breadcrumb":{"@id":"https:\/\/endormoonstore.com\/en\/good-guys-renewal-ver-childs-play-2-chucky-mafex\/#breadcrumb"},"inLanguage":"en-US","potentialAction":[{"@type":"ReadAction","target":["https:\/\/endormoonstore.com\/en\/good-guys-renewal-ver-childs-play-2-chucky-mafex\/"]}]},{"@type":"ImageObject","inLanguage":"en-US","@id":"https:\/\/endormoonstore.com\/en\/good-guys-renewal-ver-childs-play-2-chucky-mafex\/#primaryimage","url":"https:\/\/endormoonstore.com\/wp-content\/uploads\/2025\/05\/chucky-childs-play-2-mafex-good-guys-figura-principal.jpg","contentUrl":"https:\/\/endormoonstore.com\/wp-content\/uploads\/2025\/05\/chucky-childs-play-2-mafex-good-guys-figura-principal.jpg","width":450,"height":600,"caption":"El ic\u00f3nico Chucky de Child\u2019s Play 2 en su detallada figura Good Guys MAFEX de Medicom Toy, listo para la acci\u00f3n con su cuchillo."},{"@type":"BreadcrumbList","@id":"https:\/\/endormoonstore.com\/en\/good-guys-renewal-ver-childs-play-2-chucky-mafex\/#breadcrumb","itemListElement":[{"@type":"ListItem","position":1,"name":"Shop","item":"https:\/\/endormoonstore.com\/en\/shop\/"},{"@type":"ListItem","position":2,"name":"Good Guys (Renewal Ver) Child\u2019s Play 2 Chucky MAFEX"}]},{"@type":"WebSite","@id":"https:\/\/endormoonstore.com\/#website","url":"https:\/\/endormoonstore.com\/","name":"EndormoonStore","description":"","potentialAction":[{"@type":"SearchAction","target":{"@type":"EntryPoint","urlTemplate":"https:\/\/endormoonstore.com\/?s={search_term_string}"},"query-input":{"@type":"PropertyValueSpecification","valueRequired":true,"valueName":"search_term_string"}}],"inLanguage":"en-US"}]}},"taxonomy_info":{"product_cat":[{"value":1384,"label":"Pre-orders"}],"pa_brand":[{"value":15494,"label":"Medicom Toy"}],"pa_character":[{"value":9529,"label":"Chucky"}],"pa_episode":[{"value":15605,"label":"Child's Play 2"}],"pa_license":[{"value":6711,"label":"Chucky"}],"pa_product-type":[{"value":2387,"label":"Figure"}],"pa_theme":[{"value":15496,"label":"MAFEX"}]},"featured_image_src_large":["https:\/\/endormoonstore.com\/wp-content\/uploads\/2025\/05\/chucky-childs-play-2-mafex-good-guys-figura-principal.jpg",450,600,false],"author_info":[],"comment_info":"","_links":{"self":[{"href":"https:\/\/endormoonstore.com\/en\/wp-json\/wp\/v2\/product\/174521","targetHints":{"allow":["GET"]}}],"collection":[{"href":"https:\/\/endormoonstore.com\/en\/wp-json\/wp\/v2\/product"}],"about":[{"href":"https:\/\/endormoonstore.com\/en\/wp-json\/wp\/v2\/types\/product"}],"wp:featuredmedia":[{"embeddable":true,"href":"https:\/\/endormoonstore.com\/en\/wp-json\/wp\/v2\/media\/174500"}],"wp:attachment":[{"href":"https:\/\/endormoonstore.com\/en\/wp-json\/wp\/v2\/media?parent=174521"}],"wp:term":[{"taxonomy":"product_cat","embeddable":true,"href":"https:\/\/endormoonstore.com\/en\/wp-json\/wp\/v2\/product_cat?post=174521"},{"taxonomy":"product_tag","embeddable":true,"href":"https:\/\/endormoonstore.com\/en\/wp-json\/wp\/v2\/product_tag?post=174521"}],"curies":[{"name":"wp","href":"https:\/\/api.w.org\/{rel}","templated":true}]}}