{"id":174494,"date":"2025-05-27T00:15:17","date_gmt":"2025-05-26T22:15:17","guid":{"rendered":"https:\/\/endormoonstore.com\/lron-warriors-mklil-tactical-legionary-with-nuncio-vox-warhammer-the-horus-heresy\/"},"modified":"2025-07-17T22:32:36","modified_gmt":"2025-07-17T20:32:36","slug":"lron-warriors-mklil-tactical-legionary-with-nuncio-vox-warhammer-the-horus-heresy","status":"publish","type":"product","link":"https:\/\/endormoonstore.com\/en\/lron-warriors-mklil-tactical-legionary-with-nuncio-vox-warhammer-the-horus-heresy\/","title":{"rendered":"Iron Warriors MKlIl Tactical Legionary with Nuncio-vox Warhammer The Horus Heresy"},"content":{"rendered":"<h4><strong>Iron Warriors MKlIl Tactical Legionary with Nuncio-vox Warhammer The Horus Heresy<\/strong><\/h4>\n<ul>\n<li data-sourcepos=\"15:1-15:421\">Transforma el campo de batalla con el MKlIl Tactical Legionary de los Iron Warriors. Es una figura de acci\u00f3n de \u00e9lite de Joy Toy, a escala 1\/18. Este Legionario, equipado con un Nuncio-vox, usa la ic\u00f3nica armadura de energ\u00eda MKIII &#8216;Iron&#8217;. Es vital para coordinar asaltos y quebrar la moral enemiga. De hecho, el MKlIl Tactical Legionary con su Nuncio-vox puede sacudir los cimientos de una ciudad fortificada.<\/li>\n<li data-sourcepos=\"17:1-17:396\">Mide 12.2 cm (4.80 pulgadas) de altura. Adem\u00e1s, tiene 26 puntos de articulaci\u00f3n. Esta figura ofrece gran versatilidad para recrear poses din\u00e1micas y escenas de batalla. Est\u00e1 fabricada con PVC de alta calidad. Esto garantiza una pieza duradera y sumamente detallada. Las Legiones de los Marines Espaciales son la fuerza fundamental que reconquist\u00f3 gran parte de la galaxia durante la Gran Cruzada.<\/li>\n<\/ul>\n<h4 data-sourcepos=\"19:1-19:38\"><strong>El Pilar de la Infanter\u00eda Astartes<\/strong><\/h4>\n<ul>\n<li data-sourcepos=\"21:1-21:566\">Los Iron Warriors, liderados por el Primarca Perturabo, son conocidos por su maestr\u00eda en romper asedios y asaltar fortificaciones enemigas. Sin embargo, su rabia y celos hacia los favorecidos Imperial Fists y su Primarca Rogal Dorn los impulsaron a aliarse con el Warmaster. Decidieron diezmar mundos enteros. La amenaza de un asedio de los Iron Warriors basta para mantener sistemas enteros a raya. Por lo tanto, estos guerreros prefieren la abierta rebeld\u00eda para liberar su extrema ira. Incluso reemplazan sus extremidades con partes mec\u00e1nicas.<\/li>\n<\/ul>\n<h4 data-sourcepos=\"23:1-23:37\"><strong>Armamento y Articulaci\u00f3n Mejorada<\/strong><\/h4>\n<ul>\n<li data-sourcepos=\"25:1-25:686\">Para empezar, personaliza este MKlIl Tactical Legionary con un arsenal variado. Incluye piezas intercambiables. Por ejemplo, trae tres pares de manos (seis en total) para diversas poses. Asimismo, cuenta con un rifle b\u00f3lter, un fusil de plasma (plas-gun), una pistolera con una pistola y una base de soporte. La mochila Nuncio-vox es un elemento distintivo en su espalda. Presenta una amenazante calavera con una corona de p\u00faas. Tambi\u00e9n tiene m\u00faltiples antenas de comunicaci\u00f3n y un detallado sensor \u00f3ptico con un punto rojo. Esto realza su rol t\u00e1ctico en la Legi\u00f3n. La armadura MKIII &#8216;Iron&#8217; es reconocida por su dise\u00f1o voluminoso y duradero. Es ideal para asaltos frontales.<\/li>\n<\/ul>\n<h4 data-sourcepos=\"27:1-27:35\"><strong>Dominio T\u00e1ctico en Tu Colecci\u00f3n<\/strong><\/h4>\n<ul>\n<li data-sourcepos=\"29:1-29:555\">Cada detalle de esta figura ha sido meticulosamente dise\u00f1ado. Es decir, desde la robustez de su armadura hasta las insignias de su Legi\u00f3n. Esta figura no es solo una pieza de colecci\u00f3n. En consecuencia, es una representaci\u00f3n fiel de la implacable eficiencia y la brutal determinaci\u00f3n de un Legionario T\u00e1ctico de los Iron Warriors. Son capaces de atacar o defender a voluntad. Tambi\u00e9n asaltan posiciones fuertemente fortificadas y toman objetivos estrat\u00e9gicos. O, simplemente, aniquilan a un enemigo de forma exhaustiva en casi cualquier situaci\u00f3n.<\/li>\n<\/ul>\n<h4 data-sourcepos=\"31:1-31:58\"><strong>Imprescindible para Coleccionistas de The Horus Heresy<\/strong><\/h4>\n<ul>\n<li data-sourcepos=\"33:1-33:279\">En resumen, a\u00f1ade este esencial MKlIl Tactical Legionary de Joy Toy a tu colecci\u00f3n de Warhammer The Horus Heresy. Es una figura altamente detallada que captura la esencia de un guerrero t\u00e1ctico de \u00e9lite. \u00a1Perfecto para recrear tus batallas favoritas o expandir tu Legi\u00f3n!<\/li>\n<\/ul>\n<h4><strong>Sobre Joy Toy,The Horus Heresy<\/strong><\/h4>\n<ul>\n<li><a href=\"https:\/\/endormoonstore.com\/marca\/joytoy\/\"><strong>Joy Toy<\/strong><\/a>, compa\u00f1\u00eda fundada en 2015, se distingue por su excepcional calidad y atenci\u00f3n al detalle en figuras de acci\u00f3n de ciencia ficci\u00f3n y militares. Especializados en figuras altamente articuladas, han ganado la admiraci\u00f3n de coleccionistas y entusiastas. Adem\u00e1s de sus l\u00edneas propias, Joy Toy ha establecido una importante alianza con Games Workshop, creando figuras detalladas y de alta calidad del universo Warhammer, llevando la pasi\u00f3n por estos mundos a un formato tangible y coleccionable. Su compromiso con la excelencia los posiciona como un referente en la industria.<\/li>\n<li><a href=\"https:\/\/endormoonstore.com\/licencia\/warhammer-the-horus-heresy\/\"><strong>The Horus Heresy<\/strong><\/a>, tambi\u00e9n conocido como Warhammer 30,000, sumerge a los aficionados en una era \u00e9pica y tr\u00e1gica del universo de Warhammer 40,000. Ambientado diez mil a\u00f1os antes, narra la brutal guerra civil que casi destroz\u00f3 el Imperio del Hombre, con legiones de Space Marines enfrent\u00e1ndose entre s\u00ed bajo el liderazgo de los Primarcas leales y los traidores liderados por Horus Lupercal. Esta l\u00ednea ofrece un trasfondo rico y detallado, miniaturas ic\u00f3nicas y reglas de juego que capturan la escala masiva y el hero\u00edsmo oscuro de este conflicto legendario, atrayendo tanto a jugadores como a coleccionistas fascinados por los or\u00edgenes del universo de Warhammer 40,000.<\/li>\n<\/ul>\n","protected":false},"excerpt":{"rendered":"<h4><strong>Iron Warriors MKlIl Tactical Legionary with Nuncio-vox Warhammer The Horus Heresy<\/strong><\/h4>\n<p>Transforma el campo de batalla con el MKlIl Tactical Legionary de los Iron Warriors. Es una figura de acci\u00f3n de \u00e9lite de Joy Toy, a escala 1\/18. Este Legionario, equipado con un Nuncio-vox, usa la ic\u00f3nica armadura de energ\u00eda MKIII &#8216;Iron&#8217;. Es vital para coordinar asaltos y quebrar la moral enemiga. De hecho, el MKlIl Tactical Legionary con su Nuncio-vox puede sacudir los cimientos de una ciudad fortificada.<\/p>\n<p>&nbsp;<\/p>\n","protected":false},"featured_media":174479,"template":"","meta":{"_acf_changed":false,"_kad_blocks_custom_css":"","_kad_blocks_head_custom_js":"","_kad_blocks_body_custom_js":"","_kad_blocks_footer_custom_js":""},"product_cat":[1384],"product_tag":[],"class_list":{"0":"post-174494","1":"product","2":"type-product","3":"status-publish","4":"has-post-thumbnail","6":"product_cat-pre-orders","7":"pa_brand-joytoy-en","8":"pa_character-mkiii-tactical-legionary-en","9":"pa_license-warhammer-the-horus-heresy-en","10":"pa_product-type-figure","11":"pa_theme-iron-warriors-en","13":"first","14":"instock","15":"taxable","16":"shipping-taxable","17":"purchasable","18":"product-type-simple"},"acf":[],"yoast_head":"<!-- This site is optimized with the Yoast SEO plugin v26.1.1 - https:\/\/yoast.com\/wordpress\/plugins\/seo\/ -->\n<title>Iron Warriors MKlIl Tactical Legionary with Nuncio-vox Warhammer The Horus Heresy - EndormoonStore<\/title>\n<meta name=\"description\" content=\"Lidera la carga con el MKlIl Tactical Legionary de Joy Toy. Un Iron Warrior de \u00e9lite con Nuncio-vox, experto en asedio de The Horus Heresy. \u00a1Cons\u00edguelo!\" \/>\n<meta name=\"robots\" content=\"index, follow, max-snippet:-1, max-image-preview:large, max-video-preview:-1\" \/>\n<link rel=\"canonical\" href=\"https:\/\/endormoonstore.com\/en\/lron-warriors-mklil-tactical-legionary-with-nuncio-vox-warhammer-the-horus-heresy\/\" \/>\n<meta property=\"og:locale\" content=\"en_US\" \/>\n<meta property=\"og:type\" content=\"article\" \/>\n<meta property=\"og:title\" content=\"Iron Warriors MKlIl Tactical Legionary with Nuncio-vox Warhammer The Horus Heresy - EndormoonStore\" \/>\n<meta property=\"og:description\" content=\"Lidera la carga con el MKlIl Tactical Legionary de Joy Toy. Un Iron Warrior de \u00e9lite con Nuncio-vox, experto en asedio de The Horus Heresy. \u00a1Cons\u00edguelo!\" \/>\n<meta property=\"og:url\" content=\"https:\/\/endormoonstore.com\/en\/lron-warriors-mklil-tactical-legionary-with-nuncio-vox-warhammer-the-horus-heresy\/\" \/>\n<meta property=\"og:site_name\" content=\"EndormoonStore\" \/>\n<meta property=\"article:modified_time\" content=\"2025-07-17T20:32:36+00:00\" \/>\n<meta property=\"og:image\" content=\"https:\/\/endormoonstore.com\/wp-content\/uploads\/2025\/05\/iron-warriors-mk3-tactical-legionary-nuncio-vox-principal.jpg\" \/>\n\t<meta property=\"og:image:width\" content=\"750\" \/>\n\t<meta property=\"og:image:height\" content=\"1124\" \/>\n\t<meta property=\"og:image:type\" content=\"image\/jpeg\" \/>\n<meta name=\"twitter:card\" content=\"summary_large_image\" \/>\n<meta name=\"twitter:label1\" content=\"Est. reading time\" \/>\n\t<meta name=\"twitter:data1\" content=\"4 minutes\" \/>\n<script type=\"application\/ld+json\" class=\"yoast-schema-graph\">{\"@context\":\"https:\/\/schema.org\",\"@graph\":[{\"@type\":\"WebPage\",\"@id\":\"https:\/\/endormoonstore.com\/en\/lron-warriors-mklil-tactical-legionary-with-nuncio-vox-warhammer-the-horus-heresy\/\",\"url\":\"https:\/\/endormoonstore.com\/en\/lron-warriors-mklil-tactical-legionary-with-nuncio-vox-warhammer-the-horus-heresy\/\",\"name\":\"Iron Warriors MKlIl Tactical Legionary with Nuncio-vox Warhammer The Horus Heresy - EndormoonStore\",\"isPartOf\":{\"@id\":\"https:\/\/endormoonstore.com\/#website\"},\"primaryImageOfPage\":{\"@id\":\"https:\/\/endormoonstore.com\/en\/lron-warriors-mklil-tactical-legionary-with-nuncio-vox-warhammer-the-horus-heresy\/#primaryimage\"},\"image\":{\"@id\":\"https:\/\/endormoonstore.com\/en\/lron-warriors-mklil-tactical-legionary-with-nuncio-vox-warhammer-the-horus-heresy\/#primaryimage\"},\"thumbnailUrl\":\"https:\/\/endormoonstore.com\/wp-content\/uploads\/2025\/05\/iron-warriors-mk3-tactical-legionary-nuncio-vox-principal.jpg\",\"datePublished\":\"2025-05-26T22:15:17+00:00\",\"dateModified\":\"2025-07-17T20:32:36+00:00\",\"description\":\"Lidera la carga con el MKlIl Tactical Legionary de Joy Toy. Un Iron Warrior de \u00e9lite con Nuncio-vox, experto en asedio de The Horus Heresy. \u00a1Cons\u00edguelo!\",\"breadcrumb\":{\"@id\":\"https:\/\/endormoonstore.com\/en\/lron-warriors-mklil-tactical-legionary-with-nuncio-vox-warhammer-the-horus-heresy\/#breadcrumb\"},\"inLanguage\":\"en-US\",\"potentialAction\":[{\"@type\":\"ReadAction\",\"target\":[\"https:\/\/endormoonstore.com\/en\/lron-warriors-mklil-tactical-legionary-with-nuncio-vox-warhammer-the-horus-heresy\/\"]}]},{\"@type\":\"ImageObject\",\"inLanguage\":\"en-US\",\"@id\":\"https:\/\/endormoonstore.com\/en\/lron-warriors-mklil-tactical-legionary-with-nuncio-vox-warhammer-the-horus-heresy\/#primaryimage\",\"url\":\"https:\/\/endormoonstore.com\/wp-content\/uploads\/2025\/05\/iron-warriors-mk3-tactical-legionary-nuncio-vox-principal.jpg\",\"contentUrl\":\"https:\/\/endormoonstore.com\/wp-content\/uploads\/2025\/05\/iron-warriors-mk3-tactical-legionary-nuncio-vox-principal.jpg\",\"width\":750,\"height\":1124,\"caption\":\"El imponente MKlIl Tactical Legionary de los Iron Warriors, equipado con su mochila Nuncio-vox, listo para coordinar las operaciones de asedio.\"},{\"@type\":\"BreadcrumbList\",\"@id\":\"https:\/\/endormoonstore.com\/en\/lron-warriors-mklil-tactical-legionary-with-nuncio-vox-warhammer-the-horus-heresy\/#breadcrumb\",\"itemListElement\":[{\"@type\":\"ListItem\",\"position\":1,\"name\":\"Shop\",\"item\":\"https:\/\/endormoonstore.com\/en\/shop\/\"},{\"@type\":\"ListItem\",\"position\":2,\"name\":\"Iron Warriors MKlIl Tactical Legionary with Nuncio-vox Warhammer The Horus Heresy\"}]},{\"@type\":\"WebSite\",\"@id\":\"https:\/\/endormoonstore.com\/#website\",\"url\":\"https:\/\/endormoonstore.com\/\",\"name\":\"EndormoonStore\",\"description\":\"\",\"potentialAction\":[{\"@type\":\"SearchAction\",\"target\":{\"@type\":\"EntryPoint\",\"urlTemplate\":\"https:\/\/endormoonstore.com\/?s={search_term_string}\"},\"query-input\":{\"@type\":\"PropertyValueSpecification\",\"valueRequired\":true,\"valueName\":\"search_term_string\"}}],\"inLanguage\":\"en-US\"}]}<\/script>\n<!-- \/ Yoast SEO plugin. -->","yoast_head_json":{"title":"Iron Warriors MKlIl Tactical Legionary with Nuncio-vox Warhammer The Horus Heresy - EndormoonStore","description":"Lidera la carga con el MKlIl Tactical Legionary de Joy Toy. Un Iron Warrior de \u00e9lite con Nuncio-vox, experto en asedio de The Horus Heresy. \u00a1Cons\u00edguelo!","robots":{"index":"index","follow":"follow","max-snippet":"max-snippet:-1","max-image-preview":"max-image-preview:large","max-video-preview":"max-video-preview:-1"},"canonical":"https:\/\/endormoonstore.com\/en\/lron-warriors-mklil-tactical-legionary-with-nuncio-vox-warhammer-the-horus-heresy\/","og_locale":"en_US","og_type":"article","og_title":"Iron Warriors MKlIl Tactical Legionary with Nuncio-vox Warhammer The Horus Heresy - EndormoonStore","og_description":"Lidera la carga con el MKlIl Tactical Legionary de Joy Toy. Un Iron Warrior de \u00e9lite con Nuncio-vox, experto en asedio de The Horus Heresy. \u00a1Cons\u00edguelo!","og_url":"https:\/\/endormoonstore.com\/en\/lron-warriors-mklil-tactical-legionary-with-nuncio-vox-warhammer-the-horus-heresy\/","og_site_name":"EndormoonStore","article_modified_time":"2025-07-17T20:32:36+00:00","og_image":[{"width":750,"height":1124,"url":"https:\/\/endormoonstore.com\/wp-content\/uploads\/2025\/05\/iron-warriors-mk3-tactical-legionary-nuncio-vox-principal.jpg","type":"image\/jpeg"}],"twitter_card":"summary_large_image","twitter_misc":{"Est. reading time":"4 minutes"},"schema":{"@context":"https:\/\/schema.org","@graph":[{"@type":"WebPage","@id":"https:\/\/endormoonstore.com\/en\/lron-warriors-mklil-tactical-legionary-with-nuncio-vox-warhammer-the-horus-heresy\/","url":"https:\/\/endormoonstore.com\/en\/lron-warriors-mklil-tactical-legionary-with-nuncio-vox-warhammer-the-horus-heresy\/","name":"Iron Warriors MKlIl Tactical Legionary with Nuncio-vox Warhammer The Horus Heresy - EndormoonStore","isPartOf":{"@id":"https:\/\/endormoonstore.com\/#website"},"primaryImageOfPage":{"@id":"https:\/\/endormoonstore.com\/en\/lron-warriors-mklil-tactical-legionary-with-nuncio-vox-warhammer-the-horus-heresy\/#primaryimage"},"image":{"@id":"https:\/\/endormoonstore.com\/en\/lron-warriors-mklil-tactical-legionary-with-nuncio-vox-warhammer-the-horus-heresy\/#primaryimage"},"thumbnailUrl":"https:\/\/endormoonstore.com\/wp-content\/uploads\/2025\/05\/iron-warriors-mk3-tactical-legionary-nuncio-vox-principal.jpg","datePublished":"2025-05-26T22:15:17+00:00","dateModified":"2025-07-17T20:32:36+00:00","description":"Lidera la carga con el MKlIl Tactical Legionary de Joy Toy. Un Iron Warrior de \u00e9lite con Nuncio-vox, experto en asedio de The Horus Heresy. \u00a1Cons\u00edguelo!","breadcrumb":{"@id":"https:\/\/endormoonstore.com\/en\/lron-warriors-mklil-tactical-legionary-with-nuncio-vox-warhammer-the-horus-heresy\/#breadcrumb"},"inLanguage":"en-US","potentialAction":[{"@type":"ReadAction","target":["https:\/\/endormoonstore.com\/en\/lron-warriors-mklil-tactical-legionary-with-nuncio-vox-warhammer-the-horus-heresy\/"]}]},{"@type":"ImageObject","inLanguage":"en-US","@id":"https:\/\/endormoonstore.com\/en\/lron-warriors-mklil-tactical-legionary-with-nuncio-vox-warhammer-the-horus-heresy\/#primaryimage","url":"https:\/\/endormoonstore.com\/wp-content\/uploads\/2025\/05\/iron-warriors-mk3-tactical-legionary-nuncio-vox-principal.jpg","contentUrl":"https:\/\/endormoonstore.com\/wp-content\/uploads\/2025\/05\/iron-warriors-mk3-tactical-legionary-nuncio-vox-principal.jpg","width":750,"height":1124,"caption":"El imponente MKlIl Tactical Legionary de los Iron Warriors, equipado con su mochila Nuncio-vox, listo para coordinar las operaciones de asedio."},{"@type":"BreadcrumbList","@id":"https:\/\/endormoonstore.com\/en\/lron-warriors-mklil-tactical-legionary-with-nuncio-vox-warhammer-the-horus-heresy\/#breadcrumb","itemListElement":[{"@type":"ListItem","position":1,"name":"Shop","item":"https:\/\/endormoonstore.com\/en\/shop\/"},{"@type":"ListItem","position":2,"name":"Iron Warriors MKlIl Tactical Legionary with Nuncio-vox Warhammer The Horus Heresy"}]},{"@type":"WebSite","@id":"https:\/\/endormoonstore.com\/#website","url":"https:\/\/endormoonstore.com\/","name":"EndormoonStore","description":"","potentialAction":[{"@type":"SearchAction","target":{"@type":"EntryPoint","urlTemplate":"https:\/\/endormoonstore.com\/?s={search_term_string}"},"query-input":{"@type":"PropertyValueSpecification","valueRequired":true,"valueName":"search_term_string"}}],"inLanguage":"en-US"}]}},"taxonomy_info":{"product_cat":[{"value":1384,"label":"Pre-orders"}],"pa_brand":[{"value":11280,"label":"JoyToy"}],"pa_character":[{"value":15598,"label":"MKIII Tactical Legionary"}],"pa_license":[{"value":14830,"label":"Warhammer: The Horus Heresy"}],"pa_product-type":[{"value":2387,"label":"Figure"}],"pa_theme":[{"value":15600,"label":"Iron Warriors"}]},"featured_image_src_large":["https:\/\/endormoonstore.com\/wp-content\/uploads\/2025\/05\/iron-warriors-mk3-tactical-legionary-nuncio-vox-principal.jpg",750,1124,false],"author_info":[],"comment_info":"","_links":{"self":[{"href":"https:\/\/endormoonstore.com\/en\/wp-json\/wp\/v2\/product\/174494","targetHints":{"allow":["GET"]}}],"collection":[{"href":"https:\/\/endormoonstore.com\/en\/wp-json\/wp\/v2\/product"}],"about":[{"href":"https:\/\/endormoonstore.com\/en\/wp-json\/wp\/v2\/types\/product"}],"wp:featuredmedia":[{"embeddable":true,"href":"https:\/\/endormoonstore.com\/en\/wp-json\/wp\/v2\/media\/174479"}],"wp:attachment":[{"href":"https:\/\/endormoonstore.com\/en\/wp-json\/wp\/v2\/media?parent=174494"}],"wp:term":[{"taxonomy":"product_cat","embeddable":true,"href":"https:\/\/endormoonstore.com\/en\/wp-json\/wp\/v2\/product_cat?post=174494"},{"taxonomy":"product_tag","embeddable":true,"href":"https:\/\/endormoonstore.com\/en\/wp-json\/wp\/v2\/product_tag?post=174494"}],"curies":[{"name":"wp","href":"https:\/\/api.w.org\/{rel}","templated":true}]}}