{"id":174395,"date":"2025-05-09T02:30:12","date_gmt":"2025-05-09T00:30:12","guid":{"rendered":"https:\/\/endormoonstore.com\/asuka-shikinami-langley-30th-anniversary-ver-evangelion-3-01-0-thrice-upon-a-time-luminasta\/"},"modified":"2025-05-26T21:05:28","modified_gmt":"2025-05-26T19:05:28","slug":"asuka-shikinami-langley-30th-anniversary-ver-evangelion-3-01-0-thrice-upon-a-time-luminasta","status":"publish","type":"product","link":"https:\/\/endormoonstore.com\/en\/asuka-shikinami-langley-30th-anniversary-ver-evangelion-3-01-0-thrice-upon-a-time-luminasta\/","title":{"rendered":"Asuka Shikinami Langley 30th Anniversary Ver. Evangelion: 3.0+1.0 Thrice Upon a Time Luminasta"},"content":{"rendered":"<h4 data-sourcepos=\"9:1-9:125\"><strong>Asuka Shikinami Langley 30th Anniversary Ver. Evangelion: 3.0+1.0 Thrice Upon a Time Luminasta: \u00a1Una Figura Esencial!<\/strong><\/h4>\n<ul>\n<li data-sourcepos=\"11:1-11:650\">A\u00f1ade, por fin, la inconfundible energ\u00eda y el carisma de Asuka Shikinami Langley a tu colecci\u00f3n. Indudablemente, esta impresionante figura Asuka Shikinami Langley forma parte de la prestigiosa l\u00ednea Luminasta de Sega. Primeramente, conmemora el 30 Aniversario de la ic\u00f3nica franquicia Evangelion. M\u00e1s a\u00fan, esta pieza se inspira en el universo de la aclamada pel\u00edcula &#8220;Evangelion: 3.0+1.0 Thrice Upon a Time&#8221;. Por consiguiente, esta es la \u00e9pica conclusi\u00f3n de Rebuild of Evangelion. Asimismo, la figura de Sega se une a la colecci\u00f3n Luminasta. En consecuencia, esto asegura una calidad excepcional y un detalle sorprendente para todos los fans.<\/li>\n<\/ul>\n<h4 data-sourcepos=\"13:1-13:69\"><strong>Dise\u00f1o Exclusivo, Calidad Premium y Detalles Fieles de la Estatua<\/strong><\/h4>\n<ul>\n<li data-sourcepos=\"15:1-15:299\">La serie de figuras Luminasta de Sega incluye diversos personajes populares. Por lo tanto, ofrece poses \u00fanicas y din\u00e1micas. Adem\u00e1s, un impresionante nivel de detalle se mantiene fiel al dise\u00f1o original. Esta nueva incorporaci\u00f3n a la l\u00ednea presenta a Asuka Shikinami Langley en todo su esplendor.<\/li>\n<li data-sourcepos=\"17:1-17:726\">Con una altura aproximada de 23 cm, esta estatua est\u00e1 meticulosamente fabricada en PVC de alta calidad. Por a\u00f1adidura, la figura viene con una base. Asuka no es articulada. De esta manera, esto asegura la perfecci\u00f3n y estabilidad de su pose din\u00e1mica. Su pose distintiva captura su esencia. Ella se apoya con una pierna sobre una base rocosa detallada. Sus brazos est\u00e1n en jarras. As\u00ed, muestra una actitud desafiante. Adem\u00e1s, su cabello naranja vibrante parece fluir con el movimiento. Finalmente, este dise\u00f1o captura con precisi\u00f3n la esencia de Asuka. De hecho, refleja su personalidad audaz y su poderosa presencia en las pel\u00edculas de anime <em>Rebuild of Evangelion<\/em>. Destacamos, en suma, la excepcional calidad de fabricaci\u00f3n.<\/li>\n<\/ul>\n<h4 data-sourcepos=\"19:1-19:70\"><strong>Autenticidad Garantizada y Valor para Coleccionistas de Evangelion<\/strong><\/h4>\n<ul>\n<li data-sourcepos=\"21:1-21:333\">Este producto goza de total autenticidad. Sega lo fabrica bajo licencia completa. Esto garantiza su fidelidad a la obra original. Por ende, te asegura un art\u00edculo 100% genuino. La caja de esta figura resulta ideal para coleccionistas. Ostenta ilustraciones a todo color que realzan su valor. Por lo tanto, puedes exhibirla sin abrir.<\/li>\n<li data-sourcepos=\"23:1-23:169\">\u00a1No dejes escapar, entonces, la oportunidad de a\u00f1adir a la poderosa Asuka Shikinami Langley a tu exhibici\u00f3n de Evangelion! \u00a1Compra la tuya ahora y completa tu colecci\u00f3n!<\/li>\n<\/ul>\n<h4 data-sourcepos=\"25:1-25:32\"><strong>Sobre SEGA Goods y Luminasta<\/strong><\/h4>\n<ul class=\"ul1\">\n<li class=\"li1\"><span class=\"s1\"><a href=\"\/?product_brand=sega-goods\"><span class=\"s2\"><b>SEGA Goods<\/b><\/span><\/a><\/span>, una divisi\u00f3n de SEGA, ofrece una amplia gama de productos de colecci\u00f3n de alta calidad. Desde su fundaci\u00f3n, SEGA ha sido un nombre destacado en la industria del entretenimiento. Su l\u00ednea de productos refleja su compromiso con la excelencia y la satisfacci\u00f3n del cliente. SEGA Goods presenta figuras, estatuas y otros art\u00edculos basados en personajes populares de anime, manga y videojuegos.<\/li>\n<li class=\"li1\">La l\u00ednea <a href=\"https:\/\/endormoonstore.com\/tematica\/luminasta\/\"><span class=\"s3\"><b>Luminasta<\/b><\/span><\/a> de SEGA, es una de las m\u00e1s apreciadas por los coleccionistas. Estas figuras destacan por su calidad y detalles excepcionales, capturando la esencia de los personajes de manera impresionante. Adem\u00e1s, las figuras de Luminasta tienen un dise\u00f1o fijo, lo que permite un acabado m\u00e1s detallado y duradero. Por otro lado, cada figura incluye accesorios y bases tem\u00e1ticas que realzan su presentaci\u00f3n, haciendo que sean perfectas para exhibir.<\/li>\n<li class=\"li1\">Con una amplia variedad de personajes disponibles, la l\u00ednea <a href=\"https:\/\/endormoonstore.com\/tematica\/luminasta\/\"><span class=\"s3\"><b>Luminasta<\/b><\/span><\/a> sigue creciendo y encantando a los aficionados de todo el mundo. Ya seas un coleccionista experimentado o un nuevo fan, encontrar\u00e1s las figuras Luminasta de SEGA Goods como una adici\u00f3n imprescindible para cualquier colecci\u00f3n<\/li>\n<\/ul>\n","protected":false},"excerpt":{"rendered":"<h4 data-sourcepos=\"9:1-9:125\"><strong>Asuka Shikinami Langley 30th Anniversary Ver. Evangelion: 3.0+1.0 Thrice Upon a Time Luminasta<\/strong><\/h4>\n<p>A\u00f1ade, por fin, la inconfundible energ\u00eda y el carisma de Asuka Shikinami Langley a tu colecci\u00f3n. Indudablemente, esta impresionante figura Asuka Shikinami Langley forma parte de la prestigiosa l\u00ednea Luminasta de Sega. Primeramente, conmemora el 30 Aniversario de la ic\u00f3nica franquicia Evangelion. M\u00e1s a\u00fan, esta pieza se inspira en el universo de la aclamada pel\u00edcula &#8220;Evangelion: 3.0+1.0 Thrice Upon a Time&#8221;. Por consiguiente, esta es la \u00e9pica conclusi\u00f3n de Rebuild of Evangelion. Asimismo, la figura de Sega se une a la colecci\u00f3n Luminasta. En consecuencia, esto asegura una calidad excepcional y un detalle sorprendente para todos los fans.<\/p>\n","protected":false},"featured_media":174378,"template":"","meta":{"_acf_changed":false,"_kad_blocks_custom_css":"","_kad_blocks_head_custom_js":"","_kad_blocks_body_custom_js":"","_kad_blocks_footer_custom_js":""},"product_cat":[1390,13511],"product_tag":[],"class_list":{"0":"post-174395","1":"product","2":"type-product","3":"status-publish","4":"has-post-thumbnail","6":"product_cat-figures","7":"product_cat-new-arrivals","8":"pa_brand-sega-goods-en","9":"pa_character-asuka-shikinami-langley-en","10":"pa_episode-evangelion-3-01-0-thrice-upon-a-time-en","11":"pa_license-rebuild-of-evangelion-en","12":"pa_product-type-figure","13":"pa_theme-luminasta-en","15":"first","16":"instock","17":"taxable","18":"shipping-taxable","19":"purchasable","20":"product-type-simple"},"acf":[],"yoast_head":"<!-- This site is optimized with the Yoast SEO plugin v26.1.1 - https:\/\/yoast.com\/wordpress\/plugins\/seo\/ -->\n<title>Asuka Shikinami Langley 30th Anniversary Ver. Evangelion: 3.0+1.0 Thrice Upon a Time Luminasta - EndormoonStore<\/title>\n<meta name=\"description\" content=\"Figura Luminasta Asuka Shikinami Langley 30 Aniversario Evangelion. Para coleccionistas. Sega captura su esencia con detalles excepcionales.\" \/>\n<meta name=\"robots\" content=\"index, follow, max-snippet:-1, max-image-preview:large, max-video-preview:-1\" \/>\n<link rel=\"canonical\" href=\"https:\/\/endormoonstore.com\/en\/asuka-shikinami-langley-30th-anniversary-ver-evangelion-3-01-0-thrice-upon-a-time-luminasta\/\" \/>\n<meta property=\"og:locale\" content=\"en_US\" \/>\n<meta property=\"og:type\" content=\"article\" \/>\n<meta property=\"og:title\" content=\"Asuka Shikinami Langley 30th Anniversary Ver. Evangelion: 3.0+1.0 Thrice Upon a Time Luminasta - EndormoonStore\" \/>\n<meta property=\"og:description\" content=\"Figura Luminasta Asuka Shikinami Langley 30 Aniversario Evangelion. Para coleccionistas. Sega captura su esencia con detalles excepcionales.\" \/>\n<meta property=\"og:url\" content=\"https:\/\/endormoonstore.com\/en\/asuka-shikinami-langley-30th-anniversary-ver-evangelion-3-01-0-thrice-upon-a-time-luminasta\/\" \/>\n<meta property=\"og:site_name\" content=\"EndormoonStore\" \/>\n<meta property=\"article:modified_time\" content=\"2025-05-26T19:05:28+00:00\" \/>\n<meta property=\"og:image\" content=\"https:\/\/endormoonstore.com\/wp-content\/uploads\/2025\/05\/asuka-shikinami-langley-luminasta-pose-accion-evangelion.jpg\" \/>\n\t<meta property=\"og:image:width\" content=\"952\" \/>\n\t<meta property=\"og:image:height\" content=\"1000\" \/>\n\t<meta property=\"og:image:type\" content=\"image\/jpeg\" \/>\n<meta name=\"twitter:card\" content=\"summary_large_image\" \/>\n<meta name=\"twitter:label1\" content=\"Est. reading time\" \/>\n\t<meta name=\"twitter:data1\" content=\"3 minutes\" \/>\n<script type=\"application\/ld+json\" class=\"yoast-schema-graph\">{\"@context\":\"https:\/\/schema.org\",\"@graph\":[{\"@type\":\"WebPage\",\"@id\":\"https:\/\/endormoonstore.com\/en\/asuka-shikinami-langley-30th-anniversary-ver-evangelion-3-01-0-thrice-upon-a-time-luminasta\/\",\"url\":\"https:\/\/endormoonstore.com\/en\/asuka-shikinami-langley-30th-anniversary-ver-evangelion-3-01-0-thrice-upon-a-time-luminasta\/\",\"name\":\"Asuka Shikinami Langley 30th Anniversary Ver. Evangelion: 3.0+1.0 Thrice Upon a Time Luminasta - EndormoonStore\",\"isPartOf\":{\"@id\":\"https:\/\/endormoonstore.com\/#website\"},\"primaryImageOfPage\":{\"@id\":\"https:\/\/endormoonstore.com\/en\/asuka-shikinami-langley-30th-anniversary-ver-evangelion-3-01-0-thrice-upon-a-time-luminasta\/#primaryimage\"},\"image\":{\"@id\":\"https:\/\/endormoonstore.com\/en\/asuka-shikinami-langley-30th-anniversary-ver-evangelion-3-01-0-thrice-upon-a-time-luminasta\/#primaryimage\"},\"thumbnailUrl\":\"https:\/\/endormoonstore.com\/wp-content\/uploads\/2025\/05\/asuka-shikinami-langley-luminasta-pose-accion-evangelion.jpg\",\"datePublished\":\"2025-05-09T00:30:12+00:00\",\"dateModified\":\"2025-05-26T19:05:28+00:00\",\"description\":\"Figura Luminasta Asuka Shikinami Langley 30 Aniversario Evangelion. Para coleccionistas. Sega captura su esencia con detalles excepcionales.\",\"breadcrumb\":{\"@id\":\"https:\/\/endormoonstore.com\/en\/asuka-shikinami-langley-30th-anniversary-ver-evangelion-3-01-0-thrice-upon-a-time-luminasta\/#breadcrumb\"},\"inLanguage\":\"en-US\",\"potentialAction\":[{\"@type\":\"ReadAction\",\"target\":[\"https:\/\/endormoonstore.com\/en\/asuka-shikinami-langley-30th-anniversary-ver-evangelion-3-01-0-thrice-upon-a-time-luminasta\/\"]}]},{\"@type\":\"ImageObject\",\"inLanguage\":\"en-US\",\"@id\":\"https:\/\/endormoonstore.com\/en\/asuka-shikinami-langley-30th-anniversary-ver-evangelion-3-01-0-thrice-upon-a-time-luminasta\/#primaryimage\",\"url\":\"https:\/\/endormoonstore.com\/wp-content\/uploads\/2025\/05\/asuka-shikinami-langley-luminasta-pose-accion-evangelion.jpg\",\"contentUrl\":\"https:\/\/endormoonstore.com\/wp-content\/uploads\/2025\/05\/asuka-shikinami-langley-luminasta-pose-accion-evangelion.jpg\",\"width\":952,\"height\":1000,\"caption\":\"Asuka Shikinami Langley de la l\u00ednea Luminasta de Sega, capturada con su ic\u00f3nico traje rojo y una base rocosa.\"},{\"@type\":\"BreadcrumbList\",\"@id\":\"https:\/\/endormoonstore.com\/en\/asuka-shikinami-langley-30th-anniversary-ver-evangelion-3-01-0-thrice-upon-a-time-luminasta\/#breadcrumb\",\"itemListElement\":[{\"@type\":\"ListItem\",\"position\":1,\"name\":\"Shop\",\"item\":\"https:\/\/endormoonstore.com\/en\/shop\/\"},{\"@type\":\"ListItem\",\"position\":2,\"name\":\"Asuka Shikinami Langley 30th Anniversary Ver. Evangelion: 3.0+1.0 Thrice Upon a Time Luminasta\"}]},{\"@type\":\"WebSite\",\"@id\":\"https:\/\/endormoonstore.com\/#website\",\"url\":\"https:\/\/endormoonstore.com\/\",\"name\":\"EndormoonStore\",\"description\":\"\",\"potentialAction\":[{\"@type\":\"SearchAction\",\"target\":{\"@type\":\"EntryPoint\",\"urlTemplate\":\"https:\/\/endormoonstore.com\/?s={search_term_string}\"},\"query-input\":{\"@type\":\"PropertyValueSpecification\",\"valueRequired\":true,\"valueName\":\"search_term_string\"}}],\"inLanguage\":\"en-US\"}]}<\/script>\n<!-- \/ Yoast SEO plugin. -->","yoast_head_json":{"title":"Asuka Shikinami Langley 30th Anniversary Ver. Evangelion: 3.0+1.0 Thrice Upon a Time Luminasta - EndormoonStore","description":"Figura Luminasta Asuka Shikinami Langley 30 Aniversario Evangelion. Para coleccionistas. Sega captura su esencia con detalles excepcionales.","robots":{"index":"index","follow":"follow","max-snippet":"max-snippet:-1","max-image-preview":"max-image-preview:large","max-video-preview":"max-video-preview:-1"},"canonical":"https:\/\/endormoonstore.com\/en\/asuka-shikinami-langley-30th-anniversary-ver-evangelion-3-01-0-thrice-upon-a-time-luminasta\/","og_locale":"en_US","og_type":"article","og_title":"Asuka Shikinami Langley 30th Anniversary Ver. Evangelion: 3.0+1.0 Thrice Upon a Time Luminasta - EndormoonStore","og_description":"Figura Luminasta Asuka Shikinami Langley 30 Aniversario Evangelion. Para coleccionistas. Sega captura su esencia con detalles excepcionales.","og_url":"https:\/\/endormoonstore.com\/en\/asuka-shikinami-langley-30th-anniversary-ver-evangelion-3-01-0-thrice-upon-a-time-luminasta\/","og_site_name":"EndormoonStore","article_modified_time":"2025-05-26T19:05:28+00:00","og_image":[{"width":952,"height":1000,"url":"https:\/\/endormoonstore.com\/wp-content\/uploads\/2025\/05\/asuka-shikinami-langley-luminasta-pose-accion-evangelion.jpg","type":"image\/jpeg"}],"twitter_card":"summary_large_image","twitter_misc":{"Est. reading time":"3 minutes"},"schema":{"@context":"https:\/\/schema.org","@graph":[{"@type":"WebPage","@id":"https:\/\/endormoonstore.com\/en\/asuka-shikinami-langley-30th-anniversary-ver-evangelion-3-01-0-thrice-upon-a-time-luminasta\/","url":"https:\/\/endormoonstore.com\/en\/asuka-shikinami-langley-30th-anniversary-ver-evangelion-3-01-0-thrice-upon-a-time-luminasta\/","name":"Asuka Shikinami Langley 30th Anniversary Ver. Evangelion: 3.0+1.0 Thrice Upon a Time Luminasta - EndormoonStore","isPartOf":{"@id":"https:\/\/endormoonstore.com\/#website"},"primaryImageOfPage":{"@id":"https:\/\/endormoonstore.com\/en\/asuka-shikinami-langley-30th-anniversary-ver-evangelion-3-01-0-thrice-upon-a-time-luminasta\/#primaryimage"},"image":{"@id":"https:\/\/endormoonstore.com\/en\/asuka-shikinami-langley-30th-anniversary-ver-evangelion-3-01-0-thrice-upon-a-time-luminasta\/#primaryimage"},"thumbnailUrl":"https:\/\/endormoonstore.com\/wp-content\/uploads\/2025\/05\/asuka-shikinami-langley-luminasta-pose-accion-evangelion.jpg","datePublished":"2025-05-09T00:30:12+00:00","dateModified":"2025-05-26T19:05:28+00:00","description":"Figura Luminasta Asuka Shikinami Langley 30 Aniversario Evangelion. Para coleccionistas. Sega captura su esencia con detalles excepcionales.","breadcrumb":{"@id":"https:\/\/endormoonstore.com\/en\/asuka-shikinami-langley-30th-anniversary-ver-evangelion-3-01-0-thrice-upon-a-time-luminasta\/#breadcrumb"},"inLanguage":"en-US","potentialAction":[{"@type":"ReadAction","target":["https:\/\/endormoonstore.com\/en\/asuka-shikinami-langley-30th-anniversary-ver-evangelion-3-01-0-thrice-upon-a-time-luminasta\/"]}]},{"@type":"ImageObject","inLanguage":"en-US","@id":"https:\/\/endormoonstore.com\/en\/asuka-shikinami-langley-30th-anniversary-ver-evangelion-3-01-0-thrice-upon-a-time-luminasta\/#primaryimage","url":"https:\/\/endormoonstore.com\/wp-content\/uploads\/2025\/05\/asuka-shikinami-langley-luminasta-pose-accion-evangelion.jpg","contentUrl":"https:\/\/endormoonstore.com\/wp-content\/uploads\/2025\/05\/asuka-shikinami-langley-luminasta-pose-accion-evangelion.jpg","width":952,"height":1000,"caption":"Asuka Shikinami Langley de la l\u00ednea Luminasta de Sega, capturada con su ic\u00f3nico traje rojo y una base rocosa."},{"@type":"BreadcrumbList","@id":"https:\/\/endormoonstore.com\/en\/asuka-shikinami-langley-30th-anniversary-ver-evangelion-3-01-0-thrice-upon-a-time-luminasta\/#breadcrumb","itemListElement":[{"@type":"ListItem","position":1,"name":"Shop","item":"https:\/\/endormoonstore.com\/en\/shop\/"},{"@type":"ListItem","position":2,"name":"Asuka Shikinami Langley 30th Anniversary Ver. Evangelion: 3.0+1.0 Thrice Upon a Time Luminasta"}]},{"@type":"WebSite","@id":"https:\/\/endormoonstore.com\/#website","url":"https:\/\/endormoonstore.com\/","name":"EndormoonStore","description":"","potentialAction":[{"@type":"SearchAction","target":{"@type":"EntryPoint","urlTemplate":"https:\/\/endormoonstore.com\/?s={search_term_string}"},"query-input":{"@type":"PropertyValueSpecification","valueRequired":true,"valueName":"search_term_string"}}],"inLanguage":"en-US"}]}},"taxonomy_info":{"product_cat":[{"value":1390,"label":"Figures"},{"value":13511,"label":"New Arrivals"}],"pa_brand":[{"value":15444,"label":"Sega Goods"}],"pa_character":[{"value":4088,"label":"Asuka Shikinami Langley"}],"pa_episode":[{"value":8882,"label":"Evangelion: 3.0+1.0 Thrice Upon a Time"}],"pa_license":[{"value":4094,"label":"Rebuild of Evangelion"}],"pa_product-type":[{"value":2387,"label":"Figure"}],"pa_theme":[{"value":14296,"label":"Luminasta"}]},"featured_image_src_large":["https:\/\/endormoonstore.com\/wp-content\/uploads\/2025\/05\/asuka-shikinami-langley-luminasta-pose-accion-evangelion.jpg",952,1000,false],"author_info":[],"comment_info":"","_links":{"self":[{"href":"https:\/\/endormoonstore.com\/en\/wp-json\/wp\/v2\/product\/174395","targetHints":{"allow":["GET"]}}],"collection":[{"href":"https:\/\/endormoonstore.com\/en\/wp-json\/wp\/v2\/product"}],"about":[{"href":"https:\/\/endormoonstore.com\/en\/wp-json\/wp\/v2\/types\/product"}],"wp:featuredmedia":[{"embeddable":true,"href":"https:\/\/endormoonstore.com\/en\/wp-json\/wp\/v2\/media\/174378"}],"wp:attachment":[{"href":"https:\/\/endormoonstore.com\/en\/wp-json\/wp\/v2\/media?parent=174395"}],"wp:term":[{"taxonomy":"product_cat","embeddable":true,"href":"https:\/\/endormoonstore.com\/en\/wp-json\/wp\/v2\/product_cat?post=174395"},{"taxonomy":"product_tag","embeddable":true,"href":"https:\/\/endormoonstore.com\/en\/wp-json\/wp\/v2\/product_tag?post=174395"}],"curies":[{"name":"wp","href":"https:\/\/api.w.org\/{rel}","templated":true}]}}