{"id":174010,"date":"2025-05-09T00:15:55","date_gmt":"2025-05-08T22:15:55","guid":{"rendered":"https:\/\/endormoonstore.com\/sabo-revolutionary-army-chief-of-staff-one-piece-s-h-figuarts\/"},"modified":"2025-09-01T00:01:21","modified_gmt":"2025-08-31T22:01:21","slug":"sabo-revolutionary-army-chief-of-staff-one-piece-s-h-figuarts","status":"publish","type":"product","link":"https:\/\/endormoonstore.com\/en\/sabo-revolutionary-army-chief-of-staff-one-piece-s-h-figuarts\/","title":{"rendered":"Sabo Revolutionary Army Chief of Staff One Piece S.H Figuarts"},"content":{"rendered":"<h4 class=\"p1\"><strong>Sabo -Revolutionary Army Chief of Staff- One Piece SH Figuarts<\/strong><\/h4>\n<ul>\n<li data-sourcepos=\"5:1-5:329\">Directamente del aclamado anime <em>One Piece<\/em>, Tamashii Nations presenta, dentro de la prestigiosa colecci\u00f3n S.H. Figuarts, la figura de acci\u00f3n de Sabo como\u00a0Revolutionary Army Chief of Staf. Esta figura completamente nueva captura su apariencia tras su regreso al Reino de Kamabakka con un modelado excepcional.<\/li>\n<li data-sourcepos=\"7:1-7:432\">Esta figura de Sabo destaca por su incre\u00edble rango de movimiento en el cuerpo principal. Adem\u00e1s, su caracter\u00edstico abrigo cuenta con un mecanismo m\u00f3vil especial, lo que permite recrear poses din\u00e1micas y llenas de acci\u00f3n. Como es propio de la serie S.H. Figuarts, se pueden lograr todo tipo de poses emocionantes con esta figura articulada. El abrigo es extra\u00edble, ofreciendo una mayor versatilidad a la hora de posar a Sabo.<\/li>\n<li data-sourcepos=\"9:1-9:436\">Por supuesto, su emblem\u00e1tico tubo de hierro est\u00e1 incluido como accesorio. Sabo puede sujetarlo con ambas manos o tambi\u00e9n se puede acoplar a la parte posterior de su abrigo. Para una mayor expresividad, la figura incluye cuatro pares de manos intercambiables y tres expresiones faciales distintas: una expresi\u00f3n normal, una sonriente y otra de combate. Tambi\u00e9n se incluyen dos partes para el pelo y sus distintivas gafas protectoras.<\/li>\n<li data-sourcepos=\"11:1-11:414\">Como art\u00edculo adicional, esta figura tambi\u00e9n contiene una pieza de expresi\u00f3n facial intercambiable compatible con la figura S.H. Figuarts de Monkey D. Luffy -The Raid on Onigashima- (se vende por separado), ampliando las posibilidades de interacci\u00f3n entre ambos personajes. Fabricada en PVC y ABS, esta figura de Sabo mide aproximadamente 15,5 cm y es una pieza esencial para cualquier seguidor de <em>One Piece<\/em>.<\/li>\n<li data-sourcepos=\"13:1-13:230\">\u00a1A\u00f1ade ya a tu colecci\u00f3n esta incre\u00edble figura S.H. Figuarts de Sabo, el influyente Jefe de Estado Mayor del Ej\u00e9rcito Revolucionario de One Piece! \u00a1Revive sus \u00e9picas batallas y muestra tu pasi\u00f3n por este emblem\u00e1tico personaje!<\/li>\n<\/ul>\n<h4>Sobre Tamashii <strong>Nations<\/strong> y su linea SH Figuarts:<\/h4>\n<ul>\n<li><strong><a href=\"\/?product_brand=tamashii-nations\">Tamashii Nations<\/a><\/strong>\u00a0es una marca reconocida por sus figuras de alta calidad y detallado dise\u00f1o. Especializada en coleccionables, utiliza tecnolog\u00eda avanzada y artesan\u00eda impresionante para crear figuras que capturan la esencia de personajes ic\u00f3nicos de anime, manga y otras propiedades de la cultura pop. Tamashii Nations se esfuerza por traer &#8220;tamashii&#8221; (alma) a cada producto, infundiendo pasi\u00f3n y dedicaci\u00f3n en cada figura que crean. Su objetivo es ofrecer a los coleccionistas piezas que no solo sean visualmente impresionantes, sino que tambi\u00e9n evoquen emociones y recuerdos de sus series favoritas.<\/li>\n<li>La l\u00ednea<strong>\u00a0<a href=\"https:\/\/endormoonstore.com\/tematica\/s-h-figuarts\/\">S.H. Figuarts<\/a>\u00a0<\/strong>es una de las m\u00e1s destacadas de Tamashii Nations. Estas figuras est\u00e1n dise\u00f1adas para imitar el rango de movimiento del cuerpo humano, permitiendo una alta articulaci\u00f3n y poses din\u00e1micas. La colecci\u00f3n incluye personajes de series populares como Dragon Ball, Jujutsu Kaisen, Kamen Rider y Marvel, entre otros. Cada figura de S.H. Figuarts combina t\u00e9cnicas avanzadas de modelado, movimiento y coloraci\u00f3n para ofrecer representaciones realistas de tus personajes favoritos.<\/li>\n<\/ul>\n","protected":false},"excerpt":{"rendered":"<h4 class=\"p1\"><strong>Sabo -Revolutionary Army Chief of Staff- One Piece SH Figuarts<\/strong><\/h4>\n<p>Directamente del aclamado anime <em>One Piece<\/em>, Tamashii Nations presenta, dentro de la prestigiosa colecci\u00f3n S.H. Figuarts, la figura de acci\u00f3n de Sabo como Jefe de Estado Mayor del Ej\u00e9rcito Revolucionario. Esta figura completamente nueva captura su apariencia tras su regreso al Reino de Kamabakka con un modelado excepcional.<\/p>\n","protected":false},"featured_media":173989,"template":"","meta":{"_acf_changed":false,"_kad_blocks_custom_css":"","_kad_blocks_head_custom_js":"","_kad_blocks_body_custom_js":"","_kad_blocks_footer_custom_js":""},"product_cat":[1390,13511,15769],"product_tag":[],"class_list":{"0":"post-174010","1":"product","2":"type-product","3":"status-publish","4":"has-post-thumbnail","6":"product_cat-figures","7":"product_cat-new-arrivals","8":"product_cat-sales","9":"pa_brand-tamashii-nations-en","10":"pa_character-sabo-en","11":"pa_license-one-piece-en","12":"pa_product-type-figure","13":"pa_theme-s-h-figuarts-en","15":"first","16":"instock","17":"taxable","18":"shipping-taxable","19":"purchasable","20":"product-type-simple"},"acf":[],"yoast_head":"<!-- This site is optimized with the Yoast SEO plugin v26.1.1 - https:\/\/yoast.com\/wordpress\/plugins\/seo\/ -->\n<title>Sabo Revolutionary Army Chief of Staff One Piece S.H Figuarts - EndormoonStore<\/title>\n<meta name=\"description\" content=\"Figura S.H. Figuarts de Sabo One Piece: Sabo Revolutionary Army Chief of Staff con abrigo y tubo. \u00a1A\u00f1ade esta figura articulada a tu colecci\u00f3n!\" \/>\n<meta name=\"robots\" content=\"index, follow, max-snippet:-1, max-image-preview:large, max-video-preview:-1\" \/>\n<link rel=\"canonical\" href=\"https:\/\/endormoonstore.com\/en\/sabo-revolutionary-army-chief-of-staff-one-piece-s-h-figuarts\/\" \/>\n<meta property=\"og:locale\" content=\"en_US\" \/>\n<meta property=\"og:type\" content=\"article\" \/>\n<meta property=\"og:title\" content=\"Sabo Revolutionary Army Chief of Staff One Piece S.H Figuarts - EndormoonStore\" \/>\n<meta property=\"og:description\" content=\"Figura S.H. Figuarts de Sabo One Piece: Sabo Revolutionary Army Chief of Staff con abrigo y tubo. \u00a1A\u00f1ade esta figura articulada a tu colecci\u00f3n!\" \/>\n<meta property=\"og:url\" content=\"https:\/\/endormoonstore.com\/en\/sabo-revolutionary-army-chief-of-staff-one-piece-s-h-figuarts\/\" \/>\n<meta property=\"og:site_name\" content=\"EndormoonStore\" \/>\n<meta property=\"article:modified_time\" content=\"2025-08-31T22:01:21+00:00\" \/>\n<meta property=\"og:image\" content=\"https:\/\/endormoonstore.com\/wp-content\/uploads\/2025\/05\/Sabo-Revolutionary-Army-Chief-of-Staff-One-Piece-S.H-Figuarts-1.jpg\" \/>\n\t<meta property=\"og:image:width\" content=\"675\" \/>\n\t<meta property=\"og:image:height\" content=\"1000\" \/>\n\t<meta property=\"og:image:type\" content=\"image\/jpeg\" \/>\n<meta name=\"twitter:card\" content=\"summary_large_image\" \/>\n<meta name=\"twitter:label1\" content=\"Est. reading time\" \/>\n\t<meta name=\"twitter:data1\" content=\"3 minutes\" \/>\n<script type=\"application\/ld+json\" class=\"yoast-schema-graph\">{\"@context\":\"https:\/\/schema.org\",\"@graph\":[{\"@type\":\"WebPage\",\"@id\":\"https:\/\/endormoonstore.com\/en\/sabo-revolutionary-army-chief-of-staff-one-piece-s-h-figuarts\/\",\"url\":\"https:\/\/endormoonstore.com\/en\/sabo-revolutionary-army-chief-of-staff-one-piece-s-h-figuarts\/\",\"name\":\"Sabo Revolutionary Army Chief of Staff One Piece S.H Figuarts - EndormoonStore\",\"isPartOf\":{\"@id\":\"https:\/\/endormoonstore.com\/#website\"},\"primaryImageOfPage\":{\"@id\":\"https:\/\/endormoonstore.com\/en\/sabo-revolutionary-army-chief-of-staff-one-piece-s-h-figuarts\/#primaryimage\"},\"image\":{\"@id\":\"https:\/\/endormoonstore.com\/en\/sabo-revolutionary-army-chief-of-staff-one-piece-s-h-figuarts\/#primaryimage\"},\"thumbnailUrl\":\"https:\/\/endormoonstore.com\/wp-content\/uploads\/2025\/05\/Sabo-Revolutionary-Army-Chief-of-Staff-One-Piece-S.H-Figuarts-1.jpg\",\"datePublished\":\"2025-05-08T22:15:55+00:00\",\"dateModified\":\"2025-08-31T22:01:21+00:00\",\"description\":\"Figura S.H. Figuarts de Sabo One Piece: Sabo Revolutionary Army Chief of Staff con abrigo y tubo. \u00a1A\u00f1ade esta figura articulada a tu colecci\u00f3n!\",\"breadcrumb\":{\"@id\":\"https:\/\/endormoonstore.com\/en\/sabo-revolutionary-army-chief-of-staff-one-piece-s-h-figuarts\/#breadcrumb\"},\"inLanguage\":\"en-US\",\"potentialAction\":[{\"@type\":\"ReadAction\",\"target\":[\"https:\/\/endormoonstore.com\/en\/sabo-revolutionary-army-chief-of-staff-one-piece-s-h-figuarts\/\"]}]},{\"@type\":\"ImageObject\",\"inLanguage\":\"en-US\",\"@id\":\"https:\/\/endormoonstore.com\/en\/sabo-revolutionary-army-chief-of-staff-one-piece-s-h-figuarts\/#primaryimage\",\"url\":\"https:\/\/endormoonstore.com\/wp-content\/uploads\/2025\/05\/Sabo-Revolutionary-Army-Chief-of-Staff-One-Piece-S.H-Figuarts-1.jpg\",\"contentUrl\":\"https:\/\/endormoonstore.com\/wp-content\/uploads\/2025\/05\/Sabo-Revolutionary-Army-Chief-of-Staff-One-Piece-S.H-Figuarts-1.jpg\",\"width\":675,\"height\":1000,\"caption\":\"Detalle de la figura articulada de Sabo S.H. Figuarts con su caracter\u00edstico abrigo y tubo.\"},{\"@type\":\"BreadcrumbList\",\"@id\":\"https:\/\/endormoonstore.com\/en\/sabo-revolutionary-army-chief-of-staff-one-piece-s-h-figuarts\/#breadcrumb\",\"itemListElement\":[{\"@type\":\"ListItem\",\"position\":1,\"name\":\"Shop\",\"item\":\"https:\/\/endormoonstore.com\/en\/shop\/\"},{\"@type\":\"ListItem\",\"position\":2,\"name\":\"Sabo Revolutionary Army Chief of Staff One Piece S.H Figuarts\"}]},{\"@type\":\"WebSite\",\"@id\":\"https:\/\/endormoonstore.com\/#website\",\"url\":\"https:\/\/endormoonstore.com\/\",\"name\":\"EndormoonStore\",\"description\":\"\",\"potentialAction\":[{\"@type\":\"SearchAction\",\"target\":{\"@type\":\"EntryPoint\",\"urlTemplate\":\"https:\/\/endormoonstore.com\/?s={search_term_string}\"},\"query-input\":{\"@type\":\"PropertyValueSpecification\",\"valueRequired\":true,\"valueName\":\"search_term_string\"}}],\"inLanguage\":\"en-US\"}]}<\/script>\n<!-- \/ Yoast SEO plugin. -->","yoast_head_json":{"title":"Sabo Revolutionary Army Chief of Staff One Piece S.H Figuarts - EndormoonStore","description":"Figura S.H. Figuarts de Sabo One Piece: Sabo Revolutionary Army Chief of Staff con abrigo y tubo. \u00a1A\u00f1ade esta figura articulada a tu colecci\u00f3n!","robots":{"index":"index","follow":"follow","max-snippet":"max-snippet:-1","max-image-preview":"max-image-preview:large","max-video-preview":"max-video-preview:-1"},"canonical":"https:\/\/endormoonstore.com\/en\/sabo-revolutionary-army-chief-of-staff-one-piece-s-h-figuarts\/","og_locale":"en_US","og_type":"article","og_title":"Sabo Revolutionary Army Chief of Staff One Piece S.H Figuarts - EndormoonStore","og_description":"Figura S.H. Figuarts de Sabo One Piece: Sabo Revolutionary Army Chief of Staff con abrigo y tubo. \u00a1A\u00f1ade esta figura articulada a tu colecci\u00f3n!","og_url":"https:\/\/endormoonstore.com\/en\/sabo-revolutionary-army-chief-of-staff-one-piece-s-h-figuarts\/","og_site_name":"EndormoonStore","article_modified_time":"2025-08-31T22:01:21+00:00","og_image":[{"width":675,"height":1000,"url":"https:\/\/endormoonstore.com\/wp-content\/uploads\/2025\/05\/Sabo-Revolutionary-Army-Chief-of-Staff-One-Piece-S.H-Figuarts-1.jpg","type":"image\/jpeg"}],"twitter_card":"summary_large_image","twitter_misc":{"Est. reading time":"3 minutes"},"schema":{"@context":"https:\/\/schema.org","@graph":[{"@type":"WebPage","@id":"https:\/\/endormoonstore.com\/en\/sabo-revolutionary-army-chief-of-staff-one-piece-s-h-figuarts\/","url":"https:\/\/endormoonstore.com\/en\/sabo-revolutionary-army-chief-of-staff-one-piece-s-h-figuarts\/","name":"Sabo Revolutionary Army Chief of Staff One Piece S.H Figuarts - EndormoonStore","isPartOf":{"@id":"https:\/\/endormoonstore.com\/#website"},"primaryImageOfPage":{"@id":"https:\/\/endormoonstore.com\/en\/sabo-revolutionary-army-chief-of-staff-one-piece-s-h-figuarts\/#primaryimage"},"image":{"@id":"https:\/\/endormoonstore.com\/en\/sabo-revolutionary-army-chief-of-staff-one-piece-s-h-figuarts\/#primaryimage"},"thumbnailUrl":"https:\/\/endormoonstore.com\/wp-content\/uploads\/2025\/05\/Sabo-Revolutionary-Army-Chief-of-Staff-One-Piece-S.H-Figuarts-1.jpg","datePublished":"2025-05-08T22:15:55+00:00","dateModified":"2025-08-31T22:01:21+00:00","description":"Figura S.H. Figuarts de Sabo One Piece: Sabo Revolutionary Army Chief of Staff con abrigo y tubo. \u00a1A\u00f1ade esta figura articulada a tu colecci\u00f3n!","breadcrumb":{"@id":"https:\/\/endormoonstore.com\/en\/sabo-revolutionary-army-chief-of-staff-one-piece-s-h-figuarts\/#breadcrumb"},"inLanguage":"en-US","potentialAction":[{"@type":"ReadAction","target":["https:\/\/endormoonstore.com\/en\/sabo-revolutionary-army-chief-of-staff-one-piece-s-h-figuarts\/"]}]},{"@type":"ImageObject","inLanguage":"en-US","@id":"https:\/\/endormoonstore.com\/en\/sabo-revolutionary-army-chief-of-staff-one-piece-s-h-figuarts\/#primaryimage","url":"https:\/\/endormoonstore.com\/wp-content\/uploads\/2025\/05\/Sabo-Revolutionary-Army-Chief-of-Staff-One-Piece-S.H-Figuarts-1.jpg","contentUrl":"https:\/\/endormoonstore.com\/wp-content\/uploads\/2025\/05\/Sabo-Revolutionary-Army-Chief-of-Staff-One-Piece-S.H-Figuarts-1.jpg","width":675,"height":1000,"caption":"Detalle de la figura articulada de Sabo S.H. Figuarts con su caracter\u00edstico abrigo y tubo."},{"@type":"BreadcrumbList","@id":"https:\/\/endormoonstore.com\/en\/sabo-revolutionary-army-chief-of-staff-one-piece-s-h-figuarts\/#breadcrumb","itemListElement":[{"@type":"ListItem","position":1,"name":"Shop","item":"https:\/\/endormoonstore.com\/en\/shop\/"},{"@type":"ListItem","position":2,"name":"Sabo Revolutionary Army Chief of Staff One Piece S.H Figuarts"}]},{"@type":"WebSite","@id":"https:\/\/endormoonstore.com\/#website","url":"https:\/\/endormoonstore.com\/","name":"EndormoonStore","description":"","potentialAction":[{"@type":"SearchAction","target":{"@type":"EntryPoint","urlTemplate":"https:\/\/endormoonstore.com\/?s={search_term_string}"},"query-input":{"@type":"PropertyValueSpecification","valueRequired":true,"valueName":"search_term_string"}}],"inLanguage":"en-US"}]}},"taxonomy_info":{"product_cat":[{"value":1390,"label":"Figures"},{"value":13511,"label":"New Arrivals"},{"value":15769,"label":"Sales"}],"pa_brand":[{"value":2096,"label":"Tamashii Nations"}],"pa_character":[{"value":14752,"label":"Sabo"}],"pa_license":[{"value":2894,"label":"One Piece"}],"pa_product-type":[{"value":2387,"label":"Figure"}],"pa_theme":[{"value":1813,"label":"S.H. Figuarts"}]},"featured_image_src_large":["https:\/\/endormoonstore.com\/wp-content\/uploads\/2025\/05\/Sabo-Revolutionary-Army-Chief-of-Staff-One-Piece-S.H-Figuarts-1.jpg",675,1000,false],"author_info":[],"comment_info":"","_links":{"self":[{"href":"https:\/\/endormoonstore.com\/en\/wp-json\/wp\/v2\/product\/174010","targetHints":{"allow":["GET"]}}],"collection":[{"href":"https:\/\/endormoonstore.com\/en\/wp-json\/wp\/v2\/product"}],"about":[{"href":"https:\/\/endormoonstore.com\/en\/wp-json\/wp\/v2\/types\/product"}],"wp:featuredmedia":[{"embeddable":true,"href":"https:\/\/endormoonstore.com\/en\/wp-json\/wp\/v2\/media\/173989"}],"wp:attachment":[{"href":"https:\/\/endormoonstore.com\/en\/wp-json\/wp\/v2\/media?parent=174010"}],"wp:term":[{"taxonomy":"product_cat","embeddable":true,"href":"https:\/\/endormoonstore.com\/en\/wp-json\/wp\/v2\/product_cat?post=174010"},{"taxonomy":"product_tag","embeddable":true,"href":"https:\/\/endormoonstore.com\/en\/wp-json\/wp\/v2\/product_tag?post=174010"}],"curies":[{"name":"wp","href":"https:\/\/api.w.org\/{rel}","templated":true}]}}