{"id":173985,"date":"2025-05-09T00:05:46","date_gmt":"2025-05-08T22:05:46","guid":{"rendered":"https:\/\/endormoonstore.com\/nightcrawler-x-force-version-x-men-baf-nemesis-marvel-legends-series\/"},"modified":"2025-05-12T21:59:22","modified_gmt":"2025-05-12T19:59:22","slug":"nightcrawler-x-force-version-x-men-baf-nemesis-marvel-legends-series","status":"publish","type":"product","link":"https:\/\/endormoonstore.com\/en\/nightcrawler-x-force-version-x-men-baf-nemesis-marvel-legends-series\/","title":{"rendered":"Nightcrawler X-Force Version X-Men (BAF Nemesis) Marvel Legends Series"},"content":{"rendered":"<h4 class=\"p1\"><strong>Nightcrawler X-Force Version X-Men (BAF Nemesis) Marvel Legends Series<\/strong><\/h4>\n<ul>\n<li data-sourcepos=\"14:1-14:508\">Nightcrawler X-Force: Sum\u00e9rgete en el universo mutante con esta figura de la aclamada Marvel Legends Series de Hasbro (BAF Nemesis). Adem\u00e1s, directamente desde las p\u00e1ginas de los c\u00f3mics de los X-Men de Marvel, Hasbro presenta esta figura coleccionable de Nightcrawler. Esta est\u00e1 inspirada en su etapa como miembro del equipo encubierto X-Force. Los fan\u00e1ticos y coleccionistas podr\u00e1n exhibir esta figura premium en sus colecciones. Su dise\u00f1o y decoraci\u00f3n son fieles a su apariencia en las vi\u00f1etas.<\/li>\n<li data-sourcepos=\"16:1-16:313\">Esta figura Marvel Legends de Nightcrawler cuenta con una escala de 15 cm. Tambi\u00e9n presenta m\u00e1s de 20 puntos de articulaci\u00f3n, incluyendo cabeza, brazos y piernas totalmente articulables. Esto permite crear poses din\u00e1micas. As\u00ed, se pueden recrear las \u00e1giles escenas de acci\u00f3n del Rondador Nocturno.<\/li>\n<li data-sourcepos=\"18:1-18:284\">Adem\u00e1s, este set con licencia oficial de Hasbro incluye m\u00faltiples accesorios inspirados en los c\u00f3mics. Entre ellos, encontrar\u00e1s una cabeza alternativa con una expresi\u00f3n diferente. Tambi\u00e9n incluye tres pares de manos intercambiables para diversas poses y su ic\u00f3nica espada.<\/li>\n<li data-sourcepos=\"20:1-20:350\">Como un extra para los constructores de figuras, este bl\u00edster incluye dos piezas para armar a la temible N\u00e9mesis de Marvel. Estas son la c\u00fapula de su traje y su mochila. Colecciona el resto de las figuras de la l\u00ednea X-Men para completar esta imponente Build-A-Figure. Recuerda que se venden por separado y est\u00e1n sujetas a disponibilidad.<\/li>\n<li data-sourcepos=\"22:1-22:202\">Gracias a su empaque con ventana, esta figura premium es perfecta para coleccionistas. Por un lado, desean exhibirla en su caja. Por otro lado, prefieren liberarla y posarla en sus estantes.<\/li>\n<li data-sourcepos=\"24:1-24:226\">Por lo tanto, \u00a1no dejes pasar la oportunidad de a\u00f1adir a Kurt Wagner en su audaz versi\u00f3n X-Force a tu colecci\u00f3n Marvel Legends! Finalmente, \u00a1teletransp\u00f3rtate a la acci\u00f3n y hazte con el incre\u00edble Nightcrawler hoy mismo!<\/li>\n<\/ul>\n<h4><strong>Sobre Hasbro y su linea Marvel Legends Series:<\/strong><\/h4>\n<ul>\n<li><strong><a href=\"\/?product_brand=hasbro\">Hasbro<\/a><\/strong> es una empresa multinacional de juguetes y entretenimiento fundada en 1923. Con sede en Pawtucket, Rhode Island, Hasbro conocida por sus marcas ic\u00f3nicas como Transformers, G.I. Joe, y My Little Pony. Adem\u00e1s de juguetes, Hasbro tambi\u00e9n produce juegos de mesa y productos de entretenimiento, y ha adquirido varias otras compa\u00f1\u00edas de juguetes a lo largo de los a\u00f1os.<\/li>\n<li>La l\u00ednea <strong><a href=\"https:\/\/endormoonstore.com\/tematica\/marvel-legends-series\/\">Marvel Legends Series<\/a> <\/strong>de Hasbro es una colecci\u00f3n de figuras de acci\u00f3n altamente detalladas y articuladas, basadas en personajes del universo Marvel. Lanza por primera vez en 2002, esta l\u00ednea ha sido popular entre coleccionistas y fan\u00e1ticos por su calidad y fidelidad a los personajes de los c\u00f3mics y pel\u00edculas. Las figuras suelen incluir accesorios intercambiables y piezas adicionales para crear poses din\u00e1micas.<\/li>\n<\/ul>\n","protected":false},"excerpt":{"rendered":"<h4 class=\"p1\"><strong>Nightcrawler X-Force Version X-Men (BAF Nemesis) Marvel Legends Series<\/strong><\/h4>\n<p>Nightcrawler X-Force: Sum\u00e9rgete en el universo mutante con esta figura de la aclamada Marvel Legends Series de Hasbro (BAF Nemesis). Adem\u00e1s, directamente desde las p\u00e1ginas de los c\u00f3mics de los X-Men de Marvel, Hasbro presenta esta figura coleccionable de Nightcrawler. Esta est\u00e1 inspirada en su etapa como miembro del equipo encubierto X-Force. Los fan\u00e1ticos y coleccionistas podr\u00e1n exhibir esta figura premium en sus colecciones. Su dise\u00f1o y decoraci\u00f3n son fieles a su apariencia en las vi\u00f1etas.<\/p>\n","protected":false},"featured_media":173964,"template":"","meta":{"_acf_changed":false,"_kad_blocks_custom_css":"","_kad_blocks_head_custom_js":"","_kad_blocks_body_custom_js":"","_kad_blocks_footer_custom_js":""},"product_cat":[1390,13511],"product_tag":[],"class_list":{"0":"post-173985","1":"product","2":"type-product","3":"status-publish","4":"has-post-thumbnail","6":"product_cat-figures","7":"product_cat-new-arrivals","8":"pa_brand-hasbro-en","9":"pa_character-nighthawk-en","10":"pa_episode-x-men-en","11":"pa_license-marvel-en","12":"pa_product-type-figure","13":"pa_theme-marvel-legends-series-en","15":"first","16":"instock","17":"taxable","18":"shipping-taxable","19":"purchasable","20":"product-type-simple"},"acf":[],"yoast_head":"<!-- This site is optimized with the Yoast SEO plugin v26.1.1 - https:\/\/yoast.com\/wordpress\/plugins\/seo\/ -->\n<title>Nightcrawler X-Force Version X-Men (BAF Nemesis) Marvel Legends Series - EndormoonStore<\/title>\n<meta name=\"description\" content=\"Figura Nightcrawler X-Force Marvel Legends (Hasbro). Incluye BAF Nemesis y accesorios. \u00a1Colecciona al \u00e1gil mutante de los X-Men!\" \/>\n<meta name=\"robots\" content=\"index, follow, max-snippet:-1, max-image-preview:large, max-video-preview:-1\" \/>\n<link rel=\"canonical\" href=\"https:\/\/endormoonstore.com\/en\/nightcrawler-x-force-version-x-men-baf-nemesis-marvel-legends-series\/\" \/>\n<meta property=\"og:locale\" content=\"en_US\" \/>\n<meta property=\"og:type\" content=\"article\" \/>\n<meta property=\"og:title\" content=\"Nightcrawler X-Force Version X-Men (BAF Nemesis) Marvel Legends Series - EndormoonStore\" \/>\n<meta property=\"og:description\" content=\"Figura Nightcrawler X-Force Marvel Legends (Hasbro). Incluye BAF Nemesis y accesorios. \u00a1Colecciona al \u00e1gil mutante de los X-Men!\" \/>\n<meta property=\"og:url\" content=\"https:\/\/endormoonstore.com\/en\/nightcrawler-x-force-version-x-men-baf-nemesis-marvel-legends-series\/\" \/>\n<meta property=\"og:site_name\" content=\"EndormoonStore\" \/>\n<meta property=\"article:modified_time\" content=\"2025-05-12T19:59:22+00:00\" \/>\n<meta property=\"og:image\" content=\"https:\/\/endormoonstore.com\/wp-content\/uploads\/2025\/05\/Nightcrawler-X-Force-Version-X-Men-BAF-Nemesis-Marvel-Legends-Series-1.webp\" \/>\n\t<meta property=\"og:image:width\" content=\"1920\" \/>\n\t<meta property=\"og:image:height\" content=\"1920\" \/>\n\t<meta property=\"og:image:type\" content=\"image\/webp\" \/>\n<meta name=\"twitter:card\" content=\"summary_large_image\" \/>\n<meta name=\"twitter:label1\" content=\"Est. reading time\" \/>\n\t<meta name=\"twitter:data1\" content=\"3 minutes\" \/>\n<script type=\"application\/ld+json\" class=\"yoast-schema-graph\">{\"@context\":\"https:\/\/schema.org\",\"@graph\":[{\"@type\":\"WebPage\",\"@id\":\"https:\/\/endormoonstore.com\/en\/nightcrawler-x-force-version-x-men-baf-nemesis-marvel-legends-series\/\",\"url\":\"https:\/\/endormoonstore.com\/en\/nightcrawler-x-force-version-x-men-baf-nemesis-marvel-legends-series\/\",\"name\":\"Nightcrawler X-Force Version X-Men (BAF Nemesis) Marvel Legends Series - EndormoonStore\",\"isPartOf\":{\"@id\":\"https:\/\/endormoonstore.com\/#website\"},\"primaryImageOfPage\":{\"@id\":\"https:\/\/endormoonstore.com\/en\/nightcrawler-x-force-version-x-men-baf-nemesis-marvel-legends-series\/#primaryimage\"},\"image\":{\"@id\":\"https:\/\/endormoonstore.com\/en\/nightcrawler-x-force-version-x-men-baf-nemesis-marvel-legends-series\/#primaryimage\"},\"thumbnailUrl\":\"https:\/\/endormoonstore.com\/wp-content\/uploads\/2025\/05\/Nightcrawler-X-Force-Version-X-Men-BAF-Nemesis-Marvel-Legends-Series-1.webp\",\"datePublished\":\"2025-05-08T22:05:46+00:00\",\"dateModified\":\"2025-05-12T19:59:22+00:00\",\"description\":\"Figura Nightcrawler X-Force Marvel Legends (Hasbro). Incluye BAF Nemesis y accesorios. \u00a1Colecciona al \u00e1gil mutante de los X-Men!\",\"breadcrumb\":{\"@id\":\"https:\/\/endormoonstore.com\/en\/nightcrawler-x-force-version-x-men-baf-nemesis-marvel-legends-series\/#breadcrumb\"},\"inLanguage\":\"en-US\",\"potentialAction\":[{\"@type\":\"ReadAction\",\"target\":[\"https:\/\/endormoonstore.com\/en\/nightcrawler-x-force-version-x-men-baf-nemesis-marvel-legends-series\/\"]}]},{\"@type\":\"ImageObject\",\"inLanguage\":\"en-US\",\"@id\":\"https:\/\/endormoonstore.com\/en\/nightcrawler-x-force-version-x-men-baf-nemesis-marvel-legends-series\/#primaryimage\",\"url\":\"https:\/\/endormoonstore.com\/wp-content\/uploads\/2025\/05\/Nightcrawler-X-Force-Version-X-Men-BAF-Nemesis-Marvel-Legends-Series-1.webp\",\"contentUrl\":\"https:\/\/endormoonstore.com\/wp-content\/uploads\/2025\/05\/Nightcrawler-X-Force-Version-X-Men-BAF-Nemesis-Marvel-Legends-Series-1.webp\",\"width\":1920,\"height\":1920,\"caption\":\"Empaque de la figura coleccionable de Nightcrawler en su versi\u00f3n X-Force, perteneciente a la l\u00ednea Marvel Legends Series y que incluye piezas para armar la figura de N\u00e9mesis.\"},{\"@type\":\"BreadcrumbList\",\"@id\":\"https:\/\/endormoonstore.com\/en\/nightcrawler-x-force-version-x-men-baf-nemesis-marvel-legends-series\/#breadcrumb\",\"itemListElement\":[{\"@type\":\"ListItem\",\"position\":1,\"name\":\"Shop\",\"item\":\"https:\/\/endormoonstore.com\/en\/shop\/\"},{\"@type\":\"ListItem\",\"position\":2,\"name\":\"Nightcrawler X-Force Version X-Men (BAF Nemesis) Marvel Legends Series\"}]},{\"@type\":\"WebSite\",\"@id\":\"https:\/\/endormoonstore.com\/#website\",\"url\":\"https:\/\/endormoonstore.com\/\",\"name\":\"EndormoonStore\",\"description\":\"\",\"potentialAction\":[{\"@type\":\"SearchAction\",\"target\":{\"@type\":\"EntryPoint\",\"urlTemplate\":\"https:\/\/endormoonstore.com\/?s={search_term_string}\"},\"query-input\":{\"@type\":\"PropertyValueSpecification\",\"valueRequired\":true,\"valueName\":\"search_term_string\"}}],\"inLanguage\":\"en-US\"}]}<\/script>\n<!-- \/ Yoast SEO plugin. -->","yoast_head_json":{"title":"Nightcrawler X-Force Version X-Men (BAF Nemesis) Marvel Legends Series - EndormoonStore","description":"Figura Nightcrawler X-Force Marvel Legends (Hasbro). Incluye BAF Nemesis y accesorios. \u00a1Colecciona al \u00e1gil mutante de los X-Men!","robots":{"index":"index","follow":"follow","max-snippet":"max-snippet:-1","max-image-preview":"max-image-preview:large","max-video-preview":"max-video-preview:-1"},"canonical":"https:\/\/endormoonstore.com\/en\/nightcrawler-x-force-version-x-men-baf-nemesis-marvel-legends-series\/","og_locale":"en_US","og_type":"article","og_title":"Nightcrawler X-Force Version X-Men (BAF Nemesis) Marvel Legends Series - EndormoonStore","og_description":"Figura Nightcrawler X-Force Marvel Legends (Hasbro). Incluye BAF Nemesis y accesorios. \u00a1Colecciona al \u00e1gil mutante de los X-Men!","og_url":"https:\/\/endormoonstore.com\/en\/nightcrawler-x-force-version-x-men-baf-nemesis-marvel-legends-series\/","og_site_name":"EndormoonStore","article_modified_time":"2025-05-12T19:59:22+00:00","og_image":[{"width":1920,"height":1920,"url":"https:\/\/endormoonstore.com\/wp-content\/uploads\/2025\/05\/Nightcrawler-X-Force-Version-X-Men-BAF-Nemesis-Marvel-Legends-Series-1.webp","type":"image\/webp"}],"twitter_card":"summary_large_image","twitter_misc":{"Est. reading time":"3 minutes"},"schema":{"@context":"https:\/\/schema.org","@graph":[{"@type":"WebPage","@id":"https:\/\/endormoonstore.com\/en\/nightcrawler-x-force-version-x-men-baf-nemesis-marvel-legends-series\/","url":"https:\/\/endormoonstore.com\/en\/nightcrawler-x-force-version-x-men-baf-nemesis-marvel-legends-series\/","name":"Nightcrawler X-Force Version X-Men (BAF Nemesis) Marvel Legends Series - EndormoonStore","isPartOf":{"@id":"https:\/\/endormoonstore.com\/#website"},"primaryImageOfPage":{"@id":"https:\/\/endormoonstore.com\/en\/nightcrawler-x-force-version-x-men-baf-nemesis-marvel-legends-series\/#primaryimage"},"image":{"@id":"https:\/\/endormoonstore.com\/en\/nightcrawler-x-force-version-x-men-baf-nemesis-marvel-legends-series\/#primaryimage"},"thumbnailUrl":"https:\/\/endormoonstore.com\/wp-content\/uploads\/2025\/05\/Nightcrawler-X-Force-Version-X-Men-BAF-Nemesis-Marvel-Legends-Series-1.webp","datePublished":"2025-05-08T22:05:46+00:00","dateModified":"2025-05-12T19:59:22+00:00","description":"Figura Nightcrawler X-Force Marvel Legends (Hasbro). Incluye BAF Nemesis y accesorios. \u00a1Colecciona al \u00e1gil mutante de los X-Men!","breadcrumb":{"@id":"https:\/\/endormoonstore.com\/en\/nightcrawler-x-force-version-x-men-baf-nemesis-marvel-legends-series\/#breadcrumb"},"inLanguage":"en-US","potentialAction":[{"@type":"ReadAction","target":["https:\/\/endormoonstore.com\/en\/nightcrawler-x-force-version-x-men-baf-nemesis-marvel-legends-series\/"]}]},{"@type":"ImageObject","inLanguage":"en-US","@id":"https:\/\/endormoonstore.com\/en\/nightcrawler-x-force-version-x-men-baf-nemesis-marvel-legends-series\/#primaryimage","url":"https:\/\/endormoonstore.com\/wp-content\/uploads\/2025\/05\/Nightcrawler-X-Force-Version-X-Men-BAF-Nemesis-Marvel-Legends-Series-1.webp","contentUrl":"https:\/\/endormoonstore.com\/wp-content\/uploads\/2025\/05\/Nightcrawler-X-Force-Version-X-Men-BAF-Nemesis-Marvel-Legends-Series-1.webp","width":1920,"height":1920,"caption":"Empaque de la figura coleccionable de Nightcrawler en su versi\u00f3n X-Force, perteneciente a la l\u00ednea Marvel Legends Series y que incluye piezas para armar la figura de N\u00e9mesis."},{"@type":"BreadcrumbList","@id":"https:\/\/endormoonstore.com\/en\/nightcrawler-x-force-version-x-men-baf-nemesis-marvel-legends-series\/#breadcrumb","itemListElement":[{"@type":"ListItem","position":1,"name":"Shop","item":"https:\/\/endormoonstore.com\/en\/shop\/"},{"@type":"ListItem","position":2,"name":"Nightcrawler X-Force Version X-Men (BAF Nemesis) Marvel Legends Series"}]},{"@type":"WebSite","@id":"https:\/\/endormoonstore.com\/#website","url":"https:\/\/endormoonstore.com\/","name":"EndormoonStore","description":"","potentialAction":[{"@type":"SearchAction","target":{"@type":"EntryPoint","urlTemplate":"https:\/\/endormoonstore.com\/?s={search_term_string}"},"query-input":{"@type":"PropertyValueSpecification","valueRequired":true,"valueName":"search_term_string"}}],"inLanguage":"en-US"}]}},"taxonomy_info":{"product_cat":[{"value":1390,"label":"Figures"},{"value":13511,"label":"New Arrivals"}],"pa_brand":[{"value":2084,"label":"Hasbro"}],"pa_character":[{"value":6016,"label":"Nighthawk"}],"pa_episode":[{"value":15324,"label":"X-Men"}],"pa_license":[{"value":1642,"label":"Marvel"}],"pa_product-type":[{"value":2387,"label":"Figure"}],"pa_theme":[{"value":2071,"label":"Marvel Legends Series"}]},"featured_image_src_large":["https:\/\/endormoonstore.com\/wp-content\/uploads\/2025\/05\/Nightcrawler-X-Force-Version-X-Men-BAF-Nemesis-Marvel-Legends-Series-1.webp",1920,1920,false],"author_info":[],"comment_info":"","_links":{"self":[{"href":"https:\/\/endormoonstore.com\/en\/wp-json\/wp\/v2\/product\/173985","targetHints":{"allow":["GET"]}}],"collection":[{"href":"https:\/\/endormoonstore.com\/en\/wp-json\/wp\/v2\/product"}],"about":[{"href":"https:\/\/endormoonstore.com\/en\/wp-json\/wp\/v2\/types\/product"}],"wp:featuredmedia":[{"embeddable":true,"href":"https:\/\/endormoonstore.com\/en\/wp-json\/wp\/v2\/media\/173964"}],"wp:attachment":[{"href":"https:\/\/endormoonstore.com\/en\/wp-json\/wp\/v2\/media?parent=173985"}],"wp:term":[{"taxonomy":"product_cat","embeddable":true,"href":"https:\/\/endormoonstore.com\/en\/wp-json\/wp\/v2\/product_cat?post=173985"},{"taxonomy":"product_tag","embeddable":true,"href":"https:\/\/endormoonstore.com\/en\/wp-json\/wp\/v2\/product_tag?post=173985"}],"curies":[{"name":"wp","href":"https:\/\/api.w.org\/{rel}","templated":true}]}}