{"id":173725,"date":"2025-09-29T02:05:31","date_gmt":"2025-09-29T00:05:31","guid":{"rendered":"https:\/\/endormoonstore.com\/sandtrooper-the-black-series-star-wars-a-new-hope\/"},"modified":"2025-05-06T20:17:29","modified_gmt":"2025-05-06T18:17:29","slug":"sandtrooper-the-black-series-star-wars-a-new-hope","status":"publish","type":"product","link":"https:\/\/endormoonstore.com\/en\/sandtrooper-the-black-series-star-wars-a-new-hope\/","title":{"rendered":"Sandtrooper The Black Series Star Wars A New Hope"},"content":{"rendered":"<h4 class=\"p1\"><strong>Sandtrooper The Black Series Star Wars A New Hope<\/strong><\/h4>\n<ul>\n<li data-sourcepos=\"7:1-7:319\">Revive la trilog\u00eda original y celebra <a href=\"https:\/\/endormoonstore.com\/episodio\/star-wars-una-nueva-esperanza\/\"><strong>Star Wars: A New Hope<\/strong><\/a> (Star Wars: Una nueva esperanza en Espa\u00f1a) con esta figura articulada del Sandtrooper de la Black Series de Hasbro. Espec\u00edficamente inspirada en el Episodio IV, esta figura a escala de 15 cm es un gran regalo para coleccionistas y fans a partir de 4 a\u00f1os.<\/li>\n<li data-sourcepos=\"9:1-9:268\">Esta figura premium presenta un dise\u00f1o y decoraci\u00f3n fieles a la pel\u00edcula. Adem\u00e1s, cuenta con una cabeza, brazos y piernas articulados para crear poses din\u00e1micas y exhibirla en tu colecci\u00f3n. De hecho, esta articulaci\u00f3n premium permite una gran versatilidad.<\/li>\n<li data-sourcepos=\"11:1-11:389\">Equipada especialmente para los \u00e1ridos mundos des\u00e9rticos, esta figura de <a href=\"https:\/\/endormoonstore.com\/personaje\/sandtrooper\/\"><strong>Sandtrooper<\/strong><\/a> incluye tres accesorios esenciales. En primer lugar, encontrar\u00e1s dos bl\u00e1sters. En segundo lugar, se incluye una mochila de supervivencia desmontable con detalles de raciones y agua. Por otro lado, su armadura mejorada incorpora unidades de enfriamiento y un filtro de arena para el casco.<\/li>\n<li data-sourcepos=\"13:1-13:156\">Presentada finalmente en una caja con ventana con un elegante dise\u00f1o de personaje, esta figura permite mostrar tu pasi\u00f3n por Star Wars en tu estanter\u00eda.<\/li>\n<li data-sourcepos=\"15:1-15:181\">A\u00f1ade por fin a tu colecci\u00f3n este ic\u00f3nico soldado de asalto. Con sus m\u00faltiples accesorios y detalles premium, podr\u00e1s recrear las escenas des\u00e9rticas de Star Wars: A New Hope.<\/li>\n<\/ul>\n<h4 class=\"p1\"><b>Sobre Hasbro y su l\u00ednea de productos Star Wars<\/b><\/h4>\n<p class=\"p1\">Hasbro es una empresa l\u00edder en la fabricaci\u00f3n de productos de entretenimiento y coleccionables. Su l\u00ednea de productos <a href=\"https:\/\/endormoonstore.com\/licencia\/star-wars\/\"><strong>Star Wars<\/strong><\/a> incluye:<\/p>\n<ul class=\"ul1\">\n<li class=\"li1\"><a href=\"https:\/\/endormoonstore.com\/tematica\/the-black-series\/\"><b>The Black Series<\/b><\/a>: Esta colecci\u00f3n incluye figuras de acci\u00f3n de 6 pulgadas (aproximadamente 15 cm), cascos a escala 1:1 y sables de luz Force FX. Los productos de esta l\u00ednea est\u00e1n dise\u00f1ados con detalles premium y m\u00faltiples puntos de articulaci\u00f3n. Son ideales para coleccionistas y fans de todas las edades. Adem\u00e1s, The Black Series destaca por su alta calidad y precisi\u00f3n en la representaci\u00f3n de personajes y objetos del universo Star Wars.<\/li>\n<li class=\"li1\"><a href=\"https:\/\/endormoonstore.com\/tematica\/the-vintage-collection\/\"><b>The Vintage Collection<\/b>:<\/a> Esta l\u00ednea presenta figuras de 3.75 pulgadas (aproximadamente 9,5 cm) con detalles y dise\u00f1o inspirados en la l\u00ednea original de juguetes de Kenner. Igualmente, incluye veh\u00edculos y dioramas altamente detallados que evocan la nostalgia de los fans de Star Wars. The Vintage Collection destaca por su fidelidad a los dise\u00f1os cl\u00e1sicos y su capacidad para capturar la esencia de la saga original.<\/li>\n<li class=\"li1\"><a href=\"https:\/\/endormoonstore.com\/tematica\/retro-collection\/\"><b>The Retro Collection<\/b>:<\/a> Esta l\u00ednea recrea las figuras originales de Star Wars de los a\u00f1os 70 y 80, con un dise\u00f1o y detalles inspirados en los juguetes de Kenner de esa \u00e9poca. Las figuras de 3.75 pulgadas (aproximadamente 9,5 cm) tienen 5 puntos de articulaci\u00f3n y son muy populares entre los que buscan un toque de nostalgia.<\/li>\n<\/ul>\n","protected":false},"excerpt":{"rendered":"<h4 class=\"p1\"><strong>Sandtrooper The Black Series Star Wars A New Hope<\/strong><\/h4>\n<p>Revive la trilog\u00eda original y celebra <a href=\"https:\/\/endormoonstore.com\/episodio\/star-wars-una-nueva-esperanza\/\"><strong>Star Wars: A New Hope<\/strong><\/a> (Star Wars: Una nueva esperanza en Espa\u00f1a) con esta figura articulada del Sandtrooper de la Black Series de Hasbro. Espec\u00edficamente inspirada en el Episodio IV, esta figura a escala de 15 cm es un gran regalo para coleccionistas y fans a partir de 4 a\u00f1os.<\/p>\n","protected":false},"featured_media":173703,"template":"","meta":{"_acf_changed":false,"_kad_blocks_custom_css":"","_kad_blocks_head_custom_js":"","_kad_blocks_body_custom_js":"","_kad_blocks_footer_custom_js":""},"product_cat":[13453,1390,13511],"product_tag":[],"class_list":{"0":"post-173725","1":"product","2":"type-product","3":"status-publish","4":"has-post-thumbnail","6":"product_cat-featured","7":"product_cat-figures","8":"product_cat-new-arrivals","9":"pa_brand-hasbro-en","10":"pa_character-sandtrooper-en","11":"pa_episode-star-wars-a-new-hope","12":"pa_license-star-wars-en","13":"pa_product-type-figure","14":"pa_theme-the-black-series-en","16":"first","17":"instock","18":"taxable","19":"shipping-taxable","20":"purchasable","21":"product-type-simple"},"acf":[],"yoast_head":"<!-- This site is optimized with the Yoast SEO plugin v26.1.1 - https:\/\/yoast.com\/wordpress\/plugins\/seo\/ -->\n<title>Sandtrooper The Black Series Star Wars A New Hope - EndormoonStore<\/title>\n<meta name=\"description\" content=\"Sandtrooper Black Series (Hasbro) A New Hope. Incluye 2 bl\u00e1sters y mochila. \u00a1A\u00f1ade este ic\u00f3nico soldado des\u00e9rtico a tu colecci\u00f3n!\" \/>\n<meta name=\"robots\" content=\"index, follow, max-snippet:-1, max-image-preview:large, max-video-preview:-1\" \/>\n<link rel=\"canonical\" href=\"https:\/\/endormoonstore.com\/en\/sandtrooper-the-black-series-star-wars-a-new-hope\/\" \/>\n<meta property=\"og:locale\" content=\"en_US\" \/>\n<meta property=\"og:type\" content=\"article\" \/>\n<meta property=\"og:title\" content=\"Sandtrooper The Black Series Star Wars A New Hope - EndormoonStore\" \/>\n<meta property=\"og:description\" content=\"Sandtrooper Black Series (Hasbro) A New Hope. Incluye 2 bl\u00e1sters y mochila. \u00a1A\u00f1ade este ic\u00f3nico soldado des\u00e9rtico a tu colecci\u00f3n!\" \/>\n<meta property=\"og:url\" content=\"https:\/\/endormoonstore.com\/en\/sandtrooper-the-black-series-star-wars-a-new-hope\/\" \/>\n<meta property=\"og:site_name\" content=\"EndormoonStore\" \/>\n<meta property=\"og:image\" content=\"https:\/\/endormoonstore.com\/wp-content\/uploads\/2025\/05\/Sandtrooper-The-Black-Series-Star-Wars-A-New-Hope-1.webp\" \/>\n\t<meta property=\"og:image:width\" content=\"1580\" \/>\n\t<meta property=\"og:image:height\" content=\"1580\" \/>\n\t<meta property=\"og:image:type\" content=\"image\/webp\" \/>\n<meta name=\"twitter:card\" content=\"summary_large_image\" \/>\n<meta name=\"twitter:label1\" content=\"Est. reading time\" \/>\n\t<meta name=\"twitter:data1\" content=\"3 minutes\" \/>\n<script type=\"application\/ld+json\" class=\"yoast-schema-graph\">{\"@context\":\"https:\/\/schema.org\",\"@graph\":[{\"@type\":\"WebPage\",\"@id\":\"https:\/\/endormoonstore.com\/en\/sandtrooper-the-black-series-star-wars-a-new-hope\/\",\"url\":\"https:\/\/endormoonstore.com\/en\/sandtrooper-the-black-series-star-wars-a-new-hope\/\",\"name\":\"Sandtrooper The Black Series Star Wars A New Hope - EndormoonStore\",\"isPartOf\":{\"@id\":\"https:\/\/endormoonstore.com\/#website\"},\"primaryImageOfPage\":{\"@id\":\"https:\/\/endormoonstore.com\/en\/sandtrooper-the-black-series-star-wars-a-new-hope\/#primaryimage\"},\"image\":{\"@id\":\"https:\/\/endormoonstore.com\/en\/sandtrooper-the-black-series-star-wars-a-new-hope\/#primaryimage\"},\"thumbnailUrl\":\"https:\/\/endormoonstore.com\/wp-content\/uploads\/2025\/05\/Sandtrooper-The-Black-Series-Star-Wars-A-New-Hope-1.webp\",\"datePublished\":\"2025-09-29T00:05:31+00:00\",\"description\":\"Sandtrooper Black Series (Hasbro) A New Hope. Incluye 2 bl\u00e1sters y mochila. \u00a1A\u00f1ade este ic\u00f3nico soldado des\u00e9rtico a tu colecci\u00f3n!\",\"breadcrumb\":{\"@id\":\"https:\/\/endormoonstore.com\/en\/sandtrooper-the-black-series-star-wars-a-new-hope\/#breadcrumb\"},\"inLanguage\":\"en-US\",\"potentialAction\":[{\"@type\":\"ReadAction\",\"target\":[\"https:\/\/endormoonstore.com\/en\/sandtrooper-the-black-series-star-wars-a-new-hope\/\"]}]},{\"@type\":\"ImageObject\",\"inLanguage\":\"en-US\",\"@id\":\"https:\/\/endormoonstore.com\/en\/sandtrooper-the-black-series-star-wars-a-new-hope\/#primaryimage\",\"url\":\"https:\/\/endormoonstore.com\/wp-content\/uploads\/2025\/05\/Sandtrooper-The-Black-Series-Star-Wars-A-New-Hope-1.webp\",\"contentUrl\":\"https:\/\/endormoonstore.com\/wp-content\/uploads\/2025\/05\/Sandtrooper-The-Black-Series-Star-Wars-A-New-Hope-1.webp\",\"width\":1580,\"height\":1580,\"caption\":\"Figura Sandtrooper Black Series (Hasbro).\"},{\"@type\":\"BreadcrumbList\",\"@id\":\"https:\/\/endormoonstore.com\/en\/sandtrooper-the-black-series-star-wars-a-new-hope\/#breadcrumb\",\"itemListElement\":[{\"@type\":\"ListItem\",\"position\":1,\"name\":\"Shop\",\"item\":\"https:\/\/endormoonstore.com\/en\/shop\/\"},{\"@type\":\"ListItem\",\"position\":2,\"name\":\"Sandtrooper The Black Series Star Wars A New Hope\"}]},{\"@type\":\"WebSite\",\"@id\":\"https:\/\/endormoonstore.com\/#website\",\"url\":\"https:\/\/endormoonstore.com\/\",\"name\":\"EndormoonStore\",\"description\":\"\",\"potentialAction\":[{\"@type\":\"SearchAction\",\"target\":{\"@type\":\"EntryPoint\",\"urlTemplate\":\"https:\/\/endormoonstore.com\/?s={search_term_string}\"},\"query-input\":{\"@type\":\"PropertyValueSpecification\",\"valueRequired\":true,\"valueName\":\"search_term_string\"}}],\"inLanguage\":\"en-US\"}]}<\/script>\n<!-- \/ Yoast SEO plugin. -->","yoast_head_json":{"title":"Sandtrooper The Black Series Star Wars A New Hope - EndormoonStore","description":"Sandtrooper Black Series (Hasbro) A New Hope. Incluye 2 bl\u00e1sters y mochila. \u00a1A\u00f1ade este ic\u00f3nico soldado des\u00e9rtico a tu colecci\u00f3n!","robots":{"index":"index","follow":"follow","max-snippet":"max-snippet:-1","max-image-preview":"max-image-preview:large","max-video-preview":"max-video-preview:-1"},"canonical":"https:\/\/endormoonstore.com\/en\/sandtrooper-the-black-series-star-wars-a-new-hope\/","og_locale":"en_US","og_type":"article","og_title":"Sandtrooper The Black Series Star Wars A New Hope - EndormoonStore","og_description":"Sandtrooper Black Series (Hasbro) A New Hope. Incluye 2 bl\u00e1sters y mochila. \u00a1A\u00f1ade este ic\u00f3nico soldado des\u00e9rtico a tu colecci\u00f3n!","og_url":"https:\/\/endormoonstore.com\/en\/sandtrooper-the-black-series-star-wars-a-new-hope\/","og_site_name":"EndormoonStore","og_image":[{"width":1580,"height":1580,"url":"https:\/\/endormoonstore.com\/wp-content\/uploads\/2025\/05\/Sandtrooper-The-Black-Series-Star-Wars-A-New-Hope-1.webp","type":"image\/webp"}],"twitter_card":"summary_large_image","twitter_misc":{"Est. reading time":"3 minutes"},"schema":{"@context":"https:\/\/schema.org","@graph":[{"@type":"WebPage","@id":"https:\/\/endormoonstore.com\/en\/sandtrooper-the-black-series-star-wars-a-new-hope\/","url":"https:\/\/endormoonstore.com\/en\/sandtrooper-the-black-series-star-wars-a-new-hope\/","name":"Sandtrooper The Black Series Star Wars A New Hope - EndormoonStore","isPartOf":{"@id":"https:\/\/endormoonstore.com\/#website"},"primaryImageOfPage":{"@id":"https:\/\/endormoonstore.com\/en\/sandtrooper-the-black-series-star-wars-a-new-hope\/#primaryimage"},"image":{"@id":"https:\/\/endormoonstore.com\/en\/sandtrooper-the-black-series-star-wars-a-new-hope\/#primaryimage"},"thumbnailUrl":"https:\/\/endormoonstore.com\/wp-content\/uploads\/2025\/05\/Sandtrooper-The-Black-Series-Star-Wars-A-New-Hope-1.webp","datePublished":"2025-09-29T00:05:31+00:00","description":"Sandtrooper Black Series (Hasbro) A New Hope. Incluye 2 bl\u00e1sters y mochila. \u00a1A\u00f1ade este ic\u00f3nico soldado des\u00e9rtico a tu colecci\u00f3n!","breadcrumb":{"@id":"https:\/\/endormoonstore.com\/en\/sandtrooper-the-black-series-star-wars-a-new-hope\/#breadcrumb"},"inLanguage":"en-US","potentialAction":[{"@type":"ReadAction","target":["https:\/\/endormoonstore.com\/en\/sandtrooper-the-black-series-star-wars-a-new-hope\/"]}]},{"@type":"ImageObject","inLanguage":"en-US","@id":"https:\/\/endormoonstore.com\/en\/sandtrooper-the-black-series-star-wars-a-new-hope\/#primaryimage","url":"https:\/\/endormoonstore.com\/wp-content\/uploads\/2025\/05\/Sandtrooper-The-Black-Series-Star-Wars-A-New-Hope-1.webp","contentUrl":"https:\/\/endormoonstore.com\/wp-content\/uploads\/2025\/05\/Sandtrooper-The-Black-Series-Star-Wars-A-New-Hope-1.webp","width":1580,"height":1580,"caption":"Figura Sandtrooper Black Series (Hasbro)."},{"@type":"BreadcrumbList","@id":"https:\/\/endormoonstore.com\/en\/sandtrooper-the-black-series-star-wars-a-new-hope\/#breadcrumb","itemListElement":[{"@type":"ListItem","position":1,"name":"Shop","item":"https:\/\/endormoonstore.com\/en\/shop\/"},{"@type":"ListItem","position":2,"name":"Sandtrooper The Black Series Star Wars A New Hope"}]},{"@type":"WebSite","@id":"https:\/\/endormoonstore.com\/#website","url":"https:\/\/endormoonstore.com\/","name":"EndormoonStore","description":"","potentialAction":[{"@type":"SearchAction","target":{"@type":"EntryPoint","urlTemplate":"https:\/\/endormoonstore.com\/?s={search_term_string}"},"query-input":{"@type":"PropertyValueSpecification","valueRequired":true,"valueName":"search_term_string"}}],"inLanguage":"en-US"}]}},"taxonomy_info":{"product_cat":[{"value":13453,"label":"Featured"},{"value":1390,"label":"Figures"},{"value":13511,"label":"New Arrivals"}],"pa_brand":[{"value":2084,"label":"Hasbro"}],"pa_character":[{"value":15378,"label":"Sandtrooper"}],"pa_episode":[{"value":2405,"label":"Star Wars: A New Hope"}],"pa_license":[{"value":1644,"label":"Star Wars"}],"pa_product-type":[{"value":2387,"label":"Figure"}],"pa_theme":[{"value":2552,"label":"The Black Series"}]},"featured_image_src_large":["https:\/\/endormoonstore.com\/wp-content\/uploads\/2025\/05\/Sandtrooper-The-Black-Series-Star-Wars-A-New-Hope-1.webp",1580,1580,false],"author_info":[],"comment_info":"","_links":{"self":[{"href":"https:\/\/endormoonstore.com\/en\/wp-json\/wp\/v2\/product\/173725","targetHints":{"allow":["GET"]}}],"collection":[{"href":"https:\/\/endormoonstore.com\/en\/wp-json\/wp\/v2\/product"}],"about":[{"href":"https:\/\/endormoonstore.com\/en\/wp-json\/wp\/v2\/types\/product"}],"wp:featuredmedia":[{"embeddable":true,"href":"https:\/\/endormoonstore.com\/en\/wp-json\/wp\/v2\/media\/173703"}],"wp:attachment":[{"href":"https:\/\/endormoonstore.com\/en\/wp-json\/wp\/v2\/media?parent=173725"}],"wp:term":[{"taxonomy":"product_cat","embeddable":true,"href":"https:\/\/endormoonstore.com\/en\/wp-json\/wp\/v2\/product_cat?post=173725"},{"taxonomy":"product_tag","embeddable":true,"href":"https:\/\/endormoonstore.com\/en\/wp-json\/wp\/v2\/product_tag?post=173725"}],"curies":[{"name":"wp","href":"https:\/\/api.w.org\/{rel}","templated":true}]}}