{"id":173626,"date":"2025-09-29T03:00:42","date_gmt":"2025-09-29T01:00:42","guid":{"rendered":"https:\/\/endormoonstore.com\/ezra-bridger-force-fx-elite-lightsaber-the-black-series-star-wars-ahsoka\/"},"modified":"2025-05-06T11:33:19","modified_gmt":"2025-05-06T09:33:19","slug":"ezra-bridger-force-fx-elite-lightsaber-the-black-series-star-wars-ahsoka","status":"publish","type":"product","link":"https:\/\/endormoonstore.com\/en\/ezra-bridger-force-fx-elite-lightsaber-the-black-series-star-wars-ahsoka\/","title":{"rendered":"Ezra Bridger Force FX Elite Lightsaber The Black Series Star Wars Ahsoka"},"content":{"rendered":"<h4><strong>Ezra Bridger Force FX Elite Lightsaber The Black Series Star Wars Ahsoka<\/strong><\/h4>\n<ul>\n<li data-sourcepos=\"7:1-7:332\">Empu\u00f1a el Lightsaber Force FX Elite de <a href=\"https:\/\/endormoonstore.com\/personaje\/ezra-bridger\/\"><strong>Ezra Bridger<\/strong><\/a>, directamente inspirado en, como ya mencionamos, su aparici\u00f3n en la serie &#8220;<a href=\"https:\/\/endormoonstore.com\/episodio\/star-wars-ahsoka\/\"><strong>Star Wars: Ahsoka<\/strong><\/a>&#8220;! Este art\u00edculo de rol con licencia oficial de la Black Series de Hasbro presenta un dise\u00f1o, decoraci\u00f3n y escala fieles al Lightsaber construido en la acci\u00f3n real de la serie.<\/li>\n<li data-sourcepos=\"9:1-9:377\">Para empezar, experimenta luces avanzadas y efectos de sonido cinematogr\u00e1ficos. De hecho, combina LEDs de alta calidad con sonidos inspirados en el entretenimiento para ofrecer el Lightsaber Star Wars m\u00e1s realista hasta la fecha. Luego, usa el interruptor en la empu\u00f1adura met\u00e1lica para activar el encendido progresivo de la hoja azul exclusiva de Ezra Bridger.<\/li>\n<li data-sourcepos=\"11:1-11:470\">Adem\u00e1s, el bot\u00f3n en la empu\u00f1adura permite reproducir efectos de desv\u00edo de bl\u00e1ster. Seguidamente, mant\u00e9n presionado el bot\u00f3n secundario e inclina el Lightsaber hacia abajo para escuchar el efecto de corte de pared. Despu\u00e9s, inclina el Lightsaber hacia arriba y mant\u00e9n presionado el bot\u00f3n secundario para activar el efecto de choque de batalla. Finalmente, pulsa cuatro veces el bot\u00f3n y luego mant\u00e9nlo presionado para el modo de secuencia de duelo.<\/li>\n<li data-sourcepos=\"13:1-13:322\">Este set incluye, por cierto, una base para exhibir el Lightsaber con o sin la hoja removible, un tap\u00f3n de empu\u00f1adura e instrucciones detalladas. En cuanto a la historia, exiliado a otra galaxia tras la Batalla final de Lothal, Ezra Bridger es rescatado por su amiga Sabine Wren en el antiguo mundo de Peridea.<\/li>\n<li data-sourcepos=\"15:1-15:160\">Este Lightsaber electr\u00f3nico funciona con 3 pilas AA de 1.5V (no incluidas). \u00a1Siente la Fuerza y reclama el Lightsaber de Ezra Bridger para tu colecci\u00f3n!<\/li>\n<\/ul>\n<h4><strong>Sobre Hasbro y su linea de productos Star Wars:<\/strong><\/h4>\n<p class=\"p1\">Hasbro es una empresa l\u00edder en la fabricaci\u00f3n de productos de entretenimiento y coleccionables. Su l\u00ednea de productos <a href=\"https:\/\/endormoonstore.com\/licencia\/star-wars\/\"><strong>Star Wars<\/strong><\/a> incluye:<\/p>\n<ul>\n<li><a href=\"https:\/\/endormoonstore.com\/tematica\/the-black-series\/\"><b>The Black Series<\/b><\/a>: Esta colecci\u00f3n incluye figuras de acci\u00f3n de 6 pulgadas (aproximadamente 15 cm), cascos a escala 1:1 y sables de luz Force FX. Los productos de esta l\u00ednea est\u00e1n dise\u00f1ados con detalles premium y m\u00faltiples puntos de articulaci\u00f3n. Son ideales para coleccionistas y fans de todas las edades. Adem\u00e1s, The Black Series destaca por su alta calidad y precisi\u00f3n en la representaci\u00f3n de personajes y objetos del universo Star Wars.<\/li>\n<li><a href=\"https:\/\/endormoonstore.com\/tematica\/the-vintage-collection\/\"><b>The Vintage Collection<\/b>:<\/a> Esta l\u00ednea presenta figuras de 3.75 pulgadas (aproximadamente 9,5 cm) con detalles y dise\u00f1o inspirados en la l\u00ednea original de juguetes de Kenner. Igualmente, incluye veh\u00edculos y dioramas altamente detallados que evocan la nostalgia de los fans de Star Wars. The Vintage Collection destaca por su fidelidad a los dise\u00f1os cl\u00e1sicos y su capacidad para capturar la esencia de la saga original.<\/li>\n<li><a href=\"https:\/\/endormoonstore.com\/tematica\/retro-collection\/\"><b>The Retro Collection<\/b>:<\/a> Esta l\u00ednea recrea las figuras originales de Star Wars de los a\u00f1os 70 y 80, con un dise\u00f1o y detalles inspirados en los juguetes de Kenner de esa \u00e9poca. Las figuras de 3.75 pulgadas (aproximadamente 9,5 cm) tienen 5 puntos de articulaci\u00f3n y son muy populares entre los que buscan un toque de nostalgia.<\/li>\n<\/ul>\n","protected":false},"excerpt":{"rendered":"<h4><strong>Ezra Bridger Force FX Elite Lightsaber The Black Series Star Wars Ahsoka<\/strong><\/h4>\n<p>Empu\u00f1a el Lightsaber Force FX Elite de <a href=\"https:\/\/endormoonstore.com\/personaje\/ezra-bridger\/https:\/\/endormoonstore.com\/personaje\/ezra-bridger\/\"><strong>Ezra Bridger<\/strong><\/a>, directamente inspirado en, como ya mencionamos, su aparici\u00f3n en la serie &#8220;<a href=\"https:\/\/endormoonstore.com\/episodio\/star-wars-ahsoka\/\"><strong>Star Wars: Ahsoka<\/strong><\/a>&#8220;! Este art\u00edculo de rol con licencia oficial de la Black Series de Hasbro presenta un dise\u00f1o, decoraci\u00f3n y escala fieles al Lightsaber construido en la acci\u00f3n real de la serie.<\/p>\n","protected":false},"featured_media":173609,"template":"","meta":{"_acf_changed":false,"_kad_blocks_custom_css":"","_kad_blocks_head_custom_js":"","_kad_blocks_body_custom_js":"","_kad_blocks_footer_custom_js":""},"product_cat":[13453,1390,13511],"product_tag":[],"class_list":{"0":"post-173626","1":"product","2":"type-product","3":"status-publish","4":"has-post-thumbnail","6":"product_cat-featured","7":"product_cat-figures","8":"product_cat-new-arrivals","9":"pa_brand-hasbro-en","10":"pa_character-ezra-bridger-en","11":"pa_episode-star-wars-ahsoka-en","12":"pa_license-star-wars-en","13":"pa_product-type-force-fx-elite-lightsaber-en","14":"pa_theme-the-black-series-en","16":"first","17":"instock","18":"taxable","19":"shipping-taxable","20":"purchasable","21":"product-type-simple"},"acf":[],"yoast_head":"<!-- This site is optimized with the Yoast SEO plugin v26.1.1 - https:\/\/yoast.com\/wordpress\/plugins\/seo\/ -->\n<title>Ezra Bridger Force FX Elite Lightsaber The Black Series Star Wars Ahsoka - EndormoonStore<\/title>\n<meta name=\"description\" content=\"Compra el Ezra Bridger Force FX Elite Lightsaber de Star Wars: Ahsoka (Hasbro Black Series). Luces y sonidos realistas. \u00a1Siente la Fuerza!\" \/>\n<meta name=\"robots\" content=\"index, follow, max-snippet:-1, max-image-preview:large, max-video-preview:-1\" \/>\n<link rel=\"canonical\" href=\"https:\/\/endormoonstore.com\/en\/ezra-bridger-force-fx-elite-lightsaber-the-black-series-star-wars-ahsoka\/\" \/>\n<meta property=\"og:locale\" content=\"en_US\" \/>\n<meta property=\"og:type\" content=\"article\" \/>\n<meta property=\"og:title\" content=\"Ezra Bridger Force FX Elite Lightsaber The Black Series Star Wars Ahsoka - EndormoonStore\" \/>\n<meta property=\"og:description\" content=\"Compra el Ezra Bridger Force FX Elite Lightsaber de Star Wars: Ahsoka (Hasbro Black Series). Luces y sonidos realistas. \u00a1Siente la Fuerza!\" \/>\n<meta property=\"og:url\" content=\"https:\/\/endormoonstore.com\/en\/ezra-bridger-force-fx-elite-lightsaber-the-black-series-star-wars-ahsoka\/\" \/>\n<meta property=\"og:site_name\" content=\"EndormoonStore\" \/>\n<meta property=\"og:image\" content=\"https:\/\/endormoonstore.com\/wp-content\/uploads\/2025\/05\/Ezra-Bridger-Force-FX-Elite-Lightsaber-The-Black-Series-Star-Wars-Ahsoka-1.webp\" \/>\n\t<meta property=\"og:image:width\" content=\"1580\" \/>\n\t<meta property=\"og:image:height\" content=\"1580\" \/>\n\t<meta property=\"og:image:type\" content=\"image\/webp\" \/>\n<meta name=\"twitter:card\" content=\"summary_large_image\" \/>\n<meta name=\"twitter:label1\" content=\"Est. reading time\" \/>\n\t<meta name=\"twitter:data1\" content=\"3 minutes\" \/>\n<script type=\"application\/ld+json\" class=\"yoast-schema-graph\">{\"@context\":\"https:\/\/schema.org\",\"@graph\":[{\"@type\":\"WebPage\",\"@id\":\"https:\/\/endormoonstore.com\/en\/ezra-bridger-force-fx-elite-lightsaber-the-black-series-star-wars-ahsoka\/\",\"url\":\"https:\/\/endormoonstore.com\/en\/ezra-bridger-force-fx-elite-lightsaber-the-black-series-star-wars-ahsoka\/\",\"name\":\"Ezra Bridger Force FX Elite Lightsaber The Black Series Star Wars Ahsoka - EndormoonStore\",\"isPartOf\":{\"@id\":\"https:\/\/endormoonstore.com\/#website\"},\"primaryImageOfPage\":{\"@id\":\"https:\/\/endormoonstore.com\/en\/ezra-bridger-force-fx-elite-lightsaber-the-black-series-star-wars-ahsoka\/#primaryimage\"},\"image\":{\"@id\":\"https:\/\/endormoonstore.com\/en\/ezra-bridger-force-fx-elite-lightsaber-the-black-series-star-wars-ahsoka\/#primaryimage\"},\"thumbnailUrl\":\"https:\/\/endormoonstore.com\/wp-content\/uploads\/2025\/05\/Ezra-Bridger-Force-FX-Elite-Lightsaber-The-Black-Series-Star-Wars-Ahsoka-1.webp\",\"datePublished\":\"2025-09-29T01:00:42+00:00\",\"description\":\"Compra el Ezra Bridger Force FX Elite Lightsaber de Star Wars: Ahsoka (Hasbro Black Series). Luces y sonidos realistas. \u00a1Siente la Fuerza!\",\"breadcrumb\":{\"@id\":\"https:\/\/endormoonstore.com\/en\/ezra-bridger-force-fx-elite-lightsaber-the-black-series-star-wars-ahsoka\/#breadcrumb\"},\"inLanguage\":\"en-US\",\"potentialAction\":[{\"@type\":\"ReadAction\",\"target\":[\"https:\/\/endormoonstore.com\/en\/ezra-bridger-force-fx-elite-lightsaber-the-black-series-star-wars-ahsoka\/\"]}]},{\"@type\":\"ImageObject\",\"inLanguage\":\"en-US\",\"@id\":\"https:\/\/endormoonstore.com\/en\/ezra-bridger-force-fx-elite-lightsaber-the-black-series-star-wars-ahsoka\/#primaryimage\",\"url\":\"https:\/\/endormoonstore.com\/wp-content\/uploads\/2025\/05\/Ezra-Bridger-Force-FX-Elite-Lightsaber-The-Black-Series-Star-Wars-Ahsoka-1.webp\",\"contentUrl\":\"https:\/\/endormoonstore.com\/wp-content\/uploads\/2025\/05\/Ezra-Bridger-Force-FX-Elite-Lightsaber-The-Black-Series-Star-Wars-Ahsoka-1.webp\",\"width\":1580,\"height\":1580,\"caption\":\"Lightsaber Force FX Elite de Ezra Bridger (Star Wars: Ahsoka). R\u00e9plica Hasbro Black Series.\"},{\"@type\":\"BreadcrumbList\",\"@id\":\"https:\/\/endormoonstore.com\/en\/ezra-bridger-force-fx-elite-lightsaber-the-black-series-star-wars-ahsoka\/#breadcrumb\",\"itemListElement\":[{\"@type\":\"ListItem\",\"position\":1,\"name\":\"Shop\",\"item\":\"https:\/\/endormoonstore.com\/en\/shop\/\"},{\"@type\":\"ListItem\",\"position\":2,\"name\":\"Ezra Bridger Force FX Elite Lightsaber The Black Series Star Wars Ahsoka\"}]},{\"@type\":\"WebSite\",\"@id\":\"https:\/\/endormoonstore.com\/#website\",\"url\":\"https:\/\/endormoonstore.com\/\",\"name\":\"EndormoonStore\",\"description\":\"\",\"potentialAction\":[{\"@type\":\"SearchAction\",\"target\":{\"@type\":\"EntryPoint\",\"urlTemplate\":\"https:\/\/endormoonstore.com\/?s={search_term_string}\"},\"query-input\":{\"@type\":\"PropertyValueSpecification\",\"valueRequired\":true,\"valueName\":\"search_term_string\"}}],\"inLanguage\":\"en-US\"}]}<\/script>\n<!-- \/ Yoast SEO plugin. -->","yoast_head_json":{"title":"Ezra Bridger Force FX Elite Lightsaber The Black Series Star Wars Ahsoka - EndormoonStore","description":"Compra el Ezra Bridger Force FX Elite Lightsaber de Star Wars: Ahsoka (Hasbro Black Series). Luces y sonidos realistas. \u00a1Siente la Fuerza!","robots":{"index":"index","follow":"follow","max-snippet":"max-snippet:-1","max-image-preview":"max-image-preview:large","max-video-preview":"max-video-preview:-1"},"canonical":"https:\/\/endormoonstore.com\/en\/ezra-bridger-force-fx-elite-lightsaber-the-black-series-star-wars-ahsoka\/","og_locale":"en_US","og_type":"article","og_title":"Ezra Bridger Force FX Elite Lightsaber The Black Series Star Wars Ahsoka - EndormoonStore","og_description":"Compra el Ezra Bridger Force FX Elite Lightsaber de Star Wars: Ahsoka (Hasbro Black Series). Luces y sonidos realistas. \u00a1Siente la Fuerza!","og_url":"https:\/\/endormoonstore.com\/en\/ezra-bridger-force-fx-elite-lightsaber-the-black-series-star-wars-ahsoka\/","og_site_name":"EndormoonStore","og_image":[{"width":1580,"height":1580,"url":"https:\/\/endormoonstore.com\/wp-content\/uploads\/2025\/05\/Ezra-Bridger-Force-FX-Elite-Lightsaber-The-Black-Series-Star-Wars-Ahsoka-1.webp","type":"image\/webp"}],"twitter_card":"summary_large_image","twitter_misc":{"Est. reading time":"3 minutes"},"schema":{"@context":"https:\/\/schema.org","@graph":[{"@type":"WebPage","@id":"https:\/\/endormoonstore.com\/en\/ezra-bridger-force-fx-elite-lightsaber-the-black-series-star-wars-ahsoka\/","url":"https:\/\/endormoonstore.com\/en\/ezra-bridger-force-fx-elite-lightsaber-the-black-series-star-wars-ahsoka\/","name":"Ezra Bridger Force FX Elite Lightsaber The Black Series Star Wars Ahsoka - EndormoonStore","isPartOf":{"@id":"https:\/\/endormoonstore.com\/#website"},"primaryImageOfPage":{"@id":"https:\/\/endormoonstore.com\/en\/ezra-bridger-force-fx-elite-lightsaber-the-black-series-star-wars-ahsoka\/#primaryimage"},"image":{"@id":"https:\/\/endormoonstore.com\/en\/ezra-bridger-force-fx-elite-lightsaber-the-black-series-star-wars-ahsoka\/#primaryimage"},"thumbnailUrl":"https:\/\/endormoonstore.com\/wp-content\/uploads\/2025\/05\/Ezra-Bridger-Force-FX-Elite-Lightsaber-The-Black-Series-Star-Wars-Ahsoka-1.webp","datePublished":"2025-09-29T01:00:42+00:00","description":"Compra el Ezra Bridger Force FX Elite Lightsaber de Star Wars: Ahsoka (Hasbro Black Series). Luces y sonidos realistas. \u00a1Siente la Fuerza!","breadcrumb":{"@id":"https:\/\/endormoonstore.com\/en\/ezra-bridger-force-fx-elite-lightsaber-the-black-series-star-wars-ahsoka\/#breadcrumb"},"inLanguage":"en-US","potentialAction":[{"@type":"ReadAction","target":["https:\/\/endormoonstore.com\/en\/ezra-bridger-force-fx-elite-lightsaber-the-black-series-star-wars-ahsoka\/"]}]},{"@type":"ImageObject","inLanguage":"en-US","@id":"https:\/\/endormoonstore.com\/en\/ezra-bridger-force-fx-elite-lightsaber-the-black-series-star-wars-ahsoka\/#primaryimage","url":"https:\/\/endormoonstore.com\/wp-content\/uploads\/2025\/05\/Ezra-Bridger-Force-FX-Elite-Lightsaber-The-Black-Series-Star-Wars-Ahsoka-1.webp","contentUrl":"https:\/\/endormoonstore.com\/wp-content\/uploads\/2025\/05\/Ezra-Bridger-Force-FX-Elite-Lightsaber-The-Black-Series-Star-Wars-Ahsoka-1.webp","width":1580,"height":1580,"caption":"Lightsaber Force FX Elite de Ezra Bridger (Star Wars: Ahsoka). R\u00e9plica Hasbro Black Series."},{"@type":"BreadcrumbList","@id":"https:\/\/endormoonstore.com\/en\/ezra-bridger-force-fx-elite-lightsaber-the-black-series-star-wars-ahsoka\/#breadcrumb","itemListElement":[{"@type":"ListItem","position":1,"name":"Shop","item":"https:\/\/endormoonstore.com\/en\/shop\/"},{"@type":"ListItem","position":2,"name":"Ezra Bridger Force FX Elite Lightsaber The Black Series Star Wars Ahsoka"}]},{"@type":"WebSite","@id":"https:\/\/endormoonstore.com\/#website","url":"https:\/\/endormoonstore.com\/","name":"EndormoonStore","description":"","potentialAction":[{"@type":"SearchAction","target":{"@type":"EntryPoint","urlTemplate":"https:\/\/endormoonstore.com\/?s={search_term_string}"},"query-input":{"@type":"PropertyValueSpecification","valueRequired":true,"valueName":"search_term_string"}}],"inLanguage":"en-US"}]}},"taxonomy_info":{"product_cat":[{"value":13453,"label":"Featured"},{"value":1390,"label":"Figures"},{"value":13511,"label":"New Arrivals"}],"pa_brand":[{"value":2084,"label":"Hasbro"}],"pa_character":[{"value":13045,"label":"Ezra Bridger"}],"pa_episode":[{"value":13828,"label":"Star Wars: Ahsoka"}],"pa_license":[{"value":1644,"label":"Star Wars"}],"pa_product-type":[{"value":2558,"label":"Force FX Elite Lightsaber"}],"pa_theme":[{"value":2552,"label":"The Black Series"}]},"featured_image_src_large":["https:\/\/endormoonstore.com\/wp-content\/uploads\/2025\/05\/Ezra-Bridger-Force-FX-Elite-Lightsaber-The-Black-Series-Star-Wars-Ahsoka-1.webp",1580,1580,false],"author_info":[],"comment_info":"","_links":{"self":[{"href":"https:\/\/endormoonstore.com\/en\/wp-json\/wp\/v2\/product\/173626","targetHints":{"allow":["GET"]}}],"collection":[{"href":"https:\/\/endormoonstore.com\/en\/wp-json\/wp\/v2\/product"}],"about":[{"href":"https:\/\/endormoonstore.com\/en\/wp-json\/wp\/v2\/types\/product"}],"wp:featuredmedia":[{"embeddable":true,"href":"https:\/\/endormoonstore.com\/en\/wp-json\/wp\/v2\/media\/173609"}],"wp:attachment":[{"href":"https:\/\/endormoonstore.com\/en\/wp-json\/wp\/v2\/media?parent=173626"}],"wp:term":[{"taxonomy":"product_cat","embeddable":true,"href":"https:\/\/endormoonstore.com\/en\/wp-json\/wp\/v2\/product_cat?post=173626"},{"taxonomy":"product_tag","embeddable":true,"href":"https:\/\/endormoonstore.com\/en\/wp-json\/wp\/v2\/product_tag?post=173626"}],"curies":[{"name":"wp","href":"https:\/\/api.w.org\/{rel}","templated":true}]}}