{"id":173605,"date":"2025-04-30T03:50:23","date_gmt":"2025-04-30T01:50:23","guid":{"rendered":"https:\/\/endormoonstore.com\/deadpool-finger-guns-marvel-animated-style-statue\/"},"modified":"2025-05-05T23:42:23","modified_gmt":"2025-05-05T21:42:23","slug":"deadpool-finger-guns-marvel-animated-style-statue","status":"publish","type":"product","link":"https:\/\/endormoonstore.com\/en\/deadpool-finger-guns-marvel-animated-style-statue\/","title":{"rendered":"Deadpool (Finger Guns) Marvel Animated-Style Statue"},"content":{"rendered":"<h4 class=\"p1\"><strong>Deadpool (Finger Guns) Marvel Animated-Style Statue<\/strong><\/h4>\n<ul>\n<li data-sourcepos=\"7:1-7:448\">\u00a1Bang, bang! <strong><a href=\"https:\/\/endormoonstore.com\/personaje\/deadpool\/\">Deadpool<\/a><\/strong> Finger Guns desenfunda r\u00e1pidamente sus ic\u00f3nicas pistolas de doble dedo en esta nueva y din\u00e1mica estatua animada de Gentle Giant LTD. Espec\u00edficamente inspirada en la portada variante de Young Marvel de los c\u00f3mics de Marvel, esta figura de resina de aproximadamente 8.3 cm presenta, en primer lugar, un esculpido de alta precisi\u00f3n art\u00edstica. Adem\u00e1s, su pintura detallada captura fielmente el estilo caracter\u00edstico del personaje.<\/li>\n<li data-sourcepos=\"9:1-9:428\">Limitada a solo 3000 piezas a nivel mundial, cada estatua incluye, por supuesto, un certificado de autenticidad numerado. El talentoso Casen Barnard esculpi\u00f3 esta pieza \u00fanica. Presentada en una caja a todo color, esta estatua de Deadpool es, sin lugar a dudas, una adici\u00f3n imprescindible para cualquier coleccionista de Marvel y fan del Mercenario Bocazas. \u00a1A\u00f1ade esta pieza de edici\u00f3n limitada a tu colecci\u00f3n hoy mismo!<\/li>\n<\/ul>\n<h4><strong>Sobre Gentle Giant y Legends in 3-Dimensions<\/strong><\/h4>\n<ul>\n<li><a href=\"https:\/\/endormoonstore.com\/en\/home\/diamond-select-toys-2\/\"><strong>Gentle Giant<\/strong><\/a> surgi\u00f3 como un estudio de efectos especiales y animaci\u00f3n. Fundada por Randy Bowen y Karl Meyer, pronto destac\u00f3 por su talento art\u00edstico. La empresa expandi\u00f3 sus horizontes hacia la creaci\u00f3n de coleccionables de alta calidad. Inicialmente se centr\u00f3 en bustos y estatuas de personajes populares. Su dedicaci\u00f3n al detalle y la fidelidad a las licencias les vali\u00f3 reconocimiento. Con el tiempo, Diamond Select Toys adquiri\u00f3 Gentle Giant. Esta uni\u00f3n fortaleci\u00f3 su presencia en el mercado de coleccionables. Hoy en d\u00eda, Gentle Giant contin\u00faa produciendo piezas codiciadas por coleccionistas en todo el mundo.<\/li>\n<li>Sum\u00e9rgete en la vibrante colecci\u00f3n <strong><a href=\"https:\/\/endormoonstore.com\/tematica\/animated-style-statue\/\">Animated-Style Statu<\/a>e<\/strong> dde Gentle Giant, ahora parte del grupo Diamond Select Toy. As\u00ed, descubre el universo Marvel con figuras de resina adorables y din\u00e1micas, claramente inspiradas en el arte &#8220;Young Marvel&#8221; de Skottie Young. Con alturas entre 8 y 15 cm, cada pieza ofrece escultura detallada y pintura vibrante. \u00a1Sin duda, perfectas para coleccionistas que buscan un toque animado y lleno de personalidad en sus h\u00e9roes y villanos Marvel!<\/li>\n<\/ul>\n","protected":false},"excerpt":{"rendered":"<h4 class=\"p1\"><strong>Deadpool (Finger Guns) Marvel Animated-Style Statue<\/strong><\/h4>\n<p>\u00a1Bang, bang! <strong><a href=\"https:\/\/endormoonstore.com\/personaje\/deadpool\/\">Deadpool<\/a><\/strong> desenfunda r\u00e1pidamente sus ic\u00f3nicas pistolas de doble dedo en esta nueva y din\u00e1mica estatua animada de Gentle Giant LTD. Espec\u00edficamente inspirada en la portada variante de Young Marvel de los c\u00f3mics de Marvel, esta figura de resina de aproximadamente 8.3 cm presenta, en primer lugar, un esculpido de alta precisi\u00f3n art\u00edstica. Adem\u00e1s, su pintura detallada captura fielmente el estilo caracter\u00edstico del personaje.<\/p>\n","protected":false},"featured_media":173588,"template":"","meta":{"_acf_changed":false,"_kad_blocks_custom_css":"","_kad_blocks_head_custom_js":"","_kad_blocks_body_custom_js":"","_kad_blocks_footer_custom_js":""},"product_cat":[1384],"product_tag":[],"class_list":{"0":"post-173605","1":"product","2":"type-product","3":"status-publish","4":"has-post-thumbnail","6":"product_cat-pre-orders","7":"pa_brand-diamond-select-toys-en","8":"pa_character-deadpool-en","9":"pa_license-marvel-en","10":"pa_product-type-figure","11":"pa_theme-animated-style-statue-en","13":"first","14":"instock","15":"taxable","16":"shipping-taxable","17":"purchasable","18":"product-type-simple"},"acf":[],"yoast_head":"<!-- This site is optimized with the Yoast SEO plugin v26.1.1 - https:\/\/yoast.com\/wordpress\/plugins\/seo\/ -->\n<title>Deadpool (Finger Guns) Marvel Animated-Style Statue - EndormoonStore<\/title>\n<meta name=\"description\" content=\"Figura Deadpool Finger Guns Animated-Style Gentle Giant. Edici\u00f3n limitada (3000). Inspirada en Young Marvel. \u00a1Colecciona esta pieza \u00fanica!\" \/>\n<meta name=\"robots\" content=\"index, follow, max-snippet:-1, max-image-preview:large, max-video-preview:-1\" \/>\n<link rel=\"canonical\" href=\"https:\/\/endormoonstore.com\/deadpool-finger-guns-marvel-animated-style-statue\/\" \/>\n<meta property=\"og:locale\" content=\"en_US\" \/>\n<meta property=\"og:type\" content=\"article\" \/>\n<meta property=\"og:title\" content=\"Deadpool (Finger Guns) Marvel Animated-Style Statue - EndormoonStore\" \/>\n<meta property=\"og:description\" content=\"Figura Deadpool Finger Guns Animated-Style Gentle Giant. Edici\u00f3n limitada (3000). Inspirada en Young Marvel. \u00a1Colecciona esta pieza \u00fanica!\" \/>\n<meta property=\"og:url\" content=\"https:\/\/endormoonstore.com\/deadpool-finger-guns-marvel-animated-style-statue\/\" \/>\n<meta property=\"og:site_name\" content=\"EndormoonStore\" \/>\n<meta property=\"article:modified_time\" content=\"2025-05-05T21:42:23+00:00\" \/>\n<meta property=\"og:image\" content=\"https:\/\/endormoonstore.com\/wp-content\/uploads\/2025\/04\/Deadpool-Finger-Guns-Marvel-Animated-Style-Statue-1.webp\" \/>\n\t<meta property=\"og:image:width\" content=\"1280\" \/>\n\t<meta property=\"og:image:height\" content=\"1280\" \/>\n\t<meta property=\"og:image:type\" content=\"image\/webp\" \/>\n<meta name=\"twitter:card\" content=\"summary_large_image\" \/>\n<meta name=\"twitter:label1\" content=\"Est. reading time\" \/>\n\t<meta name=\"twitter:data1\" content=\"2 minutes\" \/>\n<script type=\"application\/ld+json\" class=\"yoast-schema-graph\">{\"@context\":\"https:\/\/schema.org\",\"@graph\":[{\"@type\":\"WebPage\",\"@id\":\"https:\/\/endormoonstore.com\/deadpool-finger-guns-marvel-animated-style-statue\/\",\"url\":\"https:\/\/endormoonstore.com\/deadpool-finger-guns-marvel-animated-style-statue\/\",\"name\":\"Deadpool (Finger Guns) Marvel Animated-Style Statue - EndormoonStore\",\"isPartOf\":{\"@id\":\"https:\/\/endormoonstore.com\/#website\"},\"primaryImageOfPage\":{\"@id\":\"https:\/\/endormoonstore.com\/deadpool-finger-guns-marvel-animated-style-statue\/#primaryimage\"},\"image\":{\"@id\":\"https:\/\/endormoonstore.com\/deadpool-finger-guns-marvel-animated-style-statue\/#primaryimage\"},\"thumbnailUrl\":\"https:\/\/endormoonstore.com\/wp-content\/uploads\/2025\/04\/Deadpool-Finger-Guns-Marvel-Animated-Style-Statue-1.webp\",\"datePublished\":\"2025-04-30T01:50:23+00:00\",\"dateModified\":\"2025-05-05T21:42:23+00:00\",\"description\":\"Figura Deadpool Finger Guns Animated-Style Gentle Giant. Edici\u00f3n limitada (3000). Inspirada en Young Marvel. \u00a1Colecciona esta pieza \u00fanica!\",\"breadcrumb\":{\"@id\":\"https:\/\/endormoonstore.com\/deadpool-finger-guns-marvel-animated-style-statue\/#breadcrumb\"},\"inLanguage\":\"en-US\",\"potentialAction\":[{\"@type\":\"ReadAction\",\"target\":[\"https:\/\/endormoonstore.com\/deadpool-finger-guns-marvel-animated-style-statue\/\"]}]},{\"@type\":\"ImageObject\",\"inLanguage\":\"en-US\",\"@id\":\"https:\/\/endormoonstore.com\/deadpool-finger-guns-marvel-animated-style-statue\/#primaryimage\",\"url\":\"https:\/\/endormoonstore.com\/wp-content\/uploads\/2025\/04\/Deadpool-Finger-Guns-Marvel-Animated-Style-Statue-1.webp\",\"contentUrl\":\"https:\/\/endormoonstore.com\/wp-content\/uploads\/2025\/04\/Deadpool-Finger-Guns-Marvel-Animated-Style-Statue-1.webp\",\"width\":1280,\"height\":1280,\"caption\":\"Estatua Deadpool con pistolas de doble dedo, estilo animado de Gentle Giant. Edici\u00f3n limitada.\"},{\"@type\":\"BreadcrumbList\",\"@id\":\"https:\/\/endormoonstore.com\/deadpool-finger-guns-marvel-animated-style-statue\/#breadcrumb\",\"itemListElement\":[{\"@type\":\"ListItem\",\"position\":1,\"name\":\"Shop\",\"item\":\"https:\/\/endormoonstore.com\/en\/shop\/\"},{\"@type\":\"ListItem\",\"position\":2,\"name\":\"Deadpool (Finger Guns) Marvel Animated-Style Statue\"}]},{\"@type\":\"WebSite\",\"@id\":\"https:\/\/endormoonstore.com\/#website\",\"url\":\"https:\/\/endormoonstore.com\/\",\"name\":\"EndormoonStore\",\"description\":\"\",\"potentialAction\":[{\"@type\":\"SearchAction\",\"target\":{\"@type\":\"EntryPoint\",\"urlTemplate\":\"https:\/\/endormoonstore.com\/?s={search_term_string}\"},\"query-input\":{\"@type\":\"PropertyValueSpecification\",\"valueRequired\":true,\"valueName\":\"search_term_string\"}}],\"inLanguage\":\"en-US\"}]}<\/script>\n<!-- \/ Yoast SEO plugin. -->","yoast_head_json":{"title":"Deadpool (Finger Guns) Marvel Animated-Style Statue - EndormoonStore","description":"Figura Deadpool Finger Guns Animated-Style Gentle Giant. Edici\u00f3n limitada (3000). Inspirada en Young Marvel. \u00a1Colecciona esta pieza \u00fanica!","robots":{"index":"index","follow":"follow","max-snippet":"max-snippet:-1","max-image-preview":"max-image-preview:large","max-video-preview":"max-video-preview:-1"},"canonical":"https:\/\/endormoonstore.com\/deadpool-finger-guns-marvel-animated-style-statue\/","og_locale":"en_US","og_type":"article","og_title":"Deadpool (Finger Guns) Marvel Animated-Style Statue - EndormoonStore","og_description":"Figura Deadpool Finger Guns Animated-Style Gentle Giant. Edici\u00f3n limitada (3000). Inspirada en Young Marvel. \u00a1Colecciona esta pieza \u00fanica!","og_url":"https:\/\/endormoonstore.com\/deadpool-finger-guns-marvel-animated-style-statue\/","og_site_name":"EndormoonStore","article_modified_time":"2025-05-05T21:42:23+00:00","og_image":[{"width":1280,"height":1280,"url":"https:\/\/endormoonstore.com\/wp-content\/uploads\/2025\/04\/Deadpool-Finger-Guns-Marvel-Animated-Style-Statue-1.webp","type":"image\/webp"}],"twitter_card":"summary_large_image","twitter_misc":{"Est. reading time":"2 minutes"},"schema":{"@context":"https:\/\/schema.org","@graph":[{"@type":"WebPage","@id":"https:\/\/endormoonstore.com\/deadpool-finger-guns-marvel-animated-style-statue\/","url":"https:\/\/endormoonstore.com\/deadpool-finger-guns-marvel-animated-style-statue\/","name":"Deadpool (Finger Guns) Marvel Animated-Style Statue - EndormoonStore","isPartOf":{"@id":"https:\/\/endormoonstore.com\/#website"},"primaryImageOfPage":{"@id":"https:\/\/endormoonstore.com\/deadpool-finger-guns-marvel-animated-style-statue\/#primaryimage"},"image":{"@id":"https:\/\/endormoonstore.com\/deadpool-finger-guns-marvel-animated-style-statue\/#primaryimage"},"thumbnailUrl":"https:\/\/endormoonstore.com\/wp-content\/uploads\/2025\/04\/Deadpool-Finger-Guns-Marvel-Animated-Style-Statue-1.webp","datePublished":"2025-04-30T01:50:23+00:00","dateModified":"2025-05-05T21:42:23+00:00","description":"Figura Deadpool Finger Guns Animated-Style Gentle Giant. Edici\u00f3n limitada (3000). Inspirada en Young Marvel. \u00a1Colecciona esta pieza \u00fanica!","breadcrumb":{"@id":"https:\/\/endormoonstore.com\/deadpool-finger-guns-marvel-animated-style-statue\/#breadcrumb"},"inLanguage":"en-US","potentialAction":[{"@type":"ReadAction","target":["https:\/\/endormoonstore.com\/deadpool-finger-guns-marvel-animated-style-statue\/"]}]},{"@type":"ImageObject","inLanguage":"en-US","@id":"https:\/\/endormoonstore.com\/deadpool-finger-guns-marvel-animated-style-statue\/#primaryimage","url":"https:\/\/endormoonstore.com\/wp-content\/uploads\/2025\/04\/Deadpool-Finger-Guns-Marvel-Animated-Style-Statue-1.webp","contentUrl":"https:\/\/endormoonstore.com\/wp-content\/uploads\/2025\/04\/Deadpool-Finger-Guns-Marvel-Animated-Style-Statue-1.webp","width":1280,"height":1280,"caption":"Estatua Deadpool con pistolas de doble dedo, estilo animado de Gentle Giant. Edici\u00f3n limitada."},{"@type":"BreadcrumbList","@id":"https:\/\/endormoonstore.com\/deadpool-finger-guns-marvel-animated-style-statue\/#breadcrumb","itemListElement":[{"@type":"ListItem","position":1,"name":"Shop","item":"https:\/\/endormoonstore.com\/en\/shop\/"},{"@type":"ListItem","position":2,"name":"Deadpool (Finger Guns) Marvel Animated-Style Statue"}]},{"@type":"WebSite","@id":"https:\/\/endormoonstore.com\/#website","url":"https:\/\/endormoonstore.com\/","name":"EndormoonStore","description":"","potentialAction":[{"@type":"SearchAction","target":{"@type":"EntryPoint","urlTemplate":"https:\/\/endormoonstore.com\/?s={search_term_string}"},"query-input":{"@type":"PropertyValueSpecification","valueRequired":true,"valueName":"search_term_string"}}],"inLanguage":"en-US"}]}},"taxonomy_info":{"product_cat":[{"value":1384,"label":"Pre-orders"}],"pa_brand":[{"value":1632,"label":"Diamond Select Toys"}],"pa_character":[{"value":6071,"label":"Deadpool"}],"pa_license":[{"value":1642,"label":"Marvel"}],"pa_product-type":[{"value":2387,"label":"Figure"}],"pa_theme":[{"value":15527,"label":"Animated-Style Statue"}]},"featured_image_src_large":["https:\/\/endormoonstore.com\/wp-content\/uploads\/2025\/04\/Deadpool-Finger-Guns-Marvel-Animated-Style-Statue-1.webp",1280,1280,false],"author_info":[],"comment_info":"","_links":{"self":[{"href":"https:\/\/endormoonstore.com\/en\/wp-json\/wp\/v2\/product\/173605","targetHints":{"allow":["GET"]}}],"collection":[{"href":"https:\/\/endormoonstore.com\/en\/wp-json\/wp\/v2\/product"}],"about":[{"href":"https:\/\/endormoonstore.com\/en\/wp-json\/wp\/v2\/types\/product"}],"wp:featuredmedia":[{"embeddable":true,"href":"https:\/\/endormoonstore.com\/en\/wp-json\/wp\/v2\/media\/173588"}],"wp:attachment":[{"href":"https:\/\/endormoonstore.com\/en\/wp-json\/wp\/v2\/media?parent=173605"}],"wp:term":[{"taxonomy":"product_cat","embeddable":true,"href":"https:\/\/endormoonstore.com\/en\/wp-json\/wp\/v2\/product_cat?post=173605"},{"taxonomy":"product_tag","embeddable":true,"href":"https:\/\/endormoonstore.com\/en\/wp-json\/wp\/v2\/product_tag?post=173605"}],"curies":[{"name":"wp","href":"https:\/\/api.w.org\/{rel}","templated":true}]}}